{"id":12602,"date":"2015-08-04T11:12:03","date_gmt":"2015-08-04T11:12:03","guid":{"rendered":"http:\/\/piris.com\/ca\/sectores\/"},"modified":"2021-08-12T16:16:09","modified_gmt":"2021-08-12T14:16:09","slug":"sectors","status":"publish","type":"page","link":"https:\/\/www.piris.com\/ca\/sectors","title":{"rendered":"Sectors"},"content":{"rendered":"<div class=\"wpb-content-wrapper\"><p>[vc_row css=&#8221;.vc_custom_1441269644033{margin-bottom: 20px !important;}&#8221;][vc_column width=&#8221;1\/4&#8243;][\/vc_column][vc_column width=&#8221;1\/4&#8243;][\/vc_column][vc_column width=&#8221;1\/4&#8243;][\/vc_column][vc_column width=&#8221;1\/4&#8243;]<style type=\"text\/css\" data-type=\"the7_shortcodes-inline-css\">#default-btn-d2216e6d6e4c0d72c25dc27276af3ba9 {\n  border-radius: 200px;\n  font-size: 14px;\n  line-height: 16px;\n}\n.btn-shadow#default-btn-d2216e6d6e4c0d72c25dc27276af3ba9 {\n  box-shadow: 0 1px 6px rgba(0,0,0,0.12);\n  transition: box-shadow 0.2s ease-out, opacity 0.45s;\n}\n.btn-shadow#default-btn-d2216e6d6e4c0d72c25dc27276af3ba9:hover {\n  box-shadow: 0 5px 11px 0 rgba(0,0,0,0.18), 0 4px 15px 0 rgba(0,0,0,0.15);\n}\n.btn-flat#default-btn-d2216e6d6e4c0d72c25dc27276af3ba9 {\n  box-shadow: none;\n}\n.btn-flat#default-btn-d2216e6d6e4c0d72c25dc27276af3ba9:hover {\n  box-shadow: none;\n}\n#default-btn-d2216e6d6e4c0d72c25dc27276af3ba9.ico-right-side > i {\n  margin-right: 0px;\n  margin-left: 8px;\n}\n#default-btn-d2216e6d6e4c0d72c25dc27276af3ba9 > i {\n  margin-right: 8px;\n  font-size: 12px;\n}\n#default-btn-d2216e6d6e4c0d72c25dc27276af3ba9:not(:hover) {\n  border-width: 0px;\n  padding: 12px 18px 12px 18px;\n}\n#default-btn-d2216e6d6e4c0d72c25dc27276af3ba9:hover {\n  border-width: 0px;\n  padding: 12px 18px 12px 18px;\n}\n#default-btn-d2216e6d6e4c0d72c25dc27276af3ba9.ico-right-side > i {\n  margin-right: 0px;\n  margin-left: 8px;\n}\n#default-btn-d2216e6d6e4c0d72c25dc27276af3ba9 > i {\n  margin-right: 8px;\n}\n<\/style><div class=\"btn-align-right\"><a href=\"https:\/\/www.piris.com\/ca\/cataleg-de-productes\" class=\"default-btn-shortcode dt-btn link-hover-off btn-flat \" id=\"default-btn-d2216e6d6e4c0d72c25dc27276af3ba9\" title=\"Cat\u00e0leg de productes\"><span>Veure cat\u00e0leg de productes<\/span><\/a><\/div>[\/vc_column][\/vc_row][vc_row content_placement=&#8221;middle&#8221; el_id=&#8221;ambito&#8221; el_class=&#8221;ambito&#8221;][vc_column][vc_row_inner][vc_column_inner el_class=&#8221;borde-ambito&#8221; width=&#8221;1\/4&#8243;][vc_single_image image=&#8221;11138&#8243; img_size=&#8221;278 x 178&#8243; onclick=&#8221;custom_link&#8221; target=&#8221;_blank&#8221; link=&#8221;\/maquinaria-hosteleria\/&#8221;][vc_column_text css=&#8221;.vc_custom_1628763608457{margin-top: -30px !important;}&#8221;]<\/p>\n<div class=\"sectores\">\n<h3>Maquin\u00e0ria hostaleria<\/h3>\n<p><a href=\"\/maquinaria-hosteleria\/\" target=\"_blank\" rel=\"noopener\">Veure categories de productes<\/a><\/div>\n<p>[\/vc_column_text][\/vc_column_inner][vc_column_inner el_class=&#8221;borde-ambito&#8221; width=&#8221;1\/4&#8243;][vc_single_image image=&#8221;11147&#8243; img_size=&#8221;278 x 178&#8243; onclick=&#8221;custom_link&#8221; target=&#8221;_blank&#8221; link=&#8221;\/refrigeracion-industrial\/&#8221;][vc_column_text css=&#8221;.vc_custom_1628763608457{margin-top: -30px !important;}&#8221;]<\/p>\n<div class=\"sectores\">\n<h3>Refrigeraci\u00f3 industrial<\/h3>\n<p><a href=\"\/refrigeracion-industrial\/\" target=\"_blank\" rel=\"noopener\">Veure categories de productes<\/a><\/div>\n<p>[\/vc_column_text][\/vc_column_inner][vc_column_inner el_class=&#8221;borde-ambito&#8221; width=&#8221;1\/4&#8243;][vc_single_image image=&#8221;11141&#8243; img_size=&#8221;278 x 178&#8243; onclick=&#8221;custom_link&#8221; target=&#8221;_blank&#8221; link=&#8221;\/maquinaria-industrial\/&#8221;][vc_column_text css=&#8221;.vc_custom_1628763608457{margin-top: -30px !important;}&#8221;]<\/p>\n<div class=\"sectores\">\n<h3>Maquin\u00e0ria industrial<\/h3>\n<p><a href=\"\/maquinaria-industrial\/\" target=\"_blank\" rel=\"noopener\">Veure categories de productes<\/a><\/div>\n<p>[\/vc_column_text][\/vc_column_inner][vc_column_inner el_class=&#8221;borde-ambito&#8221; width=&#8221;1\/4&#8243;][vc_single_image image=&#8221;11144&#8243; img_size=&#8221;278 x 178&#8243; onclick=&#8221;custom_link&#8221; target=&#8221;_blank&#8221; link=&#8221;\/montadores-pcb\/&#8221;][vc_column_text css=&#8221;.vc_custom_1628763608457{margin-top: -30px !important;}&#8221;]<\/p>\n<div class=\"sectores\">\n<h3>Montadors PCB<\/h3>\n<p><a href=\"\/montadores-pcb\/\" target=\"_blank\" rel=\"noopener\">Veure categories de productes<\/a><\/div>\n<p>[\/vc_column_text][\/vc_column_inner][\/vc_row_inner][vc_row_inner type=&#8221;boxed&#8221;][vc_column_inner el_class=&#8221;borde-ambito&#8221; width=&#8221;1\/4&#8243;][vc_single_image image=&#8221;11120&#8243; img_size=&#8221;278 x 178&#8243; onclick=&#8221;custom_link&#8221; target=&#8221;_blank&#8221; link=&#8221;\/electrodomesticos\/&#8221;][vc_column_text css=&#8221;.vc_custom_1628763608457{margin-top: -30px !important;}&#8221;]<\/p>\n<div class=\"sectores\">\n<h3>Electrodom\u00e8stics<\/h3>\n<p><a href=\"\/electrodomesticos\/\" target=\"_blank\" rel=\"noopener\">Veure categories de productes<\/a><\/div>\n<p>[\/vc_column_text][\/vc_column_inner][vc_column_inner el_class=&#8221;borde-ambito&#8221; width=&#8221;1\/4&#8243;][vc_single_image image=&#8221;11114&#8243; img_size=&#8221;278 x 178&#8243; onclick=&#8221;custom_link&#8221; target=&#8221;_blank&#8221; link=&#8221;\/cableadores\/&#8221;][vc_column_text css=&#8221;.vc_custom_1628763608457{margin-top: -30px !important;}&#8221;]<\/p>\n<div class=\"sectores\">\n<h3>Cablejadors<\/h3>\n<p><a href=\"\/cableadores\/\" target=\"_blank\" rel=\"noopener\">Veure categories de productes<\/a><\/div>\n<p>[\/vc_column_text][\/vc_column_inner][vc_column_inner width=&#8221;1\/4&#8243;][vc_single_image image=&#8221;11117&#8243; img_size=&#8221;278 x 178&#8243; onclick=&#8221;custom_link&#8221; target=&#8221;_blank&#8221; link=&#8221;\/calefaccion\/&#8221;][vc_column_text css=&#8221;.vc_custom_1628763608457{margin-top: -30px !important;}&#8221;]<\/p>\n<div class=\"sectores\">\n<h3>Calefacci\u00f3<\/h3>\n<p><a href=\"\/calefaccion\/\" target=\"_blank\" rel=\"noopener\">Veure categories de productes<\/a><\/div>\n<p>[\/vc_column_text][\/vc_column_inner][vc_column_inner el_class=&#8221;borde-ambito&#8221; width=&#8221;1\/4&#8243;][vc_single_image image=&#8221;11123&#8243; img_size=&#8221;278 x 178&#8243; onclick=&#8221;custom_link&#8221; link=&#8221;\/electromedicina\/&#8221;][vc_column_text css=&#8221;.vc_custom_1628763608457{margin-top: -30px !important;}&#8221;]<\/p>\n<div class=\"sectores\">\n<h3>Electromedicina<\/h3>\n<p><a href=\"\/electromedicina\/\" target=\"_blank\" rel=\"noopener\">Veure categories de productes<\/a><\/div>\n<p>[\/vc_column_text][\/vc_column_inner][\/vc_row_inner][vc_row_inner][vc_column_inner el_class=&#8221;borde-ambito&#8221; width=&#8221;1\/4&#8243;][vc_single_image image=&#8221;11135&#8243; img_size=&#8221;278 x 178&#8243; onclick=&#8221;custom_link&#8221; target=&#8221;_blank&#8221; link=&#8221;\/mantenimiento-instalaciones\/&#8221;][vc_column_text css=&#8221;.vc_custom_1628763608457{margin-top: -30px !important;}&#8221;]<\/p>\n<div class=\"sectores\">\n<h3>Manteniment d&#8217;instal\u00b7lacions<\/h3>\n<p><a href=\"\/mantenimiento-instalaciones\/\" target=\"_blank\" rel=\"noopener\">Veure categories de productes<\/a><\/div>\n<p>[\/vc_column_text][\/vc_column_inner][vc_column_inner el_class=&#8221;borde-ambito&#8221; width=&#8221;1\/4&#8243;][vc_single_image image=&#8221;11126&#8243; img_size=&#8221;278 x 178&#8243; onclick=&#8221;custom_link&#8221; target=&#8221;_blank&#8221; link=&#8221;\/energias-renovables\/&#8221;][vc_column_text css=&#8221;.vc_custom_1628763608457{margin-top: -30px !important;}&#8221;]<\/p>\n<div class=\"sectores\">\n<h3>Energies renovables<\/h3>\n<p><a href=\"\/energias-renovables\/\" target=\"_blank\" rel=\"noopener\">Veure categories de productes<\/a><\/div>\n<p>[\/vc_column_text][\/vc_column_inner][vc_column_inner el_class=&#8221;borde-ambito&#8221; width=&#8221;1\/4&#8243;][vc_single_image image=&#8221;11129&#8243; img_size=&#8221;278 x 178&#8243; onclick=&#8221;custom_link&#8221; target=&#8221;_blank&#8221; link=&#8221;\/hidromasaje\/&#8221;][vc_column_text css=&#8221;.vc_custom_1628763608457{margin-top: -30px !important;}&#8221;]<\/p>\n<div class=\"sectores\">\n<h3>Hidromassatge<\/h3>\n<p><a href=\"\/hidromasaje\/\" target=\"_blank\" rel=\"noopener\">Veure categories de productes<\/a><\/div>\n<p>[\/vc_column_text][\/vc_column_inner][vc_column_inner el_class=&#8221;borde-ambito&#8221; width=&#8221;1\/4&#8243;][vc_single_image image=&#8221;11132&#8243; img_size=&#8221;278 x 178&#8243; onclick=&#8221;custom_link&#8221; target=&#8221;_blank&#8221; link=&#8221;\/iluminacion\/&#8221;][vc_column_text css=&#8221;.vc_custom_1628763608457{margin-top: -30px !important;}&#8221;]<\/p>\n<div class=\"sectores\">\n<h3>Il\u00b7luminaci\u00f3<\/h3>\n<p><a href=\"\/iluminacion\/\" target=\"_blank\" rel=\"noopener\">Veure categories de productes<\/a><\/div>\n<p>[\/vc_column_text][\/vc_column_inner][\/vc_row_inner][\/vc_column][\/vc_row][vc_row disable_element=&#8221;yes&#8221; css=&#8221;.vc_custom_1628777559880{margin-bottom: 20px !important;}&#8221;][vc_column width=&#8221;1\/4&#8243;][vc_column_text]<br \/>\n[\/vc_column_text][\/vc_column][vc_column width=&#8221;1\/4&#8243;][\/vc_column][vc_column width=&#8221;1\/4&#8243;][\/vc_column][vc_column width=&#8221;1\/4&#8243;][vc_column_text][button color=&#8221;color&#8221; from_vs=&#8221;yes&#8221; url=&#8221;url:http%3A%2F%2Fwww.piris.com%2Fca%2Fcataleg-de-productes|title:Veure%20cat%C3%A0leg%20de%20productes|target:%20_blank&#8221;][\/vc_column_text][\/vc_column][\/vc_row][vc_row content_placement=&#8221;middle&#8221; disable_element=&#8221;yes&#8221; el_id=&#8221;ambito&#8221; el_class=&#8221;ambito&#8221;][vc_column][vc_row_inner][vc_column_inner el_class=&#8221;borde-ambito&#8221; width=&#8221;1\/4&#8243;][vc_image_caption_box title=&#8221;Maquin\u00e0ria hostaleria&#8221; subtitle=&#8221;Veure categories de productes&#8221; target=&#8221;_blank&#8221; image=&#8221;11136&#8243; url=&#8221;\/maquinaria-hosteleria\/&#8221;][\/vc_column_inner][vc_column_inner el_class=&#8221;borde-ambito&#8221; width=&#8221;1\/4&#8243;][vc_image_caption_box title=&#8221;Refrigeraci\u00f3 industrial&#8221; subtitle=&#8221;Veure categories de productes&#8221; target=&#8221;_blank&#8221; image=&#8221;11145&#8243; url=&#8221;\/refrigeracion-industrial\/&#8221;][\/vc_column_inner][vc_column_inner el_class=&#8221;borde-ambito&#8221; width=&#8221;1\/4&#8243;][vc_image_caption_box title=&#8221;Maquin\u00e0ria industrial&#8221; subtitle=&#8221;Veure categories de productes&#8221; target=&#8221;_blank&#8221; image=&#8221;11139&#8243; url=&#8221;\/maquinaria-industrial\/&#8221;][\/vc_column_inner][vc_column_inner el_class=&#8221;borde-ambito&#8221; width=&#8221;1\/4&#8243;][vc_image_caption_box title=&#8221;Montadors PCB&#8221; subtitle=&#8221;Veure categories de productes&#8221; target=&#8221;_blank&#8221; image=&#8221;11142&#8243; url=&#8221;\/montadores-pcb\/&#8221;][\/vc_column_inner][\/vc_row_inner][vc_row_inner type=&#8221;boxed&#8221;][vc_column_inner el_class=&#8221;borde-ambito&#8221; width=&#8221;1\/4&#8243;][vc_image_caption_box title=&#8221;Electrodom\u00e8stics&#8221; subtitle=&#8221;Veure categories de productes&#8221; target=&#8221;_blank&#8221; image=&#8221;11118&#8243; url=&#8221;\/electrodomesticos\/&#8221;][\/vc_column_inner][vc_column_inner el_class=&#8221;borde-ambito&#8221; width=&#8221;1\/4&#8243;][vc_image_caption_box title=&#8221;Cablejadors&#8221; subtitle=&#8221;Veure categories de productes&#8221; target=&#8221;_blank&#8221; image=&#8221;11112&#8243; url=&#8221;\/cableadores\/&#8221;][\/vc_column_inner][vc_column_inner width=&#8221;1\/4&#8243;][vc_image_caption_box title=&#8221;Calefacci\u00f3&#8221; subtitle=&#8221;Veure categories de productes&#8221; target=&#8221;_blank&#8221; image=&#8221;11115&#8243; url=&#8221;\/calefaccion\/&#8221;][\/vc_column_inner][vc_column_inner el_class=&#8221;borde-ambito&#8221; width=&#8221;1\/4&#8243;][vc_image_caption_box title=&#8221;Electromedicina&#8221; subtitle=&#8221;Veure categories de productes&#8221; target=&#8221;_blank&#8221; image=&#8221;11121&#8243; url=&#8221;\/electromedicina\/&#8221;][\/vc_column_inner][\/vc_row_inner][vc_row_inner][vc_column_inner el_class=&#8221;borde-ambito&#8221; width=&#8221;1\/4&#8243;][vc_image_caption_box title=&#8221;Manteniment d&#8217;instal\u00b7lacions&#8221; subtitle=&#8221;Veure categories de productes&#8221; target=&#8221;_blank&#8221; image=&#8221;11133&#8243; url=&#8221;\/mantenimiento-instalaciones\/&#8221;][\/vc_column_inner][vc_column_inner el_class=&#8221;borde-ambito&#8221; width=&#8221;1\/4&#8243;][vc_image_caption_box title=&#8221;Energies renovables&#8221; subtitle=&#8221;Veure categories de productes&#8221; target=&#8221;_blank&#8221; image=&#8221;11124&#8243; url=&#8221;\/energias-renovables\/&#8221;][\/vc_column_inner][vc_column_inner el_class=&#8221;borde-ambito&#8221; width=&#8221;1\/4&#8243;][vc_image_caption_box title=&#8221;Hidromassatge&#8221; subtitle=&#8221;Veure categories de productes&#8221; target=&#8221;_blank&#8221; image=&#8221;11127&#8243; url=&#8221;\/hidromasaje\/&#8221;][\/vc_column_inner][vc_column_inner el_class=&#8221;borde-ambito&#8221; width=&#8221;1\/4&#8243;][vc_image_caption_box title=&#8221;Il\u00b7luminaci\u00f3&#8221; subtitle=&#8221;Veure categories de productes&#8221; target=&#8221;_blank&#8221; image=&#8221;11130&#8243; url=&#8221;\/iluminacion\/&#8221;][\/vc_column_inner][\/vc_row_inner][\/vc_column][\/vc_row]<\/p>\n<\/div>","protected":false},"excerpt":{"rendered":"<p>[vc_row css=&#8221;.vc_custom_1441269644033{margin-bottom: 20px !important;}&#8221;][vc_column width=&#8221;1\/4&#8243;][\/vc_column][vc_column width=&#8221;1\/4&#8243;][\/vc_column][vc_column width=&#8221;1\/4&#8243;][\/vc_column][vc_column width=&#8221;1\/4&#8243;][\/vc_column][\/vc_row][vc_row content_placement=&#8221;middle&#8221; el_id=&#8221;ambito&#8221; el_class=&#8221;ambito&#8221;][vc_column][vc_row_inner][vc_column_inner el_class=&#8221;borde-ambito&#8221; width=&#8221;1\/4&#8243;][vc_single_image image=&#8221;11138&#8243; img_size=&#8221;278 x 178&#8243; onclick=&#8221;custom_link&#8221; target=&#8221;_blank&#8221; link=&#8221;\/maquinaria-hosteleria\/&#8221;][vc_column_text css=&#8221;.vc_custom_1628763608457{margin-top: -30px !important;}&#8221;] Maquin\u00e0ria hostaleria Veure categories de productes [\/vc_column_text][\/vc_column_inner][vc_column_inner el_class=&#8221;borde-ambito&#8221; width=&#8221;1\/4&#8243;][vc_single_image image=&#8221;11147&#8243; img_size=&#8221;278 x 178&#8243; onclick=&#8221;custom_link&#8221; target=&#8221;_blank&#8221; link=&#8221;\/refrigeracion-industrial\/&#8221;][vc_column_text css=&#8221;.vc_custom_1628763608457{margin-top: -30px !important;}&#8221;] Refrigeraci\u00f3 industrial Veure categories de productes [\/vc_column_text][\/vc_column_inner][vc_column_inner el_class=&#8221;borde-ambito&#8221; width=&#8221;1\/4&#8243;][vc_single_image image=&#8221;11141&#8243; img_size=&#8221;278 x 178&#8243;&hellip;<\/p>\n","protected":false},"author":6,"featured_media":0,"parent":0,"menu_order":0,"comment_status":"closed","ping_status":"closed","template":"","meta":{"footnotes":""},"yoast_head":"<!-- This site is optimized with the Yoast SEO plugin v23.0 - https:\/\/yoast.com\/wordpress\/plugins\/seo\/ -->\n<title>Sectors | Piris<\/title>\n<meta name=\"robots\" content=\"index, follow, max-snippet:-1, max-image-preview:large, max-video-preview:-1\" \/>\n<link rel=\"canonical\" href=\"https:\/\/www.piris.com\/sectores\" \/>\n<meta property=\"og:locale\" content=\"ca_ES\" \/>\n<meta property=\"og:type\" content=\"article\" \/>\n<meta property=\"og:title\" content=\"Sectors | Piris\" \/>\n<meta property=\"og:description\" content=\"[vc_row css=&#8221;.vc_custom_1441269644033{margin-bottom: 20px !important;}&#8221;][vc_column width=&#8221;1\/4&#8243;][\/vc_column][vc_column width=&#8221;1\/4&#8243;][\/vc_column][vc_column width=&#8221;1\/4&#8243;][\/vc_column][vc_column width=&#8221;1\/4&#8243;][\/vc_column][\/vc_row][vc_row content_placement=&#8221;middle&#8221; el_id=&#8221;ambito&#8221; el_class=&#8221;ambito&#8221;][vc_column][vc_row_inner][vc_column_inner el_class=&#8221;borde-ambito&#8221; width=&#8221;1\/4&#8243;][vc_single_image image=&#8221;11138&#8243; img_size=&#8221;278 x 178&#8243; onclick=&#8221;custom_link&#8221; target=&#8221;_blank&#8221; link=&#8221;\/maquinaria-hosteleria\/&#8221;][vc_column_text css=&#8221;.vc_custom_1628763608457{margin-top: -30px !important;}&#8221;] Maquin\u00e0ria hostaleria Veure categories de productes [\/vc_column_text][\/vc_column_inner][vc_column_inner el_class=&#8221;borde-ambito&#8221; width=&#8221;1\/4&#8243;][vc_single_image image=&#8221;11147&#8243; img_size=&#8221;278 x 178&#8243; onclick=&#8221;custom_link&#8221; target=&#8221;_blank&#8221; link=&#8221;\/refrigeracion-industrial\/&#8221;][vc_column_text css=&#8221;.vc_custom_1628763608457{margin-top: -30px !important;}&#8221;] Refrigeraci\u00f3 industrial Veure categories de productes [\/vc_column_text][\/vc_column_inner][vc_column_inner el_class=&#8221;borde-ambito&#8221; width=&#8221;1\/4&#8243;][vc_single_image image=&#8221;11141&#8243; img_size=&#8221;278 x 178&#8243;&hellip;\" \/>\n<meta property=\"og:url\" content=\"https:\/\/www.piris.com\/sectores\" \/>\n<meta property=\"og:site_name\" content=\"Piris\" \/>\n<meta property=\"article:modified_time\" content=\"2021-08-12T14:16:09+00:00\" \/>\n<meta property=\"og:image\" content=\"https:\/\/www.piris.com\/wp-content\/uploads\/piris-social.jpg\" \/>\n\t<meta property=\"og:image:width\" content=\"200\" \/>\n\t<meta property=\"og:image:height\" content=\"200\" \/>\n\t<meta property=\"og:image:type\" content=\"image\/jpeg\" \/>\n<meta name=\"twitter:card\" content=\"summary_large_image\" \/>\n<meta name=\"twitter:label1\" content=\"Temps estimat de lectura\" \/>\n\t<meta name=\"twitter:data1\" content=\"2 minuts\" \/>\n<script type=\"application\/ld+json\" class=\"yoast-schema-graph\">{\"@context\":\"https:\/\/schema.org\",\"@graph\":[{\"@type\":\"WebPage\",\"@id\":\"https:\/\/www.piris.com\/sectores\",\"url\":\"https:\/\/www.piris.com\/sectores\",\"name\":\"Sectors | Piris\",\"isPartOf\":{\"@id\":\"https:\/\/www.piris.com\/#website\"},\"datePublished\":\"2015-08-04T11:12:03+00:00\",\"dateModified\":\"2021-08-12T14:16:09+00:00\",\"breadcrumb\":{\"@id\":\"https:\/\/www.piris.com\/sectores#breadcrumb\"},\"inLanguage\":\"ca\",\"potentialAction\":[{\"@type\":\"ReadAction\",\"target\":[\"https:\/\/www.piris.com\/sectores\"]}]},{\"@type\":\"BreadcrumbList\",\"@id\":\"https:\/\/www.piris.com\/sectores#breadcrumb\",\"itemListElement\":[{\"@type\":\"ListItem\",\"position\":1,\"name\":\"Portada\",\"item\":\"https:\/\/www.piris.com\/ca\"},{\"@type\":\"ListItem\",\"position\":2,\"name\":\"Sectors\"}]},{\"@type\":\"WebSite\",\"@id\":\"https:\/\/www.piris.com\/#website\",\"url\":\"https:\/\/www.piris.com\/\",\"name\":\"Piris\",\"description\":\"Components el\u00e8ctrics, mec\u00e0nics i electr\u00f2nics\",\"publisher\":{\"@id\":\"https:\/\/www.piris.com\/#organization\"},\"potentialAction\":[{\"@type\":\"SearchAction\",\"target\":{\"@type\":\"EntryPoint\",\"urlTemplate\":\"https:\/\/www.piris.com\/?s={search_term_string}\"},\"query-input\":\"required name=search_term_string\"}],\"inLanguage\":\"ca\"},{\"@type\":\"Organization\",\"@id\":\"https:\/\/www.piris.com\/#organization\",\"name\":\"PIRIS\",\"url\":\"https:\/\/www.piris.com\/\",\"logo\":{\"@type\":\"ImageObject\",\"inLanguage\":\"ca\",\"@id\":\"https:\/\/www.piris.com\/#\/schema\/logo\/image\/\",\"url\":\"https:\/\/www.piris.com\/wp-content\/uploads\/29-PIRIS.png\",\"contentUrl\":\"https:\/\/www.piris.com\/wp-content\/uploads\/29-PIRIS.png\",\"width\":1280,\"height\":720,\"caption\":\"PIRIS\"},\"image\":{\"@id\":\"https:\/\/www.piris.com\/#\/schema\/logo\/image\/\"},\"sameAs\":[\"https:\/\/www.linkedin.com\/company\/piris\/\"]}]}<\/script>\n<!-- \/ Yoast SEO plugin. -->","yoast_head_json":{"title":"Sectors | Piris","robots":{"index":"index","follow":"follow","max-snippet":"max-snippet:-1","max-image-preview":"max-image-preview:large","max-video-preview":"max-video-preview:-1"},"canonical":"https:\/\/www.piris.com\/sectores","og_locale":"ca_ES","og_type":"article","og_title":"Sectors | Piris","og_description":"[vc_row css=&#8221;.vc_custom_1441269644033{margin-bottom: 20px !important;}&#8221;][vc_column width=&#8221;1\/4&#8243;][\/vc_column][vc_column width=&#8221;1\/4&#8243;][\/vc_column][vc_column width=&#8221;1\/4&#8243;][\/vc_column][vc_column width=&#8221;1\/4&#8243;][\/vc_column][\/vc_row][vc_row content_placement=&#8221;middle&#8221; el_id=&#8221;ambito&#8221; el_class=&#8221;ambito&#8221;][vc_column][vc_row_inner][vc_column_inner el_class=&#8221;borde-ambito&#8221; width=&#8221;1\/4&#8243;][vc_single_image image=&#8221;11138&#8243; img_size=&#8221;278 x 178&#8243; onclick=&#8221;custom_link&#8221; target=&#8221;_blank&#8221; link=&#8221;\/maquinaria-hosteleria\/&#8221;][vc_column_text css=&#8221;.vc_custom_1628763608457{margin-top: -30px !important;}&#8221;] Maquin\u00e0ria hostaleria Veure categories de productes [\/vc_column_text][\/vc_column_inner][vc_column_inner el_class=&#8221;borde-ambito&#8221; width=&#8221;1\/4&#8243;][vc_single_image image=&#8221;11147&#8243; img_size=&#8221;278 x 178&#8243; onclick=&#8221;custom_link&#8221; target=&#8221;_blank&#8221; link=&#8221;\/refrigeracion-industrial\/&#8221;][vc_column_text css=&#8221;.vc_custom_1628763608457{margin-top: -30px !important;}&#8221;] Refrigeraci\u00f3 industrial Veure categories de productes [\/vc_column_text][\/vc_column_inner][vc_column_inner el_class=&#8221;borde-ambito&#8221; width=&#8221;1\/4&#8243;][vc_single_image image=&#8221;11141&#8243; img_size=&#8221;278 x 178&#8243;&hellip;","og_url":"https:\/\/www.piris.com\/sectores","og_site_name":"Piris","article_modified_time":"2021-08-12T14:16:09+00:00","og_image":[{"width":200,"height":200,"url":"https:\/\/www.piris.com\/wp-content\/uploads\/piris-social.jpg","type":"image\/jpeg"}],"twitter_card":"summary_large_image","twitter_misc":{"Temps estimat de lectura":"2 minuts"},"schema":{"@context":"https:\/\/schema.org","@graph":[{"@type":"WebPage","@id":"https:\/\/www.piris.com\/sectores","url":"https:\/\/www.piris.com\/sectores","name":"Sectors | Piris","isPartOf":{"@id":"https:\/\/www.piris.com\/#website"},"datePublished":"2015-08-04T11:12:03+00:00","dateModified":"2021-08-12T14:16:09+00:00","breadcrumb":{"@id":"https:\/\/www.piris.com\/sectores#breadcrumb"},"inLanguage":"ca","potentialAction":[{"@type":"ReadAction","target":["https:\/\/www.piris.com\/sectores"]}]},{"@type":"BreadcrumbList","@id":"https:\/\/www.piris.com\/sectores#breadcrumb","itemListElement":[{"@type":"ListItem","position":1,"name":"Portada","item":"https:\/\/www.piris.com\/ca"},{"@type":"ListItem","position":2,"name":"Sectors"}]},{"@type":"WebSite","@id":"https:\/\/www.piris.com\/#website","url":"https:\/\/www.piris.com\/","name":"Piris","description":"Components el\u00e8ctrics, mec\u00e0nics i electr\u00f2nics","publisher":{"@id":"https:\/\/www.piris.com\/#organization"},"potentialAction":[{"@type":"SearchAction","target":{"@type":"EntryPoint","urlTemplate":"https:\/\/www.piris.com\/?s={search_term_string}"},"query-input":"required name=search_term_string"}],"inLanguage":"ca"},{"@type":"Organization","@id":"https:\/\/www.piris.com\/#organization","name":"PIRIS","url":"https:\/\/www.piris.com\/","logo":{"@type":"ImageObject","inLanguage":"ca","@id":"https:\/\/www.piris.com\/#\/schema\/logo\/image\/","url":"https:\/\/www.piris.com\/wp-content\/uploads\/29-PIRIS.png","contentUrl":"https:\/\/www.piris.com\/wp-content\/uploads\/29-PIRIS.png","width":1280,"height":720,"caption":"PIRIS"},"image":{"@id":"https:\/\/www.piris.com\/#\/schema\/logo\/image\/"},"sameAs":["https:\/\/www.linkedin.com\/company\/piris\/"]}]}},"_links":{"self":[{"href":"https:\/\/www.piris.com\/ca\/wp-json\/wp\/v2\/pages\/12602"}],"collection":[{"href":"https:\/\/www.piris.com\/ca\/wp-json\/wp\/v2\/pages"}],"about":[{"href":"https:\/\/www.piris.com\/ca\/wp-json\/wp\/v2\/types\/page"}],"author":[{"embeddable":true,"href":"https:\/\/www.piris.com\/ca\/wp-json\/wp\/v2\/users\/6"}],"replies":[{"embeddable":true,"href":"https:\/\/www.piris.com\/ca\/wp-json\/wp\/v2\/comments?post=12602"}],"version-history":[{"count":0,"href":"https:\/\/www.piris.com\/ca\/wp-json\/wp\/v2\/pages\/12602\/revisions"}],"wp:attachment":[{"href":"https:\/\/www.piris.com\/ca\/wp-json\/wp\/v2\/media?parent=12602"}],"curies":[{"name":"wp","href":"https:\/\/api.w.org\/{rel}","templated":true}]}}