{"id":12703,"date":"2015-12-03T11:18:49","date_gmt":"2015-12-03T11:18:49","guid":{"rendered":"http:\/\/piris.com\/ca\/laboratorios-consultorias\/"},"modified":"2021-09-16T13:59:36","modified_gmt":"2021-09-16T11:59:36","slug":"laboratoris-consultories","status":"publish","type":"page","link":"https:\/\/www.piris.com\/ca\/laboratoris-consultories","title":{"rendered":"Laboratoris \/ Consultories"},"content":{"rendered":"<div class=\"wpb-content-wrapper\"><p>[vc_row type=&#8221;boxed&#8221; css=&#8221;.vc_custom_1536828461103{margin-top: 20px !important;margin-bottom: 5% !important;}&#8221;][vc_column width=&#8221;1\/2&#8243;][vc_column_text]<\/p>\n<p style=\"text-align: justify;\">A PIRIS donem servei a consultores i laboratoris.<\/p>\n<p style=\"text-align: justify;\">Si necessita m\u00e9s informaci\u00f3 sobre els nostres productes o vol sol\u00b7licitar mostres. Contacti amb nosaltres mitjan\u00e7ant el formulari de la dreta. Atendrem la seva petici\u00f3 el m\u00e9s aviat possible.<\/p>\n<p>[\/vc_column_text][\/vc_column][vc_column width=&#8221;1\/2&#8243; el_class=&#8221;formulario&#8221;]\n<div class=\"wpcf7 no-js\" id=\"wpcf7-f12694-o1\" lang=\"es-ES\" dir=\"ltr\">\n<div class=\"screen-reader-response\"><p role=\"status\" aria-live=\"polite\" aria-atomic=\"true\"><\/p> <ul><\/ul><\/div>\n<form action=\"\/ca\/wp-json\/wp\/v2\/pages\/12703#wpcf7-f12694-o1\" method=\"post\" class=\"wpcf7-form init\" aria-label=\"Formulario de contacto\" novalidate=\"novalidate\" data-status=\"init\">\n<div style=\"display: none;\">\n<input type=\"hidden\" name=\"_wpcf7\" value=\"12694\" \/>\n<input type=\"hidden\" name=\"_wpcf7_version\" value=\"5.9.6\" \/>\n<input type=\"hidden\" name=\"_wpcf7_locale\" value=\"es_ES\" \/>\n<input type=\"hidden\" name=\"_wpcf7_unit_tag\" value=\"wpcf7-f12694-o1\" \/>\n<input type=\"hidden\" name=\"_wpcf7_container_post\" value=\"0\" \/>\n<input type=\"hidden\" name=\"_wpcf7_posted_data_hash\" value=\"\" \/>\n<input type=\"hidden\" name=\"_wpcf7_recaptcha_response\" value=\"\" \/>\n<\/div>\n<p><label>Empresa * <\/label><span class=\"wpcf7-form-control-wrap\" data-name=\"empresa\"><input size=\"40\" maxlength=\"80\" class=\"wpcf7-form-control wpcf7-text wpcf7-validates-as-required\" aria-required=\"true\" aria-invalid=\"false\" value=\"\" type=\"text\" name=\"empresa\" \/><\/span>\n<\/p>\n<p><label>Tipus de client * <\/label><span class=\"wpcf7-form-control-wrap\" data-name=\"cliente\"><select class=\"wpcf7-form-control wpcf7-select wpcf7-validates-as-required\" aria-required=\"true\" aria-invalid=\"false\" name=\"cliente\"><option value=\"\">&#8212;Por favor, elige una opci\u00f3n&#8212;<\/option><option value=\"Fabricant\">Fabricant<\/option><option value=\"Instal\u00b7lador\">Instal\u00b7lador<\/option><option value=\"Consultora \/ Laboratori\">Consultora \/ Laboratori<\/option><\/select><\/span>\n<\/p>\n<p><label>Persona de Contacte * <\/label><span class=\"wpcf7-form-control-wrap\" data-name=\"nombre\"><input size=\"40\" maxlength=\"80\" class=\"wpcf7-form-control wpcf7-text wpcf7-validates-as-required\" aria-required=\"true\" aria-invalid=\"false\" value=\"\" type=\"text\" name=\"nombre\" \/><\/span>\n<\/p>\n<p><label>E-mail * <\/label><span class=\"wpcf7-form-control-wrap\" data-name=\"email\"><input size=\"40\" maxlength=\"80\" class=\"wpcf7-form-control wpcf7-email wpcf7-validates-as-required wpcf7-text wpcf7-validates-as-email\" aria-required=\"true\" aria-invalid=\"false\" value=\"\" type=\"email\" name=\"email\" \/><\/span>\n<\/p>\n<p><label>Tel\u00e8fon * <\/label><span class=\"wpcf7-form-control-wrap\" data-name=\"telefono\"><input size=\"40\" maxlength=\"80\" class=\"wpcf7-form-control wpcf7-tel wpcf7-validates-as-required wpcf7-text wpcf7-validates-as-tel\" aria-required=\"true\" aria-invalid=\"false\" value=\"\" type=\"tel\" name=\"telefono\" \/><\/span>\n<\/p>\n<p><label>Ciutat * <\/label><span class=\"wpcf7-form-control-wrap\" data-name=\"ciudad\"><input size=\"40\" maxlength=\"80\" class=\"wpcf7-form-control wpcf7-text wpcf7-validates-as-required\" aria-required=\"true\" aria-invalid=\"false\" value=\"\" type=\"text\" name=\"ciudad\" \/><\/span>\n<\/p>\n<p><label>Comentaris * <\/label><span class=\"wpcf7-form-control-wrap\" data-name=\"comentarios\"><textarea cols=\"40\" rows=\"10\" maxlength=\"400\" class=\"wpcf7-form-control wpcf7-textarea wpcf7-validates-as-required\" aria-required=\"true\" aria-invalid=\"false\" name=\"comentarios\"><\/textarea><\/span>\n<\/p>\n<p style=\"text-align: left;\"><strong>INFORMACI\u00d3 B\u00c0SICA DE PROTECCI\u00d3 DE DADES<\/strong>: En compliment del deure informar als interessats de les circumst\u00e0ncies i condicions del tractament de les seves dades i dels drets que li assisteixen, posem a la seva disposici\u00f3 la seg\u00fcent informaci\u00f3.\n<\/p>\n<table width=\"567\">\n\t<tbody>\n\t\t<tr>\n\t\t\t<td colspan=\"2\" width=\"567\">\n\t\t\t\t<p><u>INFORMACI\u00d3 B\u00c0SICA SOBRE PROTECCI\u00d3 DE DADES<\/u>\n\t\t\t\t<\/p>\n\t\t\t<\/td>\n\t\t<\/tr>\n\t\t<tr>\n\t\t\t<td width=\"132\">\n\t\t\t\t<p>RESPONSABLE DEL TRACTAMENT\n\t\t\t\t<\/p>\n\t\t\t<\/td>\n\t\t\t<td width=\"435\">\n\t\t\t\t<p><em>Responsable: PIRIS, S.A- CIF: A08620999 Dir. Postal: CIUTAT DE GRANADA, 74 08005, BARCELONA , <\/em>\n\t\t\t\t<\/p>\n\t\t\t<\/td>\n\t\t<\/tr>\n\t\t<tr>\n\t\t\t<td width=\"132\">\n\t\t\t\t<p>FINALITAT\n\t\t\t\t<\/p>\n\t\t\t<\/td>\n\t\t\t<td width=\"435\">\n\t\t\t\t<p>Gestionar la seva consulta\/petici\u00f3 i donar una resposta a la mateixa.\n\t\t\t\t<\/p>\n\t\t\t<\/td>\n\t\t<\/tr>\n\t\t<tr>\n\t\t\t<td width=\"132\">\n\t\t\t\t<p>LEGITIMACI\u00d3\n\t\t\t\t<\/p>\n\t\t\t<\/td>\n\t\t\t<td width=\"435\">\n\t\t\t\t<p>El seu consentiment\n\t\t\t\t<\/p>\n\t\t\t<\/td>\n\t\t<\/tr>\n\t\t<tr>\n\t\t\t<td width=\"132\">\n\t\t\t\t<p>DESTINATARIS\n\t\t\t\t<\/p>\n\t\t\t<\/td>\n\t\t\t<td width=\"435\">\n\t\t\t\t<p>Les dades no se cediran a tercers excepte en els casos en els quals existeixi una obligaci\u00f3 legal o comunicaci\u00f3 necess\u00e0ria per donar contestaci\u00f3 a la seva consulta.\n\t\t\t\t<\/p>\n\t\t\t<\/td>\n\t\t<\/tr>\n\t\t<tr>\n\t\t\t<td width=\"132\">\n\t\t\t\t<p>DRETS\n\t\t\t\t<\/p>\n\t\t\t<\/td>\n\t\t\t<td width=\"435\">\n\t\t\t\t<p>Pot exercir els seus Drets a accedir, rectificar, oposar-se, limitar, portar i suprimir les dades davant el responsable del tractament; a m\u00e9s d'acudir a l'autoritat de control competent (AEPD).\n\t\t\t\t<\/p>\n\t\t\t<\/td>\n\t\t<\/tr>\n\t\t<tr>\n\t\t\t<td width=\"132\">\n\t\t\t\t<p>INFORMACI\u00d3 ADDICIONAL\n\t\t\t\t<\/p>\n\t\t\t<\/td>\n\t\t\t<td width=\"435\">\n\t\t\t\t<p>Pot consultar la informaci\u00f3 addicional sobre el tractament de les seves dades personals <a href=\"\/ca\/politica-de-privacitat\" target=\"_blank\" rel=\"noopener\">aqu\u00ed<\/a>.\n\t\t\t\t<\/p>\n\t\t\t<\/td>\n\t\t<\/tr>\n\t<\/tbody>\n<\/table>\n<p><span class=\"wpcf7-form-control-wrap\" data-name=\"condiciones\"><span class=\"wpcf7-form-control wpcf7-acceptance\"><span class=\"wpcf7-list-item\"><label><input type=\"checkbox\" name=\"condiciones\" value=\"1\" aria-invalid=\"false\" \/><span class=\"wpcf7-list-item-label\">He llegit i accepto la <a href=\"\/ca\/politica-de-privacitat\">Pol\u00edtica de Privadesa<\/a>.<\/span><\/label><\/span><\/span><\/span>\n<\/p>\n<p><span class=\"wpcf7-form-control-wrap\" data-name=\"acceptance-956\"><span class=\"wpcf7-form-control wpcf7-acceptance\"><span class=\"wpcf7-list-item\"><label><input type=\"checkbox\" name=\"acceptance-956\" value=\"1\" aria-invalid=\"false\" \/><span class=\"wpcf7-list-item-label\">Accepto que les meves dades identificatives siguin incloses per a finalitats comercials de PIRIS, S.A.<\/span><\/label><\/span><\/span><\/span>\n<\/p>\n<p><input class=\"wpcf7-form-control wpcf7-submit has-spinner\" type=\"submit\" value=\"Enviar\" \/>\n<\/p><p style=\"display: none !important;\" class=\"akismet-fields-container\" data-prefix=\"_wpcf7_ak_\"><label>&#916;<textarea name=\"_wpcf7_ak_hp_textarea\" cols=\"45\" rows=\"8\" maxlength=\"100\"><\/textarea><\/label><input type=\"hidden\" id=\"ak_js_1\" name=\"_wpcf7_ak_js\" value=\"199\"\/><script>document.getElementById( \"ak_js_1\" ).setAttribute( \"value\", ( new Date() ).getTime() );<\/script><\/p><div class=\"wpcf7-response-output\" aria-hidden=\"true\"><\/div>\n<\/form>\n<\/div>\n[\/vc_column][\/vc_row]<\/p>\n<\/div>","protected":false},"excerpt":{"rendered":"<p>[vc_row type=&#8221;boxed&#8221; css=&#8221;.vc_custom_1536828461103{margin-top: 20px !important;margin-bottom: 5% !important;}&#8221;][vc_column width=&#8221;1\/2&#8243;][vc_column_text] A PIRIS donem servei a consultores i laboratoris. Si necessita m\u00e9s informaci\u00f3 sobre els nostres productes o vol sol\u00b7licitar mostres. Contacti amb nosaltres mitjan\u00e7ant el formulari de la dreta. Atendrem la seva petici\u00f3 el m\u00e9s aviat possible. [\/vc_column_text][\/vc_column][vc_column width=&#8221;1\/2&#8243; el_class=&#8221;formulario&#8221;][\/vc_column][\/vc_row]<\/p>\n","protected":false},"author":6,"featured_media":0,"parent":0,"menu_order":0,"comment_status":"closed","ping_status":"closed","template":"","meta":{"footnotes":""},"yoast_head":"<!-- This site is optimized with the Yoast SEO plugin v23.0 - https:\/\/yoast.com\/wordpress\/plugins\/seo\/ -->\n<title>Laboratoris \/ Consultories | Piris<\/title>\n<meta name=\"robots\" content=\"index, follow, max-snippet:-1, max-image-preview:large, max-video-preview:-1\" \/>\n<link rel=\"canonical\" href=\"https:\/\/www.piris.com\/laboratorios-consultorias\" \/>\n<meta property=\"og:locale\" content=\"ca_ES\" \/>\n<meta property=\"og:type\" content=\"article\" \/>\n<meta property=\"og:title\" content=\"Laboratoris \/ Consultories | Piris\" \/>\n<meta property=\"og:description\" content=\"[vc_row type=&#8221;boxed&#8221; css=&#8221;.vc_custom_1536828461103{margin-top: 20px !important;margin-bottom: 5% !important;}&#8221;][vc_column width=&#8221;1\/2&#8243;][vc_column_text] A PIRIS donem servei a consultores i laboratoris. Si necessita m\u00e9s informaci\u00f3 sobre els nostres productes o vol sol\u00b7licitar mostres. Contacti amb nosaltres mitjan\u00e7ant el formulari de la dreta. Atendrem la seva petici\u00f3 el m\u00e9s aviat possible. [\/vc_column_text][\/vc_column][vc_column width=&#8221;1\/2&#8243; el_class=&#8221;formulario&#8221;][\/vc_column][\/vc_row]\" \/>\n<meta property=\"og:url\" content=\"https:\/\/www.piris.com\/laboratorios-consultorias\" \/>\n<meta property=\"og:site_name\" content=\"Piris\" \/>\n<meta property=\"article:modified_time\" content=\"2021-09-16T11:59:36+00:00\" \/>\n<meta property=\"og:image\" content=\"https:\/\/www.piris.com\/wp-content\/uploads\/piris-social.jpg\" \/>\n\t<meta property=\"og:image:width\" content=\"200\" \/>\n\t<meta property=\"og:image:height\" content=\"200\" \/>\n\t<meta property=\"og:image:type\" content=\"image\/jpeg\" \/>\n<meta name=\"twitter:card\" content=\"summary_large_image\" \/>\n<script type=\"application\/ld+json\" class=\"yoast-schema-graph\">{\"@context\":\"https:\/\/schema.org\",\"@graph\":[{\"@type\":\"WebPage\",\"@id\":\"https:\/\/www.piris.com\/laboratorios-consultorias\",\"url\":\"https:\/\/www.piris.com\/laboratorios-consultorias\",\"name\":\"Laboratoris \/ Consultories | Piris\",\"isPartOf\":{\"@id\":\"https:\/\/www.piris.com\/#website\"},\"datePublished\":\"2015-12-03T11:18:49+00:00\",\"dateModified\":\"2021-09-16T11:59:36+00:00\",\"breadcrumb\":{\"@id\":\"https:\/\/www.piris.com\/laboratorios-consultorias#breadcrumb\"},\"inLanguage\":\"ca\",\"potentialAction\":[{\"@type\":\"ReadAction\",\"target\":[\"https:\/\/www.piris.com\/laboratorios-consultorias\"]}]},{\"@type\":\"BreadcrumbList\",\"@id\":\"https:\/\/www.piris.com\/laboratorios-consultorias#breadcrumb\",\"itemListElement\":[{\"@type\":\"ListItem\",\"position\":1,\"name\":\"Portada\",\"item\":\"https:\/\/www.piris.com\/ca\"},{\"@type\":\"ListItem\",\"position\":2,\"name\":\"Laboratoris \/ Consultories\"}]},{\"@type\":\"WebSite\",\"@id\":\"https:\/\/www.piris.com\/#website\",\"url\":\"https:\/\/www.piris.com\/\",\"name\":\"Piris\",\"description\":\"Components el\u00e8ctrics, mec\u00e0nics i electr\u00f2nics\",\"publisher\":{\"@id\":\"https:\/\/www.piris.com\/#organization\"},\"potentialAction\":[{\"@type\":\"SearchAction\",\"target\":{\"@type\":\"EntryPoint\",\"urlTemplate\":\"https:\/\/www.piris.com\/?s={search_term_string}\"},\"query-input\":\"required name=search_term_string\"}],\"inLanguage\":\"ca\"},{\"@type\":\"Organization\",\"@id\":\"https:\/\/www.piris.com\/#organization\",\"name\":\"PIRIS\",\"url\":\"https:\/\/www.piris.com\/\",\"logo\":{\"@type\":\"ImageObject\",\"inLanguage\":\"ca\",\"@id\":\"https:\/\/www.piris.com\/#\/schema\/logo\/image\/\",\"url\":\"https:\/\/www.piris.com\/wp-content\/uploads\/29-PIRIS.png\",\"contentUrl\":\"https:\/\/www.piris.com\/wp-content\/uploads\/29-PIRIS.png\",\"width\":1280,\"height\":720,\"caption\":\"PIRIS\"},\"image\":{\"@id\":\"https:\/\/www.piris.com\/#\/schema\/logo\/image\/\"},\"sameAs\":[\"https:\/\/www.linkedin.com\/company\/piris\/\"]}]}<\/script>\n<!-- \/ Yoast SEO plugin. -->","yoast_head_json":{"title":"Laboratoris \/ Consultories | Piris","robots":{"index":"index","follow":"follow","max-snippet":"max-snippet:-1","max-image-preview":"max-image-preview:large","max-video-preview":"max-video-preview:-1"},"canonical":"https:\/\/www.piris.com\/laboratorios-consultorias","og_locale":"ca_ES","og_type":"article","og_title":"Laboratoris \/ Consultories | Piris","og_description":"[vc_row type=&#8221;boxed&#8221; css=&#8221;.vc_custom_1536828461103{margin-top: 20px !important;margin-bottom: 5% !important;}&#8221;][vc_column width=&#8221;1\/2&#8243;][vc_column_text] A PIRIS donem servei a consultores i laboratoris. Si necessita m\u00e9s informaci\u00f3 sobre els nostres productes o vol sol\u00b7licitar mostres. Contacti amb nosaltres mitjan\u00e7ant el formulari de la dreta. Atendrem la seva petici\u00f3 el m\u00e9s aviat possible. [\/vc_column_text][\/vc_column][vc_column width=&#8221;1\/2&#8243; el_class=&#8221;formulario&#8221;][\/vc_column][\/vc_row]","og_url":"https:\/\/www.piris.com\/laboratorios-consultorias","og_site_name":"Piris","article_modified_time":"2021-09-16T11:59:36+00:00","og_image":[{"width":200,"height":200,"url":"https:\/\/www.piris.com\/wp-content\/uploads\/piris-social.jpg","type":"image\/jpeg"}],"twitter_card":"summary_large_image","schema":{"@context":"https:\/\/schema.org","@graph":[{"@type":"WebPage","@id":"https:\/\/www.piris.com\/laboratorios-consultorias","url":"https:\/\/www.piris.com\/laboratorios-consultorias","name":"Laboratoris \/ Consultories | Piris","isPartOf":{"@id":"https:\/\/www.piris.com\/#website"},"datePublished":"2015-12-03T11:18:49+00:00","dateModified":"2021-09-16T11:59:36+00:00","breadcrumb":{"@id":"https:\/\/www.piris.com\/laboratorios-consultorias#breadcrumb"},"inLanguage":"ca","potentialAction":[{"@type":"ReadAction","target":["https:\/\/www.piris.com\/laboratorios-consultorias"]}]},{"@type":"BreadcrumbList","@id":"https:\/\/www.piris.com\/laboratorios-consultorias#breadcrumb","itemListElement":[{"@type":"ListItem","position":1,"name":"Portada","item":"https:\/\/www.piris.com\/ca"},{"@type":"ListItem","position":2,"name":"Laboratoris \/ Consultories"}]},{"@type":"WebSite","@id":"https:\/\/www.piris.com\/#website","url":"https:\/\/www.piris.com\/","name":"Piris","description":"Components el\u00e8ctrics, mec\u00e0nics i electr\u00f2nics","publisher":{"@id":"https:\/\/www.piris.com\/#organization"},"potentialAction":[{"@type":"SearchAction","target":{"@type":"EntryPoint","urlTemplate":"https:\/\/www.piris.com\/?s={search_term_string}"},"query-input":"required name=search_term_string"}],"inLanguage":"ca"},{"@type":"Organization","@id":"https:\/\/www.piris.com\/#organization","name":"PIRIS","url":"https:\/\/www.piris.com\/","logo":{"@type":"ImageObject","inLanguage":"ca","@id":"https:\/\/www.piris.com\/#\/schema\/logo\/image\/","url":"https:\/\/www.piris.com\/wp-content\/uploads\/29-PIRIS.png","contentUrl":"https:\/\/www.piris.com\/wp-content\/uploads\/29-PIRIS.png","width":1280,"height":720,"caption":"PIRIS"},"image":{"@id":"https:\/\/www.piris.com\/#\/schema\/logo\/image\/"},"sameAs":["https:\/\/www.linkedin.com\/company\/piris\/"]}]}},"_links":{"self":[{"href":"https:\/\/www.piris.com\/ca\/wp-json\/wp\/v2\/pages\/12703"}],"collection":[{"href":"https:\/\/www.piris.com\/ca\/wp-json\/wp\/v2\/pages"}],"about":[{"href":"https:\/\/www.piris.com\/ca\/wp-json\/wp\/v2\/types\/page"}],"author":[{"embeddable":true,"href":"https:\/\/www.piris.com\/ca\/wp-json\/wp\/v2\/users\/6"}],"replies":[{"embeddable":true,"href":"https:\/\/www.piris.com\/ca\/wp-json\/wp\/v2\/comments?post=12703"}],"version-history":[{"count":0,"href":"https:\/\/www.piris.com\/ca\/wp-json\/wp\/v2\/pages\/12703\/revisions"}],"wp:attachment":[{"href":"https:\/\/www.piris.com\/ca\/wp-json\/wp\/v2\/media?parent=12703"}],"curies":[{"name":"wp","href":"https:\/\/api.w.org\/{rel}","templated":true}]}}