{"id":13302,"date":"2015-10-20T10:52:48","date_gmt":"2015-10-20T10:52:48","guid":{"rendered":"http:\/\/www.piris.com\/ca\/sectores\/cableadores"},"modified":"2024-05-27T16:54:05","modified_gmt":"2024-05-27T14:54:05","slug":"cablejadors","status":"publish","type":"page","link":"https:\/\/www.piris.com\/ca\/sectors\/cablejadors","title":{"rendered":"Cablejadors"},"content":{"rendered":"<div class=\"wpb-content-wrapper\"><p>[vc_row][vc_column][vc_column_text]<div class=\"woocommerce columns-3\"><div class=\"wf-container dt-products  woo-hover products loading-effect-fade-in description-on-hover cart-btn-on-img wc-img-hover hide-description wc-grid\" data-padding=\"0px\" data-cur-page=\"1\" data-desktop-columns-num=\"5\" data-v-tablet-columns-num=\"3\" data-h-tablet-columns-num=\"4\" data-phone-columns-num=\"1\">\n\n<article class=\"post product-category product first\">\n\n\t<figure class=\"woocom-project\">\n\t<div class=\"woo-buttons-on-img\">\n\n\t\t<a href=\"https:\/\/www.piris.com\/ca\/productes\/armaris-murals-de-plastic\" class=\"alignnone\"><img decoding=\"async\" class=\"preload-me\" src=\"https:\/\/www.piris.com\/wp-content\/uploads\/CATEGORIA-ARMARIOS-MURALES-500x500.png\" alt=\"Armaris murals\" width=\"1000\" height=\"\" srcset=\"https:\/\/www.piris.com\/wp-content\/uploads\/CATEGORIA-ARMARIOS-MURALES-500x500.png 500w, https:\/\/www.piris.com\/wp-content\/uploads\/CATEGORIA-ARMARIOS-MURALES-200x200.png 200w, https:\/\/www.piris.com\/wp-content\/uploads\/CATEGORIA-ARMARIOS-MURALES-400x400.png 400w, https:\/\/www.piris.com\/wp-content\/uploads\/CATEGORIA-ARMARIOS-MURALES-250x250.png 250w, https:\/\/www.piris.com\/wp-content\/uploads\/CATEGORIA-ARMARIOS-MURALES-768x768.png 768w, https:\/\/www.piris.com\/wp-content\/uploads\/CATEGORIA-ARMARIOS-MURALES-600x600.png 600w, https:\/\/www.piris.com\/wp-content\/uploads\/CATEGORIA-ARMARIOS-MURALES.png 945w\" sizes=\"(max-width: 500px) 100vw, 500px\" \/><\/a>\n\t<\/div>\n\t<figcaption class=\"woocom-list-content\">\n\n\t\t\n\t<\/figcaption>\n<\/figure>\n<\/article>\n\n\n\n<article class=\"post product-category product\">\n\n\t<figure class=\"woocom-project\">\n\t<div class=\"woo-buttons-on-img\">\n\n\t\t<a href=\"https:\/\/www.piris.com\/ca\/productes\/cables-electrics\" class=\"alignnone\"><img decoding=\"async\" class=\"preload-me\" src=\"https:\/\/www.piris.com\/wp-content\/uploads\/CATEGORIA-CABLES-ELECTRICOS-500x500.png\" alt=\"Cables el\u00e8ctrics\" width=\"1000\" height=\"\" srcset=\"https:\/\/www.piris.com\/wp-content\/uploads\/CATEGORIA-CABLES-ELECTRICOS-500x500.png 500w, https:\/\/www.piris.com\/wp-content\/uploads\/CATEGORIA-CABLES-ELECTRICOS-200x200.png 200w, https:\/\/www.piris.com\/wp-content\/uploads\/CATEGORIA-CABLES-ELECTRICOS-400x400.png 400w, https:\/\/www.piris.com\/wp-content\/uploads\/CATEGORIA-CABLES-ELECTRICOS.png 945w\" sizes=\"(max-width: 500px) 100vw, 500px\" \/><\/a>\n\t<\/div>\n\t<figcaption class=\"woocom-list-content\">\n\n\t\t\n\t<\/figcaption>\n<\/figure>\n<\/article>\n\n\n\n<article class=\"post product-category product last\">\n\n\t<figure class=\"woocom-project\">\n\t<div class=\"woo-buttons-on-img\">\n\n\t\t<a href=\"https:\/\/www.piris.com\/ca\/productes\/connectors-iec\" class=\"alignnone\"><img decoding=\"async\" class=\"preload-me\" src=\"https:\/\/www.piris.com\/wp-content\/uploads\/CATEGORIA-CONECTORES-IEC-500x500.png\" alt=\"Connectors IEC\" width=\"1000\" height=\"\" srcset=\"https:\/\/www.piris.com\/wp-content\/uploads\/CATEGORIA-CONECTORES-IEC-500x500.png 500w, https:\/\/www.piris.com\/wp-content\/uploads\/CATEGORIA-CONECTORES-IEC-200x200.png 200w, https:\/\/www.piris.com\/wp-content\/uploads\/CATEGORIA-CONECTORES-IEC-400x400.png 400w, https:\/\/www.piris.com\/wp-content\/uploads\/CATEGORIA-CONECTORES-IEC.png 945w\" sizes=\"(max-width: 500px) 100vw, 500px\" \/><\/a>\n\t<\/div>\n\t<figcaption class=\"woocom-list-content\">\n\n\t\t\n\t<\/figcaption>\n<\/figure>\n<\/article>\n\n\n\n<article class=\"post product-category product first\">\n\n\t<figure class=\"woocom-project\">\n\t<div class=\"woo-buttons-on-img\">\n\n\t\t<a href=\"https:\/\/www.piris.com\/ca\/productes\/elements-de-connexio\" class=\"alignnone\"><img decoding=\"async\" class=\"preload-me\" src=\"https:\/\/www.piris.com\/wp-content\/uploads\/cat-elementos-conexion.jpg\" alt=\"Elements de connexi\u00f3\" width=\"1000\" height=\"\" srcset=\"https:\/\/www.piris.com\/wp-content\/uploads\/cat-elementos-conexion.jpg 945w, https:\/\/www.piris.com\/wp-content\/uploads\/cat-elementos-conexion-750x750.jpg 750w, https:\/\/www.piris.com\/wp-content\/uploads\/cat-elementos-conexion-500x500.jpg 500w, https:\/\/www.piris.com\/wp-content\/uploads\/cat-elementos-conexion-768x768.jpg 768w, https:\/\/www.piris.com\/wp-content\/uploads\/cat-elementos-conexion-600x600.jpg 600w, https:\/\/www.piris.com\/wp-content\/uploads\/cat-elementos-conexion-400x400.jpg 400w, https:\/\/www.piris.com\/wp-content\/uploads\/cat-elementos-conexion-200x200.jpg 200w\" sizes=\"(max-width: 945px) 100vw, 945px\" \/><\/a>\n\t<\/div>\n\t<figcaption class=\"woocom-list-content\">\n\n\t\t\n\t<\/figcaption>\n<\/figure>\n<\/article>\n\n\n\n<article class=\"post product-category product\">\n\n\t<figure class=\"woocom-project\">\n\t<div class=\"woo-buttons-on-img\">\n\n\t\t<a href=\"https:\/\/www.piris.com\/ca\/productes\/interruptors\" class=\"alignnone\"><img decoding=\"async\" class=\"preload-me\" src=\"https:\/\/www.piris.com\/wp-content\/uploads\/categoria-interruptores-500x500.png\" alt=\"Interruptors\" width=\"1000\" height=\"\" srcset=\"https:\/\/www.piris.com\/wp-content\/uploads\/categoria-interruptores-500x500.png 500w, https:\/\/www.piris.com\/wp-content\/uploads\/categoria-interruptores-200x200.png 200w, https:\/\/www.piris.com\/wp-content\/uploads\/categoria-interruptores-400x400.png 400w, https:\/\/www.piris.com\/wp-content\/uploads\/categoria-interruptores-750x750.png 750w, https:\/\/www.piris.com\/wp-content\/uploads\/categoria-interruptores-768x768.png 768w, https:\/\/www.piris.com\/wp-content\/uploads\/categoria-interruptores-600x600.png 600w, https:\/\/www.piris.com\/wp-content\/uploads\/categoria-interruptores-350x350.png 350w, https:\/\/www.piris.com\/wp-content\/uploads\/categoria-interruptores-420x420.png 420w, https:\/\/www.piris.com\/wp-content\/uploads\/categoria-interruptores.png 945w\" sizes=\"(max-width: 500px) 100vw, 500px\" \/><\/a>\n\t<\/div>\n\t<figcaption class=\"woocom-list-content\">\n\n\t\t\n\t<\/figcaption>\n<\/figure>\n<\/article>\n\n\n\n<article class=\"post product-category product last\">\n\n\t<figure class=\"woocom-project\">\n\t<div class=\"woo-buttons-on-img\">\n\n\t\t<a href=\"https:\/\/www.piris.com\/ca\/productes\/premsaestopes\" class=\"alignnone\"><img decoding=\"async\" class=\"preload-me\" src=\"https:\/\/www.piris.com\/wp-content\/uploads\/CATEGORIA-PRENSAESTOPAS-500x500.png\" alt=\"Premsaestopes\" width=\"1000\" height=\"\" srcset=\"https:\/\/www.piris.com\/wp-content\/uploads\/CATEGORIA-PRENSAESTOPAS-500x500.png 500w, https:\/\/www.piris.com\/wp-content\/uploads\/CATEGORIA-PRENSAESTOPAS-200x200.png 200w, https:\/\/www.piris.com\/wp-content\/uploads\/CATEGORIA-PRENSAESTOPAS-400x400.png 400w, https:\/\/www.piris.com\/wp-content\/uploads\/CATEGORIA-PRENSAESTOPAS.png 945w\" sizes=\"(max-width: 500px) 100vw, 500px\" \/><\/a>\n\t<\/div>\n\t<figcaption class=\"woocom-list-content\">\n\n\t\t\n\t<\/figcaption>\n<\/figure>\n<\/article>\n\n\n\n<article class=\"post product-category product first\">\n\n\t<figure class=\"woocom-project\">\n\t<div class=\"woo-buttons-on-img\">\n\n\t\t<a href=\"https:\/\/www.piris.com\/ca\/productes\/protectors-termics-i-termostats\" class=\"alignnone\"><img decoding=\"async\" class=\"preload-me\" src=\"https:\/\/www.piris.com\/wp-content\/uploads\/protectores-termicos-termostatos.jpg\" alt=\"Protectors t\u00e8rmics i term\u00f2stats\" width=\"1000\" height=\"\" srcset=\"https:\/\/www.piris.com\/wp-content\/uploads\/protectores-termicos-termostatos.jpg 945w, https:\/\/www.piris.com\/wp-content\/uploads\/protectores-termicos-termostatos-750x750.jpg 750w, https:\/\/www.piris.com\/wp-content\/uploads\/protectores-termicos-termostatos-500x500.jpg 500w, https:\/\/www.piris.com\/wp-content\/uploads\/protectores-termicos-termostatos-768x768.jpg 768w, https:\/\/www.piris.com\/wp-content\/uploads\/protectores-termicos-termostatos-600x600.jpg 600w, https:\/\/www.piris.com\/wp-content\/uploads\/protectores-termicos-termostatos-400x400.jpg 400w, https:\/\/www.piris.com\/wp-content\/uploads\/protectores-termicos-termostatos-200x200.jpg 200w\" sizes=\"(max-width: 945px) 100vw, 945px\" \/><\/a>\n\t<\/div>\n\t<figcaption class=\"woocom-list-content\">\n\n\t\t\n\t<\/figcaption>\n<\/figure>\n<\/article>\n\n\n\n<article class=\"post product-category product\">\n\n\t<figure class=\"woocom-project\">\n\t<div class=\"woo-buttons-on-img\">\n\n\t\t<a href=\"https:\/\/www.piris.com\/ca\/productes\/senyaladors-lluminosos-pilots\" class=\"alignnone\"><img decoding=\"async\" class=\"preload-me\" src=\"https:\/\/www.piris.com\/wp-content\/uploads\/CATEGORIA-PILOTOS-500x500.png\" alt=\"Senyaladors lluminosos \/ pilots\" width=\"1000\" height=\"\" srcset=\"https:\/\/www.piris.com\/wp-content\/uploads\/CATEGORIA-PILOTOS-500x500.png 500w, https:\/\/www.piris.com\/wp-content\/uploads\/CATEGORIA-PILOTOS-200x200.png 200w, https:\/\/www.piris.com\/wp-content\/uploads\/CATEGORIA-PILOTOS-400x400.png 400w, https:\/\/www.piris.com\/wp-content\/uploads\/CATEGORIA-PILOTOS.png 945w\" sizes=\"(max-width: 500px) 100vw, 500px\" \/><\/a>\n\t<\/div>\n\t<figcaption class=\"woocom-list-content\">\n\n\t\t\n\t<\/figcaption>\n<\/figure>\n<\/article>\n\n\n\n<article class=\"post product-category product last\">\n\n\t<figure class=\"woocom-project\">\n\t<div class=\"woo-buttons-on-img\">\n\n\t\t<a href=\"https:\/\/www.piris.com\/ca\/productes\/transformadors-ca\" class=\"alignnone\"><img decoding=\"async\" class=\"preload-me\" src=\"https:\/\/www.piris.com\/wp-content\/uploads\/CATEGORIA-TRANSFORMADORES-500x500.png\" alt=\"Transformadors\" width=\"1000\" height=\"\" srcset=\"https:\/\/www.piris.com\/wp-content\/uploads\/CATEGORIA-TRANSFORMADORES-500x500.png 500w, https:\/\/www.piris.com\/wp-content\/uploads\/CATEGORIA-TRANSFORMADORES-200x200.png 200w, https:\/\/www.piris.com\/wp-content\/uploads\/CATEGORIA-TRANSFORMADORES-400x400.png 400w, https:\/\/www.piris.com\/wp-content\/uploads\/CATEGORIA-TRANSFORMADORES-350x350.png 350w, https:\/\/www.piris.com\/wp-content\/uploads\/CATEGORIA-TRANSFORMADORES-768x768.png 768w, https:\/\/www.piris.com\/wp-content\/uploads\/CATEGORIA-TRANSFORMADORES-600x600.png 600w, https:\/\/www.piris.com\/wp-content\/uploads\/CATEGORIA-TRANSFORMADORES.png 945w\" sizes=\"(max-width: 500px) 100vw, 500px\" \/><\/a>\n\t<\/div>\n\t<figcaption class=\"woocom-list-content\">\n\n\t\t\n\t<\/figcaption>\n<\/figure>\n<\/article>\n\n<\/div><\/div>[\/vc_column_text][\/vc_column][\/vc_row][vc_row disable_element=&#8221;yes&#8221;][vc_column width=&#8221;3\/4&#8243;][vc_row_inner][vc_column_inner el_class=&#8221;borde-ambito&#8221; width=&#8221;1\/3&#8243;][vc_image_caption_box title=&#8221;Elementos de conexi\u00f3n&#8221; subtitle=&#8221;Ver productos&#8221; image=&#8221;3656&#8243; url=&#8221;\/productos\/elementos-conexion\/&#8221;][\/vc_column_inner][vc_column_inner el_class=&#8221;borde-ambito&#8221; width=&#8221;1\/3&#8243;][vc_image_caption_box title=&#8221;Conectores IEC&#8221; subtitle=&#8221;Ver productos&#8221; image=&#8221;1681&#8243; url=&#8221;\/productos\/conectores-iec\/&#8221;][\/vc_column_inner][vc_column_inner width=&#8221;1\/3&#8243;][vc_image_caption_box title=&#8221;Prensaestopas&#8221; subtitle=&#8221;Ver productos&#8221; image=&#8221;3629&#8243; url=&#8221;\/productos\/prensaestopas-2\/&#8221;][\/vc_column_inner][\/vc_row_inner][vc_row_inner][vc_column_inner el_class=&#8221;borde-ambito&#8221; width=&#8221;1\/3&#8243;][vc_image_caption_box title=&#8221;Cables el\u00e9ctricos&#8221; subtitle=&#8221;Ver productos&#8221; image=&#8221;3730&#8243; url=&#8221;\/productos\/cables-electricos\/&#8221;][\/vc_column_inner][vc_column_inner el_class=&#8221;borde-ambito&#8221; width=&#8221;1\/3&#8243;][vc_image_caption_box title=&#8221;Termostatos&#8221; subtitle=&#8221;Ver productos&#8221; image=&#8221;1694&#8243; url=&#8221;\/productos\/termostatos\/&#8221;][\/vc_column_inner][vc_column_inner el_class=&#8221;borde-ambito&#8221; width=&#8221;1\/3&#8243;][vc_image_caption_box title=&#8221;Protectores t\u00e9rmicos&#8221; subtitle=&#8221;Ver productos&#8221; image=&#8221;1691&#8243; url=&#8221;\/productos\/protectores-termicos\/&#8221;][\/vc_column_inner][\/vc_row_inner][vc_row_inner][vc_column_inner el_class=&#8221;borde-ambito&#8221; width=&#8221;1\/3&#8243;][vc_image_caption_box title=&#8221;Interruptores&#8221; subtitle=&#8221;Ver productos&#8221; image=&#8221;3712&#8243; url=&#8221;\/productos\/interruptores-2\/&#8221;][\/vc_column_inner][vc_column_inner width=&#8221;1\/3&#8243;][vc_image_caption_box title=&#8221;Se\u00f1aladores luminosos\/ pilotos&#8221; subtitle=&#8221;Ver productos&#8221; image=&#8221;10066&#8243; url=&#8221;\/productos\/senalizadores-luminosos\/&#8221;][\/vc_column_inner][vc_column_inner width=&#8221;1\/3&#8243;][vc_image_caption_box title=&#8221;Armarios murales&#8221; subtitle=&#8221;Ver productos&#8221; image=&#8221;3589&#8243; url=&#8221;\/productos\/armarios-murales-de-plastico\/&#8221;][\/vc_column_inner][\/vc_row_inner][vc_row_inner][vc_column_inner el_class=&#8221;borde-ambito&#8221; width=&#8221;1\/3&#8243;][vc_image_caption_box title=&#8221;Transformadores&#8221; subtitle=&#8221;Ver productos&#8221; image=&#8221;11514&#8243; url=&#8221;\/productos\/transformadores\/&#8221;][\/vc_column_inner][vc_column_inner width=&#8221;1\/3&#8243;][\/vc_column_inner][vc_column_inner width=&#8221;1\/3&#8243;][\/vc_column_inner][\/vc_row_inner][\/vc_column][vc_column width=&#8221;1\/4&#8243;][vc_widget_sidebar sidebar_id=&#8221;shop&#8221;][\/vc_column][\/vc_row]<\/p>\n<\/div>","protected":false},"excerpt":{"rendered":"<p>[vc_row][vc_column][vc_column_text][\/vc_column_text][\/vc_column][\/vc_row][vc_row disable_element=&#8221;yes&#8221;][vc_column width=&#8221;3\/4&#8243;][vc_row_inner][vc_column_inner el_class=&#8221;borde-ambito&#8221; width=&#8221;1\/3&#8243;][vc_image_caption_box title=&#8221;Elementos de conexi\u00f3n&#8221; subtitle=&#8221;Ver productos&#8221; image=&#8221;3656&#8243; url=&#8221;\/productos\/elementos-conexion\/&#8221;][\/vc_column_inner][vc_column_inner el_class=&#8221;borde-ambito&#8221; width=&#8221;1\/3&#8243;][vc_image_caption_box title=&#8221;Conectores IEC&#8221; subtitle=&#8221;Ver productos&#8221; image=&#8221;1681&#8243; url=&#8221;\/productos\/conectores-iec\/&#8221;][\/vc_column_inner][vc_column_inner width=&#8221;1\/3&#8243;][vc_image_caption_box title=&#8221;Prensaestopas&#8221; subtitle=&#8221;Ver productos&#8221; image=&#8221;3629&#8243; url=&#8221;\/productos\/prensaestopas-2\/&#8221;][\/vc_column_inner][\/vc_row_inner][vc_row_inner][vc_column_inner el_class=&#8221;borde-ambito&#8221; width=&#8221;1\/3&#8243;][vc_image_caption_box title=&#8221;Cables el\u00e9ctricos&#8221; subtitle=&#8221;Ver productos&#8221; image=&#8221;3730&#8243; url=&#8221;\/productos\/cables-electricos\/&#8221;][\/vc_column_inner][vc_column_inner el_class=&#8221;borde-ambito&#8221; width=&#8221;1\/3&#8243;][vc_image_caption_box title=&#8221;Termostatos&#8221; subtitle=&#8221;Ver productos&#8221; image=&#8221;1694&#8243; url=&#8221;\/productos\/termostatos\/&#8221;][\/vc_column_inner][vc_column_inner el_class=&#8221;borde-ambito&#8221; width=&#8221;1\/3&#8243;][vc_image_caption_box title=&#8221;Protectores t\u00e9rmicos&#8221; subtitle=&#8221;Ver productos&#8221; image=&#8221;1691&#8243; url=&#8221;\/productos\/protectores-termicos\/&#8221;][\/vc_column_inner][\/vc_row_inner][vc_row_inner][vc_column_inner el_class=&#8221;borde-ambito&#8221; width=&#8221;1\/3&#8243;][vc_image_caption_box title=&#8221;Interruptores&#8221; subtitle=&#8221;Ver productos&#8221; image=&#8221;3712&#8243;&hellip;<\/p>\n","protected":false},"author":6,"featured_media":0,"parent":12602,"menu_order":0,"comment_status":"closed","ping_status":"closed","template":"","meta":{"footnotes":""},"yoast_head":"<!-- This site is optimized with the Yoast SEO plugin v23.0 - https:\/\/yoast.com\/wordpress\/plugins\/seo\/ -->\n<title>Cablejadors | Piris<\/title>\n<meta name=\"robots\" content=\"index, follow, max-snippet:-1, max-image-preview:large, max-video-preview:-1\" \/>\n<link rel=\"canonical\" href=\"https:\/\/www.piris.com\/ca\/sectors\/cablejadors\" \/>\n<meta property=\"og:locale\" content=\"ca_ES\" \/>\n<meta property=\"og:type\" content=\"article\" \/>\n<meta property=\"og:title\" content=\"Cablejadors | Piris\" \/>\n<meta property=\"og:description\" content=\"[vc_row][vc_column][vc_column_text][\/vc_column_text][\/vc_column][\/vc_row][vc_row disable_element=&#8221;yes&#8221;][vc_column width=&#8221;3\/4&#8243;][vc_row_inner][vc_column_inner el_class=&#8221;borde-ambito&#8221; width=&#8221;1\/3&#8243;][vc_image_caption_box title=&#8221;Elementos de conexi\u00f3n&#8221; subtitle=&#8221;Ver productos&#8221; image=&#8221;3656&#8243; url=&#8221;\/productos\/elementos-conexion\/&#8221;][\/vc_column_inner][vc_column_inner el_class=&#8221;borde-ambito&#8221; width=&#8221;1\/3&#8243;][vc_image_caption_box title=&#8221;Conectores IEC&#8221; subtitle=&#8221;Ver productos&#8221; image=&#8221;1681&#8243; url=&#8221;\/productos\/conectores-iec\/&#8221;][\/vc_column_inner][vc_column_inner width=&#8221;1\/3&#8243;][vc_image_caption_box title=&#8221;Prensaestopas&#8221; subtitle=&#8221;Ver productos&#8221; image=&#8221;3629&#8243; url=&#8221;\/productos\/prensaestopas-2\/&#8221;][\/vc_column_inner][\/vc_row_inner][vc_row_inner][vc_column_inner el_class=&#8221;borde-ambito&#8221; width=&#8221;1\/3&#8243;][vc_image_caption_box title=&#8221;Cables el\u00e9ctricos&#8221; subtitle=&#8221;Ver productos&#8221; image=&#8221;3730&#8243; url=&#8221;\/productos\/cables-electricos\/&#8221;][\/vc_column_inner][vc_column_inner el_class=&#8221;borde-ambito&#8221; width=&#8221;1\/3&#8243;][vc_image_caption_box title=&#8221;Termostatos&#8221; subtitle=&#8221;Ver productos&#8221; image=&#8221;1694&#8243; url=&#8221;\/productos\/termostatos\/&#8221;][\/vc_column_inner][vc_column_inner el_class=&#8221;borde-ambito&#8221; width=&#8221;1\/3&#8243;][vc_image_caption_box title=&#8221;Protectores t\u00e9rmicos&#8221; subtitle=&#8221;Ver productos&#8221; image=&#8221;1691&#8243; url=&#8221;\/productos\/protectores-termicos\/&#8221;][\/vc_column_inner][\/vc_row_inner][vc_row_inner][vc_column_inner el_class=&#8221;borde-ambito&#8221; width=&#8221;1\/3&#8243;][vc_image_caption_box title=&#8221;Interruptores&#8221; subtitle=&#8221;Ver productos&#8221; image=&#8221;3712&#8243;&hellip;\" \/>\n<meta property=\"og:url\" content=\"https:\/\/www.piris.com\/ca\/sectors\/cablejadors\" \/>\n<meta property=\"og:site_name\" content=\"Piris\" \/>\n<meta property=\"article:modified_time\" content=\"2024-05-27T14:54:05+00:00\" \/>\n<meta property=\"og:image\" content=\"https:\/\/www.piris.com\/wp-content\/uploads\/piris-social.jpg\" \/>\n\t<meta property=\"og:image:width\" content=\"200\" \/>\n\t<meta property=\"og:image:height\" content=\"200\" \/>\n\t<meta property=\"og:image:type\" content=\"image\/jpeg\" \/>\n<meta name=\"twitter:card\" content=\"summary_large_image\" \/>\n<meta name=\"twitter:label1\" content=\"Temps estimat de lectura\" \/>\n\t<meta name=\"twitter:data1\" content=\"1 minut\" \/>\n<script type=\"application\/ld+json\" class=\"yoast-schema-graph\">{\"@context\":\"https:\/\/schema.org\",\"@graph\":[{\"@type\":\"WebPage\",\"@id\":\"https:\/\/www.piris.com\/ca\/sectors\/cablejadors\",\"url\":\"https:\/\/www.piris.com\/ca\/sectors\/cablejadors\",\"name\":\"Cablejadors | Piris\",\"isPartOf\":{\"@id\":\"https:\/\/www.piris.com\/#website\"},\"datePublished\":\"2015-10-20T10:52:48+00:00\",\"dateModified\":\"2024-05-27T14:54:05+00:00\",\"breadcrumb\":{\"@id\":\"https:\/\/www.piris.com\/ca\/sectors\/cablejadors#breadcrumb\"},\"inLanguage\":\"ca\",\"potentialAction\":[{\"@type\":\"ReadAction\",\"target\":[\"https:\/\/www.piris.com\/ca\/sectors\/cablejadors\"]}]},{\"@type\":\"BreadcrumbList\",\"@id\":\"https:\/\/www.piris.com\/ca\/sectors\/cablejadors#breadcrumb\",\"itemListElement\":[{\"@type\":\"ListItem\",\"position\":1,\"name\":\"Portada\",\"item\":\"https:\/\/www.piris.com\/ca\"},{\"@type\":\"ListItem\",\"position\":2,\"name\":\"Sectors\",\"item\":\"https:\/\/www.piris.com\/sectores\"},{\"@type\":\"ListItem\",\"position\":3,\"name\":\"Cablejadors\"}]},{\"@type\":\"WebSite\",\"@id\":\"https:\/\/www.piris.com\/#website\",\"url\":\"https:\/\/www.piris.com\/\",\"name\":\"Piris\",\"description\":\"Components el\u00e8ctrics, mec\u00e0nics i electr\u00f2nics\",\"publisher\":{\"@id\":\"https:\/\/www.piris.com\/#organization\"},\"potentialAction\":[{\"@type\":\"SearchAction\",\"target\":{\"@type\":\"EntryPoint\",\"urlTemplate\":\"https:\/\/www.piris.com\/?s={search_term_string}\"},\"query-input\":\"required name=search_term_string\"}],\"inLanguage\":\"ca\"},{\"@type\":\"Organization\",\"@id\":\"https:\/\/www.piris.com\/#organization\",\"name\":\"PIRIS\",\"url\":\"https:\/\/www.piris.com\/\",\"logo\":{\"@type\":\"ImageObject\",\"inLanguage\":\"ca\",\"@id\":\"https:\/\/www.piris.com\/#\/schema\/logo\/image\/\",\"url\":\"https:\/\/www.piris.com\/wp-content\/uploads\/29-PIRIS.png\",\"contentUrl\":\"https:\/\/www.piris.com\/wp-content\/uploads\/29-PIRIS.png\",\"width\":1280,\"height\":720,\"caption\":\"PIRIS\"},\"image\":{\"@id\":\"https:\/\/www.piris.com\/#\/schema\/logo\/image\/\"},\"sameAs\":[\"https:\/\/www.linkedin.com\/company\/piris\/\"]}]}<\/script>\n<!-- \/ Yoast SEO plugin. -->","yoast_head_json":{"title":"Cablejadors | Piris","robots":{"index":"index","follow":"follow","max-snippet":"max-snippet:-1","max-image-preview":"max-image-preview:large","max-video-preview":"max-video-preview:-1"},"canonical":"https:\/\/www.piris.com\/ca\/sectors\/cablejadors","og_locale":"ca_ES","og_type":"article","og_title":"Cablejadors | Piris","og_description":"[vc_row][vc_column][vc_column_text][\/vc_column_text][\/vc_column][\/vc_row][vc_row disable_element=&#8221;yes&#8221;][vc_column width=&#8221;3\/4&#8243;][vc_row_inner][vc_column_inner el_class=&#8221;borde-ambito&#8221; width=&#8221;1\/3&#8243;][vc_image_caption_box title=&#8221;Elementos de conexi\u00f3n&#8221; subtitle=&#8221;Ver productos&#8221; image=&#8221;3656&#8243; url=&#8221;\/productos\/elementos-conexion\/&#8221;][\/vc_column_inner][vc_column_inner el_class=&#8221;borde-ambito&#8221; width=&#8221;1\/3&#8243;][vc_image_caption_box title=&#8221;Conectores IEC&#8221; subtitle=&#8221;Ver productos&#8221; image=&#8221;1681&#8243; url=&#8221;\/productos\/conectores-iec\/&#8221;][\/vc_column_inner][vc_column_inner width=&#8221;1\/3&#8243;][vc_image_caption_box title=&#8221;Prensaestopas&#8221; subtitle=&#8221;Ver productos&#8221; image=&#8221;3629&#8243; url=&#8221;\/productos\/prensaestopas-2\/&#8221;][\/vc_column_inner][\/vc_row_inner][vc_row_inner][vc_column_inner el_class=&#8221;borde-ambito&#8221; width=&#8221;1\/3&#8243;][vc_image_caption_box title=&#8221;Cables el\u00e9ctricos&#8221; subtitle=&#8221;Ver productos&#8221; image=&#8221;3730&#8243; url=&#8221;\/productos\/cables-electricos\/&#8221;][\/vc_column_inner][vc_column_inner el_class=&#8221;borde-ambito&#8221; width=&#8221;1\/3&#8243;][vc_image_caption_box title=&#8221;Termostatos&#8221; subtitle=&#8221;Ver productos&#8221; image=&#8221;1694&#8243; url=&#8221;\/productos\/termostatos\/&#8221;][\/vc_column_inner][vc_column_inner el_class=&#8221;borde-ambito&#8221; width=&#8221;1\/3&#8243;][vc_image_caption_box title=&#8221;Protectores t\u00e9rmicos&#8221; subtitle=&#8221;Ver productos&#8221; image=&#8221;1691&#8243; url=&#8221;\/productos\/protectores-termicos\/&#8221;][\/vc_column_inner][\/vc_row_inner][vc_row_inner][vc_column_inner el_class=&#8221;borde-ambito&#8221; width=&#8221;1\/3&#8243;][vc_image_caption_box title=&#8221;Interruptores&#8221; subtitle=&#8221;Ver productos&#8221; image=&#8221;3712&#8243;&hellip;","og_url":"https:\/\/www.piris.com\/ca\/sectors\/cablejadors","og_site_name":"Piris","article_modified_time":"2024-05-27T14:54:05+00:00","og_image":[{"width":200,"height":200,"url":"https:\/\/www.piris.com\/wp-content\/uploads\/piris-social.jpg","type":"image\/jpeg"}],"twitter_card":"summary_large_image","twitter_misc":{"Temps estimat de lectura":"1 minut"},"schema":{"@context":"https:\/\/schema.org","@graph":[{"@type":"WebPage","@id":"https:\/\/www.piris.com\/ca\/sectors\/cablejadors","url":"https:\/\/www.piris.com\/ca\/sectors\/cablejadors","name":"Cablejadors | Piris","isPartOf":{"@id":"https:\/\/www.piris.com\/#website"},"datePublished":"2015-10-20T10:52:48+00:00","dateModified":"2024-05-27T14:54:05+00:00","breadcrumb":{"@id":"https:\/\/www.piris.com\/ca\/sectors\/cablejadors#breadcrumb"},"inLanguage":"ca","potentialAction":[{"@type":"ReadAction","target":["https:\/\/www.piris.com\/ca\/sectors\/cablejadors"]}]},{"@type":"BreadcrumbList","@id":"https:\/\/www.piris.com\/ca\/sectors\/cablejadors#breadcrumb","itemListElement":[{"@type":"ListItem","position":1,"name":"Portada","item":"https:\/\/www.piris.com\/ca"},{"@type":"ListItem","position":2,"name":"Sectors","item":"https:\/\/www.piris.com\/sectores"},{"@type":"ListItem","position":3,"name":"Cablejadors"}]},{"@type":"WebSite","@id":"https:\/\/www.piris.com\/#website","url":"https:\/\/www.piris.com\/","name":"Piris","description":"Components el\u00e8ctrics, mec\u00e0nics i electr\u00f2nics","publisher":{"@id":"https:\/\/www.piris.com\/#organization"},"potentialAction":[{"@type":"SearchAction","target":{"@type":"EntryPoint","urlTemplate":"https:\/\/www.piris.com\/?s={search_term_string}"},"query-input":"required name=search_term_string"}],"inLanguage":"ca"},{"@type":"Organization","@id":"https:\/\/www.piris.com\/#organization","name":"PIRIS","url":"https:\/\/www.piris.com\/","logo":{"@type":"ImageObject","inLanguage":"ca","@id":"https:\/\/www.piris.com\/#\/schema\/logo\/image\/","url":"https:\/\/www.piris.com\/wp-content\/uploads\/29-PIRIS.png","contentUrl":"https:\/\/www.piris.com\/wp-content\/uploads\/29-PIRIS.png","width":1280,"height":720,"caption":"PIRIS"},"image":{"@id":"https:\/\/www.piris.com\/#\/schema\/logo\/image\/"},"sameAs":["https:\/\/www.linkedin.com\/company\/piris\/"]}]}},"_links":{"self":[{"href":"https:\/\/www.piris.com\/ca\/wp-json\/wp\/v2\/pages\/13302"}],"collection":[{"href":"https:\/\/www.piris.com\/ca\/wp-json\/wp\/v2\/pages"}],"about":[{"href":"https:\/\/www.piris.com\/ca\/wp-json\/wp\/v2\/types\/page"}],"author":[{"embeddable":true,"href":"https:\/\/www.piris.com\/ca\/wp-json\/wp\/v2\/users\/6"}],"replies":[{"embeddable":true,"href":"https:\/\/www.piris.com\/ca\/wp-json\/wp\/v2\/comments?post=13302"}],"version-history":[{"count":0,"href":"https:\/\/www.piris.com\/ca\/wp-json\/wp\/v2\/pages\/13302\/revisions"}],"up":[{"embeddable":true,"href":"https:\/\/www.piris.com\/ca\/wp-json\/wp\/v2\/pages\/12602"}],"wp:attachment":[{"href":"https:\/\/www.piris.com\/ca\/wp-json\/wp\/v2\/media?parent=13302"}],"curies":[{"name":"wp","href":"https:\/\/api.w.org\/{rel}","templated":true}]}}