{"id":13309,"date":"2015-11-05T17:50:21","date_gmt":"2015-11-05T17:50:21","guid":{"rendered":"http:\/\/www.piris.com\/ca\/sectores\/montadores-pcb"},"modified":"2024-05-27T16:41:31","modified_gmt":"2024-05-27T14:41:31","slug":"muntadors-pcb","status":"publish","type":"page","link":"https:\/\/www.piris.com\/ca\/sectors\/muntadors-pcb","title":{"rendered":"Muntadors PCB"},"content":{"rendered":"<div class=\"wpb-content-wrapper\"><p>[vc_row][vc_column][vc_column_text]<div class=\"woocommerce columns-3\"><div class=\"wf-container dt-products  woo-hover products loading-effect-fade-in description-on-hover cart-btn-on-img wc-img-hover hide-description wc-grid\" data-padding=\"0px\" data-cur-page=\"1\" data-desktop-columns-num=\"5\" data-v-tablet-columns-num=\"3\" data-h-tablet-columns-num=\"4\" data-phone-columns-num=\"1\">\n\n<article class=\"post product-category product first\">\n\n\t<figure class=\"woocom-project\">\n\t<div class=\"woo-buttons-on-img\">\n\n\t\t<a href=\"https:\/\/www.piris.com\/ca\/productes\/armaris-murals-de-plastic\" class=\"alignnone\"><img decoding=\"async\" class=\"preload-me\" src=\"https:\/\/www.piris.com\/wp-content\/uploads\/CATEGORIA-ARMARIOS-MURALES-500x500.png\" alt=\"Armaris murals\" width=\"1000\" height=\"\" srcset=\"https:\/\/www.piris.com\/wp-content\/uploads\/CATEGORIA-ARMARIOS-MURALES-500x500.png 500w, https:\/\/www.piris.com\/wp-content\/uploads\/CATEGORIA-ARMARIOS-MURALES-200x200.png 200w, https:\/\/www.piris.com\/wp-content\/uploads\/CATEGORIA-ARMARIOS-MURALES-400x400.png 400w, https:\/\/www.piris.com\/wp-content\/uploads\/CATEGORIA-ARMARIOS-MURALES-250x250.png 250w, https:\/\/www.piris.com\/wp-content\/uploads\/CATEGORIA-ARMARIOS-MURALES-768x768.png 768w, https:\/\/www.piris.com\/wp-content\/uploads\/CATEGORIA-ARMARIOS-MURALES-600x600.png 600w, https:\/\/www.piris.com\/wp-content\/uploads\/CATEGORIA-ARMARIOS-MURALES.png 945w\" sizes=\"(max-width: 500px) 100vw, 500px\" \/><\/a>\n\t<\/div>\n\t<figcaption class=\"woocom-list-content\">\n\n\t\t\n\t<\/figcaption>\n<\/figure>\n<\/article>\n\n\n\n<article class=\"post product-category product\">\n\n\t<figure class=\"woocom-project\">\n\t<div class=\"woo-buttons-on-img\">\n\n\t\t<a href=\"https:\/\/www.piris.com\/ca\/productes\/connectors-iec\" class=\"alignnone\"><img decoding=\"async\" class=\"preload-me\" src=\"https:\/\/www.piris.com\/wp-content\/uploads\/CATEGORIA-CONECTORES-IEC-500x500.png\" alt=\"Connectors IEC\" width=\"1000\" height=\"\" srcset=\"https:\/\/www.piris.com\/wp-content\/uploads\/CATEGORIA-CONECTORES-IEC-500x500.png 500w, https:\/\/www.piris.com\/wp-content\/uploads\/CATEGORIA-CONECTORES-IEC-200x200.png 200w, https:\/\/www.piris.com\/wp-content\/uploads\/CATEGORIA-CONECTORES-IEC-400x400.png 400w, https:\/\/www.piris.com\/wp-content\/uploads\/CATEGORIA-CONECTORES-IEC.png 945w\" sizes=\"(max-width: 500px) 100vw, 500px\" \/><\/a>\n\t<\/div>\n\t<figcaption class=\"woocom-list-content\">\n\n\t\t\n\t<\/figcaption>\n<\/figure>\n<\/article>\n\n\n\n<article class=\"post product-category product last\">\n\n\t<figure class=\"woocom-project\">\n\t<div class=\"woo-buttons-on-img\">\n\n\t\t<a href=\"https:\/\/www.piris.com\/ca\/productes\/electrovalvules\" class=\"alignnone\"><img decoding=\"async\" class=\"preload-me\" src=\"https:\/\/www.piris.com\/wp-content\/uploads\/CATEGORIA-ELECTROVALVULAS-Y-MANGUERAS-500x500.png\" alt=\"Electrov\u00e0lvules \/ Mangueres Entrada Aigua\" width=\"1000\" height=\"\" srcset=\"https:\/\/www.piris.com\/wp-content\/uploads\/CATEGORIA-ELECTROVALVULAS-Y-MANGUERAS-500x500.png 500w, https:\/\/www.piris.com\/wp-content\/uploads\/CATEGORIA-ELECTROVALVULAS-Y-MANGUERAS-200x200.png 200w, https:\/\/www.piris.com\/wp-content\/uploads\/CATEGORIA-ELECTROVALVULAS-Y-MANGUERAS-400x400.png 400w, https:\/\/www.piris.com\/wp-content\/uploads\/CATEGORIA-ELECTROVALVULAS-Y-MANGUERAS.png 945w\" sizes=\"(max-width: 500px) 100vw, 500px\" \/><\/a>\n\t<\/div>\n\t<figcaption class=\"woocom-list-content\">\n\n\t\t\n\t<\/figcaption>\n<\/figure>\n<\/article>\n\n\n\n<article class=\"post product-category product first\">\n\n\t<figure class=\"woocom-project\">\n\t<div class=\"woo-buttons-on-img\">\n\n\t\t<a href=\"https:\/\/www.piris.com\/ca\/productes\/protectors-termics-i-termostats\" class=\"alignnone\"><img decoding=\"async\" class=\"preload-me\" src=\"https:\/\/www.piris.com\/wp-content\/uploads\/protectores-termicos-termostatos.jpg\" alt=\"Protectors t\u00e8rmics i term\u00f2stats\" width=\"1000\" height=\"\" srcset=\"https:\/\/www.piris.com\/wp-content\/uploads\/protectores-termicos-termostatos.jpg 945w, https:\/\/www.piris.com\/wp-content\/uploads\/protectores-termicos-termostatos-750x750.jpg 750w, https:\/\/www.piris.com\/wp-content\/uploads\/protectores-termicos-termostatos-500x500.jpg 500w, https:\/\/www.piris.com\/wp-content\/uploads\/protectores-termicos-termostatos-768x768.jpg 768w, https:\/\/www.piris.com\/wp-content\/uploads\/protectores-termicos-termostatos-600x600.jpg 600w, https:\/\/www.piris.com\/wp-content\/uploads\/protectores-termicos-termostatos-400x400.jpg 400w, https:\/\/www.piris.com\/wp-content\/uploads\/protectores-termicos-termostatos-200x200.jpg 200w\" sizes=\"(max-width: 945px) 100vw, 945px\" \/><\/a>\n\t<\/div>\n\t<figcaption class=\"woocom-list-content\">\n\n\t\t\n\t<\/figcaption>\n<\/figure>\n<\/article>\n\n<\/div><\/div>[\/vc_column_text][\/vc_column][\/vc_row][vc_row disable_element=&#8221;yes&#8221;][vc_column width=&#8221;3\/4&#8243;][vc_row_inner][vc_column_inner el_class=&#8221;borde-ambito&#8221; width=&#8221;1\/3&#8243;][vc_image_caption_box title=&#8221;Conectores IEC&#8221; subtitle=&#8221;Ver productos&#8221; image=&#8221;1681&#8243; url=&#8221;\/productos\/conectores-iec\/&#8221;][\/vc_column_inner][vc_column_inner el_class=&#8221;borde-ambito&#8221; width=&#8221;1\/3&#8243;][vc_image_caption_box title=&#8221;Protectores t\u00e9rmicos&#8221; subtitle=&#8221;Ver productos&#8221; image=&#8221;1691&#8243; url=&#8221;\/productos\/protectores-termicos\/&#8221;][\/vc_column_inner][vc_column_inner el_class=&#8221;borde-ambito&#8221; width=&#8221;1\/3&#8243;][vc_image_caption_box title=&#8221;Electrov\u00e1lvulas&#8221; subtitle=&#8221;Ver productos&#8221; image=&#8221;1683&#8243; url=&#8221;\/productos\/electrovalvulas\/&#8221;][\/vc_column_inner][\/vc_row_inner][vc_row_inner][vc_column_inner el_class=&#8221;borde-ambito&#8221; width=&#8221;1\/3&#8243;][vc_image_caption_box title=&#8221;Armarios murales&#8221; subtitle=&#8221;Ver productos&#8221; image=&#8221;3589&#8243; url=&#8221;\/productos\/armarios-murales-de-plastico\/&#8221;][\/vc_column_inner][vc_column_inner el_class=&#8221;borde-ambito&#8221; width=&#8221;1\/3&#8243;][\/vc_column_inner][vc_column_inner el_class=&#8221;borde-ambito&#8221; width=&#8221;1\/3&#8243;][\/vc_column_inner][\/vc_row_inner][\/vc_column][vc_column width=&#8221;1\/4&#8243;][vc_widget_sidebar sidebar_id=&#8221;shop&#8221;][\/vc_column][\/vc_row]<\/p>\n<\/div>","protected":false},"excerpt":{"rendered":"<p>[vc_row][vc_column][vc_column_text][\/vc_column_text][\/vc_column][\/vc_row][vc_row disable_element=&#8221;yes&#8221;][vc_column width=&#8221;3\/4&#8243;][vc_row_inner][vc_column_inner el_class=&#8221;borde-ambito&#8221; width=&#8221;1\/3&#8243;][vc_image_caption_box title=&#8221;Conectores IEC&#8221; subtitle=&#8221;Ver productos&#8221; image=&#8221;1681&#8243; url=&#8221;\/productos\/conectores-iec\/&#8221;][\/vc_column_inner][vc_column_inner el_class=&#8221;borde-ambito&#8221; width=&#8221;1\/3&#8243;][vc_image_caption_box title=&#8221;Protectores t\u00e9rmicos&#8221; subtitle=&#8221;Ver productos&#8221; image=&#8221;1691&#8243; url=&#8221;\/productos\/protectores-termicos\/&#8221;][\/vc_column_inner][vc_column_inner el_class=&#8221;borde-ambito&#8221; width=&#8221;1\/3&#8243;][vc_image_caption_box title=&#8221;Electrov\u00e1lvulas&#8221; subtitle=&#8221;Ver productos&#8221; image=&#8221;1683&#8243; url=&#8221;\/productos\/electrovalvulas\/&#8221;][\/vc_column_inner][\/vc_row_inner][vc_row_inner][vc_column_inner el_class=&#8221;borde-ambito&#8221; width=&#8221;1\/3&#8243;][vc_image_caption_box title=&#8221;Armarios murales&#8221; subtitle=&#8221;Ver productos&#8221; image=&#8221;3589&#8243; url=&#8221;\/productos\/armarios-murales-de-plastico\/&#8221;][\/vc_column_inner][vc_column_inner el_class=&#8221;borde-ambito&#8221; width=&#8221;1\/3&#8243;][\/vc_column_inner][vc_column_inner el_class=&#8221;borde-ambito&#8221; width=&#8221;1\/3&#8243;][\/vc_column_inner][\/vc_row_inner][\/vc_column][vc_column width=&#8221;1\/4&#8243;][vc_widget_sidebar sidebar_id=&#8221;shop&#8221;][\/vc_column][\/vc_row]<\/p>\n","protected":false},"author":6,"featured_media":0,"parent":12602,"menu_order":0,"comment_status":"closed","ping_status":"closed","template":"","meta":{"footnotes":""},"yoast_head":"<!-- This site is optimized with the Yoast SEO plugin v23.0 - https:\/\/yoast.com\/wordpress\/plugins\/seo\/ -->\n<title>Muntadors PCB | Piris<\/title>\n<meta name=\"robots\" content=\"index, follow, max-snippet:-1, max-image-preview:large, max-video-preview:-1\" \/>\n<link rel=\"canonical\" href=\"https:\/\/www.piris.com\/ca\/sectors\/muntadors-pcb\" \/>\n<meta property=\"og:locale\" content=\"ca_ES\" \/>\n<meta property=\"og:type\" content=\"article\" \/>\n<meta property=\"og:title\" content=\"Muntadors PCB | Piris\" \/>\n<meta property=\"og:description\" content=\"[vc_row][vc_column][vc_column_text][\/vc_column_text][\/vc_column][\/vc_row][vc_row disable_element=&#8221;yes&#8221;][vc_column width=&#8221;3\/4&#8243;][vc_row_inner][vc_column_inner el_class=&#8221;borde-ambito&#8221; width=&#8221;1\/3&#8243;][vc_image_caption_box title=&#8221;Conectores IEC&#8221; subtitle=&#8221;Ver productos&#8221; image=&#8221;1681&#8243; url=&#8221;\/productos\/conectores-iec\/&#8221;][\/vc_column_inner][vc_column_inner el_class=&#8221;borde-ambito&#8221; width=&#8221;1\/3&#8243;][vc_image_caption_box title=&#8221;Protectores t\u00e9rmicos&#8221; subtitle=&#8221;Ver productos&#8221; image=&#8221;1691&#8243; url=&#8221;\/productos\/protectores-termicos\/&#8221;][\/vc_column_inner][vc_column_inner el_class=&#8221;borde-ambito&#8221; width=&#8221;1\/3&#8243;][vc_image_caption_box title=&#8221;Electrov\u00e1lvulas&#8221; subtitle=&#8221;Ver productos&#8221; image=&#8221;1683&#8243; url=&#8221;\/productos\/electrovalvulas\/&#8221;][\/vc_column_inner][\/vc_row_inner][vc_row_inner][vc_column_inner el_class=&#8221;borde-ambito&#8221; width=&#8221;1\/3&#8243;][vc_image_caption_box title=&#8221;Armarios murales&#8221; subtitle=&#8221;Ver productos&#8221; image=&#8221;3589&#8243; url=&#8221;\/productos\/armarios-murales-de-plastico\/&#8221;][\/vc_column_inner][vc_column_inner el_class=&#8221;borde-ambito&#8221; width=&#8221;1\/3&#8243;][\/vc_column_inner][vc_column_inner el_class=&#8221;borde-ambito&#8221; width=&#8221;1\/3&#8243;][\/vc_column_inner][\/vc_row_inner][\/vc_column][vc_column width=&#8221;1\/4&#8243;][vc_widget_sidebar sidebar_id=&#8221;shop&#8221;][\/vc_column][\/vc_row]\" \/>\n<meta property=\"og:url\" content=\"https:\/\/www.piris.com\/ca\/sectors\/muntadors-pcb\" \/>\n<meta property=\"og:site_name\" content=\"Piris\" \/>\n<meta property=\"article:modified_time\" content=\"2024-05-27T14:41:31+00:00\" \/>\n<meta property=\"og:image\" content=\"https:\/\/www.piris.com\/wp-content\/uploads\/piris-social.jpg\" \/>\n\t<meta property=\"og:image:width\" content=\"200\" \/>\n\t<meta property=\"og:image:height\" content=\"200\" \/>\n\t<meta property=\"og:image:type\" content=\"image\/jpeg\" \/>\n<meta name=\"twitter:card\" content=\"summary_large_image\" \/>\n<meta name=\"twitter:label1\" content=\"Temps estimat de lectura\" \/>\n\t<meta name=\"twitter:data1\" content=\"1 minut\" \/>\n<script type=\"application\/ld+json\" class=\"yoast-schema-graph\">{\"@context\":\"https:\/\/schema.org\",\"@graph\":[{\"@type\":\"WebPage\",\"@id\":\"https:\/\/www.piris.com\/ca\/sectors\/muntadors-pcb\",\"url\":\"https:\/\/www.piris.com\/ca\/sectors\/muntadors-pcb\",\"name\":\"Muntadors PCB | Piris\",\"isPartOf\":{\"@id\":\"https:\/\/www.piris.com\/#website\"},\"datePublished\":\"2015-11-05T17:50:21+00:00\",\"dateModified\":\"2024-05-27T14:41:31+00:00\",\"breadcrumb\":{\"@id\":\"https:\/\/www.piris.com\/ca\/sectors\/muntadors-pcb#breadcrumb\"},\"inLanguage\":\"ca\",\"potentialAction\":[{\"@type\":\"ReadAction\",\"target\":[\"https:\/\/www.piris.com\/ca\/sectors\/muntadors-pcb\"]}]},{\"@type\":\"BreadcrumbList\",\"@id\":\"https:\/\/www.piris.com\/ca\/sectors\/muntadors-pcb#breadcrumb\",\"itemListElement\":[{\"@type\":\"ListItem\",\"position\":1,\"name\":\"Portada\",\"item\":\"https:\/\/www.piris.com\/ca\"},{\"@type\":\"ListItem\",\"position\":2,\"name\":\"Sectors\",\"item\":\"https:\/\/www.piris.com\/sectores\"},{\"@type\":\"ListItem\",\"position\":3,\"name\":\"Muntadors PCB\"}]},{\"@type\":\"WebSite\",\"@id\":\"https:\/\/www.piris.com\/#website\",\"url\":\"https:\/\/www.piris.com\/\",\"name\":\"Piris\",\"description\":\"Components el\u00e8ctrics, mec\u00e0nics i electr\u00f2nics\",\"publisher\":{\"@id\":\"https:\/\/www.piris.com\/#organization\"},\"potentialAction\":[{\"@type\":\"SearchAction\",\"target\":{\"@type\":\"EntryPoint\",\"urlTemplate\":\"https:\/\/www.piris.com\/?s={search_term_string}\"},\"query-input\":\"required name=search_term_string\"}],\"inLanguage\":\"ca\"},{\"@type\":\"Organization\",\"@id\":\"https:\/\/www.piris.com\/#organization\",\"name\":\"PIRIS\",\"url\":\"https:\/\/www.piris.com\/\",\"logo\":{\"@type\":\"ImageObject\",\"inLanguage\":\"ca\",\"@id\":\"https:\/\/www.piris.com\/#\/schema\/logo\/image\/\",\"url\":\"https:\/\/www.piris.com\/wp-content\/uploads\/29-PIRIS.png\",\"contentUrl\":\"https:\/\/www.piris.com\/wp-content\/uploads\/29-PIRIS.png\",\"width\":1280,\"height\":720,\"caption\":\"PIRIS\"},\"image\":{\"@id\":\"https:\/\/www.piris.com\/#\/schema\/logo\/image\/\"},\"sameAs\":[\"https:\/\/www.linkedin.com\/company\/piris\/\"]}]}<\/script>\n<!-- \/ Yoast SEO plugin. -->","yoast_head_json":{"title":"Muntadors PCB | Piris","robots":{"index":"index","follow":"follow","max-snippet":"max-snippet:-1","max-image-preview":"max-image-preview:large","max-video-preview":"max-video-preview:-1"},"canonical":"https:\/\/www.piris.com\/ca\/sectors\/muntadors-pcb","og_locale":"ca_ES","og_type":"article","og_title":"Muntadors PCB | Piris","og_description":"[vc_row][vc_column][vc_column_text][\/vc_column_text][\/vc_column][\/vc_row][vc_row disable_element=&#8221;yes&#8221;][vc_column width=&#8221;3\/4&#8243;][vc_row_inner][vc_column_inner el_class=&#8221;borde-ambito&#8221; width=&#8221;1\/3&#8243;][vc_image_caption_box title=&#8221;Conectores IEC&#8221; subtitle=&#8221;Ver productos&#8221; image=&#8221;1681&#8243; url=&#8221;\/productos\/conectores-iec\/&#8221;][\/vc_column_inner][vc_column_inner el_class=&#8221;borde-ambito&#8221; width=&#8221;1\/3&#8243;][vc_image_caption_box title=&#8221;Protectores t\u00e9rmicos&#8221; subtitle=&#8221;Ver productos&#8221; image=&#8221;1691&#8243; url=&#8221;\/productos\/protectores-termicos\/&#8221;][\/vc_column_inner][vc_column_inner el_class=&#8221;borde-ambito&#8221; width=&#8221;1\/3&#8243;][vc_image_caption_box title=&#8221;Electrov\u00e1lvulas&#8221; subtitle=&#8221;Ver productos&#8221; image=&#8221;1683&#8243; url=&#8221;\/productos\/electrovalvulas\/&#8221;][\/vc_column_inner][\/vc_row_inner][vc_row_inner][vc_column_inner el_class=&#8221;borde-ambito&#8221; width=&#8221;1\/3&#8243;][vc_image_caption_box title=&#8221;Armarios murales&#8221; subtitle=&#8221;Ver productos&#8221; image=&#8221;3589&#8243; url=&#8221;\/productos\/armarios-murales-de-plastico\/&#8221;][\/vc_column_inner][vc_column_inner el_class=&#8221;borde-ambito&#8221; width=&#8221;1\/3&#8243;][\/vc_column_inner][vc_column_inner el_class=&#8221;borde-ambito&#8221; width=&#8221;1\/3&#8243;][\/vc_column_inner][\/vc_row_inner][\/vc_column][vc_column width=&#8221;1\/4&#8243;][vc_widget_sidebar sidebar_id=&#8221;shop&#8221;][\/vc_column][\/vc_row]","og_url":"https:\/\/www.piris.com\/ca\/sectors\/muntadors-pcb","og_site_name":"Piris","article_modified_time":"2024-05-27T14:41:31+00:00","og_image":[{"width":200,"height":200,"url":"https:\/\/www.piris.com\/wp-content\/uploads\/piris-social.jpg","type":"image\/jpeg"}],"twitter_card":"summary_large_image","twitter_misc":{"Temps estimat de lectura":"1 minut"},"schema":{"@context":"https:\/\/schema.org","@graph":[{"@type":"WebPage","@id":"https:\/\/www.piris.com\/ca\/sectors\/muntadors-pcb","url":"https:\/\/www.piris.com\/ca\/sectors\/muntadors-pcb","name":"Muntadors PCB | Piris","isPartOf":{"@id":"https:\/\/www.piris.com\/#website"},"datePublished":"2015-11-05T17:50:21+00:00","dateModified":"2024-05-27T14:41:31+00:00","breadcrumb":{"@id":"https:\/\/www.piris.com\/ca\/sectors\/muntadors-pcb#breadcrumb"},"inLanguage":"ca","potentialAction":[{"@type":"ReadAction","target":["https:\/\/www.piris.com\/ca\/sectors\/muntadors-pcb"]}]},{"@type":"BreadcrumbList","@id":"https:\/\/www.piris.com\/ca\/sectors\/muntadors-pcb#breadcrumb","itemListElement":[{"@type":"ListItem","position":1,"name":"Portada","item":"https:\/\/www.piris.com\/ca"},{"@type":"ListItem","position":2,"name":"Sectors","item":"https:\/\/www.piris.com\/sectores"},{"@type":"ListItem","position":3,"name":"Muntadors PCB"}]},{"@type":"WebSite","@id":"https:\/\/www.piris.com\/#website","url":"https:\/\/www.piris.com\/","name":"Piris","description":"Components el\u00e8ctrics, mec\u00e0nics i electr\u00f2nics","publisher":{"@id":"https:\/\/www.piris.com\/#organization"},"potentialAction":[{"@type":"SearchAction","target":{"@type":"EntryPoint","urlTemplate":"https:\/\/www.piris.com\/?s={search_term_string}"},"query-input":"required name=search_term_string"}],"inLanguage":"ca"},{"@type":"Organization","@id":"https:\/\/www.piris.com\/#organization","name":"PIRIS","url":"https:\/\/www.piris.com\/","logo":{"@type":"ImageObject","inLanguage":"ca","@id":"https:\/\/www.piris.com\/#\/schema\/logo\/image\/","url":"https:\/\/www.piris.com\/wp-content\/uploads\/29-PIRIS.png","contentUrl":"https:\/\/www.piris.com\/wp-content\/uploads\/29-PIRIS.png","width":1280,"height":720,"caption":"PIRIS"},"image":{"@id":"https:\/\/www.piris.com\/#\/schema\/logo\/image\/"},"sameAs":["https:\/\/www.linkedin.com\/company\/piris\/"]}]}},"_links":{"self":[{"href":"https:\/\/www.piris.com\/ca\/wp-json\/wp\/v2\/pages\/13309"}],"collection":[{"href":"https:\/\/www.piris.com\/ca\/wp-json\/wp\/v2\/pages"}],"about":[{"href":"https:\/\/www.piris.com\/ca\/wp-json\/wp\/v2\/types\/page"}],"author":[{"embeddable":true,"href":"https:\/\/www.piris.com\/ca\/wp-json\/wp\/v2\/users\/6"}],"replies":[{"embeddable":true,"href":"https:\/\/www.piris.com\/ca\/wp-json\/wp\/v2\/comments?post=13309"}],"version-history":[{"count":0,"href":"https:\/\/www.piris.com\/ca\/wp-json\/wp\/v2\/pages\/13309\/revisions"}],"up":[{"embeddable":true,"href":"https:\/\/www.piris.com\/ca\/wp-json\/wp\/v2\/pages\/12602"}],"wp:attachment":[{"href":"https:\/\/www.piris.com\/ca\/wp-json\/wp\/v2\/media?parent=13309"}],"curies":[{"name":"wp","href":"https:\/\/api.w.org\/{rel}","templated":true}]}}