{"id":13650,"date":"2018-06-21T14:40:05","date_gmt":"2018-06-21T12:40:05","guid":{"rendered":"http:\/\/www.piris.com\/politica-de-privacidad"},"modified":"2023-03-09T13:52:43","modified_gmt":"2023-03-09T12:52:43","slug":"politica-de-privacitat","status":"publish","type":"page","link":"https:\/\/www.piris.com\/ca\/politica-de-privacitat","title":{"rendered":"Pol\u00edtica de privacitat"},"content":{"rendered":"<p><strong>POL\u00cdTICA DE PRIVADESA DEL LLOC WEB<\/strong><\/p>\n<p>Som una empresa en la qual la transpar\u00e8ncia en la informaci\u00f3 \u00e9s fonamental per establir una relaci\u00f3 de confian\u00e7a amb les persones que formen el nostre projecte i amb els nostres prove\u00efdors i clients, sent la protecci\u00f3 de les dades personals de les persones que confien en nosaltres de vital import\u00e0ncia, per la qual cosa volem mitjan\u00e7ant la present pol\u00edtica de privacitat informar-li sobre com recaptem i com tractem o utilitzem aquestes dades.<\/p>\n<p>En aquesta pol\u00edtica de privadesa s&#8217;estableixen les bases sobre les quals l&#8217;empresa, tracta les dades de car\u00e0cter personal que volunt\u00e0riament ens faciliten els nostres usuaris a trav\u00e9s de la p\u00e0gina web.<\/p>\n<p>Aquesta pol\u00edtica sempre ser\u00e0 aplicable quan es facilitin dades a l&#8217;empresa, la qual ser\u00e0 responsable de les seves dades (Responsable del Tractament de les Dades), i a trav\u00e9s de qualsevol dels formularis de contacte o subscripci\u00f3 on es recullin dades de car\u00e0cter personal (nom, email, etc.).<\/p>\n<p>&nbsp;<\/p>\n<p><strong>A QU\u00c8 ENS COMPROMETEM<\/strong><\/p>\n<ul>\n<li>A respectar la privadesa dels nostres usuaris i tractar les dades personals amb el consentiment dels mateixos.<\/li>\n<li>A tractar les dades personals que estrictament necessitem per donar el servei sol\u00b7licitat, i tractar-los de forma segura i confidencial, prenent les mesures necess\u00e0ries per evitar l&#8217;acc\u00e9s no autoritzat i l&#8217;\u00fas indegut dels mateixos.<\/li>\n<li>A no utilitzar les dades personals per a finalitats per les quals no hem obtingut pr\u00e8viament el consentiment.<\/li>\n<li>A no donar les dades personals a tercers ni compartir-los.<\/li>\n<li>A conservar les dades personals durant el temps estrictament necessari per a la finalitat concreta per la qual han estat proporcionades.<\/li>\n<\/ul>\n<p><strong>\u00a0<\/strong><\/p>\n<p><strong>QUI \u00c9S EL RESPONSABLE DE LES DADES PERSONALS<\/strong><\/p>\n<table>\n<tbody>\n<tr>\n<td width=\"179\">Nom de l&#8217;empresa<\/td>\n<td width=\"387\">PIRIS, S.A<\/td>\n<\/tr>\n<tr>\n<td width=\"179\">NIF<\/td>\n<td width=\"387\">\u00a0A08620999<\/td>\n<\/tr>\n<tr>\n<td width=\"179\">Adre\u00e7a postal<\/td>\n<td width=\"387\">CIUTAT DE GRANADA, 74 08005, BARCELONA ,<\/td>\n<\/tr>\n<\/tbody>\n<\/table>\n<p><strong>\u00a0<\/strong><\/p>\n<p><strong>QU\u00c8 \u00c9S UNA DADA PERSONAL I EL TRACTAMENT DE DADES PERSONALS<\/strong><\/p>\n<p>Una dada personal \u00e9s tota informaci\u00f3 sobre una persona f\u00edsica identificada o identificable. Es considera persona f\u00edsica identificable tota persona la identitat de la qual pugui determinar-se directa o indirectament, en particular mitjan\u00e7ant un identificador, com per exemple un nom, un nombre d&#8217;identificaci\u00f3, dades de localitzaci\u00f3, un identificador en l\u00ednia o un o diversos elements propis de la identitat f\u00edsica, fisiol\u00f2gica, gen\u00e8tica, ps\u00edquica, econ\u00f2mica, cultural o social d&#8217;aquesta persona.<\/p>\n<p>Aix\u00ed mateix, el tractament de dades personals implica qualsevol operaci\u00f3 o conjunt d&#8217;operacions realitzades sobre dades personals o conjunts de dades personals, ja sigui per procediments automatitzats o no, com la recollida, registre, organitzaci\u00f3, estructuraci\u00f3, conservaci\u00f3, adaptaci\u00f3 o modificaci\u00f3, extracci\u00f3, consulta, utilitzaci\u00f3, comunicaci\u00f3 per transmissi\u00f3, difusi\u00f3 o qualsevol altra forma d&#8217;habilitaci\u00f3 d&#8217;acc\u00e9s, acaro o interconnexi\u00f3, limitaci\u00f3, supressi\u00f3 o destrucci\u00f3.<\/p>\n<p>&nbsp;<\/p>\n<p><strong>QUINS TRACTAMENTS REALITZEM SOBRE LES SEVES DADES PERSONALS I PER A\u00a0 QUINES FINALITATS<\/strong><\/p>\n<ul>\n<li>Sol\u00b7licitud d&#8217;informaci\u00f3 per part de l&#8217;usuari. Gestionar la sol\u00b7licitud d&#8217;informaci\u00f3 remesa per part de l&#8217;usuari a trav\u00e9s del formulari de contacte i\/o l&#8217;adre\u00e7a de correu electr\u00f2nic, correu postal i\/o n\u00famero de tel\u00e8fon facilitat a trav\u00e9s del lloc web.<\/li>\n<li>Suscripci\u00f3 a newsletter. Gestionar la subscripci\u00f3 a l&#8217;enviament de newsletter<\/li>\n<li>Treballar amb nosaltres mitjan\u00e7ant l&#8217;enviament del curr\u00edculum. Gesti\u00f3 dels CV rebuts a trav\u00e9s del formulari disponible en el lloc web. Aix\u00ed com dels v\u00eddeos de presentaci\u00f3 adjuntats a la sol\u00b7licitud.<\/li>\n<li>Alta i acc\u00e9s al perfil d&#8217;usuari. Gesti\u00f3 de l&#8217;alta i de l&#8217;acc\u00e9s al portal d&#8217;usuari mitjan\u00e7ant el corresponent compte d&#8217;usuari i contrasenya.<\/li>\n<li>Gesti\u00f3 dels comentaris en el blog. Gestionar l&#8217;enviament i recepci\u00f3 dels comentaris que l&#8217;usuari hagi publicat en el blog.<\/li>\n<\/ul>\n<p>&nbsp;<\/p>\n<p><strong>QUINES DADES PERSONALS CAPTEM<\/strong><\/p>\n<p>A trav\u00e9s de la nostra p\u00e0gina web podem recaptar dades personals per a diferents finalitats:<\/p>\n<ul>\n<li>Sol\u00b7licitud d&#8217;informaci\u00f3 per part de l&#8217;usuari. Captarem el seu nom, adre\u00e7a de correu electr\u00f2nic, n\u00famero de tel\u00e8fon, aix\u00ed com aquelles dades personals que ens hagi facilitat amb motiu de la consulta plantejada.<\/li>\n<li>Suscripci\u00f3 a newsletter. Captarem l&#8217;adre\u00e7a de correu electr\u00f2nic.<\/li>\n<li>Treballa amb nosaltres mitjan\u00e7ant l&#8217;enviament de curr\u00edculum. Captarem el seu nom i cognoms, adre\u00e7a de correu electr\u00f2nic, n\u00famero de tel\u00e8fon, experi\u00e8ncia laboral i acad\u00e8mica, aix\u00ed com qualsevol altra informaci\u00f3 addicional que hagi incl\u00f2s en el seu CV. Igualment, captarem la seva imatge mitjan\u00e7ant el v\u00eddeo de presentaci\u00f3 que ens hagi facilitat.<\/li>\n<li>Alta i acc\u00e9s al perfil d&#8217;usuari. Adre\u00e7a de correu electr\u00f2nic\u00a0 i contrasenya, aix\u00ed com qualsevol altra dada que s&#8217;hagi facilitat amb la finalitat de crear el compte o perfil.<\/li>\n<li>Gesti\u00f3 dels comentaris en el blog. Qualsevol dada que s&#8217;hagi facilitat en publicar el corresponent comentari.<\/li>\n<\/ul>\n<p>Depenent de la finalitat per la qual s&#8217;aporten les dades, seran requerides les dades estrictament necess\u00e0ries.<\/p>\n<p>\u00c9s important que l&#8217;usuari sigui conscient de les dades que aporta i la finalitat per la qual ho fa perqu\u00e8 al moment que les facilita, est\u00e0 acceptant que recopilem, emmagatzemem i utilitzem aquestes dades per a la finalitat requerida, podent a qualsevol moment retirar el consentiment prestat pels llits oportuns sent el consentiment de l&#8217;interessat la base legal i legitimaci\u00f3 per al tractament de les seves dades personals.<strong>\u00a0<\/strong><\/p>\n<p><strong>\u00a0<\/strong><\/p>\n<p><strong>QUINA \u00c9S LA LEGITIMACI\u00d3 PER Al TRACTAMENT DE LES DADES PERSONALS<\/strong><\/p>\n<p>D&#8217;acord amb la normativa vigent en mat\u00e8ria de protecci\u00f3 de dades, necessitem una base de legitimaci\u00f3 per al tractament de les seves dades personals. La base de legitimaci\u00f3 \u00e9s el seu consentiment.<\/p>\n<p>&nbsp;<\/p>\n<p><strong>QUINS DRETS T\u00c9 SOBRE LES DADES PERSONALS APORTADES<\/strong><\/p>\n<p>Com a usuari, pot exercitar els seg\u00fcents drets:<\/p>\n<ul>\n<li><span style=\"text-decoration: underline;\">Dret d&#8217;acc\u00e9s:<\/span> T\u00e9 dret a obtenir per part de l&#8217;empresa confirmaci\u00f3 de si s&#8217;estan tractant o no les seves dades personals que, i si escau, quines dades tracta.<\/li>\n<li><span style=\"text-decoration: underline;\">Dret de rectificaci\u00f3:<\/span> T\u00e9 dret a obtenir per part de PIRIS, S.A, la rectificaci\u00f3 de les dades personals inexactes que li concerneixin. En la sol\u00b7licitud de rectificaci\u00f3 haur\u00e0 d&#8217;indicar les dades que desitja que es modifiquin.<\/li>\n<li><span style=\"text-decoration: underline;\">Dret d&#8217;oposici\u00f3:<\/span> T\u00e9 dret a oposar-se a qualsevol moment, per motius relacionats amb la seva situaci\u00f3 particular, al fet que dades personals que li concerneixin siguin objecte d&#8217;un tractament basat en l&#8217;inter\u00e8s leg\u00edtim de l&#8217;empresa. En aquest cas, l&#8217;empresa deixar\u00e0 de tractar les dades personals, tret que acreditem motius leg\u00edtims imperiosos per al tractament que prevalguin sobre els seus interessos, drets i llibertats, o per a la formulaci\u00f3, l&#8217;exercici o la defensa de reclamacions.<\/li>\n<li><span style=\"text-decoration: underline;\">Dret de supressi\u00f3:<\/span> T\u00e9 dret a obtenir per part de PIRIS, S.A la supressi\u00f3 de les dades personals que li concerneixin.<\/li>\n<li><span style=\"text-decoration: underline;\">Dret a la portabilitat de les dades<\/span>: T\u00e9 dret al fet que l&#8217;empresa transfereixi les seves dades personals a un altre responsable del tractament. Solament \u00e9s possible exercir aquest dret quan el tractament estigui basat en l&#8217;execuci\u00f3 d&#8217;un contracte o en el seu consentiment i el tractament es realitzi per mitjans automatitzats.<\/li>\n<li><span style=\"text-decoration: underline;\">Dret a la limitaci\u00f3 del tractament<\/span>: T\u00e9 dret a sol\u00b7licitar-nos que suspenguem el tractament de les seves dades quan: impugni l&#8217;exactitud de les dades, mentre PIRIS, S.A. verifica aquesta exactitud; hagi exercit el dret d&#8217;oposici\u00f3 al tractament de les seves dades, mentre que es verifica si els motius leg\u00edtims de PIRIS, S.A prevalen sobre els seus com interessat.<\/li>\n<\/ul>\n<p>En qualsevol moment, podr\u00e0 exercitar aquests Drets, mitjan\u00e7ant un escrit i acreditant la seva personalitat dirigit al responsable del tractament a l&#8217;adre\u00e7a assenyalada anteriorment, o a trav\u00e9s de l&#8217;adre\u00e7a de correu electr\u00f2nic: <a href=\"mailto:NSOLER@PIRIS.COM\">NSOLER@PIRIS.COM<\/a><\/p>\n<p>A m\u00e9s, podr\u00e0 presentar una reclamaci\u00f3 davant l&#8217;autoritat de control, en aquest cas, l&#8217;Ag\u00e8ncia Espanyola de Protecci\u00f3 de Dades, si considera que el tractament de dades personals infringeix la legislaci\u00f3 aplicable.<\/p>\n<p>&nbsp;<\/p>\n<p><strong>SEGURETAT I EMMAGATZEMATGE DE LES DADES<\/strong><\/p>\n<p>Mantindrem les dades durant el temps estrictament necessari per a la prestaci\u00f3 del servei sol\u00b7licitat i mentre el titular no sol\u00b7liciti la seva eliminaci\u00f3, adoptant les mesures adequades de car\u00e0cter t\u00e8cnic i organitzatiu contra el tractament no autoritzat o il\u00b7l\u00edcit i contra la seva p\u00e8rdua, destrucci\u00f3 o dany accidentals, fent tot el possible per protegir-los i mantenir-los de forma segura.<br \/>\n<strong>\u00a0<\/strong><\/p>\n<p><strong>QUINES DADES PERSONALS COMPARTIM AMB TERCERS<\/strong><\/p>\n<p>No es preveuen cessions de dades excepte en aquells casos en qu\u00e8 existeixi una obligaci\u00f3 legal o comunicaci\u00f3 necess\u00e0ria per poder prestar-li el servei sol\u00b7licitat adequadament. No hi ha previsi\u00f3 de transfer\u00e8ncies de dades internacionals.<\/p>\n","protected":false},"excerpt":{"rendered":"<p>POL\u00cdTICA DE PRIVADESA DEL LLOC WEB Som una empresa en la qual la transpar\u00e8ncia en la informaci\u00f3 \u00e9s fonamental per establir una relaci\u00f3 de confian\u00e7a amb les persones que formen el nostre projecte i amb els nostres prove\u00efdors i clients, sent la protecci\u00f3 de les dades personals de les persones que confien en nosaltres de&hellip;<\/p>\n","protected":false},"author":6,"featured_media":0,"parent":0,"menu_order":0,"comment_status":"closed","ping_status":"closed","template":"","meta":{"footnotes":""},"yoast_head":"<!-- This site is optimized with the Yoast SEO plugin v23.0 - https:\/\/yoast.com\/wordpress\/plugins\/seo\/ -->\n<title>Pol\u00edtica de privacitat | Piris<\/title>\n<meta name=\"robots\" content=\"index, follow, max-snippet:-1, max-image-preview:large, max-video-preview:-1\" \/>\n<link rel=\"canonical\" href=\"https:\/\/www.piris.com\/politica-de-privacidad\" \/>\n<meta property=\"og:locale\" content=\"ca_ES\" \/>\n<meta property=\"og:type\" content=\"article\" \/>\n<meta property=\"og:title\" content=\"Pol\u00edtica de privacitat | Piris\" \/>\n<meta property=\"og:description\" content=\"POL\u00cdTICA DE PRIVADESA DEL LLOC WEB Som una empresa en la qual la transpar\u00e8ncia en la informaci\u00f3 \u00e9s fonamental per establir una relaci\u00f3 de confian\u00e7a amb les persones que formen el nostre projecte i amb els nostres prove\u00efdors i clients, sent la protecci\u00f3 de les dades personals de les persones que confien en nosaltres de&hellip;\" \/>\n<meta property=\"og:url\" content=\"https:\/\/www.piris.com\/politica-de-privacidad\" \/>\n<meta property=\"og:site_name\" content=\"Piris\" \/>\n<meta property=\"article:modified_time\" content=\"2023-03-09T12:52:43+00:00\" \/>\n<meta property=\"og:image\" content=\"https:\/\/www.piris.com\/wp-content\/uploads\/piris-social.jpg\" \/>\n\t<meta property=\"og:image:width\" content=\"200\" \/>\n\t<meta property=\"og:image:height\" content=\"200\" \/>\n\t<meta property=\"og:image:type\" content=\"image\/jpeg\" \/>\n<meta name=\"twitter:card\" content=\"summary_large_image\" \/>\n<meta name=\"twitter:label1\" content=\"Temps estimat de lectura\" \/>\n\t<meta name=\"twitter:data1\" content=\"6 minuts\" \/>\n<script type=\"application\/ld+json\" class=\"yoast-schema-graph\">{\"@context\":\"https:\/\/schema.org\",\"@graph\":[{\"@type\":\"WebPage\",\"@id\":\"https:\/\/www.piris.com\/politica-de-privacidad\",\"url\":\"https:\/\/www.piris.com\/politica-de-privacidad\",\"name\":\"Pol\u00edtica de privacitat | Piris\",\"isPartOf\":{\"@id\":\"https:\/\/www.piris.com\/#website\"},\"datePublished\":\"2018-06-21T12:40:05+00:00\",\"dateModified\":\"2023-03-09T12:52:43+00:00\",\"breadcrumb\":{\"@id\":\"https:\/\/www.piris.com\/politica-de-privacidad#breadcrumb\"},\"inLanguage\":\"ca\",\"potentialAction\":[{\"@type\":\"ReadAction\",\"target\":[\"https:\/\/www.piris.com\/politica-de-privacidad\"]}]},{\"@type\":\"BreadcrumbList\",\"@id\":\"https:\/\/www.piris.com\/politica-de-privacidad#breadcrumb\",\"itemListElement\":[{\"@type\":\"ListItem\",\"position\":1,\"name\":\"Portada\",\"item\":\"https:\/\/www.piris.com\/ca\"},{\"@type\":\"ListItem\",\"position\":2,\"name\":\"Pol\u00edtica de privacitat\"}]},{\"@type\":\"WebSite\",\"@id\":\"https:\/\/www.piris.com\/#website\",\"url\":\"https:\/\/www.piris.com\/\",\"name\":\"Piris\",\"description\":\"Components el\u00e8ctrics, mec\u00e0nics i electr\u00f2nics\",\"publisher\":{\"@id\":\"https:\/\/www.piris.com\/#organization\"},\"potentialAction\":[{\"@type\":\"SearchAction\",\"target\":{\"@type\":\"EntryPoint\",\"urlTemplate\":\"https:\/\/www.piris.com\/?s={search_term_string}\"},\"query-input\":\"required name=search_term_string\"}],\"inLanguage\":\"ca\"},{\"@type\":\"Organization\",\"@id\":\"https:\/\/www.piris.com\/#organization\",\"name\":\"PIRIS\",\"url\":\"https:\/\/www.piris.com\/\",\"logo\":{\"@type\":\"ImageObject\",\"inLanguage\":\"ca\",\"@id\":\"https:\/\/www.piris.com\/#\/schema\/logo\/image\/\",\"url\":\"https:\/\/www.piris.com\/wp-content\/uploads\/29-PIRIS.png\",\"contentUrl\":\"https:\/\/www.piris.com\/wp-content\/uploads\/29-PIRIS.png\",\"width\":1280,\"height\":720,\"caption\":\"PIRIS\"},\"image\":{\"@id\":\"https:\/\/www.piris.com\/#\/schema\/logo\/image\/\"},\"sameAs\":[\"https:\/\/www.linkedin.com\/company\/piris\/\"]}]}<\/script>\n<!-- \/ Yoast SEO plugin. -->","yoast_head_json":{"title":"Pol\u00edtica de privacitat | Piris","robots":{"index":"index","follow":"follow","max-snippet":"max-snippet:-1","max-image-preview":"max-image-preview:large","max-video-preview":"max-video-preview:-1"},"canonical":"https:\/\/www.piris.com\/politica-de-privacidad","og_locale":"ca_ES","og_type":"article","og_title":"Pol\u00edtica de privacitat | Piris","og_description":"POL\u00cdTICA DE PRIVADESA DEL LLOC WEB Som una empresa en la qual la transpar\u00e8ncia en la informaci\u00f3 \u00e9s fonamental per establir una relaci\u00f3 de confian\u00e7a amb les persones que formen el nostre projecte i amb els nostres prove\u00efdors i clients, sent la protecci\u00f3 de les dades personals de les persones que confien en nosaltres de&hellip;","og_url":"https:\/\/www.piris.com\/politica-de-privacidad","og_site_name":"Piris","article_modified_time":"2023-03-09T12:52:43+00:00","og_image":[{"width":200,"height":200,"url":"https:\/\/www.piris.com\/wp-content\/uploads\/piris-social.jpg","type":"image\/jpeg"}],"twitter_card":"summary_large_image","twitter_misc":{"Temps estimat de lectura":"6 minuts"},"schema":{"@context":"https:\/\/schema.org","@graph":[{"@type":"WebPage","@id":"https:\/\/www.piris.com\/politica-de-privacidad","url":"https:\/\/www.piris.com\/politica-de-privacidad","name":"Pol\u00edtica de privacitat | Piris","isPartOf":{"@id":"https:\/\/www.piris.com\/#website"},"datePublished":"2018-06-21T12:40:05+00:00","dateModified":"2023-03-09T12:52:43+00:00","breadcrumb":{"@id":"https:\/\/www.piris.com\/politica-de-privacidad#breadcrumb"},"inLanguage":"ca","potentialAction":[{"@type":"ReadAction","target":["https:\/\/www.piris.com\/politica-de-privacidad"]}]},{"@type":"BreadcrumbList","@id":"https:\/\/www.piris.com\/politica-de-privacidad#breadcrumb","itemListElement":[{"@type":"ListItem","position":1,"name":"Portada","item":"https:\/\/www.piris.com\/ca"},{"@type":"ListItem","position":2,"name":"Pol\u00edtica de privacitat"}]},{"@type":"WebSite","@id":"https:\/\/www.piris.com\/#website","url":"https:\/\/www.piris.com\/","name":"Piris","description":"Components el\u00e8ctrics, mec\u00e0nics i electr\u00f2nics","publisher":{"@id":"https:\/\/www.piris.com\/#organization"},"potentialAction":[{"@type":"SearchAction","target":{"@type":"EntryPoint","urlTemplate":"https:\/\/www.piris.com\/?s={search_term_string}"},"query-input":"required name=search_term_string"}],"inLanguage":"ca"},{"@type":"Organization","@id":"https:\/\/www.piris.com\/#organization","name":"PIRIS","url":"https:\/\/www.piris.com\/","logo":{"@type":"ImageObject","inLanguage":"ca","@id":"https:\/\/www.piris.com\/#\/schema\/logo\/image\/","url":"https:\/\/www.piris.com\/wp-content\/uploads\/29-PIRIS.png","contentUrl":"https:\/\/www.piris.com\/wp-content\/uploads\/29-PIRIS.png","width":1280,"height":720,"caption":"PIRIS"},"image":{"@id":"https:\/\/www.piris.com\/#\/schema\/logo\/image\/"},"sameAs":["https:\/\/www.linkedin.com\/company\/piris\/"]}]}},"_links":{"self":[{"href":"https:\/\/www.piris.com\/ca\/wp-json\/wp\/v2\/pages\/13650"}],"collection":[{"href":"https:\/\/www.piris.com\/ca\/wp-json\/wp\/v2\/pages"}],"about":[{"href":"https:\/\/www.piris.com\/ca\/wp-json\/wp\/v2\/types\/page"}],"author":[{"embeddable":true,"href":"https:\/\/www.piris.com\/ca\/wp-json\/wp\/v2\/users\/6"}],"replies":[{"embeddable":true,"href":"https:\/\/www.piris.com\/ca\/wp-json\/wp\/v2\/comments?post=13650"}],"version-history":[{"count":0,"href":"https:\/\/www.piris.com\/ca\/wp-json\/wp\/v2\/pages\/13650\/revisions"}],"wp:attachment":[{"href":"https:\/\/www.piris.com\/ca\/wp-json\/wp\/v2\/media?parent=13650"}],"curies":[{"name":"wp","href":"https:\/\/api.w.org\/{rel}","templated":true}]}}