{"id":3654,"date":"2015-07-27T10:12:37","date_gmt":"2015-07-27T10:12:37","guid":{"rendered":"http:\/\/piris.com\/ca\/empresa\/"},"modified":"2022-07-13T15:37:51","modified_gmt":"2022-07-13T13:37:51","slug":"empresa","status":"publish","type":"page","link":"https:\/\/www.piris.com\/ca\/empresa","title":{"rendered":"Empresa"},"content":{"rendered":"<div class=\"wpb-content-wrapper\"><p>[vc_row][vc_column width=&#8221;1\/2&#8243;][vc_column_text]<\/p>\n<p style=\"text-align: justify;\">Fundada l&#8217;any 1980, <strong>PIRIS<\/strong> \u00e9s una empresa amb experi\u00e8ncia en la distribuci\u00f3 de <strong>components el\u00e8ctrics<\/strong> i mec\u00e0nics, i <strong>sistemes electr\u00f2nics<\/strong>.<\/p>\n<p style=\"text-align: justify;\">Enfocada principalment al sector industrial, t\u00e9 com a objectiu proporcionar solucions avan\u00e7ades que s&#8217;adaptin a les necessitats dels clients.<\/p>\n<p style=\"text-align: justify;\">A finals de 2014 vam traslladar les oficines i el nostre magatzem a un \u00fanic local situat a la ciutat de Barcelona (Poblenou).<\/p>\n<p style=\"text-align: justify;\">Els sectors en qu\u00e8 podem oferir la nostra gamma de productes s\u00f3n els seg\u00fcents:<\/p>\n<p>[\/vc_column_text][vc_row_inner][vc_column_inner width=&#8221;1\/2&#8243;][vc_column_text el_class=&#8221;icones-ambits&#8221;]<strong>Maquin\u00e0ria d&#8217;hosteleria<\/strong><img loading=\"lazy\" decoding=\"async\" class=\"alignleft size-full wp-image-1783\" src=\"\/wp-content\/uploads\/icono-maquinaria-hosteleria.png\" alt=\"icono-maquinaria-hosteleria\" width=\"32\" height=\"33\" \/><\/p>\n<p><strong>Electrodom\u00e8stics<\/strong><img loading=\"lazy\" decoding=\"async\" class=\"alignleft size-full wp-image-1777\" src=\"\/wp-content\/uploads\/icono-electrodomsticos.png\" alt=\"icono-electrodomsticos\" width=\"32\" height=\"32\" \/><\/p>\n<p><strong>Fred industrial<\/strong><img loading=\"lazy\" decoding=\"async\" class=\"alignleft size-full wp-image-1779\" src=\"\/wp-content\/uploads\/icono-frio-industrial.png\" alt=\"icono-frio-industrial\" width=\"32\" height=\"32\" \/><\/p>\n<p><strong>Iluminaci\u00f3<\/strong><img loading=\"lazy\" decoding=\"async\" class=\"alignleft size-full wp-image-1781\" src=\"\/wp-content\/uploads\/icono-iluminacion.png\" alt=\"icono-iluminacion\" width=\"32\" height=\"32\" \/><\/p>\n<p><strong>Electromedicina<\/strong><img loading=\"lazy\" decoding=\"async\" class=\"alignleft wp-image-1778 size-full\" src=\"\/wp-content\/uploads\/icono-electromedicina.png\" alt=\"\" width=\"33\" height=\"33\" \/><\/p>\n<p><strong>Maquin\u00e0ria Industrial<\/strong><img loading=\"lazy\" decoding=\"async\" class=\"alignleft wp-image-1784 size-full\" src=\"\/wp-content\/uploads\/icono-maquinaria-industrial.png\" alt=\"\" width=\"33\" height=\"32\" \/>[\/vc_column_text][\/vc_column_inner][vc_column_inner width=&#8221;1\/2&#8243;][vc_column_text el_class=&#8221;icones-ambits&#8221;]<strong>Climatizaci\u00f3<\/strong><img loading=\"lazy\" decoding=\"async\" class=\"alignleft wp-image-1776 size-full\" src=\"\/wp-content\/uploads\/icono-climatizacion.png\" alt=\"\" width=\"33\" height=\"32\" \/><\/p>\n<p><strong>Calefacci\u00f3<\/strong><img loading=\"lazy\" decoding=\"async\" class=\"alignleft wp-image-1775 size-full\" src=\"\/wp-content\/uploads\/icono-calefaccion.png\" alt=\"\" width=\"33\" height=\"32\" \/><\/p>\n<p><strong>Hidromassatge<\/strong><img loading=\"lazy\" decoding=\"async\" class=\"alignleft wp-image-1780 size-full\" src=\"\/wp-content\/uploads\/icono-hidromasaje.png\" alt=\"\" width=\"32\" height=\"33\" \/><\/p>\n<p><strong>Instal\u00b7ladors<\/strong><img loading=\"lazy\" decoding=\"async\" class=\"alignleft wp-image-1782 size-full\" src=\"\/wp-content\/uploads\/icono-instaladores.png\" alt=\"\" width=\"33\" height=\"32\" \/><\/p>\n<p><strong>Cablejadors<\/strong><img loading=\"lazy\" decoding=\"async\" class=\"alignleft wp-image-1774 size-full\" src=\"\/wp-content\/uploads\/icono-cableadores.png\" alt=\"\" width=\"33\" height=\"32\" \/>[\/vc_column_text][\/vc_column_inner][\/vc_row_inner][vc_column_text]<\/p>\n<p style=\"text-align: justify;\">La nostra experi\u00e8ncia, l&#8217;orientaci\u00f3 de l&#8217;empresa a la qualitat de servei, la disponibilitat d&#8217;estocs i rapidesa de lliurament, i la cada vegada m\u00e9s \u00e0mplia gamma de productes (certificats), est\u00e0 convertint a PIRIS en un prove\u00efdor de refer\u00e8ncia.<\/p>\n<p>[\/vc_column_text][\/vc_column][vc_column width=&#8221;1\/2&#8243;][vc_column_text]<\/p>\n<div style=\"font-size: 14px; letter-spacing: 1.0px; line-height: 30px;\">\n<div>Piris S.A.<\/div>\n<div>C\/ Ciutat de Granada, 74<\/div>\n<div>08005 Barcelona<\/div>\n<div class=\"telefon\">93 244 06 66<\/div>\n<div class=\"correu\">info@piris.com<\/div>\n<\/div>\n<p>[\/vc_column_text][vc_column_text]<\/p>\n<div class=\"google-maps\"><iframe loading=\"lazy\" style=\"border: 0;\" src=\"https:\/\/www.google.com\/maps\/embed?pb=!1m18!1m12!1m3!1d2992.8344997756635!2d2.1969733999999974!3d41.399400400000005!2m3!1f0!2f0!3f0!3m2!1i1024!2i768!4f13.1!3m3!1m2!1s0x12a4a2ef2ac6509d%3A0xf38737987ff18f30!2sPiris+S.A.!5e0!3m2!1ses!2ses!4v1438079176206\" width=\"575\" height=\"400\" frameborder=\"0\" allowfullscreen=\"allowfullscreen\"><\/iframe><\/div>\n<p>[\/vc_column_text][\/vc_column][\/vc_row]<\/p>\n<\/div>","protected":false},"excerpt":{"rendered":"<p>[vc_row][vc_column width=&#8221;1\/2&#8243;][vc_column_text] Fundada l&#8217;any 1980, PIRIS \u00e9s una empresa amb experi\u00e8ncia en la distribuci\u00f3 de components el\u00e8ctrics i mec\u00e0nics, i sistemes electr\u00f2nics. Enfocada principalment al sector industrial, t\u00e9 com a objectiu proporcionar solucions avan\u00e7ades que s&#8217;adaptin a les necessitats dels clients. A finals de 2014 vam traslladar les oficines i el nostre magatzem a un&hellip;<\/p>\n","protected":false},"author":6,"featured_media":0,"parent":0,"menu_order":0,"comment_status":"closed","ping_status":"closed","template":"","meta":{"footnotes":""},"yoast_head":"<!-- This site is optimized with the Yoast SEO plugin v23.0 - https:\/\/yoast.com\/wordpress\/plugins\/seo\/ -->\n<title>Empresa distribuidora de componentes electricos | Piris<\/title>\n<meta name=\"description\" content=\"PIRIS es una empresa distribuidora de componentes el\u00e9ctricos, mec\u00e1nicos y electr\u00f3nicos para el sector industrial.\" \/>\n<meta name=\"robots\" content=\"index, follow, max-snippet:-1, max-image-preview:large, max-video-preview:-1\" \/>\n<link rel=\"canonical\" href=\"https:\/\/www.piris.com\/empresa\" \/>\n<meta property=\"og:locale\" content=\"ca_ES\" \/>\n<meta property=\"og:type\" content=\"article\" \/>\n<meta property=\"og:title\" content=\"Empresa distribuidora de componentes electricos | Piris\" \/>\n<meta property=\"og:description\" content=\"PIRIS es una empresa distribuidora de componentes el\u00e9ctricos, mec\u00e1nicos y electr\u00f3nicos para el sector industrial.\" \/>\n<meta property=\"og:url\" content=\"https:\/\/www.piris.com\/empresa\" \/>\n<meta property=\"og:site_name\" content=\"Piris\" \/>\n<meta property=\"article:modified_time\" content=\"2022-07-13T13:37:51+00:00\" \/>\n<meta property=\"og:image\" content=\"https:\/\/www.piris.com\/wp-content\/uploads\/piris-social.jpg\" \/>\n\t<meta property=\"og:image:width\" content=\"200\" \/>\n\t<meta property=\"og:image:height\" content=\"200\" \/>\n\t<meta property=\"og:image:type\" content=\"image\/jpeg\" \/>\n<meta name=\"twitter:card\" content=\"summary_large_image\" \/>\n<meta name=\"twitter:label1\" content=\"Temps estimat de lectura\" \/>\n\t<meta name=\"twitter:data1\" content=\"3 minuts\" \/>\n<script type=\"application\/ld+json\" class=\"yoast-schema-graph\">{\"@context\":\"https:\/\/schema.org\",\"@graph\":[{\"@type\":\"WebPage\",\"@id\":\"https:\/\/www.piris.com\/empresa\",\"url\":\"https:\/\/www.piris.com\/empresa\",\"name\":\"Empresa distribuidora de componentes electricos | Piris\",\"isPartOf\":{\"@id\":\"https:\/\/www.piris.com\/#website\"},\"datePublished\":\"2015-07-27T10:12:37+00:00\",\"dateModified\":\"2022-07-13T13:37:51+00:00\",\"description\":\"PIRIS es una empresa distribuidora de componentes el\u00e9ctricos, mec\u00e1nicos y electr\u00f3nicos para el sector industrial.\",\"breadcrumb\":{\"@id\":\"https:\/\/www.piris.com\/empresa#breadcrumb\"},\"inLanguage\":\"ca\",\"potentialAction\":[{\"@type\":\"ReadAction\",\"target\":[\"https:\/\/www.piris.com\/empresa\"]}]},{\"@type\":\"BreadcrumbList\",\"@id\":\"https:\/\/www.piris.com\/empresa#breadcrumb\",\"itemListElement\":[{\"@type\":\"ListItem\",\"position\":1,\"name\":\"Portada\",\"item\":\"https:\/\/www.piris.com\/ca\"},{\"@type\":\"ListItem\",\"position\":2,\"name\":\"Empresa\"}]},{\"@type\":\"WebSite\",\"@id\":\"https:\/\/www.piris.com\/#website\",\"url\":\"https:\/\/www.piris.com\/\",\"name\":\"Piris\",\"description\":\"Components el\u00e8ctrics, mec\u00e0nics i electr\u00f2nics\",\"publisher\":{\"@id\":\"https:\/\/www.piris.com\/#organization\"},\"potentialAction\":[{\"@type\":\"SearchAction\",\"target\":{\"@type\":\"EntryPoint\",\"urlTemplate\":\"https:\/\/www.piris.com\/?s={search_term_string}\"},\"query-input\":\"required name=search_term_string\"}],\"inLanguage\":\"ca\"},{\"@type\":\"Organization\",\"@id\":\"https:\/\/www.piris.com\/#organization\",\"name\":\"PIRIS\",\"url\":\"https:\/\/www.piris.com\/\",\"logo\":{\"@type\":\"ImageObject\",\"inLanguage\":\"ca\",\"@id\":\"https:\/\/www.piris.com\/#\/schema\/logo\/image\/\",\"url\":\"https:\/\/www.piris.com\/wp-content\/uploads\/29-PIRIS.png\",\"contentUrl\":\"https:\/\/www.piris.com\/wp-content\/uploads\/29-PIRIS.png\",\"width\":1280,\"height\":720,\"caption\":\"PIRIS\"},\"image\":{\"@id\":\"https:\/\/www.piris.com\/#\/schema\/logo\/image\/\"},\"sameAs\":[\"https:\/\/www.linkedin.com\/company\/piris\/\"]}]}<\/script>\n<!-- \/ Yoast SEO plugin. -->","yoast_head_json":{"title":"Empresa distribuidora de componentes electricos | Piris","description":"PIRIS es una empresa distribuidora de componentes el\u00e9ctricos, mec\u00e1nicos y electr\u00f3nicos para el sector industrial.","robots":{"index":"index","follow":"follow","max-snippet":"max-snippet:-1","max-image-preview":"max-image-preview:large","max-video-preview":"max-video-preview:-1"},"canonical":"https:\/\/www.piris.com\/empresa","og_locale":"ca_ES","og_type":"article","og_title":"Empresa distribuidora de componentes electricos | Piris","og_description":"PIRIS es una empresa distribuidora de componentes el\u00e9ctricos, mec\u00e1nicos y electr\u00f3nicos para el sector industrial.","og_url":"https:\/\/www.piris.com\/empresa","og_site_name":"Piris","article_modified_time":"2022-07-13T13:37:51+00:00","og_image":[{"width":200,"height":200,"url":"https:\/\/www.piris.com\/wp-content\/uploads\/piris-social.jpg","type":"image\/jpeg"}],"twitter_card":"summary_large_image","twitter_misc":{"Temps estimat de lectura":"3 minuts"},"schema":{"@context":"https:\/\/schema.org","@graph":[{"@type":"WebPage","@id":"https:\/\/www.piris.com\/empresa","url":"https:\/\/www.piris.com\/empresa","name":"Empresa distribuidora de componentes electricos | Piris","isPartOf":{"@id":"https:\/\/www.piris.com\/#website"},"datePublished":"2015-07-27T10:12:37+00:00","dateModified":"2022-07-13T13:37:51+00:00","description":"PIRIS es una empresa distribuidora de componentes el\u00e9ctricos, mec\u00e1nicos y electr\u00f3nicos para el sector industrial.","breadcrumb":{"@id":"https:\/\/www.piris.com\/empresa#breadcrumb"},"inLanguage":"ca","potentialAction":[{"@type":"ReadAction","target":["https:\/\/www.piris.com\/empresa"]}]},{"@type":"BreadcrumbList","@id":"https:\/\/www.piris.com\/empresa#breadcrumb","itemListElement":[{"@type":"ListItem","position":1,"name":"Portada","item":"https:\/\/www.piris.com\/ca"},{"@type":"ListItem","position":2,"name":"Empresa"}]},{"@type":"WebSite","@id":"https:\/\/www.piris.com\/#website","url":"https:\/\/www.piris.com\/","name":"Piris","description":"Components el\u00e8ctrics, mec\u00e0nics i electr\u00f2nics","publisher":{"@id":"https:\/\/www.piris.com\/#organization"},"potentialAction":[{"@type":"SearchAction","target":{"@type":"EntryPoint","urlTemplate":"https:\/\/www.piris.com\/?s={search_term_string}"},"query-input":"required name=search_term_string"}],"inLanguage":"ca"},{"@type":"Organization","@id":"https:\/\/www.piris.com\/#organization","name":"PIRIS","url":"https:\/\/www.piris.com\/","logo":{"@type":"ImageObject","inLanguage":"ca","@id":"https:\/\/www.piris.com\/#\/schema\/logo\/image\/","url":"https:\/\/www.piris.com\/wp-content\/uploads\/29-PIRIS.png","contentUrl":"https:\/\/www.piris.com\/wp-content\/uploads\/29-PIRIS.png","width":1280,"height":720,"caption":"PIRIS"},"image":{"@id":"https:\/\/www.piris.com\/#\/schema\/logo\/image\/"},"sameAs":["https:\/\/www.linkedin.com\/company\/piris\/"]}]}},"_links":{"self":[{"href":"https:\/\/www.piris.com\/ca\/wp-json\/wp\/v2\/pages\/3654"}],"collection":[{"href":"https:\/\/www.piris.com\/ca\/wp-json\/wp\/v2\/pages"}],"about":[{"href":"https:\/\/www.piris.com\/ca\/wp-json\/wp\/v2\/types\/page"}],"author":[{"embeddable":true,"href":"https:\/\/www.piris.com\/ca\/wp-json\/wp\/v2\/users\/6"}],"replies":[{"embeddable":true,"href":"https:\/\/www.piris.com\/ca\/wp-json\/wp\/v2\/comments?post=3654"}],"version-history":[{"count":0,"href":"https:\/\/www.piris.com\/ca\/wp-json\/wp\/v2\/pages\/3654\/revisions"}],"wp:attachment":[{"href":"https:\/\/www.piris.com\/ca\/wp-json\/wp\/v2\/media?parent=3654"}],"curies":[{"name":"wp","href":"https:\/\/api.w.org\/{rel}","templated":true}]}}