{"id":11709,"date":"2016-03-01T10:10:05","date_gmt":"2016-03-01T09:10:05","guid":{"rendered":"http:\/\/piris.com\/catalogo-de-productos\/fan-coil-sisme-2\/"},"modified":"2022-08-07T20:49:04","modified_gmt":"2022-08-07T18:49:04","slug":"fan-coil-sisme-2","status":"publish","type":"product","link":"https:\/\/www.piris.com\/ca\/cataleg-de-productes\/motors\/motors-fan-coil-split\/fan-coil-sisme-2","title":{"rendered":"FAN-COIL (SISME)"},"content":{"rendered":"","protected":false},"excerpt":{"rendered":"<p><strong>Motors SISME per recanvi<\/strong><\/p>\n<p>Disposem d&#8217;una gamma especial de\u00a0motors,\u00a0que s&#8217;utilitzen en\u00a0la majoria\u00a0d&#8217;equips muntats en hotels, restaurants, oficines, locals comercials i altres no dom\u00e8stics.<\/p>\n<p>Caracter\u00edstiques principals:<\/p>\n<p>&#8211; Pot\u00e8ncies entre 27W i 420W<\/p>\n<p>&#8211; 7 velocitats\u00a0consecutives<\/p>\n<p>&#8211; Possibilitat de regular la dist\u00e0ncia de fixaci\u00f3 lliscant els anells d&#8217;amortiguaci\u00f3<\/p>\n<p>&#8211; Disponibilitat immediata per als tipus est\u00e0ndard<\/p>\n<p>El nostre\u00a0servei de distribuci\u00f3 per al sector de climatitzaci\u00f3 est\u00e0 preparat per subministrar directament des del nostre magatzem els motors\u00a0per recanvis adaptables a diferents aplicacions:<\/p>\n<p>Motors per ventiladors centr\u00edfugs\/tangencials, cassette, unitats exteriors de condensaci\u00f3 i grups de ventilaci\u00f3 D.D.<\/p>\n<p><strong>Posibilitat de venta unit\u00e0ria<\/strong><\/p>\n<p>MOTOR INTERCANVIABLE SISME<\/p>\n<p><a href=\"https:\/\/www.piris.com\/wp-content\/uploads\/FAN-COIL-SISME-DATA-SHEET.pdf\">FAN-COIL SISME DATA SHEET<\/a><\/p>\n","protected":false},"featured_media":15167,"comment_status":"closed","ping_status":"closed","template":"","meta":[],"product_cat":[446],"product_tag":[],"yoast_head":"<!-- This site is optimized with the Yoast SEO plugin v23.0 - https:\/\/yoast.com\/wordpress\/plugins\/seo\/ -->\n<title>FAN-COIL (SISME) | Piris<\/title>\n<meta name=\"robots\" content=\"index, follow, max-snippet:-1, max-image-preview:large, max-video-preview:-1\" \/>\n<link rel=\"canonical\" href=\"https:\/\/www.piris.com\/cataleg-de-productes\/motores\/motores-fan-coil-split\/fan-coil-sisme\" \/>\n<meta property=\"og:locale\" content=\"ca_ES\" \/>\n<meta property=\"og:type\" content=\"article\" \/>\n<meta property=\"og:title\" content=\"FAN-COIL (SISME) | Piris\" \/>\n<meta property=\"og:description\" content=\"Motors SISME per recanvi  Disposem d&#039;una gamma especial de\u00a0motors,\u00a0que s&#039;utilitzen en\u00a0la majoria\u00a0d&#039;equips muntats en hotels, restaurants, oficines, locals comercials i altres no dom\u00e8stics.  Caracter\u00edstiques principals:  - Pot\u00e8ncies entre 27W i 420W  - 7 velocitats\u00a0consecutives  - Possibilitat de regular la dist\u00e0ncia de fixaci\u00f3 lliscant els anells d&#039;amortiguaci\u00f3  - Disponibilitat immediata per als tipus est\u00e0ndard  El nostre\u00a0servei de distribuci\u00f3 per al sector de climatitzaci\u00f3 est\u00e0 preparat per subministrar directament des del nostre magatzem els motors\u00a0per recanvis adaptables a diferents aplicacions:  Motors per ventiladors centr\u00edfugs\/tangencials, cassette, unitats exteriors de condensaci\u00f3 i grups de ventilaci\u00f3 D.D.  Posibilitat de venta unit\u00e0ria  MOTOR INTERCANVIABLE SISME  FAN-COIL SISME DATA SHEET\" \/>\n<meta property=\"og:url\" content=\"https:\/\/www.piris.com\/cataleg-de-productes\/motores\/motores-fan-coil-split\/fan-coil-sisme\" \/>\n<meta property=\"og:site_name\" content=\"Piris\" \/>\n<meta property=\"article:modified_time\" content=\"2022-08-07T18:49:04+00:00\" \/>\n<meta property=\"og:image\" content=\"https:\/\/www.piris.com\/wp-content\/uploads\/PRODUCTOS-FANCOIL-SISME.png\" \/>\n\t<meta property=\"og:image:width\" content=\"945\" \/>\n\t<meta property=\"og:image:height\" content=\"945\" \/>\n\t<meta property=\"og:image:type\" content=\"image\/png\" \/>\n<meta name=\"twitter:card\" content=\"summary_large_image\" \/>\n<script type=\"application\/ld+json\" class=\"yoast-schema-graph\">{\"@context\":\"https:\/\/schema.org\",\"@graph\":[{\"@type\":\"WebPage\",\"@id\":\"https:\/\/www.piris.com\/cataleg-de-productes\/motores\/motores-fan-coil-split\/fan-coil-sisme\",\"url\":\"https:\/\/www.piris.com\/cataleg-de-productes\/motores\/motores-fan-coil-split\/fan-coil-sisme\",\"name\":\"FAN-COIL (SISME) | Piris\",\"isPartOf\":{\"@id\":\"https:\/\/www.piris.com\/#website\"},\"primaryImageOfPage\":{\"@id\":\"https:\/\/www.piris.com\/cataleg-de-productes\/motores\/motores-fan-coil-split\/fan-coil-sisme#primaryimage\"},\"image\":{\"@id\":\"https:\/\/www.piris.com\/cataleg-de-productes\/motores\/motores-fan-coil-split\/fan-coil-sisme#primaryimage\"},\"thumbnailUrl\":\"https:\/\/www.piris.com\/wp-content\/uploads\/PRODUCTOS-FANCOIL-SISME.png\",\"datePublished\":\"2016-03-01T09:10:05+00:00\",\"dateModified\":\"2022-08-07T18:49:04+00:00\",\"breadcrumb\":{\"@id\":\"https:\/\/www.piris.com\/cataleg-de-productes\/motores\/motores-fan-coil-split\/fan-coil-sisme#breadcrumb\"},\"inLanguage\":\"ca\",\"potentialAction\":[{\"@type\":\"ReadAction\",\"target\":[\"https:\/\/www.piris.com\/cataleg-de-productes\/motores\/motores-fan-coil-split\/fan-coil-sisme\"]}]},{\"@type\":\"ImageObject\",\"inLanguage\":\"ca\",\"@id\":\"https:\/\/www.piris.com\/cataleg-de-productes\/motores\/motores-fan-coil-split\/fan-coil-sisme#primaryimage\",\"url\":\"https:\/\/www.piris.com\/wp-content\/uploads\/PRODUCTOS-FANCOIL-SISME.png\",\"contentUrl\":\"https:\/\/www.piris.com\/wp-content\/uploads\/PRODUCTOS-FANCOIL-SISME.png\",\"width\":945,\"height\":945},{\"@type\":\"BreadcrumbList\",\"@id\":\"https:\/\/www.piris.com\/cataleg-de-productes\/motores\/motores-fan-coil-split\/fan-coil-sisme#breadcrumb\",\"itemListElement\":[{\"@type\":\"ListItem\",\"position\":1,\"name\":\"Portada\",\"item\":\"https:\/\/www.piris.com\/ca\"},{\"@type\":\"ListItem\",\"position\":2,\"name\":\"Cat\u00e0leg de productes\",\"item\":\"https:\/\/www.piris.com\/ca\/cataleg-de-productes\"},{\"@type\":\"ListItem\",\"position\":3,\"name\":\"FAN-COIL (SISME)\"}]},{\"@type\":\"WebSite\",\"@id\":\"https:\/\/www.piris.com\/#website\",\"url\":\"https:\/\/www.piris.com\/\",\"name\":\"Piris\",\"description\":\"Components el\u00e8ctrics, mec\u00e0nics i electr\u00f2nics\",\"publisher\":{\"@id\":\"https:\/\/www.piris.com\/#organization\"},\"potentialAction\":[{\"@type\":\"SearchAction\",\"target\":{\"@type\":\"EntryPoint\",\"urlTemplate\":\"https:\/\/www.piris.com\/?s={search_term_string}\"},\"query-input\":\"required name=search_term_string\"}],\"inLanguage\":\"ca\"},{\"@type\":\"Organization\",\"@id\":\"https:\/\/www.piris.com\/#organization\",\"name\":\"PIRIS\",\"url\":\"https:\/\/www.piris.com\/\",\"logo\":{\"@type\":\"ImageObject\",\"inLanguage\":\"ca\",\"@id\":\"https:\/\/www.piris.com\/#\/schema\/logo\/image\/\",\"url\":\"https:\/\/www.piris.com\/wp-content\/uploads\/29-PIRIS.png\",\"contentUrl\":\"https:\/\/www.piris.com\/wp-content\/uploads\/29-PIRIS.png\",\"width\":1280,\"height\":720,\"caption\":\"PIRIS\"},\"image\":{\"@id\":\"https:\/\/www.piris.com\/#\/schema\/logo\/image\/\"},\"sameAs\":[\"https:\/\/www.linkedin.com\/company\/piris\/\"]}]}<\/script>\n<!-- \/ Yoast SEO plugin. -->","yoast_head_json":{"title":"FAN-COIL (SISME) | Piris","robots":{"index":"index","follow":"follow","max-snippet":"max-snippet:-1","max-image-preview":"max-image-preview:large","max-video-preview":"max-video-preview:-1"},"canonical":"https:\/\/www.piris.com\/cataleg-de-productes\/motores\/motores-fan-coil-split\/fan-coil-sisme","og_locale":"ca_ES","og_type":"article","og_title":"FAN-COIL (SISME) | Piris","og_description":"Motors SISME per recanvi  Disposem d'una gamma especial de\u00a0motors,\u00a0que s'utilitzen en\u00a0la majoria\u00a0d'equips muntats en hotels, restaurants, oficines, locals comercials i altres no dom\u00e8stics.  Caracter\u00edstiques principals:  - Pot\u00e8ncies entre 27W i 420W  - 7 velocitats\u00a0consecutives  - Possibilitat de regular la dist\u00e0ncia de fixaci\u00f3 lliscant els anells d'amortiguaci\u00f3  - Disponibilitat immediata per als tipus est\u00e0ndard  El nostre\u00a0servei de distribuci\u00f3 per al sector de climatitzaci\u00f3 est\u00e0 preparat per subministrar directament des del nostre magatzem els motors\u00a0per recanvis adaptables a diferents aplicacions:  Motors per ventiladors centr\u00edfugs\/tangencials, cassette, unitats exteriors de condensaci\u00f3 i grups de ventilaci\u00f3 D.D.  Posibilitat de venta unit\u00e0ria  MOTOR INTERCANVIABLE SISME  FAN-COIL SISME DATA SHEET","og_url":"https:\/\/www.piris.com\/cataleg-de-productes\/motores\/motores-fan-coil-split\/fan-coil-sisme","og_site_name":"Piris","article_modified_time":"2022-08-07T18:49:04+00:00","og_image":[{"width":945,"height":945,"url":"https:\/\/www.piris.com\/wp-content\/uploads\/PRODUCTOS-FANCOIL-SISME.png","type":"image\/png"}],"twitter_card":"summary_large_image","schema":{"@context":"https:\/\/schema.org","@graph":[{"@type":"WebPage","@id":"https:\/\/www.piris.com\/cataleg-de-productes\/motores\/motores-fan-coil-split\/fan-coil-sisme","url":"https:\/\/www.piris.com\/cataleg-de-productes\/motores\/motores-fan-coil-split\/fan-coil-sisme","name":"FAN-COIL (SISME) | Piris","isPartOf":{"@id":"https:\/\/www.piris.com\/#website"},"primaryImageOfPage":{"@id":"https:\/\/www.piris.com\/cataleg-de-productes\/motores\/motores-fan-coil-split\/fan-coil-sisme#primaryimage"},"image":{"@id":"https:\/\/www.piris.com\/cataleg-de-productes\/motores\/motores-fan-coil-split\/fan-coil-sisme#primaryimage"},"thumbnailUrl":"https:\/\/www.piris.com\/wp-content\/uploads\/PRODUCTOS-FANCOIL-SISME.png","datePublished":"2016-03-01T09:10:05+00:00","dateModified":"2022-08-07T18:49:04+00:00","breadcrumb":{"@id":"https:\/\/www.piris.com\/cataleg-de-productes\/motores\/motores-fan-coil-split\/fan-coil-sisme#breadcrumb"},"inLanguage":"ca","potentialAction":[{"@type":"ReadAction","target":["https:\/\/www.piris.com\/cataleg-de-productes\/motores\/motores-fan-coil-split\/fan-coil-sisme"]}]},{"@type":"ImageObject","inLanguage":"ca","@id":"https:\/\/www.piris.com\/cataleg-de-productes\/motores\/motores-fan-coil-split\/fan-coil-sisme#primaryimage","url":"https:\/\/www.piris.com\/wp-content\/uploads\/PRODUCTOS-FANCOIL-SISME.png","contentUrl":"https:\/\/www.piris.com\/wp-content\/uploads\/PRODUCTOS-FANCOIL-SISME.png","width":945,"height":945},{"@type":"BreadcrumbList","@id":"https:\/\/www.piris.com\/cataleg-de-productes\/motores\/motores-fan-coil-split\/fan-coil-sisme#breadcrumb","itemListElement":[{"@type":"ListItem","position":1,"name":"Portada","item":"https:\/\/www.piris.com\/ca"},{"@type":"ListItem","position":2,"name":"Cat\u00e0leg de productes","item":"https:\/\/www.piris.com\/ca\/cataleg-de-productes"},{"@type":"ListItem","position":3,"name":"FAN-COIL (SISME)"}]},{"@type":"WebSite","@id":"https:\/\/www.piris.com\/#website","url":"https:\/\/www.piris.com\/","name":"Piris","description":"Components el\u00e8ctrics, mec\u00e0nics i electr\u00f2nics","publisher":{"@id":"https:\/\/www.piris.com\/#organization"},"potentialAction":[{"@type":"SearchAction","target":{"@type":"EntryPoint","urlTemplate":"https:\/\/www.piris.com\/?s={search_term_string}"},"query-input":"required name=search_term_string"}],"inLanguage":"ca"},{"@type":"Organization","@id":"https:\/\/www.piris.com\/#organization","name":"PIRIS","url":"https:\/\/www.piris.com\/","logo":{"@type":"ImageObject","inLanguage":"ca","@id":"https:\/\/www.piris.com\/#\/schema\/logo\/image\/","url":"https:\/\/www.piris.com\/wp-content\/uploads\/29-PIRIS.png","contentUrl":"https:\/\/www.piris.com\/wp-content\/uploads\/29-PIRIS.png","width":1280,"height":720,"caption":"PIRIS"},"image":{"@id":"https:\/\/www.piris.com\/#\/schema\/logo\/image\/"},"sameAs":["https:\/\/www.linkedin.com\/company\/piris\/"]}]}},"_links":{"self":[{"href":"https:\/\/www.piris.com\/ca\/wp-json\/wp\/v2\/product\/11709"}],"collection":[{"href":"https:\/\/www.piris.com\/ca\/wp-json\/wp\/v2\/product"}],"about":[{"href":"https:\/\/www.piris.com\/ca\/wp-json\/wp\/v2\/types\/product"}],"replies":[{"embeddable":true,"href":"https:\/\/www.piris.com\/ca\/wp-json\/wp\/v2\/comments?post=11709"}],"wp:featuredmedia":[{"embeddable":true,"href":"https:\/\/www.piris.com\/ca\/wp-json\/wp\/v2\/media\/15167"}],"wp:attachment":[{"href":"https:\/\/www.piris.com\/ca\/wp-json\/wp\/v2\/media?parent=11709"}],"wp:term":[{"taxonomy":"product_cat","embeddable":true,"href":"https:\/\/www.piris.com\/ca\/wp-json\/wp\/v2\/product_cat?post=11709"},{"taxonomy":"product_tag","embeddable":true,"href":"https:\/\/www.piris.com\/ca\/wp-json\/wp\/v2\/product_tag?post=11709"}],"curies":[{"name":"wp","href":"https:\/\/api.w.org\/{rel}","templated":true}]}}