{"id":11761,"date":"2016-02-25T15:48:20","date_gmt":"2016-02-25T14:48:20","guid":{"rendered":"http:\/\/piris.com\/catalogo-de-productos\/ok650-2\/"},"modified":"2024-07-11T16:53:55","modified_gmt":"2024-07-11T14:53:55","slug":"ok650","status":"publish","type":"product","link":"https:\/\/www.piris.com\/ca\/cataleg-de-productes\/elements-de-connexio\/caixes-de-connexio\/ok650","title":{"rendered":"OK650"},"content":{"rendered":"","protected":false},"excerpt":{"rendered":"<p>VERSIONS DISPONIBLES: V0 i V2 \u00a0NO FLAME<\/p>\n<p><a href=\"https:\/\/www.piris.com\/wp-content\/uploads\/OK650-1.pdf\" rel=\"\">Fitxa T\u00e8cnica OK650<\/a><\/p>\n","protected":false},"featured_media":21172,"comment_status":"closed","ping_status":"closed","template":"","meta":[],"product_cat":[332],"product_tag":[],"yoast_head":"<!-- This site is optimized with the Yoast SEO plugin v23.0 - https:\/\/yoast.com\/wordpress\/plugins\/seo\/ -->\n<title>OK650 | Piris<\/title>\n<meta name=\"robots\" content=\"index, follow, max-snippet:-1, max-image-preview:large, max-video-preview:-1\" \/>\n<link rel=\"canonical\" href=\"https:\/\/www.piris.com\/ca\/cataleg-de-productes\/elements-de-connexio\/caixes-de-connexio\/ok650\" \/>\n<meta property=\"og:locale\" content=\"ca_ES\" \/>\n<meta property=\"og:type\" content=\"article\" \/>\n<meta property=\"og:title\" content=\"OK650 | Piris\" \/>\n<meta property=\"og:description\" content=\"VERSIONS DISPONIBLES: V0 i V2 \u00a0NO FLAME  Fitxa T\u00e8cnica OK650\" \/>\n<meta property=\"og:url\" content=\"https:\/\/www.piris.com\/ca\/cataleg-de-productes\/elements-de-connexio\/caixes-de-connexio\/ok650\" \/>\n<meta property=\"og:site_name\" content=\"Piris\" \/>\n<meta property=\"article:modified_time\" content=\"2024-07-11T14:53:55+00:00\" \/>\n<meta property=\"og:image\" content=\"https:\/\/www.piris.com\/wp-content\/uploads\/OK650-3.jpg\" \/>\n\t<meta property=\"og:image:width\" content=\"332\" \/>\n\t<meta property=\"og:image:height\" content=\"271\" \/>\n\t<meta property=\"og:image:type\" content=\"image\/jpeg\" \/>\n<meta name=\"twitter:card\" content=\"summary_large_image\" \/>\n<meta name=\"twitter:label1\" content=\"Temps estimat de lectura\" \/>\n\t<meta name=\"twitter:data1\" content=\"1 minut\" \/>\n<script type=\"application\/ld+json\" class=\"yoast-schema-graph\">{\"@context\":\"https:\/\/schema.org\",\"@graph\":[{\"@type\":\"WebPage\",\"@id\":\"https:\/\/www.piris.com\/ca\/cataleg-de-productes\/elements-de-connexio\/caixes-de-connexio\/ok650\",\"url\":\"https:\/\/www.piris.com\/ca\/cataleg-de-productes\/elements-de-connexio\/caixes-de-connexio\/ok650\",\"name\":\"OK650 | Piris\",\"isPartOf\":{\"@id\":\"https:\/\/www.piris.com\/#website\"},\"primaryImageOfPage\":{\"@id\":\"https:\/\/www.piris.com\/ca\/cataleg-de-productes\/elements-de-connexio\/caixes-de-connexio\/ok650#primaryimage\"},\"image\":{\"@id\":\"https:\/\/www.piris.com\/ca\/cataleg-de-productes\/elements-de-connexio\/caixes-de-connexio\/ok650#primaryimage\"},\"thumbnailUrl\":\"https:\/\/www.piris.com\/wp-content\/uploads\/OK650-3.jpg\",\"datePublished\":\"2016-02-25T14:48:20+00:00\",\"dateModified\":\"2024-07-11T14:53:55+00:00\",\"breadcrumb\":{\"@id\":\"https:\/\/www.piris.com\/ca\/cataleg-de-productes\/elements-de-connexio\/caixes-de-connexio\/ok650#breadcrumb\"},\"inLanguage\":\"ca\",\"potentialAction\":[{\"@type\":\"ReadAction\",\"target\":[\"https:\/\/www.piris.com\/ca\/cataleg-de-productes\/elements-de-connexio\/caixes-de-connexio\/ok650\"]}]},{\"@type\":\"ImageObject\",\"inLanguage\":\"ca\",\"@id\":\"https:\/\/www.piris.com\/ca\/cataleg-de-productes\/elements-de-connexio\/caixes-de-connexio\/ok650#primaryimage\",\"url\":\"https:\/\/www.piris.com\/wp-content\/uploads\/OK650-3.jpg\",\"contentUrl\":\"https:\/\/www.piris.com\/wp-content\/uploads\/OK650-3.jpg\",\"width\":332,\"height\":271},{\"@type\":\"BreadcrumbList\",\"@id\":\"https:\/\/www.piris.com\/ca\/cataleg-de-productes\/elements-de-connexio\/caixes-de-connexio\/ok650#breadcrumb\",\"itemListElement\":[{\"@type\":\"ListItem\",\"position\":1,\"name\":\"Portada\",\"item\":\"https:\/\/www.piris.com\/ca\"},{\"@type\":\"ListItem\",\"position\":2,\"name\":\"Cat\u00e0leg de productes\",\"item\":\"https:\/\/www.piris.com\/ca\/cataleg-de-productes\"},{\"@type\":\"ListItem\",\"position\":3,\"name\":\"OK650\"}]},{\"@type\":\"WebSite\",\"@id\":\"https:\/\/www.piris.com\/#website\",\"url\":\"https:\/\/www.piris.com\/\",\"name\":\"Piris\",\"description\":\"Components el\u00e8ctrics, mec\u00e0nics i electr\u00f2nics\",\"publisher\":{\"@id\":\"https:\/\/www.piris.com\/#organization\"},\"potentialAction\":[{\"@type\":\"SearchAction\",\"target\":{\"@type\":\"EntryPoint\",\"urlTemplate\":\"https:\/\/www.piris.com\/?s={search_term_string}\"},\"query-input\":\"required name=search_term_string\"}],\"inLanguage\":\"ca\"},{\"@type\":\"Organization\",\"@id\":\"https:\/\/www.piris.com\/#organization\",\"name\":\"PIRIS\",\"url\":\"https:\/\/www.piris.com\/\",\"logo\":{\"@type\":\"ImageObject\",\"inLanguage\":\"ca\",\"@id\":\"https:\/\/www.piris.com\/#\/schema\/logo\/image\/\",\"url\":\"https:\/\/www.piris.com\/wp-content\/uploads\/29-PIRIS.png\",\"contentUrl\":\"https:\/\/www.piris.com\/wp-content\/uploads\/29-PIRIS.png\",\"width\":1280,\"height\":720,\"caption\":\"PIRIS\"},\"image\":{\"@id\":\"https:\/\/www.piris.com\/#\/schema\/logo\/image\/\"},\"sameAs\":[\"https:\/\/www.linkedin.com\/company\/piris\/\"]}]}<\/script>\n<!-- \/ Yoast SEO plugin. -->","yoast_head_json":{"title":"OK650 | Piris","robots":{"index":"index","follow":"follow","max-snippet":"max-snippet:-1","max-image-preview":"max-image-preview:large","max-video-preview":"max-video-preview:-1"},"canonical":"https:\/\/www.piris.com\/ca\/cataleg-de-productes\/elements-de-connexio\/caixes-de-connexio\/ok650","og_locale":"ca_ES","og_type":"article","og_title":"OK650 | Piris","og_description":"VERSIONS DISPONIBLES: V0 i V2 \u00a0NO FLAME  Fitxa T\u00e8cnica OK650","og_url":"https:\/\/www.piris.com\/ca\/cataleg-de-productes\/elements-de-connexio\/caixes-de-connexio\/ok650","og_site_name":"Piris","article_modified_time":"2024-07-11T14:53:55+00:00","og_image":[{"width":332,"height":271,"url":"https:\/\/www.piris.com\/wp-content\/uploads\/OK650-3.jpg","type":"image\/jpeg"}],"twitter_card":"summary_large_image","twitter_misc":{"Temps estimat de lectura":"1 minut"},"schema":{"@context":"https:\/\/schema.org","@graph":[{"@type":"WebPage","@id":"https:\/\/www.piris.com\/ca\/cataleg-de-productes\/elements-de-connexio\/caixes-de-connexio\/ok650","url":"https:\/\/www.piris.com\/ca\/cataleg-de-productes\/elements-de-connexio\/caixes-de-connexio\/ok650","name":"OK650 | Piris","isPartOf":{"@id":"https:\/\/www.piris.com\/#website"},"primaryImageOfPage":{"@id":"https:\/\/www.piris.com\/ca\/cataleg-de-productes\/elements-de-connexio\/caixes-de-connexio\/ok650#primaryimage"},"image":{"@id":"https:\/\/www.piris.com\/ca\/cataleg-de-productes\/elements-de-connexio\/caixes-de-connexio\/ok650#primaryimage"},"thumbnailUrl":"https:\/\/www.piris.com\/wp-content\/uploads\/OK650-3.jpg","datePublished":"2016-02-25T14:48:20+00:00","dateModified":"2024-07-11T14:53:55+00:00","breadcrumb":{"@id":"https:\/\/www.piris.com\/ca\/cataleg-de-productes\/elements-de-connexio\/caixes-de-connexio\/ok650#breadcrumb"},"inLanguage":"ca","potentialAction":[{"@type":"ReadAction","target":["https:\/\/www.piris.com\/ca\/cataleg-de-productes\/elements-de-connexio\/caixes-de-connexio\/ok650"]}]},{"@type":"ImageObject","inLanguage":"ca","@id":"https:\/\/www.piris.com\/ca\/cataleg-de-productes\/elements-de-connexio\/caixes-de-connexio\/ok650#primaryimage","url":"https:\/\/www.piris.com\/wp-content\/uploads\/OK650-3.jpg","contentUrl":"https:\/\/www.piris.com\/wp-content\/uploads\/OK650-3.jpg","width":332,"height":271},{"@type":"BreadcrumbList","@id":"https:\/\/www.piris.com\/ca\/cataleg-de-productes\/elements-de-connexio\/caixes-de-connexio\/ok650#breadcrumb","itemListElement":[{"@type":"ListItem","position":1,"name":"Portada","item":"https:\/\/www.piris.com\/ca"},{"@type":"ListItem","position":2,"name":"Cat\u00e0leg de productes","item":"https:\/\/www.piris.com\/ca\/cataleg-de-productes"},{"@type":"ListItem","position":3,"name":"OK650"}]},{"@type":"WebSite","@id":"https:\/\/www.piris.com\/#website","url":"https:\/\/www.piris.com\/","name":"Piris","description":"Components el\u00e8ctrics, mec\u00e0nics i electr\u00f2nics","publisher":{"@id":"https:\/\/www.piris.com\/#organization"},"potentialAction":[{"@type":"SearchAction","target":{"@type":"EntryPoint","urlTemplate":"https:\/\/www.piris.com\/?s={search_term_string}"},"query-input":"required name=search_term_string"}],"inLanguage":"ca"},{"@type":"Organization","@id":"https:\/\/www.piris.com\/#organization","name":"PIRIS","url":"https:\/\/www.piris.com\/","logo":{"@type":"ImageObject","inLanguage":"ca","@id":"https:\/\/www.piris.com\/#\/schema\/logo\/image\/","url":"https:\/\/www.piris.com\/wp-content\/uploads\/29-PIRIS.png","contentUrl":"https:\/\/www.piris.com\/wp-content\/uploads\/29-PIRIS.png","width":1280,"height":720,"caption":"PIRIS"},"image":{"@id":"https:\/\/www.piris.com\/#\/schema\/logo\/image\/"},"sameAs":["https:\/\/www.linkedin.com\/company\/piris\/"]}]}},"_links":{"self":[{"href":"https:\/\/www.piris.com\/ca\/wp-json\/wp\/v2\/product\/11761"}],"collection":[{"href":"https:\/\/www.piris.com\/ca\/wp-json\/wp\/v2\/product"}],"about":[{"href":"https:\/\/www.piris.com\/ca\/wp-json\/wp\/v2\/types\/product"}],"replies":[{"embeddable":true,"href":"https:\/\/www.piris.com\/ca\/wp-json\/wp\/v2\/comments?post=11761"}],"wp:featuredmedia":[{"embeddable":true,"href":"https:\/\/www.piris.com\/ca\/wp-json\/wp\/v2\/media\/21172"}],"wp:attachment":[{"href":"https:\/\/www.piris.com\/ca\/wp-json\/wp\/v2\/media?parent=11761"}],"wp:term":[{"taxonomy":"product_cat","embeddable":true,"href":"https:\/\/www.piris.com\/ca\/wp-json\/wp\/v2\/product_cat?post=11761"},{"taxonomy":"product_tag","embeddable":true,"href":"https:\/\/www.piris.com\/ca\/wp-json\/wp\/v2\/product_tag?post=11761"}],"curies":[{"name":"wp","href":"https:\/\/api.w.org\/{rel}","templated":true}]}}