{"id":11764,"date":"2015-09-15T12:00:11","date_gmt":"2015-09-15T10:00:11","guid":{"rendered":"http:\/\/piris.com\/catalogo-de-productos\/a13-2\/"},"modified":"2015-09-15T12:00:11","modified_gmt":"2015-09-15T10:00:11","slug":"a13-2","status":"publish","type":"product","link":"https:\/\/www.piris.com\/ca\/cataleg-de-productes\/protectors-termics-i-termostats\/termostats-fred\/a13-2","title":{"rendered":"A13"},"content":{"rendered":"","protected":false},"excerpt":{"rendered":"<p><strong>MODEL A13 &#8211; AMB TALL CONSTANT i INTERRUPTOR AUXILIAR<\/strong><\/p>\n<p>El term\u00f2stat A13 \u00e9s de tall constant i diferencial variable.<\/p>\n<p>La difer\u00e8ncia entre la temperatura de tall i la d&#8217;obertura \u00e9s variable en totes les posicions del camp de regulaci\u00f3.<\/p>\n<p>El term\u00f2stat A13 incorpora un interruptor auxiliar d&#8217;Off, muntat en s\u00e8rie a l&#8217;interruptor principal. S&#8217;interv\u00e9 rotant manualment l&#8217;eix en sentit horari.<\/p>\n<p>El tarat s&#8217;efectua considerant una pressi\u00f3 barom\u00e8trica de 740mmHg.<\/p>\n<p><strong>APLICACIONS<br \/><\/strong>Aquest model est\u00e0 destinat al control de la temperatura d&#8217;evaporadors de:<br \/>&#8211; Frigor\u00edfics de 2 portes<br \/>&#8211; Frigor\u00edfics No-Frost<\/p>\n<p><strong>CARACTER\u00cdSTIQUES CONSTRUCTIVES<\/strong><br \/>Els term\u00f2stats tipus A13 s\u00f3n compactes robustos i de petites dimensions. Tots els components utilitzats responen a la directiva 2002\/95\/CE ROHS.<\/p>\n<p><strong>CARACTER\u00cdSTIQUES EL\u00c8CTRIQUES<\/strong><br \/>Terminals tipus faston amb tres mesures Standard: 2,8 x05mm \/ 6,3 x0, 8mm \/ 4,8 x0, 8mm<br \/>Est\u00e0 prove\u00eft de 2 terminals per a connexi\u00f3 a terra de 6,3 x0, 8mm i 4,8 x0, 8mm.<br \/>Terminals 3-4: 6 (6) A 250V<br \/>Terminals 3-6: 6 (6) A 250V<\/p>\n<p><strong>TUB CAPIL \u00b7 LAR<\/strong><br \/>Tub capil \u00b7 lar en coure estanyat.<br \/>Es pot revestir amb una funda extruida de material pl\u00e0stic.<br \/>Longitud Standard: 300 mm<br \/>Per a un correcte funcionament s&#8217;aconsella posar en contacte amb l&#8217;evaporador almenys 120mm de capil \u00b7 lar.<\/p>\n<p><strong>CERTIFICATS<\/strong><br \/>ENEC 03 \/ UL \/ CSA<\/p>\n<p><a title=\"Ficha T\u00e9cnica\" href=\"http:\/\/piris.com\/wp-content\/uploads\/pdf\/643_producto1_A13.pdf\" target=\"_blank\">Ficha T\u00e9cnica<\/a><\/p>\n<p>\u00a0<\/p>\n","protected":false},"featured_media":8467,"comment_status":"closed","ping_status":"closed","template":"","meta":[],"product_cat":[568],"product_tag":[],"yoast_head":"<!-- This site is optimized with the Yoast SEO plugin v23.0 - https:\/\/yoast.com\/wordpress\/plugins\/seo\/ -->\n<title>A13 | Piris<\/title>\n<meta name=\"robots\" content=\"index, follow, max-snippet:-1, max-image-preview:large, max-video-preview:-1\" \/>\n<link rel=\"canonical\" href=\"https:\/\/www.piris.com\/ca\/cataleg-de-productes\/termostats\/termostats-fred\/a13-2\" \/>\n<meta property=\"og:locale\" content=\"ca_ES\" \/>\n<meta property=\"og:type\" content=\"article\" \/>\n<meta property=\"og:title\" content=\"A13 | Piris\" \/>\n<meta property=\"og:description\" content=\"MODEL A13 - AMB TALL CONSTANT i INTERRUPTOR AUXILIAREl term\u00f2stat A13 \u00e9s de tall constant i diferencial variable.La difer\u00e8ncia entre la temperatura de tall i la d&#039;obertura \u00e9s variable en totes les posicions del camp de regulaci\u00f3.El term\u00f2stat A13 incorpora un interruptor auxiliar d&#039;Off, muntat en s\u00e8rie a l&#039;interruptor principal. S&#039;interv\u00e9 rotant manualment l&#039;eix en sentit horari.El tarat s&#039;efectua considerant una pressi\u00f3 barom\u00e8trica de 740mmHg.APLICACIONSAquest model est\u00e0 destinat al control de la temperatura d&#039;evaporadors de:- Frigor\u00edfics de 2 portes- Frigor\u00edfics No-FrostCARACTER\u00cdSTIQUES CONSTRUCTIVESEls term\u00f2stats tipus A13 s\u00f3n compactes robustos i de petites dimensions. Tots els components utilitzats responen a la directiva 2002\/95\/CE ROHS.CARACTER\u00cdSTIQUES EL\u00c8CTRIQUESTerminals tipus faston amb tres mesures Standard: 2,8 x05mm \/ 6,3 x0, 8mm \/ 4,8 x0, 8mmEst\u00e0 prove\u00eft de 2 terminals per a connexi\u00f3 a terra de 6,3 x0, 8mm i 4,8 x0, 8mm.Terminals 3-4: 6 (6) A 250VTerminals 3-6: 6 (6) A 250VTUB CAPIL \u00b7 LARTub capil \u00b7 lar en coure estanyat.Es pot revestir amb una funda extruida de material pl\u00e0stic.Longitud Standard: 300 mmPer a un correcte funcionament s&#039;aconsella posar en contacte amb l&#039;evaporador almenys 120mm de capil \u00b7 lar.CERTIFICATSENEC 03 \/ UL \/ CSAFicha T\u00e9cnica\u00a0\" \/>\n<meta property=\"og:url\" content=\"https:\/\/www.piris.com\/ca\/cataleg-de-productes\/termostats\/termostats-fred\/a13-2\" \/>\n<meta property=\"og:site_name\" content=\"Piris\" \/>\n<meta property=\"og:image\" content=\"https:\/\/www.piris.com\/wp-content\/uploads\/A13.jpg\" \/>\n\t<meta property=\"og:image:width\" content=\"400\" \/>\n\t<meta property=\"og:image:height\" content=\"400\" \/>\n\t<meta property=\"og:image:type\" content=\"image\/jpeg\" \/>\n<meta name=\"twitter:card\" content=\"summary_large_image\" \/>\n<script type=\"application\/ld+json\" class=\"yoast-schema-graph\">{\"@context\":\"https:\/\/schema.org\",\"@graph\":[{\"@type\":\"WebPage\",\"@id\":\"https:\/\/www.piris.com\/ca\/cataleg-de-productes\/termostats\/termostats-fred\/a13-2\",\"url\":\"https:\/\/www.piris.com\/ca\/cataleg-de-productes\/termostats\/termostats-fred\/a13-2\",\"name\":\"A13 | Piris\",\"isPartOf\":{\"@id\":\"https:\/\/www.piris.com\/#website\"},\"primaryImageOfPage\":{\"@id\":\"https:\/\/www.piris.com\/ca\/cataleg-de-productes\/termostats\/termostats-fred\/a13-2#primaryimage\"},\"image\":{\"@id\":\"https:\/\/www.piris.com\/ca\/cataleg-de-productes\/termostats\/termostats-fred\/a13-2#primaryimage\"},\"thumbnailUrl\":\"https:\/\/www.piris.com\/wp-content\/uploads\/A13.jpg\",\"datePublished\":\"2015-09-15T10:00:11+00:00\",\"dateModified\":\"2015-09-15T10:00:11+00:00\",\"breadcrumb\":{\"@id\":\"https:\/\/www.piris.com\/ca\/cataleg-de-productes\/termostats\/termostats-fred\/a13-2#breadcrumb\"},\"inLanguage\":\"ca\",\"potentialAction\":[{\"@type\":\"ReadAction\",\"target\":[\"https:\/\/www.piris.com\/ca\/cataleg-de-productes\/termostats\/termostats-fred\/a13-2\"]}]},{\"@type\":\"ImageObject\",\"inLanguage\":\"ca\",\"@id\":\"https:\/\/www.piris.com\/ca\/cataleg-de-productes\/termostats\/termostats-fred\/a13-2#primaryimage\",\"url\":\"https:\/\/www.piris.com\/wp-content\/uploads\/A13.jpg\",\"contentUrl\":\"https:\/\/www.piris.com\/wp-content\/uploads\/A13.jpg\",\"width\":400,\"height\":400},{\"@type\":\"BreadcrumbList\",\"@id\":\"https:\/\/www.piris.com\/ca\/cataleg-de-productes\/termostats\/termostats-fred\/a13-2#breadcrumb\",\"itemListElement\":[{\"@type\":\"ListItem\",\"position\":1,\"name\":\"Portada\",\"item\":\"https:\/\/www.piris.com\/ca\"},{\"@type\":\"ListItem\",\"position\":2,\"name\":\"Cat\u00e0leg de productes\",\"item\":\"https:\/\/www.piris.com\/ca\/cataleg-de-productes\"},{\"@type\":\"ListItem\",\"position\":3,\"name\":\"A13\"}]},{\"@type\":\"WebSite\",\"@id\":\"https:\/\/www.piris.com\/#website\",\"url\":\"https:\/\/www.piris.com\/\",\"name\":\"Piris\",\"description\":\"Components el\u00e8ctrics, mec\u00e0nics i electr\u00f2nics\",\"publisher\":{\"@id\":\"https:\/\/www.piris.com\/#organization\"},\"potentialAction\":[{\"@type\":\"SearchAction\",\"target\":{\"@type\":\"EntryPoint\",\"urlTemplate\":\"https:\/\/www.piris.com\/?s={search_term_string}\"},\"query-input\":\"required name=search_term_string\"}],\"inLanguage\":\"ca\"},{\"@type\":\"Organization\",\"@id\":\"https:\/\/www.piris.com\/#organization\",\"name\":\"PIRIS\",\"url\":\"https:\/\/www.piris.com\/\",\"logo\":{\"@type\":\"ImageObject\",\"inLanguage\":\"ca\",\"@id\":\"https:\/\/www.piris.com\/#\/schema\/logo\/image\/\",\"url\":\"https:\/\/www.piris.com\/wp-content\/uploads\/29-PIRIS.png\",\"contentUrl\":\"https:\/\/www.piris.com\/wp-content\/uploads\/29-PIRIS.png\",\"width\":1280,\"height\":720,\"caption\":\"PIRIS\"},\"image\":{\"@id\":\"https:\/\/www.piris.com\/#\/schema\/logo\/image\/\"},\"sameAs\":[\"https:\/\/www.linkedin.com\/company\/piris\/\"]}]}<\/script>\n<!-- \/ Yoast SEO plugin. -->","yoast_head_json":{"title":"A13 | Piris","robots":{"index":"index","follow":"follow","max-snippet":"max-snippet:-1","max-image-preview":"max-image-preview:large","max-video-preview":"max-video-preview:-1"},"canonical":"https:\/\/www.piris.com\/ca\/cataleg-de-productes\/termostats\/termostats-fred\/a13-2","og_locale":"ca_ES","og_type":"article","og_title":"A13 | Piris","og_description":"MODEL A13 - AMB TALL CONSTANT i INTERRUPTOR AUXILIAREl term\u00f2stat A13 \u00e9s de tall constant i diferencial variable.La difer\u00e8ncia entre la temperatura de tall i la d'obertura \u00e9s variable en totes les posicions del camp de regulaci\u00f3.El term\u00f2stat A13 incorpora un interruptor auxiliar d'Off, muntat en s\u00e8rie a l'interruptor principal. S'interv\u00e9 rotant manualment l'eix en sentit horari.El tarat s'efectua considerant una pressi\u00f3 barom\u00e8trica de 740mmHg.APLICACIONSAquest model est\u00e0 destinat al control de la temperatura d'evaporadors de:- Frigor\u00edfics de 2 portes- Frigor\u00edfics No-FrostCARACTER\u00cdSTIQUES CONSTRUCTIVESEls term\u00f2stats tipus A13 s\u00f3n compactes robustos i de petites dimensions. Tots els components utilitzats responen a la directiva 2002\/95\/CE ROHS.CARACTER\u00cdSTIQUES EL\u00c8CTRIQUESTerminals tipus faston amb tres mesures Standard: 2,8 x05mm \/ 6,3 x0, 8mm \/ 4,8 x0, 8mmEst\u00e0 prove\u00eft de 2 terminals per a connexi\u00f3 a terra de 6,3 x0, 8mm i 4,8 x0, 8mm.Terminals 3-4: 6 (6) A 250VTerminals 3-6: 6 (6) A 250VTUB CAPIL \u00b7 LARTub capil \u00b7 lar en coure estanyat.Es pot revestir amb una funda extruida de material pl\u00e0stic.Longitud Standard: 300 mmPer a un correcte funcionament s'aconsella posar en contacte amb l'evaporador almenys 120mm de capil \u00b7 lar.CERTIFICATSENEC 03 \/ UL \/ CSAFicha T\u00e9cnica\u00a0","og_url":"https:\/\/www.piris.com\/ca\/cataleg-de-productes\/termostats\/termostats-fred\/a13-2","og_site_name":"Piris","og_image":[{"width":400,"height":400,"url":"https:\/\/www.piris.com\/wp-content\/uploads\/A13.jpg","type":"image\/jpeg"}],"twitter_card":"summary_large_image","schema":{"@context":"https:\/\/schema.org","@graph":[{"@type":"WebPage","@id":"https:\/\/www.piris.com\/ca\/cataleg-de-productes\/termostats\/termostats-fred\/a13-2","url":"https:\/\/www.piris.com\/ca\/cataleg-de-productes\/termostats\/termostats-fred\/a13-2","name":"A13 | Piris","isPartOf":{"@id":"https:\/\/www.piris.com\/#website"},"primaryImageOfPage":{"@id":"https:\/\/www.piris.com\/ca\/cataleg-de-productes\/termostats\/termostats-fred\/a13-2#primaryimage"},"image":{"@id":"https:\/\/www.piris.com\/ca\/cataleg-de-productes\/termostats\/termostats-fred\/a13-2#primaryimage"},"thumbnailUrl":"https:\/\/www.piris.com\/wp-content\/uploads\/A13.jpg","datePublished":"2015-09-15T10:00:11+00:00","dateModified":"2015-09-15T10:00:11+00:00","breadcrumb":{"@id":"https:\/\/www.piris.com\/ca\/cataleg-de-productes\/termostats\/termostats-fred\/a13-2#breadcrumb"},"inLanguage":"ca","potentialAction":[{"@type":"ReadAction","target":["https:\/\/www.piris.com\/ca\/cataleg-de-productes\/termostats\/termostats-fred\/a13-2"]}]},{"@type":"ImageObject","inLanguage":"ca","@id":"https:\/\/www.piris.com\/ca\/cataleg-de-productes\/termostats\/termostats-fred\/a13-2#primaryimage","url":"https:\/\/www.piris.com\/wp-content\/uploads\/A13.jpg","contentUrl":"https:\/\/www.piris.com\/wp-content\/uploads\/A13.jpg","width":400,"height":400},{"@type":"BreadcrumbList","@id":"https:\/\/www.piris.com\/ca\/cataleg-de-productes\/termostats\/termostats-fred\/a13-2#breadcrumb","itemListElement":[{"@type":"ListItem","position":1,"name":"Portada","item":"https:\/\/www.piris.com\/ca"},{"@type":"ListItem","position":2,"name":"Cat\u00e0leg de productes","item":"https:\/\/www.piris.com\/ca\/cataleg-de-productes"},{"@type":"ListItem","position":3,"name":"A13"}]},{"@type":"WebSite","@id":"https:\/\/www.piris.com\/#website","url":"https:\/\/www.piris.com\/","name":"Piris","description":"Components el\u00e8ctrics, mec\u00e0nics i electr\u00f2nics","publisher":{"@id":"https:\/\/www.piris.com\/#organization"},"potentialAction":[{"@type":"SearchAction","target":{"@type":"EntryPoint","urlTemplate":"https:\/\/www.piris.com\/?s={search_term_string}"},"query-input":"required name=search_term_string"}],"inLanguage":"ca"},{"@type":"Organization","@id":"https:\/\/www.piris.com\/#organization","name":"PIRIS","url":"https:\/\/www.piris.com\/","logo":{"@type":"ImageObject","inLanguage":"ca","@id":"https:\/\/www.piris.com\/#\/schema\/logo\/image\/","url":"https:\/\/www.piris.com\/wp-content\/uploads\/29-PIRIS.png","contentUrl":"https:\/\/www.piris.com\/wp-content\/uploads\/29-PIRIS.png","width":1280,"height":720,"caption":"PIRIS"},"image":{"@id":"https:\/\/www.piris.com\/#\/schema\/logo\/image\/"},"sameAs":["https:\/\/www.linkedin.com\/company\/piris\/"]}]}},"_links":{"self":[{"href":"https:\/\/www.piris.com\/ca\/wp-json\/wp\/v2\/product\/11764"}],"collection":[{"href":"https:\/\/www.piris.com\/ca\/wp-json\/wp\/v2\/product"}],"about":[{"href":"https:\/\/www.piris.com\/ca\/wp-json\/wp\/v2\/types\/product"}],"replies":[{"embeddable":true,"href":"https:\/\/www.piris.com\/ca\/wp-json\/wp\/v2\/comments?post=11764"}],"wp:featuredmedia":[{"embeddable":true,"href":"https:\/\/www.piris.com\/ca\/wp-json\/wp\/v2\/media\/8467"}],"wp:attachment":[{"href":"https:\/\/www.piris.com\/ca\/wp-json\/wp\/v2\/media?parent=11764"}],"wp:term":[{"taxonomy":"product_cat","embeddable":true,"href":"https:\/\/www.piris.com\/ca\/wp-json\/wp\/v2\/product_cat?post=11764"},{"taxonomy":"product_tag","embeddable":true,"href":"https:\/\/www.piris.com\/ca\/wp-json\/wp\/v2\/product_tag?post=11764"}],"curies":[{"name":"wp","href":"https:\/\/api.w.org\/{rel}","templated":true}]}}