{"id":11768,"date":"2016-02-25T15:34:56","date_gmt":"2016-02-25T14:34:56","guid":{"rendered":"http:\/\/piris.com\/catalogo-de-productos\/okb-2\/"},"modified":"2024-06-26T17:36:14","modified_gmt":"2024-06-26T15:36:14","slug":"okb-2","status":"publish","type":"product","link":"https:\/\/www.piris.com\/ca\/cataleg-de-productes\/elements-de-connexio\/regletes\/policarbonat\/okb-2","title":{"rendered":"OKB"},"content":{"rendered":"","protected":false},"excerpt":{"rendered":"<p>Connectors el\u00e8ctrics en policarbonat transparent, auto extingible UL94V2, per a temperatures de treball fins 85\u00b0C, unipolars o en tires de 10 pols, certificats per a cables de secci\u00f3 d&#8217;1,5mm\u00b2 a 35mm\u00b2.<\/p>\n<p><a href=\"https:\/\/www.piris.com\/wp-content\/uploads\/fitxa-policarbonat.pdf\" rel=\"\">Fitxa T\u00e8cnica OKB<\/a><\/p>\n","protected":false},"featured_media":21108,"comment_status":"closed","ping_status":"closed","template":"","meta":[],"product_cat":[350],"product_tag":[],"yoast_head":"<!-- This site is optimized with the Yoast SEO plugin v23.0 - https:\/\/yoast.com\/wordpress\/plugins\/seo\/ -->\n<title>OKB | Piris<\/title>\n<meta name=\"robots\" content=\"index, follow, max-snippet:-1, max-image-preview:large, max-video-preview:-1\" \/>\n<link rel=\"canonical\" href=\"https:\/\/www.piris.com\/ca\/cataleg-de-productes\/elements-de-connexio\/regletes\/policarbonat\/okb-2\" \/>\n<meta property=\"og:locale\" content=\"ca_ES\" \/>\n<meta property=\"og:type\" content=\"article\" \/>\n<meta property=\"og:title\" content=\"OKB | Piris\" \/>\n<meta property=\"og:description\" content=\"Connectors el\u00e8ctrics en policarbonat transparent, auto extingible UL94V2, per a temperatures de treball fins 85\u00b0C, unipolars o en tires de 10 pols, certificats per a cables de secci\u00f3 d&#039;1,5mm\u00b2 a 35mm\u00b2.  Fitxa T\u00e8cnica OKB\" \/>\n<meta property=\"og:url\" content=\"https:\/\/www.piris.com\/ca\/cataleg-de-productes\/elements-de-connexio\/regletes\/policarbonat\/okb-2\" \/>\n<meta property=\"og:site_name\" content=\"Piris\" \/>\n<meta property=\"article:modified_time\" content=\"2024-06-26T15:36:14+00:00\" \/>\n<meta property=\"og:image\" content=\"https:\/\/www.piris.com\/wp-content\/uploads\/policarbonat-01.jpg\" \/>\n\t<meta property=\"og:image:width\" content=\"332\" \/>\n\t<meta property=\"og:image:height\" content=\"271\" \/>\n\t<meta property=\"og:image:type\" content=\"image\/jpeg\" \/>\n<meta name=\"twitter:card\" content=\"summary_large_image\" \/>\n<meta name=\"twitter:label1\" content=\"Temps estimat de lectura\" \/>\n\t<meta name=\"twitter:data1\" content=\"1 minut\" \/>\n<script type=\"application\/ld+json\" class=\"yoast-schema-graph\">{\"@context\":\"https:\/\/schema.org\",\"@graph\":[{\"@type\":\"WebPage\",\"@id\":\"https:\/\/www.piris.com\/ca\/cataleg-de-productes\/elements-de-connexio\/regletes\/policarbonat\/okb-2\",\"url\":\"https:\/\/www.piris.com\/ca\/cataleg-de-productes\/elements-de-connexio\/regletes\/policarbonat\/okb-2\",\"name\":\"OKB | Piris\",\"isPartOf\":{\"@id\":\"https:\/\/www.piris.com\/#website\"},\"primaryImageOfPage\":{\"@id\":\"https:\/\/www.piris.com\/ca\/cataleg-de-productes\/elements-de-connexio\/regletes\/policarbonat\/okb-2#primaryimage\"},\"image\":{\"@id\":\"https:\/\/www.piris.com\/ca\/cataleg-de-productes\/elements-de-connexio\/regletes\/policarbonat\/okb-2#primaryimage\"},\"thumbnailUrl\":\"https:\/\/www.piris.com\/wp-content\/uploads\/policarbonat-01.jpg\",\"datePublished\":\"2016-02-25T14:34:56+00:00\",\"dateModified\":\"2024-06-26T15:36:14+00:00\",\"breadcrumb\":{\"@id\":\"https:\/\/www.piris.com\/ca\/cataleg-de-productes\/elements-de-connexio\/regletes\/policarbonat\/okb-2#breadcrumb\"},\"inLanguage\":\"ca\",\"potentialAction\":[{\"@type\":\"ReadAction\",\"target\":[\"https:\/\/www.piris.com\/ca\/cataleg-de-productes\/elements-de-connexio\/regletes\/policarbonat\/okb-2\"]}]},{\"@type\":\"ImageObject\",\"inLanguage\":\"ca\",\"@id\":\"https:\/\/www.piris.com\/ca\/cataleg-de-productes\/elements-de-connexio\/regletes\/policarbonat\/okb-2#primaryimage\",\"url\":\"https:\/\/www.piris.com\/wp-content\/uploads\/policarbonat-01.jpg\",\"contentUrl\":\"https:\/\/www.piris.com\/wp-content\/uploads\/policarbonat-01.jpg\",\"width\":332,\"height\":271},{\"@type\":\"BreadcrumbList\",\"@id\":\"https:\/\/www.piris.com\/ca\/cataleg-de-productes\/elements-de-connexio\/regletes\/policarbonat\/okb-2#breadcrumb\",\"itemListElement\":[{\"@type\":\"ListItem\",\"position\":1,\"name\":\"Portada\",\"item\":\"https:\/\/www.piris.com\/ca\"},{\"@type\":\"ListItem\",\"position\":2,\"name\":\"Cat\u00e0leg de productes\",\"item\":\"https:\/\/www.piris.com\/ca\/cataleg-de-productes\"},{\"@type\":\"ListItem\",\"position\":3,\"name\":\"OKB\"}]},{\"@type\":\"WebSite\",\"@id\":\"https:\/\/www.piris.com\/#website\",\"url\":\"https:\/\/www.piris.com\/\",\"name\":\"Piris\",\"description\":\"Components el\u00e8ctrics, mec\u00e0nics i electr\u00f2nics\",\"publisher\":{\"@id\":\"https:\/\/www.piris.com\/#organization\"},\"potentialAction\":[{\"@type\":\"SearchAction\",\"target\":{\"@type\":\"EntryPoint\",\"urlTemplate\":\"https:\/\/www.piris.com\/?s={search_term_string}\"},\"query-input\":\"required name=search_term_string\"}],\"inLanguage\":\"ca\"},{\"@type\":\"Organization\",\"@id\":\"https:\/\/www.piris.com\/#organization\",\"name\":\"PIRIS\",\"url\":\"https:\/\/www.piris.com\/\",\"logo\":{\"@type\":\"ImageObject\",\"inLanguage\":\"ca\",\"@id\":\"https:\/\/www.piris.com\/#\/schema\/logo\/image\/\",\"url\":\"https:\/\/www.piris.com\/wp-content\/uploads\/29-PIRIS.png\",\"contentUrl\":\"https:\/\/www.piris.com\/wp-content\/uploads\/29-PIRIS.png\",\"width\":1280,\"height\":720,\"caption\":\"PIRIS\"},\"image\":{\"@id\":\"https:\/\/www.piris.com\/#\/schema\/logo\/image\/\"},\"sameAs\":[\"https:\/\/www.linkedin.com\/company\/piris\/\"]}]}<\/script>\n<!-- \/ Yoast SEO plugin. -->","yoast_head_json":{"title":"OKB | Piris","robots":{"index":"index","follow":"follow","max-snippet":"max-snippet:-1","max-image-preview":"max-image-preview:large","max-video-preview":"max-video-preview:-1"},"canonical":"https:\/\/www.piris.com\/ca\/cataleg-de-productes\/elements-de-connexio\/regletes\/policarbonat\/okb-2","og_locale":"ca_ES","og_type":"article","og_title":"OKB | Piris","og_description":"Connectors el\u00e8ctrics en policarbonat transparent, auto extingible UL94V2, per a temperatures de treball fins 85\u00b0C, unipolars o en tires de 10 pols, certificats per a cables de secci\u00f3 d'1,5mm\u00b2 a 35mm\u00b2.  Fitxa T\u00e8cnica OKB","og_url":"https:\/\/www.piris.com\/ca\/cataleg-de-productes\/elements-de-connexio\/regletes\/policarbonat\/okb-2","og_site_name":"Piris","article_modified_time":"2024-06-26T15:36:14+00:00","og_image":[{"width":332,"height":271,"url":"https:\/\/www.piris.com\/wp-content\/uploads\/policarbonat-01.jpg","type":"image\/jpeg"}],"twitter_card":"summary_large_image","twitter_misc":{"Temps estimat de lectura":"1 minut"},"schema":{"@context":"https:\/\/schema.org","@graph":[{"@type":"WebPage","@id":"https:\/\/www.piris.com\/ca\/cataleg-de-productes\/elements-de-connexio\/regletes\/policarbonat\/okb-2","url":"https:\/\/www.piris.com\/ca\/cataleg-de-productes\/elements-de-connexio\/regletes\/policarbonat\/okb-2","name":"OKB | Piris","isPartOf":{"@id":"https:\/\/www.piris.com\/#website"},"primaryImageOfPage":{"@id":"https:\/\/www.piris.com\/ca\/cataleg-de-productes\/elements-de-connexio\/regletes\/policarbonat\/okb-2#primaryimage"},"image":{"@id":"https:\/\/www.piris.com\/ca\/cataleg-de-productes\/elements-de-connexio\/regletes\/policarbonat\/okb-2#primaryimage"},"thumbnailUrl":"https:\/\/www.piris.com\/wp-content\/uploads\/policarbonat-01.jpg","datePublished":"2016-02-25T14:34:56+00:00","dateModified":"2024-06-26T15:36:14+00:00","breadcrumb":{"@id":"https:\/\/www.piris.com\/ca\/cataleg-de-productes\/elements-de-connexio\/regletes\/policarbonat\/okb-2#breadcrumb"},"inLanguage":"ca","potentialAction":[{"@type":"ReadAction","target":["https:\/\/www.piris.com\/ca\/cataleg-de-productes\/elements-de-connexio\/regletes\/policarbonat\/okb-2"]}]},{"@type":"ImageObject","inLanguage":"ca","@id":"https:\/\/www.piris.com\/ca\/cataleg-de-productes\/elements-de-connexio\/regletes\/policarbonat\/okb-2#primaryimage","url":"https:\/\/www.piris.com\/wp-content\/uploads\/policarbonat-01.jpg","contentUrl":"https:\/\/www.piris.com\/wp-content\/uploads\/policarbonat-01.jpg","width":332,"height":271},{"@type":"BreadcrumbList","@id":"https:\/\/www.piris.com\/ca\/cataleg-de-productes\/elements-de-connexio\/regletes\/policarbonat\/okb-2#breadcrumb","itemListElement":[{"@type":"ListItem","position":1,"name":"Portada","item":"https:\/\/www.piris.com\/ca"},{"@type":"ListItem","position":2,"name":"Cat\u00e0leg de productes","item":"https:\/\/www.piris.com\/ca\/cataleg-de-productes"},{"@type":"ListItem","position":3,"name":"OKB"}]},{"@type":"WebSite","@id":"https:\/\/www.piris.com\/#website","url":"https:\/\/www.piris.com\/","name":"Piris","description":"Components el\u00e8ctrics, mec\u00e0nics i electr\u00f2nics","publisher":{"@id":"https:\/\/www.piris.com\/#organization"},"potentialAction":[{"@type":"SearchAction","target":{"@type":"EntryPoint","urlTemplate":"https:\/\/www.piris.com\/?s={search_term_string}"},"query-input":"required name=search_term_string"}],"inLanguage":"ca"},{"@type":"Organization","@id":"https:\/\/www.piris.com\/#organization","name":"PIRIS","url":"https:\/\/www.piris.com\/","logo":{"@type":"ImageObject","inLanguage":"ca","@id":"https:\/\/www.piris.com\/#\/schema\/logo\/image\/","url":"https:\/\/www.piris.com\/wp-content\/uploads\/29-PIRIS.png","contentUrl":"https:\/\/www.piris.com\/wp-content\/uploads\/29-PIRIS.png","width":1280,"height":720,"caption":"PIRIS"},"image":{"@id":"https:\/\/www.piris.com\/#\/schema\/logo\/image\/"},"sameAs":["https:\/\/www.linkedin.com\/company\/piris\/"]}]}},"_links":{"self":[{"href":"https:\/\/www.piris.com\/ca\/wp-json\/wp\/v2\/product\/11768"}],"collection":[{"href":"https:\/\/www.piris.com\/ca\/wp-json\/wp\/v2\/product"}],"about":[{"href":"https:\/\/www.piris.com\/ca\/wp-json\/wp\/v2\/types\/product"}],"replies":[{"embeddable":true,"href":"https:\/\/www.piris.com\/ca\/wp-json\/wp\/v2\/comments?post=11768"}],"wp:featuredmedia":[{"embeddable":true,"href":"https:\/\/www.piris.com\/ca\/wp-json\/wp\/v2\/media\/21108"}],"wp:attachment":[{"href":"https:\/\/www.piris.com\/ca\/wp-json\/wp\/v2\/media?parent=11768"}],"wp:term":[{"taxonomy":"product_cat","embeddable":true,"href":"https:\/\/www.piris.com\/ca\/wp-json\/wp\/v2\/product_cat?post=11768"},{"taxonomy":"product_tag","embeddable":true,"href":"https:\/\/www.piris.com\/ca\/wp-json\/wp\/v2\/product_tag?post=11768"}],"curies":[{"name":"wp","href":"https:\/\/api.w.org\/{rel}","templated":true}]}}