{"id":11785,"date":"2015-09-16T09:06:52","date_gmt":"2015-09-16T07:06:52","guid":{"rendered":"http:\/\/piris.com\/catalogo-de-productos\/cable-calefactor-monosortida\/"},"modified":"2015-09-16T09:06:52","modified_gmt":"2015-09-16T07:06:52","slug":"cable-calefactor-monosortida","status":"publish","type":"product","link":"https:\/\/www.piris.com\/ca\/cataleg-de-productes\/resistencias-electricas-ca\/cable-calefactor-monosortida","title":{"rendered":"Cable calefactor monosortida"},"content":{"rendered":"","protected":false},"excerpt":{"rendered":"<p>La resist\u00e8ncia flexible monosortida representa un concepte tecnol\u00f2gicament avan\u00e7at dels cables calefactors flexibles a\u00efllats en silicona o PVC.<br \/>La principal caracter\u00edstica de la resist\u00e8ncia monosortida \u00e9s la seva connexi\u00f3 per un \u00fanic extrem, mentre que l&#8217;altre extrem queda segellat.<br \/>Aquesta tecnologia permet reduir el temps d&#8217;instal \u00b7 laci\u00f3 i els costos de cablejat aix\u00ed com eventuals substitucions.<br \/>L&#8217;a\u00efllament extern pot ser protegit amb una malla met\u00e0l \u00b7 lica especial que es pot utilitzar de presa de terra i ajuda a millorar la distribuci\u00f3 t\u00e8rmica.<br \/>Pot ser realitzada amb pot\u00e8ncies espec\u00edfiques diferenciades i parts fredes a la mateixa resist\u00e8ncia.<\/p>\n<p><strong>ELS PRINCIPALS AVANTATGES S\u00d3N:<\/strong><br \/>-Facilitat d&#8217;instal \u00b7 laci\u00f3<br \/>-Optima flexibilitat<br \/>-Notable adaptaci\u00f3 a superf\u00edcies complexes com buits, tubs, etc.<br \/>-Elevada resist\u00e8ncia mec\u00e0nica<br \/>-Completament herm\u00e8tica<br \/>-\u00c0mplies possibilitats de personalitzaci\u00f3 en el disseny<br \/>-\u00c0mplia gamma de terminals, endolls o altres connexions especials<\/p>\n<p><strong>APLICACIONS<\/strong><br \/>-Refrigeraci\u00f3 industrial i comercial<br \/>-Anti-condensaci\u00f3 vitrines de fred<br \/>-Aire condicionat (equips d&#8217;aire condicionat, escalfadors d&#8217;oli per c\u00e0rter de compressors)<br \/>-Diversos (escalfament d&#8217;hivernacles, aquaris, terraris)<\/p>\n<p><a title=\"Ficha T\u00e9cnica\" href=\"http:\/\/piris.com\/wp-content\/uploads\/pdf\/323__p_2_Monouscita_MR.pdf\" target=\"_blank\">Fitxa T\u00e8cnica <\/a><\/p>\n","protected":false},"featured_media":6948,"comment_status":"closed","ping_status":"closed","template":"","meta":[],"product_cat":[241],"product_tag":[],"yoast_head":"<!-- This site is optimized with the Yoast SEO plugin v23.0 - https:\/\/yoast.com\/wordpress\/plugins\/seo\/ -->\n<title>Cable calefactor monosortida | Piris<\/title>\n<meta name=\"robots\" content=\"index, follow, max-snippet:-1, max-image-preview:large, max-video-preview:-1\" \/>\n<link rel=\"canonical\" href=\"https:\/\/www.piris.com\/cataleg-de-productes\/resistencias-electricas\/cable-calefactor-monosalida\" \/>\n<meta property=\"og:locale\" content=\"ca_ES\" \/>\n<meta property=\"og:type\" content=\"article\" \/>\n<meta property=\"og:title\" content=\"Cable calefactor monosortida | Piris\" \/>\n<meta property=\"og:description\" content=\"La resist\u00e8ncia flexible monosortida representa un concepte tecnol\u00f2gicament avan\u00e7at dels cables calefactors flexibles a\u00efllats en silicona o PVC.La principal caracter\u00edstica de la resist\u00e8ncia monosortida \u00e9s la seva connexi\u00f3 per un \u00fanic extrem, mentre que l&#039;altre extrem queda segellat.Aquesta tecnologia permet reduir el temps d&#039;instal \u00b7 laci\u00f3 i els costos de cablejat aix\u00ed com eventuals substitucions.L&#039;a\u00efllament extern pot ser protegit amb una malla met\u00e0l \u00b7 lica especial que es pot utilitzar de presa de terra i ajuda a millorar la distribuci\u00f3 t\u00e8rmica.Pot ser realitzada amb pot\u00e8ncies espec\u00edfiques diferenciades i parts fredes a la mateixa resist\u00e8ncia.ELS PRINCIPALS AVANTATGES S\u00d3N:-Facilitat d&#039;instal \u00b7 laci\u00f3-Optima flexibilitat-Notable adaptaci\u00f3 a superf\u00edcies complexes com buits, tubs, etc.-Elevada resist\u00e8ncia mec\u00e0nica-Completament herm\u00e8tica-\u00c0mplies possibilitats de personalitzaci\u00f3 en el disseny-\u00c0mplia gamma de terminals, endolls o altres connexions especialsAPLICACIONS-Refrigeraci\u00f3 industrial i comercial-Anti-condensaci\u00f3 vitrines de fred-Aire condicionat (equips d&#039;aire condicionat, escalfadors d&#039;oli per c\u00e0rter de compressors)-Diversos (escalfament d&#039;hivernacles, aquaris, terraris)Fitxa T\u00e8cnica\" \/>\n<meta property=\"og:url\" content=\"https:\/\/www.piris.com\/cataleg-de-productes\/resistencias-electricas\/cable-calefactor-monosalida\" \/>\n<meta property=\"og:site_name\" content=\"Piris\" \/>\n<meta property=\"og:image\" content=\"https:\/\/www.piris.com\/wp-content\/uploads\/CABLE-MONOSALIDA.jpg\" \/>\n\t<meta property=\"og:image:width\" content=\"405\" \/>\n\t<meta property=\"og:image:height\" content=\"400\" \/>\n\t<meta property=\"og:image:type\" content=\"image\/jpeg\" \/>\n<meta name=\"twitter:card\" content=\"summary_large_image\" \/>\n<script type=\"application\/ld+json\" class=\"yoast-schema-graph\">{\"@context\":\"https:\/\/schema.org\",\"@graph\":[{\"@type\":\"WebPage\",\"@id\":\"https:\/\/www.piris.com\/cataleg-de-productes\/resistencias-electricas\/cable-calefactor-monosalida\",\"url\":\"https:\/\/www.piris.com\/cataleg-de-productes\/resistencias-electricas\/cable-calefactor-monosalida\",\"name\":\"Cable calefactor monosortida | Piris\",\"isPartOf\":{\"@id\":\"https:\/\/www.piris.com\/#website\"},\"primaryImageOfPage\":{\"@id\":\"https:\/\/www.piris.com\/cataleg-de-productes\/resistencias-electricas\/cable-calefactor-monosalida#primaryimage\"},\"image\":{\"@id\":\"https:\/\/www.piris.com\/cataleg-de-productes\/resistencias-electricas\/cable-calefactor-monosalida#primaryimage\"},\"thumbnailUrl\":\"https:\/\/www.piris.com\/wp-content\/uploads\/CABLE-MONOSALIDA.jpg\",\"datePublished\":\"2015-09-16T07:06:52+00:00\",\"dateModified\":\"2015-09-16T07:06:52+00:00\",\"breadcrumb\":{\"@id\":\"https:\/\/www.piris.com\/cataleg-de-productes\/resistencias-electricas\/cable-calefactor-monosalida#breadcrumb\"},\"inLanguage\":\"ca\",\"potentialAction\":[{\"@type\":\"ReadAction\",\"target\":[\"https:\/\/www.piris.com\/cataleg-de-productes\/resistencias-electricas\/cable-calefactor-monosalida\"]}]},{\"@type\":\"ImageObject\",\"inLanguage\":\"ca\",\"@id\":\"https:\/\/www.piris.com\/cataleg-de-productes\/resistencias-electricas\/cable-calefactor-monosalida#primaryimage\",\"url\":\"https:\/\/www.piris.com\/wp-content\/uploads\/CABLE-MONOSALIDA.jpg\",\"contentUrl\":\"https:\/\/www.piris.com\/wp-content\/uploads\/CABLE-MONOSALIDA.jpg\",\"width\":405,\"height\":400},{\"@type\":\"BreadcrumbList\",\"@id\":\"https:\/\/www.piris.com\/cataleg-de-productes\/resistencias-electricas\/cable-calefactor-monosalida#breadcrumb\",\"itemListElement\":[{\"@type\":\"ListItem\",\"position\":1,\"name\":\"Portada\",\"item\":\"https:\/\/www.piris.com\/ca\"},{\"@type\":\"ListItem\",\"position\":2,\"name\":\"Cat\u00e0leg de productes\",\"item\":\"https:\/\/www.piris.com\/ca\/cataleg-de-productes\"},{\"@type\":\"ListItem\",\"position\":3,\"name\":\"Cable calefactor monosortida\"}]},{\"@type\":\"WebSite\",\"@id\":\"https:\/\/www.piris.com\/#website\",\"url\":\"https:\/\/www.piris.com\/\",\"name\":\"Piris\",\"description\":\"Components el\u00e8ctrics, mec\u00e0nics i electr\u00f2nics\",\"publisher\":{\"@id\":\"https:\/\/www.piris.com\/#organization\"},\"potentialAction\":[{\"@type\":\"SearchAction\",\"target\":{\"@type\":\"EntryPoint\",\"urlTemplate\":\"https:\/\/www.piris.com\/?s={search_term_string}\"},\"query-input\":\"required name=search_term_string\"}],\"inLanguage\":\"ca\"},{\"@type\":\"Organization\",\"@id\":\"https:\/\/www.piris.com\/#organization\",\"name\":\"PIRIS\",\"url\":\"https:\/\/www.piris.com\/\",\"logo\":{\"@type\":\"ImageObject\",\"inLanguage\":\"ca\",\"@id\":\"https:\/\/www.piris.com\/#\/schema\/logo\/image\/\",\"url\":\"https:\/\/www.piris.com\/wp-content\/uploads\/29-PIRIS.png\",\"contentUrl\":\"https:\/\/www.piris.com\/wp-content\/uploads\/29-PIRIS.png\",\"width\":1280,\"height\":720,\"caption\":\"PIRIS\"},\"image\":{\"@id\":\"https:\/\/www.piris.com\/#\/schema\/logo\/image\/\"},\"sameAs\":[\"https:\/\/www.linkedin.com\/company\/piris\/\"]}]}<\/script>\n<!-- \/ Yoast SEO plugin. -->","yoast_head_json":{"title":"Cable calefactor monosortida | Piris","robots":{"index":"index","follow":"follow","max-snippet":"max-snippet:-1","max-image-preview":"max-image-preview:large","max-video-preview":"max-video-preview:-1"},"canonical":"https:\/\/www.piris.com\/cataleg-de-productes\/resistencias-electricas\/cable-calefactor-monosalida","og_locale":"ca_ES","og_type":"article","og_title":"Cable calefactor monosortida | Piris","og_description":"La resist\u00e8ncia flexible monosortida representa un concepte tecnol\u00f2gicament avan\u00e7at dels cables calefactors flexibles a\u00efllats en silicona o PVC.La principal caracter\u00edstica de la resist\u00e8ncia monosortida \u00e9s la seva connexi\u00f3 per un \u00fanic extrem, mentre que l'altre extrem queda segellat.Aquesta tecnologia permet reduir el temps d'instal \u00b7 laci\u00f3 i els costos de cablejat aix\u00ed com eventuals substitucions.L'a\u00efllament extern pot ser protegit amb una malla met\u00e0l \u00b7 lica especial que es pot utilitzar de presa de terra i ajuda a millorar la distribuci\u00f3 t\u00e8rmica.Pot ser realitzada amb pot\u00e8ncies espec\u00edfiques diferenciades i parts fredes a la mateixa resist\u00e8ncia.ELS PRINCIPALS AVANTATGES S\u00d3N:-Facilitat d'instal \u00b7 laci\u00f3-Optima flexibilitat-Notable adaptaci\u00f3 a superf\u00edcies complexes com buits, tubs, etc.-Elevada resist\u00e8ncia mec\u00e0nica-Completament herm\u00e8tica-\u00c0mplies possibilitats de personalitzaci\u00f3 en el disseny-\u00c0mplia gamma de terminals, endolls o altres connexions especialsAPLICACIONS-Refrigeraci\u00f3 industrial i comercial-Anti-condensaci\u00f3 vitrines de fred-Aire condicionat (equips d'aire condicionat, escalfadors d'oli per c\u00e0rter de compressors)-Diversos (escalfament d'hivernacles, aquaris, terraris)Fitxa T\u00e8cnica","og_url":"https:\/\/www.piris.com\/cataleg-de-productes\/resistencias-electricas\/cable-calefactor-monosalida","og_site_name":"Piris","og_image":[{"width":405,"height":400,"url":"https:\/\/www.piris.com\/wp-content\/uploads\/CABLE-MONOSALIDA.jpg","type":"image\/jpeg"}],"twitter_card":"summary_large_image","schema":{"@context":"https:\/\/schema.org","@graph":[{"@type":"WebPage","@id":"https:\/\/www.piris.com\/cataleg-de-productes\/resistencias-electricas\/cable-calefactor-monosalida","url":"https:\/\/www.piris.com\/cataleg-de-productes\/resistencias-electricas\/cable-calefactor-monosalida","name":"Cable calefactor monosortida | Piris","isPartOf":{"@id":"https:\/\/www.piris.com\/#website"},"primaryImageOfPage":{"@id":"https:\/\/www.piris.com\/cataleg-de-productes\/resistencias-electricas\/cable-calefactor-monosalida#primaryimage"},"image":{"@id":"https:\/\/www.piris.com\/cataleg-de-productes\/resistencias-electricas\/cable-calefactor-monosalida#primaryimage"},"thumbnailUrl":"https:\/\/www.piris.com\/wp-content\/uploads\/CABLE-MONOSALIDA.jpg","datePublished":"2015-09-16T07:06:52+00:00","dateModified":"2015-09-16T07:06:52+00:00","breadcrumb":{"@id":"https:\/\/www.piris.com\/cataleg-de-productes\/resistencias-electricas\/cable-calefactor-monosalida#breadcrumb"},"inLanguage":"ca","potentialAction":[{"@type":"ReadAction","target":["https:\/\/www.piris.com\/cataleg-de-productes\/resistencias-electricas\/cable-calefactor-monosalida"]}]},{"@type":"ImageObject","inLanguage":"ca","@id":"https:\/\/www.piris.com\/cataleg-de-productes\/resistencias-electricas\/cable-calefactor-monosalida#primaryimage","url":"https:\/\/www.piris.com\/wp-content\/uploads\/CABLE-MONOSALIDA.jpg","contentUrl":"https:\/\/www.piris.com\/wp-content\/uploads\/CABLE-MONOSALIDA.jpg","width":405,"height":400},{"@type":"BreadcrumbList","@id":"https:\/\/www.piris.com\/cataleg-de-productes\/resistencias-electricas\/cable-calefactor-monosalida#breadcrumb","itemListElement":[{"@type":"ListItem","position":1,"name":"Portada","item":"https:\/\/www.piris.com\/ca"},{"@type":"ListItem","position":2,"name":"Cat\u00e0leg de productes","item":"https:\/\/www.piris.com\/ca\/cataleg-de-productes"},{"@type":"ListItem","position":3,"name":"Cable calefactor monosortida"}]},{"@type":"WebSite","@id":"https:\/\/www.piris.com\/#website","url":"https:\/\/www.piris.com\/","name":"Piris","description":"Components el\u00e8ctrics, mec\u00e0nics i electr\u00f2nics","publisher":{"@id":"https:\/\/www.piris.com\/#organization"},"potentialAction":[{"@type":"SearchAction","target":{"@type":"EntryPoint","urlTemplate":"https:\/\/www.piris.com\/?s={search_term_string}"},"query-input":"required name=search_term_string"}],"inLanguage":"ca"},{"@type":"Organization","@id":"https:\/\/www.piris.com\/#organization","name":"PIRIS","url":"https:\/\/www.piris.com\/","logo":{"@type":"ImageObject","inLanguage":"ca","@id":"https:\/\/www.piris.com\/#\/schema\/logo\/image\/","url":"https:\/\/www.piris.com\/wp-content\/uploads\/29-PIRIS.png","contentUrl":"https:\/\/www.piris.com\/wp-content\/uploads\/29-PIRIS.png","width":1280,"height":720,"caption":"PIRIS"},"image":{"@id":"https:\/\/www.piris.com\/#\/schema\/logo\/image\/"},"sameAs":["https:\/\/www.linkedin.com\/company\/piris\/"]}]}},"_links":{"self":[{"href":"https:\/\/www.piris.com\/ca\/wp-json\/wp\/v2\/product\/11785"}],"collection":[{"href":"https:\/\/www.piris.com\/ca\/wp-json\/wp\/v2\/product"}],"about":[{"href":"https:\/\/www.piris.com\/ca\/wp-json\/wp\/v2\/types\/product"}],"replies":[{"embeddable":true,"href":"https:\/\/www.piris.com\/ca\/wp-json\/wp\/v2\/comments?post=11785"}],"wp:featuredmedia":[{"embeddable":true,"href":"https:\/\/www.piris.com\/ca\/wp-json\/wp\/v2\/media\/6948"}],"wp:attachment":[{"href":"https:\/\/www.piris.com\/ca\/wp-json\/wp\/v2\/media?parent=11785"}],"wp:term":[{"taxonomy":"product_cat","embeddable":true,"href":"https:\/\/www.piris.com\/ca\/wp-json\/wp\/v2\/product_cat?post=11785"},{"taxonomy":"product_tag","embeddable":true,"href":"https:\/\/www.piris.com\/ca\/wp-json\/wp\/v2\/product_tag?post=11785"}],"curies":[{"name":"wp","href":"https:\/\/api.w.org\/{rel}","templated":true}]}}