{"id":11796,"date":"2016-02-25T12:39:45","date_gmt":"2016-02-25T11:39:45","guid":{"rendered":"http:\/\/piris.com\/catalogo-de-productos\/ok501-2\/"},"modified":"2024-06-03T11:21:19","modified_gmt":"2024-06-03T09:21:19","slug":"multipolar","status":"publish","type":"product","link":"https:\/\/www.piris.com\/ca\/cataleg-de-productes\/elements-de-connexio\/regletes\/nylon-ca\/multipolar","title":{"rendered":"MULTIPOLAR"},"content":{"rendered":"","protected":false},"excerpt":{"rendered":"<p>Regleta de 2 a 24 pols<\/p>\n<p>Possibilitat de configurar els connectors<\/p>\n<p>Disponible Tapa de protecci\u00f3 OK500<\/p>\n<p><a href=\"https:\/\/www.piris.com\/wp-content\/uploads\/MULTIPOLAR.pdf\" rel=\"\">Fitxa T\u00e8cnica MULTIPOLAR<\/a><\/p>\n<p><a href=\"http:\/\/piris.com\/wp-content\/uploads\/OK501-3.jpg\" rel=\"attachment wp-att-9693\"><img loading=\"lazy\" decoding=\"async\" class=\"alignleft size-medium wp-image-9693\" src=\"http:\/\/piris.com\/wp-content\/uploads\/OK501-3-300x300.jpg\" alt=\"OK501 3\" width=\"300\" height=\"300\" srcset=\"https:\/\/www.piris.com\/wp-content\/uploads\/OK501-3-300x300.jpg 300w, https:\/\/www.piris.com\/wp-content\/uploads\/OK501-3-200x200.jpg 200w, https:\/\/www.piris.com\/wp-content\/uploads\/OK501-3-150x150.jpg 150w, https:\/\/www.piris.com\/wp-content\/uploads\/OK501-3-350x350.jpg 350w, https:\/\/www.piris.com\/wp-content\/uploads\/OK501-3-116x116.jpg 116w, https:\/\/www.piris.com\/wp-content\/uploads\/OK501-3-133x133.jpg 133w, https:\/\/www.piris.com\/wp-content\/uploads\/OK501-3.jpg 400w\" sizes=\"(max-width: 300px) 100vw, 300px\" \/><\/a><\/p>\n","protected":false},"featured_media":20741,"comment_status":"closed","ping_status":"closed","template":"","meta":[],"product_cat":[348],"product_tag":[],"yoast_head":"<!-- This site is optimized with the Yoast SEO plugin v23.0 - https:\/\/yoast.com\/wordpress\/plugins\/seo\/ -->\n<title>MULTIPOLAR | Piris<\/title>\n<meta name=\"robots\" content=\"index, follow, max-snippet:-1, max-image-preview:large, max-video-preview:-1\" \/>\n<link rel=\"canonical\" href=\"https:\/\/www.piris.com\/ca\/cataleg-de-productes\/elements-de-connexio\/regletes\/nylon-ca\/multipolars\/multipolar\" \/>\n<meta property=\"og:locale\" content=\"ca_ES\" \/>\n<meta property=\"og:type\" content=\"article\" \/>\n<meta property=\"og:title\" content=\"MULTIPOLAR | Piris\" \/>\n<meta property=\"og:description\" content=\"Regleta de 2 a 24 pols  Possibilitat de configurar els connectors  Disponible Tapa de protecci\u00f3 OK500  Fitxa T\u00e8cnica MULTIPOLAR\" \/>\n<meta property=\"og:url\" content=\"https:\/\/www.piris.com\/ca\/cataleg-de-productes\/elements-de-connexio\/regletes\/nylon-ca\/multipolars\/multipolar\" \/>\n<meta property=\"og:site_name\" content=\"Piris\" \/>\n<meta property=\"article:modified_time\" content=\"2024-06-03T09:21:19+00:00\" \/>\n<meta property=\"og:image\" content=\"https:\/\/www.piris.com\/wp-content\/uploads\/Foto-MULTIPOLAR.png\" \/>\n\t<meta property=\"og:image:width\" content=\"300\" \/>\n\t<meta property=\"og:image:height\" content=\"187\" \/>\n\t<meta property=\"og:image:type\" content=\"image\/png\" \/>\n<meta name=\"twitter:card\" content=\"summary_large_image\" \/>\n<meta name=\"twitter:label1\" content=\"Temps estimat de lectura\" \/>\n\t<meta name=\"twitter:data1\" content=\"1 minut\" \/>\n<script type=\"application\/ld+json\" class=\"yoast-schema-graph\">{\"@context\":\"https:\/\/schema.org\",\"@graph\":[{\"@type\":\"WebPage\",\"@id\":\"https:\/\/www.piris.com\/ca\/cataleg-de-productes\/elements-de-connexio\/regletes\/nylon-ca\/multipolars\/multipolar\",\"url\":\"https:\/\/www.piris.com\/ca\/cataleg-de-productes\/elements-de-connexio\/regletes\/nylon-ca\/multipolars\/multipolar\",\"name\":\"MULTIPOLAR | Piris\",\"isPartOf\":{\"@id\":\"https:\/\/www.piris.com\/#website\"},\"primaryImageOfPage\":{\"@id\":\"https:\/\/www.piris.com\/ca\/cataleg-de-productes\/elements-de-connexio\/regletes\/nylon-ca\/multipolars\/multipolar#primaryimage\"},\"image\":{\"@id\":\"https:\/\/www.piris.com\/ca\/cataleg-de-productes\/elements-de-connexio\/regletes\/nylon-ca\/multipolars\/multipolar#primaryimage\"},\"thumbnailUrl\":\"https:\/\/www.piris.com\/wp-content\/uploads\/Foto-MULTIPOLAR.png\",\"datePublished\":\"2016-02-25T11:39:45+00:00\",\"dateModified\":\"2024-06-03T09:21:19+00:00\",\"breadcrumb\":{\"@id\":\"https:\/\/www.piris.com\/ca\/cataleg-de-productes\/elements-de-connexio\/regletes\/nylon-ca\/multipolars\/multipolar#breadcrumb\"},\"inLanguage\":\"ca\",\"potentialAction\":[{\"@type\":\"ReadAction\",\"target\":[\"https:\/\/www.piris.com\/ca\/cataleg-de-productes\/elements-de-connexio\/regletes\/nylon-ca\/multipolars\/multipolar\"]}]},{\"@type\":\"ImageObject\",\"inLanguage\":\"ca\",\"@id\":\"https:\/\/www.piris.com\/ca\/cataleg-de-productes\/elements-de-connexio\/regletes\/nylon-ca\/multipolars\/multipolar#primaryimage\",\"url\":\"https:\/\/www.piris.com\/wp-content\/uploads\/Foto-MULTIPOLAR.png\",\"contentUrl\":\"https:\/\/www.piris.com\/wp-content\/uploads\/Foto-MULTIPOLAR.png\",\"width\":300,\"height\":187},{\"@type\":\"BreadcrumbList\",\"@id\":\"https:\/\/www.piris.com\/ca\/cataleg-de-productes\/elements-de-connexio\/regletes\/nylon-ca\/multipolars\/multipolar#breadcrumb\",\"itemListElement\":[{\"@type\":\"ListItem\",\"position\":1,\"name\":\"Portada\",\"item\":\"https:\/\/www.piris.com\/ca\"},{\"@type\":\"ListItem\",\"position\":2,\"name\":\"Cat\u00e0leg de productes\",\"item\":\"https:\/\/www.piris.com\/ca\/cataleg-de-productes\"},{\"@type\":\"ListItem\",\"position\":3,\"name\":\"MULTIPOLAR\"}]},{\"@type\":\"WebSite\",\"@id\":\"https:\/\/www.piris.com\/#website\",\"url\":\"https:\/\/www.piris.com\/\",\"name\":\"Piris\",\"description\":\"Components el\u00e8ctrics, mec\u00e0nics i electr\u00f2nics\",\"publisher\":{\"@id\":\"https:\/\/www.piris.com\/#organization\"},\"potentialAction\":[{\"@type\":\"SearchAction\",\"target\":{\"@type\":\"EntryPoint\",\"urlTemplate\":\"https:\/\/www.piris.com\/?s={search_term_string}\"},\"query-input\":\"required name=search_term_string\"}],\"inLanguage\":\"ca\"},{\"@type\":\"Organization\",\"@id\":\"https:\/\/www.piris.com\/#organization\",\"name\":\"PIRIS\",\"url\":\"https:\/\/www.piris.com\/\",\"logo\":{\"@type\":\"ImageObject\",\"inLanguage\":\"ca\",\"@id\":\"https:\/\/www.piris.com\/#\/schema\/logo\/image\/\",\"url\":\"https:\/\/www.piris.com\/wp-content\/uploads\/29-PIRIS.png\",\"contentUrl\":\"https:\/\/www.piris.com\/wp-content\/uploads\/29-PIRIS.png\",\"width\":1280,\"height\":720,\"caption\":\"PIRIS\"},\"image\":{\"@id\":\"https:\/\/www.piris.com\/#\/schema\/logo\/image\/\"},\"sameAs\":[\"https:\/\/www.linkedin.com\/company\/piris\/\"]}]}<\/script>\n<!-- \/ Yoast SEO plugin. -->","yoast_head_json":{"title":"MULTIPOLAR | Piris","robots":{"index":"index","follow":"follow","max-snippet":"max-snippet:-1","max-image-preview":"max-image-preview:large","max-video-preview":"max-video-preview:-1"},"canonical":"https:\/\/www.piris.com\/ca\/cataleg-de-productes\/elements-de-connexio\/regletes\/nylon-ca\/multipolars\/multipolar","og_locale":"ca_ES","og_type":"article","og_title":"MULTIPOLAR | Piris","og_description":"Regleta de 2 a 24 pols  Possibilitat de configurar els connectors  Disponible Tapa de protecci\u00f3 OK500  Fitxa T\u00e8cnica MULTIPOLAR","og_url":"https:\/\/www.piris.com\/ca\/cataleg-de-productes\/elements-de-connexio\/regletes\/nylon-ca\/multipolars\/multipolar","og_site_name":"Piris","article_modified_time":"2024-06-03T09:21:19+00:00","og_image":[{"width":300,"height":187,"url":"https:\/\/www.piris.com\/wp-content\/uploads\/Foto-MULTIPOLAR.png","type":"image\/png"}],"twitter_card":"summary_large_image","twitter_misc":{"Temps estimat de lectura":"1 minut"},"schema":{"@context":"https:\/\/schema.org","@graph":[{"@type":"WebPage","@id":"https:\/\/www.piris.com\/ca\/cataleg-de-productes\/elements-de-connexio\/regletes\/nylon-ca\/multipolars\/multipolar","url":"https:\/\/www.piris.com\/ca\/cataleg-de-productes\/elements-de-connexio\/regletes\/nylon-ca\/multipolars\/multipolar","name":"MULTIPOLAR | Piris","isPartOf":{"@id":"https:\/\/www.piris.com\/#website"},"primaryImageOfPage":{"@id":"https:\/\/www.piris.com\/ca\/cataleg-de-productes\/elements-de-connexio\/regletes\/nylon-ca\/multipolars\/multipolar#primaryimage"},"image":{"@id":"https:\/\/www.piris.com\/ca\/cataleg-de-productes\/elements-de-connexio\/regletes\/nylon-ca\/multipolars\/multipolar#primaryimage"},"thumbnailUrl":"https:\/\/www.piris.com\/wp-content\/uploads\/Foto-MULTIPOLAR.png","datePublished":"2016-02-25T11:39:45+00:00","dateModified":"2024-06-03T09:21:19+00:00","breadcrumb":{"@id":"https:\/\/www.piris.com\/ca\/cataleg-de-productes\/elements-de-connexio\/regletes\/nylon-ca\/multipolars\/multipolar#breadcrumb"},"inLanguage":"ca","potentialAction":[{"@type":"ReadAction","target":["https:\/\/www.piris.com\/ca\/cataleg-de-productes\/elements-de-connexio\/regletes\/nylon-ca\/multipolars\/multipolar"]}]},{"@type":"ImageObject","inLanguage":"ca","@id":"https:\/\/www.piris.com\/ca\/cataleg-de-productes\/elements-de-connexio\/regletes\/nylon-ca\/multipolars\/multipolar#primaryimage","url":"https:\/\/www.piris.com\/wp-content\/uploads\/Foto-MULTIPOLAR.png","contentUrl":"https:\/\/www.piris.com\/wp-content\/uploads\/Foto-MULTIPOLAR.png","width":300,"height":187},{"@type":"BreadcrumbList","@id":"https:\/\/www.piris.com\/ca\/cataleg-de-productes\/elements-de-connexio\/regletes\/nylon-ca\/multipolars\/multipolar#breadcrumb","itemListElement":[{"@type":"ListItem","position":1,"name":"Portada","item":"https:\/\/www.piris.com\/ca"},{"@type":"ListItem","position":2,"name":"Cat\u00e0leg de productes","item":"https:\/\/www.piris.com\/ca\/cataleg-de-productes"},{"@type":"ListItem","position":3,"name":"MULTIPOLAR"}]},{"@type":"WebSite","@id":"https:\/\/www.piris.com\/#website","url":"https:\/\/www.piris.com\/","name":"Piris","description":"Components el\u00e8ctrics, mec\u00e0nics i electr\u00f2nics","publisher":{"@id":"https:\/\/www.piris.com\/#organization"},"potentialAction":[{"@type":"SearchAction","target":{"@type":"EntryPoint","urlTemplate":"https:\/\/www.piris.com\/?s={search_term_string}"},"query-input":"required name=search_term_string"}],"inLanguage":"ca"},{"@type":"Organization","@id":"https:\/\/www.piris.com\/#organization","name":"PIRIS","url":"https:\/\/www.piris.com\/","logo":{"@type":"ImageObject","inLanguage":"ca","@id":"https:\/\/www.piris.com\/#\/schema\/logo\/image\/","url":"https:\/\/www.piris.com\/wp-content\/uploads\/29-PIRIS.png","contentUrl":"https:\/\/www.piris.com\/wp-content\/uploads\/29-PIRIS.png","width":1280,"height":720,"caption":"PIRIS"},"image":{"@id":"https:\/\/www.piris.com\/#\/schema\/logo\/image\/"},"sameAs":["https:\/\/www.linkedin.com\/company\/piris\/"]}]}},"_links":{"self":[{"href":"https:\/\/www.piris.com\/ca\/wp-json\/wp\/v2\/product\/11796"}],"collection":[{"href":"https:\/\/www.piris.com\/ca\/wp-json\/wp\/v2\/product"}],"about":[{"href":"https:\/\/www.piris.com\/ca\/wp-json\/wp\/v2\/types\/product"}],"replies":[{"embeddable":true,"href":"https:\/\/www.piris.com\/ca\/wp-json\/wp\/v2\/comments?post=11796"}],"wp:featuredmedia":[{"embeddable":true,"href":"https:\/\/www.piris.com\/ca\/wp-json\/wp\/v2\/media\/20741"}],"wp:attachment":[{"href":"https:\/\/www.piris.com\/ca\/wp-json\/wp\/v2\/media?parent=11796"}],"wp:term":[{"taxonomy":"product_cat","embeddable":true,"href":"https:\/\/www.piris.com\/ca\/wp-json\/wp\/v2\/product_cat?post=11796"},{"taxonomy":"product_tag","embeddable":true,"href":"https:\/\/www.piris.com\/ca\/wp-json\/wp\/v2\/product_tag?post=11796"}],"curies":[{"name":"wp","href":"https:\/\/api.w.org\/{rel}","templated":true}]}}