{"id":11806,"date":"2015-09-16T09:12:38","date_gmt":"2015-09-16T07:12:38","guid":{"rendered":"http:\/\/piris.com\/catalogo-de-productos\/resistencia-blindada-monosortida\/"},"modified":"2015-09-16T09:12:38","modified_gmt":"2015-09-16T07:12:38","slug":"resistencia-blindada-monosortida","status":"publish","type":"product","link":"https:\/\/www.piris.com\/ca\/cataleg-de-productes\/resistencias-electricas-ca\/resistencia-blindada-monosortida","title":{"rendered":"Resist\u00e8ncia blindada monosortida"},"content":{"rendered":"","protected":false},"excerpt":{"rendered":"<p>Les resist\u00e8ncies cuirassades monotub es fabriquen segons la tradicional per\u00f2 efica\u00e7 tecnologia del tub d&#8217;acer inoxidable amb \u00f2xid de magnesi (MgO) i a\u00efllat mitjan\u00e7ant una vulcanitzaci\u00f3 en silicona Standard o anti-curtcircuit que ofereixen connexions completament herm\u00e8tiques.<br \/>La caracter\u00edstica d&#8217;aquest tipus de resist\u00e8ncies \u00e9s que en tenir la connexi\u00f3 en un \u00fanic costat, facilita la velocitat de muntatge en la seva aplicaci\u00f3.<br \/>El di\u00e0metre proposat \u00e9s de 8,5 mm per\u00f2 pot ser adaptat segons les especificacions del client.<\/p>\n<p><strong>LES PRINCIPALS AVANTATGES S\u00d3N<\/strong>:<br \/>-Una \u00fanica connexi\u00f3<br \/>-Notable adaptaci\u00f3 en ambients amb elevat grau d&#8217;humitat<br \/>-\u00d2ptima resist\u00e8ncia a la corrosi\u00f3<br \/>-Elevada fiabilitat en el temps<br \/>-\u00c0mplia gamma d&#8217;acabats, r\u00e0cord, platina, sistemes de fixaci\u00f3 i connexi\u00f3 a terra<\/p>\n<p><strong>APLICACIONS<\/strong><br \/>-Aplicacions industrials (premses de calor, forns i c\u00e0meres calents, bufets)<br \/>-Hostaleria (armaris frigor\u00edfics, refrigeradors r\u00e0pids de temperatura, escalfa begudes, banys maria, bufets)<br \/>-Aire condicionat (equips d&#8217;aire condicionat)<br \/>-Refrigeraci\u00f3 industrial i comercial (descongelaci\u00f3 d&#8217;evaporadors per frigor\u00edfics industrials, comercials i dom\u00e8stics, safates d&#8217;evaporaci\u00f3)<br \/>-Electrodom\u00e8stics (planxes per la roba)<\/p>\n<p><a title=\"Ficha T\u00e9cnica\" href=\"http:\/\/piris.com\/wp-content\/uploads\/pdf\/326__p_9_Monotubo_MR.pdf\" target=\"_blank\">Fitxa T\u00e8cnica <\/a><\/p>\n","protected":false},"featured_media":6915,"comment_status":"closed","ping_status":"closed","template":"","meta":[],"product_cat":[241],"product_tag":[],"yoast_head":"<!-- This site is optimized with the Yoast SEO plugin v23.0 - https:\/\/yoast.com\/wordpress\/plugins\/seo\/ -->\n<title>Resist\u00e8ncia blindada monosortida | Piris<\/title>\n<meta name=\"robots\" content=\"index, follow, max-snippet:-1, max-image-preview:large, max-video-preview:-1\" \/>\n<link rel=\"canonical\" href=\"https:\/\/www.piris.com\/cataleg-de-productes\/resistencias-electricas\/resistencia-acorazada-monosalida\" \/>\n<meta property=\"og:locale\" content=\"ca_ES\" \/>\n<meta property=\"og:type\" content=\"article\" \/>\n<meta property=\"og:title\" content=\"Resist\u00e8ncia blindada monosortida | Piris\" \/>\n<meta property=\"og:description\" content=\"Les resist\u00e8ncies cuirassades monotub es fabriquen segons la tradicional per\u00f2 efica\u00e7 tecnologia del tub d&#039;acer inoxidable amb \u00f2xid de magnesi (MgO) i a\u00efllat mitjan\u00e7ant una vulcanitzaci\u00f3 en silicona Standard o anti-curtcircuit que ofereixen connexions completament herm\u00e8tiques.La caracter\u00edstica d&#039;aquest tipus de resist\u00e8ncies \u00e9s que en tenir la connexi\u00f3 en un \u00fanic costat, facilita la velocitat de muntatge en la seva aplicaci\u00f3.El di\u00e0metre proposat \u00e9s de 8,5 mm per\u00f2 pot ser adaptat segons les especificacions del client.LES PRINCIPALS AVANTATGES S\u00d3N:-Una \u00fanica connexi\u00f3-Notable adaptaci\u00f3 en ambients amb elevat grau d&#039;humitat-\u00d2ptima resist\u00e8ncia a la corrosi\u00f3-Elevada fiabilitat en el temps-\u00c0mplia gamma d&#039;acabats, r\u00e0cord, platina, sistemes de fixaci\u00f3 i connexi\u00f3 a terraAPLICACIONS-Aplicacions industrials (premses de calor, forns i c\u00e0meres calents, bufets)-Hostaleria (armaris frigor\u00edfics, refrigeradors r\u00e0pids de temperatura, escalfa begudes, banys maria, bufets)-Aire condicionat (equips d&#039;aire condicionat)-Refrigeraci\u00f3 industrial i comercial (descongelaci\u00f3 d&#039;evaporadors per frigor\u00edfics industrials, comercials i dom\u00e8stics, safates d&#039;evaporaci\u00f3)-Electrodom\u00e8stics (planxes per la roba)Fitxa T\u00e8cnica\" \/>\n<meta property=\"og:url\" content=\"https:\/\/www.piris.com\/cataleg-de-productes\/resistencias-electricas\/resistencia-acorazada-monosalida\" \/>\n<meta property=\"og:site_name\" content=\"Piris\" \/>\n<meta property=\"og:image\" content=\"https:\/\/www.piris.com\/wp-content\/uploads\/ACORAZADA-MONOSALIDA-3.jpg\" \/>\n\t<meta property=\"og:image:width\" content=\"405\" \/>\n\t<meta property=\"og:image:height\" content=\"400\" \/>\n\t<meta property=\"og:image:type\" content=\"image\/jpeg\" \/>\n<meta name=\"twitter:card\" content=\"summary_large_image\" \/>\n<script type=\"application\/ld+json\" class=\"yoast-schema-graph\">{\"@context\":\"https:\/\/schema.org\",\"@graph\":[{\"@type\":\"WebPage\",\"@id\":\"https:\/\/www.piris.com\/cataleg-de-productes\/resistencias-electricas\/resistencia-acorazada-monosalida\",\"url\":\"https:\/\/www.piris.com\/cataleg-de-productes\/resistencias-electricas\/resistencia-acorazada-monosalida\",\"name\":\"Resist\u00e8ncia blindada monosortida | Piris\",\"isPartOf\":{\"@id\":\"https:\/\/www.piris.com\/#website\"},\"primaryImageOfPage\":{\"@id\":\"https:\/\/www.piris.com\/cataleg-de-productes\/resistencias-electricas\/resistencia-acorazada-monosalida#primaryimage\"},\"image\":{\"@id\":\"https:\/\/www.piris.com\/cataleg-de-productes\/resistencias-electricas\/resistencia-acorazada-monosalida#primaryimage\"},\"thumbnailUrl\":\"https:\/\/www.piris.com\/wp-content\/uploads\/ACORAZADA-MONOSALIDA-3.jpg\",\"datePublished\":\"2015-09-16T07:12:38+00:00\",\"dateModified\":\"2015-09-16T07:12:38+00:00\",\"breadcrumb\":{\"@id\":\"https:\/\/www.piris.com\/cataleg-de-productes\/resistencias-electricas\/resistencia-acorazada-monosalida#breadcrumb\"},\"inLanguage\":\"ca\",\"potentialAction\":[{\"@type\":\"ReadAction\",\"target\":[\"https:\/\/www.piris.com\/cataleg-de-productes\/resistencias-electricas\/resistencia-acorazada-monosalida\"]}]},{\"@type\":\"ImageObject\",\"inLanguage\":\"ca\",\"@id\":\"https:\/\/www.piris.com\/cataleg-de-productes\/resistencias-electricas\/resistencia-acorazada-monosalida#primaryimage\",\"url\":\"https:\/\/www.piris.com\/wp-content\/uploads\/ACORAZADA-MONOSALIDA-3.jpg\",\"contentUrl\":\"https:\/\/www.piris.com\/wp-content\/uploads\/ACORAZADA-MONOSALIDA-3.jpg\",\"width\":405,\"height\":400},{\"@type\":\"BreadcrumbList\",\"@id\":\"https:\/\/www.piris.com\/cataleg-de-productes\/resistencias-electricas\/resistencia-acorazada-monosalida#breadcrumb\",\"itemListElement\":[{\"@type\":\"ListItem\",\"position\":1,\"name\":\"Portada\",\"item\":\"https:\/\/www.piris.com\/ca\"},{\"@type\":\"ListItem\",\"position\":2,\"name\":\"Cat\u00e0leg de productes\",\"item\":\"https:\/\/www.piris.com\/ca\/cataleg-de-productes\"},{\"@type\":\"ListItem\",\"position\":3,\"name\":\"Resist\u00e8ncia blindada monosortida\"}]},{\"@type\":\"WebSite\",\"@id\":\"https:\/\/www.piris.com\/#website\",\"url\":\"https:\/\/www.piris.com\/\",\"name\":\"Piris\",\"description\":\"Components el\u00e8ctrics, mec\u00e0nics i electr\u00f2nics\",\"publisher\":{\"@id\":\"https:\/\/www.piris.com\/#organization\"},\"potentialAction\":[{\"@type\":\"SearchAction\",\"target\":{\"@type\":\"EntryPoint\",\"urlTemplate\":\"https:\/\/www.piris.com\/?s={search_term_string}\"},\"query-input\":\"required name=search_term_string\"}],\"inLanguage\":\"ca\"},{\"@type\":\"Organization\",\"@id\":\"https:\/\/www.piris.com\/#organization\",\"name\":\"PIRIS\",\"url\":\"https:\/\/www.piris.com\/\",\"logo\":{\"@type\":\"ImageObject\",\"inLanguage\":\"ca\",\"@id\":\"https:\/\/www.piris.com\/#\/schema\/logo\/image\/\",\"url\":\"https:\/\/www.piris.com\/wp-content\/uploads\/29-PIRIS.png\",\"contentUrl\":\"https:\/\/www.piris.com\/wp-content\/uploads\/29-PIRIS.png\",\"width\":1280,\"height\":720,\"caption\":\"PIRIS\"},\"image\":{\"@id\":\"https:\/\/www.piris.com\/#\/schema\/logo\/image\/\"},\"sameAs\":[\"https:\/\/www.linkedin.com\/company\/piris\/\"]}]}<\/script>\n<!-- \/ Yoast SEO plugin. -->","yoast_head_json":{"title":"Resist\u00e8ncia blindada monosortida | Piris","robots":{"index":"index","follow":"follow","max-snippet":"max-snippet:-1","max-image-preview":"max-image-preview:large","max-video-preview":"max-video-preview:-1"},"canonical":"https:\/\/www.piris.com\/cataleg-de-productes\/resistencias-electricas\/resistencia-acorazada-monosalida","og_locale":"ca_ES","og_type":"article","og_title":"Resist\u00e8ncia blindada monosortida | Piris","og_description":"Les resist\u00e8ncies cuirassades monotub es fabriquen segons la tradicional per\u00f2 efica\u00e7 tecnologia del tub d'acer inoxidable amb \u00f2xid de magnesi (MgO) i a\u00efllat mitjan\u00e7ant una vulcanitzaci\u00f3 en silicona Standard o anti-curtcircuit que ofereixen connexions completament herm\u00e8tiques.La caracter\u00edstica d'aquest tipus de resist\u00e8ncies \u00e9s que en tenir la connexi\u00f3 en un \u00fanic costat, facilita la velocitat de muntatge en la seva aplicaci\u00f3.El di\u00e0metre proposat \u00e9s de 8,5 mm per\u00f2 pot ser adaptat segons les especificacions del client.LES PRINCIPALS AVANTATGES S\u00d3N:-Una \u00fanica connexi\u00f3-Notable adaptaci\u00f3 en ambients amb elevat grau d'humitat-\u00d2ptima resist\u00e8ncia a la corrosi\u00f3-Elevada fiabilitat en el temps-\u00c0mplia gamma d'acabats, r\u00e0cord, platina, sistemes de fixaci\u00f3 i connexi\u00f3 a terraAPLICACIONS-Aplicacions industrials (premses de calor, forns i c\u00e0meres calents, bufets)-Hostaleria (armaris frigor\u00edfics, refrigeradors r\u00e0pids de temperatura, escalfa begudes, banys maria, bufets)-Aire condicionat (equips d'aire condicionat)-Refrigeraci\u00f3 industrial i comercial (descongelaci\u00f3 d'evaporadors per frigor\u00edfics industrials, comercials i dom\u00e8stics, safates d'evaporaci\u00f3)-Electrodom\u00e8stics (planxes per la roba)Fitxa T\u00e8cnica","og_url":"https:\/\/www.piris.com\/cataleg-de-productes\/resistencias-electricas\/resistencia-acorazada-monosalida","og_site_name":"Piris","og_image":[{"width":405,"height":400,"url":"https:\/\/www.piris.com\/wp-content\/uploads\/ACORAZADA-MONOSALIDA-3.jpg","type":"image\/jpeg"}],"twitter_card":"summary_large_image","schema":{"@context":"https:\/\/schema.org","@graph":[{"@type":"WebPage","@id":"https:\/\/www.piris.com\/cataleg-de-productes\/resistencias-electricas\/resistencia-acorazada-monosalida","url":"https:\/\/www.piris.com\/cataleg-de-productes\/resistencias-electricas\/resistencia-acorazada-monosalida","name":"Resist\u00e8ncia blindada monosortida | Piris","isPartOf":{"@id":"https:\/\/www.piris.com\/#website"},"primaryImageOfPage":{"@id":"https:\/\/www.piris.com\/cataleg-de-productes\/resistencias-electricas\/resistencia-acorazada-monosalida#primaryimage"},"image":{"@id":"https:\/\/www.piris.com\/cataleg-de-productes\/resistencias-electricas\/resistencia-acorazada-monosalida#primaryimage"},"thumbnailUrl":"https:\/\/www.piris.com\/wp-content\/uploads\/ACORAZADA-MONOSALIDA-3.jpg","datePublished":"2015-09-16T07:12:38+00:00","dateModified":"2015-09-16T07:12:38+00:00","breadcrumb":{"@id":"https:\/\/www.piris.com\/cataleg-de-productes\/resistencias-electricas\/resistencia-acorazada-monosalida#breadcrumb"},"inLanguage":"ca","potentialAction":[{"@type":"ReadAction","target":["https:\/\/www.piris.com\/cataleg-de-productes\/resistencias-electricas\/resistencia-acorazada-monosalida"]}]},{"@type":"ImageObject","inLanguage":"ca","@id":"https:\/\/www.piris.com\/cataleg-de-productes\/resistencias-electricas\/resistencia-acorazada-monosalida#primaryimage","url":"https:\/\/www.piris.com\/wp-content\/uploads\/ACORAZADA-MONOSALIDA-3.jpg","contentUrl":"https:\/\/www.piris.com\/wp-content\/uploads\/ACORAZADA-MONOSALIDA-3.jpg","width":405,"height":400},{"@type":"BreadcrumbList","@id":"https:\/\/www.piris.com\/cataleg-de-productes\/resistencias-electricas\/resistencia-acorazada-monosalida#breadcrumb","itemListElement":[{"@type":"ListItem","position":1,"name":"Portada","item":"https:\/\/www.piris.com\/ca"},{"@type":"ListItem","position":2,"name":"Cat\u00e0leg de productes","item":"https:\/\/www.piris.com\/ca\/cataleg-de-productes"},{"@type":"ListItem","position":3,"name":"Resist\u00e8ncia blindada monosortida"}]},{"@type":"WebSite","@id":"https:\/\/www.piris.com\/#website","url":"https:\/\/www.piris.com\/","name":"Piris","description":"Components el\u00e8ctrics, mec\u00e0nics i electr\u00f2nics","publisher":{"@id":"https:\/\/www.piris.com\/#organization"},"potentialAction":[{"@type":"SearchAction","target":{"@type":"EntryPoint","urlTemplate":"https:\/\/www.piris.com\/?s={search_term_string}"},"query-input":"required name=search_term_string"}],"inLanguage":"ca"},{"@type":"Organization","@id":"https:\/\/www.piris.com\/#organization","name":"PIRIS","url":"https:\/\/www.piris.com\/","logo":{"@type":"ImageObject","inLanguage":"ca","@id":"https:\/\/www.piris.com\/#\/schema\/logo\/image\/","url":"https:\/\/www.piris.com\/wp-content\/uploads\/29-PIRIS.png","contentUrl":"https:\/\/www.piris.com\/wp-content\/uploads\/29-PIRIS.png","width":1280,"height":720,"caption":"PIRIS"},"image":{"@id":"https:\/\/www.piris.com\/#\/schema\/logo\/image\/"},"sameAs":["https:\/\/www.linkedin.com\/company\/piris\/"]}]}},"_links":{"self":[{"href":"https:\/\/www.piris.com\/ca\/wp-json\/wp\/v2\/product\/11806"}],"collection":[{"href":"https:\/\/www.piris.com\/ca\/wp-json\/wp\/v2\/product"}],"about":[{"href":"https:\/\/www.piris.com\/ca\/wp-json\/wp\/v2\/types\/product"}],"replies":[{"embeddable":true,"href":"https:\/\/www.piris.com\/ca\/wp-json\/wp\/v2\/comments?post=11806"}],"wp:featuredmedia":[{"embeddable":true,"href":"https:\/\/www.piris.com\/ca\/wp-json\/wp\/v2\/media\/6915"}],"wp:attachment":[{"href":"https:\/\/www.piris.com\/ca\/wp-json\/wp\/v2\/media?parent=11806"}],"wp:term":[{"taxonomy":"product_cat","embeddable":true,"href":"https:\/\/www.piris.com\/ca\/wp-json\/wp\/v2\/product_cat?post=11806"},{"taxonomy":"product_tag","embeddable":true,"href":"https:\/\/www.piris.com\/ca\/wp-json\/wp\/v2\/product_tag?post=11806"}],"curies":[{"name":"wp","href":"https:\/\/api.w.org\/{rel}","templated":true}]}}