{"id":11810,"date":"2015-09-16T09:18:27","date_gmt":"2015-09-16T07:18:27","guid":{"rendered":"http:\/\/piris.com\/catalogo-de-productos\/resistencia-de-pasta-conductiva-2\/"},"modified":"2015-09-16T09:18:27","modified_gmt":"2015-09-16T07:18:27","slug":"resistencia-de-pasta-conductiva-2","status":"publish","type":"product","link":"https:\/\/www.piris.com\/ca\/cataleg-de-productes\/resistencias-electricas-ca\/resistencia-de-pasta-conductiva-2","title":{"rendered":"Resist\u00e8ncia de pasta conductiva"},"content":{"rendered":"","protected":false},"excerpt":{"rendered":"<p>La fabricaci\u00f3 d&#8217;aquesta tipologia de resist\u00e8ncies es basa en la serigrafia de pasta conductiva i resistiva, que es dipositen amb formulacions i estrats diversos, d&#8217;acord amb les caracter\u00edstiques el\u00e8ctriques sol \u00b7 licitades, sobre materials com el PET o el PVC.<br \/>Aquest tipus de fabricaci\u00f3 permet projectar la resist\u00e8ncia per adaptar-la de manera \u00f2ptima a les exig\u00e8ncies espec\u00edfiques del client.<br \/>La utilitzaci\u00f3 d&#8217;aquesta tecnologia ofereix un producte molt flexible, amb gruixos m\u00ednims i garanteix una notable uniformitat t\u00e8rmica amb consums continguts.<br \/>L&#8217;elevat grau de personalitzaci\u00f3 est\u00e0 garantit per la disponibilitat d&#8217;aplicar adhesius, term\u00f2stats, sondes, endolls euro plug, cablejats, etc.<\/p>\n<p><strong>LES PRINCIPALS AVANTATGES S\u00d3N:<\/strong><br \/>-Elevada adaptabilitat a superf\u00edcies planes i corbes<br \/>-Notable flexibilitat<br \/>-\u00d2ptima uniformitat t\u00e8rmica. Gruixos m\u00ednims (m\u00e0x 2 mm)<\/p>\n<p><strong>APLICACIONS<\/strong><br \/>-Autom\u00f2bil i transport (miralls retrovisors cotxes i camions, vagons de tren)<br \/>-Hostaleria (escalfa begudes, banys maria, bufets)<br \/>-Aire condicionat (equips d&#8217;aire condicionat, escalfadors d&#8217;oli per c\u00e0rter de compressors)<br \/>-Refrigeraci\u00f3 industrial i comercial (safates de condensaci\u00f3, anti-condensaci\u00f3 vitrines frigor\u00edfiques)<br \/>-Sanitari (sector est\u00e8tica, saunes, banyeres d&#8217;hidromassatge, mantes el\u00e8ctriques, anti-condensaci\u00f3 miralls bany)<br \/>-Electrodom\u00e8stics (iogurteres, olles el\u00e8ctriques, escalfa biberons)<br \/>-Diversos (antenes de telecomunicaci\u00f3, incubadores de pollastres, anti-condensaci\u00f3 aparellajes i quadres el\u00e8ctrics, escalfament d&#8217;hivernacles, aquaris i terraris)<\/p>\n<p><a title=\"Ficha T\u00e9cnica\" href=\"http:\/\/piris.com\/wp-content\/uploads\/pdf\/329__p_11_PastaConduttiva_MR.pdf\" target=\"_blank\">Fitxa T\u00e8cnica <\/a><\/p>\n","protected":false},"featured_media":6905,"comment_status":"closed","ping_status":"closed","template":"","meta":[],"product_cat":[241],"product_tag":[],"yoast_head":"<!-- This site is optimized with the Yoast SEO plugin v23.0 - https:\/\/yoast.com\/wordpress\/plugins\/seo\/ -->\n<title>Resist\u00e8ncia de pasta conductiva | Piris<\/title>\n<meta name=\"robots\" content=\"index, follow, max-snippet:-1, max-image-preview:large, max-video-preview:-1\" \/>\n<link rel=\"canonical\" href=\"https:\/\/www.piris.com\/cataleg-de-productes\/resistencias-electricas\/resistencia-de-pasta-conductiva\" \/>\n<meta property=\"og:locale\" content=\"ca_ES\" \/>\n<meta property=\"og:type\" content=\"article\" \/>\n<meta property=\"og:title\" content=\"Resist\u00e8ncia de pasta conductiva | Piris\" \/>\n<meta property=\"og:description\" content=\"La fabricaci\u00f3 d&#039;aquesta tipologia de resist\u00e8ncies es basa en la serigrafia de pasta conductiva i resistiva, que es dipositen amb formulacions i estrats diversos, d&#039;acord amb les caracter\u00edstiques el\u00e8ctriques sol \u00b7 licitades, sobre materials com el PET o el PVC.Aquest tipus de fabricaci\u00f3 permet projectar la resist\u00e8ncia per adaptar-la de manera \u00f2ptima a les exig\u00e8ncies espec\u00edfiques del client.La utilitzaci\u00f3 d&#039;aquesta tecnologia ofereix un producte molt flexible, amb gruixos m\u00ednims i garanteix una notable uniformitat t\u00e8rmica amb consums continguts.L&#039;elevat grau de personalitzaci\u00f3 est\u00e0 garantit per la disponibilitat d&#039;aplicar adhesius, term\u00f2stats, sondes, endolls euro plug, cablejats, etc.LES PRINCIPALS AVANTATGES S\u00d3N:-Elevada adaptabilitat a superf\u00edcies planes i corbes-Notable flexibilitat-\u00d2ptima uniformitat t\u00e8rmica. Gruixos m\u00ednims (m\u00e0x 2 mm)APLICACIONS-Autom\u00f2bil i transport (miralls retrovisors cotxes i camions, vagons de tren)-Hostaleria (escalfa begudes, banys maria, bufets)-Aire condicionat (equips d&#039;aire condicionat, escalfadors d&#039;oli per c\u00e0rter de compressors)-Refrigeraci\u00f3 industrial i comercial (safates de condensaci\u00f3, anti-condensaci\u00f3 vitrines frigor\u00edfiques)-Sanitari (sector est\u00e8tica, saunes, banyeres d&#039;hidromassatge, mantes el\u00e8ctriques, anti-condensaci\u00f3 miralls bany)-Electrodom\u00e8stics (iogurteres, olles el\u00e8ctriques, escalfa biberons)-Diversos (antenes de telecomunicaci\u00f3, incubadores de pollastres, anti-condensaci\u00f3 aparellajes i quadres el\u00e8ctrics, escalfament d&#039;hivernacles, aquaris i terraris)Fitxa T\u00e8cnica\" \/>\n<meta property=\"og:url\" content=\"https:\/\/www.piris.com\/cataleg-de-productes\/resistencias-electricas\/resistencia-de-pasta-conductiva\" \/>\n<meta property=\"og:site_name\" content=\"Piris\" \/>\n<meta property=\"og:image\" content=\"https:\/\/www.piris.com\/wp-content\/uploads\/PASTA-CONDUCTIVA.jpg\" \/>\n\t<meta property=\"og:image:width\" content=\"407\" \/>\n\t<meta property=\"og:image:height\" content=\"400\" \/>\n\t<meta property=\"og:image:type\" content=\"image\/jpeg\" \/>\n<meta name=\"twitter:card\" content=\"summary_large_image\" \/>\n<script type=\"application\/ld+json\" class=\"yoast-schema-graph\">{\"@context\":\"https:\/\/schema.org\",\"@graph\":[{\"@type\":\"WebPage\",\"@id\":\"https:\/\/www.piris.com\/cataleg-de-productes\/resistencias-electricas\/resistencia-de-pasta-conductiva\",\"url\":\"https:\/\/www.piris.com\/cataleg-de-productes\/resistencias-electricas\/resistencia-de-pasta-conductiva\",\"name\":\"Resist\u00e8ncia de pasta conductiva | Piris\",\"isPartOf\":{\"@id\":\"https:\/\/www.piris.com\/#website\"},\"primaryImageOfPage\":{\"@id\":\"https:\/\/www.piris.com\/cataleg-de-productes\/resistencias-electricas\/resistencia-de-pasta-conductiva#primaryimage\"},\"image\":{\"@id\":\"https:\/\/www.piris.com\/cataleg-de-productes\/resistencias-electricas\/resistencia-de-pasta-conductiva#primaryimage\"},\"thumbnailUrl\":\"https:\/\/www.piris.com\/wp-content\/uploads\/PASTA-CONDUCTIVA.jpg\",\"datePublished\":\"2015-09-16T07:18:27+00:00\",\"dateModified\":\"2015-09-16T07:18:27+00:00\",\"breadcrumb\":{\"@id\":\"https:\/\/www.piris.com\/cataleg-de-productes\/resistencias-electricas\/resistencia-de-pasta-conductiva#breadcrumb\"},\"inLanguage\":\"ca\",\"potentialAction\":[{\"@type\":\"ReadAction\",\"target\":[\"https:\/\/www.piris.com\/cataleg-de-productes\/resistencias-electricas\/resistencia-de-pasta-conductiva\"]}]},{\"@type\":\"ImageObject\",\"inLanguage\":\"ca\",\"@id\":\"https:\/\/www.piris.com\/cataleg-de-productes\/resistencias-electricas\/resistencia-de-pasta-conductiva#primaryimage\",\"url\":\"https:\/\/www.piris.com\/wp-content\/uploads\/PASTA-CONDUCTIVA.jpg\",\"contentUrl\":\"https:\/\/www.piris.com\/wp-content\/uploads\/PASTA-CONDUCTIVA.jpg\",\"width\":407,\"height\":400},{\"@type\":\"BreadcrumbList\",\"@id\":\"https:\/\/www.piris.com\/cataleg-de-productes\/resistencias-electricas\/resistencia-de-pasta-conductiva#breadcrumb\",\"itemListElement\":[{\"@type\":\"ListItem\",\"position\":1,\"name\":\"Portada\",\"item\":\"https:\/\/www.piris.com\/ca\"},{\"@type\":\"ListItem\",\"position\":2,\"name\":\"Cat\u00e0leg de productes\",\"item\":\"https:\/\/www.piris.com\/ca\/cataleg-de-productes\"},{\"@type\":\"ListItem\",\"position\":3,\"name\":\"Resist\u00e8ncia de pasta conductiva\"}]},{\"@type\":\"WebSite\",\"@id\":\"https:\/\/www.piris.com\/#website\",\"url\":\"https:\/\/www.piris.com\/\",\"name\":\"Piris\",\"description\":\"Components el\u00e8ctrics, mec\u00e0nics i electr\u00f2nics\",\"publisher\":{\"@id\":\"https:\/\/www.piris.com\/#organization\"},\"potentialAction\":[{\"@type\":\"SearchAction\",\"target\":{\"@type\":\"EntryPoint\",\"urlTemplate\":\"https:\/\/www.piris.com\/?s={search_term_string}\"},\"query-input\":\"required name=search_term_string\"}],\"inLanguage\":\"ca\"},{\"@type\":\"Organization\",\"@id\":\"https:\/\/www.piris.com\/#organization\",\"name\":\"PIRIS\",\"url\":\"https:\/\/www.piris.com\/\",\"logo\":{\"@type\":\"ImageObject\",\"inLanguage\":\"ca\",\"@id\":\"https:\/\/www.piris.com\/#\/schema\/logo\/image\/\",\"url\":\"https:\/\/www.piris.com\/wp-content\/uploads\/29-PIRIS.png\",\"contentUrl\":\"https:\/\/www.piris.com\/wp-content\/uploads\/29-PIRIS.png\",\"width\":1280,\"height\":720,\"caption\":\"PIRIS\"},\"image\":{\"@id\":\"https:\/\/www.piris.com\/#\/schema\/logo\/image\/\"},\"sameAs\":[\"https:\/\/www.linkedin.com\/company\/piris\/\"]}]}<\/script>\n<!-- \/ Yoast SEO plugin. -->","yoast_head_json":{"title":"Resist\u00e8ncia de pasta conductiva | Piris","robots":{"index":"index","follow":"follow","max-snippet":"max-snippet:-1","max-image-preview":"max-image-preview:large","max-video-preview":"max-video-preview:-1"},"canonical":"https:\/\/www.piris.com\/cataleg-de-productes\/resistencias-electricas\/resistencia-de-pasta-conductiva","og_locale":"ca_ES","og_type":"article","og_title":"Resist\u00e8ncia de pasta conductiva | Piris","og_description":"La fabricaci\u00f3 d'aquesta tipologia de resist\u00e8ncies es basa en la serigrafia de pasta conductiva i resistiva, que es dipositen amb formulacions i estrats diversos, d'acord amb les caracter\u00edstiques el\u00e8ctriques sol \u00b7 licitades, sobre materials com el PET o el PVC.Aquest tipus de fabricaci\u00f3 permet projectar la resist\u00e8ncia per adaptar-la de manera \u00f2ptima a les exig\u00e8ncies espec\u00edfiques del client.La utilitzaci\u00f3 d'aquesta tecnologia ofereix un producte molt flexible, amb gruixos m\u00ednims i garanteix una notable uniformitat t\u00e8rmica amb consums continguts.L'elevat grau de personalitzaci\u00f3 est\u00e0 garantit per la disponibilitat d'aplicar adhesius, term\u00f2stats, sondes, endolls euro plug, cablejats, etc.LES PRINCIPALS AVANTATGES S\u00d3N:-Elevada adaptabilitat a superf\u00edcies planes i corbes-Notable flexibilitat-\u00d2ptima uniformitat t\u00e8rmica. Gruixos m\u00ednims (m\u00e0x 2 mm)APLICACIONS-Autom\u00f2bil i transport (miralls retrovisors cotxes i camions, vagons de tren)-Hostaleria (escalfa begudes, banys maria, bufets)-Aire condicionat (equips d'aire condicionat, escalfadors d'oli per c\u00e0rter de compressors)-Refrigeraci\u00f3 industrial i comercial (safates de condensaci\u00f3, anti-condensaci\u00f3 vitrines frigor\u00edfiques)-Sanitari (sector est\u00e8tica, saunes, banyeres d'hidromassatge, mantes el\u00e8ctriques, anti-condensaci\u00f3 miralls bany)-Electrodom\u00e8stics (iogurteres, olles el\u00e8ctriques, escalfa biberons)-Diversos (antenes de telecomunicaci\u00f3, incubadores de pollastres, anti-condensaci\u00f3 aparellajes i quadres el\u00e8ctrics, escalfament d'hivernacles, aquaris i terraris)Fitxa T\u00e8cnica","og_url":"https:\/\/www.piris.com\/cataleg-de-productes\/resistencias-electricas\/resistencia-de-pasta-conductiva","og_site_name":"Piris","og_image":[{"width":407,"height":400,"url":"https:\/\/www.piris.com\/wp-content\/uploads\/PASTA-CONDUCTIVA.jpg","type":"image\/jpeg"}],"twitter_card":"summary_large_image","schema":{"@context":"https:\/\/schema.org","@graph":[{"@type":"WebPage","@id":"https:\/\/www.piris.com\/cataleg-de-productes\/resistencias-electricas\/resistencia-de-pasta-conductiva","url":"https:\/\/www.piris.com\/cataleg-de-productes\/resistencias-electricas\/resistencia-de-pasta-conductiva","name":"Resist\u00e8ncia de pasta conductiva | Piris","isPartOf":{"@id":"https:\/\/www.piris.com\/#website"},"primaryImageOfPage":{"@id":"https:\/\/www.piris.com\/cataleg-de-productes\/resistencias-electricas\/resistencia-de-pasta-conductiva#primaryimage"},"image":{"@id":"https:\/\/www.piris.com\/cataleg-de-productes\/resistencias-electricas\/resistencia-de-pasta-conductiva#primaryimage"},"thumbnailUrl":"https:\/\/www.piris.com\/wp-content\/uploads\/PASTA-CONDUCTIVA.jpg","datePublished":"2015-09-16T07:18:27+00:00","dateModified":"2015-09-16T07:18:27+00:00","breadcrumb":{"@id":"https:\/\/www.piris.com\/cataleg-de-productes\/resistencias-electricas\/resistencia-de-pasta-conductiva#breadcrumb"},"inLanguage":"ca","potentialAction":[{"@type":"ReadAction","target":["https:\/\/www.piris.com\/cataleg-de-productes\/resistencias-electricas\/resistencia-de-pasta-conductiva"]}]},{"@type":"ImageObject","inLanguage":"ca","@id":"https:\/\/www.piris.com\/cataleg-de-productes\/resistencias-electricas\/resistencia-de-pasta-conductiva#primaryimage","url":"https:\/\/www.piris.com\/wp-content\/uploads\/PASTA-CONDUCTIVA.jpg","contentUrl":"https:\/\/www.piris.com\/wp-content\/uploads\/PASTA-CONDUCTIVA.jpg","width":407,"height":400},{"@type":"BreadcrumbList","@id":"https:\/\/www.piris.com\/cataleg-de-productes\/resistencias-electricas\/resistencia-de-pasta-conductiva#breadcrumb","itemListElement":[{"@type":"ListItem","position":1,"name":"Portada","item":"https:\/\/www.piris.com\/ca"},{"@type":"ListItem","position":2,"name":"Cat\u00e0leg de productes","item":"https:\/\/www.piris.com\/ca\/cataleg-de-productes"},{"@type":"ListItem","position":3,"name":"Resist\u00e8ncia de pasta conductiva"}]},{"@type":"WebSite","@id":"https:\/\/www.piris.com\/#website","url":"https:\/\/www.piris.com\/","name":"Piris","description":"Components el\u00e8ctrics, mec\u00e0nics i electr\u00f2nics","publisher":{"@id":"https:\/\/www.piris.com\/#organization"},"potentialAction":[{"@type":"SearchAction","target":{"@type":"EntryPoint","urlTemplate":"https:\/\/www.piris.com\/?s={search_term_string}"},"query-input":"required name=search_term_string"}],"inLanguage":"ca"},{"@type":"Organization","@id":"https:\/\/www.piris.com\/#organization","name":"PIRIS","url":"https:\/\/www.piris.com\/","logo":{"@type":"ImageObject","inLanguage":"ca","@id":"https:\/\/www.piris.com\/#\/schema\/logo\/image\/","url":"https:\/\/www.piris.com\/wp-content\/uploads\/29-PIRIS.png","contentUrl":"https:\/\/www.piris.com\/wp-content\/uploads\/29-PIRIS.png","width":1280,"height":720,"caption":"PIRIS"},"image":{"@id":"https:\/\/www.piris.com\/#\/schema\/logo\/image\/"},"sameAs":["https:\/\/www.linkedin.com\/company\/piris\/"]}]}},"_links":{"self":[{"href":"https:\/\/www.piris.com\/ca\/wp-json\/wp\/v2\/product\/11810"}],"collection":[{"href":"https:\/\/www.piris.com\/ca\/wp-json\/wp\/v2\/product"}],"about":[{"href":"https:\/\/www.piris.com\/ca\/wp-json\/wp\/v2\/types\/product"}],"replies":[{"embeddable":true,"href":"https:\/\/www.piris.com\/ca\/wp-json\/wp\/v2\/comments?post=11810"}],"wp:featuredmedia":[{"embeddable":true,"href":"https:\/\/www.piris.com\/ca\/wp-json\/wp\/v2\/media\/6905"}],"wp:attachment":[{"href":"https:\/\/www.piris.com\/ca\/wp-json\/wp\/v2\/media?parent=11810"}],"wp:term":[{"taxonomy":"product_cat","embeddable":true,"href":"https:\/\/www.piris.com\/ca\/wp-json\/wp\/v2\/product_cat?post=11810"},{"taxonomy":"product_tag","embeddable":true,"href":"https:\/\/www.piris.com\/ca\/wp-json\/wp\/v2\/product_tag?post=11810"}],"curies":[{"name":"wp","href":"https:\/\/api.w.org\/{rel}","templated":true}]}}