{"id":11816,"date":"2015-09-16T09:22:43","date_gmt":"2015-09-16T07:22:43","guid":{"rendered":"http:\/\/piris.com\/catalogo-de-productos\/cable-sobre-foli-alumini\/"},"modified":"2015-09-16T09:22:43","modified_gmt":"2015-09-16T07:22:43","slug":"cable-sobre-foli-alumini","status":"publish","type":"product","link":"https:\/\/www.piris.com\/ca\/cataleg-de-productes\/resistencias-electricas-ca\/cable-sobre-foli-alumini","title":{"rendered":"Cable sobre foli alumini"},"content":{"rendered":"","protected":false},"excerpt":{"rendered":"<p>El cable calefactor flexible, produ\u00eft amb diversos tipus de materials a\u00efllants depenent de la temperatura de treball, pot ser termo soldat sobre un full d&#8217;alumini o inserit entre dues fulles d&#8217;alumini per millorar l&#8217;intercanvi t\u00e8rmic.<br \/>Per tal d&#8217;aconseguir una r\u00e0pida aplicaci\u00f3, la resist\u00e8ncia de fulla d&#8217;alumini pot ser adhesiva.<br \/>La resist\u00e8ncia de fulla d&#8217;alumini pot ser lliurada completa de termoregulaci\u00f3 (term\u00f2stat, termofusible), cables de connexi\u00f3 de diversos tipus, terminals i connexions espec\u00edfiques.<\/p>\n<p><strong>LES PRINCIPALS AVANTATGES S\u00d3N:<\/strong><br \/>-Elevada adaptabilitat a superf\u00edcies planes i corbes<br \/>-Possibilitat de treballar en immersi\u00f3 o en ambients amb humitat elevada<br \/>-Gruix m\u00ednim (max. 4 mm)<br \/>-Facilitat d&#8217;instal \u00b7 laci\u00f3<br \/>-Elevada personalitzaci\u00f3 basada en les especificacions del client<\/p>\n<p><strong><br \/>APLICACIONS<\/strong><br \/>-Aplicacions industrials (motlles, taules calentes)<br \/>-Hostaleria (escalfa begudes)<br \/>-Aire condicionat (m\u00e0quines d&#8217;aire condicionat)<br \/>-Refrigeraci\u00f3 industrial i comercial (descongelaci\u00f3 d&#8217;evaporadors per frigor\u00edfics industrials, comercials i dom\u00e8stics)-Metge (instrumentaci\u00f3 m\u00e8dica i de laboratori)<br \/>-Sanitari (saunes, banyeres d&#8217;hidromassatge)<br \/>-Est\u00e8tica (mantes t\u00e8rmiques)<br \/>-Electrodom\u00e8stics (iogurteres, olles r\u00e0pides, escalfa biberons)<br \/>-Diversos (antenes de telecomunicaci\u00f3, incubadores per pollastres)<\/p>\n<p><a title=\"Ficha T\u00e9cnica\" href=\"http:\/\/piris.com\/wp-content\/uploads\/pdf\/332__p_3_ResistenzeFoglioAlluminio_MR.pdf\" target=\"_blank\">Fitxa T\u00e8cnica <\/a><\/p>\n","protected":false},"featured_media":6893,"comment_status":"closed","ping_status":"closed","template":"","meta":[],"product_cat":[241],"product_tag":[],"yoast_head":"<!-- This site is optimized with the Yoast SEO plugin v23.0 - https:\/\/yoast.com\/wordpress\/plugins\/seo\/ -->\n<title>Cable sobre foli alumini | Piris<\/title>\n<meta name=\"robots\" content=\"index, follow, max-snippet:-1, max-image-preview:large, max-video-preview:-1\" \/>\n<link rel=\"canonical\" href=\"https:\/\/www.piris.com\/cataleg-de-productes\/resistencias-electricas\/cable-sobre-folio-de-aluminio\" \/>\n<meta property=\"og:locale\" content=\"ca_ES\" \/>\n<meta property=\"og:type\" content=\"article\" \/>\n<meta property=\"og:title\" content=\"Cable sobre foli alumini | Piris\" \/>\n<meta property=\"og:description\" content=\"El cable calefactor flexible, produ\u00eft amb diversos tipus de materials a\u00efllants depenent de la temperatura de treball, pot ser termo soldat sobre un full d&#039;alumini o inserit entre dues fulles d&#039;alumini per millorar l&#039;intercanvi t\u00e8rmic.Per tal d&#039;aconseguir una r\u00e0pida aplicaci\u00f3, la resist\u00e8ncia de fulla d&#039;alumini pot ser adhesiva.La resist\u00e8ncia de fulla d&#039;alumini pot ser lliurada completa de termoregulaci\u00f3 (term\u00f2stat, termofusible), cables de connexi\u00f3 de diversos tipus, terminals i connexions espec\u00edfiques.LES PRINCIPALS AVANTATGES S\u00d3N:-Elevada adaptabilitat a superf\u00edcies planes i corbes-Possibilitat de treballar en immersi\u00f3 o en ambients amb humitat elevada-Gruix m\u00ednim (max. 4 mm)-Facilitat d&#039;instal \u00b7 laci\u00f3-Elevada personalitzaci\u00f3 basada en les especificacions del clientAPLICACIONS-Aplicacions industrials (motlles, taules calentes)-Hostaleria (escalfa begudes)-Aire condicionat (m\u00e0quines d&#039;aire condicionat)-Refrigeraci\u00f3 industrial i comercial (descongelaci\u00f3 d&#039;evaporadors per frigor\u00edfics industrials, comercials i dom\u00e8stics)-Metge (instrumentaci\u00f3 m\u00e8dica i de laboratori)-Sanitari (saunes, banyeres d&#039;hidromassatge)-Est\u00e8tica (mantes t\u00e8rmiques)-Electrodom\u00e8stics (iogurteres, olles r\u00e0pides, escalfa biberons)-Diversos (antenes de telecomunicaci\u00f3, incubadores per pollastres)Fitxa T\u00e8cnica\" \/>\n<meta property=\"og:url\" content=\"https:\/\/www.piris.com\/cataleg-de-productes\/resistencias-electricas\/cable-sobre-folio-de-aluminio\" \/>\n<meta property=\"og:site_name\" content=\"Piris\" \/>\n<meta property=\"og:image\" content=\"https:\/\/www.piris.com\/wp-content\/uploads\/CABLE-HOJA-2.jpg\" \/>\n\t<meta property=\"og:image:width\" content=\"407\" \/>\n\t<meta property=\"og:image:height\" content=\"400\" \/>\n\t<meta property=\"og:image:type\" content=\"image\/jpeg\" \/>\n<meta name=\"twitter:card\" content=\"summary_large_image\" \/>\n<script type=\"application\/ld+json\" class=\"yoast-schema-graph\">{\"@context\":\"https:\/\/schema.org\",\"@graph\":[{\"@type\":\"WebPage\",\"@id\":\"https:\/\/www.piris.com\/cataleg-de-productes\/resistencias-electricas\/cable-sobre-folio-de-aluminio\",\"url\":\"https:\/\/www.piris.com\/cataleg-de-productes\/resistencias-electricas\/cable-sobre-folio-de-aluminio\",\"name\":\"Cable sobre foli alumini | Piris\",\"isPartOf\":{\"@id\":\"https:\/\/www.piris.com\/#website\"},\"primaryImageOfPage\":{\"@id\":\"https:\/\/www.piris.com\/cataleg-de-productes\/resistencias-electricas\/cable-sobre-folio-de-aluminio#primaryimage\"},\"image\":{\"@id\":\"https:\/\/www.piris.com\/cataleg-de-productes\/resistencias-electricas\/cable-sobre-folio-de-aluminio#primaryimage\"},\"thumbnailUrl\":\"https:\/\/www.piris.com\/wp-content\/uploads\/CABLE-HOJA-2.jpg\",\"datePublished\":\"2015-09-16T07:22:43+00:00\",\"dateModified\":\"2015-09-16T07:22:43+00:00\",\"breadcrumb\":{\"@id\":\"https:\/\/www.piris.com\/cataleg-de-productes\/resistencias-electricas\/cable-sobre-folio-de-aluminio#breadcrumb\"},\"inLanguage\":\"ca\",\"potentialAction\":[{\"@type\":\"ReadAction\",\"target\":[\"https:\/\/www.piris.com\/cataleg-de-productes\/resistencias-electricas\/cable-sobre-folio-de-aluminio\"]}]},{\"@type\":\"ImageObject\",\"inLanguage\":\"ca\",\"@id\":\"https:\/\/www.piris.com\/cataleg-de-productes\/resistencias-electricas\/cable-sobre-folio-de-aluminio#primaryimage\",\"url\":\"https:\/\/www.piris.com\/wp-content\/uploads\/CABLE-HOJA-2.jpg\",\"contentUrl\":\"https:\/\/www.piris.com\/wp-content\/uploads\/CABLE-HOJA-2.jpg\",\"width\":407,\"height\":400},{\"@type\":\"BreadcrumbList\",\"@id\":\"https:\/\/www.piris.com\/cataleg-de-productes\/resistencias-electricas\/cable-sobre-folio-de-aluminio#breadcrumb\",\"itemListElement\":[{\"@type\":\"ListItem\",\"position\":1,\"name\":\"Portada\",\"item\":\"https:\/\/www.piris.com\/ca\"},{\"@type\":\"ListItem\",\"position\":2,\"name\":\"Cat\u00e0leg de productes\",\"item\":\"https:\/\/www.piris.com\/ca\/cataleg-de-productes\"},{\"@type\":\"ListItem\",\"position\":3,\"name\":\"Cable sobre foli alumini\"}]},{\"@type\":\"WebSite\",\"@id\":\"https:\/\/www.piris.com\/#website\",\"url\":\"https:\/\/www.piris.com\/\",\"name\":\"Piris\",\"description\":\"Components el\u00e8ctrics, mec\u00e0nics i electr\u00f2nics\",\"publisher\":{\"@id\":\"https:\/\/www.piris.com\/#organization\"},\"potentialAction\":[{\"@type\":\"SearchAction\",\"target\":{\"@type\":\"EntryPoint\",\"urlTemplate\":\"https:\/\/www.piris.com\/?s={search_term_string}\"},\"query-input\":\"required name=search_term_string\"}],\"inLanguage\":\"ca\"},{\"@type\":\"Organization\",\"@id\":\"https:\/\/www.piris.com\/#organization\",\"name\":\"PIRIS\",\"url\":\"https:\/\/www.piris.com\/\",\"logo\":{\"@type\":\"ImageObject\",\"inLanguage\":\"ca\",\"@id\":\"https:\/\/www.piris.com\/#\/schema\/logo\/image\/\",\"url\":\"https:\/\/www.piris.com\/wp-content\/uploads\/29-PIRIS.png\",\"contentUrl\":\"https:\/\/www.piris.com\/wp-content\/uploads\/29-PIRIS.png\",\"width\":1280,\"height\":720,\"caption\":\"PIRIS\"},\"image\":{\"@id\":\"https:\/\/www.piris.com\/#\/schema\/logo\/image\/\"},\"sameAs\":[\"https:\/\/www.linkedin.com\/company\/piris\/\"]}]}<\/script>\n<!-- \/ Yoast SEO plugin. -->","yoast_head_json":{"title":"Cable sobre foli alumini | Piris","robots":{"index":"index","follow":"follow","max-snippet":"max-snippet:-1","max-image-preview":"max-image-preview:large","max-video-preview":"max-video-preview:-1"},"canonical":"https:\/\/www.piris.com\/cataleg-de-productes\/resistencias-electricas\/cable-sobre-folio-de-aluminio","og_locale":"ca_ES","og_type":"article","og_title":"Cable sobre foli alumini | Piris","og_description":"El cable calefactor flexible, produ\u00eft amb diversos tipus de materials a\u00efllants depenent de la temperatura de treball, pot ser termo soldat sobre un full d'alumini o inserit entre dues fulles d'alumini per millorar l'intercanvi t\u00e8rmic.Per tal d'aconseguir una r\u00e0pida aplicaci\u00f3, la resist\u00e8ncia de fulla d'alumini pot ser adhesiva.La resist\u00e8ncia de fulla d'alumini pot ser lliurada completa de termoregulaci\u00f3 (term\u00f2stat, termofusible), cables de connexi\u00f3 de diversos tipus, terminals i connexions espec\u00edfiques.LES PRINCIPALS AVANTATGES S\u00d3N:-Elevada adaptabilitat a superf\u00edcies planes i corbes-Possibilitat de treballar en immersi\u00f3 o en ambients amb humitat elevada-Gruix m\u00ednim (max. 4 mm)-Facilitat d'instal \u00b7 laci\u00f3-Elevada personalitzaci\u00f3 basada en les especificacions del clientAPLICACIONS-Aplicacions industrials (motlles, taules calentes)-Hostaleria (escalfa begudes)-Aire condicionat (m\u00e0quines d'aire condicionat)-Refrigeraci\u00f3 industrial i comercial (descongelaci\u00f3 d'evaporadors per frigor\u00edfics industrials, comercials i dom\u00e8stics)-Metge (instrumentaci\u00f3 m\u00e8dica i de laboratori)-Sanitari (saunes, banyeres d'hidromassatge)-Est\u00e8tica (mantes t\u00e8rmiques)-Electrodom\u00e8stics (iogurteres, olles r\u00e0pides, escalfa biberons)-Diversos (antenes de telecomunicaci\u00f3, incubadores per pollastres)Fitxa T\u00e8cnica","og_url":"https:\/\/www.piris.com\/cataleg-de-productes\/resistencias-electricas\/cable-sobre-folio-de-aluminio","og_site_name":"Piris","og_image":[{"width":407,"height":400,"url":"https:\/\/www.piris.com\/wp-content\/uploads\/CABLE-HOJA-2.jpg","type":"image\/jpeg"}],"twitter_card":"summary_large_image","schema":{"@context":"https:\/\/schema.org","@graph":[{"@type":"WebPage","@id":"https:\/\/www.piris.com\/cataleg-de-productes\/resistencias-electricas\/cable-sobre-folio-de-aluminio","url":"https:\/\/www.piris.com\/cataleg-de-productes\/resistencias-electricas\/cable-sobre-folio-de-aluminio","name":"Cable sobre foli alumini | Piris","isPartOf":{"@id":"https:\/\/www.piris.com\/#website"},"primaryImageOfPage":{"@id":"https:\/\/www.piris.com\/cataleg-de-productes\/resistencias-electricas\/cable-sobre-folio-de-aluminio#primaryimage"},"image":{"@id":"https:\/\/www.piris.com\/cataleg-de-productes\/resistencias-electricas\/cable-sobre-folio-de-aluminio#primaryimage"},"thumbnailUrl":"https:\/\/www.piris.com\/wp-content\/uploads\/CABLE-HOJA-2.jpg","datePublished":"2015-09-16T07:22:43+00:00","dateModified":"2015-09-16T07:22:43+00:00","breadcrumb":{"@id":"https:\/\/www.piris.com\/cataleg-de-productes\/resistencias-electricas\/cable-sobre-folio-de-aluminio#breadcrumb"},"inLanguage":"ca","potentialAction":[{"@type":"ReadAction","target":["https:\/\/www.piris.com\/cataleg-de-productes\/resistencias-electricas\/cable-sobre-folio-de-aluminio"]}]},{"@type":"ImageObject","inLanguage":"ca","@id":"https:\/\/www.piris.com\/cataleg-de-productes\/resistencias-electricas\/cable-sobre-folio-de-aluminio#primaryimage","url":"https:\/\/www.piris.com\/wp-content\/uploads\/CABLE-HOJA-2.jpg","contentUrl":"https:\/\/www.piris.com\/wp-content\/uploads\/CABLE-HOJA-2.jpg","width":407,"height":400},{"@type":"BreadcrumbList","@id":"https:\/\/www.piris.com\/cataleg-de-productes\/resistencias-electricas\/cable-sobre-folio-de-aluminio#breadcrumb","itemListElement":[{"@type":"ListItem","position":1,"name":"Portada","item":"https:\/\/www.piris.com\/ca"},{"@type":"ListItem","position":2,"name":"Cat\u00e0leg de productes","item":"https:\/\/www.piris.com\/ca\/cataleg-de-productes"},{"@type":"ListItem","position":3,"name":"Cable sobre foli alumini"}]},{"@type":"WebSite","@id":"https:\/\/www.piris.com\/#website","url":"https:\/\/www.piris.com\/","name":"Piris","description":"Components el\u00e8ctrics, mec\u00e0nics i electr\u00f2nics","publisher":{"@id":"https:\/\/www.piris.com\/#organization"},"potentialAction":[{"@type":"SearchAction","target":{"@type":"EntryPoint","urlTemplate":"https:\/\/www.piris.com\/?s={search_term_string}"},"query-input":"required name=search_term_string"}],"inLanguage":"ca"},{"@type":"Organization","@id":"https:\/\/www.piris.com\/#organization","name":"PIRIS","url":"https:\/\/www.piris.com\/","logo":{"@type":"ImageObject","inLanguage":"ca","@id":"https:\/\/www.piris.com\/#\/schema\/logo\/image\/","url":"https:\/\/www.piris.com\/wp-content\/uploads\/29-PIRIS.png","contentUrl":"https:\/\/www.piris.com\/wp-content\/uploads\/29-PIRIS.png","width":1280,"height":720,"caption":"PIRIS"},"image":{"@id":"https:\/\/www.piris.com\/#\/schema\/logo\/image\/"},"sameAs":["https:\/\/www.linkedin.com\/company\/piris\/"]}]}},"_links":{"self":[{"href":"https:\/\/www.piris.com\/ca\/wp-json\/wp\/v2\/product\/11816"}],"collection":[{"href":"https:\/\/www.piris.com\/ca\/wp-json\/wp\/v2\/product"}],"about":[{"href":"https:\/\/www.piris.com\/ca\/wp-json\/wp\/v2\/types\/product"}],"replies":[{"embeddable":true,"href":"https:\/\/www.piris.com\/ca\/wp-json\/wp\/v2\/comments?post=11816"}],"wp:featuredmedia":[{"embeddable":true,"href":"https:\/\/www.piris.com\/ca\/wp-json\/wp\/v2\/media\/6893"}],"wp:attachment":[{"href":"https:\/\/www.piris.com\/ca\/wp-json\/wp\/v2\/media?parent=11816"}],"wp:term":[{"taxonomy":"product_cat","embeddable":true,"href":"https:\/\/www.piris.com\/ca\/wp-json\/wp\/v2\/product_cat?post=11816"},{"taxonomy":"product_tag","embeddable":true,"href":"https:\/\/www.piris.com\/ca\/wp-json\/wp\/v2\/product_tag?post=11816"}],"curies":[{"name":"wp","href":"https:\/\/api.w.org\/{rel}","templated":true}]}}