{"id":11818,"date":"2015-09-16T09:24:07","date_gmt":"2015-09-16T07:24:07","guid":{"rendered":"http:\/\/piris.com\/catalogo-de-productos\/cable-en-tub-alumini\/"},"modified":"2015-09-16T09:24:07","modified_gmt":"2015-09-16T07:24:07","slug":"cable-en-tub-alumini","status":"publish","type":"product","link":"https:\/\/www.piris.com\/ca\/cataleg-de-productes\/resistencias-electricas-ca\/cable-en-tub-alumini","title":{"rendered":"Cable en tub alumini"},"content":{"rendered":"","protected":false},"excerpt":{"rendered":"<p>El cable calefactor flexible, produ\u00eft amb diversos tipus de materials a\u00efllants depenent de la temperatura de treball, pot ser inserit en un tub d&#8217;alumini, per despr\u00e9s ser plegat i adaptat a la forma sol \u00b7 licitada pel client, facilitant una r\u00e0pida aplicaci\u00f3 sobretot en buits .<br \/>L&#8217;element conformat d&#8217;aquesta manera garanteix una \u00f2ptima resist\u00e8ncia al estr\u00e8s mec\u00e0nic i un elevat intercanvi t\u00e8rmic. S&#8217;utilitza particularment en contacte amb parts met\u00e0l \u00b7 liques que podrien d&#8217;una altra manera danyar l&#8217;a\u00efllament del cable calefactor.<br \/>Segons les exig\u00e8ncies de l&#8217;aplicaci\u00f3, la resist\u00e8ncia pot ser dissenyada amb diverses pot\u00e8ncies a l&#8217;interior de la part calefactora per aix\u00ed optimitzar el seu funcionament.<br \/>L&#8217;extremitat del tub d&#8217;alumini segellada mitjan\u00e7ant ap\u00f2sits termorestringentes i la part freda integrada, arrodoneixen un element particularment adaptat a treballar immers en aigua o en ambients amb un elevat nivell d&#8217;humitat.<br \/>La resist\u00e8ncia en tub d&#8217;alumini pot ser lliurada completa de termoregulaci\u00f3 (term\u00f2stat, termofusible), cables de connexi\u00f3 de diversos tipus, terminals i connexions espec\u00edfiques.<\/p>\n<p><strong>LES PRINCIPALS AVANTATGES S\u00d3N:<\/strong><br \/>Possibilitat de treballar en immersi\u00f3 o en ambients amb humitat elevada. Facilitat de instal\u00b7laci\u00f3. Elevada personalitzaci\u00f3 basada en les especificacions del client. Possibilitat de disseny i execuci\u00f3 amb pot\u00e8ncies diferenciades. <\/p>\n<p><strong>APLICACIONS<\/strong><br \/>-Aplicacions industrials (plaques calefactores)<br \/>-Hostaleria (escalfa begudes)<br \/>-Aire condicionat (equips d&#8217;aire condicionat)<br \/>-Refrigeraci\u00f3 industrial i comercial (descongelaci\u00f3 d&#8217;evaporadors per frigor\u00edfics industrials, comercials i dom\u00e8stics)<br \/>-Medicina (instrumentaci\u00f3 m\u00e8dica i de laboratori)<br \/>-Electrodom\u00e8stics (iogurteres, olles el\u00e8ctriques, escalfa biberons)<\/p>\n<p><a title=\"Ficha T\u00e9cnica\" href=\"http:\/\/piris.com\/wp-content\/uploads\/pdf\/333__p_4_ResistenzeTuboAlluminio_MR.pdf\" target=\"_blank\">Fitxa T\u00e8cnica <\/a><\/p>\n","protected":false},"featured_media":6881,"comment_status":"closed","ping_status":"closed","template":"","meta":[],"product_cat":[241],"product_tag":[],"yoast_head":"<!-- This site is optimized with the Yoast SEO plugin v23.0 - https:\/\/yoast.com\/wordpress\/plugins\/seo\/ -->\n<title>Cable en tub alumini | Piris<\/title>\n<meta name=\"robots\" content=\"index, follow, max-snippet:-1, max-image-preview:large, max-video-preview:-1\" \/>\n<link rel=\"canonical\" href=\"https:\/\/www.piris.com\/cataleg-de-productes\/resistencias-electricas\/cable-en-tubo-de-aluminio\" \/>\n<meta property=\"og:locale\" content=\"ca_ES\" \/>\n<meta property=\"og:type\" content=\"article\" \/>\n<meta property=\"og:title\" content=\"Cable en tub alumini | Piris\" \/>\n<meta property=\"og:description\" content=\"El cable calefactor flexible, produ\u00eft amb diversos tipus de materials a\u00efllants depenent de la temperatura de treball, pot ser inserit en un tub d&#039;alumini, per despr\u00e9s ser plegat i adaptat a la forma sol \u00b7 licitada pel client, facilitant una r\u00e0pida aplicaci\u00f3 sobretot en buits .L&#039;element conformat d&#039;aquesta manera garanteix una \u00f2ptima resist\u00e8ncia al estr\u00e8s mec\u00e0nic i un elevat intercanvi t\u00e8rmic. S&#039;utilitza particularment en contacte amb parts met\u00e0l \u00b7 liques que podrien d&#039;una altra manera danyar l&#039;a\u00efllament del cable calefactor.Segons les exig\u00e8ncies de l&#039;aplicaci\u00f3, la resist\u00e8ncia pot ser dissenyada amb diverses pot\u00e8ncies a l&#039;interior de la part calefactora per aix\u00ed optimitzar el seu funcionament.L&#039;extremitat del tub d&#039;alumini segellada mitjan\u00e7ant ap\u00f2sits termorestringentes i la part freda integrada, arrodoneixen un element particularment adaptat a treballar immers en aigua o en ambients amb un elevat nivell d&#039;humitat.La resist\u00e8ncia en tub d&#039;alumini pot ser lliurada completa de termoregulaci\u00f3 (term\u00f2stat, termofusible), cables de connexi\u00f3 de diversos tipus, terminals i connexions espec\u00edfiques.LES PRINCIPALS AVANTATGES S\u00d3N:Possibilitat de treballar en immersi\u00f3 o en ambients amb humitat elevada. Facilitat de instal\u00b7laci\u00f3. Elevada personalitzaci\u00f3 basada en les especificacions del client. Possibilitat de disseny i execuci\u00f3 amb pot\u00e8ncies diferenciades. APLICACIONS-Aplicacions industrials (plaques calefactores)-Hostaleria (escalfa begudes)-Aire condicionat (equips d&#039;aire condicionat)-Refrigeraci\u00f3 industrial i comercial (descongelaci\u00f3 d&#039;evaporadors per frigor\u00edfics industrials, comercials i dom\u00e8stics)-Medicina (instrumentaci\u00f3 m\u00e8dica i de laboratori)-Electrodom\u00e8stics (iogurteres, olles el\u00e8ctriques, escalfa biberons)Fitxa T\u00e8cnica\" \/>\n<meta property=\"og:url\" content=\"https:\/\/www.piris.com\/cataleg-de-productes\/resistencias-electricas\/cable-en-tubo-de-aluminio\" \/>\n<meta property=\"og:site_name\" content=\"Piris\" \/>\n<meta property=\"og:image\" content=\"https:\/\/www.piris.com\/wp-content\/uploads\/CABLE-TUBO-ALUMINIO.jpg\" \/>\n\t<meta property=\"og:image:width\" content=\"407\" \/>\n\t<meta property=\"og:image:height\" content=\"400\" \/>\n\t<meta property=\"og:image:type\" content=\"image\/jpeg\" \/>\n<meta name=\"twitter:card\" content=\"summary_large_image\" \/>\n<script type=\"application\/ld+json\" class=\"yoast-schema-graph\">{\"@context\":\"https:\/\/schema.org\",\"@graph\":[{\"@type\":\"WebPage\",\"@id\":\"https:\/\/www.piris.com\/cataleg-de-productes\/resistencias-electricas\/cable-en-tubo-de-aluminio\",\"url\":\"https:\/\/www.piris.com\/cataleg-de-productes\/resistencias-electricas\/cable-en-tubo-de-aluminio\",\"name\":\"Cable en tub alumini | Piris\",\"isPartOf\":{\"@id\":\"https:\/\/www.piris.com\/#website\"},\"primaryImageOfPage\":{\"@id\":\"https:\/\/www.piris.com\/cataleg-de-productes\/resistencias-electricas\/cable-en-tubo-de-aluminio#primaryimage\"},\"image\":{\"@id\":\"https:\/\/www.piris.com\/cataleg-de-productes\/resistencias-electricas\/cable-en-tubo-de-aluminio#primaryimage\"},\"thumbnailUrl\":\"https:\/\/www.piris.com\/wp-content\/uploads\/CABLE-TUBO-ALUMINIO.jpg\",\"datePublished\":\"2015-09-16T07:24:07+00:00\",\"dateModified\":\"2015-09-16T07:24:07+00:00\",\"breadcrumb\":{\"@id\":\"https:\/\/www.piris.com\/cataleg-de-productes\/resistencias-electricas\/cable-en-tubo-de-aluminio#breadcrumb\"},\"inLanguage\":\"ca\",\"potentialAction\":[{\"@type\":\"ReadAction\",\"target\":[\"https:\/\/www.piris.com\/cataleg-de-productes\/resistencias-electricas\/cable-en-tubo-de-aluminio\"]}]},{\"@type\":\"ImageObject\",\"inLanguage\":\"ca\",\"@id\":\"https:\/\/www.piris.com\/cataleg-de-productes\/resistencias-electricas\/cable-en-tubo-de-aluminio#primaryimage\",\"url\":\"https:\/\/www.piris.com\/wp-content\/uploads\/CABLE-TUBO-ALUMINIO.jpg\",\"contentUrl\":\"https:\/\/www.piris.com\/wp-content\/uploads\/CABLE-TUBO-ALUMINIO.jpg\",\"width\":407,\"height\":400},{\"@type\":\"BreadcrumbList\",\"@id\":\"https:\/\/www.piris.com\/cataleg-de-productes\/resistencias-electricas\/cable-en-tubo-de-aluminio#breadcrumb\",\"itemListElement\":[{\"@type\":\"ListItem\",\"position\":1,\"name\":\"Portada\",\"item\":\"https:\/\/www.piris.com\/ca\"},{\"@type\":\"ListItem\",\"position\":2,\"name\":\"Cat\u00e0leg de productes\",\"item\":\"https:\/\/www.piris.com\/ca\/cataleg-de-productes\"},{\"@type\":\"ListItem\",\"position\":3,\"name\":\"Cable en tub alumini\"}]},{\"@type\":\"WebSite\",\"@id\":\"https:\/\/www.piris.com\/#website\",\"url\":\"https:\/\/www.piris.com\/\",\"name\":\"Piris\",\"description\":\"Components el\u00e8ctrics, mec\u00e0nics i electr\u00f2nics\",\"publisher\":{\"@id\":\"https:\/\/www.piris.com\/#organization\"},\"potentialAction\":[{\"@type\":\"SearchAction\",\"target\":{\"@type\":\"EntryPoint\",\"urlTemplate\":\"https:\/\/www.piris.com\/?s={search_term_string}\"},\"query-input\":\"required name=search_term_string\"}],\"inLanguage\":\"ca\"},{\"@type\":\"Organization\",\"@id\":\"https:\/\/www.piris.com\/#organization\",\"name\":\"PIRIS\",\"url\":\"https:\/\/www.piris.com\/\",\"logo\":{\"@type\":\"ImageObject\",\"inLanguage\":\"ca\",\"@id\":\"https:\/\/www.piris.com\/#\/schema\/logo\/image\/\",\"url\":\"https:\/\/www.piris.com\/wp-content\/uploads\/29-PIRIS.png\",\"contentUrl\":\"https:\/\/www.piris.com\/wp-content\/uploads\/29-PIRIS.png\",\"width\":1280,\"height\":720,\"caption\":\"PIRIS\"},\"image\":{\"@id\":\"https:\/\/www.piris.com\/#\/schema\/logo\/image\/\"},\"sameAs\":[\"https:\/\/www.linkedin.com\/company\/piris\/\"]}]}<\/script>\n<!-- \/ Yoast SEO plugin. -->","yoast_head_json":{"title":"Cable en tub alumini | Piris","robots":{"index":"index","follow":"follow","max-snippet":"max-snippet:-1","max-image-preview":"max-image-preview:large","max-video-preview":"max-video-preview:-1"},"canonical":"https:\/\/www.piris.com\/cataleg-de-productes\/resistencias-electricas\/cable-en-tubo-de-aluminio","og_locale":"ca_ES","og_type":"article","og_title":"Cable en tub alumini | Piris","og_description":"El cable calefactor flexible, produ\u00eft amb diversos tipus de materials a\u00efllants depenent de la temperatura de treball, pot ser inserit en un tub d'alumini, per despr\u00e9s ser plegat i adaptat a la forma sol \u00b7 licitada pel client, facilitant una r\u00e0pida aplicaci\u00f3 sobretot en buits .L'element conformat d'aquesta manera garanteix una \u00f2ptima resist\u00e8ncia al estr\u00e8s mec\u00e0nic i un elevat intercanvi t\u00e8rmic. S'utilitza particularment en contacte amb parts met\u00e0l \u00b7 liques que podrien d'una altra manera danyar l'a\u00efllament del cable calefactor.Segons les exig\u00e8ncies de l'aplicaci\u00f3, la resist\u00e8ncia pot ser dissenyada amb diverses pot\u00e8ncies a l'interior de la part calefactora per aix\u00ed optimitzar el seu funcionament.L'extremitat del tub d'alumini segellada mitjan\u00e7ant ap\u00f2sits termorestringentes i la part freda integrada, arrodoneixen un element particularment adaptat a treballar immers en aigua o en ambients amb un elevat nivell d'humitat.La resist\u00e8ncia en tub d'alumini pot ser lliurada completa de termoregulaci\u00f3 (term\u00f2stat, termofusible), cables de connexi\u00f3 de diversos tipus, terminals i connexions espec\u00edfiques.LES PRINCIPALS AVANTATGES S\u00d3N:Possibilitat de treballar en immersi\u00f3 o en ambients amb humitat elevada. Facilitat de instal\u00b7laci\u00f3. Elevada personalitzaci\u00f3 basada en les especificacions del client. Possibilitat de disseny i execuci\u00f3 amb pot\u00e8ncies diferenciades. APLICACIONS-Aplicacions industrials (plaques calefactores)-Hostaleria (escalfa begudes)-Aire condicionat (equips d'aire condicionat)-Refrigeraci\u00f3 industrial i comercial (descongelaci\u00f3 d'evaporadors per frigor\u00edfics industrials, comercials i dom\u00e8stics)-Medicina (instrumentaci\u00f3 m\u00e8dica i de laboratori)-Electrodom\u00e8stics (iogurteres, olles el\u00e8ctriques, escalfa biberons)Fitxa T\u00e8cnica","og_url":"https:\/\/www.piris.com\/cataleg-de-productes\/resistencias-electricas\/cable-en-tubo-de-aluminio","og_site_name":"Piris","og_image":[{"width":407,"height":400,"url":"https:\/\/www.piris.com\/wp-content\/uploads\/CABLE-TUBO-ALUMINIO.jpg","type":"image\/jpeg"}],"twitter_card":"summary_large_image","schema":{"@context":"https:\/\/schema.org","@graph":[{"@type":"WebPage","@id":"https:\/\/www.piris.com\/cataleg-de-productes\/resistencias-electricas\/cable-en-tubo-de-aluminio","url":"https:\/\/www.piris.com\/cataleg-de-productes\/resistencias-electricas\/cable-en-tubo-de-aluminio","name":"Cable en tub alumini | Piris","isPartOf":{"@id":"https:\/\/www.piris.com\/#website"},"primaryImageOfPage":{"@id":"https:\/\/www.piris.com\/cataleg-de-productes\/resistencias-electricas\/cable-en-tubo-de-aluminio#primaryimage"},"image":{"@id":"https:\/\/www.piris.com\/cataleg-de-productes\/resistencias-electricas\/cable-en-tubo-de-aluminio#primaryimage"},"thumbnailUrl":"https:\/\/www.piris.com\/wp-content\/uploads\/CABLE-TUBO-ALUMINIO.jpg","datePublished":"2015-09-16T07:24:07+00:00","dateModified":"2015-09-16T07:24:07+00:00","breadcrumb":{"@id":"https:\/\/www.piris.com\/cataleg-de-productes\/resistencias-electricas\/cable-en-tubo-de-aluminio#breadcrumb"},"inLanguage":"ca","potentialAction":[{"@type":"ReadAction","target":["https:\/\/www.piris.com\/cataleg-de-productes\/resistencias-electricas\/cable-en-tubo-de-aluminio"]}]},{"@type":"ImageObject","inLanguage":"ca","@id":"https:\/\/www.piris.com\/cataleg-de-productes\/resistencias-electricas\/cable-en-tubo-de-aluminio#primaryimage","url":"https:\/\/www.piris.com\/wp-content\/uploads\/CABLE-TUBO-ALUMINIO.jpg","contentUrl":"https:\/\/www.piris.com\/wp-content\/uploads\/CABLE-TUBO-ALUMINIO.jpg","width":407,"height":400},{"@type":"BreadcrumbList","@id":"https:\/\/www.piris.com\/cataleg-de-productes\/resistencias-electricas\/cable-en-tubo-de-aluminio#breadcrumb","itemListElement":[{"@type":"ListItem","position":1,"name":"Portada","item":"https:\/\/www.piris.com\/ca"},{"@type":"ListItem","position":2,"name":"Cat\u00e0leg de productes","item":"https:\/\/www.piris.com\/ca\/cataleg-de-productes"},{"@type":"ListItem","position":3,"name":"Cable en tub alumini"}]},{"@type":"WebSite","@id":"https:\/\/www.piris.com\/#website","url":"https:\/\/www.piris.com\/","name":"Piris","description":"Components el\u00e8ctrics, mec\u00e0nics i electr\u00f2nics","publisher":{"@id":"https:\/\/www.piris.com\/#organization"},"potentialAction":[{"@type":"SearchAction","target":{"@type":"EntryPoint","urlTemplate":"https:\/\/www.piris.com\/?s={search_term_string}"},"query-input":"required name=search_term_string"}],"inLanguage":"ca"},{"@type":"Organization","@id":"https:\/\/www.piris.com\/#organization","name":"PIRIS","url":"https:\/\/www.piris.com\/","logo":{"@type":"ImageObject","inLanguage":"ca","@id":"https:\/\/www.piris.com\/#\/schema\/logo\/image\/","url":"https:\/\/www.piris.com\/wp-content\/uploads\/29-PIRIS.png","contentUrl":"https:\/\/www.piris.com\/wp-content\/uploads\/29-PIRIS.png","width":1280,"height":720,"caption":"PIRIS"},"image":{"@id":"https:\/\/www.piris.com\/#\/schema\/logo\/image\/"},"sameAs":["https:\/\/www.linkedin.com\/company\/piris\/"]}]}},"_links":{"self":[{"href":"https:\/\/www.piris.com\/ca\/wp-json\/wp\/v2\/product\/11818"}],"collection":[{"href":"https:\/\/www.piris.com\/ca\/wp-json\/wp\/v2\/product"}],"about":[{"href":"https:\/\/www.piris.com\/ca\/wp-json\/wp\/v2\/types\/product"}],"replies":[{"embeddable":true,"href":"https:\/\/www.piris.com\/ca\/wp-json\/wp\/v2\/comments?post=11818"}],"wp:featuredmedia":[{"embeddable":true,"href":"https:\/\/www.piris.com\/ca\/wp-json\/wp\/v2\/media\/6881"}],"wp:attachment":[{"href":"https:\/\/www.piris.com\/ca\/wp-json\/wp\/v2\/media?parent=11818"}],"wp:term":[{"taxonomy":"product_cat","embeddable":true,"href":"https:\/\/www.piris.com\/ca\/wp-json\/wp\/v2\/product_cat?post=11818"},{"taxonomy":"product_tag","embeddable":true,"href":"https:\/\/www.piris.com\/ca\/wp-json\/wp\/v2\/product_tag?post=11818"}],"curies":[{"name":"wp","href":"https:\/\/api.w.org\/{rel}","templated":true}]}}