{"id":11821,"date":"2015-09-16T09:25:19","date_gmt":"2015-09-16T07:25:19","guid":{"rendered":"http:\/\/piris.com\/catalogo-de-productos\/resistencies-per-a-diposits\/"},"modified":"2015-09-16T09:25:19","modified_gmt":"2015-09-16T07:25:19","slug":"resistencies-per-a-diposits","status":"publish","type":"product","link":"https:\/\/www.piris.com\/ca\/cataleg-de-productes\/resistencias-electricas-ca\/resistencies-per-a-diposits","title":{"rendered":"Resist\u00e8ncies per a dip\u00f2sits"},"content":{"rendered":"","protected":false},"excerpt":{"rendered":"<p>Les resist\u00e8ncies cuirassades amb tap roscat es produeixen inserint un fil resistiu a l&#8217;interior d&#8217;un tub d&#8217;acer inoxidable i a\u00efllant-lo amb \u00f2xid de magnesi compactat (MgO). Aquest producte es fabrica en dues di\u00e0metres 6.5mm i 8.5mm i es poden fer segons les especificacions del client, tant en la versi\u00f3 monof\u00e0sica com en la trif\u00e0sica. Les resist\u00e8ncies estan soldades sobre un tap en acer inoxidable Aisi 304 de 1&#8243; gas amb junta de tancament, sobre la qual es fixa una caixa de protecci\u00f3 en pl\u00e0stic IP65, que cont\u00e9 un term\u00f2stat bipolar de regulaci\u00f3 i seguretat. El producte es lliura a m\u00e9s amb un cable d&#8217;alimentaci\u00f3 i un llum per senyalitzar quan l&#8217;aparell est\u00e0 en funcionament. Les resist\u00e8ncies s&#8217;embalen unit\u00e0riament juntament amb un manual d&#8217;\u00fas i instruccions.<\/p>\n<p><strong>LES PRINCIPALS AVANTATGES S\u00d3N:<\/strong><br \/>&#8211; \u00d2ptima resist\u00e8ncia mec\u00e0nica ia la corrosi\u00f3<br \/>&#8211; Elevada fiabilitat en el temps<br \/>&#8211; Simplicitat de muntatge<br \/>&#8211; Altament personalitzable<\/p>\n<p><strong>APLICACIONS<\/strong><br \/>&#8211; Aplicacions dom\u00e8stiques i industrials (instal \u00b7 lacions solars i geot\u00e8rmiques)<br \/>&#8211; Escalfadors integrats per bombes de calor (preescalfament d&#8217;oli en centrals de lubricat)<br \/>&#8211; Preescalfament d&#8217;oli combustible en cisternes<br \/>&#8211; Protecci\u00f3 anti-gel en dip\u00f2sits de stocaje<br \/>&#8211; Maquin\u00e0ria per a la ind\u00fastria aliment\u00e0ria.<\/p>\n<p><a href=\"http:\/\/piris.com\/wp-content\/uploads\/RESISTENCIA-TAPON-ROSCADO.pdf\" rel=\"\">Fitxa T\u00e8cnica <\/a><\/p>\n","protected":false},"featured_media":6872,"comment_status":"closed","ping_status":"closed","template":"","meta":[],"product_cat":[241],"product_tag":[],"yoast_head":"<!-- This site is optimized with the Yoast SEO plugin v23.0 - https:\/\/yoast.com\/wordpress\/plugins\/seo\/ -->\n<title>Resist\u00e8ncies per a dip\u00f2sits | Piris<\/title>\n<meta name=\"robots\" content=\"index, follow, max-snippet:-1, max-image-preview:large, max-video-preview:-1\" \/>\n<link rel=\"canonical\" href=\"https:\/\/www.piris.com\/cataleg-de-productes\/resistencias-electricas\/resistencias-para-depositos\" \/>\n<meta property=\"og:locale\" content=\"ca_ES\" \/>\n<meta property=\"og:type\" content=\"article\" \/>\n<meta property=\"og:title\" content=\"Resist\u00e8ncies per a dip\u00f2sits | Piris\" \/>\n<meta property=\"og:description\" content=\"Les resist\u00e8ncies cuirassades amb tap roscat es produeixen inserint un fil resistiu a l&#039;interior d&#039;un tub d&#039;acer inoxidable i a\u00efllant-lo amb \u00f2xid de magnesi compactat (MgO). Aquest producte es fabrica en dues di\u00e0metres 6.5mm i 8.5mm i es poden fer segons les especificacions del client, tant en la versi\u00f3 monof\u00e0sica com en la trif\u00e0sica. Les resist\u00e8ncies estan soldades sobre un tap en acer inoxidable Aisi 304 de 1&quot; gas amb junta de tancament, sobre la qual es fixa una caixa de protecci\u00f3 en pl\u00e0stic IP65, que cont\u00e9 un term\u00f2stat bipolar de regulaci\u00f3 i seguretat. El producte es lliura a m\u00e9s amb un cable d&#039;alimentaci\u00f3 i un llum per senyalitzar quan l&#039;aparell est\u00e0 en funcionament. Les resist\u00e8ncies s&#039;embalen unit\u00e0riament juntament amb un manual d&#039;\u00fas i instruccions.LES PRINCIPALS AVANTATGES S\u00d3N:- \u00d2ptima resist\u00e8ncia mec\u00e0nica ia la corrosi\u00f3- Elevada fiabilitat en el temps- Simplicitat de muntatge- Altament personalitzableAPLICACIONS- Aplicacions dom\u00e8stiques i industrials (instal \u00b7 lacions solars i geot\u00e8rmiques)- Escalfadors integrats per bombes de calor (preescalfament d&#039;oli en centrals de lubricat)- Preescalfament d&#039;oli combustible en cisternes- Protecci\u00f3 anti-gel en dip\u00f2sits de stocaje- Maquin\u00e0ria per a la ind\u00fastria aliment\u00e0ria.Fitxa T\u00e8cnica\" \/>\n<meta property=\"og:url\" content=\"https:\/\/www.piris.com\/cataleg-de-productes\/resistencias-electricas\/resistencias-para-depositos\" \/>\n<meta property=\"og:site_name\" content=\"Piris\" \/>\n<meta property=\"og:image\" content=\"https:\/\/www.piris.com\/wp-content\/uploads\/TAPPO-FILETATO.jpg\" \/>\n\t<meta property=\"og:image:width\" content=\"400\" \/>\n\t<meta property=\"og:image:height\" content=\"400\" \/>\n\t<meta property=\"og:image:type\" content=\"image\/jpeg\" \/>\n<meta name=\"twitter:card\" content=\"summary_large_image\" \/>\n<script type=\"application\/ld+json\" class=\"yoast-schema-graph\">{\"@context\":\"https:\/\/schema.org\",\"@graph\":[{\"@type\":\"WebPage\",\"@id\":\"https:\/\/www.piris.com\/cataleg-de-productes\/resistencias-electricas\/resistencias-para-depositos\",\"url\":\"https:\/\/www.piris.com\/cataleg-de-productes\/resistencias-electricas\/resistencias-para-depositos\",\"name\":\"Resist\u00e8ncies per a dip\u00f2sits | Piris\",\"isPartOf\":{\"@id\":\"https:\/\/www.piris.com\/#website\"},\"primaryImageOfPage\":{\"@id\":\"https:\/\/www.piris.com\/cataleg-de-productes\/resistencias-electricas\/resistencias-para-depositos#primaryimage\"},\"image\":{\"@id\":\"https:\/\/www.piris.com\/cataleg-de-productes\/resistencias-electricas\/resistencias-para-depositos#primaryimage\"},\"thumbnailUrl\":\"https:\/\/www.piris.com\/wp-content\/uploads\/TAPPO-FILETATO.jpg\",\"datePublished\":\"2015-09-16T07:25:19+00:00\",\"dateModified\":\"2015-09-16T07:25:19+00:00\",\"breadcrumb\":{\"@id\":\"https:\/\/www.piris.com\/cataleg-de-productes\/resistencias-electricas\/resistencias-para-depositos#breadcrumb\"},\"inLanguage\":\"ca\",\"potentialAction\":[{\"@type\":\"ReadAction\",\"target\":[\"https:\/\/www.piris.com\/cataleg-de-productes\/resistencias-electricas\/resistencias-para-depositos\"]}]},{\"@type\":\"ImageObject\",\"inLanguage\":\"ca\",\"@id\":\"https:\/\/www.piris.com\/cataleg-de-productes\/resistencias-electricas\/resistencias-para-depositos#primaryimage\",\"url\":\"https:\/\/www.piris.com\/wp-content\/uploads\/TAPPO-FILETATO.jpg\",\"contentUrl\":\"https:\/\/www.piris.com\/wp-content\/uploads\/TAPPO-FILETATO.jpg\",\"width\":400,\"height\":400},{\"@type\":\"BreadcrumbList\",\"@id\":\"https:\/\/www.piris.com\/cataleg-de-productes\/resistencias-electricas\/resistencias-para-depositos#breadcrumb\",\"itemListElement\":[{\"@type\":\"ListItem\",\"position\":1,\"name\":\"Portada\",\"item\":\"https:\/\/www.piris.com\/ca\"},{\"@type\":\"ListItem\",\"position\":2,\"name\":\"Cat\u00e0leg de productes\",\"item\":\"https:\/\/www.piris.com\/ca\/cataleg-de-productes\"},{\"@type\":\"ListItem\",\"position\":3,\"name\":\"Resist\u00e8ncies per a dip\u00f2sits\"}]},{\"@type\":\"WebSite\",\"@id\":\"https:\/\/www.piris.com\/#website\",\"url\":\"https:\/\/www.piris.com\/\",\"name\":\"Piris\",\"description\":\"Components el\u00e8ctrics, mec\u00e0nics i electr\u00f2nics\",\"publisher\":{\"@id\":\"https:\/\/www.piris.com\/#organization\"},\"potentialAction\":[{\"@type\":\"SearchAction\",\"target\":{\"@type\":\"EntryPoint\",\"urlTemplate\":\"https:\/\/www.piris.com\/?s={search_term_string}\"},\"query-input\":\"required name=search_term_string\"}],\"inLanguage\":\"ca\"},{\"@type\":\"Organization\",\"@id\":\"https:\/\/www.piris.com\/#organization\",\"name\":\"PIRIS\",\"url\":\"https:\/\/www.piris.com\/\",\"logo\":{\"@type\":\"ImageObject\",\"inLanguage\":\"ca\",\"@id\":\"https:\/\/www.piris.com\/#\/schema\/logo\/image\/\",\"url\":\"https:\/\/www.piris.com\/wp-content\/uploads\/29-PIRIS.png\",\"contentUrl\":\"https:\/\/www.piris.com\/wp-content\/uploads\/29-PIRIS.png\",\"width\":1280,\"height\":720,\"caption\":\"PIRIS\"},\"image\":{\"@id\":\"https:\/\/www.piris.com\/#\/schema\/logo\/image\/\"},\"sameAs\":[\"https:\/\/www.linkedin.com\/company\/piris\/\"]}]}<\/script>\n<!-- \/ Yoast SEO plugin. -->","yoast_head_json":{"title":"Resist\u00e8ncies per a dip\u00f2sits | Piris","robots":{"index":"index","follow":"follow","max-snippet":"max-snippet:-1","max-image-preview":"max-image-preview:large","max-video-preview":"max-video-preview:-1"},"canonical":"https:\/\/www.piris.com\/cataleg-de-productes\/resistencias-electricas\/resistencias-para-depositos","og_locale":"ca_ES","og_type":"article","og_title":"Resist\u00e8ncies per a dip\u00f2sits | Piris","og_description":"Les resist\u00e8ncies cuirassades amb tap roscat es produeixen inserint un fil resistiu a l'interior d'un tub d'acer inoxidable i a\u00efllant-lo amb \u00f2xid de magnesi compactat (MgO). Aquest producte es fabrica en dues di\u00e0metres 6.5mm i 8.5mm i es poden fer segons les especificacions del client, tant en la versi\u00f3 monof\u00e0sica com en la trif\u00e0sica. Les resist\u00e8ncies estan soldades sobre un tap en acer inoxidable Aisi 304 de 1\" gas amb junta de tancament, sobre la qual es fixa una caixa de protecci\u00f3 en pl\u00e0stic IP65, que cont\u00e9 un term\u00f2stat bipolar de regulaci\u00f3 i seguretat. El producte es lliura a m\u00e9s amb un cable d'alimentaci\u00f3 i un llum per senyalitzar quan l'aparell est\u00e0 en funcionament. Les resist\u00e8ncies s'embalen unit\u00e0riament juntament amb un manual d'\u00fas i instruccions.LES PRINCIPALS AVANTATGES S\u00d3N:- \u00d2ptima resist\u00e8ncia mec\u00e0nica ia la corrosi\u00f3- Elevada fiabilitat en el temps- Simplicitat de muntatge- Altament personalitzableAPLICACIONS- Aplicacions dom\u00e8stiques i industrials (instal \u00b7 lacions solars i geot\u00e8rmiques)- Escalfadors integrats per bombes de calor (preescalfament d'oli en centrals de lubricat)- Preescalfament d'oli combustible en cisternes- Protecci\u00f3 anti-gel en dip\u00f2sits de stocaje- Maquin\u00e0ria per a la ind\u00fastria aliment\u00e0ria.Fitxa T\u00e8cnica","og_url":"https:\/\/www.piris.com\/cataleg-de-productes\/resistencias-electricas\/resistencias-para-depositos","og_site_name":"Piris","og_image":[{"width":400,"height":400,"url":"https:\/\/www.piris.com\/wp-content\/uploads\/TAPPO-FILETATO.jpg","type":"image\/jpeg"}],"twitter_card":"summary_large_image","schema":{"@context":"https:\/\/schema.org","@graph":[{"@type":"WebPage","@id":"https:\/\/www.piris.com\/cataleg-de-productes\/resistencias-electricas\/resistencias-para-depositos","url":"https:\/\/www.piris.com\/cataleg-de-productes\/resistencias-electricas\/resistencias-para-depositos","name":"Resist\u00e8ncies per a dip\u00f2sits | Piris","isPartOf":{"@id":"https:\/\/www.piris.com\/#website"},"primaryImageOfPage":{"@id":"https:\/\/www.piris.com\/cataleg-de-productes\/resistencias-electricas\/resistencias-para-depositos#primaryimage"},"image":{"@id":"https:\/\/www.piris.com\/cataleg-de-productes\/resistencias-electricas\/resistencias-para-depositos#primaryimage"},"thumbnailUrl":"https:\/\/www.piris.com\/wp-content\/uploads\/TAPPO-FILETATO.jpg","datePublished":"2015-09-16T07:25:19+00:00","dateModified":"2015-09-16T07:25:19+00:00","breadcrumb":{"@id":"https:\/\/www.piris.com\/cataleg-de-productes\/resistencias-electricas\/resistencias-para-depositos#breadcrumb"},"inLanguage":"ca","potentialAction":[{"@type":"ReadAction","target":["https:\/\/www.piris.com\/cataleg-de-productes\/resistencias-electricas\/resistencias-para-depositos"]}]},{"@type":"ImageObject","inLanguage":"ca","@id":"https:\/\/www.piris.com\/cataleg-de-productes\/resistencias-electricas\/resistencias-para-depositos#primaryimage","url":"https:\/\/www.piris.com\/wp-content\/uploads\/TAPPO-FILETATO.jpg","contentUrl":"https:\/\/www.piris.com\/wp-content\/uploads\/TAPPO-FILETATO.jpg","width":400,"height":400},{"@type":"BreadcrumbList","@id":"https:\/\/www.piris.com\/cataleg-de-productes\/resistencias-electricas\/resistencias-para-depositos#breadcrumb","itemListElement":[{"@type":"ListItem","position":1,"name":"Portada","item":"https:\/\/www.piris.com\/ca"},{"@type":"ListItem","position":2,"name":"Cat\u00e0leg de productes","item":"https:\/\/www.piris.com\/ca\/cataleg-de-productes"},{"@type":"ListItem","position":3,"name":"Resist\u00e8ncies per a dip\u00f2sits"}]},{"@type":"WebSite","@id":"https:\/\/www.piris.com\/#website","url":"https:\/\/www.piris.com\/","name":"Piris","description":"Components el\u00e8ctrics, mec\u00e0nics i electr\u00f2nics","publisher":{"@id":"https:\/\/www.piris.com\/#organization"},"potentialAction":[{"@type":"SearchAction","target":{"@type":"EntryPoint","urlTemplate":"https:\/\/www.piris.com\/?s={search_term_string}"},"query-input":"required name=search_term_string"}],"inLanguage":"ca"},{"@type":"Organization","@id":"https:\/\/www.piris.com\/#organization","name":"PIRIS","url":"https:\/\/www.piris.com\/","logo":{"@type":"ImageObject","inLanguage":"ca","@id":"https:\/\/www.piris.com\/#\/schema\/logo\/image\/","url":"https:\/\/www.piris.com\/wp-content\/uploads\/29-PIRIS.png","contentUrl":"https:\/\/www.piris.com\/wp-content\/uploads\/29-PIRIS.png","width":1280,"height":720,"caption":"PIRIS"},"image":{"@id":"https:\/\/www.piris.com\/#\/schema\/logo\/image\/"},"sameAs":["https:\/\/www.linkedin.com\/company\/piris\/"]}]}},"_links":{"self":[{"href":"https:\/\/www.piris.com\/ca\/wp-json\/wp\/v2\/product\/11821"}],"collection":[{"href":"https:\/\/www.piris.com\/ca\/wp-json\/wp\/v2\/product"}],"about":[{"href":"https:\/\/www.piris.com\/ca\/wp-json\/wp\/v2\/types\/product"}],"replies":[{"embeddable":true,"href":"https:\/\/www.piris.com\/ca\/wp-json\/wp\/v2\/comments?post=11821"}],"wp:featuredmedia":[{"embeddable":true,"href":"https:\/\/www.piris.com\/ca\/wp-json\/wp\/v2\/media\/6872"}],"wp:attachment":[{"href":"https:\/\/www.piris.com\/ca\/wp-json\/wp\/v2\/media?parent=11821"}],"wp:term":[{"taxonomy":"product_cat","embeddable":true,"href":"https:\/\/www.piris.com\/ca\/wp-json\/wp\/v2\/product_cat?post=11821"},{"taxonomy":"product_tag","embeddable":true,"href":"https:\/\/www.piris.com\/ca\/wp-json\/wp\/v2\/product_tag?post=11821"}],"curies":[{"name":"wp","href":"https:\/\/api.w.org\/{rel}","templated":true}]}}