{"id":11826,"date":"2015-09-16T09:32:20","date_gmt":"2015-09-16T07:32:20","guid":{"rendered":"http:\/\/piris.com\/catalogo-de-productos\/cable-a-potencia-constant\/"},"modified":"2015-09-16T09:32:20","modified_gmt":"2015-09-16T07:32:20","slug":"cable-a-potencia-constant","status":"publish","type":"product","link":"https:\/\/www.piris.com\/ca\/cataleg-de-productes\/resistencias-electricas-ca\/cable-a-potencia-constant","title":{"rendered":"Cable a pot\u00e8ncia constant"},"content":{"rendered":"","protected":false},"excerpt":{"rendered":"<p>a caracter\u00edstica principal d&#8217;aquesta tipologia de cable \u00e9s una c\u00e0rrega espec\u00edfica uniforme sobre tota la seva longitud, garantint una gesti\u00f3 de la pot\u00e8ncia en funci\u00f3 del llarg de tall.<br \/>La resist\u00e8ncia de pot\u00e8ncia constant es construeix embolicant el fil resistiu als conductors fase i neutre sobre els quals s&#8217;extrudeix una silicona anti-curtcircuit.<br \/>La silicona externa \u00e9s transparent per permetre la individualitzaci\u00f3 del punt de tall.<br \/>El producte es lliura enrotllat en bobines, per tallar a mida i acabar-segons les exig\u00e8ncies espec\u00edfiques amb el kit accessori, que pot ser venut al costat de la resist\u00e8ncia.<br \/>Fabricada inicialment en dimensions de 6.5&#215;4.5, la gamma ara integra una versi\u00f3 amb di\u00e0metre redu\u00eft a 3.5mm. Aquesta \u00faltima particularment apreciada per la seva flexibilitat i facilitat d&#8217;instal \u00b7 laci\u00f3 en espais redu\u00efts.<br \/>Sobre l&#8217;a\u00efllament extern es pot trenar una malla especial que protegeix el cable de l&#8217;estr\u00e8s mec\u00e0nic, es pot utilitzar de presa de terra i ajuda a millorar la distribuci\u00f3 t\u00e8rmica.<\/p>\n<p><strong>LES PRINCIPALS AVANTATGES S\u00d3N:<\/strong><br \/>-\u00d2ptima flexibilitat i elevada resist\u00e8ncia mec\u00e0nica<br \/>-Notable adaptabilitat a grans superf\u00edcies a escalfar<br \/>-Di\u00e0metre redu\u00eft (3.5mm)<br \/>-Facilitat de muntatge<br \/>-Lliurada en bobines<br \/>-Altament personalitzable<\/p>\n<p><strong><br \/>APLICACIONS<\/strong><br \/>-Aire condicionat (escalfament i manteniment de la temperatura per bombones, dip\u00f2sits, tremuges)<br \/>-Construcci\u00f3 (protecci\u00f3 contra el gel i escalfament de tubs, v\u00e0lvules, sistemes anti-neu, goteres, rampes i escalfament de paviments)<br \/>-Refrigeraci\u00f3 industrial i comercial (anti-condensaci\u00f3 de vitrines frigor\u00edfiques, portes de c\u00e0meres frigor\u00edfiques)<br \/>-Diversos (escalfament i hivernacles, aquaris i terraris)<\/p>\n<p><a title=\"Ficha T\u00e9cnica\" href=\"http:\/\/piris.com\/wp-content\/uploads\/pdf\/324__p_5_PotenzaCostante_MR.pdf\" target=\"_blank\">Fitxa T\u00e8cnica <\/a><\/p>\n","protected":false},"featured_media":6869,"comment_status":"closed","ping_status":"closed","template":"","meta":[],"product_cat":[241],"product_tag":[],"yoast_head":"<!-- This site is optimized with the Yoast SEO plugin v23.0 - https:\/\/yoast.com\/wordpress\/plugins\/seo\/ -->\n<title>Cable a pot\u00e8ncia constant | Piris<\/title>\n<meta name=\"robots\" content=\"index, follow, max-snippet:-1, max-image-preview:large, max-video-preview:-1\" \/>\n<link rel=\"canonical\" href=\"https:\/\/www.piris.com\/cataleg-de-productes\/resistencias-electricas\/cable-a-potencia-constante\" \/>\n<meta property=\"og:locale\" content=\"ca_ES\" \/>\n<meta property=\"og:type\" content=\"article\" \/>\n<meta property=\"og:title\" content=\"Cable a pot\u00e8ncia constant | Piris\" \/>\n<meta property=\"og:description\" content=\"a caracter\u00edstica principal d&#039;aquesta tipologia de cable \u00e9s una c\u00e0rrega espec\u00edfica uniforme sobre tota la seva longitud, garantint una gesti\u00f3 de la pot\u00e8ncia en funci\u00f3 del llarg de tall.La resist\u00e8ncia de pot\u00e8ncia constant es construeix embolicant el fil resistiu als conductors fase i neutre sobre els quals s&#039;extrudeix una silicona anti-curtcircuit.La silicona externa \u00e9s transparent per permetre la individualitzaci\u00f3 del punt de tall.El producte es lliura enrotllat en bobines, per tallar a mida i acabar-segons les exig\u00e8ncies espec\u00edfiques amb el kit accessori, que pot ser venut al costat de la resist\u00e8ncia.Fabricada inicialment en dimensions de 6.5x4.5, la gamma ara integra una versi\u00f3 amb di\u00e0metre redu\u00eft a 3.5mm. Aquesta \u00faltima particularment apreciada per la seva flexibilitat i facilitat d&#039;instal \u00b7 laci\u00f3 en espais redu\u00efts.Sobre l&#039;a\u00efllament extern es pot trenar una malla especial que protegeix el cable de l&#039;estr\u00e8s mec\u00e0nic, es pot utilitzar de presa de terra i ajuda a millorar la distribuci\u00f3 t\u00e8rmica.LES PRINCIPALS AVANTATGES S\u00d3N:-\u00d2ptima flexibilitat i elevada resist\u00e8ncia mec\u00e0nica-Notable adaptabilitat a grans superf\u00edcies a escalfar-Di\u00e0metre redu\u00eft (3.5mm)-Facilitat de muntatge-Lliurada en bobines-Altament personalitzableAPLICACIONS-Aire condicionat (escalfament i manteniment de la temperatura per bombones, dip\u00f2sits, tremuges)-Construcci\u00f3 (protecci\u00f3 contra el gel i escalfament de tubs, v\u00e0lvules, sistemes anti-neu, goteres, rampes i escalfament de paviments)-Refrigeraci\u00f3 industrial i comercial (anti-condensaci\u00f3 de vitrines frigor\u00edfiques, portes de c\u00e0meres frigor\u00edfiques)-Diversos (escalfament i hivernacles, aquaris i terraris)Fitxa T\u00e8cnica\" \/>\n<meta property=\"og:url\" content=\"https:\/\/www.piris.com\/cataleg-de-productes\/resistencias-electricas\/cable-a-potencia-constante\" \/>\n<meta property=\"og:site_name\" content=\"Piris\" \/>\n<meta property=\"og:image\" content=\"https:\/\/www.piris.com\/wp-content\/uploads\/POTENCIA-CONSTANTE.jpg\" \/>\n\t<meta property=\"og:image:width\" content=\"406\" \/>\n\t<meta property=\"og:image:height\" content=\"400\" \/>\n\t<meta property=\"og:image:type\" content=\"image\/jpeg\" \/>\n<meta name=\"twitter:card\" content=\"summary_large_image\" \/>\n<script type=\"application\/ld+json\" class=\"yoast-schema-graph\">{\"@context\":\"https:\/\/schema.org\",\"@graph\":[{\"@type\":\"WebPage\",\"@id\":\"https:\/\/www.piris.com\/cataleg-de-productes\/resistencias-electricas\/cable-a-potencia-constante\",\"url\":\"https:\/\/www.piris.com\/cataleg-de-productes\/resistencias-electricas\/cable-a-potencia-constante\",\"name\":\"Cable a pot\u00e8ncia constant | Piris\",\"isPartOf\":{\"@id\":\"https:\/\/www.piris.com\/#website\"},\"primaryImageOfPage\":{\"@id\":\"https:\/\/www.piris.com\/cataleg-de-productes\/resistencias-electricas\/cable-a-potencia-constante#primaryimage\"},\"image\":{\"@id\":\"https:\/\/www.piris.com\/cataleg-de-productes\/resistencias-electricas\/cable-a-potencia-constante#primaryimage\"},\"thumbnailUrl\":\"https:\/\/www.piris.com\/wp-content\/uploads\/POTENCIA-CONSTANTE.jpg\",\"datePublished\":\"2015-09-16T07:32:20+00:00\",\"dateModified\":\"2015-09-16T07:32:20+00:00\",\"breadcrumb\":{\"@id\":\"https:\/\/www.piris.com\/cataleg-de-productes\/resistencias-electricas\/cable-a-potencia-constante#breadcrumb\"},\"inLanguage\":\"ca\",\"potentialAction\":[{\"@type\":\"ReadAction\",\"target\":[\"https:\/\/www.piris.com\/cataleg-de-productes\/resistencias-electricas\/cable-a-potencia-constante\"]}]},{\"@type\":\"ImageObject\",\"inLanguage\":\"ca\",\"@id\":\"https:\/\/www.piris.com\/cataleg-de-productes\/resistencias-electricas\/cable-a-potencia-constante#primaryimage\",\"url\":\"https:\/\/www.piris.com\/wp-content\/uploads\/POTENCIA-CONSTANTE.jpg\",\"contentUrl\":\"https:\/\/www.piris.com\/wp-content\/uploads\/POTENCIA-CONSTANTE.jpg\",\"width\":406,\"height\":400},{\"@type\":\"BreadcrumbList\",\"@id\":\"https:\/\/www.piris.com\/cataleg-de-productes\/resistencias-electricas\/cable-a-potencia-constante#breadcrumb\",\"itemListElement\":[{\"@type\":\"ListItem\",\"position\":1,\"name\":\"Portada\",\"item\":\"https:\/\/www.piris.com\/ca\"},{\"@type\":\"ListItem\",\"position\":2,\"name\":\"Cat\u00e0leg de productes\",\"item\":\"https:\/\/www.piris.com\/ca\/cataleg-de-productes\"},{\"@type\":\"ListItem\",\"position\":3,\"name\":\"Cable a pot\u00e8ncia constant\"}]},{\"@type\":\"WebSite\",\"@id\":\"https:\/\/www.piris.com\/#website\",\"url\":\"https:\/\/www.piris.com\/\",\"name\":\"Piris\",\"description\":\"Components el\u00e8ctrics, mec\u00e0nics i electr\u00f2nics\",\"publisher\":{\"@id\":\"https:\/\/www.piris.com\/#organization\"},\"potentialAction\":[{\"@type\":\"SearchAction\",\"target\":{\"@type\":\"EntryPoint\",\"urlTemplate\":\"https:\/\/www.piris.com\/?s={search_term_string}\"},\"query-input\":\"required name=search_term_string\"}],\"inLanguage\":\"ca\"},{\"@type\":\"Organization\",\"@id\":\"https:\/\/www.piris.com\/#organization\",\"name\":\"PIRIS\",\"url\":\"https:\/\/www.piris.com\/\",\"logo\":{\"@type\":\"ImageObject\",\"inLanguage\":\"ca\",\"@id\":\"https:\/\/www.piris.com\/#\/schema\/logo\/image\/\",\"url\":\"https:\/\/www.piris.com\/wp-content\/uploads\/29-PIRIS.png\",\"contentUrl\":\"https:\/\/www.piris.com\/wp-content\/uploads\/29-PIRIS.png\",\"width\":1280,\"height\":720,\"caption\":\"PIRIS\"},\"image\":{\"@id\":\"https:\/\/www.piris.com\/#\/schema\/logo\/image\/\"},\"sameAs\":[\"https:\/\/www.linkedin.com\/company\/piris\/\"]}]}<\/script>\n<!-- \/ Yoast SEO plugin. -->","yoast_head_json":{"title":"Cable a pot\u00e8ncia constant | Piris","robots":{"index":"index","follow":"follow","max-snippet":"max-snippet:-1","max-image-preview":"max-image-preview:large","max-video-preview":"max-video-preview:-1"},"canonical":"https:\/\/www.piris.com\/cataleg-de-productes\/resistencias-electricas\/cable-a-potencia-constante","og_locale":"ca_ES","og_type":"article","og_title":"Cable a pot\u00e8ncia constant | Piris","og_description":"a caracter\u00edstica principal d'aquesta tipologia de cable \u00e9s una c\u00e0rrega espec\u00edfica uniforme sobre tota la seva longitud, garantint una gesti\u00f3 de la pot\u00e8ncia en funci\u00f3 del llarg de tall.La resist\u00e8ncia de pot\u00e8ncia constant es construeix embolicant el fil resistiu als conductors fase i neutre sobre els quals s'extrudeix una silicona anti-curtcircuit.La silicona externa \u00e9s transparent per permetre la individualitzaci\u00f3 del punt de tall.El producte es lliura enrotllat en bobines, per tallar a mida i acabar-segons les exig\u00e8ncies espec\u00edfiques amb el kit accessori, que pot ser venut al costat de la resist\u00e8ncia.Fabricada inicialment en dimensions de 6.5x4.5, la gamma ara integra una versi\u00f3 amb di\u00e0metre redu\u00eft a 3.5mm. Aquesta \u00faltima particularment apreciada per la seva flexibilitat i facilitat d'instal \u00b7 laci\u00f3 en espais redu\u00efts.Sobre l'a\u00efllament extern es pot trenar una malla especial que protegeix el cable de l'estr\u00e8s mec\u00e0nic, es pot utilitzar de presa de terra i ajuda a millorar la distribuci\u00f3 t\u00e8rmica.LES PRINCIPALS AVANTATGES S\u00d3N:-\u00d2ptima flexibilitat i elevada resist\u00e8ncia mec\u00e0nica-Notable adaptabilitat a grans superf\u00edcies a escalfar-Di\u00e0metre redu\u00eft (3.5mm)-Facilitat de muntatge-Lliurada en bobines-Altament personalitzableAPLICACIONS-Aire condicionat (escalfament i manteniment de la temperatura per bombones, dip\u00f2sits, tremuges)-Construcci\u00f3 (protecci\u00f3 contra el gel i escalfament de tubs, v\u00e0lvules, sistemes anti-neu, goteres, rampes i escalfament de paviments)-Refrigeraci\u00f3 industrial i comercial (anti-condensaci\u00f3 de vitrines frigor\u00edfiques, portes de c\u00e0meres frigor\u00edfiques)-Diversos (escalfament i hivernacles, aquaris i terraris)Fitxa T\u00e8cnica","og_url":"https:\/\/www.piris.com\/cataleg-de-productes\/resistencias-electricas\/cable-a-potencia-constante","og_site_name":"Piris","og_image":[{"width":406,"height":400,"url":"https:\/\/www.piris.com\/wp-content\/uploads\/POTENCIA-CONSTANTE.jpg","type":"image\/jpeg"}],"twitter_card":"summary_large_image","schema":{"@context":"https:\/\/schema.org","@graph":[{"@type":"WebPage","@id":"https:\/\/www.piris.com\/cataleg-de-productes\/resistencias-electricas\/cable-a-potencia-constante","url":"https:\/\/www.piris.com\/cataleg-de-productes\/resistencias-electricas\/cable-a-potencia-constante","name":"Cable a pot\u00e8ncia constant | Piris","isPartOf":{"@id":"https:\/\/www.piris.com\/#website"},"primaryImageOfPage":{"@id":"https:\/\/www.piris.com\/cataleg-de-productes\/resistencias-electricas\/cable-a-potencia-constante#primaryimage"},"image":{"@id":"https:\/\/www.piris.com\/cataleg-de-productes\/resistencias-electricas\/cable-a-potencia-constante#primaryimage"},"thumbnailUrl":"https:\/\/www.piris.com\/wp-content\/uploads\/POTENCIA-CONSTANTE.jpg","datePublished":"2015-09-16T07:32:20+00:00","dateModified":"2015-09-16T07:32:20+00:00","breadcrumb":{"@id":"https:\/\/www.piris.com\/cataleg-de-productes\/resistencias-electricas\/cable-a-potencia-constante#breadcrumb"},"inLanguage":"ca","potentialAction":[{"@type":"ReadAction","target":["https:\/\/www.piris.com\/cataleg-de-productes\/resistencias-electricas\/cable-a-potencia-constante"]}]},{"@type":"ImageObject","inLanguage":"ca","@id":"https:\/\/www.piris.com\/cataleg-de-productes\/resistencias-electricas\/cable-a-potencia-constante#primaryimage","url":"https:\/\/www.piris.com\/wp-content\/uploads\/POTENCIA-CONSTANTE.jpg","contentUrl":"https:\/\/www.piris.com\/wp-content\/uploads\/POTENCIA-CONSTANTE.jpg","width":406,"height":400},{"@type":"BreadcrumbList","@id":"https:\/\/www.piris.com\/cataleg-de-productes\/resistencias-electricas\/cable-a-potencia-constante#breadcrumb","itemListElement":[{"@type":"ListItem","position":1,"name":"Portada","item":"https:\/\/www.piris.com\/ca"},{"@type":"ListItem","position":2,"name":"Cat\u00e0leg de productes","item":"https:\/\/www.piris.com\/ca\/cataleg-de-productes"},{"@type":"ListItem","position":3,"name":"Cable a pot\u00e8ncia constant"}]},{"@type":"WebSite","@id":"https:\/\/www.piris.com\/#website","url":"https:\/\/www.piris.com\/","name":"Piris","description":"Components el\u00e8ctrics, mec\u00e0nics i electr\u00f2nics","publisher":{"@id":"https:\/\/www.piris.com\/#organization"},"potentialAction":[{"@type":"SearchAction","target":{"@type":"EntryPoint","urlTemplate":"https:\/\/www.piris.com\/?s={search_term_string}"},"query-input":"required name=search_term_string"}],"inLanguage":"ca"},{"@type":"Organization","@id":"https:\/\/www.piris.com\/#organization","name":"PIRIS","url":"https:\/\/www.piris.com\/","logo":{"@type":"ImageObject","inLanguage":"ca","@id":"https:\/\/www.piris.com\/#\/schema\/logo\/image\/","url":"https:\/\/www.piris.com\/wp-content\/uploads\/29-PIRIS.png","contentUrl":"https:\/\/www.piris.com\/wp-content\/uploads\/29-PIRIS.png","width":1280,"height":720,"caption":"PIRIS"},"image":{"@id":"https:\/\/www.piris.com\/#\/schema\/logo\/image\/"},"sameAs":["https:\/\/www.linkedin.com\/company\/piris\/"]}]}},"_links":{"self":[{"href":"https:\/\/www.piris.com\/ca\/wp-json\/wp\/v2\/product\/11826"}],"collection":[{"href":"https:\/\/www.piris.com\/ca\/wp-json\/wp\/v2\/product"}],"about":[{"href":"https:\/\/www.piris.com\/ca\/wp-json\/wp\/v2\/types\/product"}],"replies":[{"embeddable":true,"href":"https:\/\/www.piris.com\/ca\/wp-json\/wp\/v2\/comments?post=11826"}],"wp:featuredmedia":[{"embeddable":true,"href":"https:\/\/www.piris.com\/ca\/wp-json\/wp\/v2\/media\/6869"}],"wp:attachment":[{"href":"https:\/\/www.piris.com\/ca\/wp-json\/wp\/v2\/media?parent=11826"}],"wp:term":[{"taxonomy":"product_cat","embeddable":true,"href":"https:\/\/www.piris.com\/ca\/wp-json\/wp\/v2\/product_cat?post=11826"},{"taxonomy":"product_tag","embeddable":true,"href":"https:\/\/www.piris.com\/ca\/wp-json\/wp\/v2\/product_tag?post=11826"}],"curies":[{"name":"wp","href":"https:\/\/api.w.org\/{rel}","templated":true}]}}