{"id":11864,"date":"2016-02-24T12:59:07","date_gmt":"2016-02-24T11:59:07","guid":{"rendered":"http:\/\/piris.com\/catalogo-de-productos\/mrs52-d-2\/"},"modified":"2016-02-24T12:59:07","modified_gmt":"2016-02-24T11:59:07","slug":"mrs52-d-2","status":"publish","type":"product","link":"https:\/\/www.piris.com\/ca\/cataleg-de-productes\/regletes-per-circuit-impres\/regletes-1-nivell\/mrs52-d-2","title":{"rendered":"MRS52-D"},"content":{"rendered":"","protected":false},"excerpt":{"rendered":"<p>Pas: 5 mm<\/p>\n<p><a href=\"http:\/\/piris.com\/wp-content\/uploads\/Ficha-MRS52-D-5-mm.pdf\" rel=\"\">Fitxa T\u00e8cnica MRS52- D 5 mm<\/a><\/p>\n","protected":false},"featured_media":9284,"comment_status":"closed","ping_status":"closed","template":"","meta":[],"product_cat":[360],"product_tag":[],"yoast_head":"<!-- This site is optimized with the Yoast SEO plugin v23.0 - https:\/\/yoast.com\/wordpress\/plugins\/seo\/ -->\n<title>MRS52-D | Piris<\/title>\n<meta name=\"robots\" content=\"index, follow, max-snippet:-1, max-image-preview:large, max-video-preview:-1\" \/>\n<link rel=\"canonical\" href=\"https:\/\/www.piris.com\/cataleg-de-productes\/regletas-para-circuito-impreso\/regletas-1-nivel\/mrs52-d\" \/>\n<meta property=\"og:locale\" content=\"ca_ES\" \/>\n<meta property=\"og:type\" content=\"article\" \/>\n<meta property=\"og:title\" content=\"MRS52-D | Piris\" \/>\n<meta property=\"og:description\" content=\"Pas: 5 mmFitxa T\u00e8cnica MRS52- D 5 mm\" \/>\n<meta property=\"og:url\" content=\"https:\/\/www.piris.com\/cataleg-de-productes\/regletas-para-circuito-impreso\/regletas-1-nivel\/mrs52-d\" \/>\n<meta property=\"og:site_name\" content=\"Piris\" \/>\n<meta property=\"og:image\" content=\"https:\/\/www.piris.com\/wp-content\/uploads\/MRS52-D.jpg\" \/>\n\t<meta property=\"og:image:width\" content=\"427\" \/>\n\t<meta property=\"og:image:height\" content=\"400\" \/>\n\t<meta property=\"og:image:type\" content=\"image\/jpeg\" \/>\n<meta name=\"twitter:card\" content=\"summary_large_image\" \/>\n<script type=\"application\/ld+json\" class=\"yoast-schema-graph\">{\"@context\":\"https:\/\/schema.org\",\"@graph\":[{\"@type\":\"WebPage\",\"@id\":\"https:\/\/www.piris.com\/cataleg-de-productes\/regletas-para-circuito-impreso\/regletas-1-nivel\/mrs52-d\",\"url\":\"https:\/\/www.piris.com\/cataleg-de-productes\/regletas-para-circuito-impreso\/regletas-1-nivel\/mrs52-d\",\"name\":\"MRS52-D | Piris\",\"isPartOf\":{\"@id\":\"https:\/\/www.piris.com\/#website\"},\"primaryImageOfPage\":{\"@id\":\"https:\/\/www.piris.com\/cataleg-de-productes\/regletas-para-circuito-impreso\/regletas-1-nivel\/mrs52-d#primaryimage\"},\"image\":{\"@id\":\"https:\/\/www.piris.com\/cataleg-de-productes\/regletas-para-circuito-impreso\/regletas-1-nivel\/mrs52-d#primaryimage\"},\"thumbnailUrl\":\"https:\/\/www.piris.com\/wp-content\/uploads\/MRS52-D.jpg\",\"datePublished\":\"2016-02-24T11:59:07+00:00\",\"dateModified\":\"2016-02-24T11:59:07+00:00\",\"breadcrumb\":{\"@id\":\"https:\/\/www.piris.com\/cataleg-de-productes\/regletas-para-circuito-impreso\/regletas-1-nivel\/mrs52-d#breadcrumb\"},\"inLanguage\":\"ca\",\"potentialAction\":[{\"@type\":\"ReadAction\",\"target\":[\"https:\/\/www.piris.com\/cataleg-de-productes\/regletas-para-circuito-impreso\/regletas-1-nivel\/mrs52-d\"]}]},{\"@type\":\"ImageObject\",\"inLanguage\":\"ca\",\"@id\":\"https:\/\/www.piris.com\/cataleg-de-productes\/regletas-para-circuito-impreso\/regletas-1-nivel\/mrs52-d#primaryimage\",\"url\":\"https:\/\/www.piris.com\/wp-content\/uploads\/MRS52-D.jpg\",\"contentUrl\":\"https:\/\/www.piris.com\/wp-content\/uploads\/MRS52-D.jpg\",\"width\":427,\"height\":400},{\"@type\":\"BreadcrumbList\",\"@id\":\"https:\/\/www.piris.com\/cataleg-de-productes\/regletas-para-circuito-impreso\/regletas-1-nivel\/mrs52-d#breadcrumb\",\"itemListElement\":[{\"@type\":\"ListItem\",\"position\":1,\"name\":\"Portada\",\"item\":\"https:\/\/www.piris.com\/ca\"},{\"@type\":\"ListItem\",\"position\":2,\"name\":\"Cat\u00e0leg de productes\",\"item\":\"https:\/\/www.piris.com\/ca\/cataleg-de-productes\"},{\"@type\":\"ListItem\",\"position\":3,\"name\":\"MRS52-D\"}]},{\"@type\":\"WebSite\",\"@id\":\"https:\/\/www.piris.com\/#website\",\"url\":\"https:\/\/www.piris.com\/\",\"name\":\"Piris\",\"description\":\"Components el\u00e8ctrics, mec\u00e0nics i electr\u00f2nics\",\"publisher\":{\"@id\":\"https:\/\/www.piris.com\/#organization\"},\"potentialAction\":[{\"@type\":\"SearchAction\",\"target\":{\"@type\":\"EntryPoint\",\"urlTemplate\":\"https:\/\/www.piris.com\/?s={search_term_string}\"},\"query-input\":\"required name=search_term_string\"}],\"inLanguage\":\"ca\"},{\"@type\":\"Organization\",\"@id\":\"https:\/\/www.piris.com\/#organization\",\"name\":\"PIRIS\",\"url\":\"https:\/\/www.piris.com\/\",\"logo\":{\"@type\":\"ImageObject\",\"inLanguage\":\"ca\",\"@id\":\"https:\/\/www.piris.com\/#\/schema\/logo\/image\/\",\"url\":\"https:\/\/www.piris.com\/wp-content\/uploads\/29-PIRIS.png\",\"contentUrl\":\"https:\/\/www.piris.com\/wp-content\/uploads\/29-PIRIS.png\",\"width\":1280,\"height\":720,\"caption\":\"PIRIS\"},\"image\":{\"@id\":\"https:\/\/www.piris.com\/#\/schema\/logo\/image\/\"},\"sameAs\":[\"https:\/\/www.linkedin.com\/company\/piris\/\"]}]}<\/script>\n<!-- \/ Yoast SEO plugin. -->","yoast_head_json":{"title":"MRS52-D | Piris","robots":{"index":"index","follow":"follow","max-snippet":"max-snippet:-1","max-image-preview":"max-image-preview:large","max-video-preview":"max-video-preview:-1"},"canonical":"https:\/\/www.piris.com\/cataleg-de-productes\/regletas-para-circuito-impreso\/regletas-1-nivel\/mrs52-d","og_locale":"ca_ES","og_type":"article","og_title":"MRS52-D | Piris","og_description":"Pas: 5 mmFitxa T\u00e8cnica MRS52- D 5 mm","og_url":"https:\/\/www.piris.com\/cataleg-de-productes\/regletas-para-circuito-impreso\/regletas-1-nivel\/mrs52-d","og_site_name":"Piris","og_image":[{"width":427,"height":400,"url":"https:\/\/www.piris.com\/wp-content\/uploads\/MRS52-D.jpg","type":"image\/jpeg"}],"twitter_card":"summary_large_image","schema":{"@context":"https:\/\/schema.org","@graph":[{"@type":"WebPage","@id":"https:\/\/www.piris.com\/cataleg-de-productes\/regletas-para-circuito-impreso\/regletas-1-nivel\/mrs52-d","url":"https:\/\/www.piris.com\/cataleg-de-productes\/regletas-para-circuito-impreso\/regletas-1-nivel\/mrs52-d","name":"MRS52-D | Piris","isPartOf":{"@id":"https:\/\/www.piris.com\/#website"},"primaryImageOfPage":{"@id":"https:\/\/www.piris.com\/cataleg-de-productes\/regletas-para-circuito-impreso\/regletas-1-nivel\/mrs52-d#primaryimage"},"image":{"@id":"https:\/\/www.piris.com\/cataleg-de-productes\/regletas-para-circuito-impreso\/regletas-1-nivel\/mrs52-d#primaryimage"},"thumbnailUrl":"https:\/\/www.piris.com\/wp-content\/uploads\/MRS52-D.jpg","datePublished":"2016-02-24T11:59:07+00:00","dateModified":"2016-02-24T11:59:07+00:00","breadcrumb":{"@id":"https:\/\/www.piris.com\/cataleg-de-productes\/regletas-para-circuito-impreso\/regletas-1-nivel\/mrs52-d#breadcrumb"},"inLanguage":"ca","potentialAction":[{"@type":"ReadAction","target":["https:\/\/www.piris.com\/cataleg-de-productes\/regletas-para-circuito-impreso\/regletas-1-nivel\/mrs52-d"]}]},{"@type":"ImageObject","inLanguage":"ca","@id":"https:\/\/www.piris.com\/cataleg-de-productes\/regletas-para-circuito-impreso\/regletas-1-nivel\/mrs52-d#primaryimage","url":"https:\/\/www.piris.com\/wp-content\/uploads\/MRS52-D.jpg","contentUrl":"https:\/\/www.piris.com\/wp-content\/uploads\/MRS52-D.jpg","width":427,"height":400},{"@type":"BreadcrumbList","@id":"https:\/\/www.piris.com\/cataleg-de-productes\/regletas-para-circuito-impreso\/regletas-1-nivel\/mrs52-d#breadcrumb","itemListElement":[{"@type":"ListItem","position":1,"name":"Portada","item":"https:\/\/www.piris.com\/ca"},{"@type":"ListItem","position":2,"name":"Cat\u00e0leg de productes","item":"https:\/\/www.piris.com\/ca\/cataleg-de-productes"},{"@type":"ListItem","position":3,"name":"MRS52-D"}]},{"@type":"WebSite","@id":"https:\/\/www.piris.com\/#website","url":"https:\/\/www.piris.com\/","name":"Piris","description":"Components el\u00e8ctrics, mec\u00e0nics i electr\u00f2nics","publisher":{"@id":"https:\/\/www.piris.com\/#organization"},"potentialAction":[{"@type":"SearchAction","target":{"@type":"EntryPoint","urlTemplate":"https:\/\/www.piris.com\/?s={search_term_string}"},"query-input":"required name=search_term_string"}],"inLanguage":"ca"},{"@type":"Organization","@id":"https:\/\/www.piris.com\/#organization","name":"PIRIS","url":"https:\/\/www.piris.com\/","logo":{"@type":"ImageObject","inLanguage":"ca","@id":"https:\/\/www.piris.com\/#\/schema\/logo\/image\/","url":"https:\/\/www.piris.com\/wp-content\/uploads\/29-PIRIS.png","contentUrl":"https:\/\/www.piris.com\/wp-content\/uploads\/29-PIRIS.png","width":1280,"height":720,"caption":"PIRIS"},"image":{"@id":"https:\/\/www.piris.com\/#\/schema\/logo\/image\/"},"sameAs":["https:\/\/www.linkedin.com\/company\/piris\/"]}]}},"_links":{"self":[{"href":"https:\/\/www.piris.com\/ca\/wp-json\/wp\/v2\/product\/11864"}],"collection":[{"href":"https:\/\/www.piris.com\/ca\/wp-json\/wp\/v2\/product"}],"about":[{"href":"https:\/\/www.piris.com\/ca\/wp-json\/wp\/v2\/types\/product"}],"replies":[{"embeddable":true,"href":"https:\/\/www.piris.com\/ca\/wp-json\/wp\/v2\/comments?post=11864"}],"wp:featuredmedia":[{"embeddable":true,"href":"https:\/\/www.piris.com\/ca\/wp-json\/wp\/v2\/media\/9284"}],"wp:attachment":[{"href":"https:\/\/www.piris.com\/ca\/wp-json\/wp\/v2\/media?parent=11864"}],"wp:term":[{"taxonomy":"product_cat","embeddable":true,"href":"https:\/\/www.piris.com\/ca\/wp-json\/wp\/v2\/product_cat?post=11864"},{"taxonomy":"product_tag","embeddable":true,"href":"https:\/\/www.piris.com\/ca\/wp-json\/wp\/v2\/product_tag?post=11864"}],"curies":[{"name":"wp","href":"https:\/\/api.w.org\/{rel}","templated":true}]}}