{"id":11891,"date":"2016-02-24T11:29:39","date_gmt":"2016-02-24T10:29:39","guid":{"rendered":"http:\/\/piris.com\/catalogo-de-productos\/sri52-a4-2\/"},"modified":"2016-02-24T11:29:39","modified_gmt":"2016-02-24T10:29:39","slug":"sri52-a4-2","status":"publish","type":"product","link":"https:\/\/www.piris.com\/ca\/cataleg-de-productes\/regletes-per-circuit-impres\/regletes-1-nivell\/sri52-a4-2","title":{"rendered":"SRI52-A4"},"content":{"rendered":"","protected":false},"excerpt":{"rendered":"<p>Pas 5,08 mm<\/p>\n<p><a href=\"http:\/\/piris.com\/wp-content\/uploads\/Ficha-SRI52-A4-508-mm.pdf\" rel=\"\">Fitxa T\u00e8cnica SRI52-A4 5,08 mm<\/a><\/p>\n","protected":false},"featured_media":9165,"comment_status":"closed","ping_status":"closed","template":"","meta":[],"product_cat":[360],"product_tag":[],"yoast_head":"<!-- This site is optimized with the Yoast SEO plugin v23.0 - https:\/\/yoast.com\/wordpress\/plugins\/seo\/ -->\n<title>SRI52-A4 | Piris<\/title>\n<meta name=\"robots\" content=\"index, follow, max-snippet:-1, max-image-preview:large, max-video-preview:-1\" \/>\n<link rel=\"canonical\" href=\"https:\/\/www.piris.com\/cataleg-de-productes\/regletas-para-circuito-impreso\/regletas-1-nivel\/sri52-a4\" \/>\n<meta property=\"og:locale\" content=\"ca_ES\" \/>\n<meta property=\"og:type\" content=\"article\" \/>\n<meta property=\"og:title\" content=\"SRI52-A4 | Piris\" \/>\n<meta property=\"og:description\" content=\"Pas 5,08 mmFitxa T\u00e8cnica SRI52-A4 5,08 mm\" \/>\n<meta property=\"og:url\" content=\"https:\/\/www.piris.com\/cataleg-de-productes\/regletas-para-circuito-impreso\/regletas-1-nivel\/sri52-a4\" \/>\n<meta property=\"og:site_name\" content=\"Piris\" \/>\n<meta property=\"og:image\" content=\"https:\/\/www.piris.com\/wp-content\/uploads\/SRI52-A4.jpg\" \/>\n\t<meta property=\"og:image:width\" content=\"426\" \/>\n\t<meta property=\"og:image:height\" content=\"400\" \/>\n\t<meta property=\"og:image:type\" content=\"image\/jpeg\" \/>\n<meta name=\"twitter:card\" content=\"summary_large_image\" \/>\n<script type=\"application\/ld+json\" class=\"yoast-schema-graph\">{\"@context\":\"https:\/\/schema.org\",\"@graph\":[{\"@type\":\"WebPage\",\"@id\":\"https:\/\/www.piris.com\/cataleg-de-productes\/regletas-para-circuito-impreso\/regletas-1-nivel\/sri52-a4\",\"url\":\"https:\/\/www.piris.com\/cataleg-de-productes\/regletas-para-circuito-impreso\/regletas-1-nivel\/sri52-a4\",\"name\":\"SRI52-A4 | Piris\",\"isPartOf\":{\"@id\":\"https:\/\/www.piris.com\/#website\"},\"primaryImageOfPage\":{\"@id\":\"https:\/\/www.piris.com\/cataleg-de-productes\/regletas-para-circuito-impreso\/regletas-1-nivel\/sri52-a4#primaryimage\"},\"image\":{\"@id\":\"https:\/\/www.piris.com\/cataleg-de-productes\/regletas-para-circuito-impreso\/regletas-1-nivel\/sri52-a4#primaryimage\"},\"thumbnailUrl\":\"https:\/\/www.piris.com\/wp-content\/uploads\/SRI52-A4.jpg\",\"datePublished\":\"2016-02-24T10:29:39+00:00\",\"dateModified\":\"2016-02-24T10:29:39+00:00\",\"breadcrumb\":{\"@id\":\"https:\/\/www.piris.com\/cataleg-de-productes\/regletas-para-circuito-impreso\/regletas-1-nivel\/sri52-a4#breadcrumb\"},\"inLanguage\":\"ca\",\"potentialAction\":[{\"@type\":\"ReadAction\",\"target\":[\"https:\/\/www.piris.com\/cataleg-de-productes\/regletas-para-circuito-impreso\/regletas-1-nivel\/sri52-a4\"]}]},{\"@type\":\"ImageObject\",\"inLanguage\":\"ca\",\"@id\":\"https:\/\/www.piris.com\/cataleg-de-productes\/regletas-para-circuito-impreso\/regletas-1-nivel\/sri52-a4#primaryimage\",\"url\":\"https:\/\/www.piris.com\/wp-content\/uploads\/SRI52-A4.jpg\",\"contentUrl\":\"https:\/\/www.piris.com\/wp-content\/uploads\/SRI52-A4.jpg\",\"width\":426,\"height\":400},{\"@type\":\"BreadcrumbList\",\"@id\":\"https:\/\/www.piris.com\/cataleg-de-productes\/regletas-para-circuito-impreso\/regletas-1-nivel\/sri52-a4#breadcrumb\",\"itemListElement\":[{\"@type\":\"ListItem\",\"position\":1,\"name\":\"Portada\",\"item\":\"https:\/\/www.piris.com\/ca\"},{\"@type\":\"ListItem\",\"position\":2,\"name\":\"Cat\u00e0leg de productes\",\"item\":\"https:\/\/www.piris.com\/ca\/cataleg-de-productes\"},{\"@type\":\"ListItem\",\"position\":3,\"name\":\"SRI52-A4\"}]},{\"@type\":\"WebSite\",\"@id\":\"https:\/\/www.piris.com\/#website\",\"url\":\"https:\/\/www.piris.com\/\",\"name\":\"Piris\",\"description\":\"Components el\u00e8ctrics, mec\u00e0nics i electr\u00f2nics\",\"publisher\":{\"@id\":\"https:\/\/www.piris.com\/#organization\"},\"potentialAction\":[{\"@type\":\"SearchAction\",\"target\":{\"@type\":\"EntryPoint\",\"urlTemplate\":\"https:\/\/www.piris.com\/?s={search_term_string}\"},\"query-input\":\"required name=search_term_string\"}],\"inLanguage\":\"ca\"},{\"@type\":\"Organization\",\"@id\":\"https:\/\/www.piris.com\/#organization\",\"name\":\"PIRIS\",\"url\":\"https:\/\/www.piris.com\/\",\"logo\":{\"@type\":\"ImageObject\",\"inLanguage\":\"ca\",\"@id\":\"https:\/\/www.piris.com\/#\/schema\/logo\/image\/\",\"url\":\"https:\/\/www.piris.com\/wp-content\/uploads\/29-PIRIS.png\",\"contentUrl\":\"https:\/\/www.piris.com\/wp-content\/uploads\/29-PIRIS.png\",\"width\":1280,\"height\":720,\"caption\":\"PIRIS\"},\"image\":{\"@id\":\"https:\/\/www.piris.com\/#\/schema\/logo\/image\/\"},\"sameAs\":[\"https:\/\/www.linkedin.com\/company\/piris\/\"]}]}<\/script>\n<!-- \/ Yoast SEO plugin. -->","yoast_head_json":{"title":"SRI52-A4 | Piris","robots":{"index":"index","follow":"follow","max-snippet":"max-snippet:-1","max-image-preview":"max-image-preview:large","max-video-preview":"max-video-preview:-1"},"canonical":"https:\/\/www.piris.com\/cataleg-de-productes\/regletas-para-circuito-impreso\/regletas-1-nivel\/sri52-a4","og_locale":"ca_ES","og_type":"article","og_title":"SRI52-A4 | Piris","og_description":"Pas 5,08 mmFitxa T\u00e8cnica SRI52-A4 5,08 mm","og_url":"https:\/\/www.piris.com\/cataleg-de-productes\/regletas-para-circuito-impreso\/regletas-1-nivel\/sri52-a4","og_site_name":"Piris","og_image":[{"width":426,"height":400,"url":"https:\/\/www.piris.com\/wp-content\/uploads\/SRI52-A4.jpg","type":"image\/jpeg"}],"twitter_card":"summary_large_image","schema":{"@context":"https:\/\/schema.org","@graph":[{"@type":"WebPage","@id":"https:\/\/www.piris.com\/cataleg-de-productes\/regletas-para-circuito-impreso\/regletas-1-nivel\/sri52-a4","url":"https:\/\/www.piris.com\/cataleg-de-productes\/regletas-para-circuito-impreso\/regletas-1-nivel\/sri52-a4","name":"SRI52-A4 | Piris","isPartOf":{"@id":"https:\/\/www.piris.com\/#website"},"primaryImageOfPage":{"@id":"https:\/\/www.piris.com\/cataleg-de-productes\/regletas-para-circuito-impreso\/regletas-1-nivel\/sri52-a4#primaryimage"},"image":{"@id":"https:\/\/www.piris.com\/cataleg-de-productes\/regletas-para-circuito-impreso\/regletas-1-nivel\/sri52-a4#primaryimage"},"thumbnailUrl":"https:\/\/www.piris.com\/wp-content\/uploads\/SRI52-A4.jpg","datePublished":"2016-02-24T10:29:39+00:00","dateModified":"2016-02-24T10:29:39+00:00","breadcrumb":{"@id":"https:\/\/www.piris.com\/cataleg-de-productes\/regletas-para-circuito-impreso\/regletas-1-nivel\/sri52-a4#breadcrumb"},"inLanguage":"ca","potentialAction":[{"@type":"ReadAction","target":["https:\/\/www.piris.com\/cataleg-de-productes\/regletas-para-circuito-impreso\/regletas-1-nivel\/sri52-a4"]}]},{"@type":"ImageObject","inLanguage":"ca","@id":"https:\/\/www.piris.com\/cataleg-de-productes\/regletas-para-circuito-impreso\/regletas-1-nivel\/sri52-a4#primaryimage","url":"https:\/\/www.piris.com\/wp-content\/uploads\/SRI52-A4.jpg","contentUrl":"https:\/\/www.piris.com\/wp-content\/uploads\/SRI52-A4.jpg","width":426,"height":400},{"@type":"BreadcrumbList","@id":"https:\/\/www.piris.com\/cataleg-de-productes\/regletas-para-circuito-impreso\/regletas-1-nivel\/sri52-a4#breadcrumb","itemListElement":[{"@type":"ListItem","position":1,"name":"Portada","item":"https:\/\/www.piris.com\/ca"},{"@type":"ListItem","position":2,"name":"Cat\u00e0leg de productes","item":"https:\/\/www.piris.com\/ca\/cataleg-de-productes"},{"@type":"ListItem","position":3,"name":"SRI52-A4"}]},{"@type":"WebSite","@id":"https:\/\/www.piris.com\/#website","url":"https:\/\/www.piris.com\/","name":"Piris","description":"Components el\u00e8ctrics, mec\u00e0nics i electr\u00f2nics","publisher":{"@id":"https:\/\/www.piris.com\/#organization"},"potentialAction":[{"@type":"SearchAction","target":{"@type":"EntryPoint","urlTemplate":"https:\/\/www.piris.com\/?s={search_term_string}"},"query-input":"required name=search_term_string"}],"inLanguage":"ca"},{"@type":"Organization","@id":"https:\/\/www.piris.com\/#organization","name":"PIRIS","url":"https:\/\/www.piris.com\/","logo":{"@type":"ImageObject","inLanguage":"ca","@id":"https:\/\/www.piris.com\/#\/schema\/logo\/image\/","url":"https:\/\/www.piris.com\/wp-content\/uploads\/29-PIRIS.png","contentUrl":"https:\/\/www.piris.com\/wp-content\/uploads\/29-PIRIS.png","width":1280,"height":720,"caption":"PIRIS"},"image":{"@id":"https:\/\/www.piris.com\/#\/schema\/logo\/image\/"},"sameAs":["https:\/\/www.linkedin.com\/company\/piris\/"]}]}},"_links":{"self":[{"href":"https:\/\/www.piris.com\/ca\/wp-json\/wp\/v2\/product\/11891"}],"collection":[{"href":"https:\/\/www.piris.com\/ca\/wp-json\/wp\/v2\/product"}],"about":[{"href":"https:\/\/www.piris.com\/ca\/wp-json\/wp\/v2\/types\/product"}],"replies":[{"embeddable":true,"href":"https:\/\/www.piris.com\/ca\/wp-json\/wp\/v2\/comments?post=11891"}],"wp:featuredmedia":[{"embeddable":true,"href":"https:\/\/www.piris.com\/ca\/wp-json\/wp\/v2\/media\/9165"}],"wp:attachment":[{"href":"https:\/\/www.piris.com\/ca\/wp-json\/wp\/v2\/media?parent=11891"}],"wp:term":[{"taxonomy":"product_cat","embeddable":true,"href":"https:\/\/www.piris.com\/ca\/wp-json\/wp\/v2\/product_cat?post=11891"},{"taxonomy":"product_tag","embeddable":true,"href":"https:\/\/www.piris.com\/ca\/wp-json\/wp\/v2\/product_tag?post=11891"}],"curies":[{"name":"wp","href":"https:\/\/api.w.org\/{rel}","templated":true}]}}