{"id":11905,"date":"2015-09-16T09:41:32","date_gmt":"2015-09-16T07:41:32","guid":{"rendered":"http:\/\/piris.com\/catalogo-de-productos\/n2gfaf-n2gfa-pulit-o-estanyat\/"},"modified":"2016-05-06T15:30:33","modified_gmt":"2016-05-06T13:30:33","slug":"n2gfaf-n2gfa-pulit-o-estanyat","status":"publish","type":"product","link":"https:\/\/www.piris.com\/ca\/cataleg-de-productes\/cables-electrics\/cables-silicona-ca\/n2gfaf-n2gfa-pulit-o-estanyat","title":{"rendered":"N2GFAF (N)2GFA (NU O ESTANYAT)"},"content":{"rendered":"","protected":false},"excerpt":{"rendered":"<p>Secci\u00f3 nominal: 1&#215;0,50 &#8211; 1&#215;2,50\u00a0mm\u00b2<br \/>Volts: 300\/300V<br \/>Temperatura: -60 +180 \u00baC<br \/>A\u00efllant: Silicona EI2<\/p>\n<p>Versions disponibles:<br \/>N2GFA (N) 2GFA: Cable unipolar r\u00edgid amb a\u00efllant de silicona.<br \/>N2GFAF (N) 2GFAF: Cable unipolar flexible amb a\u00efllant de silicona.<\/p>\n<p>COURE NU<\/p>\n<p><a href=\"http:\/\/piris.com\/wp-content\/uploads\/N2GFA-N2GFA-PULIDO.pdf\" rel=\"\">Fitxa T\u00e8cnica N2GFA (N)2GFA COURE NU<\/a><\/p>\n<p><a href=\"http:\/\/piris.com\/wp-content\/uploads\/N2GFAF-N2GFAF-COBRE-PULIDO.pdf\" rel=\"\">Fitxa T\u00e8cnica N2GFAF (N)2GFAF COURE NU<\/a><\/p>\n<p>COURE ESTANYAT<\/p>\n<p><a href=\"http:\/\/piris.com\/wp-content\/uploads\/N2GFA-N2GFA-COBRE-ESTA%C3%91ADO.pdf\" rel=\"\">Fitxa T\u00e8cnica N2GFA (N)2GFA COURE ESTANYAT<\/a><\/p>\n<p><a href=\"http:\/\/piris.com\/wp-content\/uploads\/N2GFAF-N2GFAF-ESTA%C3%91ADO-1.pdf\" rel=\"\">Fitxa T\u00e8cnica N2GFAF (N)2GFAF COURE ESTANYAT<\/a><\/p>\n","protected":false},"featured_media":6205,"comment_status":"closed","ping_status":"closed","template":"","meta":[],"product_cat":[309],"product_tag":[],"yoast_head":"<!-- This site is optimized with the Yoast SEO plugin v23.0 - https:\/\/yoast.com\/wordpress\/plugins\/seo\/ -->\n<title>N2GFAF (N)2GFA (NU O ESTANYAT) | Piris<\/title>\n<meta name=\"robots\" content=\"index, follow, max-snippet:-1, max-image-preview:large, max-video-preview:-1\" \/>\n<link rel=\"canonical\" href=\"https:\/\/www.piris.com\/cataleg-de-productes\/cables-electricos\/cables-silicona\/n2gfaf-n2gfa-2gfaf-2gfa\" \/>\n<meta property=\"og:locale\" content=\"ca_ES\" \/>\n<meta property=\"og:type\" content=\"article\" \/>\n<meta property=\"og:title\" content=\"N2GFAF (N)2GFA (NU O ESTANYAT) | Piris\" \/>\n<meta property=\"og:description\" content=\"Secci\u00f3 nominal: 1x0,50 - 1x2,50\u00a0mm\u00b2Volts: 300\/300VTemperatura: -60 +180 \u00baCA\u00efllant: Silicona EI2Versions disponibles:N2GFA (N) 2GFA: Cable unipolar r\u00edgid amb a\u00efllant de silicona.N2GFAF (N) 2GFAF: Cable unipolar flexible amb a\u00efllant de silicona.COURE NUFitxa T\u00e8cnica N2GFA (N)2GFA COURE NUFitxa T\u00e8cnica N2GFAF (N)2GFAF COURE NUCOURE ESTANYATFitxa T\u00e8cnica N2GFA (N)2GFA COURE ESTANYATFitxa T\u00e8cnica N2GFAF (N)2GFAF COURE ESTANYAT\" \/>\n<meta property=\"og:url\" content=\"https:\/\/www.piris.com\/cataleg-de-productes\/cables-electricos\/cables-silicona\/n2gfaf-n2gfa-2gfaf-2gfa\" \/>\n<meta property=\"og:site_name\" content=\"Piris\" \/>\n<meta property=\"article:modified_time\" content=\"2016-05-06T13:30:33+00:00\" \/>\n<meta property=\"og:image\" content=\"https:\/\/www.piris.com\/wp-content\/uploads\/N2GFAF.jpg\" \/>\n\t<meta property=\"og:image:width\" content=\"412\" \/>\n\t<meta property=\"og:image:height\" content=\"400\" \/>\n\t<meta property=\"og:image:type\" content=\"image\/jpeg\" \/>\n<meta name=\"twitter:card\" content=\"summary_large_image\" \/>\n<script type=\"application\/ld+json\" class=\"yoast-schema-graph\">{\"@context\":\"https:\/\/schema.org\",\"@graph\":[{\"@type\":\"WebPage\",\"@id\":\"https:\/\/www.piris.com\/cataleg-de-productes\/cables-electricos\/cables-silicona\/n2gfaf-n2gfa-2gfaf-2gfa\",\"url\":\"https:\/\/www.piris.com\/cataleg-de-productes\/cables-electricos\/cables-silicona\/n2gfaf-n2gfa-2gfaf-2gfa\",\"name\":\"N2GFAF (N)2GFA (NU O ESTANYAT) | Piris\",\"isPartOf\":{\"@id\":\"https:\/\/www.piris.com\/#website\"},\"primaryImageOfPage\":{\"@id\":\"https:\/\/www.piris.com\/cataleg-de-productes\/cables-electricos\/cables-silicona\/n2gfaf-n2gfa-2gfaf-2gfa#primaryimage\"},\"image\":{\"@id\":\"https:\/\/www.piris.com\/cataleg-de-productes\/cables-electricos\/cables-silicona\/n2gfaf-n2gfa-2gfaf-2gfa#primaryimage\"},\"thumbnailUrl\":\"https:\/\/www.piris.com\/wp-content\/uploads\/N2GFAF.jpg\",\"datePublished\":\"2015-09-16T07:41:32+00:00\",\"dateModified\":\"2016-05-06T13:30:33+00:00\",\"breadcrumb\":{\"@id\":\"https:\/\/www.piris.com\/cataleg-de-productes\/cables-electricos\/cables-silicona\/n2gfaf-n2gfa-2gfaf-2gfa#breadcrumb\"},\"inLanguage\":\"ca\",\"potentialAction\":[{\"@type\":\"ReadAction\",\"target\":[\"https:\/\/www.piris.com\/cataleg-de-productes\/cables-electricos\/cables-silicona\/n2gfaf-n2gfa-2gfaf-2gfa\"]}]},{\"@type\":\"ImageObject\",\"inLanguage\":\"ca\",\"@id\":\"https:\/\/www.piris.com\/cataleg-de-productes\/cables-electricos\/cables-silicona\/n2gfaf-n2gfa-2gfaf-2gfa#primaryimage\",\"url\":\"https:\/\/www.piris.com\/wp-content\/uploads\/N2GFAF.jpg\",\"contentUrl\":\"https:\/\/www.piris.com\/wp-content\/uploads\/N2GFAF.jpg\",\"width\":412,\"height\":400},{\"@type\":\"BreadcrumbList\",\"@id\":\"https:\/\/www.piris.com\/cataleg-de-productes\/cables-electricos\/cables-silicona\/n2gfaf-n2gfa-2gfaf-2gfa#breadcrumb\",\"itemListElement\":[{\"@type\":\"ListItem\",\"position\":1,\"name\":\"Portada\",\"item\":\"https:\/\/www.piris.com\/ca\"},{\"@type\":\"ListItem\",\"position\":2,\"name\":\"Cat\u00e0leg de productes\",\"item\":\"https:\/\/www.piris.com\/ca\/cataleg-de-productes\"},{\"@type\":\"ListItem\",\"position\":3,\"name\":\"N2GFAF (N)2GFA (NU O ESTANYAT)\"}]},{\"@type\":\"WebSite\",\"@id\":\"https:\/\/www.piris.com\/#website\",\"url\":\"https:\/\/www.piris.com\/\",\"name\":\"Piris\",\"description\":\"Components el\u00e8ctrics, mec\u00e0nics i electr\u00f2nics\",\"publisher\":{\"@id\":\"https:\/\/www.piris.com\/#organization\"},\"potentialAction\":[{\"@type\":\"SearchAction\",\"target\":{\"@type\":\"EntryPoint\",\"urlTemplate\":\"https:\/\/www.piris.com\/?s={search_term_string}\"},\"query-input\":\"required name=search_term_string\"}],\"inLanguage\":\"ca\"},{\"@type\":\"Organization\",\"@id\":\"https:\/\/www.piris.com\/#organization\",\"name\":\"PIRIS\",\"url\":\"https:\/\/www.piris.com\/\",\"logo\":{\"@type\":\"ImageObject\",\"inLanguage\":\"ca\",\"@id\":\"https:\/\/www.piris.com\/#\/schema\/logo\/image\/\",\"url\":\"https:\/\/www.piris.com\/wp-content\/uploads\/29-PIRIS.png\",\"contentUrl\":\"https:\/\/www.piris.com\/wp-content\/uploads\/29-PIRIS.png\",\"width\":1280,\"height\":720,\"caption\":\"PIRIS\"},\"image\":{\"@id\":\"https:\/\/www.piris.com\/#\/schema\/logo\/image\/\"},\"sameAs\":[\"https:\/\/www.linkedin.com\/company\/piris\/\"]}]}<\/script>\n<!-- \/ Yoast SEO plugin. -->","yoast_head_json":{"title":"N2GFAF (N)2GFA (NU O ESTANYAT) | Piris","robots":{"index":"index","follow":"follow","max-snippet":"max-snippet:-1","max-image-preview":"max-image-preview:large","max-video-preview":"max-video-preview:-1"},"canonical":"https:\/\/www.piris.com\/cataleg-de-productes\/cables-electricos\/cables-silicona\/n2gfaf-n2gfa-2gfaf-2gfa","og_locale":"ca_ES","og_type":"article","og_title":"N2GFAF (N)2GFA (NU O ESTANYAT) | Piris","og_description":"Secci\u00f3 nominal: 1x0,50 - 1x2,50\u00a0mm\u00b2Volts: 300\/300VTemperatura: -60 +180 \u00baCA\u00efllant: Silicona EI2Versions disponibles:N2GFA (N) 2GFA: Cable unipolar r\u00edgid amb a\u00efllant de silicona.N2GFAF (N) 2GFAF: Cable unipolar flexible amb a\u00efllant de silicona.COURE NUFitxa T\u00e8cnica N2GFA (N)2GFA COURE NUFitxa T\u00e8cnica N2GFAF (N)2GFAF COURE NUCOURE ESTANYATFitxa T\u00e8cnica N2GFA (N)2GFA COURE ESTANYATFitxa T\u00e8cnica N2GFAF (N)2GFAF COURE ESTANYAT","og_url":"https:\/\/www.piris.com\/cataleg-de-productes\/cables-electricos\/cables-silicona\/n2gfaf-n2gfa-2gfaf-2gfa","og_site_name":"Piris","article_modified_time":"2016-05-06T13:30:33+00:00","og_image":[{"width":412,"height":400,"url":"https:\/\/www.piris.com\/wp-content\/uploads\/N2GFAF.jpg","type":"image\/jpeg"}],"twitter_card":"summary_large_image","schema":{"@context":"https:\/\/schema.org","@graph":[{"@type":"WebPage","@id":"https:\/\/www.piris.com\/cataleg-de-productes\/cables-electricos\/cables-silicona\/n2gfaf-n2gfa-2gfaf-2gfa","url":"https:\/\/www.piris.com\/cataleg-de-productes\/cables-electricos\/cables-silicona\/n2gfaf-n2gfa-2gfaf-2gfa","name":"N2GFAF (N)2GFA (NU O ESTANYAT) | Piris","isPartOf":{"@id":"https:\/\/www.piris.com\/#website"},"primaryImageOfPage":{"@id":"https:\/\/www.piris.com\/cataleg-de-productes\/cables-electricos\/cables-silicona\/n2gfaf-n2gfa-2gfaf-2gfa#primaryimage"},"image":{"@id":"https:\/\/www.piris.com\/cataleg-de-productes\/cables-electricos\/cables-silicona\/n2gfaf-n2gfa-2gfaf-2gfa#primaryimage"},"thumbnailUrl":"https:\/\/www.piris.com\/wp-content\/uploads\/N2GFAF.jpg","datePublished":"2015-09-16T07:41:32+00:00","dateModified":"2016-05-06T13:30:33+00:00","breadcrumb":{"@id":"https:\/\/www.piris.com\/cataleg-de-productes\/cables-electricos\/cables-silicona\/n2gfaf-n2gfa-2gfaf-2gfa#breadcrumb"},"inLanguage":"ca","potentialAction":[{"@type":"ReadAction","target":["https:\/\/www.piris.com\/cataleg-de-productes\/cables-electricos\/cables-silicona\/n2gfaf-n2gfa-2gfaf-2gfa"]}]},{"@type":"ImageObject","inLanguage":"ca","@id":"https:\/\/www.piris.com\/cataleg-de-productes\/cables-electricos\/cables-silicona\/n2gfaf-n2gfa-2gfaf-2gfa#primaryimage","url":"https:\/\/www.piris.com\/wp-content\/uploads\/N2GFAF.jpg","contentUrl":"https:\/\/www.piris.com\/wp-content\/uploads\/N2GFAF.jpg","width":412,"height":400},{"@type":"BreadcrumbList","@id":"https:\/\/www.piris.com\/cataleg-de-productes\/cables-electricos\/cables-silicona\/n2gfaf-n2gfa-2gfaf-2gfa#breadcrumb","itemListElement":[{"@type":"ListItem","position":1,"name":"Portada","item":"https:\/\/www.piris.com\/ca"},{"@type":"ListItem","position":2,"name":"Cat\u00e0leg de productes","item":"https:\/\/www.piris.com\/ca\/cataleg-de-productes"},{"@type":"ListItem","position":3,"name":"N2GFAF (N)2GFA (NU O ESTANYAT)"}]},{"@type":"WebSite","@id":"https:\/\/www.piris.com\/#website","url":"https:\/\/www.piris.com\/","name":"Piris","description":"Components el\u00e8ctrics, mec\u00e0nics i electr\u00f2nics","publisher":{"@id":"https:\/\/www.piris.com\/#organization"},"potentialAction":[{"@type":"SearchAction","target":{"@type":"EntryPoint","urlTemplate":"https:\/\/www.piris.com\/?s={search_term_string}"},"query-input":"required name=search_term_string"}],"inLanguage":"ca"},{"@type":"Organization","@id":"https:\/\/www.piris.com\/#organization","name":"PIRIS","url":"https:\/\/www.piris.com\/","logo":{"@type":"ImageObject","inLanguage":"ca","@id":"https:\/\/www.piris.com\/#\/schema\/logo\/image\/","url":"https:\/\/www.piris.com\/wp-content\/uploads\/29-PIRIS.png","contentUrl":"https:\/\/www.piris.com\/wp-content\/uploads\/29-PIRIS.png","width":1280,"height":720,"caption":"PIRIS"},"image":{"@id":"https:\/\/www.piris.com\/#\/schema\/logo\/image\/"},"sameAs":["https:\/\/www.linkedin.com\/company\/piris\/"]}]}},"_links":{"self":[{"href":"https:\/\/www.piris.com\/ca\/wp-json\/wp\/v2\/product\/11905"}],"collection":[{"href":"https:\/\/www.piris.com\/ca\/wp-json\/wp\/v2\/product"}],"about":[{"href":"https:\/\/www.piris.com\/ca\/wp-json\/wp\/v2\/types\/product"}],"replies":[{"embeddable":true,"href":"https:\/\/www.piris.com\/ca\/wp-json\/wp\/v2\/comments?post=11905"}],"wp:featuredmedia":[{"embeddable":true,"href":"https:\/\/www.piris.com\/ca\/wp-json\/wp\/v2\/media\/6205"}],"wp:attachment":[{"href":"https:\/\/www.piris.com\/ca\/wp-json\/wp\/v2\/media?parent=11905"}],"wp:term":[{"taxonomy":"product_cat","embeddable":true,"href":"https:\/\/www.piris.com\/ca\/wp-json\/wp\/v2\/product_cat?post=11905"},{"taxonomy":"product_tag","embeddable":true,"href":"https:\/\/www.piris.com\/ca\/wp-json\/wp\/v2\/product_tag?post=11905"}],"curies":[{"name":"wp","href":"https:\/\/api.w.org\/{rel}","templated":true}]}}