{"id":12060,"date":"2016-02-22T08:07:45","date_gmt":"2016-02-22T07:07:45","guid":{"rendered":"http:\/\/piris.com\/catalogo-de-productos\/sin categorizar\/ld08-2\/"},"modified":"2016-02-22T08:07:45","modified_gmt":"2016-02-22T07:07:45","slug":"ld08-2","status":"publish","type":"product","link":"https:\/\/www.piris.com\/ca\/cataleg-de-productes\/senyaladors-lluminosos-pilots\/pilots-led\/pilots-serie-ld\/ld08-2","title":{"rendered":"LD\/08"},"content":{"rendered":"","protected":false},"excerpt":{"rendered":"<p>\u00a0<a href=\"http:\/\/piris.com\/wp-content\/uploads\/ld08.pdf\" rel=\"\">Fitxa T\u00e8cnica LD\/08<\/a><\/p>\n","protected":false},"featured_media":8412,"comment_status":"closed","ping_status":"closed","template":"","meta":[],"product_cat":[535],"product_tag":[],"yoast_head":"<!-- This site is optimized with the Yoast SEO plugin v23.0 - https:\/\/yoast.com\/wordpress\/plugins\/seo\/ -->\n<title>LD\/08 | Piris<\/title>\n<meta name=\"robots\" content=\"index, follow, max-snippet:-1, max-image-preview:large, max-video-preview:-1\" \/>\n<link rel=\"canonical\" href=\"https:\/\/www.piris.com\/cataleg-de-productes\/senalizadores-luminosos\/pilotos-led\/pilotos-ld-series\/ld08\" \/>\n<meta property=\"og:locale\" content=\"ca_ES\" \/>\n<meta property=\"og:type\" content=\"article\" \/>\n<meta property=\"og:title\" content=\"LD\/08 | Piris\" \/>\n<meta property=\"og:description\" content=\"\u00a0Fitxa T\u00e8cnica LD\/08\" \/>\n<meta property=\"og:url\" content=\"https:\/\/www.piris.com\/cataleg-de-productes\/senalizadores-luminosos\/pilotos-led\/pilotos-ld-series\/ld08\" \/>\n<meta property=\"og:site_name\" content=\"Piris\" \/>\n<meta property=\"og:image\" content=\"https:\/\/www.piris.com\/wp-content\/uploads\/LD-08.jpg\" \/>\n\t<meta property=\"og:image:width\" content=\"452\" \/>\n\t<meta property=\"og:image:height\" content=\"427\" \/>\n\t<meta property=\"og:image:type\" content=\"image\/jpeg\" \/>\n<meta name=\"twitter:card\" content=\"summary_large_image\" \/>\n<script type=\"application\/ld+json\" class=\"yoast-schema-graph\">{\"@context\":\"https:\/\/schema.org\",\"@graph\":[{\"@type\":\"WebPage\",\"@id\":\"https:\/\/www.piris.com\/cataleg-de-productes\/senalizadores-luminosos\/pilotos-led\/pilotos-ld-series\/ld08\",\"url\":\"https:\/\/www.piris.com\/cataleg-de-productes\/senalizadores-luminosos\/pilotos-led\/pilotos-ld-series\/ld08\",\"name\":\"LD\/08 | Piris\",\"isPartOf\":{\"@id\":\"https:\/\/www.piris.com\/#website\"},\"primaryImageOfPage\":{\"@id\":\"https:\/\/www.piris.com\/cataleg-de-productes\/senalizadores-luminosos\/pilotos-led\/pilotos-ld-series\/ld08#primaryimage\"},\"image\":{\"@id\":\"https:\/\/www.piris.com\/cataleg-de-productes\/senalizadores-luminosos\/pilotos-led\/pilotos-ld-series\/ld08#primaryimage\"},\"thumbnailUrl\":\"https:\/\/www.piris.com\/wp-content\/uploads\/LD-08.jpg\",\"datePublished\":\"2016-02-22T07:07:45+00:00\",\"dateModified\":\"2016-02-22T07:07:45+00:00\",\"breadcrumb\":{\"@id\":\"https:\/\/www.piris.com\/cataleg-de-productes\/senalizadores-luminosos\/pilotos-led\/pilotos-ld-series\/ld08#breadcrumb\"},\"inLanguage\":\"ca\",\"potentialAction\":[{\"@type\":\"ReadAction\",\"target\":[\"https:\/\/www.piris.com\/cataleg-de-productes\/senalizadores-luminosos\/pilotos-led\/pilotos-ld-series\/ld08\"]}]},{\"@type\":\"ImageObject\",\"inLanguage\":\"ca\",\"@id\":\"https:\/\/www.piris.com\/cataleg-de-productes\/senalizadores-luminosos\/pilotos-led\/pilotos-ld-series\/ld08#primaryimage\",\"url\":\"https:\/\/www.piris.com\/wp-content\/uploads\/LD-08.jpg\",\"contentUrl\":\"https:\/\/www.piris.com\/wp-content\/uploads\/LD-08.jpg\",\"width\":452,\"height\":427},{\"@type\":\"BreadcrumbList\",\"@id\":\"https:\/\/www.piris.com\/cataleg-de-productes\/senalizadores-luminosos\/pilotos-led\/pilotos-ld-series\/ld08#breadcrumb\",\"itemListElement\":[{\"@type\":\"ListItem\",\"position\":1,\"name\":\"Portada\",\"item\":\"https:\/\/www.piris.com\/ca\"},{\"@type\":\"ListItem\",\"position\":2,\"name\":\"Cat\u00e0leg de productes\",\"item\":\"https:\/\/www.piris.com\/ca\/cataleg-de-productes\"},{\"@type\":\"ListItem\",\"position\":3,\"name\":\"LD\/08\"}]},{\"@type\":\"WebSite\",\"@id\":\"https:\/\/www.piris.com\/#website\",\"url\":\"https:\/\/www.piris.com\/\",\"name\":\"Piris\",\"description\":\"Components el\u00e8ctrics, mec\u00e0nics i electr\u00f2nics\",\"publisher\":{\"@id\":\"https:\/\/www.piris.com\/#organization\"},\"potentialAction\":[{\"@type\":\"SearchAction\",\"target\":{\"@type\":\"EntryPoint\",\"urlTemplate\":\"https:\/\/www.piris.com\/?s={search_term_string}\"},\"query-input\":\"required name=search_term_string\"}],\"inLanguage\":\"ca\"},{\"@type\":\"Organization\",\"@id\":\"https:\/\/www.piris.com\/#organization\",\"name\":\"PIRIS\",\"url\":\"https:\/\/www.piris.com\/\",\"logo\":{\"@type\":\"ImageObject\",\"inLanguage\":\"ca\",\"@id\":\"https:\/\/www.piris.com\/#\/schema\/logo\/image\/\",\"url\":\"https:\/\/www.piris.com\/wp-content\/uploads\/29-PIRIS.png\",\"contentUrl\":\"https:\/\/www.piris.com\/wp-content\/uploads\/29-PIRIS.png\",\"width\":1280,\"height\":720,\"caption\":\"PIRIS\"},\"image\":{\"@id\":\"https:\/\/www.piris.com\/#\/schema\/logo\/image\/\"},\"sameAs\":[\"https:\/\/www.linkedin.com\/company\/piris\/\"]}]}<\/script>\n<!-- \/ Yoast SEO plugin. -->","yoast_head_json":{"title":"LD\/08 | Piris","robots":{"index":"index","follow":"follow","max-snippet":"max-snippet:-1","max-image-preview":"max-image-preview:large","max-video-preview":"max-video-preview:-1"},"canonical":"https:\/\/www.piris.com\/cataleg-de-productes\/senalizadores-luminosos\/pilotos-led\/pilotos-ld-series\/ld08","og_locale":"ca_ES","og_type":"article","og_title":"LD\/08 | Piris","og_description":"\u00a0Fitxa T\u00e8cnica LD\/08","og_url":"https:\/\/www.piris.com\/cataleg-de-productes\/senalizadores-luminosos\/pilotos-led\/pilotos-ld-series\/ld08","og_site_name":"Piris","og_image":[{"width":452,"height":427,"url":"https:\/\/www.piris.com\/wp-content\/uploads\/LD-08.jpg","type":"image\/jpeg"}],"twitter_card":"summary_large_image","schema":{"@context":"https:\/\/schema.org","@graph":[{"@type":"WebPage","@id":"https:\/\/www.piris.com\/cataleg-de-productes\/senalizadores-luminosos\/pilotos-led\/pilotos-ld-series\/ld08","url":"https:\/\/www.piris.com\/cataleg-de-productes\/senalizadores-luminosos\/pilotos-led\/pilotos-ld-series\/ld08","name":"LD\/08 | Piris","isPartOf":{"@id":"https:\/\/www.piris.com\/#website"},"primaryImageOfPage":{"@id":"https:\/\/www.piris.com\/cataleg-de-productes\/senalizadores-luminosos\/pilotos-led\/pilotos-ld-series\/ld08#primaryimage"},"image":{"@id":"https:\/\/www.piris.com\/cataleg-de-productes\/senalizadores-luminosos\/pilotos-led\/pilotos-ld-series\/ld08#primaryimage"},"thumbnailUrl":"https:\/\/www.piris.com\/wp-content\/uploads\/LD-08.jpg","datePublished":"2016-02-22T07:07:45+00:00","dateModified":"2016-02-22T07:07:45+00:00","breadcrumb":{"@id":"https:\/\/www.piris.com\/cataleg-de-productes\/senalizadores-luminosos\/pilotos-led\/pilotos-ld-series\/ld08#breadcrumb"},"inLanguage":"ca","potentialAction":[{"@type":"ReadAction","target":["https:\/\/www.piris.com\/cataleg-de-productes\/senalizadores-luminosos\/pilotos-led\/pilotos-ld-series\/ld08"]}]},{"@type":"ImageObject","inLanguage":"ca","@id":"https:\/\/www.piris.com\/cataleg-de-productes\/senalizadores-luminosos\/pilotos-led\/pilotos-ld-series\/ld08#primaryimage","url":"https:\/\/www.piris.com\/wp-content\/uploads\/LD-08.jpg","contentUrl":"https:\/\/www.piris.com\/wp-content\/uploads\/LD-08.jpg","width":452,"height":427},{"@type":"BreadcrumbList","@id":"https:\/\/www.piris.com\/cataleg-de-productes\/senalizadores-luminosos\/pilotos-led\/pilotos-ld-series\/ld08#breadcrumb","itemListElement":[{"@type":"ListItem","position":1,"name":"Portada","item":"https:\/\/www.piris.com\/ca"},{"@type":"ListItem","position":2,"name":"Cat\u00e0leg de productes","item":"https:\/\/www.piris.com\/ca\/cataleg-de-productes"},{"@type":"ListItem","position":3,"name":"LD\/08"}]},{"@type":"WebSite","@id":"https:\/\/www.piris.com\/#website","url":"https:\/\/www.piris.com\/","name":"Piris","description":"Components el\u00e8ctrics, mec\u00e0nics i electr\u00f2nics","publisher":{"@id":"https:\/\/www.piris.com\/#organization"},"potentialAction":[{"@type":"SearchAction","target":{"@type":"EntryPoint","urlTemplate":"https:\/\/www.piris.com\/?s={search_term_string}"},"query-input":"required name=search_term_string"}],"inLanguage":"ca"},{"@type":"Organization","@id":"https:\/\/www.piris.com\/#organization","name":"PIRIS","url":"https:\/\/www.piris.com\/","logo":{"@type":"ImageObject","inLanguage":"ca","@id":"https:\/\/www.piris.com\/#\/schema\/logo\/image\/","url":"https:\/\/www.piris.com\/wp-content\/uploads\/29-PIRIS.png","contentUrl":"https:\/\/www.piris.com\/wp-content\/uploads\/29-PIRIS.png","width":1280,"height":720,"caption":"PIRIS"},"image":{"@id":"https:\/\/www.piris.com\/#\/schema\/logo\/image\/"},"sameAs":["https:\/\/www.linkedin.com\/company\/piris\/"]}]}},"_links":{"self":[{"href":"https:\/\/www.piris.com\/ca\/wp-json\/wp\/v2\/product\/12060"}],"collection":[{"href":"https:\/\/www.piris.com\/ca\/wp-json\/wp\/v2\/product"}],"about":[{"href":"https:\/\/www.piris.com\/ca\/wp-json\/wp\/v2\/types\/product"}],"replies":[{"embeddable":true,"href":"https:\/\/www.piris.com\/ca\/wp-json\/wp\/v2\/comments?post=12060"}],"wp:featuredmedia":[{"embeddable":true,"href":"https:\/\/www.piris.com\/ca\/wp-json\/wp\/v2\/media\/8412"}],"wp:attachment":[{"href":"https:\/\/www.piris.com\/ca\/wp-json\/wp\/v2\/media?parent=12060"}],"wp:term":[{"taxonomy":"product_cat","embeddable":true,"href":"https:\/\/www.piris.com\/ca\/wp-json\/wp\/v2\/product_cat?post=12060"},{"taxonomy":"product_tag","embeddable":true,"href":"https:\/\/www.piris.com\/ca\/wp-json\/wp\/v2\/product_tag?post=12060"}],"curies":[{"name":"wp","href":"https:\/\/api.w.org\/{rel}","templated":true}]}}