{"id":12289,"date":"2016-01-27T14:43:21","date_gmt":"2016-01-27T13:43:21","guid":{"rendered":"http:\/\/piris.com\/catalogo-de-productos\/sin%20categorizar\/eb-aquaflex-type-07-2\/"},"modified":"2016-05-05T16:22:46","modified_gmt":"2016-05-05T14:22:46","slug":"eb-aquaflex-type-07-2","status":"publish","type":"product","link":"https:\/\/www.piris.com\/ca\/cataleg-de-productes\/cables-electrics\/cables-goma-ca\/eb-aquaflex-type-07-2","title":{"rendered":"EB AQUAFLEX type 07"},"content":{"rendered":"","protected":false},"excerpt":{"rendered":"<p><strong>Cable per a aplicacions en aigua potable<\/strong><\/p>\n<p>Secci\u00f3: 2&#215;1,50 &#8211; 5G16 mm\u00b2<\/p>\n<p>Voltatge: 450\/750 V<\/p>\n<p>Temperatura: -25 +60 \u00baC<\/p>\n<p>A\u00efllant: EPDM \u00a0<\/p>\n<p><a href=\"http:\/\/piris.com\/wp-content\/uploads\/EB-AQUAFLEX-type-07.pdf\" rel=\"\">Fitxa T\u00e8cnica EB AQUAFLEX type 07<\/a><\/p>\n","protected":false},"featured_media":6326,"comment_status":"closed","ping_status":"closed","template":"","meta":[],"product_cat":[307],"product_tag":[],"yoast_head":"<!-- This site is optimized with the Yoast SEO plugin v23.0 - https:\/\/yoast.com\/wordpress\/plugins\/seo\/ -->\n<title>EB AQUAFLEX type 07 | Piris<\/title>\n<meta name=\"robots\" content=\"index, follow, max-snippet:-1, max-image-preview:large, max-video-preview:-1\" \/>\n<link rel=\"canonical\" href=\"https:\/\/www.piris.com\/ca\/cataleg-de-productes\/cables-electrics\/cables-goma-ca\/eb-aquaflex-type-07-2\" \/>\n<meta property=\"og:locale\" content=\"ca_ES\" \/>\n<meta property=\"og:type\" content=\"article\" \/>\n<meta property=\"og:title\" content=\"EB AQUAFLEX type 07 | Piris\" \/>\n<meta property=\"og:description\" content=\"Cable per a aplicacions en aigua potableSecci\u00f3: 2x1,50 - 5G16 mm\u00b2Voltatge: 450\/750 VTemperatura: -25 +60 \u00baCA\u00efllant: EPDM \u00a0Fitxa T\u00e8cnica EB AQUAFLEX type 07\" \/>\n<meta property=\"og:url\" content=\"https:\/\/www.piris.com\/ca\/cataleg-de-productes\/cables-electrics\/cables-goma-ca\/eb-aquaflex-type-07-2\" \/>\n<meta property=\"og:site_name\" content=\"Piris\" \/>\n<meta property=\"article:modified_time\" content=\"2016-05-05T14:22:46+00:00\" \/>\n<meta property=\"og:image\" content=\"https:\/\/www.piris.com\/wp-content\/uploads\/EB-AQUAFLEX-type-07.jpg\" \/>\n\t<meta property=\"og:image:width\" content=\"400\" \/>\n\t<meta property=\"og:image:height\" content=\"400\" \/>\n\t<meta property=\"og:image:type\" content=\"image\/jpeg\" \/>\n<meta name=\"twitter:card\" content=\"summary_large_image\" \/>\n<script type=\"application\/ld+json\" class=\"yoast-schema-graph\">{\"@context\":\"https:\/\/schema.org\",\"@graph\":[{\"@type\":\"WebPage\",\"@id\":\"https:\/\/www.piris.com\/ca\/cataleg-de-productes\/cables-electrics\/cables-goma-ca\/eb-aquaflex-type-07-2\",\"url\":\"https:\/\/www.piris.com\/ca\/cataleg-de-productes\/cables-electrics\/cables-goma-ca\/eb-aquaflex-type-07-2\",\"name\":\"EB AQUAFLEX type 07 | Piris\",\"isPartOf\":{\"@id\":\"https:\/\/www.piris.com\/#website\"},\"primaryImageOfPage\":{\"@id\":\"https:\/\/www.piris.com\/ca\/cataleg-de-productes\/cables-electrics\/cables-goma-ca\/eb-aquaflex-type-07-2#primaryimage\"},\"image\":{\"@id\":\"https:\/\/www.piris.com\/ca\/cataleg-de-productes\/cables-electrics\/cables-goma-ca\/eb-aquaflex-type-07-2#primaryimage\"},\"thumbnailUrl\":\"https:\/\/www.piris.com\/wp-content\/uploads\/EB-AQUAFLEX-type-07.jpg\",\"datePublished\":\"2016-01-27T13:43:21+00:00\",\"dateModified\":\"2016-05-05T14:22:46+00:00\",\"breadcrumb\":{\"@id\":\"https:\/\/www.piris.com\/ca\/cataleg-de-productes\/cables-electrics\/cables-goma-ca\/eb-aquaflex-type-07-2#breadcrumb\"},\"inLanguage\":\"ca\",\"potentialAction\":[{\"@type\":\"ReadAction\",\"target\":[\"https:\/\/www.piris.com\/ca\/cataleg-de-productes\/cables-electrics\/cables-goma-ca\/eb-aquaflex-type-07-2\"]}]},{\"@type\":\"ImageObject\",\"inLanguage\":\"ca\",\"@id\":\"https:\/\/www.piris.com\/ca\/cataleg-de-productes\/cables-electrics\/cables-goma-ca\/eb-aquaflex-type-07-2#primaryimage\",\"url\":\"https:\/\/www.piris.com\/wp-content\/uploads\/EB-AQUAFLEX-type-07.jpg\",\"contentUrl\":\"https:\/\/www.piris.com\/wp-content\/uploads\/EB-AQUAFLEX-type-07.jpg\",\"width\":400,\"height\":400},{\"@type\":\"BreadcrumbList\",\"@id\":\"https:\/\/www.piris.com\/ca\/cataleg-de-productes\/cables-electrics\/cables-goma-ca\/eb-aquaflex-type-07-2#breadcrumb\",\"itemListElement\":[{\"@type\":\"ListItem\",\"position\":1,\"name\":\"Portada\",\"item\":\"https:\/\/www.piris.com\/ca\"},{\"@type\":\"ListItem\",\"position\":2,\"name\":\"Cat\u00e0leg de productes\",\"item\":\"https:\/\/www.piris.com\/ca\/cataleg-de-productes\"},{\"@type\":\"ListItem\",\"position\":3,\"name\":\"EB AQUAFLEX type 07\"}]},{\"@type\":\"WebSite\",\"@id\":\"https:\/\/www.piris.com\/#website\",\"url\":\"https:\/\/www.piris.com\/\",\"name\":\"Piris\",\"description\":\"Components el\u00e8ctrics, mec\u00e0nics i electr\u00f2nics\",\"publisher\":{\"@id\":\"https:\/\/www.piris.com\/#organization\"},\"potentialAction\":[{\"@type\":\"SearchAction\",\"target\":{\"@type\":\"EntryPoint\",\"urlTemplate\":\"https:\/\/www.piris.com\/?s={search_term_string}\"},\"query-input\":\"required name=search_term_string\"}],\"inLanguage\":\"ca\"},{\"@type\":\"Organization\",\"@id\":\"https:\/\/www.piris.com\/#organization\",\"name\":\"PIRIS\",\"url\":\"https:\/\/www.piris.com\/\",\"logo\":{\"@type\":\"ImageObject\",\"inLanguage\":\"ca\",\"@id\":\"https:\/\/www.piris.com\/#\/schema\/logo\/image\/\",\"url\":\"https:\/\/www.piris.com\/wp-content\/uploads\/29-PIRIS.png\",\"contentUrl\":\"https:\/\/www.piris.com\/wp-content\/uploads\/29-PIRIS.png\",\"width\":1280,\"height\":720,\"caption\":\"PIRIS\"},\"image\":{\"@id\":\"https:\/\/www.piris.com\/#\/schema\/logo\/image\/\"},\"sameAs\":[\"https:\/\/www.linkedin.com\/company\/piris\/\"]}]}<\/script>\n<!-- \/ Yoast SEO plugin. -->","yoast_head_json":{"title":"EB AQUAFLEX type 07 | Piris","robots":{"index":"index","follow":"follow","max-snippet":"max-snippet:-1","max-image-preview":"max-image-preview:large","max-video-preview":"max-video-preview:-1"},"canonical":"https:\/\/www.piris.com\/ca\/cataleg-de-productes\/cables-electrics\/cables-goma-ca\/eb-aquaflex-type-07-2","og_locale":"ca_ES","og_type":"article","og_title":"EB AQUAFLEX type 07 | Piris","og_description":"Cable per a aplicacions en aigua potableSecci\u00f3: 2x1,50 - 5G16 mm\u00b2Voltatge: 450\/750 VTemperatura: -25 +60 \u00baCA\u00efllant: EPDM \u00a0Fitxa T\u00e8cnica EB AQUAFLEX type 07","og_url":"https:\/\/www.piris.com\/ca\/cataleg-de-productes\/cables-electrics\/cables-goma-ca\/eb-aquaflex-type-07-2","og_site_name":"Piris","article_modified_time":"2016-05-05T14:22:46+00:00","og_image":[{"width":400,"height":400,"url":"https:\/\/www.piris.com\/wp-content\/uploads\/EB-AQUAFLEX-type-07.jpg","type":"image\/jpeg"}],"twitter_card":"summary_large_image","schema":{"@context":"https:\/\/schema.org","@graph":[{"@type":"WebPage","@id":"https:\/\/www.piris.com\/ca\/cataleg-de-productes\/cables-electrics\/cables-goma-ca\/eb-aquaflex-type-07-2","url":"https:\/\/www.piris.com\/ca\/cataleg-de-productes\/cables-electrics\/cables-goma-ca\/eb-aquaflex-type-07-2","name":"EB AQUAFLEX type 07 | Piris","isPartOf":{"@id":"https:\/\/www.piris.com\/#website"},"primaryImageOfPage":{"@id":"https:\/\/www.piris.com\/ca\/cataleg-de-productes\/cables-electrics\/cables-goma-ca\/eb-aquaflex-type-07-2#primaryimage"},"image":{"@id":"https:\/\/www.piris.com\/ca\/cataleg-de-productes\/cables-electrics\/cables-goma-ca\/eb-aquaflex-type-07-2#primaryimage"},"thumbnailUrl":"https:\/\/www.piris.com\/wp-content\/uploads\/EB-AQUAFLEX-type-07.jpg","datePublished":"2016-01-27T13:43:21+00:00","dateModified":"2016-05-05T14:22:46+00:00","breadcrumb":{"@id":"https:\/\/www.piris.com\/ca\/cataleg-de-productes\/cables-electrics\/cables-goma-ca\/eb-aquaflex-type-07-2#breadcrumb"},"inLanguage":"ca","potentialAction":[{"@type":"ReadAction","target":["https:\/\/www.piris.com\/ca\/cataleg-de-productes\/cables-electrics\/cables-goma-ca\/eb-aquaflex-type-07-2"]}]},{"@type":"ImageObject","inLanguage":"ca","@id":"https:\/\/www.piris.com\/ca\/cataleg-de-productes\/cables-electrics\/cables-goma-ca\/eb-aquaflex-type-07-2#primaryimage","url":"https:\/\/www.piris.com\/wp-content\/uploads\/EB-AQUAFLEX-type-07.jpg","contentUrl":"https:\/\/www.piris.com\/wp-content\/uploads\/EB-AQUAFLEX-type-07.jpg","width":400,"height":400},{"@type":"BreadcrumbList","@id":"https:\/\/www.piris.com\/ca\/cataleg-de-productes\/cables-electrics\/cables-goma-ca\/eb-aquaflex-type-07-2#breadcrumb","itemListElement":[{"@type":"ListItem","position":1,"name":"Portada","item":"https:\/\/www.piris.com\/ca"},{"@type":"ListItem","position":2,"name":"Cat\u00e0leg de productes","item":"https:\/\/www.piris.com\/ca\/cataleg-de-productes"},{"@type":"ListItem","position":3,"name":"EB AQUAFLEX type 07"}]},{"@type":"WebSite","@id":"https:\/\/www.piris.com\/#website","url":"https:\/\/www.piris.com\/","name":"Piris","description":"Components el\u00e8ctrics, mec\u00e0nics i electr\u00f2nics","publisher":{"@id":"https:\/\/www.piris.com\/#organization"},"potentialAction":[{"@type":"SearchAction","target":{"@type":"EntryPoint","urlTemplate":"https:\/\/www.piris.com\/?s={search_term_string}"},"query-input":"required name=search_term_string"}],"inLanguage":"ca"},{"@type":"Organization","@id":"https:\/\/www.piris.com\/#organization","name":"PIRIS","url":"https:\/\/www.piris.com\/","logo":{"@type":"ImageObject","inLanguage":"ca","@id":"https:\/\/www.piris.com\/#\/schema\/logo\/image\/","url":"https:\/\/www.piris.com\/wp-content\/uploads\/29-PIRIS.png","contentUrl":"https:\/\/www.piris.com\/wp-content\/uploads\/29-PIRIS.png","width":1280,"height":720,"caption":"PIRIS"},"image":{"@id":"https:\/\/www.piris.com\/#\/schema\/logo\/image\/"},"sameAs":["https:\/\/www.linkedin.com\/company\/piris\/"]}]}},"_links":{"self":[{"href":"https:\/\/www.piris.com\/ca\/wp-json\/wp\/v2\/product\/12289"}],"collection":[{"href":"https:\/\/www.piris.com\/ca\/wp-json\/wp\/v2\/product"}],"about":[{"href":"https:\/\/www.piris.com\/ca\/wp-json\/wp\/v2\/types\/product"}],"replies":[{"embeddable":true,"href":"https:\/\/www.piris.com\/ca\/wp-json\/wp\/v2\/comments?post=12289"}],"wp:featuredmedia":[{"embeddable":true,"href":"https:\/\/www.piris.com\/ca\/wp-json\/wp\/v2\/media\/6326"}],"wp:attachment":[{"href":"https:\/\/www.piris.com\/ca\/wp-json\/wp\/v2\/media?parent=12289"}],"wp:term":[{"taxonomy":"product_cat","embeddable":true,"href":"https:\/\/www.piris.com\/ca\/wp-json\/wp\/v2\/product_cat?post=12289"},{"taxonomy":"product_tag","embeddable":true,"href":"https:\/\/www.piris.com\/ca\/wp-json\/wp\/v2\/product_tag?post=12289"}],"curies":[{"name":"wp","href":"https:\/\/api.w.org\/{rel}","templated":true}]}}