{"id":12405,"date":"2015-09-17T10:10:19","date_gmt":"2015-09-17T08:10:19","guid":{"rendered":"http:\/\/piris.com\/catalogo-de-productos\/sin categorizar\/dlb22-m-2\/"},"modified":"2015-09-17T10:10:19","modified_gmt":"2015-09-17T08:10:19","slug":"dlb22-m-2","status":"publish","type":"product","link":"https:\/\/www.piris.com\/ca\/cataleg-de-productes\/interruptors-demergencia\/interruptors-ca\/boto-pulsador-il%c2%b7luminat-dlb22\/dlb22-m-2","title":{"rendered":"DLB22-M"},"content":{"rendered":"","protected":false},"excerpt":{"rendered":"<p>&#8211; Bolet de parada d&#8217;emerg\u00e8ncia(M), il\u00b7luminat<\/p>\n<p><a href=\"http:\/\/piris.com\/wp-content\/uploads\/Boton-pulsador-Iluminado-1.pdf\" rel=\"\">Fitxa T\u00e8cnica Bot\u00f3 polsador Il.luminat<\/a><\/p>\n","protected":false},"featured_media":11238,"comment_status":"closed","ping_status":"closed","template":"","meta":[],"product_cat":[398],"product_tag":[],"yoast_head":"<!-- This site is optimized with the Yoast SEO plugin v23.0 - https:\/\/yoast.com\/wordpress\/plugins\/seo\/ -->\n<title>DLB22-M | Piris<\/title>\n<meta name=\"robots\" content=\"index, follow, max-snippet:-1, max-image-preview:large, max-video-preview:-1\" \/>\n<link rel=\"canonical\" href=\"https:\/\/www.piris.com\/ca\/cataleg-de-productes\/interruptors-demergencia\/interruptors-ca\/boto-pulsador-il\u00b7luminat-dlb22\/dlb22-m-2\" \/>\n<meta property=\"og:locale\" content=\"ca_ES\" \/>\n<meta property=\"og:type\" content=\"article\" \/>\n<meta property=\"og:title\" content=\"DLB22-M | Piris\" \/>\n<meta property=\"og:description\" content=\"- Bolet de parada d&#039;emerg\u00e8ncia(M), il\u00b7luminatFitxa T\u00e8cnica Bot\u00f3 polsador Il.luminat\" \/>\n<meta property=\"og:url\" content=\"https:\/\/www.piris.com\/ca\/cataleg-de-productes\/interruptors-demergencia\/interruptors-ca\/boto-pulsador-il\u00b7luminat-dlb22\/dlb22-m-2\" \/>\n<meta property=\"og:site_name\" content=\"Piris\" \/>\n<meta property=\"og:image\" content=\"https:\/\/www.piris.com\/wp-content\/uploads\/DLB22M.jpg\" \/>\n\t<meta property=\"og:image:width\" content=\"400\" \/>\n\t<meta property=\"og:image:height\" content=\"400\" \/>\n\t<meta property=\"og:image:type\" content=\"image\/jpeg\" \/>\n<meta name=\"twitter:card\" content=\"summary_large_image\" \/>\n<script type=\"application\/ld+json\" class=\"yoast-schema-graph\">{\"@context\":\"https:\/\/schema.org\",\"@graph\":[{\"@type\":\"WebPage\",\"@id\":\"https:\/\/www.piris.com\/ca\/cataleg-de-productes\/interruptors-demergencia\/interruptors-ca\/boto-pulsador-il%c2%b7luminat-dlb22\/dlb22-m-2\",\"url\":\"https:\/\/www.piris.com\/ca\/cataleg-de-productes\/interruptors-demergencia\/interruptors-ca\/boto-pulsador-il%c2%b7luminat-dlb22\/dlb22-m-2\",\"name\":\"DLB22-M | Piris\",\"isPartOf\":{\"@id\":\"https:\/\/www.piris.com\/#website\"},\"primaryImageOfPage\":{\"@id\":\"https:\/\/www.piris.com\/ca\/cataleg-de-productes\/interruptors-demergencia\/interruptors-ca\/boto-pulsador-il%c2%b7luminat-dlb22\/dlb22-m-2#primaryimage\"},\"image\":{\"@id\":\"https:\/\/www.piris.com\/ca\/cataleg-de-productes\/interruptors-demergencia\/interruptors-ca\/boto-pulsador-il%c2%b7luminat-dlb22\/dlb22-m-2#primaryimage\"},\"thumbnailUrl\":\"https:\/\/www.piris.com\/wp-content\/uploads\/DLB22M.jpg\",\"datePublished\":\"2015-09-17T08:10:19+00:00\",\"dateModified\":\"2015-09-17T08:10:19+00:00\",\"breadcrumb\":{\"@id\":\"https:\/\/www.piris.com\/ca\/cataleg-de-productes\/interruptors-demergencia\/interruptors-ca\/boto-pulsador-il%c2%b7luminat-dlb22\/dlb22-m-2#breadcrumb\"},\"inLanguage\":\"ca\",\"potentialAction\":[{\"@type\":\"ReadAction\",\"target\":[\"https:\/\/www.piris.com\/ca\/cataleg-de-productes\/interruptors-demergencia\/interruptors-ca\/boto-pulsador-il%c2%b7luminat-dlb22\/dlb22-m-2\"]}]},{\"@type\":\"ImageObject\",\"inLanguage\":\"ca\",\"@id\":\"https:\/\/www.piris.com\/ca\/cataleg-de-productes\/interruptors-demergencia\/interruptors-ca\/boto-pulsador-il%c2%b7luminat-dlb22\/dlb22-m-2#primaryimage\",\"url\":\"https:\/\/www.piris.com\/wp-content\/uploads\/DLB22M.jpg\",\"contentUrl\":\"https:\/\/www.piris.com\/wp-content\/uploads\/DLB22M.jpg\",\"width\":400,\"height\":400},{\"@type\":\"BreadcrumbList\",\"@id\":\"https:\/\/www.piris.com\/ca\/cataleg-de-productes\/interruptors-demergencia\/interruptors-ca\/boto-pulsador-il%c2%b7luminat-dlb22\/dlb22-m-2#breadcrumb\",\"itemListElement\":[{\"@type\":\"ListItem\",\"position\":1,\"name\":\"Portada\",\"item\":\"https:\/\/www.piris.com\/ca\"},{\"@type\":\"ListItem\",\"position\":2,\"name\":\"Cat\u00e0leg de productes\",\"item\":\"https:\/\/www.piris.com\/ca\/cataleg-de-productes\"},{\"@type\":\"ListItem\",\"position\":3,\"name\":\"DLB22-M\"}]},{\"@type\":\"WebSite\",\"@id\":\"https:\/\/www.piris.com\/#website\",\"url\":\"https:\/\/www.piris.com\/\",\"name\":\"Piris\",\"description\":\"Components el\u00e8ctrics, mec\u00e0nics i electr\u00f2nics\",\"publisher\":{\"@id\":\"https:\/\/www.piris.com\/#organization\"},\"potentialAction\":[{\"@type\":\"SearchAction\",\"target\":{\"@type\":\"EntryPoint\",\"urlTemplate\":\"https:\/\/www.piris.com\/?s={search_term_string}\"},\"query-input\":\"required name=search_term_string\"}],\"inLanguage\":\"ca\"},{\"@type\":\"Organization\",\"@id\":\"https:\/\/www.piris.com\/#organization\",\"name\":\"PIRIS\",\"url\":\"https:\/\/www.piris.com\/\",\"logo\":{\"@type\":\"ImageObject\",\"inLanguage\":\"ca\",\"@id\":\"https:\/\/www.piris.com\/#\/schema\/logo\/image\/\",\"url\":\"https:\/\/www.piris.com\/wp-content\/uploads\/29-PIRIS.png\",\"contentUrl\":\"https:\/\/www.piris.com\/wp-content\/uploads\/29-PIRIS.png\",\"width\":1280,\"height\":720,\"caption\":\"PIRIS\"},\"image\":{\"@id\":\"https:\/\/www.piris.com\/#\/schema\/logo\/image\/\"},\"sameAs\":[\"https:\/\/www.linkedin.com\/company\/piris\/\"]}]}<\/script>\n<!-- \/ Yoast SEO plugin. -->","yoast_head_json":{"title":"DLB22-M | Piris","robots":{"index":"index","follow":"follow","max-snippet":"max-snippet:-1","max-image-preview":"max-image-preview:large","max-video-preview":"max-video-preview:-1"},"canonical":"https:\/\/www.piris.com\/ca\/cataleg-de-productes\/interruptors-demergencia\/interruptors-ca\/boto-pulsador-il\u00b7luminat-dlb22\/dlb22-m-2","og_locale":"ca_ES","og_type":"article","og_title":"DLB22-M | Piris","og_description":"- Bolet de parada d'emerg\u00e8ncia(M), il\u00b7luminatFitxa T\u00e8cnica Bot\u00f3 polsador Il.luminat","og_url":"https:\/\/www.piris.com\/ca\/cataleg-de-productes\/interruptors-demergencia\/interruptors-ca\/boto-pulsador-il\u00b7luminat-dlb22\/dlb22-m-2","og_site_name":"Piris","og_image":[{"width":400,"height":400,"url":"https:\/\/www.piris.com\/wp-content\/uploads\/DLB22M.jpg","type":"image\/jpeg"}],"twitter_card":"summary_large_image","schema":{"@context":"https:\/\/schema.org","@graph":[{"@type":"WebPage","@id":"https:\/\/www.piris.com\/ca\/cataleg-de-productes\/interruptors-demergencia\/interruptors-ca\/boto-pulsador-il%c2%b7luminat-dlb22\/dlb22-m-2","url":"https:\/\/www.piris.com\/ca\/cataleg-de-productes\/interruptors-demergencia\/interruptors-ca\/boto-pulsador-il%c2%b7luminat-dlb22\/dlb22-m-2","name":"DLB22-M | Piris","isPartOf":{"@id":"https:\/\/www.piris.com\/#website"},"primaryImageOfPage":{"@id":"https:\/\/www.piris.com\/ca\/cataleg-de-productes\/interruptors-demergencia\/interruptors-ca\/boto-pulsador-il%c2%b7luminat-dlb22\/dlb22-m-2#primaryimage"},"image":{"@id":"https:\/\/www.piris.com\/ca\/cataleg-de-productes\/interruptors-demergencia\/interruptors-ca\/boto-pulsador-il%c2%b7luminat-dlb22\/dlb22-m-2#primaryimage"},"thumbnailUrl":"https:\/\/www.piris.com\/wp-content\/uploads\/DLB22M.jpg","datePublished":"2015-09-17T08:10:19+00:00","dateModified":"2015-09-17T08:10:19+00:00","breadcrumb":{"@id":"https:\/\/www.piris.com\/ca\/cataleg-de-productes\/interruptors-demergencia\/interruptors-ca\/boto-pulsador-il%c2%b7luminat-dlb22\/dlb22-m-2#breadcrumb"},"inLanguage":"ca","potentialAction":[{"@type":"ReadAction","target":["https:\/\/www.piris.com\/ca\/cataleg-de-productes\/interruptors-demergencia\/interruptors-ca\/boto-pulsador-il%c2%b7luminat-dlb22\/dlb22-m-2"]}]},{"@type":"ImageObject","inLanguage":"ca","@id":"https:\/\/www.piris.com\/ca\/cataleg-de-productes\/interruptors-demergencia\/interruptors-ca\/boto-pulsador-il%c2%b7luminat-dlb22\/dlb22-m-2#primaryimage","url":"https:\/\/www.piris.com\/wp-content\/uploads\/DLB22M.jpg","contentUrl":"https:\/\/www.piris.com\/wp-content\/uploads\/DLB22M.jpg","width":400,"height":400},{"@type":"BreadcrumbList","@id":"https:\/\/www.piris.com\/ca\/cataleg-de-productes\/interruptors-demergencia\/interruptors-ca\/boto-pulsador-il%c2%b7luminat-dlb22\/dlb22-m-2#breadcrumb","itemListElement":[{"@type":"ListItem","position":1,"name":"Portada","item":"https:\/\/www.piris.com\/ca"},{"@type":"ListItem","position":2,"name":"Cat\u00e0leg de productes","item":"https:\/\/www.piris.com\/ca\/cataleg-de-productes"},{"@type":"ListItem","position":3,"name":"DLB22-M"}]},{"@type":"WebSite","@id":"https:\/\/www.piris.com\/#website","url":"https:\/\/www.piris.com\/","name":"Piris","description":"Components el\u00e8ctrics, mec\u00e0nics i electr\u00f2nics","publisher":{"@id":"https:\/\/www.piris.com\/#organization"},"potentialAction":[{"@type":"SearchAction","target":{"@type":"EntryPoint","urlTemplate":"https:\/\/www.piris.com\/?s={search_term_string}"},"query-input":"required name=search_term_string"}],"inLanguage":"ca"},{"@type":"Organization","@id":"https:\/\/www.piris.com\/#organization","name":"PIRIS","url":"https:\/\/www.piris.com\/","logo":{"@type":"ImageObject","inLanguage":"ca","@id":"https:\/\/www.piris.com\/#\/schema\/logo\/image\/","url":"https:\/\/www.piris.com\/wp-content\/uploads\/29-PIRIS.png","contentUrl":"https:\/\/www.piris.com\/wp-content\/uploads\/29-PIRIS.png","width":1280,"height":720,"caption":"PIRIS"},"image":{"@id":"https:\/\/www.piris.com\/#\/schema\/logo\/image\/"},"sameAs":["https:\/\/www.linkedin.com\/company\/piris\/"]}]}},"_links":{"self":[{"href":"https:\/\/www.piris.com\/ca\/wp-json\/wp\/v2\/product\/12405"}],"collection":[{"href":"https:\/\/www.piris.com\/ca\/wp-json\/wp\/v2\/product"}],"about":[{"href":"https:\/\/www.piris.com\/ca\/wp-json\/wp\/v2\/types\/product"}],"replies":[{"embeddable":true,"href":"https:\/\/www.piris.com\/ca\/wp-json\/wp\/v2\/comments?post=12405"}],"wp:featuredmedia":[{"embeddable":true,"href":"https:\/\/www.piris.com\/ca\/wp-json\/wp\/v2\/media\/11238"}],"wp:attachment":[{"href":"https:\/\/www.piris.com\/ca\/wp-json\/wp\/v2\/media?parent=12405"}],"wp:term":[{"taxonomy":"product_cat","embeddable":true,"href":"https:\/\/www.piris.com\/ca\/wp-json\/wp\/v2\/product_cat?post=12405"},{"taxonomy":"product_tag","embeddable":true,"href":"https:\/\/www.piris.com\/ca\/wp-json\/wp\/v2\/product_tag?post=12405"}],"curies":[{"name":"wp","href":"https:\/\/api.w.org\/{rel}","templated":true}]}}