{"id":12458,"date":"2015-09-17T09:44:45","date_gmt":"2015-09-17T07:44:45","guid":{"rendered":"http:\/\/piris.com\/catalogo-de-productos\/sin categorizar\/dpb22-l-dpb22-f-2\/"},"modified":"2015-09-17T09:44:45","modified_gmt":"2015-09-17T07:44:45","slug":"dpb22-l-dpb22-f-2","status":"publish","type":"product","link":"https:\/\/www.piris.com\/ca\/cataleg-de-productes\/interruptors-demergencia\/estacions-de-control\/dpb22-l-dpb22-f-2","title":{"rendered":"DPB22-L \/ DPB22-F"},"content":{"rendered":"","protected":false},"excerpt":{"rendered":"<p>DPB22-L<br \/> &#8211; Polsador no il \u00b7 luminat en color vermell amb tecla enrasada.<br \/> &#8211; 1 contacte NA + 1 contacte NC<br \/> &#8211; Base Standard (DE01S): 80 x 73 x 53mm per interruptors de 2 contactes.<br \/> &#8211; Base profunda (DE01D): 80 x 73 x 78mm per interruptors de 4 contactes.<br \/> &#8211; Materials: ABS ign\u00edfug UL94-HB o Policarbonat UL94-V0<br \/> &#8211; Colors caixa: Negre o gris<br \/> &#8211; Color tapa: Gris<br \/> &#8211; Protecci\u00f3: IP66<br \/> &#8211; Inclou etiqueta &#8220;STOP&#8221;<\/p>\n<p> DPB22-F<br \/> &#8211; Polsador no il \u00b7 luminat en color verd tecla enrasada.<br \/> &#8211; 1 contacte NA + 1 contacte NC<br \/> &#8211; Base Standard (DE01S): 80 x 73 x 53mm per interruptors de 2 contactes.<br \/> &#8211; Base profunda (DE01D): 80 x 73 x 78mm per interruptors de 4 contactes.<br \/> &#8211; Materials: ABS ign\u00edfug UL94-HB o Policarbonat UL94-V0<br \/> &#8211; Colors caixa: Negre o gris<br \/> &#8211; Color tapa: Gris<br \/> &#8211; Protecci\u00f3: IP66<br \/> &#8211; Inclou etiqueta &#8220;START&#8221;<\/p>\n<p><a title=\"Ficha T\u00e9cnica\" href=\"http:\/\/piris.com\/wp-content\/uploads\/pdf\/547_producto1_DPB22-L_DPB22-F_Control-Stations.pdf\" target=\"_blank\">Fitxa T\u00e8cnica DPB22-L \/ DPB22-F<\/a><\/p>\n","protected":false},"featured_media":8575,"comment_status":"closed","ping_status":"closed","template":"","meta":[],"product_cat":[395],"product_tag":[],"yoast_head":"<!-- This site is optimized with the Yoast SEO plugin v23.0 - https:\/\/yoast.com\/wordpress\/plugins\/seo\/ -->\n<title>DPB22-L \/ DPB22-F | Piris<\/title>\n<meta name=\"robots\" content=\"index, follow, max-snippet:-1, max-image-preview:large, max-video-preview:-1\" \/>\n<link rel=\"canonical\" href=\"https:\/\/www.piris.com\/ca\/cataleg-de-productes\/interruptors-demergencia\/estacions-de-control\/dpb22-l-dpb22-f-2\" \/>\n<meta property=\"og:locale\" content=\"ca_ES\" \/>\n<meta property=\"og:type\" content=\"article\" \/>\n<meta property=\"og:title\" content=\"DPB22-L \/ DPB22-F | Piris\" \/>\n<meta property=\"og:description\" content=\"DPB22-L - Polsador no il \u00b7 luminat en color vermell amb tecla enrasada. - 1 contacte NA + 1 contacte NC - Base Standard (DE01S): 80 x 73 x 53mm per interruptors de 2 contactes. - Base profunda (DE01D): 80 x 73 x 78mm per interruptors de 4 contactes. - Materials: ABS ign\u00edfug UL94-HB o Policarbonat UL94-V0 - Colors caixa: Negre o gris - Color tapa: Gris - Protecci\u00f3: IP66 - Inclou etiqueta &quot;STOP&quot; DPB22-F - Polsador no il \u00b7 luminat en color verd tecla enrasada. - 1 contacte NA + 1 contacte NC - Base Standard (DE01S): 80 x 73 x 53mm per interruptors de 2 contactes. - Base profunda (DE01D): 80 x 73 x 78mm per interruptors de 4 contactes. - Materials: ABS ign\u00edfug UL94-HB o Policarbonat UL94-V0 - Colors caixa: Negre o gris - Color tapa: Gris - Protecci\u00f3: IP66 - Inclou etiqueta &quot;START&quot;Fitxa T\u00e8cnica DPB22-L \/ DPB22-F\" \/>\n<meta property=\"og:url\" content=\"https:\/\/www.piris.com\/ca\/cataleg-de-productes\/interruptors-demergencia\/estacions-de-control\/dpb22-l-dpb22-f-2\" \/>\n<meta property=\"og:site_name\" content=\"Piris\" \/>\n<meta property=\"og:image\" content=\"https:\/\/www.piris.com\/wp-content\/uploads\/DPB22L.jpg\" \/>\n\t<meta property=\"og:image:width\" content=\"400\" \/>\n\t<meta property=\"og:image:height\" content=\"400\" \/>\n\t<meta property=\"og:image:type\" content=\"image\/jpeg\" \/>\n<meta name=\"twitter:card\" content=\"summary_large_image\" \/>\n<script type=\"application\/ld+json\" class=\"yoast-schema-graph\">{\"@context\":\"https:\/\/schema.org\",\"@graph\":[{\"@type\":\"WebPage\",\"@id\":\"https:\/\/www.piris.com\/ca\/cataleg-de-productes\/interruptors-demergencia\/estacions-de-control\/dpb22-l-dpb22-f-2\",\"url\":\"https:\/\/www.piris.com\/ca\/cataleg-de-productes\/interruptors-demergencia\/estacions-de-control\/dpb22-l-dpb22-f-2\",\"name\":\"DPB22-L \/ DPB22-F | Piris\",\"isPartOf\":{\"@id\":\"https:\/\/www.piris.com\/#website\"},\"primaryImageOfPage\":{\"@id\":\"https:\/\/www.piris.com\/ca\/cataleg-de-productes\/interruptors-demergencia\/estacions-de-control\/dpb22-l-dpb22-f-2#primaryimage\"},\"image\":{\"@id\":\"https:\/\/www.piris.com\/ca\/cataleg-de-productes\/interruptors-demergencia\/estacions-de-control\/dpb22-l-dpb22-f-2#primaryimage\"},\"thumbnailUrl\":\"https:\/\/www.piris.com\/wp-content\/uploads\/DPB22L.jpg\",\"datePublished\":\"2015-09-17T07:44:45+00:00\",\"dateModified\":\"2015-09-17T07:44:45+00:00\",\"breadcrumb\":{\"@id\":\"https:\/\/www.piris.com\/ca\/cataleg-de-productes\/interruptors-demergencia\/estacions-de-control\/dpb22-l-dpb22-f-2#breadcrumb\"},\"inLanguage\":\"ca\",\"potentialAction\":[{\"@type\":\"ReadAction\",\"target\":[\"https:\/\/www.piris.com\/ca\/cataleg-de-productes\/interruptors-demergencia\/estacions-de-control\/dpb22-l-dpb22-f-2\"]}]},{\"@type\":\"ImageObject\",\"inLanguage\":\"ca\",\"@id\":\"https:\/\/www.piris.com\/ca\/cataleg-de-productes\/interruptors-demergencia\/estacions-de-control\/dpb22-l-dpb22-f-2#primaryimage\",\"url\":\"https:\/\/www.piris.com\/wp-content\/uploads\/DPB22L.jpg\",\"contentUrl\":\"https:\/\/www.piris.com\/wp-content\/uploads\/DPB22L.jpg\",\"width\":400,\"height\":400},{\"@type\":\"BreadcrumbList\",\"@id\":\"https:\/\/www.piris.com\/ca\/cataleg-de-productes\/interruptors-demergencia\/estacions-de-control\/dpb22-l-dpb22-f-2#breadcrumb\",\"itemListElement\":[{\"@type\":\"ListItem\",\"position\":1,\"name\":\"Portada\",\"item\":\"https:\/\/www.piris.com\/ca\"},{\"@type\":\"ListItem\",\"position\":2,\"name\":\"Cat\u00e0leg de productes\",\"item\":\"https:\/\/www.piris.com\/ca\/cataleg-de-productes\"},{\"@type\":\"ListItem\",\"position\":3,\"name\":\"DPB22-L \/ DPB22-F\"}]},{\"@type\":\"WebSite\",\"@id\":\"https:\/\/www.piris.com\/#website\",\"url\":\"https:\/\/www.piris.com\/\",\"name\":\"Piris\",\"description\":\"Components el\u00e8ctrics, mec\u00e0nics i electr\u00f2nics\",\"publisher\":{\"@id\":\"https:\/\/www.piris.com\/#organization\"},\"potentialAction\":[{\"@type\":\"SearchAction\",\"target\":{\"@type\":\"EntryPoint\",\"urlTemplate\":\"https:\/\/www.piris.com\/?s={search_term_string}\"},\"query-input\":\"required name=search_term_string\"}],\"inLanguage\":\"ca\"},{\"@type\":\"Organization\",\"@id\":\"https:\/\/www.piris.com\/#organization\",\"name\":\"PIRIS\",\"url\":\"https:\/\/www.piris.com\/\",\"logo\":{\"@type\":\"ImageObject\",\"inLanguage\":\"ca\",\"@id\":\"https:\/\/www.piris.com\/#\/schema\/logo\/image\/\",\"url\":\"https:\/\/www.piris.com\/wp-content\/uploads\/29-PIRIS.png\",\"contentUrl\":\"https:\/\/www.piris.com\/wp-content\/uploads\/29-PIRIS.png\",\"width\":1280,\"height\":720,\"caption\":\"PIRIS\"},\"image\":{\"@id\":\"https:\/\/www.piris.com\/#\/schema\/logo\/image\/\"},\"sameAs\":[\"https:\/\/www.linkedin.com\/company\/piris\/\"]}]}<\/script>\n<!-- \/ Yoast SEO plugin. -->","yoast_head_json":{"title":"DPB22-L \/ DPB22-F | Piris","robots":{"index":"index","follow":"follow","max-snippet":"max-snippet:-1","max-image-preview":"max-image-preview:large","max-video-preview":"max-video-preview:-1"},"canonical":"https:\/\/www.piris.com\/ca\/cataleg-de-productes\/interruptors-demergencia\/estacions-de-control\/dpb22-l-dpb22-f-2","og_locale":"ca_ES","og_type":"article","og_title":"DPB22-L \/ DPB22-F | Piris","og_description":"DPB22-L - Polsador no il \u00b7 luminat en color vermell amb tecla enrasada. - 1 contacte NA + 1 contacte NC - Base Standard (DE01S): 80 x 73 x 53mm per interruptors de 2 contactes. - Base profunda (DE01D): 80 x 73 x 78mm per interruptors de 4 contactes. - Materials: ABS ign\u00edfug UL94-HB o Policarbonat UL94-V0 - Colors caixa: Negre o gris - Color tapa: Gris - Protecci\u00f3: IP66 - Inclou etiqueta \"STOP\" DPB22-F - Polsador no il \u00b7 luminat en color verd tecla enrasada. - 1 contacte NA + 1 contacte NC - Base Standard (DE01S): 80 x 73 x 53mm per interruptors de 2 contactes. - Base profunda (DE01D): 80 x 73 x 78mm per interruptors de 4 contactes. - Materials: ABS ign\u00edfug UL94-HB o Policarbonat UL94-V0 - Colors caixa: Negre o gris - Color tapa: Gris - Protecci\u00f3: IP66 - Inclou etiqueta \"START\"Fitxa T\u00e8cnica DPB22-L \/ DPB22-F","og_url":"https:\/\/www.piris.com\/ca\/cataleg-de-productes\/interruptors-demergencia\/estacions-de-control\/dpb22-l-dpb22-f-2","og_site_name":"Piris","og_image":[{"width":400,"height":400,"url":"https:\/\/www.piris.com\/wp-content\/uploads\/DPB22L.jpg","type":"image\/jpeg"}],"twitter_card":"summary_large_image","schema":{"@context":"https:\/\/schema.org","@graph":[{"@type":"WebPage","@id":"https:\/\/www.piris.com\/ca\/cataleg-de-productes\/interruptors-demergencia\/estacions-de-control\/dpb22-l-dpb22-f-2","url":"https:\/\/www.piris.com\/ca\/cataleg-de-productes\/interruptors-demergencia\/estacions-de-control\/dpb22-l-dpb22-f-2","name":"DPB22-L \/ DPB22-F | Piris","isPartOf":{"@id":"https:\/\/www.piris.com\/#website"},"primaryImageOfPage":{"@id":"https:\/\/www.piris.com\/ca\/cataleg-de-productes\/interruptors-demergencia\/estacions-de-control\/dpb22-l-dpb22-f-2#primaryimage"},"image":{"@id":"https:\/\/www.piris.com\/ca\/cataleg-de-productes\/interruptors-demergencia\/estacions-de-control\/dpb22-l-dpb22-f-2#primaryimage"},"thumbnailUrl":"https:\/\/www.piris.com\/wp-content\/uploads\/DPB22L.jpg","datePublished":"2015-09-17T07:44:45+00:00","dateModified":"2015-09-17T07:44:45+00:00","breadcrumb":{"@id":"https:\/\/www.piris.com\/ca\/cataleg-de-productes\/interruptors-demergencia\/estacions-de-control\/dpb22-l-dpb22-f-2#breadcrumb"},"inLanguage":"ca","potentialAction":[{"@type":"ReadAction","target":["https:\/\/www.piris.com\/ca\/cataleg-de-productes\/interruptors-demergencia\/estacions-de-control\/dpb22-l-dpb22-f-2"]}]},{"@type":"ImageObject","inLanguage":"ca","@id":"https:\/\/www.piris.com\/ca\/cataleg-de-productes\/interruptors-demergencia\/estacions-de-control\/dpb22-l-dpb22-f-2#primaryimage","url":"https:\/\/www.piris.com\/wp-content\/uploads\/DPB22L.jpg","contentUrl":"https:\/\/www.piris.com\/wp-content\/uploads\/DPB22L.jpg","width":400,"height":400},{"@type":"BreadcrumbList","@id":"https:\/\/www.piris.com\/ca\/cataleg-de-productes\/interruptors-demergencia\/estacions-de-control\/dpb22-l-dpb22-f-2#breadcrumb","itemListElement":[{"@type":"ListItem","position":1,"name":"Portada","item":"https:\/\/www.piris.com\/ca"},{"@type":"ListItem","position":2,"name":"Cat\u00e0leg de productes","item":"https:\/\/www.piris.com\/ca\/cataleg-de-productes"},{"@type":"ListItem","position":3,"name":"DPB22-L \/ DPB22-F"}]},{"@type":"WebSite","@id":"https:\/\/www.piris.com\/#website","url":"https:\/\/www.piris.com\/","name":"Piris","description":"Components el\u00e8ctrics, mec\u00e0nics i electr\u00f2nics","publisher":{"@id":"https:\/\/www.piris.com\/#organization"},"potentialAction":[{"@type":"SearchAction","target":{"@type":"EntryPoint","urlTemplate":"https:\/\/www.piris.com\/?s={search_term_string}"},"query-input":"required name=search_term_string"}],"inLanguage":"ca"},{"@type":"Organization","@id":"https:\/\/www.piris.com\/#organization","name":"PIRIS","url":"https:\/\/www.piris.com\/","logo":{"@type":"ImageObject","inLanguage":"ca","@id":"https:\/\/www.piris.com\/#\/schema\/logo\/image\/","url":"https:\/\/www.piris.com\/wp-content\/uploads\/29-PIRIS.png","contentUrl":"https:\/\/www.piris.com\/wp-content\/uploads\/29-PIRIS.png","width":1280,"height":720,"caption":"PIRIS"},"image":{"@id":"https:\/\/www.piris.com\/#\/schema\/logo\/image\/"},"sameAs":["https:\/\/www.linkedin.com\/company\/piris\/"]}]}},"_links":{"self":[{"href":"https:\/\/www.piris.com\/ca\/wp-json\/wp\/v2\/product\/12458"}],"collection":[{"href":"https:\/\/www.piris.com\/ca\/wp-json\/wp\/v2\/product"}],"about":[{"href":"https:\/\/www.piris.com\/ca\/wp-json\/wp\/v2\/types\/product"}],"replies":[{"embeddable":true,"href":"https:\/\/www.piris.com\/ca\/wp-json\/wp\/v2\/comments?post=12458"}],"wp:featuredmedia":[{"embeddable":true,"href":"https:\/\/www.piris.com\/ca\/wp-json\/wp\/v2\/media\/8575"}],"wp:attachment":[{"href":"https:\/\/www.piris.com\/ca\/wp-json\/wp\/v2\/media?parent=12458"}],"wp:term":[{"taxonomy":"product_cat","embeddable":true,"href":"https:\/\/www.piris.com\/ca\/wp-json\/wp\/v2\/product_cat?post=12458"},{"taxonomy":"product_tag","embeddable":true,"href":"https:\/\/www.piris.com\/ca\/wp-json\/wp\/v2\/product_tag?post=12458"}],"curies":[{"name":"wp","href":"https:\/\/api.w.org\/{rel}","templated":true}]}}