{"id":12467,"date":"2015-09-17T09:46:54","date_gmt":"2015-09-17T07:46:54","guid":{"rendered":"http:\/\/piris.com\/catalogo-de-productos\/sin categorizar\/dpb22-d-dfp-b-2\/"},"modified":"2015-09-17T09:46:54","modified_gmt":"2015-09-17T07:46:54","slug":"dpb22-d-dfp-b-2","status":"publish","type":"product","link":"https:\/\/www.piris.com\/ca\/cataleg-de-productes\/interruptors-demergencia\/estacions-de-control\/dpb22-d-dfp-b-2","title":{"rendered":"DPB22-D \/ DFP-B"},"content":{"rendered":"","protected":false},"excerpt":{"rendered":"<p><strong>DPB22-D<\/strong><br \/> &#8211; Interruptor doble tecla, no il \u00b7 luminat.<br \/> &#8211; 1 contacte NA + 1 contacte NC<br \/> &#8211; Base Standard (DE01S): 80 x 73 x 53mm per interruptors de 2 contactes.<br \/> &#8211; Base profunda (DE01D): 80 x 73 x 78mm per interruptors de 4 contactes.<br \/> &#8211; Materials: ABS ign\u00edfug UL94-HB o Policarbonat UL94-V0<br \/> &#8211; Colors caixa: Negre o gris<br \/> &#8211; Color tapa: Gris<br \/> &#8211; Protecci\u00f3: IP56<br \/> &#8211; Inclou etiqueta &#8220;0-I&#8221;<\/p>\n<p> <strong>DFP-B<\/strong><br \/> &#8211; Polsador tipus bolet de grans dimensions per accionar amb la m\u00e0 o el peu<br \/> &#8211; 1 contacte NA + 1 contacte NC<br \/> &#8211; Base Standard (DE01S): 80 x 73 x 53mm per interruptors de 2 contactes.<br \/> &#8211; Base profunda (DE01D): 80 x 73 x 78mm per interruptors de 4 contactes.<br \/> &#8211; Materials: ABS ign\u00edfug UL94-HB o Policarbonat UL94-V0<br \/> &#8211; Colors caixa: Negre o gris<br \/> &#8211; Color tapa: Gris<br \/> &#8211; Color polsador: Vermell, Negre o Verd<br \/> &#8211; Protecci\u00f3: IP66<\/p>\n<p><a title=\"Ficha T\u00e9cnica\" href=\"http:\/\/piris.com\/wp-content\/uploads\/pdf\/549_producto1_DPB22-D_DFP-B_Control-Stations.pdf\" target=\"_blank\">Fitxa T\u00e8cnica DPB22-D \/ DFP-B<\/a><\/p>\n","protected":false},"featured_media":8572,"comment_status":"closed","ping_status":"closed","template":"","meta":[],"product_cat":[395],"product_tag":[],"yoast_head":"<!-- This site is optimized with the Yoast SEO plugin v23.0 - https:\/\/yoast.com\/wordpress\/plugins\/seo\/ -->\n<title>DPB22-D \/ DFP-B | Piris<\/title>\n<meta name=\"robots\" content=\"index, follow, max-snippet:-1, max-image-preview:large, max-video-preview:-1\" \/>\n<link rel=\"canonical\" href=\"https:\/\/www.piris.com\/ca\/cataleg-de-productes\/interruptors-demergencia\/estacions-de-control\/dpb22-d-dfp-b-2\" \/>\n<meta property=\"og:locale\" content=\"ca_ES\" \/>\n<meta property=\"og:type\" content=\"article\" \/>\n<meta property=\"og:title\" content=\"DPB22-D \/ DFP-B | Piris\" \/>\n<meta property=\"og:description\" content=\"DPB22-D - Interruptor doble tecla, no il \u00b7 luminat. - 1 contacte NA + 1 contacte NC - Base Standard (DE01S): 80 x 73 x 53mm per interruptors de 2 contactes. - Base profunda (DE01D): 80 x 73 x 78mm per interruptors de 4 contactes. - Materials: ABS ign\u00edfug UL94-HB o Policarbonat UL94-V0 - Colors caixa: Negre o gris - Color tapa: Gris - Protecci\u00f3: IP56 - Inclou etiqueta &quot;0-I&quot; DFP-B - Polsador tipus bolet de grans dimensions per accionar amb la m\u00e0 o el peu - 1 contacte NA + 1 contacte NC - Base Standard (DE01S): 80 x 73 x 53mm per interruptors de 2 contactes. - Base profunda (DE01D): 80 x 73 x 78mm per interruptors de 4 contactes. - Materials: ABS ign\u00edfug UL94-HB o Policarbonat UL94-V0 - Colors caixa: Negre o gris - Color tapa: Gris - Color polsador: Vermell, Negre o Verd - Protecci\u00f3: IP66Fitxa T\u00e8cnica DPB22-D \/ DFP-B\" \/>\n<meta property=\"og:url\" content=\"https:\/\/www.piris.com\/ca\/cataleg-de-productes\/interruptors-demergencia\/estacions-de-control\/dpb22-d-dfp-b-2\" \/>\n<meta property=\"og:site_name\" content=\"Piris\" \/>\n<meta property=\"og:image\" content=\"https:\/\/www.piris.com\/wp-content\/uploads\/DPB22D.jpg\" \/>\n\t<meta property=\"og:image:width\" content=\"400\" \/>\n\t<meta property=\"og:image:height\" content=\"400\" \/>\n\t<meta property=\"og:image:type\" content=\"image\/jpeg\" \/>\n<meta name=\"twitter:card\" content=\"summary_large_image\" \/>\n<script type=\"application\/ld+json\" class=\"yoast-schema-graph\">{\"@context\":\"https:\/\/schema.org\",\"@graph\":[{\"@type\":\"WebPage\",\"@id\":\"https:\/\/www.piris.com\/ca\/cataleg-de-productes\/interruptors-demergencia\/estacions-de-control\/dpb22-d-dfp-b-2\",\"url\":\"https:\/\/www.piris.com\/ca\/cataleg-de-productes\/interruptors-demergencia\/estacions-de-control\/dpb22-d-dfp-b-2\",\"name\":\"DPB22-D \/ DFP-B | Piris\",\"isPartOf\":{\"@id\":\"https:\/\/www.piris.com\/#website\"},\"primaryImageOfPage\":{\"@id\":\"https:\/\/www.piris.com\/ca\/cataleg-de-productes\/interruptors-demergencia\/estacions-de-control\/dpb22-d-dfp-b-2#primaryimage\"},\"image\":{\"@id\":\"https:\/\/www.piris.com\/ca\/cataleg-de-productes\/interruptors-demergencia\/estacions-de-control\/dpb22-d-dfp-b-2#primaryimage\"},\"thumbnailUrl\":\"https:\/\/www.piris.com\/wp-content\/uploads\/DPB22D.jpg\",\"datePublished\":\"2015-09-17T07:46:54+00:00\",\"dateModified\":\"2015-09-17T07:46:54+00:00\",\"breadcrumb\":{\"@id\":\"https:\/\/www.piris.com\/ca\/cataleg-de-productes\/interruptors-demergencia\/estacions-de-control\/dpb22-d-dfp-b-2#breadcrumb\"},\"inLanguage\":\"ca\",\"potentialAction\":[{\"@type\":\"ReadAction\",\"target\":[\"https:\/\/www.piris.com\/ca\/cataleg-de-productes\/interruptors-demergencia\/estacions-de-control\/dpb22-d-dfp-b-2\"]}]},{\"@type\":\"ImageObject\",\"inLanguage\":\"ca\",\"@id\":\"https:\/\/www.piris.com\/ca\/cataleg-de-productes\/interruptors-demergencia\/estacions-de-control\/dpb22-d-dfp-b-2#primaryimage\",\"url\":\"https:\/\/www.piris.com\/wp-content\/uploads\/DPB22D.jpg\",\"contentUrl\":\"https:\/\/www.piris.com\/wp-content\/uploads\/DPB22D.jpg\",\"width\":400,\"height\":400},{\"@type\":\"BreadcrumbList\",\"@id\":\"https:\/\/www.piris.com\/ca\/cataleg-de-productes\/interruptors-demergencia\/estacions-de-control\/dpb22-d-dfp-b-2#breadcrumb\",\"itemListElement\":[{\"@type\":\"ListItem\",\"position\":1,\"name\":\"Portada\",\"item\":\"https:\/\/www.piris.com\/ca\"},{\"@type\":\"ListItem\",\"position\":2,\"name\":\"Cat\u00e0leg de productes\",\"item\":\"https:\/\/www.piris.com\/ca\/cataleg-de-productes\"},{\"@type\":\"ListItem\",\"position\":3,\"name\":\"DPB22-D \/ DFP-B\"}]},{\"@type\":\"WebSite\",\"@id\":\"https:\/\/www.piris.com\/#website\",\"url\":\"https:\/\/www.piris.com\/\",\"name\":\"Piris\",\"description\":\"Components el\u00e8ctrics, mec\u00e0nics i electr\u00f2nics\",\"publisher\":{\"@id\":\"https:\/\/www.piris.com\/#organization\"},\"potentialAction\":[{\"@type\":\"SearchAction\",\"target\":{\"@type\":\"EntryPoint\",\"urlTemplate\":\"https:\/\/www.piris.com\/?s={search_term_string}\"},\"query-input\":\"required name=search_term_string\"}],\"inLanguage\":\"ca\"},{\"@type\":\"Organization\",\"@id\":\"https:\/\/www.piris.com\/#organization\",\"name\":\"PIRIS\",\"url\":\"https:\/\/www.piris.com\/\",\"logo\":{\"@type\":\"ImageObject\",\"inLanguage\":\"ca\",\"@id\":\"https:\/\/www.piris.com\/#\/schema\/logo\/image\/\",\"url\":\"https:\/\/www.piris.com\/wp-content\/uploads\/29-PIRIS.png\",\"contentUrl\":\"https:\/\/www.piris.com\/wp-content\/uploads\/29-PIRIS.png\",\"width\":1280,\"height\":720,\"caption\":\"PIRIS\"},\"image\":{\"@id\":\"https:\/\/www.piris.com\/#\/schema\/logo\/image\/\"},\"sameAs\":[\"https:\/\/www.linkedin.com\/company\/piris\/\"]}]}<\/script>\n<!-- \/ Yoast SEO plugin. -->","yoast_head_json":{"title":"DPB22-D \/ DFP-B | Piris","robots":{"index":"index","follow":"follow","max-snippet":"max-snippet:-1","max-image-preview":"max-image-preview:large","max-video-preview":"max-video-preview:-1"},"canonical":"https:\/\/www.piris.com\/ca\/cataleg-de-productes\/interruptors-demergencia\/estacions-de-control\/dpb22-d-dfp-b-2","og_locale":"ca_ES","og_type":"article","og_title":"DPB22-D \/ DFP-B | Piris","og_description":"DPB22-D - Interruptor doble tecla, no il \u00b7 luminat. - 1 contacte NA + 1 contacte NC - Base Standard (DE01S): 80 x 73 x 53mm per interruptors de 2 contactes. - Base profunda (DE01D): 80 x 73 x 78mm per interruptors de 4 contactes. - Materials: ABS ign\u00edfug UL94-HB o Policarbonat UL94-V0 - Colors caixa: Negre o gris - Color tapa: Gris - Protecci\u00f3: IP56 - Inclou etiqueta \"0-I\" DFP-B - Polsador tipus bolet de grans dimensions per accionar amb la m\u00e0 o el peu - 1 contacte NA + 1 contacte NC - Base Standard (DE01S): 80 x 73 x 53mm per interruptors de 2 contactes. - Base profunda (DE01D): 80 x 73 x 78mm per interruptors de 4 contactes. - Materials: ABS ign\u00edfug UL94-HB o Policarbonat UL94-V0 - Colors caixa: Negre o gris - Color tapa: Gris - Color polsador: Vermell, Negre o Verd - Protecci\u00f3: IP66Fitxa T\u00e8cnica DPB22-D \/ DFP-B","og_url":"https:\/\/www.piris.com\/ca\/cataleg-de-productes\/interruptors-demergencia\/estacions-de-control\/dpb22-d-dfp-b-2","og_site_name":"Piris","og_image":[{"width":400,"height":400,"url":"https:\/\/www.piris.com\/wp-content\/uploads\/DPB22D.jpg","type":"image\/jpeg"}],"twitter_card":"summary_large_image","schema":{"@context":"https:\/\/schema.org","@graph":[{"@type":"WebPage","@id":"https:\/\/www.piris.com\/ca\/cataleg-de-productes\/interruptors-demergencia\/estacions-de-control\/dpb22-d-dfp-b-2","url":"https:\/\/www.piris.com\/ca\/cataleg-de-productes\/interruptors-demergencia\/estacions-de-control\/dpb22-d-dfp-b-2","name":"DPB22-D \/ DFP-B | Piris","isPartOf":{"@id":"https:\/\/www.piris.com\/#website"},"primaryImageOfPage":{"@id":"https:\/\/www.piris.com\/ca\/cataleg-de-productes\/interruptors-demergencia\/estacions-de-control\/dpb22-d-dfp-b-2#primaryimage"},"image":{"@id":"https:\/\/www.piris.com\/ca\/cataleg-de-productes\/interruptors-demergencia\/estacions-de-control\/dpb22-d-dfp-b-2#primaryimage"},"thumbnailUrl":"https:\/\/www.piris.com\/wp-content\/uploads\/DPB22D.jpg","datePublished":"2015-09-17T07:46:54+00:00","dateModified":"2015-09-17T07:46:54+00:00","breadcrumb":{"@id":"https:\/\/www.piris.com\/ca\/cataleg-de-productes\/interruptors-demergencia\/estacions-de-control\/dpb22-d-dfp-b-2#breadcrumb"},"inLanguage":"ca","potentialAction":[{"@type":"ReadAction","target":["https:\/\/www.piris.com\/ca\/cataleg-de-productes\/interruptors-demergencia\/estacions-de-control\/dpb22-d-dfp-b-2"]}]},{"@type":"ImageObject","inLanguage":"ca","@id":"https:\/\/www.piris.com\/ca\/cataleg-de-productes\/interruptors-demergencia\/estacions-de-control\/dpb22-d-dfp-b-2#primaryimage","url":"https:\/\/www.piris.com\/wp-content\/uploads\/DPB22D.jpg","contentUrl":"https:\/\/www.piris.com\/wp-content\/uploads\/DPB22D.jpg","width":400,"height":400},{"@type":"BreadcrumbList","@id":"https:\/\/www.piris.com\/ca\/cataleg-de-productes\/interruptors-demergencia\/estacions-de-control\/dpb22-d-dfp-b-2#breadcrumb","itemListElement":[{"@type":"ListItem","position":1,"name":"Portada","item":"https:\/\/www.piris.com\/ca"},{"@type":"ListItem","position":2,"name":"Cat\u00e0leg de productes","item":"https:\/\/www.piris.com\/ca\/cataleg-de-productes"},{"@type":"ListItem","position":3,"name":"DPB22-D \/ DFP-B"}]},{"@type":"WebSite","@id":"https:\/\/www.piris.com\/#website","url":"https:\/\/www.piris.com\/","name":"Piris","description":"Components el\u00e8ctrics, mec\u00e0nics i electr\u00f2nics","publisher":{"@id":"https:\/\/www.piris.com\/#organization"},"potentialAction":[{"@type":"SearchAction","target":{"@type":"EntryPoint","urlTemplate":"https:\/\/www.piris.com\/?s={search_term_string}"},"query-input":"required name=search_term_string"}],"inLanguage":"ca"},{"@type":"Organization","@id":"https:\/\/www.piris.com\/#organization","name":"PIRIS","url":"https:\/\/www.piris.com\/","logo":{"@type":"ImageObject","inLanguage":"ca","@id":"https:\/\/www.piris.com\/#\/schema\/logo\/image\/","url":"https:\/\/www.piris.com\/wp-content\/uploads\/29-PIRIS.png","contentUrl":"https:\/\/www.piris.com\/wp-content\/uploads\/29-PIRIS.png","width":1280,"height":720,"caption":"PIRIS"},"image":{"@id":"https:\/\/www.piris.com\/#\/schema\/logo\/image\/"},"sameAs":["https:\/\/www.linkedin.com\/company\/piris\/"]}]}},"_links":{"self":[{"href":"https:\/\/www.piris.com\/ca\/wp-json\/wp\/v2\/product\/12467"}],"collection":[{"href":"https:\/\/www.piris.com\/ca\/wp-json\/wp\/v2\/product"}],"about":[{"href":"https:\/\/www.piris.com\/ca\/wp-json\/wp\/v2\/types\/product"}],"replies":[{"embeddable":true,"href":"https:\/\/www.piris.com\/ca\/wp-json\/wp\/v2\/comments?post=12467"}],"wp:featuredmedia":[{"embeddable":true,"href":"https:\/\/www.piris.com\/ca\/wp-json\/wp\/v2\/media\/8572"}],"wp:attachment":[{"href":"https:\/\/www.piris.com\/ca\/wp-json\/wp\/v2\/media?parent=12467"}],"wp:term":[{"taxonomy":"product_cat","embeddable":true,"href":"https:\/\/www.piris.com\/ca\/wp-json\/wp\/v2\/product_cat?post=12467"},{"taxonomy":"product_tag","embeddable":true,"href":"https:\/\/www.piris.com\/ca\/wp-json\/wp\/v2\/product_tag?post=12467"}],"curies":[{"name":"wp","href":"https:\/\/api.w.org\/{rel}","templated":true}]}}