{"id":12832,"date":"2015-10-05T10:23:45","date_gmt":"2015-10-05T08:23:45","guid":{"rendered":"http:\/\/piris.com\/catalogo-de-productos\/sin%20categorizar\/a21a31\/"},"modified":"2016-05-05T11:11:37","modified_gmt":"2016-05-05T09:11:37","slug":"a21a31","status":"publish","type":"product","link":"https:\/\/www.piris.com\/ca\/cataleg-de-productes\/protectors-termics-i-termostats\/termostats-fred\/a21a31","title":{"rendered":"A21\/A31"},"content":{"rendered":"","protected":false},"excerpt":{"rendered":"<p><strong>MODEL A31 &#8211; TERM\u00d2STAT DESVIADOR AMB DIFERENCIAL CONSTANT i INTERRUPTOR AUXILIAR<br \/> MODEL A21 &#8211; TERM\u00d2STAT DESVIADOR AMB DIFERENCIAL CONSTANT SENSE INTERRUPTOR AUXILIAR<\/strong><\/p>\n<p> Els term\u00f2stats-desviadors presenten dos contactes principals 3-4 i 3-2.<br \/> 3-4 tanquen per augment de temperatura<br \/> 3-2 obren per augment de temperatura<\/p>\n<p> Els term\u00f2stats A21 i A31 s\u00f3n de diferencial constant.<\/p>\n<p> Aix\u00f2 vol dir que la difer\u00e8ncia entre la temperatura de tancament i d&#8217;obertura \u00e9s constant en totes les posicions del camp de regulaci\u00f3.<\/p>\n<p> El term\u00f2stat A31 incorpora un interruptor auxiliar d&#8217;Off, muntat en s\u00e8rie l&#8217;interruptor principal. S&#8217;interv\u00e9 rotant manualment l&#8217;eix en sentit horari.<\/p>\n<p> El diferencial m\u00ednim \u00e9s de 3 \u00ba C<\/p>\n<p> El tarat s&#8217;efectua considerant una pressi\u00f3 barom\u00e8trica de 740mmHg.<\/p>\n<p> <strong>APLICACIONS<\/strong><br \/> Aquests models estan destinats per al control de temperatura en:<br \/> &#8211; Acondicionadors d&#8217;aire<br \/> &#8211; Fabricadors de gel<br \/> &#8211; Bombes de calor<br \/> &#8211; Distribu\u00efdors de begudes<\/p>\n<p> <strong>CARACTER\u00cdSTIQUES CONSTRUCTIVES<\/strong><br \/> Els term\u00f2stats tipus A21 i A31 s\u00f3n compactes robustos i de petites dimensions. Tots els components utilitzats responen a la directiva 2002\/95\/CE ROHS.<\/p>\n<p> <strong>CARACTER\u00cdSTIQUES EL\u00c8CTRIQUES<\/strong><br \/> Terminals tipus faston amb tres mesures est\u00e0ndard: 2,8 x05mm \/ 6,3 x0, 8mm \/ 4,8 x0, 8mm<br \/> Est\u00e0 prove\u00eft de 2 terminals per a connexi\u00f3 a terra de 6,3 x0, 8mm i 4,8 x0, 8mm.<br \/> Terminals 3-2: 16 (4) A 250V<br \/> Terminals 3-4: 16 (13) A 250V<br \/> Terminals 3-6: 16 (13) A 250V<\/p>\n<p> TUB CAPIL \u00b7 LAR<br \/> Tub capil \u00b7 lar en coure estanyat.<br \/> Es pot revestir amb una funda extruida de material pl\u00e0stic.<br \/> Longitud est\u00e0ndard: 300 mm<br \/> Per a un correcte funcionament s&#8217;aconsella posar en contacte amb l&#8217;evaporador almenys 120mm de capil \u00b7 lar.<\/p>\n<p> CERTIFICATS<br \/> ENEC 03 \/ UL \/ CSA<\/p>\n<p><a href=\"http:\/\/piris.com\/wp-content\/uploads\/A21.pdf\" rel=\"\">Fitxa T\u00e8cnica A21 \/ A31<\/a><\/p>\n","protected":false},"featured_media":8484,"comment_status":"closed","ping_status":"closed","template":"","meta":[],"product_cat":[568],"product_tag":[],"yoast_head":"<!-- This site is optimized with the Yoast SEO plugin v23.0 - https:\/\/yoast.com\/wordpress\/plugins\/seo\/ -->\n<title>A21\/A31 | Piris<\/title>\n<meta name=\"robots\" content=\"index, follow, max-snippet:-1, max-image-preview:large, max-video-preview:-1\" \/>\n<link rel=\"canonical\" href=\"https:\/\/www.piris.com\/ca\/cataleg-de-productes\/termostats\/termostats-fred\/a21a31\" \/>\n<meta property=\"og:locale\" content=\"ca_ES\" \/>\n<meta property=\"og:type\" content=\"article\" \/>\n<meta property=\"og:title\" content=\"A21\/A31 | Piris\" \/>\n<meta property=\"og:description\" content=\"MODEL A31 - TERM\u00d2STAT DESVIADOR AMB DIFERENCIAL CONSTANT i INTERRUPTOR AUXILIAR MODEL A21 - TERM\u00d2STAT DESVIADOR AMB DIFERENCIAL CONSTANT SENSE INTERRUPTOR AUXILIAR Els term\u00f2stats-desviadors presenten dos contactes principals 3-4 i 3-2. 3-4 tanquen per augment de temperatura 3-2 obren per augment de temperatura Els term\u00f2stats A21 i A31 s\u00f3n de diferencial constant. Aix\u00f2 vol dir que la difer\u00e8ncia entre la temperatura de tancament i d&#039;obertura \u00e9s constant en totes les posicions del camp de regulaci\u00f3. El term\u00f2stat A31 incorpora un interruptor auxiliar d&#039;Off, muntat en s\u00e8rie l&#039;interruptor principal. S&#039;interv\u00e9 rotant manualment l&#039;eix en sentit horari. El diferencial m\u00ednim \u00e9s de 3 \u00ba C El tarat s&#039;efectua considerant una pressi\u00f3 barom\u00e8trica de 740mmHg. APLICACIONS Aquests models estan destinats per al control de temperatura en: - Acondicionadors d&#039;aire - Fabricadors de gel - Bombes de calor - Distribu\u00efdors de begudes CARACTER\u00cdSTIQUES CONSTRUCTIVES Els term\u00f2stats tipus A21 i A31 s\u00f3n compactes robustos i de petites dimensions. Tots els components utilitzats responen a la directiva 2002\/95\/CE ROHS. CARACTER\u00cdSTIQUES EL\u00c8CTRIQUES Terminals tipus faston amb tres mesures est\u00e0ndard: 2,8 x05mm \/ 6,3 x0, 8mm \/ 4,8 x0, 8mm Est\u00e0 prove\u00eft de 2 terminals per a connexi\u00f3 a terra de 6,3 x0, 8mm i 4,8 x0, 8mm. Terminals 3-2: 16 (4) A 250V Terminals 3-4: 16 (13) A 250V Terminals 3-6: 16 (13) A 250V TUB CAPIL \u00b7 LAR Tub capil \u00b7 lar en coure estanyat. Es pot revestir amb una funda extruida de material pl\u00e0stic. Longitud est\u00e0ndard: 300 mm Per a un correcte funcionament s&#039;aconsella posar en contacte amb l&#039;evaporador almenys 120mm de capil \u00b7 lar. CERTIFICATS ENEC 03 \/ UL \/ CSAFitxa T\u00e8cnica A21 \/ A31\" \/>\n<meta property=\"og:url\" content=\"https:\/\/www.piris.com\/ca\/cataleg-de-productes\/termostats\/termostats-fred\/a21a31\" \/>\n<meta property=\"og:site_name\" content=\"Piris\" \/>\n<meta property=\"article:modified_time\" content=\"2016-05-05T09:11:37+00:00\" \/>\n<meta property=\"og:image\" content=\"https:\/\/www.piris.com\/wp-content\/uploads\/A21.jpg\" \/>\n\t<meta property=\"og:image:width\" content=\"400\" \/>\n\t<meta property=\"og:image:height\" content=\"400\" \/>\n\t<meta property=\"og:image:type\" content=\"image\/jpeg\" \/>\n<meta name=\"twitter:card\" content=\"summary_large_image\" \/>\n<script type=\"application\/ld+json\" class=\"yoast-schema-graph\">{\"@context\":\"https:\/\/schema.org\",\"@graph\":[{\"@type\":\"WebPage\",\"@id\":\"https:\/\/www.piris.com\/ca\/cataleg-de-productes\/termostats\/termostats-fred\/a21a31\",\"url\":\"https:\/\/www.piris.com\/ca\/cataleg-de-productes\/termostats\/termostats-fred\/a21a31\",\"name\":\"A21\/A31 | Piris\",\"isPartOf\":{\"@id\":\"https:\/\/www.piris.com\/#website\"},\"primaryImageOfPage\":{\"@id\":\"https:\/\/www.piris.com\/ca\/cataleg-de-productes\/termostats\/termostats-fred\/a21a31#primaryimage\"},\"image\":{\"@id\":\"https:\/\/www.piris.com\/ca\/cataleg-de-productes\/termostats\/termostats-fred\/a21a31#primaryimage\"},\"thumbnailUrl\":\"https:\/\/www.piris.com\/wp-content\/uploads\/A21.jpg\",\"datePublished\":\"2015-10-05T08:23:45+00:00\",\"dateModified\":\"2016-05-05T09:11:37+00:00\",\"breadcrumb\":{\"@id\":\"https:\/\/www.piris.com\/ca\/cataleg-de-productes\/termostats\/termostats-fred\/a21a31#breadcrumb\"},\"inLanguage\":\"ca\",\"potentialAction\":[{\"@type\":\"ReadAction\",\"target\":[\"https:\/\/www.piris.com\/ca\/cataleg-de-productes\/termostats\/termostats-fred\/a21a31\"]}]},{\"@type\":\"ImageObject\",\"inLanguage\":\"ca\",\"@id\":\"https:\/\/www.piris.com\/ca\/cataleg-de-productes\/termostats\/termostats-fred\/a21a31#primaryimage\",\"url\":\"https:\/\/www.piris.com\/wp-content\/uploads\/A21.jpg\",\"contentUrl\":\"https:\/\/www.piris.com\/wp-content\/uploads\/A21.jpg\",\"width\":400,\"height\":400},{\"@type\":\"BreadcrumbList\",\"@id\":\"https:\/\/www.piris.com\/ca\/cataleg-de-productes\/termostats\/termostats-fred\/a21a31#breadcrumb\",\"itemListElement\":[{\"@type\":\"ListItem\",\"position\":1,\"name\":\"Portada\",\"item\":\"https:\/\/www.piris.com\/ca\"},{\"@type\":\"ListItem\",\"position\":2,\"name\":\"Cat\u00e0leg de productes\",\"item\":\"https:\/\/www.piris.com\/ca\/cataleg-de-productes\"},{\"@type\":\"ListItem\",\"position\":3,\"name\":\"A21\/A31\"}]},{\"@type\":\"WebSite\",\"@id\":\"https:\/\/www.piris.com\/#website\",\"url\":\"https:\/\/www.piris.com\/\",\"name\":\"Piris\",\"description\":\"Components el\u00e8ctrics, mec\u00e0nics i electr\u00f2nics\",\"publisher\":{\"@id\":\"https:\/\/www.piris.com\/#organization\"},\"potentialAction\":[{\"@type\":\"SearchAction\",\"target\":{\"@type\":\"EntryPoint\",\"urlTemplate\":\"https:\/\/www.piris.com\/?s={search_term_string}\"},\"query-input\":\"required name=search_term_string\"}],\"inLanguage\":\"ca\"},{\"@type\":\"Organization\",\"@id\":\"https:\/\/www.piris.com\/#organization\",\"name\":\"PIRIS\",\"url\":\"https:\/\/www.piris.com\/\",\"logo\":{\"@type\":\"ImageObject\",\"inLanguage\":\"ca\",\"@id\":\"https:\/\/www.piris.com\/#\/schema\/logo\/image\/\",\"url\":\"https:\/\/www.piris.com\/wp-content\/uploads\/29-PIRIS.png\",\"contentUrl\":\"https:\/\/www.piris.com\/wp-content\/uploads\/29-PIRIS.png\",\"width\":1280,\"height\":720,\"caption\":\"PIRIS\"},\"image\":{\"@id\":\"https:\/\/www.piris.com\/#\/schema\/logo\/image\/\"},\"sameAs\":[\"https:\/\/www.linkedin.com\/company\/piris\/\"]}]}<\/script>\n<!-- \/ Yoast SEO plugin. -->","yoast_head_json":{"title":"A21\/A31 | Piris","robots":{"index":"index","follow":"follow","max-snippet":"max-snippet:-1","max-image-preview":"max-image-preview:large","max-video-preview":"max-video-preview:-1"},"canonical":"https:\/\/www.piris.com\/ca\/cataleg-de-productes\/termostats\/termostats-fred\/a21a31","og_locale":"ca_ES","og_type":"article","og_title":"A21\/A31 | Piris","og_description":"MODEL A31 - TERM\u00d2STAT DESVIADOR AMB DIFERENCIAL CONSTANT i INTERRUPTOR AUXILIAR MODEL A21 - TERM\u00d2STAT DESVIADOR AMB DIFERENCIAL CONSTANT SENSE INTERRUPTOR AUXILIAR Els term\u00f2stats-desviadors presenten dos contactes principals 3-4 i 3-2. 3-4 tanquen per augment de temperatura 3-2 obren per augment de temperatura Els term\u00f2stats A21 i A31 s\u00f3n de diferencial constant. Aix\u00f2 vol dir que la difer\u00e8ncia entre la temperatura de tancament i d'obertura \u00e9s constant en totes les posicions del camp de regulaci\u00f3. El term\u00f2stat A31 incorpora un interruptor auxiliar d'Off, muntat en s\u00e8rie l'interruptor principal. S'interv\u00e9 rotant manualment l'eix en sentit horari. El diferencial m\u00ednim \u00e9s de 3 \u00ba C El tarat s'efectua considerant una pressi\u00f3 barom\u00e8trica de 740mmHg. APLICACIONS Aquests models estan destinats per al control de temperatura en: - Acondicionadors d'aire - Fabricadors de gel - Bombes de calor - Distribu\u00efdors de begudes CARACTER\u00cdSTIQUES CONSTRUCTIVES Els term\u00f2stats tipus A21 i A31 s\u00f3n compactes robustos i de petites dimensions. Tots els components utilitzats responen a la directiva 2002\/95\/CE ROHS. CARACTER\u00cdSTIQUES EL\u00c8CTRIQUES Terminals tipus faston amb tres mesures est\u00e0ndard: 2,8 x05mm \/ 6,3 x0, 8mm \/ 4,8 x0, 8mm Est\u00e0 prove\u00eft de 2 terminals per a connexi\u00f3 a terra de 6,3 x0, 8mm i 4,8 x0, 8mm. Terminals 3-2: 16 (4) A 250V Terminals 3-4: 16 (13) A 250V Terminals 3-6: 16 (13) A 250V TUB CAPIL \u00b7 LAR Tub capil \u00b7 lar en coure estanyat. Es pot revestir amb una funda extruida de material pl\u00e0stic. Longitud est\u00e0ndard: 300 mm Per a un correcte funcionament s'aconsella posar en contacte amb l'evaporador almenys 120mm de capil \u00b7 lar. CERTIFICATS ENEC 03 \/ UL \/ CSAFitxa T\u00e8cnica A21 \/ A31","og_url":"https:\/\/www.piris.com\/ca\/cataleg-de-productes\/termostats\/termostats-fred\/a21a31","og_site_name":"Piris","article_modified_time":"2016-05-05T09:11:37+00:00","og_image":[{"width":400,"height":400,"url":"https:\/\/www.piris.com\/wp-content\/uploads\/A21.jpg","type":"image\/jpeg"}],"twitter_card":"summary_large_image","schema":{"@context":"https:\/\/schema.org","@graph":[{"@type":"WebPage","@id":"https:\/\/www.piris.com\/ca\/cataleg-de-productes\/termostats\/termostats-fred\/a21a31","url":"https:\/\/www.piris.com\/ca\/cataleg-de-productes\/termostats\/termostats-fred\/a21a31","name":"A21\/A31 | Piris","isPartOf":{"@id":"https:\/\/www.piris.com\/#website"},"primaryImageOfPage":{"@id":"https:\/\/www.piris.com\/ca\/cataleg-de-productes\/termostats\/termostats-fred\/a21a31#primaryimage"},"image":{"@id":"https:\/\/www.piris.com\/ca\/cataleg-de-productes\/termostats\/termostats-fred\/a21a31#primaryimage"},"thumbnailUrl":"https:\/\/www.piris.com\/wp-content\/uploads\/A21.jpg","datePublished":"2015-10-05T08:23:45+00:00","dateModified":"2016-05-05T09:11:37+00:00","breadcrumb":{"@id":"https:\/\/www.piris.com\/ca\/cataleg-de-productes\/termostats\/termostats-fred\/a21a31#breadcrumb"},"inLanguage":"ca","potentialAction":[{"@type":"ReadAction","target":["https:\/\/www.piris.com\/ca\/cataleg-de-productes\/termostats\/termostats-fred\/a21a31"]}]},{"@type":"ImageObject","inLanguage":"ca","@id":"https:\/\/www.piris.com\/ca\/cataleg-de-productes\/termostats\/termostats-fred\/a21a31#primaryimage","url":"https:\/\/www.piris.com\/wp-content\/uploads\/A21.jpg","contentUrl":"https:\/\/www.piris.com\/wp-content\/uploads\/A21.jpg","width":400,"height":400},{"@type":"BreadcrumbList","@id":"https:\/\/www.piris.com\/ca\/cataleg-de-productes\/termostats\/termostats-fred\/a21a31#breadcrumb","itemListElement":[{"@type":"ListItem","position":1,"name":"Portada","item":"https:\/\/www.piris.com\/ca"},{"@type":"ListItem","position":2,"name":"Cat\u00e0leg de productes","item":"https:\/\/www.piris.com\/ca\/cataleg-de-productes"},{"@type":"ListItem","position":3,"name":"A21\/A31"}]},{"@type":"WebSite","@id":"https:\/\/www.piris.com\/#website","url":"https:\/\/www.piris.com\/","name":"Piris","description":"Components el\u00e8ctrics, mec\u00e0nics i electr\u00f2nics","publisher":{"@id":"https:\/\/www.piris.com\/#organization"},"potentialAction":[{"@type":"SearchAction","target":{"@type":"EntryPoint","urlTemplate":"https:\/\/www.piris.com\/?s={search_term_string}"},"query-input":"required name=search_term_string"}],"inLanguage":"ca"},{"@type":"Organization","@id":"https:\/\/www.piris.com\/#organization","name":"PIRIS","url":"https:\/\/www.piris.com\/","logo":{"@type":"ImageObject","inLanguage":"ca","@id":"https:\/\/www.piris.com\/#\/schema\/logo\/image\/","url":"https:\/\/www.piris.com\/wp-content\/uploads\/29-PIRIS.png","contentUrl":"https:\/\/www.piris.com\/wp-content\/uploads\/29-PIRIS.png","width":1280,"height":720,"caption":"PIRIS"},"image":{"@id":"https:\/\/www.piris.com\/#\/schema\/logo\/image\/"},"sameAs":["https:\/\/www.linkedin.com\/company\/piris\/"]}]}},"_links":{"self":[{"href":"https:\/\/www.piris.com\/ca\/wp-json\/wp\/v2\/product\/12832"}],"collection":[{"href":"https:\/\/www.piris.com\/ca\/wp-json\/wp\/v2\/product"}],"about":[{"href":"https:\/\/www.piris.com\/ca\/wp-json\/wp\/v2\/types\/product"}],"replies":[{"embeddable":true,"href":"https:\/\/www.piris.com\/ca\/wp-json\/wp\/v2\/comments?post=12832"}],"wp:featuredmedia":[{"embeddable":true,"href":"https:\/\/www.piris.com\/ca\/wp-json\/wp\/v2\/media\/8484"}],"wp:attachment":[{"href":"https:\/\/www.piris.com\/ca\/wp-json\/wp\/v2\/media?parent=12832"}],"wp:term":[{"taxonomy":"product_cat","embeddable":true,"href":"https:\/\/www.piris.com\/ca\/wp-json\/wp\/v2\/product_cat?post=12832"},{"taxonomy":"product_tag","embeddable":true,"href":"https:\/\/www.piris.com\/ca\/wp-json\/wp\/v2\/product_tag?post=12832"}],"curies":[{"name":"wp","href":"https:\/\/api.w.org\/{rel}","templated":true}]}}