{"id":12838,"date":"2015-10-05T10:31:57","date_gmt":"2015-10-05T08:31:57","guid":{"rendered":"http:\/\/piris.com\/catalogo-de-productos\/sin%20categorizar\/damper\/"},"modified":"2016-05-05T11:11:08","modified_gmt":"2016-05-05T09:11:08","slug":"damper","status":"publish","type":"product","link":"https:\/\/www.piris.com\/ca\/cataleg-de-productes\/protectors-termics-i-termostats\/termostats-fred\/damper","title":{"rendered":"DAMPE"},"content":{"rendered":"","protected":false},"excerpt":{"rendered":"<p><strong>TERMOSTAT AMB OBTURADOR TIPUS DAMPER<\/strong><\/p>\n<p> El term\u00f2stat amb obturador est\u00e0 realitzat per regular mec\u00e0nicament la temperatura, parcializando l&#8217;obertura de l&#8217;obturador que regula el flux d&#8217;una determinada quantitat d&#8217;aire fred.<\/p>\n<p> No controla el circuit el\u00e8ctric del compressor.<br \/><strong><br \/> APLICACIONS<\/strong><br \/> Aquest term\u00f2stat es pot aplicar als frigor\u00edfics dom\u00e8stics amb circulaci\u00f3 d&#8217;aire forzafa (No-frost) i en tots els aparells de fred on la temperatura s&#8217;ha de mantenir constant i est\u00e0tica.<\/p>\n<p> <strong>CARACTER\u00cdSTIQUES CONSTRUCTIVES<\/strong><br \/> Aquests term\u00f2stats s\u00f3n compactes robustos i de petites dimensions. Tots els components utilitzats responen a la directiva 2002\/95\/CE ROHS.<br \/> Tub capil \u00b7 lar en coure estanyat.<br \/> L&#8217;extrem acaba en una sonda de 6.5mm de di\u00e0metre i 133 mm de llarg.<br \/> La longitud del capil \u00b7 lar i de la sonda ve determinada per les exig\u00e8ncies del client.<br \/><strong><br \/> CARACTER\u00cdSTIQUES T\u00c8CNIQUES<\/strong><br \/> Temperatura de treball: de -20 \u00ba C a +35 \u00ba C<br \/> Camp de regulaci\u00f3: m\u00e0x. 25 \u00ba C<br \/> \u00c0rea d&#8217;obertura de l&#8217;obturador: m\u00e0xima obertura d&#8217;entrada d&#8217;aire 54mmx28mm = 1512mmq<\/p>\n<p> <strong>CERTIFICATS<\/strong><br \/> ENEC 03 \/ UL \/ CSA<\/p>\n<p><a title=\"Ficha T\u00e9cnica\" href=\"http:\/\/piris.com\/wp-content\/uploads\/pdf\/650_producto1_damper.pdf\" target=\"_blank\">Fitxa T\u00e8cnica DAMPER<\/a><\/p>\n","protected":false},"featured_media":8490,"comment_status":"closed","ping_status":"closed","template":"","meta":[],"product_cat":[568],"product_tag":[],"yoast_head":"<!-- This site is optimized with the Yoast SEO plugin v23.0 - https:\/\/yoast.com\/wordpress\/plugins\/seo\/ -->\n<title>DAMPE | Piris<\/title>\n<meta name=\"robots\" content=\"index, follow, max-snippet:-1, max-image-preview:large, max-video-preview:-1\" \/>\n<link rel=\"canonical\" href=\"https:\/\/www.piris.com\/ca\/cataleg-de-productes\/termostats\/termostats-fred\/damper\" \/>\n<meta property=\"og:locale\" content=\"ca_ES\" \/>\n<meta property=\"og:type\" content=\"article\" \/>\n<meta property=\"og:title\" content=\"DAMPE | Piris\" \/>\n<meta property=\"og:description\" content=\"TERMOSTAT AMB OBTURADOR TIPUS DAMPER El term\u00f2stat amb obturador est\u00e0 realitzat per regular mec\u00e0nicament la temperatura, parcializando l&#039;obertura de l&#039;obturador que regula el flux d&#039;una determinada quantitat d&#039;aire fred. No controla el circuit el\u00e8ctric del compressor. APLICACIONS Aquest term\u00f2stat es pot aplicar als frigor\u00edfics dom\u00e8stics amb circulaci\u00f3 d&#039;aire forzafa (No-frost) i en tots els aparells de fred on la temperatura s&#039;ha de mantenir constant i est\u00e0tica. CARACTER\u00cdSTIQUES CONSTRUCTIVES Aquests term\u00f2stats s\u00f3n compactes robustos i de petites dimensions. Tots els components utilitzats responen a la directiva 2002\/95\/CE ROHS. Tub capil \u00b7 lar en coure estanyat. L&#039;extrem acaba en una sonda de 6.5mm de di\u00e0metre i 133 mm de llarg. La longitud del capil \u00b7 lar i de la sonda ve determinada per les exig\u00e8ncies del client. CARACTER\u00cdSTIQUES T\u00c8CNIQUES Temperatura de treball: de -20 \u00ba C a +35 \u00ba C Camp de regulaci\u00f3: m\u00e0x. 25 \u00ba C \u00c0rea d&#039;obertura de l&#039;obturador: m\u00e0xima obertura d&#039;entrada d&#039;aire 54mmx28mm = 1512mmq CERTIFICATS ENEC 03 \/ UL \/ CSAFitxa T\u00e8cnica DAMPER\" \/>\n<meta property=\"og:url\" content=\"https:\/\/www.piris.com\/ca\/cataleg-de-productes\/termostats\/termostats-fred\/damper\" \/>\n<meta property=\"og:site_name\" content=\"Piris\" \/>\n<meta property=\"article:modified_time\" content=\"2016-05-05T09:11:08+00:00\" \/>\n<meta property=\"og:image\" content=\"https:\/\/www.piris.com\/wp-content\/uploads\/DAMPER.jpg\" \/>\n\t<meta property=\"og:image:width\" content=\"400\" \/>\n\t<meta property=\"og:image:height\" content=\"400\" \/>\n\t<meta property=\"og:image:type\" content=\"image\/jpeg\" \/>\n<meta name=\"twitter:card\" content=\"summary_large_image\" \/>\n<script type=\"application\/ld+json\" class=\"yoast-schema-graph\">{\"@context\":\"https:\/\/schema.org\",\"@graph\":[{\"@type\":\"WebPage\",\"@id\":\"https:\/\/www.piris.com\/ca\/cataleg-de-productes\/termostats\/termostats-fred\/damper\",\"url\":\"https:\/\/www.piris.com\/ca\/cataleg-de-productes\/termostats\/termostats-fred\/damper\",\"name\":\"DAMPE | Piris\",\"isPartOf\":{\"@id\":\"https:\/\/www.piris.com\/#website\"},\"primaryImageOfPage\":{\"@id\":\"https:\/\/www.piris.com\/ca\/cataleg-de-productes\/termostats\/termostats-fred\/damper#primaryimage\"},\"image\":{\"@id\":\"https:\/\/www.piris.com\/ca\/cataleg-de-productes\/termostats\/termostats-fred\/damper#primaryimage\"},\"thumbnailUrl\":\"https:\/\/www.piris.com\/wp-content\/uploads\/DAMPER.jpg\",\"datePublished\":\"2015-10-05T08:31:57+00:00\",\"dateModified\":\"2016-05-05T09:11:08+00:00\",\"breadcrumb\":{\"@id\":\"https:\/\/www.piris.com\/ca\/cataleg-de-productes\/termostats\/termostats-fred\/damper#breadcrumb\"},\"inLanguage\":\"ca\",\"potentialAction\":[{\"@type\":\"ReadAction\",\"target\":[\"https:\/\/www.piris.com\/ca\/cataleg-de-productes\/termostats\/termostats-fred\/damper\"]}]},{\"@type\":\"ImageObject\",\"inLanguage\":\"ca\",\"@id\":\"https:\/\/www.piris.com\/ca\/cataleg-de-productes\/termostats\/termostats-fred\/damper#primaryimage\",\"url\":\"https:\/\/www.piris.com\/wp-content\/uploads\/DAMPER.jpg\",\"contentUrl\":\"https:\/\/www.piris.com\/wp-content\/uploads\/DAMPER.jpg\",\"width\":400,\"height\":400},{\"@type\":\"BreadcrumbList\",\"@id\":\"https:\/\/www.piris.com\/ca\/cataleg-de-productes\/termostats\/termostats-fred\/damper#breadcrumb\",\"itemListElement\":[{\"@type\":\"ListItem\",\"position\":1,\"name\":\"Portada\",\"item\":\"https:\/\/www.piris.com\/ca\"},{\"@type\":\"ListItem\",\"position\":2,\"name\":\"Cat\u00e0leg de productes\",\"item\":\"https:\/\/www.piris.com\/ca\/cataleg-de-productes\"},{\"@type\":\"ListItem\",\"position\":3,\"name\":\"DAMPE\"}]},{\"@type\":\"WebSite\",\"@id\":\"https:\/\/www.piris.com\/#website\",\"url\":\"https:\/\/www.piris.com\/\",\"name\":\"Piris\",\"description\":\"Components el\u00e8ctrics, mec\u00e0nics i electr\u00f2nics\",\"publisher\":{\"@id\":\"https:\/\/www.piris.com\/#organization\"},\"potentialAction\":[{\"@type\":\"SearchAction\",\"target\":{\"@type\":\"EntryPoint\",\"urlTemplate\":\"https:\/\/www.piris.com\/?s={search_term_string}\"},\"query-input\":\"required name=search_term_string\"}],\"inLanguage\":\"ca\"},{\"@type\":\"Organization\",\"@id\":\"https:\/\/www.piris.com\/#organization\",\"name\":\"PIRIS\",\"url\":\"https:\/\/www.piris.com\/\",\"logo\":{\"@type\":\"ImageObject\",\"inLanguage\":\"ca\",\"@id\":\"https:\/\/www.piris.com\/#\/schema\/logo\/image\/\",\"url\":\"https:\/\/www.piris.com\/wp-content\/uploads\/29-PIRIS.png\",\"contentUrl\":\"https:\/\/www.piris.com\/wp-content\/uploads\/29-PIRIS.png\",\"width\":1280,\"height\":720,\"caption\":\"PIRIS\"},\"image\":{\"@id\":\"https:\/\/www.piris.com\/#\/schema\/logo\/image\/\"},\"sameAs\":[\"https:\/\/www.linkedin.com\/company\/piris\/\"]}]}<\/script>\n<!-- \/ Yoast SEO plugin. -->","yoast_head_json":{"title":"DAMPE | Piris","robots":{"index":"index","follow":"follow","max-snippet":"max-snippet:-1","max-image-preview":"max-image-preview:large","max-video-preview":"max-video-preview:-1"},"canonical":"https:\/\/www.piris.com\/ca\/cataleg-de-productes\/termostats\/termostats-fred\/damper","og_locale":"ca_ES","og_type":"article","og_title":"DAMPE | Piris","og_description":"TERMOSTAT AMB OBTURADOR TIPUS DAMPER El term\u00f2stat amb obturador est\u00e0 realitzat per regular mec\u00e0nicament la temperatura, parcializando l'obertura de l'obturador que regula el flux d'una determinada quantitat d'aire fred. No controla el circuit el\u00e8ctric del compressor. APLICACIONS Aquest term\u00f2stat es pot aplicar als frigor\u00edfics dom\u00e8stics amb circulaci\u00f3 d'aire forzafa (No-frost) i en tots els aparells de fred on la temperatura s'ha de mantenir constant i est\u00e0tica. CARACTER\u00cdSTIQUES CONSTRUCTIVES Aquests term\u00f2stats s\u00f3n compactes robustos i de petites dimensions. Tots els components utilitzats responen a la directiva 2002\/95\/CE ROHS. Tub capil \u00b7 lar en coure estanyat. L'extrem acaba en una sonda de 6.5mm de di\u00e0metre i 133 mm de llarg. La longitud del capil \u00b7 lar i de la sonda ve determinada per les exig\u00e8ncies del client. CARACTER\u00cdSTIQUES T\u00c8CNIQUES Temperatura de treball: de -20 \u00ba C a +35 \u00ba C Camp de regulaci\u00f3: m\u00e0x. 25 \u00ba C \u00c0rea d'obertura de l'obturador: m\u00e0xima obertura d'entrada d'aire 54mmx28mm = 1512mmq CERTIFICATS ENEC 03 \/ UL \/ CSAFitxa T\u00e8cnica DAMPER","og_url":"https:\/\/www.piris.com\/ca\/cataleg-de-productes\/termostats\/termostats-fred\/damper","og_site_name":"Piris","article_modified_time":"2016-05-05T09:11:08+00:00","og_image":[{"width":400,"height":400,"url":"https:\/\/www.piris.com\/wp-content\/uploads\/DAMPER.jpg","type":"image\/jpeg"}],"twitter_card":"summary_large_image","schema":{"@context":"https:\/\/schema.org","@graph":[{"@type":"WebPage","@id":"https:\/\/www.piris.com\/ca\/cataleg-de-productes\/termostats\/termostats-fred\/damper","url":"https:\/\/www.piris.com\/ca\/cataleg-de-productes\/termostats\/termostats-fred\/damper","name":"DAMPE | Piris","isPartOf":{"@id":"https:\/\/www.piris.com\/#website"},"primaryImageOfPage":{"@id":"https:\/\/www.piris.com\/ca\/cataleg-de-productes\/termostats\/termostats-fred\/damper#primaryimage"},"image":{"@id":"https:\/\/www.piris.com\/ca\/cataleg-de-productes\/termostats\/termostats-fred\/damper#primaryimage"},"thumbnailUrl":"https:\/\/www.piris.com\/wp-content\/uploads\/DAMPER.jpg","datePublished":"2015-10-05T08:31:57+00:00","dateModified":"2016-05-05T09:11:08+00:00","breadcrumb":{"@id":"https:\/\/www.piris.com\/ca\/cataleg-de-productes\/termostats\/termostats-fred\/damper#breadcrumb"},"inLanguage":"ca","potentialAction":[{"@type":"ReadAction","target":["https:\/\/www.piris.com\/ca\/cataleg-de-productes\/termostats\/termostats-fred\/damper"]}]},{"@type":"ImageObject","inLanguage":"ca","@id":"https:\/\/www.piris.com\/ca\/cataleg-de-productes\/termostats\/termostats-fred\/damper#primaryimage","url":"https:\/\/www.piris.com\/wp-content\/uploads\/DAMPER.jpg","contentUrl":"https:\/\/www.piris.com\/wp-content\/uploads\/DAMPER.jpg","width":400,"height":400},{"@type":"BreadcrumbList","@id":"https:\/\/www.piris.com\/ca\/cataleg-de-productes\/termostats\/termostats-fred\/damper#breadcrumb","itemListElement":[{"@type":"ListItem","position":1,"name":"Portada","item":"https:\/\/www.piris.com\/ca"},{"@type":"ListItem","position":2,"name":"Cat\u00e0leg de productes","item":"https:\/\/www.piris.com\/ca\/cataleg-de-productes"},{"@type":"ListItem","position":3,"name":"DAMPE"}]},{"@type":"WebSite","@id":"https:\/\/www.piris.com\/#website","url":"https:\/\/www.piris.com\/","name":"Piris","description":"Components el\u00e8ctrics, mec\u00e0nics i electr\u00f2nics","publisher":{"@id":"https:\/\/www.piris.com\/#organization"},"potentialAction":[{"@type":"SearchAction","target":{"@type":"EntryPoint","urlTemplate":"https:\/\/www.piris.com\/?s={search_term_string}"},"query-input":"required name=search_term_string"}],"inLanguage":"ca"},{"@type":"Organization","@id":"https:\/\/www.piris.com\/#organization","name":"PIRIS","url":"https:\/\/www.piris.com\/","logo":{"@type":"ImageObject","inLanguage":"ca","@id":"https:\/\/www.piris.com\/#\/schema\/logo\/image\/","url":"https:\/\/www.piris.com\/wp-content\/uploads\/29-PIRIS.png","contentUrl":"https:\/\/www.piris.com\/wp-content\/uploads\/29-PIRIS.png","width":1280,"height":720,"caption":"PIRIS"},"image":{"@id":"https:\/\/www.piris.com\/#\/schema\/logo\/image\/"},"sameAs":["https:\/\/www.linkedin.com\/company\/piris\/"]}]}},"_links":{"self":[{"href":"https:\/\/www.piris.com\/ca\/wp-json\/wp\/v2\/product\/12838"}],"collection":[{"href":"https:\/\/www.piris.com\/ca\/wp-json\/wp\/v2\/product"}],"about":[{"href":"https:\/\/www.piris.com\/ca\/wp-json\/wp\/v2\/types\/product"}],"replies":[{"embeddable":true,"href":"https:\/\/www.piris.com\/ca\/wp-json\/wp\/v2\/comments?post=12838"}],"wp:featuredmedia":[{"embeddable":true,"href":"https:\/\/www.piris.com\/ca\/wp-json\/wp\/v2\/media\/8490"}],"wp:attachment":[{"href":"https:\/\/www.piris.com\/ca\/wp-json\/wp\/v2\/media?parent=12838"}],"wp:term":[{"taxonomy":"product_cat","embeddable":true,"href":"https:\/\/www.piris.com\/ca\/wp-json\/wp\/v2\/product_cat?post=12838"},{"taxonomy":"product_tag","embeddable":true,"href":"https:\/\/www.piris.com\/ca\/wp-json\/wp\/v2\/product_tag?post=12838"}],"curies":[{"name":"wp","href":"https:\/\/api.w.org\/{rel}","templated":true}]}}