{"id":12850,"date":"2015-10-05T12:30:40","date_gmt":"2015-10-05T10:30:40","guid":{"rendered":"http:\/\/piris.com\/catalogo-de-productos\/sin categorizar\/sxd1-2\/"},"modified":"2015-10-05T12:30:40","modified_gmt":"2015-10-05T10:30:40","slug":"sxd1-2","status":"publish","type":"product","link":"https:\/\/www.piris.com\/ca\/cataleg-de-productes\/interruptors\/interruptors-basculants\/sxd1-2","title":{"rendered":"SXD1"},"content":{"rendered":"","protected":false},"excerpt":{"rendered":"<p><strong>CARACTER\u00cdSTIQUES PRINCIPALS<\/strong><br \/> -Disponible en versi\u00f3 rodona, ovalada o rectangular<br \/> -Llumin\u00f3s i no llumin\u00f3s<\/p>\n<p> <strong>ESQUEMES EL\u00c8CTRICS DISPONIBLES<\/strong><br \/> -Interruptor unipolar<br \/> -Interruptor unipolar llumin\u00f3s<\/p>\n<p> <strong>CARACTER\u00cdSTIQUES EL\u00c8CTRIQUES<\/strong><br \/> -Intensitat de corrent &#8211; Fins 16A<br \/> -Nombre de cicles electromec\u00e0nics &#8211; Fins a 50.000<br \/> -Temperatura de treball &#8211; Fins a 125 \u00ba C<br \/> -Grau d&#8217;inflamabilitat &#8211; UL 94 V-2<br \/> -Fastons de connexi\u00f3 4,8 i 6,3 mm<\/p>\n<p> <strong>HOMOLOGACIONS<\/strong><br \/> -ENEC, RoHS<\/p>\n<p><a href=\"http:\/\/piris.com\/wp-content\/uploads\/SXD1.pdf\" rel=\"\">Fitxa T\u00e8cnica SXD1<\/a><\/p>\n","protected":false},"featured_media":7506,"comment_status":"closed","ping_status":"closed","template":"","meta":[],"product_cat":[379],"product_tag":[],"yoast_head":"<!-- This site is optimized with the Yoast SEO plugin v23.0 - https:\/\/yoast.com\/wordpress\/plugins\/seo\/ -->\n<title>SXD1 | Piris<\/title>\n<meta name=\"robots\" content=\"index, follow, max-snippet:-1, max-image-preview:large, max-video-preview:-1\" \/>\n<link rel=\"canonical\" href=\"https:\/\/www.piris.com\/cataleg-de-productes\/interruptores-2\/interruptores-basculantes\/sxd1\" \/>\n<meta property=\"og:locale\" content=\"ca_ES\" \/>\n<meta property=\"og:type\" content=\"article\" \/>\n<meta property=\"og:title\" content=\"SXD1 | Piris\" \/>\n<meta property=\"og:description\" content=\"CARACTER\u00cdSTIQUES PRINCIPALS -Disponible en versi\u00f3 rodona, ovalada o rectangular -Llumin\u00f3s i no llumin\u00f3s ESQUEMES EL\u00c8CTRICS DISPONIBLES -Interruptor unipolar -Interruptor unipolar llumin\u00f3s CARACTER\u00cdSTIQUES EL\u00c8CTRIQUES -Intensitat de corrent - Fins 16A -Nombre de cicles electromec\u00e0nics - Fins a 50.000 -Temperatura de treball - Fins a 125 \u00ba C -Grau d&#039;inflamabilitat - UL 94 V-2 -Fastons de connexi\u00f3 4,8 i 6,3 mm HOMOLOGACIONS -ENEC, RoHSFitxa T\u00e8cnica SXD1\" \/>\n<meta property=\"og:url\" content=\"https:\/\/www.piris.com\/cataleg-de-productes\/interruptores-2\/interruptores-basculantes\/sxd1\" \/>\n<meta property=\"og:site_name\" content=\"Piris\" \/>\n<meta property=\"og:image\" content=\"https:\/\/www.piris.com\/wp-content\/uploads\/SXD1.jpg\" \/>\n\t<meta property=\"og:image:width\" content=\"452\" \/>\n\t<meta property=\"og:image:height\" content=\"427\" \/>\n\t<meta property=\"og:image:type\" content=\"image\/jpeg\" \/>\n<meta name=\"twitter:card\" content=\"summary_large_image\" \/>\n<script type=\"application\/ld+json\" class=\"yoast-schema-graph\">{\"@context\":\"https:\/\/schema.org\",\"@graph\":[{\"@type\":\"WebPage\",\"@id\":\"https:\/\/www.piris.com\/cataleg-de-productes\/interruptores-2\/interruptores-basculantes\/sxd1\",\"url\":\"https:\/\/www.piris.com\/cataleg-de-productes\/interruptores-2\/interruptores-basculantes\/sxd1\",\"name\":\"SXD1 | Piris\",\"isPartOf\":{\"@id\":\"https:\/\/www.piris.com\/#website\"},\"primaryImageOfPage\":{\"@id\":\"https:\/\/www.piris.com\/cataleg-de-productes\/interruptores-2\/interruptores-basculantes\/sxd1#primaryimage\"},\"image\":{\"@id\":\"https:\/\/www.piris.com\/cataleg-de-productes\/interruptores-2\/interruptores-basculantes\/sxd1#primaryimage\"},\"thumbnailUrl\":\"https:\/\/www.piris.com\/wp-content\/uploads\/SXD1.jpg\",\"datePublished\":\"2015-10-05T10:30:40+00:00\",\"dateModified\":\"2015-10-05T10:30:40+00:00\",\"breadcrumb\":{\"@id\":\"https:\/\/www.piris.com\/cataleg-de-productes\/interruptores-2\/interruptores-basculantes\/sxd1#breadcrumb\"},\"inLanguage\":\"ca\",\"potentialAction\":[{\"@type\":\"ReadAction\",\"target\":[\"https:\/\/www.piris.com\/cataleg-de-productes\/interruptores-2\/interruptores-basculantes\/sxd1\"]}]},{\"@type\":\"ImageObject\",\"inLanguage\":\"ca\",\"@id\":\"https:\/\/www.piris.com\/cataleg-de-productes\/interruptores-2\/interruptores-basculantes\/sxd1#primaryimage\",\"url\":\"https:\/\/www.piris.com\/wp-content\/uploads\/SXD1.jpg\",\"contentUrl\":\"https:\/\/www.piris.com\/wp-content\/uploads\/SXD1.jpg\",\"width\":452,\"height\":427},{\"@type\":\"BreadcrumbList\",\"@id\":\"https:\/\/www.piris.com\/cataleg-de-productes\/interruptores-2\/interruptores-basculantes\/sxd1#breadcrumb\",\"itemListElement\":[{\"@type\":\"ListItem\",\"position\":1,\"name\":\"Portada\",\"item\":\"https:\/\/www.piris.com\/ca\"},{\"@type\":\"ListItem\",\"position\":2,\"name\":\"Cat\u00e0leg de productes\",\"item\":\"https:\/\/www.piris.com\/ca\/cataleg-de-productes\"},{\"@type\":\"ListItem\",\"position\":3,\"name\":\"SXD1\"}]},{\"@type\":\"WebSite\",\"@id\":\"https:\/\/www.piris.com\/#website\",\"url\":\"https:\/\/www.piris.com\/\",\"name\":\"Piris\",\"description\":\"Components el\u00e8ctrics, mec\u00e0nics i electr\u00f2nics\",\"publisher\":{\"@id\":\"https:\/\/www.piris.com\/#organization\"},\"potentialAction\":[{\"@type\":\"SearchAction\",\"target\":{\"@type\":\"EntryPoint\",\"urlTemplate\":\"https:\/\/www.piris.com\/?s={search_term_string}\"},\"query-input\":\"required name=search_term_string\"}],\"inLanguage\":\"ca\"},{\"@type\":\"Organization\",\"@id\":\"https:\/\/www.piris.com\/#organization\",\"name\":\"PIRIS\",\"url\":\"https:\/\/www.piris.com\/\",\"logo\":{\"@type\":\"ImageObject\",\"inLanguage\":\"ca\",\"@id\":\"https:\/\/www.piris.com\/#\/schema\/logo\/image\/\",\"url\":\"https:\/\/www.piris.com\/wp-content\/uploads\/29-PIRIS.png\",\"contentUrl\":\"https:\/\/www.piris.com\/wp-content\/uploads\/29-PIRIS.png\",\"width\":1280,\"height\":720,\"caption\":\"PIRIS\"},\"image\":{\"@id\":\"https:\/\/www.piris.com\/#\/schema\/logo\/image\/\"},\"sameAs\":[\"https:\/\/www.linkedin.com\/company\/piris\/\"]}]}<\/script>\n<!-- \/ Yoast SEO plugin. -->","yoast_head_json":{"title":"SXD1 | Piris","robots":{"index":"index","follow":"follow","max-snippet":"max-snippet:-1","max-image-preview":"max-image-preview:large","max-video-preview":"max-video-preview:-1"},"canonical":"https:\/\/www.piris.com\/cataleg-de-productes\/interruptores-2\/interruptores-basculantes\/sxd1","og_locale":"ca_ES","og_type":"article","og_title":"SXD1 | Piris","og_description":"CARACTER\u00cdSTIQUES PRINCIPALS -Disponible en versi\u00f3 rodona, ovalada o rectangular -Llumin\u00f3s i no llumin\u00f3s ESQUEMES EL\u00c8CTRICS DISPONIBLES -Interruptor unipolar -Interruptor unipolar llumin\u00f3s CARACTER\u00cdSTIQUES EL\u00c8CTRIQUES -Intensitat de corrent - Fins 16A -Nombre de cicles electromec\u00e0nics - Fins a 50.000 -Temperatura de treball - Fins a 125 \u00ba C -Grau d'inflamabilitat - UL 94 V-2 -Fastons de connexi\u00f3 4,8 i 6,3 mm HOMOLOGACIONS -ENEC, RoHSFitxa T\u00e8cnica SXD1","og_url":"https:\/\/www.piris.com\/cataleg-de-productes\/interruptores-2\/interruptores-basculantes\/sxd1","og_site_name":"Piris","og_image":[{"width":452,"height":427,"url":"https:\/\/www.piris.com\/wp-content\/uploads\/SXD1.jpg","type":"image\/jpeg"}],"twitter_card":"summary_large_image","schema":{"@context":"https:\/\/schema.org","@graph":[{"@type":"WebPage","@id":"https:\/\/www.piris.com\/cataleg-de-productes\/interruptores-2\/interruptores-basculantes\/sxd1","url":"https:\/\/www.piris.com\/cataleg-de-productes\/interruptores-2\/interruptores-basculantes\/sxd1","name":"SXD1 | Piris","isPartOf":{"@id":"https:\/\/www.piris.com\/#website"},"primaryImageOfPage":{"@id":"https:\/\/www.piris.com\/cataleg-de-productes\/interruptores-2\/interruptores-basculantes\/sxd1#primaryimage"},"image":{"@id":"https:\/\/www.piris.com\/cataleg-de-productes\/interruptores-2\/interruptores-basculantes\/sxd1#primaryimage"},"thumbnailUrl":"https:\/\/www.piris.com\/wp-content\/uploads\/SXD1.jpg","datePublished":"2015-10-05T10:30:40+00:00","dateModified":"2015-10-05T10:30:40+00:00","breadcrumb":{"@id":"https:\/\/www.piris.com\/cataleg-de-productes\/interruptores-2\/interruptores-basculantes\/sxd1#breadcrumb"},"inLanguage":"ca","potentialAction":[{"@type":"ReadAction","target":["https:\/\/www.piris.com\/cataleg-de-productes\/interruptores-2\/interruptores-basculantes\/sxd1"]}]},{"@type":"ImageObject","inLanguage":"ca","@id":"https:\/\/www.piris.com\/cataleg-de-productes\/interruptores-2\/interruptores-basculantes\/sxd1#primaryimage","url":"https:\/\/www.piris.com\/wp-content\/uploads\/SXD1.jpg","contentUrl":"https:\/\/www.piris.com\/wp-content\/uploads\/SXD1.jpg","width":452,"height":427},{"@type":"BreadcrumbList","@id":"https:\/\/www.piris.com\/cataleg-de-productes\/interruptores-2\/interruptores-basculantes\/sxd1#breadcrumb","itemListElement":[{"@type":"ListItem","position":1,"name":"Portada","item":"https:\/\/www.piris.com\/ca"},{"@type":"ListItem","position":2,"name":"Cat\u00e0leg de productes","item":"https:\/\/www.piris.com\/ca\/cataleg-de-productes"},{"@type":"ListItem","position":3,"name":"SXD1"}]},{"@type":"WebSite","@id":"https:\/\/www.piris.com\/#website","url":"https:\/\/www.piris.com\/","name":"Piris","description":"Components el\u00e8ctrics, mec\u00e0nics i electr\u00f2nics","publisher":{"@id":"https:\/\/www.piris.com\/#organization"},"potentialAction":[{"@type":"SearchAction","target":{"@type":"EntryPoint","urlTemplate":"https:\/\/www.piris.com\/?s={search_term_string}"},"query-input":"required name=search_term_string"}],"inLanguage":"ca"},{"@type":"Organization","@id":"https:\/\/www.piris.com\/#organization","name":"PIRIS","url":"https:\/\/www.piris.com\/","logo":{"@type":"ImageObject","inLanguage":"ca","@id":"https:\/\/www.piris.com\/#\/schema\/logo\/image\/","url":"https:\/\/www.piris.com\/wp-content\/uploads\/29-PIRIS.png","contentUrl":"https:\/\/www.piris.com\/wp-content\/uploads\/29-PIRIS.png","width":1280,"height":720,"caption":"PIRIS"},"image":{"@id":"https:\/\/www.piris.com\/#\/schema\/logo\/image\/"},"sameAs":["https:\/\/www.linkedin.com\/company\/piris\/"]}]}},"_links":{"self":[{"href":"https:\/\/www.piris.com\/ca\/wp-json\/wp\/v2\/product\/12850"}],"collection":[{"href":"https:\/\/www.piris.com\/ca\/wp-json\/wp\/v2\/product"}],"about":[{"href":"https:\/\/www.piris.com\/ca\/wp-json\/wp\/v2\/types\/product"}],"replies":[{"embeddable":true,"href":"https:\/\/www.piris.com\/ca\/wp-json\/wp\/v2\/comments?post=12850"}],"wp:featuredmedia":[{"embeddable":true,"href":"https:\/\/www.piris.com\/ca\/wp-json\/wp\/v2\/media\/7506"}],"wp:attachment":[{"href":"https:\/\/www.piris.com\/ca\/wp-json\/wp\/v2\/media?parent=12850"}],"wp:term":[{"taxonomy":"product_cat","embeddable":true,"href":"https:\/\/www.piris.com\/ca\/wp-json\/wp\/v2\/product_cat?post=12850"},{"taxonomy":"product_tag","embeddable":true,"href":"https:\/\/www.piris.com\/ca\/wp-json\/wp\/v2\/product_tag?post=12850"}],"curies":[{"name":"wp","href":"https:\/\/api.w.org\/{rel}","templated":true}]}}