{"id":12854,"date":"2015-10-05T12:33:14","date_gmt":"2015-10-05T10:33:14","guid":{"rendered":"http:\/\/piris.com\/catalogo-de-productos\/sin categorizar\/gp-2\/"},"modified":"2015-10-05T12:33:14","modified_gmt":"2015-10-05T10:33:14","slug":"gp-2","status":"publish","type":"product","link":"https:\/\/www.piris.com\/ca\/cataleg-de-productes\/interruptors\/interruptors-basculants\/gp-2","title":{"rendered":"GP"},"content":{"rendered":"","protected":false},"excerpt":{"rendered":"<div id=\"gt-res-content\" class=\"almost_half_cell\">\n<div dir=\"ltr\"><span id=\"result_box\" class=\"\" lang=\"ca\"><span class=\"\">CARACTER\u00cdSTIQUES<\/span> PRINCIPALS<br \/>-Llumin\u00f3s\u00a0o no llumin\u00f3s<br \/>-Protector PVC anti esquitxades disponible\u00a0<br \/>-Mesures De muntatge &#8211; 19,1x13mm<\/p>\n<p>ESQUEMES EL\u00c8CTRICS DISPONIBLES<br \/>-Interruptor unipolar<br \/>-Interruptor bipolar<br \/>-Interruptor Bipolar llumin\u00f3s<\/p>\n<p>CARACTER\u00cdSTIQUES EL\u00c8CTRIQUES<br \/>&#8211; Intensitat de corrent &#8211; Fins 12A<br \/>&#8211; Numero De cicles electromec\u00e0nics &#8211; Fins a 50.000<br \/>&#8211; Temperatura de treball &#8211; Fins 125\u00baC<br \/>&#8211; Grau D&#8217;inflamabilitat &#8211; UL 94 V-2<br \/>&#8211; Fastons De connexi\u00f3 4.8. 2.8 i 1.3mm<\/p>\n<p>HOMOLOGACIONS<br \/>-ENEC, UL, RoHS<\/span><\/div>\n<div dir=\"ltr\">\u00a0<\/div>\n<\/div>\n<div dir=\"ltr\"><a href=\"http:\/\/piris.com\/wp-content\/uploads\/GP.pdf\" rel=\"\">Fitxa T\u00e8cnica GP<\/a><\/div>\n","protected":false},"featured_media":7503,"comment_status":"closed","ping_status":"closed","template":"","meta":[],"product_cat":[379],"product_tag":[],"yoast_head":"<!-- This site is optimized with the Yoast SEO plugin v23.0 - https:\/\/yoast.com\/wordpress\/plugins\/seo\/ -->\n<title>GP | Piris<\/title>\n<meta name=\"robots\" content=\"index, follow, max-snippet:-1, max-image-preview:large, max-video-preview:-1\" \/>\n<link rel=\"canonical\" href=\"https:\/\/www.piris.com\/cataleg-de-productes\/interruptores-2\/interruptores-basculantes\/gp\" \/>\n<meta property=\"og:locale\" content=\"ca_ES\" \/>\n<meta property=\"og:type\" content=\"article\" \/>\n<meta property=\"og:title\" content=\"GP | Piris\" \/>\n<meta property=\"og:description\" content=\"CARACTER\u00cdSTIQUES PRINCIPALS-Llumin\u00f3s\u00a0o no llumin\u00f3s-Protector PVC anti esquitxades disponible\u00a0-Mesures De muntatge - 19,1x13mmESQUEMES EL\u00c8CTRICS DISPONIBLES-Interruptor unipolar-Interruptor bipolar-Interruptor Bipolar llumin\u00f3sCARACTER\u00cdSTIQUES EL\u00c8CTRIQUES- Intensitat de corrent - Fins 12A- Numero De cicles electromec\u00e0nics - Fins a 50.000- Temperatura de treball - Fins 125\u00baC- Grau D&#039;inflamabilitat - UL 94 V-2- Fastons De connexi\u00f3 4.8. 2.8 i 1.3mmHOMOLOGACIONS-ENEC, UL, RoHS\u00a0Fitxa T\u00e8cnica GP\" \/>\n<meta property=\"og:url\" content=\"https:\/\/www.piris.com\/cataleg-de-productes\/interruptores-2\/interruptores-basculantes\/gp\" \/>\n<meta property=\"og:site_name\" content=\"Piris\" \/>\n<meta property=\"og:image\" content=\"https:\/\/www.piris.com\/wp-content\/uploads\/GP.jpg\" \/>\n\t<meta property=\"og:image:width\" content=\"452\" \/>\n\t<meta property=\"og:image:height\" content=\"427\" \/>\n\t<meta property=\"og:image:type\" content=\"image\/jpeg\" \/>\n<meta name=\"twitter:card\" content=\"summary_large_image\" \/>\n<script type=\"application\/ld+json\" class=\"yoast-schema-graph\">{\"@context\":\"https:\/\/schema.org\",\"@graph\":[{\"@type\":\"WebPage\",\"@id\":\"https:\/\/www.piris.com\/cataleg-de-productes\/interruptores-2\/interruptores-basculantes\/gp\",\"url\":\"https:\/\/www.piris.com\/cataleg-de-productes\/interruptores-2\/interruptores-basculantes\/gp\",\"name\":\"GP | Piris\",\"isPartOf\":{\"@id\":\"https:\/\/www.piris.com\/#website\"},\"primaryImageOfPage\":{\"@id\":\"https:\/\/www.piris.com\/cataleg-de-productes\/interruptores-2\/interruptores-basculantes\/gp#primaryimage\"},\"image\":{\"@id\":\"https:\/\/www.piris.com\/cataleg-de-productes\/interruptores-2\/interruptores-basculantes\/gp#primaryimage\"},\"thumbnailUrl\":\"https:\/\/www.piris.com\/wp-content\/uploads\/GP.jpg\",\"datePublished\":\"2015-10-05T10:33:14+00:00\",\"dateModified\":\"2015-10-05T10:33:14+00:00\",\"breadcrumb\":{\"@id\":\"https:\/\/www.piris.com\/cataleg-de-productes\/interruptores-2\/interruptores-basculantes\/gp#breadcrumb\"},\"inLanguage\":\"ca\",\"potentialAction\":[{\"@type\":\"ReadAction\",\"target\":[\"https:\/\/www.piris.com\/cataleg-de-productes\/interruptores-2\/interruptores-basculantes\/gp\"]}]},{\"@type\":\"ImageObject\",\"inLanguage\":\"ca\",\"@id\":\"https:\/\/www.piris.com\/cataleg-de-productes\/interruptores-2\/interruptores-basculantes\/gp#primaryimage\",\"url\":\"https:\/\/www.piris.com\/wp-content\/uploads\/GP.jpg\",\"contentUrl\":\"https:\/\/www.piris.com\/wp-content\/uploads\/GP.jpg\",\"width\":452,\"height\":427},{\"@type\":\"BreadcrumbList\",\"@id\":\"https:\/\/www.piris.com\/cataleg-de-productes\/interruptores-2\/interruptores-basculantes\/gp#breadcrumb\",\"itemListElement\":[{\"@type\":\"ListItem\",\"position\":1,\"name\":\"Portada\",\"item\":\"https:\/\/www.piris.com\/ca\"},{\"@type\":\"ListItem\",\"position\":2,\"name\":\"Cat\u00e0leg de productes\",\"item\":\"https:\/\/www.piris.com\/ca\/cataleg-de-productes\"},{\"@type\":\"ListItem\",\"position\":3,\"name\":\"GP\"}]},{\"@type\":\"WebSite\",\"@id\":\"https:\/\/www.piris.com\/#website\",\"url\":\"https:\/\/www.piris.com\/\",\"name\":\"Piris\",\"description\":\"Components el\u00e8ctrics, mec\u00e0nics i electr\u00f2nics\",\"publisher\":{\"@id\":\"https:\/\/www.piris.com\/#organization\"},\"potentialAction\":[{\"@type\":\"SearchAction\",\"target\":{\"@type\":\"EntryPoint\",\"urlTemplate\":\"https:\/\/www.piris.com\/?s={search_term_string}\"},\"query-input\":\"required name=search_term_string\"}],\"inLanguage\":\"ca\"},{\"@type\":\"Organization\",\"@id\":\"https:\/\/www.piris.com\/#organization\",\"name\":\"PIRIS\",\"url\":\"https:\/\/www.piris.com\/\",\"logo\":{\"@type\":\"ImageObject\",\"inLanguage\":\"ca\",\"@id\":\"https:\/\/www.piris.com\/#\/schema\/logo\/image\/\",\"url\":\"https:\/\/www.piris.com\/wp-content\/uploads\/29-PIRIS.png\",\"contentUrl\":\"https:\/\/www.piris.com\/wp-content\/uploads\/29-PIRIS.png\",\"width\":1280,\"height\":720,\"caption\":\"PIRIS\"},\"image\":{\"@id\":\"https:\/\/www.piris.com\/#\/schema\/logo\/image\/\"},\"sameAs\":[\"https:\/\/www.linkedin.com\/company\/piris\/\"]}]}<\/script>\n<!-- \/ Yoast SEO plugin. -->","yoast_head_json":{"title":"GP | Piris","robots":{"index":"index","follow":"follow","max-snippet":"max-snippet:-1","max-image-preview":"max-image-preview:large","max-video-preview":"max-video-preview:-1"},"canonical":"https:\/\/www.piris.com\/cataleg-de-productes\/interruptores-2\/interruptores-basculantes\/gp","og_locale":"ca_ES","og_type":"article","og_title":"GP | Piris","og_description":"CARACTER\u00cdSTIQUES PRINCIPALS-Llumin\u00f3s\u00a0o no llumin\u00f3s-Protector PVC anti esquitxades disponible\u00a0-Mesures De muntatge - 19,1x13mmESQUEMES EL\u00c8CTRICS DISPONIBLES-Interruptor unipolar-Interruptor bipolar-Interruptor Bipolar llumin\u00f3sCARACTER\u00cdSTIQUES EL\u00c8CTRIQUES- Intensitat de corrent - Fins 12A- Numero De cicles electromec\u00e0nics - Fins a 50.000- Temperatura de treball - Fins 125\u00baC- Grau D'inflamabilitat - UL 94 V-2- Fastons De connexi\u00f3 4.8. 2.8 i 1.3mmHOMOLOGACIONS-ENEC, UL, RoHS\u00a0Fitxa T\u00e8cnica GP","og_url":"https:\/\/www.piris.com\/cataleg-de-productes\/interruptores-2\/interruptores-basculantes\/gp","og_site_name":"Piris","og_image":[{"width":452,"height":427,"url":"https:\/\/www.piris.com\/wp-content\/uploads\/GP.jpg","type":"image\/jpeg"}],"twitter_card":"summary_large_image","schema":{"@context":"https:\/\/schema.org","@graph":[{"@type":"WebPage","@id":"https:\/\/www.piris.com\/cataleg-de-productes\/interruptores-2\/interruptores-basculantes\/gp","url":"https:\/\/www.piris.com\/cataleg-de-productes\/interruptores-2\/interruptores-basculantes\/gp","name":"GP | Piris","isPartOf":{"@id":"https:\/\/www.piris.com\/#website"},"primaryImageOfPage":{"@id":"https:\/\/www.piris.com\/cataleg-de-productes\/interruptores-2\/interruptores-basculantes\/gp#primaryimage"},"image":{"@id":"https:\/\/www.piris.com\/cataleg-de-productes\/interruptores-2\/interruptores-basculantes\/gp#primaryimage"},"thumbnailUrl":"https:\/\/www.piris.com\/wp-content\/uploads\/GP.jpg","datePublished":"2015-10-05T10:33:14+00:00","dateModified":"2015-10-05T10:33:14+00:00","breadcrumb":{"@id":"https:\/\/www.piris.com\/cataleg-de-productes\/interruptores-2\/interruptores-basculantes\/gp#breadcrumb"},"inLanguage":"ca","potentialAction":[{"@type":"ReadAction","target":["https:\/\/www.piris.com\/cataleg-de-productes\/interruptores-2\/interruptores-basculantes\/gp"]}]},{"@type":"ImageObject","inLanguage":"ca","@id":"https:\/\/www.piris.com\/cataleg-de-productes\/interruptores-2\/interruptores-basculantes\/gp#primaryimage","url":"https:\/\/www.piris.com\/wp-content\/uploads\/GP.jpg","contentUrl":"https:\/\/www.piris.com\/wp-content\/uploads\/GP.jpg","width":452,"height":427},{"@type":"BreadcrumbList","@id":"https:\/\/www.piris.com\/cataleg-de-productes\/interruptores-2\/interruptores-basculantes\/gp#breadcrumb","itemListElement":[{"@type":"ListItem","position":1,"name":"Portada","item":"https:\/\/www.piris.com\/ca"},{"@type":"ListItem","position":2,"name":"Cat\u00e0leg de productes","item":"https:\/\/www.piris.com\/ca\/cataleg-de-productes"},{"@type":"ListItem","position":3,"name":"GP"}]},{"@type":"WebSite","@id":"https:\/\/www.piris.com\/#website","url":"https:\/\/www.piris.com\/","name":"Piris","description":"Components el\u00e8ctrics, mec\u00e0nics i electr\u00f2nics","publisher":{"@id":"https:\/\/www.piris.com\/#organization"},"potentialAction":[{"@type":"SearchAction","target":{"@type":"EntryPoint","urlTemplate":"https:\/\/www.piris.com\/?s={search_term_string}"},"query-input":"required name=search_term_string"}],"inLanguage":"ca"},{"@type":"Organization","@id":"https:\/\/www.piris.com\/#organization","name":"PIRIS","url":"https:\/\/www.piris.com\/","logo":{"@type":"ImageObject","inLanguage":"ca","@id":"https:\/\/www.piris.com\/#\/schema\/logo\/image\/","url":"https:\/\/www.piris.com\/wp-content\/uploads\/29-PIRIS.png","contentUrl":"https:\/\/www.piris.com\/wp-content\/uploads\/29-PIRIS.png","width":1280,"height":720,"caption":"PIRIS"},"image":{"@id":"https:\/\/www.piris.com\/#\/schema\/logo\/image\/"},"sameAs":["https:\/\/www.linkedin.com\/company\/piris\/"]}]}},"_links":{"self":[{"href":"https:\/\/www.piris.com\/ca\/wp-json\/wp\/v2\/product\/12854"}],"collection":[{"href":"https:\/\/www.piris.com\/ca\/wp-json\/wp\/v2\/product"}],"about":[{"href":"https:\/\/www.piris.com\/ca\/wp-json\/wp\/v2\/types\/product"}],"replies":[{"embeddable":true,"href":"https:\/\/www.piris.com\/ca\/wp-json\/wp\/v2\/comments?post=12854"}],"wp:featuredmedia":[{"embeddable":true,"href":"https:\/\/www.piris.com\/ca\/wp-json\/wp\/v2\/media\/7503"}],"wp:attachment":[{"href":"https:\/\/www.piris.com\/ca\/wp-json\/wp\/v2\/media?parent=12854"}],"wp:term":[{"taxonomy":"product_cat","embeddable":true,"href":"https:\/\/www.piris.com\/ca\/wp-json\/wp\/v2\/product_cat?post=12854"},{"taxonomy":"product_tag","embeddable":true,"href":"https:\/\/www.piris.com\/ca\/wp-json\/wp\/v2\/product_tag?post=12854"}],"curies":[{"name":"wp","href":"https:\/\/api.w.org\/{rel}","templated":true}]}}