{"id":12875,"date":"2015-10-05T13:02:24","date_gmt":"2015-10-05T11:02:24","guid":{"rendered":"http:\/\/piris.com\/catalogo-de-productos\/sin categorizar\/a4-2\/"},"modified":"2015-10-05T13:02:24","modified_gmt":"2015-10-05T11:02:24","slug":"a4-2","status":"publish","type":"product","link":"https:\/\/www.piris.com\/ca\/cataleg-de-productes\/interruptors\/interruptors-basculants\/a4-2","title":{"rendered":"A4"},"content":{"rendered":"","protected":false},"excerpt":{"rendered":"<p><span id=\"result_box\" class=\"\" lang=\"ca\"><span class=\"\">CARACTER\u00cdSTIQUES<\/span> <span class=\"\">PRINCIPALS<\/span><br \/>-Llumin\u00f3s o no llumin\u00f3s<br \/>-Disponible <span class=\"\">Protector<\/span> <span class=\"\">PVC<\/span> <span class=\"\">anti<\/span> esquitxades<br \/><span class=\"\">-Disponible<\/span> Versi\u00f3 polsant<br \/>-Mesures De muntatge &#8211; 22x19mm<\/p>\n<p>ESQUEMES EL\u00c8CTRICS DISPONIBLES<br \/>-Interruptor unipolar<br \/>-Pulsante Unipolar N \/ A<br \/>-Interruptor bipolar<br \/>-Interruptor Bipolar llumin\u00f3s<br \/>-Conmutador bipolar<br \/>-Conmutador Bipolar gener posici\u00f3 polsant<br \/>-Conmutador Unipolar 2 posicions polsant<\/p>\n<p>CARACTER\u00cdSTIQUES EL\u00c8CTRIQUES<br \/>&#8211; Intensitat de corrent &#8211; Fins a 13 (4) A<br \/>&#8211; Numero De cicles electromec\u00e0nics &#8211; Fins a 50.000<br \/>&#8211; Temperatura de treball &#8211; Fins 125\u00baC<br \/>&#8211; Grau D&#8217;inflamabilitat &#8211; UL 94 V-2<br \/>&#8211; Fastons De connexi\u00f3 4.8. 2.8mm<\/p>\n<p>HOMOLOGACIONS<br \/>-ENEC, UL, CSA i RoHS<\/span><\/p>\n<p><a href=\"http:\/\/piris.com\/wp-content\/uploads\/A4.pdf\" rel=\"\">Fitxa T\u00e8cnica A4<\/a><\/p>\n","protected":false},"featured_media":7469,"comment_status":"closed","ping_status":"closed","template":"","meta":[],"product_cat":[379],"product_tag":[],"yoast_head":"<!-- This site is optimized with the Yoast SEO plugin v23.0 - https:\/\/yoast.com\/wordpress\/plugins\/seo\/ -->\n<title>A4 | Piris<\/title>\n<meta name=\"robots\" content=\"index, follow, max-snippet:-1, max-image-preview:large, max-video-preview:-1\" \/>\n<link rel=\"canonical\" href=\"https:\/\/www.piris.com\/cataleg-de-productes\/interruptores-2\/interruptores-basculantes\/a4\" \/>\n<meta property=\"og:locale\" content=\"ca_ES\" \/>\n<meta property=\"og:type\" content=\"article\" \/>\n<meta property=\"og:title\" content=\"A4 | Piris\" \/>\n<meta property=\"og:description\" content=\"CARACTER\u00cdSTIQUES PRINCIPALS-Llumin\u00f3s o no llumin\u00f3s-Disponible Protector PVC anti esquitxades-Disponible Versi\u00f3 polsant-Mesures De muntatge - 22x19mmESQUEMES EL\u00c8CTRICS DISPONIBLES-Interruptor unipolar-Pulsante Unipolar N \/ A-Interruptor bipolar-Interruptor Bipolar llumin\u00f3s-Conmutador bipolar-Conmutador Bipolar gener posici\u00f3 polsant-Conmutador Unipolar 2 posicions polsantCARACTER\u00cdSTIQUES EL\u00c8CTRIQUES- Intensitat de corrent - Fins a 13 (4) A- Numero De cicles electromec\u00e0nics - Fins a 50.000- Temperatura de treball - Fins 125\u00baC- Grau D&#039;inflamabilitat - UL 94 V-2- Fastons De connexi\u00f3 4.8. 2.8mmHOMOLOGACIONS-ENEC, UL, CSA i RoHSFitxa T\u00e8cnica A4\" \/>\n<meta property=\"og:url\" content=\"https:\/\/www.piris.com\/cataleg-de-productes\/interruptores-2\/interruptores-basculantes\/a4\" \/>\n<meta property=\"og:site_name\" content=\"Piris\" \/>\n<meta property=\"og:image\" content=\"https:\/\/www.piris.com\/wp-content\/uploads\/A4.jpg\" \/>\n\t<meta property=\"og:image:width\" content=\"400\" \/>\n\t<meta property=\"og:image:height\" content=\"400\" \/>\n\t<meta property=\"og:image:type\" content=\"image\/jpeg\" \/>\n<meta name=\"twitter:card\" content=\"summary_large_image\" \/>\n<script type=\"application\/ld+json\" class=\"yoast-schema-graph\">{\"@context\":\"https:\/\/schema.org\",\"@graph\":[{\"@type\":\"WebPage\",\"@id\":\"https:\/\/www.piris.com\/cataleg-de-productes\/interruptores-2\/interruptores-basculantes\/a4\",\"url\":\"https:\/\/www.piris.com\/cataleg-de-productes\/interruptores-2\/interruptores-basculantes\/a4\",\"name\":\"A4 | Piris\",\"isPartOf\":{\"@id\":\"https:\/\/www.piris.com\/#website\"},\"primaryImageOfPage\":{\"@id\":\"https:\/\/www.piris.com\/cataleg-de-productes\/interruptores-2\/interruptores-basculantes\/a4#primaryimage\"},\"image\":{\"@id\":\"https:\/\/www.piris.com\/cataleg-de-productes\/interruptores-2\/interruptores-basculantes\/a4#primaryimage\"},\"thumbnailUrl\":\"https:\/\/www.piris.com\/wp-content\/uploads\/A4.jpg\",\"datePublished\":\"2015-10-05T11:02:24+00:00\",\"dateModified\":\"2015-10-05T11:02:24+00:00\",\"breadcrumb\":{\"@id\":\"https:\/\/www.piris.com\/cataleg-de-productes\/interruptores-2\/interruptores-basculantes\/a4#breadcrumb\"},\"inLanguage\":\"ca\",\"potentialAction\":[{\"@type\":\"ReadAction\",\"target\":[\"https:\/\/www.piris.com\/cataleg-de-productes\/interruptores-2\/interruptores-basculantes\/a4\"]}]},{\"@type\":\"ImageObject\",\"inLanguage\":\"ca\",\"@id\":\"https:\/\/www.piris.com\/cataleg-de-productes\/interruptores-2\/interruptores-basculantes\/a4#primaryimage\",\"url\":\"https:\/\/www.piris.com\/wp-content\/uploads\/A4.jpg\",\"contentUrl\":\"https:\/\/www.piris.com\/wp-content\/uploads\/A4.jpg\",\"width\":400,\"height\":400},{\"@type\":\"BreadcrumbList\",\"@id\":\"https:\/\/www.piris.com\/cataleg-de-productes\/interruptores-2\/interruptores-basculantes\/a4#breadcrumb\",\"itemListElement\":[{\"@type\":\"ListItem\",\"position\":1,\"name\":\"Portada\",\"item\":\"https:\/\/www.piris.com\/ca\"},{\"@type\":\"ListItem\",\"position\":2,\"name\":\"Cat\u00e0leg de productes\",\"item\":\"https:\/\/www.piris.com\/ca\/cataleg-de-productes\"},{\"@type\":\"ListItem\",\"position\":3,\"name\":\"A4\"}]},{\"@type\":\"WebSite\",\"@id\":\"https:\/\/www.piris.com\/#website\",\"url\":\"https:\/\/www.piris.com\/\",\"name\":\"Piris\",\"description\":\"Components el\u00e8ctrics, mec\u00e0nics i electr\u00f2nics\",\"publisher\":{\"@id\":\"https:\/\/www.piris.com\/#organization\"},\"potentialAction\":[{\"@type\":\"SearchAction\",\"target\":{\"@type\":\"EntryPoint\",\"urlTemplate\":\"https:\/\/www.piris.com\/?s={search_term_string}\"},\"query-input\":\"required name=search_term_string\"}],\"inLanguage\":\"ca\"},{\"@type\":\"Organization\",\"@id\":\"https:\/\/www.piris.com\/#organization\",\"name\":\"PIRIS\",\"url\":\"https:\/\/www.piris.com\/\",\"logo\":{\"@type\":\"ImageObject\",\"inLanguage\":\"ca\",\"@id\":\"https:\/\/www.piris.com\/#\/schema\/logo\/image\/\",\"url\":\"https:\/\/www.piris.com\/wp-content\/uploads\/29-PIRIS.png\",\"contentUrl\":\"https:\/\/www.piris.com\/wp-content\/uploads\/29-PIRIS.png\",\"width\":1280,\"height\":720,\"caption\":\"PIRIS\"},\"image\":{\"@id\":\"https:\/\/www.piris.com\/#\/schema\/logo\/image\/\"},\"sameAs\":[\"https:\/\/www.linkedin.com\/company\/piris\/\"]}]}<\/script>\n<!-- \/ Yoast SEO plugin. -->","yoast_head_json":{"title":"A4 | Piris","robots":{"index":"index","follow":"follow","max-snippet":"max-snippet:-1","max-image-preview":"max-image-preview:large","max-video-preview":"max-video-preview:-1"},"canonical":"https:\/\/www.piris.com\/cataleg-de-productes\/interruptores-2\/interruptores-basculantes\/a4","og_locale":"ca_ES","og_type":"article","og_title":"A4 | Piris","og_description":"CARACTER\u00cdSTIQUES PRINCIPALS-Llumin\u00f3s o no llumin\u00f3s-Disponible Protector PVC anti esquitxades-Disponible Versi\u00f3 polsant-Mesures De muntatge - 22x19mmESQUEMES EL\u00c8CTRICS DISPONIBLES-Interruptor unipolar-Pulsante Unipolar N \/ A-Interruptor bipolar-Interruptor Bipolar llumin\u00f3s-Conmutador bipolar-Conmutador Bipolar gener posici\u00f3 polsant-Conmutador Unipolar 2 posicions polsantCARACTER\u00cdSTIQUES EL\u00c8CTRIQUES- Intensitat de corrent - Fins a 13 (4) A- Numero De cicles electromec\u00e0nics - Fins a 50.000- Temperatura de treball - Fins 125\u00baC- Grau D'inflamabilitat - UL 94 V-2- Fastons De connexi\u00f3 4.8. 2.8mmHOMOLOGACIONS-ENEC, UL, CSA i RoHSFitxa T\u00e8cnica A4","og_url":"https:\/\/www.piris.com\/cataleg-de-productes\/interruptores-2\/interruptores-basculantes\/a4","og_site_name":"Piris","og_image":[{"width":400,"height":400,"url":"https:\/\/www.piris.com\/wp-content\/uploads\/A4.jpg","type":"image\/jpeg"}],"twitter_card":"summary_large_image","schema":{"@context":"https:\/\/schema.org","@graph":[{"@type":"WebPage","@id":"https:\/\/www.piris.com\/cataleg-de-productes\/interruptores-2\/interruptores-basculantes\/a4","url":"https:\/\/www.piris.com\/cataleg-de-productes\/interruptores-2\/interruptores-basculantes\/a4","name":"A4 | Piris","isPartOf":{"@id":"https:\/\/www.piris.com\/#website"},"primaryImageOfPage":{"@id":"https:\/\/www.piris.com\/cataleg-de-productes\/interruptores-2\/interruptores-basculantes\/a4#primaryimage"},"image":{"@id":"https:\/\/www.piris.com\/cataleg-de-productes\/interruptores-2\/interruptores-basculantes\/a4#primaryimage"},"thumbnailUrl":"https:\/\/www.piris.com\/wp-content\/uploads\/A4.jpg","datePublished":"2015-10-05T11:02:24+00:00","dateModified":"2015-10-05T11:02:24+00:00","breadcrumb":{"@id":"https:\/\/www.piris.com\/cataleg-de-productes\/interruptores-2\/interruptores-basculantes\/a4#breadcrumb"},"inLanguage":"ca","potentialAction":[{"@type":"ReadAction","target":["https:\/\/www.piris.com\/cataleg-de-productes\/interruptores-2\/interruptores-basculantes\/a4"]}]},{"@type":"ImageObject","inLanguage":"ca","@id":"https:\/\/www.piris.com\/cataleg-de-productes\/interruptores-2\/interruptores-basculantes\/a4#primaryimage","url":"https:\/\/www.piris.com\/wp-content\/uploads\/A4.jpg","contentUrl":"https:\/\/www.piris.com\/wp-content\/uploads\/A4.jpg","width":400,"height":400},{"@type":"BreadcrumbList","@id":"https:\/\/www.piris.com\/cataleg-de-productes\/interruptores-2\/interruptores-basculantes\/a4#breadcrumb","itemListElement":[{"@type":"ListItem","position":1,"name":"Portada","item":"https:\/\/www.piris.com\/ca"},{"@type":"ListItem","position":2,"name":"Cat\u00e0leg de productes","item":"https:\/\/www.piris.com\/ca\/cataleg-de-productes"},{"@type":"ListItem","position":3,"name":"A4"}]},{"@type":"WebSite","@id":"https:\/\/www.piris.com\/#website","url":"https:\/\/www.piris.com\/","name":"Piris","description":"Components el\u00e8ctrics, mec\u00e0nics i electr\u00f2nics","publisher":{"@id":"https:\/\/www.piris.com\/#organization"},"potentialAction":[{"@type":"SearchAction","target":{"@type":"EntryPoint","urlTemplate":"https:\/\/www.piris.com\/?s={search_term_string}"},"query-input":"required name=search_term_string"}],"inLanguage":"ca"},{"@type":"Organization","@id":"https:\/\/www.piris.com\/#organization","name":"PIRIS","url":"https:\/\/www.piris.com\/","logo":{"@type":"ImageObject","inLanguage":"ca","@id":"https:\/\/www.piris.com\/#\/schema\/logo\/image\/","url":"https:\/\/www.piris.com\/wp-content\/uploads\/29-PIRIS.png","contentUrl":"https:\/\/www.piris.com\/wp-content\/uploads\/29-PIRIS.png","width":1280,"height":720,"caption":"PIRIS"},"image":{"@id":"https:\/\/www.piris.com\/#\/schema\/logo\/image\/"},"sameAs":["https:\/\/www.linkedin.com\/company\/piris\/"]}]}},"_links":{"self":[{"href":"https:\/\/www.piris.com\/ca\/wp-json\/wp\/v2\/product\/12875"}],"collection":[{"href":"https:\/\/www.piris.com\/ca\/wp-json\/wp\/v2\/product"}],"about":[{"href":"https:\/\/www.piris.com\/ca\/wp-json\/wp\/v2\/types\/product"}],"replies":[{"embeddable":true,"href":"https:\/\/www.piris.com\/ca\/wp-json\/wp\/v2\/comments?post=12875"}],"wp:featuredmedia":[{"embeddable":true,"href":"https:\/\/www.piris.com\/ca\/wp-json\/wp\/v2\/media\/7469"}],"wp:attachment":[{"href":"https:\/\/www.piris.com\/ca\/wp-json\/wp\/v2\/media?parent=12875"}],"wp:term":[{"taxonomy":"product_cat","embeddable":true,"href":"https:\/\/www.piris.com\/ca\/wp-json\/wp\/v2\/product_cat?post=12875"},{"taxonomy":"product_tag","embeddable":true,"href":"https:\/\/www.piris.com\/ca\/wp-json\/wp\/v2\/product_tag?post=12875"}],"curies":[{"name":"wp","href":"https:\/\/api.w.org\/{rel}","templated":true}]}}