{"id":12882,"date":"2015-09-17T09:05:08","date_gmt":"2015-09-17T07:05:08","guid":{"rendered":"http:\/\/piris.com\/catalogo-de-productos\/sin%20categorizar\/sortida-vertical\/"},"modified":"2016-05-05T15:06:47","modified_gmt":"2016-05-05T13:06:47","slug":"sortida-vertical-2","status":"publish","type":"product","link":"https:\/\/www.piris.com\/ca\/cataleg-de-productes\/electrovalvules\/2-vies\/sortida-vertical-2","title":{"rendered":"Sortida Vertical"},"content":{"rendered":"","protected":false},"excerpt":{"rendered":"<p>R\u00e0cord d&#8217;entrada 3\/4 gas<br \/> R\u00e0cord de sortida en 10,5mm o 13,5mm amb angle de sortida a 90\u00ba o 180\u00ba<br \/> Brida de subjecci\u00f3 universal, en fibra o met\u00e0l.lica<br \/> V\u00e0lvula normalment tancada<br \/> Pressi\u00f3 operativa 0.2 &#8211; 10bar<\/p>\n<p>Tensions disponibles:<br \/> &#8211; 220\/240V 50\/60Hz 8VA<br \/> &#8211; 120V 60Hz 8VA<br \/> &#8211; 110V 50Hz 8VA<br \/> &#8211; 12V\/24V AC\/DC<\/p>\n<p>Reguladors de cabal disponibles:<br \/> &#8211; Entrada<br \/> &#8211; 8Lt\/min color negre<br \/> &#8211; 10Lt\/min color blanc<br \/> &#8211; 12Lt\/min color bronze<br \/> &#8211; 16Lt\/min color marr\u00f3<\/p>\n<p>&#8211; Sortida<br \/> &#8211; 0.25Lt\/min color vermell<br \/> &#8211; 0.5Lt\/min color taronja<br \/> &#8211; 1Lt\/min color blau cel<br \/> &#8211; 1.2Lt\/min color marr\u00f3<br \/> &#8211; 2.5Lt\/min color groc<br \/> &#8211; 3Lt\/min color verd<br \/> &#8211; 5Lt\/min color negre<br \/> &#8211; 8Lt\/min color blau mar\u00ed<\/p>\n<p><a title=\"Ficha T\u00e9cnica\" href=\"http:\/\/piris.com\/wp-content\/uploads\/pdf\/438__p_ED90-88.pdf\" target=\"_blank\">Fitxa T\u00e8cnica<\/a><\/p>\n","protected":false},"featured_media":6769,"comment_status":"closed","ping_status":"closed","template":"","meta":[],"product_cat":[319],"product_tag":[],"yoast_head":"<!-- This site is optimized with the Yoast SEO plugin v23.0 - https:\/\/yoast.com\/wordpress\/plugins\/seo\/ -->\n<title>Sortida Vertical | Piris<\/title>\n<meta name=\"robots\" content=\"index, follow, max-snippet:-1, max-image-preview:large, max-video-preview:-1\" \/>\n<link rel=\"canonical\" href=\"https:\/\/www.piris.com\/cataleg-de-productes\/electrovalvulas\/2-vias\/salida-vertical-2\" \/>\n<meta property=\"og:locale\" content=\"ca_ES\" \/>\n<meta property=\"og:type\" content=\"article\" \/>\n<meta property=\"og:title\" content=\"Sortida Vertical | Piris\" \/>\n<meta property=\"og:description\" content=\"R\u00e0cord d&#039;entrada 3\/4 gas R\u00e0cord de sortida en 10,5mm o 13,5mm amb angle de sortida a 90\u00ba o 180\u00ba Brida de subjecci\u00f3 universal, en fibra o met\u00e0l.lica V\u00e0lvula normalment tancada Pressi\u00f3 operativa 0.2 - 10barTensions disponibles: - 220\/240V 50\/60Hz 8VA - 120V 60Hz 8VA - 110V 50Hz 8VA - 12V\/24V AC\/DCReguladors de cabal disponibles: - Entrada - 8Lt\/min color negre - 10Lt\/min color blanc - 12Lt\/min color bronze - 16Lt\/min color marr\u00f3- Sortida - 0.25Lt\/min color vermell - 0.5Lt\/min color taronja - 1Lt\/min color blau cel - 1.2Lt\/min color marr\u00f3 - 2.5Lt\/min color groc - 3Lt\/min color verd - 5Lt\/min color negre - 8Lt\/min color blau mar\u00edFitxa T\u00e8cnica\" \/>\n<meta property=\"og:url\" content=\"https:\/\/www.piris.com\/cataleg-de-productes\/electrovalvulas\/2-vias\/salida-vertical-2\" \/>\n<meta property=\"og:site_name\" content=\"Piris\" \/>\n<meta property=\"article:modified_time\" content=\"2016-05-05T13:06:47+00:00\" \/>\n<meta property=\"og:image\" content=\"https:\/\/www.piris.com\/wp-content\/uploads\/2-VIAS-VERTICAL.jpg\" \/>\n\t<meta property=\"og:image:width\" content=\"400\" \/>\n\t<meta property=\"og:image:height\" content=\"400\" \/>\n\t<meta property=\"og:image:type\" content=\"image\/jpeg\" \/>\n<meta name=\"twitter:card\" content=\"summary_large_image\" \/>\n<script type=\"application\/ld+json\" class=\"yoast-schema-graph\">{\"@context\":\"https:\/\/schema.org\",\"@graph\":[{\"@type\":\"WebPage\",\"@id\":\"https:\/\/www.piris.com\/cataleg-de-productes\/electrovalvulas\/2-vias\/salida-vertical-2\",\"url\":\"https:\/\/www.piris.com\/cataleg-de-productes\/electrovalvulas\/2-vias\/salida-vertical-2\",\"name\":\"Sortida Vertical | Piris\",\"isPartOf\":{\"@id\":\"https:\/\/www.piris.com\/#website\"},\"primaryImageOfPage\":{\"@id\":\"https:\/\/www.piris.com\/cataleg-de-productes\/electrovalvulas\/2-vias\/salida-vertical-2#primaryimage\"},\"image\":{\"@id\":\"https:\/\/www.piris.com\/cataleg-de-productes\/electrovalvulas\/2-vias\/salida-vertical-2#primaryimage\"},\"thumbnailUrl\":\"https:\/\/www.piris.com\/wp-content\/uploads\/2-VIAS-VERTICAL.jpg\",\"datePublished\":\"2015-09-17T07:05:08+00:00\",\"dateModified\":\"2016-05-05T13:06:47+00:00\",\"breadcrumb\":{\"@id\":\"https:\/\/www.piris.com\/cataleg-de-productes\/electrovalvulas\/2-vias\/salida-vertical-2#breadcrumb\"},\"inLanguage\":\"ca\",\"potentialAction\":[{\"@type\":\"ReadAction\",\"target\":[\"https:\/\/www.piris.com\/cataleg-de-productes\/electrovalvulas\/2-vias\/salida-vertical-2\"]}]},{\"@type\":\"ImageObject\",\"inLanguage\":\"ca\",\"@id\":\"https:\/\/www.piris.com\/cataleg-de-productes\/electrovalvulas\/2-vias\/salida-vertical-2#primaryimage\",\"url\":\"https:\/\/www.piris.com\/wp-content\/uploads\/2-VIAS-VERTICAL.jpg\",\"contentUrl\":\"https:\/\/www.piris.com\/wp-content\/uploads\/2-VIAS-VERTICAL.jpg\",\"width\":400,\"height\":400},{\"@type\":\"BreadcrumbList\",\"@id\":\"https:\/\/www.piris.com\/cataleg-de-productes\/electrovalvulas\/2-vias\/salida-vertical-2#breadcrumb\",\"itemListElement\":[{\"@type\":\"ListItem\",\"position\":1,\"name\":\"Portada\",\"item\":\"https:\/\/www.piris.com\/ca\"},{\"@type\":\"ListItem\",\"position\":2,\"name\":\"Cat\u00e0leg de productes\",\"item\":\"https:\/\/www.piris.com\/ca\/cataleg-de-productes\"},{\"@type\":\"ListItem\",\"position\":3,\"name\":\"Sortida Vertical\"}]},{\"@type\":\"WebSite\",\"@id\":\"https:\/\/www.piris.com\/#website\",\"url\":\"https:\/\/www.piris.com\/\",\"name\":\"Piris\",\"description\":\"Components el\u00e8ctrics, mec\u00e0nics i electr\u00f2nics\",\"publisher\":{\"@id\":\"https:\/\/www.piris.com\/#organization\"},\"potentialAction\":[{\"@type\":\"SearchAction\",\"target\":{\"@type\":\"EntryPoint\",\"urlTemplate\":\"https:\/\/www.piris.com\/?s={search_term_string}\"},\"query-input\":\"required name=search_term_string\"}],\"inLanguage\":\"ca\"},{\"@type\":\"Organization\",\"@id\":\"https:\/\/www.piris.com\/#organization\",\"name\":\"PIRIS\",\"url\":\"https:\/\/www.piris.com\/\",\"logo\":{\"@type\":\"ImageObject\",\"inLanguage\":\"ca\",\"@id\":\"https:\/\/www.piris.com\/#\/schema\/logo\/image\/\",\"url\":\"https:\/\/www.piris.com\/wp-content\/uploads\/29-PIRIS.png\",\"contentUrl\":\"https:\/\/www.piris.com\/wp-content\/uploads\/29-PIRIS.png\",\"width\":1280,\"height\":720,\"caption\":\"PIRIS\"},\"image\":{\"@id\":\"https:\/\/www.piris.com\/#\/schema\/logo\/image\/\"},\"sameAs\":[\"https:\/\/www.linkedin.com\/company\/piris\/\"]}]}<\/script>\n<!-- \/ Yoast SEO plugin. -->","yoast_head_json":{"title":"Sortida Vertical | Piris","robots":{"index":"index","follow":"follow","max-snippet":"max-snippet:-1","max-image-preview":"max-image-preview:large","max-video-preview":"max-video-preview:-1"},"canonical":"https:\/\/www.piris.com\/cataleg-de-productes\/electrovalvulas\/2-vias\/salida-vertical-2","og_locale":"ca_ES","og_type":"article","og_title":"Sortida Vertical | Piris","og_description":"R\u00e0cord d'entrada 3\/4 gas R\u00e0cord de sortida en 10,5mm o 13,5mm amb angle de sortida a 90\u00ba o 180\u00ba Brida de subjecci\u00f3 universal, en fibra o met\u00e0l.lica V\u00e0lvula normalment tancada Pressi\u00f3 operativa 0.2 - 10barTensions disponibles: - 220\/240V 50\/60Hz 8VA - 120V 60Hz 8VA - 110V 50Hz 8VA - 12V\/24V AC\/DCReguladors de cabal disponibles: - Entrada - 8Lt\/min color negre - 10Lt\/min color blanc - 12Lt\/min color bronze - 16Lt\/min color marr\u00f3- Sortida - 0.25Lt\/min color vermell - 0.5Lt\/min color taronja - 1Lt\/min color blau cel - 1.2Lt\/min color marr\u00f3 - 2.5Lt\/min color groc - 3Lt\/min color verd - 5Lt\/min color negre - 8Lt\/min color blau mar\u00edFitxa T\u00e8cnica","og_url":"https:\/\/www.piris.com\/cataleg-de-productes\/electrovalvulas\/2-vias\/salida-vertical-2","og_site_name":"Piris","article_modified_time":"2016-05-05T13:06:47+00:00","og_image":[{"width":400,"height":400,"url":"https:\/\/www.piris.com\/wp-content\/uploads\/2-VIAS-VERTICAL.jpg","type":"image\/jpeg"}],"twitter_card":"summary_large_image","schema":{"@context":"https:\/\/schema.org","@graph":[{"@type":"WebPage","@id":"https:\/\/www.piris.com\/cataleg-de-productes\/electrovalvulas\/2-vias\/salida-vertical-2","url":"https:\/\/www.piris.com\/cataleg-de-productes\/electrovalvulas\/2-vias\/salida-vertical-2","name":"Sortida Vertical | Piris","isPartOf":{"@id":"https:\/\/www.piris.com\/#website"},"primaryImageOfPage":{"@id":"https:\/\/www.piris.com\/cataleg-de-productes\/electrovalvulas\/2-vias\/salida-vertical-2#primaryimage"},"image":{"@id":"https:\/\/www.piris.com\/cataleg-de-productes\/electrovalvulas\/2-vias\/salida-vertical-2#primaryimage"},"thumbnailUrl":"https:\/\/www.piris.com\/wp-content\/uploads\/2-VIAS-VERTICAL.jpg","datePublished":"2015-09-17T07:05:08+00:00","dateModified":"2016-05-05T13:06:47+00:00","breadcrumb":{"@id":"https:\/\/www.piris.com\/cataleg-de-productes\/electrovalvulas\/2-vias\/salida-vertical-2#breadcrumb"},"inLanguage":"ca","potentialAction":[{"@type":"ReadAction","target":["https:\/\/www.piris.com\/cataleg-de-productes\/electrovalvulas\/2-vias\/salida-vertical-2"]}]},{"@type":"ImageObject","inLanguage":"ca","@id":"https:\/\/www.piris.com\/cataleg-de-productes\/electrovalvulas\/2-vias\/salida-vertical-2#primaryimage","url":"https:\/\/www.piris.com\/wp-content\/uploads\/2-VIAS-VERTICAL.jpg","contentUrl":"https:\/\/www.piris.com\/wp-content\/uploads\/2-VIAS-VERTICAL.jpg","width":400,"height":400},{"@type":"BreadcrumbList","@id":"https:\/\/www.piris.com\/cataleg-de-productes\/electrovalvulas\/2-vias\/salida-vertical-2#breadcrumb","itemListElement":[{"@type":"ListItem","position":1,"name":"Portada","item":"https:\/\/www.piris.com\/ca"},{"@type":"ListItem","position":2,"name":"Cat\u00e0leg de productes","item":"https:\/\/www.piris.com\/ca\/cataleg-de-productes"},{"@type":"ListItem","position":3,"name":"Sortida Vertical"}]},{"@type":"WebSite","@id":"https:\/\/www.piris.com\/#website","url":"https:\/\/www.piris.com\/","name":"Piris","description":"Components el\u00e8ctrics, mec\u00e0nics i electr\u00f2nics","publisher":{"@id":"https:\/\/www.piris.com\/#organization"},"potentialAction":[{"@type":"SearchAction","target":{"@type":"EntryPoint","urlTemplate":"https:\/\/www.piris.com\/?s={search_term_string}"},"query-input":"required name=search_term_string"}],"inLanguage":"ca"},{"@type":"Organization","@id":"https:\/\/www.piris.com\/#organization","name":"PIRIS","url":"https:\/\/www.piris.com\/","logo":{"@type":"ImageObject","inLanguage":"ca","@id":"https:\/\/www.piris.com\/#\/schema\/logo\/image\/","url":"https:\/\/www.piris.com\/wp-content\/uploads\/29-PIRIS.png","contentUrl":"https:\/\/www.piris.com\/wp-content\/uploads\/29-PIRIS.png","width":1280,"height":720,"caption":"PIRIS"},"image":{"@id":"https:\/\/www.piris.com\/#\/schema\/logo\/image\/"},"sameAs":["https:\/\/www.linkedin.com\/company\/piris\/"]}]}},"_links":{"self":[{"href":"https:\/\/www.piris.com\/ca\/wp-json\/wp\/v2\/product\/12882"}],"collection":[{"href":"https:\/\/www.piris.com\/ca\/wp-json\/wp\/v2\/product"}],"about":[{"href":"https:\/\/www.piris.com\/ca\/wp-json\/wp\/v2\/types\/product"}],"replies":[{"embeddable":true,"href":"https:\/\/www.piris.com\/ca\/wp-json\/wp\/v2\/comments?post=12882"}],"wp:featuredmedia":[{"embeddable":true,"href":"https:\/\/www.piris.com\/ca\/wp-json\/wp\/v2\/media\/6769"}],"wp:attachment":[{"href":"https:\/\/www.piris.com\/ca\/wp-json\/wp\/v2\/media?parent=12882"}],"wp:term":[{"taxonomy":"product_cat","embeddable":true,"href":"https:\/\/www.piris.com\/ca\/wp-json\/wp\/v2\/product_cat?post=12882"},{"taxonomy":"product_tag","embeddable":true,"href":"https:\/\/www.piris.com\/ca\/wp-json\/wp\/v2\/product_tag?post=12882"}],"curies":[{"name":"wp","href":"https:\/\/api.w.org\/{rel}","templated":true}]}}