{"id":12894,"date":"2015-09-16T11:07:11","date_gmt":"2015-09-16T09:07:11","guid":{"rendered":"http:\/\/piris.com\/catalogo-de-productos\/sin categorizar\/b5-2\/"},"modified":"2015-09-16T11:07:11","modified_gmt":"2015-09-16T09:07:11","slug":"b5-2","status":"publish","type":"product","link":"https:\/\/www.piris.com\/ca\/cataleg-de-productes\/senyaladors-lluminosos-pilots\/pilots\/pilot-rectangular-30-x-11-mm\/b5-2","title":{"rendered":"B5"},"content":{"rendered":"","protected":false},"excerpt":{"rendered":"<p><strong>Pilot de la S\u00e8rie B5 de Molveno<\/strong><\/p>\n<p><strong>CARACTER\u00cdSTIQUES<\/strong><br \/> Temperatura M\u00e0xima de treball 120 \u00ba<br \/> Fabricat en material UL94 V2<br \/> Fastons de connexi\u00f3 de 6,3 mm<br \/> Homologacions CE, VDE, UL i CSA<\/p>\n<p><strong>COLORS DISPONIBLES<\/strong><br \/> Cos Negre &#8211; Pilot Verd<br \/> Cos Negre &#8211; Pilot Vermell<br \/> Cos Negre &#8211; Pilot Ambre<\/p>\n<p><a href=\"http:\/\/piris.com\/wp-content\/uploads\/B5.pdf\" rel=\"\">Fitxa T\u00e8cnica B5<\/a><\/p>\n","protected":false},"featured_media":7799,"comment_status":"closed","ping_status":"closed","template":"","meta":[],"product_cat":[496],"product_tag":[],"yoast_head":"<!-- This site is optimized with the Yoast SEO plugin v23.0 - https:\/\/yoast.com\/wordpress\/plugins\/seo\/ -->\n<title>B5 | Piris<\/title>\n<meta name=\"robots\" content=\"index, follow, max-snippet:-1, max-image-preview:large, max-video-preview:-1\" \/>\n<link rel=\"canonical\" href=\"https:\/\/www.piris.com\/cataleg-de-productes\/senalizadores-luminosos\/pilotos\/piloto-rectangular-30x11-mm\/b5\" \/>\n<meta property=\"og:locale\" content=\"ca_ES\" \/>\n<meta property=\"og:type\" content=\"article\" \/>\n<meta property=\"og:title\" content=\"B5 | Piris\" \/>\n<meta property=\"og:description\" content=\"Pilot de la S\u00e8rie B5 de MolvenoCARACTER\u00cdSTIQUES Temperatura M\u00e0xima de treball 120 \u00ba Fabricat en material UL94 V2 Fastons de connexi\u00f3 de 6,3 mm Homologacions CE, VDE, UL i CSACOLORS DISPONIBLES Cos Negre - Pilot Verd Cos Negre - Pilot Vermell Cos Negre - Pilot AmbreFitxa T\u00e8cnica B5\" \/>\n<meta property=\"og:url\" content=\"https:\/\/www.piris.com\/cataleg-de-productes\/senalizadores-luminosos\/pilotos\/piloto-rectangular-30x11-mm\/b5\" \/>\n<meta property=\"og:site_name\" content=\"Piris\" \/>\n<meta property=\"og:image\" content=\"https:\/\/www.piris.com\/wp-content\/uploads\/B5.jpg\" \/>\n\t<meta property=\"og:image:width\" content=\"452\" \/>\n\t<meta property=\"og:image:height\" content=\"427\" \/>\n\t<meta property=\"og:image:type\" content=\"image\/jpeg\" \/>\n<meta name=\"twitter:card\" content=\"summary_large_image\" \/>\n<script type=\"application\/ld+json\" class=\"yoast-schema-graph\">{\"@context\":\"https:\/\/schema.org\",\"@graph\":[{\"@type\":\"WebPage\",\"@id\":\"https:\/\/www.piris.com\/cataleg-de-productes\/senalizadores-luminosos\/pilotos\/piloto-rectangular-30x11-mm\/b5\",\"url\":\"https:\/\/www.piris.com\/cataleg-de-productes\/senalizadores-luminosos\/pilotos\/piloto-rectangular-30x11-mm\/b5\",\"name\":\"B5 | Piris\",\"isPartOf\":{\"@id\":\"https:\/\/www.piris.com\/#website\"},\"primaryImageOfPage\":{\"@id\":\"https:\/\/www.piris.com\/cataleg-de-productes\/senalizadores-luminosos\/pilotos\/piloto-rectangular-30x11-mm\/b5#primaryimage\"},\"image\":{\"@id\":\"https:\/\/www.piris.com\/cataleg-de-productes\/senalizadores-luminosos\/pilotos\/piloto-rectangular-30x11-mm\/b5#primaryimage\"},\"thumbnailUrl\":\"https:\/\/www.piris.com\/wp-content\/uploads\/B5.jpg\",\"datePublished\":\"2015-09-16T09:07:11+00:00\",\"dateModified\":\"2015-09-16T09:07:11+00:00\",\"breadcrumb\":{\"@id\":\"https:\/\/www.piris.com\/cataleg-de-productes\/senalizadores-luminosos\/pilotos\/piloto-rectangular-30x11-mm\/b5#breadcrumb\"},\"inLanguage\":\"ca\",\"potentialAction\":[{\"@type\":\"ReadAction\",\"target\":[\"https:\/\/www.piris.com\/cataleg-de-productes\/senalizadores-luminosos\/pilotos\/piloto-rectangular-30x11-mm\/b5\"]}]},{\"@type\":\"ImageObject\",\"inLanguage\":\"ca\",\"@id\":\"https:\/\/www.piris.com\/cataleg-de-productes\/senalizadores-luminosos\/pilotos\/piloto-rectangular-30x11-mm\/b5#primaryimage\",\"url\":\"https:\/\/www.piris.com\/wp-content\/uploads\/B5.jpg\",\"contentUrl\":\"https:\/\/www.piris.com\/wp-content\/uploads\/B5.jpg\",\"width\":452,\"height\":427},{\"@type\":\"BreadcrumbList\",\"@id\":\"https:\/\/www.piris.com\/cataleg-de-productes\/senalizadores-luminosos\/pilotos\/piloto-rectangular-30x11-mm\/b5#breadcrumb\",\"itemListElement\":[{\"@type\":\"ListItem\",\"position\":1,\"name\":\"Portada\",\"item\":\"https:\/\/www.piris.com\/ca\"},{\"@type\":\"ListItem\",\"position\":2,\"name\":\"Cat\u00e0leg de productes\",\"item\":\"https:\/\/www.piris.com\/ca\/cataleg-de-productes\"},{\"@type\":\"ListItem\",\"position\":3,\"name\":\"B5\"}]},{\"@type\":\"WebSite\",\"@id\":\"https:\/\/www.piris.com\/#website\",\"url\":\"https:\/\/www.piris.com\/\",\"name\":\"Piris\",\"description\":\"Components el\u00e8ctrics, mec\u00e0nics i electr\u00f2nics\",\"publisher\":{\"@id\":\"https:\/\/www.piris.com\/#organization\"},\"potentialAction\":[{\"@type\":\"SearchAction\",\"target\":{\"@type\":\"EntryPoint\",\"urlTemplate\":\"https:\/\/www.piris.com\/?s={search_term_string}\"},\"query-input\":\"required name=search_term_string\"}],\"inLanguage\":\"ca\"},{\"@type\":\"Organization\",\"@id\":\"https:\/\/www.piris.com\/#organization\",\"name\":\"PIRIS\",\"url\":\"https:\/\/www.piris.com\/\",\"logo\":{\"@type\":\"ImageObject\",\"inLanguage\":\"ca\",\"@id\":\"https:\/\/www.piris.com\/#\/schema\/logo\/image\/\",\"url\":\"https:\/\/www.piris.com\/wp-content\/uploads\/29-PIRIS.png\",\"contentUrl\":\"https:\/\/www.piris.com\/wp-content\/uploads\/29-PIRIS.png\",\"width\":1280,\"height\":720,\"caption\":\"PIRIS\"},\"image\":{\"@id\":\"https:\/\/www.piris.com\/#\/schema\/logo\/image\/\"},\"sameAs\":[\"https:\/\/www.linkedin.com\/company\/piris\/\"]}]}<\/script>\n<!-- \/ Yoast SEO plugin. -->","yoast_head_json":{"title":"B5 | Piris","robots":{"index":"index","follow":"follow","max-snippet":"max-snippet:-1","max-image-preview":"max-image-preview:large","max-video-preview":"max-video-preview:-1"},"canonical":"https:\/\/www.piris.com\/cataleg-de-productes\/senalizadores-luminosos\/pilotos\/piloto-rectangular-30x11-mm\/b5","og_locale":"ca_ES","og_type":"article","og_title":"B5 | Piris","og_description":"Pilot de la S\u00e8rie B5 de MolvenoCARACTER\u00cdSTIQUES Temperatura M\u00e0xima de treball 120 \u00ba Fabricat en material UL94 V2 Fastons de connexi\u00f3 de 6,3 mm Homologacions CE, VDE, UL i CSACOLORS DISPONIBLES Cos Negre - Pilot Verd Cos Negre - Pilot Vermell Cos Negre - Pilot AmbreFitxa T\u00e8cnica B5","og_url":"https:\/\/www.piris.com\/cataleg-de-productes\/senalizadores-luminosos\/pilotos\/piloto-rectangular-30x11-mm\/b5","og_site_name":"Piris","og_image":[{"width":452,"height":427,"url":"https:\/\/www.piris.com\/wp-content\/uploads\/B5.jpg","type":"image\/jpeg"}],"twitter_card":"summary_large_image","schema":{"@context":"https:\/\/schema.org","@graph":[{"@type":"WebPage","@id":"https:\/\/www.piris.com\/cataleg-de-productes\/senalizadores-luminosos\/pilotos\/piloto-rectangular-30x11-mm\/b5","url":"https:\/\/www.piris.com\/cataleg-de-productes\/senalizadores-luminosos\/pilotos\/piloto-rectangular-30x11-mm\/b5","name":"B5 | Piris","isPartOf":{"@id":"https:\/\/www.piris.com\/#website"},"primaryImageOfPage":{"@id":"https:\/\/www.piris.com\/cataleg-de-productes\/senalizadores-luminosos\/pilotos\/piloto-rectangular-30x11-mm\/b5#primaryimage"},"image":{"@id":"https:\/\/www.piris.com\/cataleg-de-productes\/senalizadores-luminosos\/pilotos\/piloto-rectangular-30x11-mm\/b5#primaryimage"},"thumbnailUrl":"https:\/\/www.piris.com\/wp-content\/uploads\/B5.jpg","datePublished":"2015-09-16T09:07:11+00:00","dateModified":"2015-09-16T09:07:11+00:00","breadcrumb":{"@id":"https:\/\/www.piris.com\/cataleg-de-productes\/senalizadores-luminosos\/pilotos\/piloto-rectangular-30x11-mm\/b5#breadcrumb"},"inLanguage":"ca","potentialAction":[{"@type":"ReadAction","target":["https:\/\/www.piris.com\/cataleg-de-productes\/senalizadores-luminosos\/pilotos\/piloto-rectangular-30x11-mm\/b5"]}]},{"@type":"ImageObject","inLanguage":"ca","@id":"https:\/\/www.piris.com\/cataleg-de-productes\/senalizadores-luminosos\/pilotos\/piloto-rectangular-30x11-mm\/b5#primaryimage","url":"https:\/\/www.piris.com\/wp-content\/uploads\/B5.jpg","contentUrl":"https:\/\/www.piris.com\/wp-content\/uploads\/B5.jpg","width":452,"height":427},{"@type":"BreadcrumbList","@id":"https:\/\/www.piris.com\/cataleg-de-productes\/senalizadores-luminosos\/pilotos\/piloto-rectangular-30x11-mm\/b5#breadcrumb","itemListElement":[{"@type":"ListItem","position":1,"name":"Portada","item":"https:\/\/www.piris.com\/ca"},{"@type":"ListItem","position":2,"name":"Cat\u00e0leg de productes","item":"https:\/\/www.piris.com\/ca\/cataleg-de-productes"},{"@type":"ListItem","position":3,"name":"B5"}]},{"@type":"WebSite","@id":"https:\/\/www.piris.com\/#website","url":"https:\/\/www.piris.com\/","name":"Piris","description":"Components el\u00e8ctrics, mec\u00e0nics i electr\u00f2nics","publisher":{"@id":"https:\/\/www.piris.com\/#organization"},"potentialAction":[{"@type":"SearchAction","target":{"@type":"EntryPoint","urlTemplate":"https:\/\/www.piris.com\/?s={search_term_string}"},"query-input":"required name=search_term_string"}],"inLanguage":"ca"},{"@type":"Organization","@id":"https:\/\/www.piris.com\/#organization","name":"PIRIS","url":"https:\/\/www.piris.com\/","logo":{"@type":"ImageObject","inLanguage":"ca","@id":"https:\/\/www.piris.com\/#\/schema\/logo\/image\/","url":"https:\/\/www.piris.com\/wp-content\/uploads\/29-PIRIS.png","contentUrl":"https:\/\/www.piris.com\/wp-content\/uploads\/29-PIRIS.png","width":1280,"height":720,"caption":"PIRIS"},"image":{"@id":"https:\/\/www.piris.com\/#\/schema\/logo\/image\/"},"sameAs":["https:\/\/www.linkedin.com\/company\/piris\/"]}]}},"_links":{"self":[{"href":"https:\/\/www.piris.com\/ca\/wp-json\/wp\/v2\/product\/12894"}],"collection":[{"href":"https:\/\/www.piris.com\/ca\/wp-json\/wp\/v2\/product"}],"about":[{"href":"https:\/\/www.piris.com\/ca\/wp-json\/wp\/v2\/types\/product"}],"replies":[{"embeddable":true,"href":"https:\/\/www.piris.com\/ca\/wp-json\/wp\/v2\/comments?post=12894"}],"wp:featuredmedia":[{"embeddable":true,"href":"https:\/\/www.piris.com\/ca\/wp-json\/wp\/v2\/media\/7799"}],"wp:attachment":[{"href":"https:\/\/www.piris.com\/ca\/wp-json\/wp\/v2\/media?parent=12894"}],"wp:term":[{"taxonomy":"product_cat","embeddable":true,"href":"https:\/\/www.piris.com\/ca\/wp-json\/wp\/v2\/product_cat?post=12894"},{"taxonomy":"product_tag","embeddable":true,"href":"https:\/\/www.piris.com\/ca\/wp-json\/wp\/v2\/product_tag?post=12894"}],"curies":[{"name":"wp","href":"https:\/\/api.w.org\/{rel}","templated":true}]}}