{"id":12953,"date":"2015-09-16T11:43:43","date_gmt":"2015-09-16T09:43:43","guid":{"rendered":"http:\/\/piris.com\/catalogo-de-productos\/sin categorizar\/sx218-2\/"},"modified":"2015-09-16T11:43:43","modified_gmt":"2015-09-16T09:43:43","slug":"sx218-2","status":"publish","type":"product","link":"https:\/\/www.piris.com\/ca\/cataleg-de-productes\/senyaladors-lluminosos-pilots\/pilots\/pilots-diametre-9-mm\/sx218-2","title":{"rendered":"SX218"},"content":{"rendered":"","protected":false},"excerpt":{"rendered":"<div id=\"descripcio_producte\">\n<p><strong>QUALITATS DE LA LLUM<br \/><\/strong>Ne\u00f3<br \/>Incandesc\u00e8ncia<br \/>LED en versions AC i DC<\/p>\n<p><strong>VOLTATGES DISPONIBLES <br \/><\/strong>2V &#8211; 12V\u00a0&#8211; 24V &#8211; 125V &#8211; 250V &#8211; 400V<\/p>\n<p><strong>TEMPERATURA DE TREBALL (Depenent del model)<br \/><\/strong>De 75\u00baC a 150\u00baC\u00a0<\/p>\n<p><strong>COLORS DISPONIBLES<br \/><\/strong>Vermell &#8211; \u00c0mbar &#8211; Verd &#8211; Blau &#8211; Transparent<\/p>\n<p>Altres colors sota demanda.<\/p>\n<p><strong>ACABATS DE CONNEXI\u00d3 <\/strong><strong>(Depenent del model)<\/strong><br \/>Cables en PVC o SILICONA<\/p>\n<p>Faston 6,35mm<br \/>Signal-click<\/p>\n<p><strong>HOMOLOGACIONS <\/strong><strong>(Depenent del model)<\/strong><br \/>CE &#8211; VDE &#8211; UL<\/p>\n<p><a href=\"http:\/\/piris.com\/wp-content\/uploads\/SX218.pdf\" rel=\"\">Fitxa T\u00e8cnica SX218<\/a><\/p>\n<\/div>\n","protected":false},"featured_media":7884,"comment_status":"closed","ping_status":"closed","template":"","meta":[],"product_cat":[506],"product_tag":[],"yoast_head":"<!-- This site is optimized with the Yoast SEO plugin v23.0 - https:\/\/yoast.com\/wordpress\/plugins\/seo\/ -->\n<title>SX218 | Piris<\/title>\n<meta name=\"robots\" content=\"index, follow, max-snippet:-1, max-image-preview:large, max-video-preview:-1\" \/>\n<link rel=\"canonical\" href=\"https:\/\/www.piris.com\/cataleg-de-productes\/senalizadores-luminosos\/pilotos\/pilotos-diametro-9-mm\/sx218\" \/>\n<meta property=\"og:locale\" content=\"ca_ES\" \/>\n<meta property=\"og:type\" content=\"article\" \/>\n<meta property=\"og:title\" content=\"SX218 | Piris\" \/>\n<meta property=\"og:description\" content=\"QUALITATS DE LA LLUMNe\u00f3Incandesc\u00e8nciaLED en versions AC i DCVOLTATGES DISPONIBLES 2V - 12V\u00a0- 24V - 125V - 250V - 400VTEMPERATURA DE TREBALL (Depenent del model)De 75\u00baC a 150\u00baC\u00a0COLORS DISPONIBLESVermell - \u00c0mbar - Verd - Blau - TransparentAltres colors sota demanda.ACABATS DE CONNEXI\u00d3 (Depenent del model)Cables en PVC o SILICONAFaston 6,35mmSignal-clickHOMOLOGACIONS (Depenent del model)CE - VDE - ULFitxa T\u00e8cnica SX218\" \/>\n<meta property=\"og:url\" content=\"https:\/\/www.piris.com\/cataleg-de-productes\/senalizadores-luminosos\/pilotos\/pilotos-diametro-9-mm\/sx218\" \/>\n<meta property=\"og:site_name\" content=\"Piris\" \/>\n<meta property=\"og:image\" content=\"https:\/\/www.piris.com\/wp-content\/uploads\/SX218.jpg\" \/>\n\t<meta property=\"og:image:width\" content=\"400\" \/>\n\t<meta property=\"og:image:height\" content=\"431\" \/>\n\t<meta property=\"og:image:type\" content=\"image\/jpeg\" \/>\n<meta name=\"twitter:card\" content=\"summary_large_image\" \/>\n<script type=\"application\/ld+json\" class=\"yoast-schema-graph\">{\"@context\":\"https:\/\/schema.org\",\"@graph\":[{\"@type\":\"WebPage\",\"@id\":\"https:\/\/www.piris.com\/cataleg-de-productes\/senalizadores-luminosos\/pilotos\/pilotos-diametro-9-mm\/sx218\",\"url\":\"https:\/\/www.piris.com\/cataleg-de-productes\/senalizadores-luminosos\/pilotos\/pilotos-diametro-9-mm\/sx218\",\"name\":\"SX218 | Piris\",\"isPartOf\":{\"@id\":\"https:\/\/www.piris.com\/#website\"},\"primaryImageOfPage\":{\"@id\":\"https:\/\/www.piris.com\/cataleg-de-productes\/senalizadores-luminosos\/pilotos\/pilotos-diametro-9-mm\/sx218#primaryimage\"},\"image\":{\"@id\":\"https:\/\/www.piris.com\/cataleg-de-productes\/senalizadores-luminosos\/pilotos\/pilotos-diametro-9-mm\/sx218#primaryimage\"},\"thumbnailUrl\":\"https:\/\/www.piris.com\/wp-content\/uploads\/SX218.jpg\",\"datePublished\":\"2015-09-16T09:43:43+00:00\",\"dateModified\":\"2015-09-16T09:43:43+00:00\",\"breadcrumb\":{\"@id\":\"https:\/\/www.piris.com\/cataleg-de-productes\/senalizadores-luminosos\/pilotos\/pilotos-diametro-9-mm\/sx218#breadcrumb\"},\"inLanguage\":\"ca\",\"potentialAction\":[{\"@type\":\"ReadAction\",\"target\":[\"https:\/\/www.piris.com\/cataleg-de-productes\/senalizadores-luminosos\/pilotos\/pilotos-diametro-9-mm\/sx218\"]}]},{\"@type\":\"ImageObject\",\"inLanguage\":\"ca\",\"@id\":\"https:\/\/www.piris.com\/cataleg-de-productes\/senalizadores-luminosos\/pilotos\/pilotos-diametro-9-mm\/sx218#primaryimage\",\"url\":\"https:\/\/www.piris.com\/wp-content\/uploads\/SX218.jpg\",\"contentUrl\":\"https:\/\/www.piris.com\/wp-content\/uploads\/SX218.jpg\",\"width\":400,\"height\":431},{\"@type\":\"BreadcrumbList\",\"@id\":\"https:\/\/www.piris.com\/cataleg-de-productes\/senalizadores-luminosos\/pilotos\/pilotos-diametro-9-mm\/sx218#breadcrumb\",\"itemListElement\":[{\"@type\":\"ListItem\",\"position\":1,\"name\":\"Portada\",\"item\":\"https:\/\/www.piris.com\/ca\"},{\"@type\":\"ListItem\",\"position\":2,\"name\":\"Cat\u00e0leg de productes\",\"item\":\"https:\/\/www.piris.com\/ca\/cataleg-de-productes\"},{\"@type\":\"ListItem\",\"position\":3,\"name\":\"SX218\"}]},{\"@type\":\"WebSite\",\"@id\":\"https:\/\/www.piris.com\/#website\",\"url\":\"https:\/\/www.piris.com\/\",\"name\":\"Piris\",\"description\":\"Components el\u00e8ctrics, mec\u00e0nics i electr\u00f2nics\",\"publisher\":{\"@id\":\"https:\/\/www.piris.com\/#organization\"},\"potentialAction\":[{\"@type\":\"SearchAction\",\"target\":{\"@type\":\"EntryPoint\",\"urlTemplate\":\"https:\/\/www.piris.com\/?s={search_term_string}\"},\"query-input\":\"required name=search_term_string\"}],\"inLanguage\":\"ca\"},{\"@type\":\"Organization\",\"@id\":\"https:\/\/www.piris.com\/#organization\",\"name\":\"PIRIS\",\"url\":\"https:\/\/www.piris.com\/\",\"logo\":{\"@type\":\"ImageObject\",\"inLanguage\":\"ca\",\"@id\":\"https:\/\/www.piris.com\/#\/schema\/logo\/image\/\",\"url\":\"https:\/\/www.piris.com\/wp-content\/uploads\/29-PIRIS.png\",\"contentUrl\":\"https:\/\/www.piris.com\/wp-content\/uploads\/29-PIRIS.png\",\"width\":1280,\"height\":720,\"caption\":\"PIRIS\"},\"image\":{\"@id\":\"https:\/\/www.piris.com\/#\/schema\/logo\/image\/\"},\"sameAs\":[\"https:\/\/www.linkedin.com\/company\/piris\/\"]}]}<\/script>\n<!-- \/ Yoast SEO plugin. -->","yoast_head_json":{"title":"SX218 | Piris","robots":{"index":"index","follow":"follow","max-snippet":"max-snippet:-1","max-image-preview":"max-image-preview:large","max-video-preview":"max-video-preview:-1"},"canonical":"https:\/\/www.piris.com\/cataleg-de-productes\/senalizadores-luminosos\/pilotos\/pilotos-diametro-9-mm\/sx218","og_locale":"ca_ES","og_type":"article","og_title":"SX218 | Piris","og_description":"QUALITATS DE LA LLUMNe\u00f3Incandesc\u00e8nciaLED en versions AC i DCVOLTATGES DISPONIBLES 2V - 12V\u00a0- 24V - 125V - 250V - 400VTEMPERATURA DE TREBALL (Depenent del model)De 75\u00baC a 150\u00baC\u00a0COLORS DISPONIBLESVermell - \u00c0mbar - Verd - Blau - TransparentAltres colors sota demanda.ACABATS DE CONNEXI\u00d3 (Depenent del model)Cables en PVC o SILICONAFaston 6,35mmSignal-clickHOMOLOGACIONS (Depenent del model)CE - VDE - ULFitxa T\u00e8cnica SX218","og_url":"https:\/\/www.piris.com\/cataleg-de-productes\/senalizadores-luminosos\/pilotos\/pilotos-diametro-9-mm\/sx218","og_site_name":"Piris","og_image":[{"width":400,"height":431,"url":"https:\/\/www.piris.com\/wp-content\/uploads\/SX218.jpg","type":"image\/jpeg"}],"twitter_card":"summary_large_image","schema":{"@context":"https:\/\/schema.org","@graph":[{"@type":"WebPage","@id":"https:\/\/www.piris.com\/cataleg-de-productes\/senalizadores-luminosos\/pilotos\/pilotos-diametro-9-mm\/sx218","url":"https:\/\/www.piris.com\/cataleg-de-productes\/senalizadores-luminosos\/pilotos\/pilotos-diametro-9-mm\/sx218","name":"SX218 | Piris","isPartOf":{"@id":"https:\/\/www.piris.com\/#website"},"primaryImageOfPage":{"@id":"https:\/\/www.piris.com\/cataleg-de-productes\/senalizadores-luminosos\/pilotos\/pilotos-diametro-9-mm\/sx218#primaryimage"},"image":{"@id":"https:\/\/www.piris.com\/cataleg-de-productes\/senalizadores-luminosos\/pilotos\/pilotos-diametro-9-mm\/sx218#primaryimage"},"thumbnailUrl":"https:\/\/www.piris.com\/wp-content\/uploads\/SX218.jpg","datePublished":"2015-09-16T09:43:43+00:00","dateModified":"2015-09-16T09:43:43+00:00","breadcrumb":{"@id":"https:\/\/www.piris.com\/cataleg-de-productes\/senalizadores-luminosos\/pilotos\/pilotos-diametro-9-mm\/sx218#breadcrumb"},"inLanguage":"ca","potentialAction":[{"@type":"ReadAction","target":["https:\/\/www.piris.com\/cataleg-de-productes\/senalizadores-luminosos\/pilotos\/pilotos-diametro-9-mm\/sx218"]}]},{"@type":"ImageObject","inLanguage":"ca","@id":"https:\/\/www.piris.com\/cataleg-de-productes\/senalizadores-luminosos\/pilotos\/pilotos-diametro-9-mm\/sx218#primaryimage","url":"https:\/\/www.piris.com\/wp-content\/uploads\/SX218.jpg","contentUrl":"https:\/\/www.piris.com\/wp-content\/uploads\/SX218.jpg","width":400,"height":431},{"@type":"BreadcrumbList","@id":"https:\/\/www.piris.com\/cataleg-de-productes\/senalizadores-luminosos\/pilotos\/pilotos-diametro-9-mm\/sx218#breadcrumb","itemListElement":[{"@type":"ListItem","position":1,"name":"Portada","item":"https:\/\/www.piris.com\/ca"},{"@type":"ListItem","position":2,"name":"Cat\u00e0leg de productes","item":"https:\/\/www.piris.com\/ca\/cataleg-de-productes"},{"@type":"ListItem","position":3,"name":"SX218"}]},{"@type":"WebSite","@id":"https:\/\/www.piris.com\/#website","url":"https:\/\/www.piris.com\/","name":"Piris","description":"Components el\u00e8ctrics, mec\u00e0nics i electr\u00f2nics","publisher":{"@id":"https:\/\/www.piris.com\/#organization"},"potentialAction":[{"@type":"SearchAction","target":{"@type":"EntryPoint","urlTemplate":"https:\/\/www.piris.com\/?s={search_term_string}"},"query-input":"required name=search_term_string"}],"inLanguage":"ca"},{"@type":"Organization","@id":"https:\/\/www.piris.com\/#organization","name":"PIRIS","url":"https:\/\/www.piris.com\/","logo":{"@type":"ImageObject","inLanguage":"ca","@id":"https:\/\/www.piris.com\/#\/schema\/logo\/image\/","url":"https:\/\/www.piris.com\/wp-content\/uploads\/29-PIRIS.png","contentUrl":"https:\/\/www.piris.com\/wp-content\/uploads\/29-PIRIS.png","width":1280,"height":720,"caption":"PIRIS"},"image":{"@id":"https:\/\/www.piris.com\/#\/schema\/logo\/image\/"},"sameAs":["https:\/\/www.linkedin.com\/company\/piris\/"]}]}},"_links":{"self":[{"href":"https:\/\/www.piris.com\/ca\/wp-json\/wp\/v2\/product\/12953"}],"collection":[{"href":"https:\/\/www.piris.com\/ca\/wp-json\/wp\/v2\/product"}],"about":[{"href":"https:\/\/www.piris.com\/ca\/wp-json\/wp\/v2\/types\/product"}],"replies":[{"embeddable":true,"href":"https:\/\/www.piris.com\/ca\/wp-json\/wp\/v2\/comments?post=12953"}],"wp:featuredmedia":[{"embeddable":true,"href":"https:\/\/www.piris.com\/ca\/wp-json\/wp\/v2\/media\/7884"}],"wp:attachment":[{"href":"https:\/\/www.piris.com\/ca\/wp-json\/wp\/v2\/media?parent=12953"}],"wp:term":[{"taxonomy":"product_cat","embeddable":true,"href":"https:\/\/www.piris.com\/ca\/wp-json\/wp\/v2\/product_cat?post=12953"},{"taxonomy":"product_tag","embeddable":true,"href":"https:\/\/www.piris.com\/ca\/wp-json\/wp\/v2\/product_tag?post=12953"}],"curies":[{"name":"wp","href":"https:\/\/api.w.org\/{rel}","templated":true}]}}