{"id":13027,"date":"2015-09-17T11:10:15","date_gmt":"2015-09-17T09:10:15","guid":{"rendered":"http:\/\/piris.com\/catalogo-de-productos\/sin categorizar\/sxa4-2\/"},"modified":"2015-09-17T11:10:15","modified_gmt":"2015-09-17T09:10:15","slug":"sxa4-2","status":"publish","type":"product","link":"https:\/\/www.piris.com\/ca\/cataleg-de-productes\/interruptors\/interruptors-water-resistant\/sxa4-2","title":{"rendered":"SXA4"},"content":{"rendered":"","protected":false},"excerpt":{"rendered":"<p><strong>CARACTER\u00cdSTIQUES PRINCIPALS <br \/><\/strong>-Grau de protecci\u00f3 IP55<br \/>-Doble polsador <br \/>-Llumin\u00f3s o no llumin\u00f3s<br \/>-Mesures de muntatge: 30 x 22 mm<\/p>\n<p><strong>ESQUEMES EL\u00c8CTRICS DISPONIBLES <br \/><\/strong>-Interruptor bipolar<br \/>-Interruptor bipolar llumin\u00f3s<\/p>\n<p><strong>CARACTER\u00cdSTIQUES EL\u00c8CTRIQUES <br \/><\/strong>-Intensitat de corrent: fins a 16(8)A<br \/>-N\u00famero de cicles electromec\u00e0nics: fins a 50.000 cicles<br \/>-Temperatura de treball: fins a 125\u00baC<br \/>-Grau d&#8217;inflamabilitat: UL 94 V-2<br \/>-Fastons de connexi\u00f3 6,3 mm<\/p>\n<p><strong>HOMOLOGACIONS<br \/><\/strong>-ENEC , UL , RoHS<\/p>\n<p><a href=\"http:\/\/piris.com\/wp-content\/uploads\/SXA4.pdf\" rel=\"\">Fitxa T\u00e8cnica SXA4<\/a><\/p>\n","protected":false},"featured_media":21890,"comment_status":"closed","ping_status":"closed","template":"","meta":[],"product_cat":[392],"product_tag":[],"yoast_head":"<!-- This site is optimized with the Yoast SEO plugin v23.0 - https:\/\/yoast.com\/wordpress\/plugins\/seo\/ -->\n<title>SXA4 | Piris<\/title>\n<meta name=\"robots\" content=\"index, follow, max-snippet:-1, max-image-preview:large, max-video-preview:-1\" \/>\n<link rel=\"canonical\" href=\"https:\/\/www.piris.com\/cataleg-de-productes\/interruptores-2\/interruptores-water-resistant\/sxa4\" \/>\n<meta property=\"og:locale\" content=\"ca_ES\" \/>\n<meta property=\"og:type\" content=\"article\" \/>\n<meta property=\"og:title\" content=\"SXA4 | Piris\" \/>\n<meta property=\"og:description\" content=\"CARACTER\u00cdSTIQUES PRINCIPALS -Grau de protecci\u00f3 IP55-Doble polsador -Llumin\u00f3s o no llumin\u00f3s-Mesures de muntatge: 30 x 22 mmESQUEMES EL\u00c8CTRICS DISPONIBLES -Interruptor bipolar-Interruptor bipolar llumin\u00f3sCARACTER\u00cdSTIQUES EL\u00c8CTRIQUES -Intensitat de corrent: fins a 16(8)A-N\u00famero de cicles electromec\u00e0nics: fins a 50.000 cicles-Temperatura de treball: fins a 125\u00baC-Grau d&#039;inflamabilitat: UL 94 V-2-Fastons de connexi\u00f3 6,3 mmHOMOLOGACIONS-ENEC , UL , RoHSFitxa T\u00e8cnica SXA4\" \/>\n<meta property=\"og:url\" content=\"https:\/\/www.piris.com\/cataleg-de-productes\/interruptores-2\/interruptores-water-resistant\/sxa4\" \/>\n<meta property=\"og:site_name\" content=\"Piris\" \/>\n<meta property=\"og:image\" content=\"https:\/\/www.piris.com\/wp-content\/uploads\/SXA4.jpg\" \/>\n\t<meta property=\"og:image:width\" content=\"452\" \/>\n\t<meta property=\"og:image:height\" content=\"427\" \/>\n\t<meta property=\"og:image:type\" content=\"image\/jpeg\" \/>\n<meta name=\"twitter:card\" content=\"summary_large_image\" \/>\n<script type=\"application\/ld+json\" class=\"yoast-schema-graph\">{\"@context\":\"https:\/\/schema.org\",\"@graph\":[{\"@type\":\"WebPage\",\"@id\":\"https:\/\/www.piris.com\/cataleg-de-productes\/interruptores-2\/interruptores-water-resistant\/sxa4\",\"url\":\"https:\/\/www.piris.com\/cataleg-de-productes\/interruptores-2\/interruptores-water-resistant\/sxa4\",\"name\":\"SXA4 | Piris\",\"isPartOf\":{\"@id\":\"https:\/\/www.piris.com\/#website\"},\"primaryImageOfPage\":{\"@id\":\"https:\/\/www.piris.com\/cataleg-de-productes\/interruptores-2\/interruptores-water-resistant\/sxa4#primaryimage\"},\"image\":{\"@id\":\"https:\/\/www.piris.com\/cataleg-de-productes\/interruptores-2\/interruptores-water-resistant\/sxa4#primaryimage\"},\"thumbnailUrl\":\"https:\/\/www.piris.com\/wp-content\/uploads\/SXA4-1.jpg\",\"datePublished\":\"2015-09-17T09:10:15+00:00\",\"dateModified\":\"2015-09-17T09:10:15+00:00\",\"breadcrumb\":{\"@id\":\"https:\/\/www.piris.com\/cataleg-de-productes\/interruptores-2\/interruptores-water-resistant\/sxa4#breadcrumb\"},\"inLanguage\":\"ca\",\"potentialAction\":[{\"@type\":\"ReadAction\",\"target\":[\"https:\/\/www.piris.com\/cataleg-de-productes\/interruptores-2\/interruptores-water-resistant\/sxa4\"]}]},{\"@type\":\"ImageObject\",\"inLanguage\":\"ca\",\"@id\":\"https:\/\/www.piris.com\/cataleg-de-productes\/interruptores-2\/interruptores-water-resistant\/sxa4#primaryimage\",\"url\":\"https:\/\/www.piris.com\/wp-content\/uploads\/SXA4-1.jpg\",\"contentUrl\":\"https:\/\/www.piris.com\/wp-content\/uploads\/SXA4-1.jpg\",\"width\":452,\"height\":452},{\"@type\":\"BreadcrumbList\",\"@id\":\"https:\/\/www.piris.com\/cataleg-de-productes\/interruptores-2\/interruptores-water-resistant\/sxa4#breadcrumb\",\"itemListElement\":[{\"@type\":\"ListItem\",\"position\":1,\"name\":\"Portada\",\"item\":\"https:\/\/www.piris.com\/ca\"},{\"@type\":\"ListItem\",\"position\":2,\"name\":\"Cat\u00e0leg de productes\",\"item\":\"https:\/\/www.piris.com\/ca\/cataleg-de-productes\"},{\"@type\":\"ListItem\",\"position\":3,\"name\":\"SXA4\"}]},{\"@type\":\"WebSite\",\"@id\":\"https:\/\/www.piris.com\/#website\",\"url\":\"https:\/\/www.piris.com\/\",\"name\":\"Piris\",\"description\":\"Components el\u00e8ctrics, mec\u00e0nics i electr\u00f2nics\",\"publisher\":{\"@id\":\"https:\/\/www.piris.com\/#organization\"},\"potentialAction\":[{\"@type\":\"SearchAction\",\"target\":{\"@type\":\"EntryPoint\",\"urlTemplate\":\"https:\/\/www.piris.com\/?s={search_term_string}\"},\"query-input\":\"required name=search_term_string\"}],\"inLanguage\":\"ca\"},{\"@type\":\"Organization\",\"@id\":\"https:\/\/www.piris.com\/#organization\",\"name\":\"PIRIS\",\"url\":\"https:\/\/www.piris.com\/\",\"logo\":{\"@type\":\"ImageObject\",\"inLanguage\":\"ca\",\"@id\":\"https:\/\/www.piris.com\/#\/schema\/logo\/image\/\",\"url\":\"https:\/\/www.piris.com\/wp-content\/uploads\/29-PIRIS.png\",\"contentUrl\":\"https:\/\/www.piris.com\/wp-content\/uploads\/29-PIRIS.png\",\"width\":1280,\"height\":720,\"caption\":\"PIRIS\"},\"image\":{\"@id\":\"https:\/\/www.piris.com\/#\/schema\/logo\/image\/\"},\"sameAs\":[\"https:\/\/www.linkedin.com\/company\/piris\/\"]}]}<\/script>\n<!-- \/ Yoast SEO plugin. -->","yoast_head_json":{"title":"SXA4 | Piris","robots":{"index":"index","follow":"follow","max-snippet":"max-snippet:-1","max-image-preview":"max-image-preview:large","max-video-preview":"max-video-preview:-1"},"canonical":"https:\/\/www.piris.com\/cataleg-de-productes\/interruptores-2\/interruptores-water-resistant\/sxa4","og_locale":"ca_ES","og_type":"article","og_title":"SXA4 | Piris","og_description":"CARACTER\u00cdSTIQUES PRINCIPALS -Grau de protecci\u00f3 IP55-Doble polsador -Llumin\u00f3s o no llumin\u00f3s-Mesures de muntatge: 30 x 22 mmESQUEMES EL\u00c8CTRICS DISPONIBLES -Interruptor bipolar-Interruptor bipolar llumin\u00f3sCARACTER\u00cdSTIQUES EL\u00c8CTRIQUES -Intensitat de corrent: fins a 16(8)A-N\u00famero de cicles electromec\u00e0nics: fins a 50.000 cicles-Temperatura de treball: fins a 125\u00baC-Grau d'inflamabilitat: UL 94 V-2-Fastons de connexi\u00f3 6,3 mmHOMOLOGACIONS-ENEC , UL , RoHSFitxa T\u00e8cnica SXA4","og_url":"https:\/\/www.piris.com\/cataleg-de-productes\/interruptores-2\/interruptores-water-resistant\/sxa4","og_site_name":"Piris","og_image":[{"width":452,"height":427,"url":"https:\/\/www.piris.com\/wp-content\/uploads\/SXA4.jpg","type":"image\/jpeg"}],"twitter_card":"summary_large_image","schema":{"@context":"https:\/\/schema.org","@graph":[{"@type":"WebPage","@id":"https:\/\/www.piris.com\/cataleg-de-productes\/interruptores-2\/interruptores-water-resistant\/sxa4","url":"https:\/\/www.piris.com\/cataleg-de-productes\/interruptores-2\/interruptores-water-resistant\/sxa4","name":"SXA4 | Piris","isPartOf":{"@id":"https:\/\/www.piris.com\/#website"},"primaryImageOfPage":{"@id":"https:\/\/www.piris.com\/cataleg-de-productes\/interruptores-2\/interruptores-water-resistant\/sxa4#primaryimage"},"image":{"@id":"https:\/\/www.piris.com\/cataleg-de-productes\/interruptores-2\/interruptores-water-resistant\/sxa4#primaryimage"},"thumbnailUrl":"https:\/\/www.piris.com\/wp-content\/uploads\/SXA4-1.jpg","datePublished":"2015-09-17T09:10:15+00:00","dateModified":"2015-09-17T09:10:15+00:00","breadcrumb":{"@id":"https:\/\/www.piris.com\/cataleg-de-productes\/interruptores-2\/interruptores-water-resistant\/sxa4#breadcrumb"},"inLanguage":"ca","potentialAction":[{"@type":"ReadAction","target":["https:\/\/www.piris.com\/cataleg-de-productes\/interruptores-2\/interruptores-water-resistant\/sxa4"]}]},{"@type":"ImageObject","inLanguage":"ca","@id":"https:\/\/www.piris.com\/cataleg-de-productes\/interruptores-2\/interruptores-water-resistant\/sxa4#primaryimage","url":"https:\/\/www.piris.com\/wp-content\/uploads\/SXA4-1.jpg","contentUrl":"https:\/\/www.piris.com\/wp-content\/uploads\/SXA4-1.jpg","width":452,"height":452},{"@type":"BreadcrumbList","@id":"https:\/\/www.piris.com\/cataleg-de-productes\/interruptores-2\/interruptores-water-resistant\/sxa4#breadcrumb","itemListElement":[{"@type":"ListItem","position":1,"name":"Portada","item":"https:\/\/www.piris.com\/ca"},{"@type":"ListItem","position":2,"name":"Cat\u00e0leg de productes","item":"https:\/\/www.piris.com\/ca\/cataleg-de-productes"},{"@type":"ListItem","position":3,"name":"SXA4"}]},{"@type":"WebSite","@id":"https:\/\/www.piris.com\/#website","url":"https:\/\/www.piris.com\/","name":"Piris","description":"Components el\u00e8ctrics, mec\u00e0nics i electr\u00f2nics","publisher":{"@id":"https:\/\/www.piris.com\/#organization"},"potentialAction":[{"@type":"SearchAction","target":{"@type":"EntryPoint","urlTemplate":"https:\/\/www.piris.com\/?s={search_term_string}"},"query-input":"required name=search_term_string"}],"inLanguage":"ca"},{"@type":"Organization","@id":"https:\/\/www.piris.com\/#organization","name":"PIRIS","url":"https:\/\/www.piris.com\/","logo":{"@type":"ImageObject","inLanguage":"ca","@id":"https:\/\/www.piris.com\/#\/schema\/logo\/image\/","url":"https:\/\/www.piris.com\/wp-content\/uploads\/29-PIRIS.png","contentUrl":"https:\/\/www.piris.com\/wp-content\/uploads\/29-PIRIS.png","width":1280,"height":720,"caption":"PIRIS"},"image":{"@id":"https:\/\/www.piris.com\/#\/schema\/logo\/image\/"},"sameAs":["https:\/\/www.linkedin.com\/company\/piris\/"]}]}},"_links":{"self":[{"href":"https:\/\/www.piris.com\/ca\/wp-json\/wp\/v2\/product\/13027"}],"collection":[{"href":"https:\/\/www.piris.com\/ca\/wp-json\/wp\/v2\/product"}],"about":[{"href":"https:\/\/www.piris.com\/ca\/wp-json\/wp\/v2\/types\/product"}],"replies":[{"embeddable":true,"href":"https:\/\/www.piris.com\/ca\/wp-json\/wp\/v2\/comments?post=13027"}],"wp:featuredmedia":[{"embeddable":true,"href":"https:\/\/www.piris.com\/ca\/wp-json\/wp\/v2\/media\/21890"}],"wp:attachment":[{"href":"https:\/\/www.piris.com\/ca\/wp-json\/wp\/v2\/media?parent=13027"}],"wp:term":[{"taxonomy":"product_cat","embeddable":true,"href":"https:\/\/www.piris.com\/ca\/wp-json\/wp\/v2\/product_cat?post=13027"},{"taxonomy":"product_tag","embeddable":true,"href":"https:\/\/www.piris.com\/ca\/wp-json\/wp\/v2\/product_tag?post=13027"}],"curies":[{"name":"wp","href":"https:\/\/api.w.org\/{rel}","templated":true}]}}