{"id":13077,"date":"2015-09-16T10:00:22","date_gmt":"2015-09-16T08:00:22","guid":{"rendered":"http:\/\/piris.com\/catalogo-de-productos\/sin%20categorizar\/h01n2-d-gummiflex-2\/"},"modified":"2023-05-30T12:53:00","modified_gmt":"2023-05-30T10:53:00","slug":"h01n2-d-gummiflex-2","status":"publish","type":"product","link":"https:\/\/www.piris.com\/ca\/cataleg-de-productes\/cables-electrics\/cables-goma-ca\/h01n2-d-gummiflex-2","title":{"rendered":"H01N2-D GUMMIFLEX"},"content":{"rendered":"","protected":false},"excerpt":{"rendered":"<p>Secci\u00f3 nominal: 1&#215;10 &#8211; 1&#215;95 mm\u00b2<br \/>\nVoltatge: 450\/750V<br \/>\nTemperatura: -30 +85 \u00baC<br \/>\nA\u00efllant: goma per m\u00e0quines de soldadura<\/p>\n<p><a href=\"https:\/\/www.piris.com\/wp-content\/uploads\/H01N2-D-GUMMIFLEX-2023.pdf\" target=\"_blank\" rel=\"noopener\">Fitxa T\u00e8cnica H01N2 D GUMMIFLEX<\/a><\/p>\n","protected":false},"featured_media":6153,"comment_status":"closed","ping_status":"closed","template":"","meta":[],"product_cat":[307],"product_tag":[],"yoast_head":"<!-- This site is optimized with the Yoast SEO plugin v23.0 - https:\/\/yoast.com\/wordpress\/plugins\/seo\/ -->\n<title>H01N2-D GUMMIFLEX | Piris<\/title>\n<meta name=\"robots\" content=\"index, follow, max-snippet:-1, max-image-preview:large, max-video-preview:-1\" \/>\n<link rel=\"canonical\" href=\"https:\/\/www.piris.com\/ca\/cataleg-de-productes\/cables-electrics\/cables-goma-ca\/h01n2-d-gummiflex-2\" \/>\n<meta property=\"og:locale\" content=\"ca_ES\" \/>\n<meta property=\"og:type\" content=\"article\" \/>\n<meta property=\"og:title\" content=\"H01N2-D GUMMIFLEX | Piris\" \/>\n<meta property=\"og:description\" content=\"Secci\u00f3 nominal: 1x10 - 1x95 mm\u00b2 Voltatge: 450\/750V Temperatura: -30 +85 \u00baC A\u00efllant: goma per m\u00e0quines de soldadura  Fitxa T\u00e8cnica H01N2 D GUMMIFLEX\" \/>\n<meta property=\"og:url\" content=\"https:\/\/www.piris.com\/ca\/cataleg-de-productes\/cables-electrics\/cables-goma-ca\/h01n2-d-gummiflex-2\" \/>\n<meta property=\"og:site_name\" content=\"Piris\" \/>\n<meta property=\"article:modified_time\" content=\"2023-05-30T10:53:00+00:00\" \/>\n<meta property=\"og:image\" content=\"https:\/\/www.piris.com\/wp-content\/uploads\/H01N2-D-GUMMIFLEX.jpg\" \/>\n\t<meta property=\"og:image:width\" content=\"423\" \/>\n\t<meta property=\"og:image:height\" content=\"400\" \/>\n\t<meta property=\"og:image:type\" content=\"image\/jpeg\" \/>\n<meta name=\"twitter:card\" content=\"summary_large_image\" \/>\n<script type=\"application\/ld+json\" class=\"yoast-schema-graph\">{\"@context\":\"https:\/\/schema.org\",\"@graph\":[{\"@type\":\"WebPage\",\"@id\":\"https:\/\/www.piris.com\/ca\/cataleg-de-productes\/cables-electrics\/cables-goma-ca\/h01n2-d-gummiflex-2\",\"url\":\"https:\/\/www.piris.com\/ca\/cataleg-de-productes\/cables-electrics\/cables-goma-ca\/h01n2-d-gummiflex-2\",\"name\":\"H01N2-D GUMMIFLEX | Piris\",\"isPartOf\":{\"@id\":\"https:\/\/www.piris.com\/#website\"},\"primaryImageOfPage\":{\"@id\":\"https:\/\/www.piris.com\/ca\/cataleg-de-productes\/cables-electrics\/cables-goma-ca\/h01n2-d-gummiflex-2#primaryimage\"},\"image\":{\"@id\":\"https:\/\/www.piris.com\/ca\/cataleg-de-productes\/cables-electrics\/cables-goma-ca\/h01n2-d-gummiflex-2#primaryimage\"},\"thumbnailUrl\":\"https:\/\/www.piris.com\/wp-content\/uploads\/H01N2-D-GUMMIFLEX.jpg\",\"datePublished\":\"2015-09-16T08:00:22+00:00\",\"dateModified\":\"2023-05-30T10:53:00+00:00\",\"breadcrumb\":{\"@id\":\"https:\/\/www.piris.com\/ca\/cataleg-de-productes\/cables-electrics\/cables-goma-ca\/h01n2-d-gummiflex-2#breadcrumb\"},\"inLanguage\":\"ca\",\"potentialAction\":[{\"@type\":\"ReadAction\",\"target\":[\"https:\/\/www.piris.com\/ca\/cataleg-de-productes\/cables-electrics\/cables-goma-ca\/h01n2-d-gummiflex-2\"]}]},{\"@type\":\"ImageObject\",\"inLanguage\":\"ca\",\"@id\":\"https:\/\/www.piris.com\/ca\/cataleg-de-productes\/cables-electrics\/cables-goma-ca\/h01n2-d-gummiflex-2#primaryimage\",\"url\":\"https:\/\/www.piris.com\/wp-content\/uploads\/H01N2-D-GUMMIFLEX.jpg\",\"contentUrl\":\"https:\/\/www.piris.com\/wp-content\/uploads\/H01N2-D-GUMMIFLEX.jpg\",\"width\":423,\"height\":400},{\"@type\":\"BreadcrumbList\",\"@id\":\"https:\/\/www.piris.com\/ca\/cataleg-de-productes\/cables-electrics\/cables-goma-ca\/h01n2-d-gummiflex-2#breadcrumb\",\"itemListElement\":[{\"@type\":\"ListItem\",\"position\":1,\"name\":\"Portada\",\"item\":\"https:\/\/www.piris.com\/ca\"},{\"@type\":\"ListItem\",\"position\":2,\"name\":\"Cat\u00e0leg de productes\",\"item\":\"https:\/\/www.piris.com\/ca\/cataleg-de-productes\"},{\"@type\":\"ListItem\",\"position\":3,\"name\":\"H01N2-D GUMMIFLEX\"}]},{\"@type\":\"WebSite\",\"@id\":\"https:\/\/www.piris.com\/#website\",\"url\":\"https:\/\/www.piris.com\/\",\"name\":\"Piris\",\"description\":\"Components el\u00e8ctrics, mec\u00e0nics i electr\u00f2nics\",\"publisher\":{\"@id\":\"https:\/\/www.piris.com\/#organization\"},\"potentialAction\":[{\"@type\":\"SearchAction\",\"target\":{\"@type\":\"EntryPoint\",\"urlTemplate\":\"https:\/\/www.piris.com\/?s={search_term_string}\"},\"query-input\":\"required name=search_term_string\"}],\"inLanguage\":\"ca\"},{\"@type\":\"Organization\",\"@id\":\"https:\/\/www.piris.com\/#organization\",\"name\":\"PIRIS\",\"url\":\"https:\/\/www.piris.com\/\",\"logo\":{\"@type\":\"ImageObject\",\"inLanguage\":\"ca\",\"@id\":\"https:\/\/www.piris.com\/#\/schema\/logo\/image\/\",\"url\":\"https:\/\/www.piris.com\/wp-content\/uploads\/29-PIRIS.png\",\"contentUrl\":\"https:\/\/www.piris.com\/wp-content\/uploads\/29-PIRIS.png\",\"width\":1280,\"height\":720,\"caption\":\"PIRIS\"},\"image\":{\"@id\":\"https:\/\/www.piris.com\/#\/schema\/logo\/image\/\"},\"sameAs\":[\"https:\/\/www.linkedin.com\/company\/piris\/\"]}]}<\/script>\n<!-- \/ Yoast SEO plugin. -->","yoast_head_json":{"title":"H01N2-D GUMMIFLEX | Piris","robots":{"index":"index","follow":"follow","max-snippet":"max-snippet:-1","max-image-preview":"max-image-preview:large","max-video-preview":"max-video-preview:-1"},"canonical":"https:\/\/www.piris.com\/ca\/cataleg-de-productes\/cables-electrics\/cables-goma-ca\/h01n2-d-gummiflex-2","og_locale":"ca_ES","og_type":"article","og_title":"H01N2-D GUMMIFLEX | Piris","og_description":"Secci\u00f3 nominal: 1x10 - 1x95 mm\u00b2 Voltatge: 450\/750V Temperatura: -30 +85 \u00baC A\u00efllant: goma per m\u00e0quines de soldadura  Fitxa T\u00e8cnica H01N2 D GUMMIFLEX","og_url":"https:\/\/www.piris.com\/ca\/cataleg-de-productes\/cables-electrics\/cables-goma-ca\/h01n2-d-gummiflex-2","og_site_name":"Piris","article_modified_time":"2023-05-30T10:53:00+00:00","og_image":[{"width":423,"height":400,"url":"https:\/\/www.piris.com\/wp-content\/uploads\/H01N2-D-GUMMIFLEX.jpg","type":"image\/jpeg"}],"twitter_card":"summary_large_image","schema":{"@context":"https:\/\/schema.org","@graph":[{"@type":"WebPage","@id":"https:\/\/www.piris.com\/ca\/cataleg-de-productes\/cables-electrics\/cables-goma-ca\/h01n2-d-gummiflex-2","url":"https:\/\/www.piris.com\/ca\/cataleg-de-productes\/cables-electrics\/cables-goma-ca\/h01n2-d-gummiflex-2","name":"H01N2-D GUMMIFLEX | Piris","isPartOf":{"@id":"https:\/\/www.piris.com\/#website"},"primaryImageOfPage":{"@id":"https:\/\/www.piris.com\/ca\/cataleg-de-productes\/cables-electrics\/cables-goma-ca\/h01n2-d-gummiflex-2#primaryimage"},"image":{"@id":"https:\/\/www.piris.com\/ca\/cataleg-de-productes\/cables-electrics\/cables-goma-ca\/h01n2-d-gummiflex-2#primaryimage"},"thumbnailUrl":"https:\/\/www.piris.com\/wp-content\/uploads\/H01N2-D-GUMMIFLEX.jpg","datePublished":"2015-09-16T08:00:22+00:00","dateModified":"2023-05-30T10:53:00+00:00","breadcrumb":{"@id":"https:\/\/www.piris.com\/ca\/cataleg-de-productes\/cables-electrics\/cables-goma-ca\/h01n2-d-gummiflex-2#breadcrumb"},"inLanguage":"ca","potentialAction":[{"@type":"ReadAction","target":["https:\/\/www.piris.com\/ca\/cataleg-de-productes\/cables-electrics\/cables-goma-ca\/h01n2-d-gummiflex-2"]}]},{"@type":"ImageObject","inLanguage":"ca","@id":"https:\/\/www.piris.com\/ca\/cataleg-de-productes\/cables-electrics\/cables-goma-ca\/h01n2-d-gummiflex-2#primaryimage","url":"https:\/\/www.piris.com\/wp-content\/uploads\/H01N2-D-GUMMIFLEX.jpg","contentUrl":"https:\/\/www.piris.com\/wp-content\/uploads\/H01N2-D-GUMMIFLEX.jpg","width":423,"height":400},{"@type":"BreadcrumbList","@id":"https:\/\/www.piris.com\/ca\/cataleg-de-productes\/cables-electrics\/cables-goma-ca\/h01n2-d-gummiflex-2#breadcrumb","itemListElement":[{"@type":"ListItem","position":1,"name":"Portada","item":"https:\/\/www.piris.com\/ca"},{"@type":"ListItem","position":2,"name":"Cat\u00e0leg de productes","item":"https:\/\/www.piris.com\/ca\/cataleg-de-productes"},{"@type":"ListItem","position":3,"name":"H01N2-D GUMMIFLEX"}]},{"@type":"WebSite","@id":"https:\/\/www.piris.com\/#website","url":"https:\/\/www.piris.com\/","name":"Piris","description":"Components el\u00e8ctrics, mec\u00e0nics i electr\u00f2nics","publisher":{"@id":"https:\/\/www.piris.com\/#organization"},"potentialAction":[{"@type":"SearchAction","target":{"@type":"EntryPoint","urlTemplate":"https:\/\/www.piris.com\/?s={search_term_string}"},"query-input":"required name=search_term_string"}],"inLanguage":"ca"},{"@type":"Organization","@id":"https:\/\/www.piris.com\/#organization","name":"PIRIS","url":"https:\/\/www.piris.com\/","logo":{"@type":"ImageObject","inLanguage":"ca","@id":"https:\/\/www.piris.com\/#\/schema\/logo\/image\/","url":"https:\/\/www.piris.com\/wp-content\/uploads\/29-PIRIS.png","contentUrl":"https:\/\/www.piris.com\/wp-content\/uploads\/29-PIRIS.png","width":1280,"height":720,"caption":"PIRIS"},"image":{"@id":"https:\/\/www.piris.com\/#\/schema\/logo\/image\/"},"sameAs":["https:\/\/www.linkedin.com\/company\/piris\/"]}]}},"_links":{"self":[{"href":"https:\/\/www.piris.com\/ca\/wp-json\/wp\/v2\/product\/13077"}],"collection":[{"href":"https:\/\/www.piris.com\/ca\/wp-json\/wp\/v2\/product"}],"about":[{"href":"https:\/\/www.piris.com\/ca\/wp-json\/wp\/v2\/types\/product"}],"replies":[{"embeddable":true,"href":"https:\/\/www.piris.com\/ca\/wp-json\/wp\/v2\/comments?post=13077"}],"wp:featuredmedia":[{"embeddable":true,"href":"https:\/\/www.piris.com\/ca\/wp-json\/wp\/v2\/media\/6153"}],"wp:attachment":[{"href":"https:\/\/www.piris.com\/ca\/wp-json\/wp\/v2\/media?parent=13077"}],"wp:term":[{"taxonomy":"product_cat","embeddable":true,"href":"https:\/\/www.piris.com\/ca\/wp-json\/wp\/v2\/product_cat?post=13077"},{"taxonomy":"product_tag","embeddable":true,"href":"https:\/\/www.piris.com\/ca\/wp-json\/wp\/v2\/product_tag?post=13077"}],"curies":[{"name":"wp","href":"https:\/\/api.w.org\/{rel}","templated":true}]}}