{"id":13239,"date":"2015-09-18T11:35:03","date_gmt":"2015-09-18T09:35:03","guid":{"rendered":"http:\/\/www.piris.com\/ca\/catalogo-de-productos\/uncategorized\/th387\/"},"modified":"2019-07-17T10:12:15","modified_gmt":"2019-07-17T08:12:15","slug":"th387","status":"publish","type":"product","link":"https:\/\/www.piris.com\/ca\/cataleg-de-productes\/regletes-connexio-estancs\/connectors-ca-2\/th387","title":{"rendered":"TH387"},"content":{"rendered":"","protected":false},"excerpt":{"rendered":"<p><span id=\"result_box\" class=\"\" lang=\"ca\"><span class=\"\">Mini<\/span> <span class=\"\">connector<\/span> endollable amb rosca de tancament i prensacable, fins a 5 pols.<\/p>\n<p>ARA VERSIO 5 POLS (veure fitxa t&egrave;cnica)<\/p>\n<p>caracter&iacute;stiques generals<\/p>\n<p>Tub extern &#8211; tecnopol&iacute;mer PA66 UL94 d&#8217;elevada resist&egrave;ncia mec&agrave;nica i t&egrave;rmica (-20&ordm;C \/ + 125&ordm;C)<br \/>Regleta (intercanviable de la fam&iacute;lia TEEPLUG) &#8211; tecnopol&iacute;mer PA66 UL94, parts met&agrave;l&middot;liques de llaut&oacute; niquelat i cargols imperdibles<br \/>Prensacables &#8211; tecnopol&iacute;mer PA66 UL94 d&#8217;elevada resist&egrave;ncia mec&agrave;nica i t&egrave;rmica (-20&ordm;C \/ + 125&ordm;C)<br \/>Juntes de tancament &#8211; En silicona amb excel&middot;lent elasticitat i resist&egrave;ncia a l&#8217;envelliment. Permeten una &ograve;ptima adhesi&oacute; al tub extern. Garantida la fiabilitat en el temps fins i tot en condicions extremes<br \/>Gomes de tancament &#8211; En material TPE-V, permeten un tancament segur i adequat als diferents tipus de cables del mercat<br \/>Grau de protecci&oacute; &#8211; IP68<\/span><\/p>\n<div class=\"link_pdf\"><a href=\"..\/wp-content\/uploads\/TH387.pdf\" target=\"_blank\">Fitxa T&egrave;cnica TH387<\/a><\/div>\n","protected":false},"featured_media":7262,"comment_status":"closed","ping_status":"closed","template":"","meta":[],"product_cat":[368],"product_tag":[],"yoast_head":"<!-- This site is optimized with the Yoast SEO plugin v23.0 - https:\/\/yoast.com\/wordpress\/plugins\/seo\/ -->\n<title>TH387 | Piris<\/title>\n<meta name=\"robots\" content=\"index, follow, max-snippet:-1, max-image-preview:large, max-video-preview:-1\" \/>\n<link rel=\"canonical\" href=\"https:\/\/www.piris.com\/ca\/cataleg-de-productes\/regletes-connexio-estancs\/connectors-ca-2\/th387\" \/>\n<meta property=\"og:locale\" content=\"ca_ES\" \/>\n<meta property=\"og:type\" content=\"article\" \/>\n<meta property=\"og:title\" content=\"TH387 | Piris\" \/>\n<meta property=\"og:description\" content=\"Mini connector endollable amb rosca de tancament i prensacable, fins a 5 pols.ARA VERSIO 5 POLS (veure fitxa t&egrave;cnica)caracter&iacute;stiques generalsTub extern - tecnopol&iacute;mer PA66 UL94 d&#039;elevada resist&egrave;ncia mec&agrave;nica i t&egrave;rmica (-20&ordm;C \/ + 125&ordm;C)Regleta (intercanviable de la fam&iacute;lia TEEPLUG) - tecnopol&iacute;mer PA66 UL94, parts met&agrave;l&middot;liques de llaut&oacute; niquelat i cargols imperdiblesPrensacables - tecnopol&iacute;mer PA66 UL94 d&#039;elevada resist&egrave;ncia mec&agrave;nica i t&egrave;rmica (-20&ordm;C \/ + 125&ordm;C)Juntes de tancament - En silicona amb excel&middot;lent elasticitat i resist&egrave;ncia a l&#039;envelliment. Permeten una &ograve;ptima adhesi&oacute; al tub extern. Garantida la fiabilitat en el temps fins i tot en condicions extremesGomes de tancament - En material TPE-V, permeten un tancament segur i adequat als diferents tipus de cables del mercatGrau de protecci&oacute; - IP68 Fitxa T&egrave;cnica TH387\" \/>\n<meta property=\"og:url\" content=\"https:\/\/www.piris.com\/ca\/cataleg-de-productes\/regletes-connexio-estancs\/connectors-ca-2\/th387\" \/>\n<meta property=\"og:site_name\" content=\"Piris\" \/>\n<meta property=\"article:modified_time\" content=\"2019-07-17T08:12:15+00:00\" \/>\n<meta property=\"og:image\" content=\"https:\/\/www.piris.com\/wp-content\/uploads\/TH387.jpg\" \/>\n\t<meta property=\"og:image:width\" content=\"400\" \/>\n\t<meta property=\"og:image:height\" content=\"400\" \/>\n\t<meta property=\"og:image:type\" content=\"image\/jpeg\" \/>\n<meta name=\"twitter:card\" content=\"summary_large_image\" \/>\n<script type=\"application\/ld+json\" class=\"yoast-schema-graph\">{\"@context\":\"https:\/\/schema.org\",\"@graph\":[{\"@type\":\"WebPage\",\"@id\":\"https:\/\/www.piris.com\/ca\/cataleg-de-productes\/regletes-connexio-estancs\/connectors-ca-2\/th387\",\"url\":\"https:\/\/www.piris.com\/ca\/cataleg-de-productes\/regletes-connexio-estancs\/connectors-ca-2\/th387\",\"name\":\"TH387 | Piris\",\"isPartOf\":{\"@id\":\"https:\/\/www.piris.com\/#website\"},\"primaryImageOfPage\":{\"@id\":\"https:\/\/www.piris.com\/ca\/cataleg-de-productes\/regletes-connexio-estancs\/connectors-ca-2\/th387#primaryimage\"},\"image\":{\"@id\":\"https:\/\/www.piris.com\/ca\/cataleg-de-productes\/regletes-connexio-estancs\/connectors-ca-2\/th387#primaryimage\"},\"thumbnailUrl\":\"https:\/\/www.piris.com\/wp-content\/uploads\/TH387.jpg\",\"datePublished\":\"2015-09-18T09:35:03+00:00\",\"dateModified\":\"2019-07-17T08:12:15+00:00\",\"breadcrumb\":{\"@id\":\"https:\/\/www.piris.com\/ca\/cataleg-de-productes\/regletes-connexio-estancs\/connectors-ca-2\/th387#breadcrumb\"},\"inLanguage\":\"ca\",\"potentialAction\":[{\"@type\":\"ReadAction\",\"target\":[\"https:\/\/www.piris.com\/ca\/cataleg-de-productes\/regletes-connexio-estancs\/connectors-ca-2\/th387\"]}]},{\"@type\":\"ImageObject\",\"inLanguage\":\"ca\",\"@id\":\"https:\/\/www.piris.com\/ca\/cataleg-de-productes\/regletes-connexio-estancs\/connectors-ca-2\/th387#primaryimage\",\"url\":\"https:\/\/www.piris.com\/wp-content\/uploads\/TH387.jpg\",\"contentUrl\":\"https:\/\/www.piris.com\/wp-content\/uploads\/TH387.jpg\",\"width\":400,\"height\":400},{\"@type\":\"BreadcrumbList\",\"@id\":\"https:\/\/www.piris.com\/ca\/cataleg-de-productes\/regletes-connexio-estancs\/connectors-ca-2\/th387#breadcrumb\",\"itemListElement\":[{\"@type\":\"ListItem\",\"position\":1,\"name\":\"Portada\",\"item\":\"https:\/\/www.piris.com\/ca\"},{\"@type\":\"ListItem\",\"position\":2,\"name\":\"Cat\u00e0leg de productes\",\"item\":\"https:\/\/www.piris.com\/ca\/cataleg-de-productes\"},{\"@type\":\"ListItem\",\"position\":3,\"name\":\"TH387\"}]},{\"@type\":\"WebSite\",\"@id\":\"https:\/\/www.piris.com\/#website\",\"url\":\"https:\/\/www.piris.com\/\",\"name\":\"Piris\",\"description\":\"Components el\u00e8ctrics, mec\u00e0nics i electr\u00f2nics\",\"publisher\":{\"@id\":\"https:\/\/www.piris.com\/#organization\"},\"potentialAction\":[{\"@type\":\"SearchAction\",\"target\":{\"@type\":\"EntryPoint\",\"urlTemplate\":\"https:\/\/www.piris.com\/?s={search_term_string}\"},\"query-input\":\"required name=search_term_string\"}],\"inLanguage\":\"ca\"},{\"@type\":\"Organization\",\"@id\":\"https:\/\/www.piris.com\/#organization\",\"name\":\"PIRIS\",\"url\":\"https:\/\/www.piris.com\/\",\"logo\":{\"@type\":\"ImageObject\",\"inLanguage\":\"ca\",\"@id\":\"https:\/\/www.piris.com\/#\/schema\/logo\/image\/\",\"url\":\"https:\/\/www.piris.com\/wp-content\/uploads\/29-PIRIS.png\",\"contentUrl\":\"https:\/\/www.piris.com\/wp-content\/uploads\/29-PIRIS.png\",\"width\":1280,\"height\":720,\"caption\":\"PIRIS\"},\"image\":{\"@id\":\"https:\/\/www.piris.com\/#\/schema\/logo\/image\/\"},\"sameAs\":[\"https:\/\/www.linkedin.com\/company\/piris\/\"]}]}<\/script>\n<!-- \/ Yoast SEO plugin. -->","yoast_head_json":{"title":"TH387 | Piris","robots":{"index":"index","follow":"follow","max-snippet":"max-snippet:-1","max-image-preview":"max-image-preview:large","max-video-preview":"max-video-preview:-1"},"canonical":"https:\/\/www.piris.com\/ca\/cataleg-de-productes\/regletes-connexio-estancs\/connectors-ca-2\/th387","og_locale":"ca_ES","og_type":"article","og_title":"TH387 | Piris","og_description":"Mini connector endollable amb rosca de tancament i prensacable, fins a 5 pols.ARA VERSIO 5 POLS (veure fitxa t&egrave;cnica)caracter&iacute;stiques generalsTub extern - tecnopol&iacute;mer PA66 UL94 d'elevada resist&egrave;ncia mec&agrave;nica i t&egrave;rmica (-20&ordm;C \/ + 125&ordm;C)Regleta (intercanviable de la fam&iacute;lia TEEPLUG) - tecnopol&iacute;mer PA66 UL94, parts met&agrave;l&middot;liques de llaut&oacute; niquelat i cargols imperdiblesPrensacables - tecnopol&iacute;mer PA66 UL94 d'elevada resist&egrave;ncia mec&agrave;nica i t&egrave;rmica (-20&ordm;C \/ + 125&ordm;C)Juntes de tancament - En silicona amb excel&middot;lent elasticitat i resist&egrave;ncia a l'envelliment. Permeten una &ograve;ptima adhesi&oacute; al tub extern. Garantida la fiabilitat en el temps fins i tot en condicions extremesGomes de tancament - En material TPE-V, permeten un tancament segur i adequat als diferents tipus de cables del mercatGrau de protecci&oacute; - IP68 Fitxa T&egrave;cnica TH387","og_url":"https:\/\/www.piris.com\/ca\/cataleg-de-productes\/regletes-connexio-estancs\/connectors-ca-2\/th387","og_site_name":"Piris","article_modified_time":"2019-07-17T08:12:15+00:00","og_image":[{"width":400,"height":400,"url":"https:\/\/www.piris.com\/wp-content\/uploads\/TH387.jpg","type":"image\/jpeg"}],"twitter_card":"summary_large_image","schema":{"@context":"https:\/\/schema.org","@graph":[{"@type":"WebPage","@id":"https:\/\/www.piris.com\/ca\/cataleg-de-productes\/regletes-connexio-estancs\/connectors-ca-2\/th387","url":"https:\/\/www.piris.com\/ca\/cataleg-de-productes\/regletes-connexio-estancs\/connectors-ca-2\/th387","name":"TH387 | Piris","isPartOf":{"@id":"https:\/\/www.piris.com\/#website"},"primaryImageOfPage":{"@id":"https:\/\/www.piris.com\/ca\/cataleg-de-productes\/regletes-connexio-estancs\/connectors-ca-2\/th387#primaryimage"},"image":{"@id":"https:\/\/www.piris.com\/ca\/cataleg-de-productes\/regletes-connexio-estancs\/connectors-ca-2\/th387#primaryimage"},"thumbnailUrl":"https:\/\/www.piris.com\/wp-content\/uploads\/TH387.jpg","datePublished":"2015-09-18T09:35:03+00:00","dateModified":"2019-07-17T08:12:15+00:00","breadcrumb":{"@id":"https:\/\/www.piris.com\/ca\/cataleg-de-productes\/regletes-connexio-estancs\/connectors-ca-2\/th387#breadcrumb"},"inLanguage":"ca","potentialAction":[{"@type":"ReadAction","target":["https:\/\/www.piris.com\/ca\/cataleg-de-productes\/regletes-connexio-estancs\/connectors-ca-2\/th387"]}]},{"@type":"ImageObject","inLanguage":"ca","@id":"https:\/\/www.piris.com\/ca\/cataleg-de-productes\/regletes-connexio-estancs\/connectors-ca-2\/th387#primaryimage","url":"https:\/\/www.piris.com\/wp-content\/uploads\/TH387.jpg","contentUrl":"https:\/\/www.piris.com\/wp-content\/uploads\/TH387.jpg","width":400,"height":400},{"@type":"BreadcrumbList","@id":"https:\/\/www.piris.com\/ca\/cataleg-de-productes\/regletes-connexio-estancs\/connectors-ca-2\/th387#breadcrumb","itemListElement":[{"@type":"ListItem","position":1,"name":"Portada","item":"https:\/\/www.piris.com\/ca"},{"@type":"ListItem","position":2,"name":"Cat\u00e0leg de productes","item":"https:\/\/www.piris.com\/ca\/cataleg-de-productes"},{"@type":"ListItem","position":3,"name":"TH387"}]},{"@type":"WebSite","@id":"https:\/\/www.piris.com\/#website","url":"https:\/\/www.piris.com\/","name":"Piris","description":"Components el\u00e8ctrics, mec\u00e0nics i electr\u00f2nics","publisher":{"@id":"https:\/\/www.piris.com\/#organization"},"potentialAction":[{"@type":"SearchAction","target":{"@type":"EntryPoint","urlTemplate":"https:\/\/www.piris.com\/?s={search_term_string}"},"query-input":"required name=search_term_string"}],"inLanguage":"ca"},{"@type":"Organization","@id":"https:\/\/www.piris.com\/#organization","name":"PIRIS","url":"https:\/\/www.piris.com\/","logo":{"@type":"ImageObject","inLanguage":"ca","@id":"https:\/\/www.piris.com\/#\/schema\/logo\/image\/","url":"https:\/\/www.piris.com\/wp-content\/uploads\/29-PIRIS.png","contentUrl":"https:\/\/www.piris.com\/wp-content\/uploads\/29-PIRIS.png","width":1280,"height":720,"caption":"PIRIS"},"image":{"@id":"https:\/\/www.piris.com\/#\/schema\/logo\/image\/"},"sameAs":["https:\/\/www.linkedin.com\/company\/piris\/"]}]}},"_links":{"self":[{"href":"https:\/\/www.piris.com\/ca\/wp-json\/wp\/v2\/product\/13239"}],"collection":[{"href":"https:\/\/www.piris.com\/ca\/wp-json\/wp\/v2\/product"}],"about":[{"href":"https:\/\/www.piris.com\/ca\/wp-json\/wp\/v2\/types\/product"}],"replies":[{"embeddable":true,"href":"https:\/\/www.piris.com\/ca\/wp-json\/wp\/v2\/comments?post=13239"}],"wp:featuredmedia":[{"embeddable":true,"href":"https:\/\/www.piris.com\/ca\/wp-json\/wp\/v2\/media\/7262"}],"wp:attachment":[{"href":"https:\/\/www.piris.com\/ca\/wp-json\/wp\/v2\/media?parent=13239"}],"wp:term":[{"taxonomy":"product_cat","embeddable":true,"href":"https:\/\/www.piris.com\/ca\/wp-json\/wp\/v2\/product_cat?post=13239"},{"taxonomy":"product_tag","embeddable":true,"href":"https:\/\/www.piris.com\/ca\/wp-json\/wp\/v2\/product_tag?post=13239"}],"curies":[{"name":"wp","href":"https:\/\/api.w.org\/{rel}","templated":true}]}}