{"id":13997,"date":"2018-07-06T12:46:27","date_gmt":"2018-07-06T10:46:27","guid":{"rendered":"http:\/\/www.piris.com\/?post_type=product&#038;p=13997"},"modified":"2018-07-23T16:54:49","modified_gmt":"2018-07-23T14:54:49","slug":"sonda-amb-empunyadura-recta-de-teflo-i-cable-30o","status":"publish","type":"product","link":"https:\/\/www.piris.com\/ca\/cataleg-de-productes\/sondes-de-temperatura\/sonda-punxa-amb-empunyadura-recta\/sonda-amb-empunyadura-recta-de-teflo-i-cable-30o","title":{"rendered":"Sonda amb empunyadura recta de tefl\u00f3 i cable 30\u00ba"},"content":{"rendered":"","protected":false},"excerpt":{"rendered":"<p><a href=\"http:\/\/www.piris.com\/wp-content\/uploads\/25SD15.pdf\">Fitxa T\u00e8cnica<\/a><\/p>\n","protected":false},"featured_media":14009,"comment_status":"closed","ping_status":"closed","template":"","meta":[],"product_cat":[639],"product_tag":[],"yoast_head":"<!-- This site is optimized with the Yoast SEO plugin v23.0 - https:\/\/yoast.com\/wordpress\/plugins\/seo\/ -->\n<title>Sonda amb empunyadura recta de tefl\u00f3 i cable 30\u00ba | Piris<\/title>\n<meta name=\"robots\" content=\"index, follow, max-snippet:-1, max-image-preview:large, max-video-preview:-1\" \/>\n<link rel=\"canonical\" href=\"https:\/\/www.piris.com\/ca\/cataleg-de-productes\/sondes-de-temperatura\/sonda-punxa-amb-empunyadura-recta\/sonda-amb-empunyadura-recta-de-teflo-i-cable-30o\" \/>\n<meta property=\"og:locale\" content=\"ca_ES\" \/>\n<meta property=\"og:type\" content=\"article\" \/>\n<meta property=\"og:title\" content=\"Sonda amb empunyadura recta de tefl\u00f3 i cable 30\u00ba | Piris\" \/>\n<meta property=\"og:description\" content=\"Fitxa T\u00e8cnica\" \/>\n<meta property=\"og:url\" content=\"https:\/\/www.piris.com\/ca\/cataleg-de-productes\/sondes-de-temperatura\/sonda-punxa-amb-empunyadura-recta\/sonda-amb-empunyadura-recta-de-teflo-i-cable-30o\" \/>\n<meta property=\"og:site_name\" content=\"Piris\" \/>\n<meta property=\"article:modified_time\" content=\"2018-07-23T14:54:49+00:00\" \/>\n<meta property=\"og:image\" content=\"https:\/\/www.piris.com\/wp-content\/uploads\/25SD15.jpg\" \/>\n\t<meta property=\"og:image:width\" content=\"400\" \/>\n\t<meta property=\"og:image:height\" content=\"400\" \/>\n\t<meta property=\"og:image:type\" content=\"image\/jpeg\" \/>\n<meta name=\"twitter:card\" content=\"summary_large_image\" \/>\n<script type=\"application\/ld+json\" class=\"yoast-schema-graph\">{\"@context\":\"https:\/\/schema.org\",\"@graph\":[{\"@type\":\"WebPage\",\"@id\":\"https:\/\/www.piris.com\/ca\/cataleg-de-productes\/sondes-de-temperatura\/sonda-punxa-amb-empunyadura-recta\/sonda-amb-empunyadura-recta-de-teflo-i-cable-30o\",\"url\":\"https:\/\/www.piris.com\/ca\/cataleg-de-productes\/sondes-de-temperatura\/sonda-punxa-amb-empunyadura-recta\/sonda-amb-empunyadura-recta-de-teflo-i-cable-30o\",\"name\":\"Sonda amb empunyadura recta de tefl\u00f3 i cable 30\u00ba | Piris\",\"isPartOf\":{\"@id\":\"https:\/\/www.piris.com\/#website\"},\"primaryImageOfPage\":{\"@id\":\"https:\/\/www.piris.com\/ca\/cataleg-de-productes\/sondes-de-temperatura\/sonda-punxa-amb-empunyadura-recta\/sonda-amb-empunyadura-recta-de-teflo-i-cable-30o#primaryimage\"},\"image\":{\"@id\":\"https:\/\/www.piris.com\/ca\/cataleg-de-productes\/sondes-de-temperatura\/sonda-punxa-amb-empunyadura-recta\/sonda-amb-empunyadura-recta-de-teflo-i-cable-30o#primaryimage\"},\"thumbnailUrl\":\"https:\/\/www.piris.com\/wp-content\/uploads\/25SD15.jpg\",\"datePublished\":\"2018-07-06T10:46:27+00:00\",\"dateModified\":\"2018-07-23T14:54:49+00:00\",\"breadcrumb\":{\"@id\":\"https:\/\/www.piris.com\/ca\/cataleg-de-productes\/sondes-de-temperatura\/sonda-punxa-amb-empunyadura-recta\/sonda-amb-empunyadura-recta-de-teflo-i-cable-30o#breadcrumb\"},\"inLanguage\":\"ca\",\"potentialAction\":[{\"@type\":\"ReadAction\",\"target\":[\"https:\/\/www.piris.com\/ca\/cataleg-de-productes\/sondes-de-temperatura\/sonda-punxa-amb-empunyadura-recta\/sonda-amb-empunyadura-recta-de-teflo-i-cable-30o\"]}]},{\"@type\":\"ImageObject\",\"inLanguage\":\"ca\",\"@id\":\"https:\/\/www.piris.com\/ca\/cataleg-de-productes\/sondes-de-temperatura\/sonda-punxa-amb-empunyadura-recta\/sonda-amb-empunyadura-recta-de-teflo-i-cable-30o#primaryimage\",\"url\":\"https:\/\/www.piris.com\/wp-content\/uploads\/25SD15.jpg\",\"contentUrl\":\"https:\/\/www.piris.com\/wp-content\/uploads\/25SD15.jpg\",\"width\":400,\"height\":400},{\"@type\":\"BreadcrumbList\",\"@id\":\"https:\/\/www.piris.com\/ca\/cataleg-de-productes\/sondes-de-temperatura\/sonda-punxa-amb-empunyadura-recta\/sonda-amb-empunyadura-recta-de-teflo-i-cable-30o#breadcrumb\",\"itemListElement\":[{\"@type\":\"ListItem\",\"position\":1,\"name\":\"Portada\",\"item\":\"https:\/\/www.piris.com\/ca\"},{\"@type\":\"ListItem\",\"position\":2,\"name\":\"Cat\u00e0leg de productes\",\"item\":\"https:\/\/www.piris.com\/ca\/cataleg-de-productes\"},{\"@type\":\"ListItem\",\"position\":3,\"name\":\"Sonda amb empunyadura recta de tefl\u00f3 i cable 30\u00ba\"}]},{\"@type\":\"WebSite\",\"@id\":\"https:\/\/www.piris.com\/#website\",\"url\":\"https:\/\/www.piris.com\/\",\"name\":\"Piris\",\"description\":\"Components el\u00e8ctrics, mec\u00e0nics i electr\u00f2nics\",\"publisher\":{\"@id\":\"https:\/\/www.piris.com\/#organization\"},\"potentialAction\":[{\"@type\":\"SearchAction\",\"target\":{\"@type\":\"EntryPoint\",\"urlTemplate\":\"https:\/\/www.piris.com\/?s={search_term_string}\"},\"query-input\":\"required name=search_term_string\"}],\"inLanguage\":\"ca\"},{\"@type\":\"Organization\",\"@id\":\"https:\/\/www.piris.com\/#organization\",\"name\":\"PIRIS\",\"url\":\"https:\/\/www.piris.com\/\",\"logo\":{\"@type\":\"ImageObject\",\"inLanguage\":\"ca\",\"@id\":\"https:\/\/www.piris.com\/#\/schema\/logo\/image\/\",\"url\":\"https:\/\/www.piris.com\/wp-content\/uploads\/29-PIRIS.png\",\"contentUrl\":\"https:\/\/www.piris.com\/wp-content\/uploads\/29-PIRIS.png\",\"width\":1280,\"height\":720,\"caption\":\"PIRIS\"},\"image\":{\"@id\":\"https:\/\/www.piris.com\/#\/schema\/logo\/image\/\"},\"sameAs\":[\"https:\/\/www.linkedin.com\/company\/piris\/\"]}]}<\/script>\n<!-- \/ Yoast SEO plugin. -->","yoast_head_json":{"title":"Sonda amb empunyadura recta de tefl\u00f3 i cable 30\u00ba | Piris","robots":{"index":"index","follow":"follow","max-snippet":"max-snippet:-1","max-image-preview":"max-image-preview:large","max-video-preview":"max-video-preview:-1"},"canonical":"https:\/\/www.piris.com\/ca\/cataleg-de-productes\/sondes-de-temperatura\/sonda-punxa-amb-empunyadura-recta\/sonda-amb-empunyadura-recta-de-teflo-i-cable-30o","og_locale":"ca_ES","og_type":"article","og_title":"Sonda amb empunyadura recta de tefl\u00f3 i cable 30\u00ba | Piris","og_description":"Fitxa T\u00e8cnica","og_url":"https:\/\/www.piris.com\/ca\/cataleg-de-productes\/sondes-de-temperatura\/sonda-punxa-amb-empunyadura-recta\/sonda-amb-empunyadura-recta-de-teflo-i-cable-30o","og_site_name":"Piris","article_modified_time":"2018-07-23T14:54:49+00:00","og_image":[{"width":400,"height":400,"url":"https:\/\/www.piris.com\/wp-content\/uploads\/25SD15.jpg","type":"image\/jpeg"}],"twitter_card":"summary_large_image","schema":{"@context":"https:\/\/schema.org","@graph":[{"@type":"WebPage","@id":"https:\/\/www.piris.com\/ca\/cataleg-de-productes\/sondes-de-temperatura\/sonda-punxa-amb-empunyadura-recta\/sonda-amb-empunyadura-recta-de-teflo-i-cable-30o","url":"https:\/\/www.piris.com\/ca\/cataleg-de-productes\/sondes-de-temperatura\/sonda-punxa-amb-empunyadura-recta\/sonda-amb-empunyadura-recta-de-teflo-i-cable-30o","name":"Sonda amb empunyadura recta de tefl\u00f3 i cable 30\u00ba | Piris","isPartOf":{"@id":"https:\/\/www.piris.com\/#website"},"primaryImageOfPage":{"@id":"https:\/\/www.piris.com\/ca\/cataleg-de-productes\/sondes-de-temperatura\/sonda-punxa-amb-empunyadura-recta\/sonda-amb-empunyadura-recta-de-teflo-i-cable-30o#primaryimage"},"image":{"@id":"https:\/\/www.piris.com\/ca\/cataleg-de-productes\/sondes-de-temperatura\/sonda-punxa-amb-empunyadura-recta\/sonda-amb-empunyadura-recta-de-teflo-i-cable-30o#primaryimage"},"thumbnailUrl":"https:\/\/www.piris.com\/wp-content\/uploads\/25SD15.jpg","datePublished":"2018-07-06T10:46:27+00:00","dateModified":"2018-07-23T14:54:49+00:00","breadcrumb":{"@id":"https:\/\/www.piris.com\/ca\/cataleg-de-productes\/sondes-de-temperatura\/sonda-punxa-amb-empunyadura-recta\/sonda-amb-empunyadura-recta-de-teflo-i-cable-30o#breadcrumb"},"inLanguage":"ca","potentialAction":[{"@type":"ReadAction","target":["https:\/\/www.piris.com\/ca\/cataleg-de-productes\/sondes-de-temperatura\/sonda-punxa-amb-empunyadura-recta\/sonda-amb-empunyadura-recta-de-teflo-i-cable-30o"]}]},{"@type":"ImageObject","inLanguage":"ca","@id":"https:\/\/www.piris.com\/ca\/cataleg-de-productes\/sondes-de-temperatura\/sonda-punxa-amb-empunyadura-recta\/sonda-amb-empunyadura-recta-de-teflo-i-cable-30o#primaryimage","url":"https:\/\/www.piris.com\/wp-content\/uploads\/25SD15.jpg","contentUrl":"https:\/\/www.piris.com\/wp-content\/uploads\/25SD15.jpg","width":400,"height":400},{"@type":"BreadcrumbList","@id":"https:\/\/www.piris.com\/ca\/cataleg-de-productes\/sondes-de-temperatura\/sonda-punxa-amb-empunyadura-recta\/sonda-amb-empunyadura-recta-de-teflo-i-cable-30o#breadcrumb","itemListElement":[{"@type":"ListItem","position":1,"name":"Portada","item":"https:\/\/www.piris.com\/ca"},{"@type":"ListItem","position":2,"name":"Cat\u00e0leg de productes","item":"https:\/\/www.piris.com\/ca\/cataleg-de-productes"},{"@type":"ListItem","position":3,"name":"Sonda amb empunyadura recta de tefl\u00f3 i cable 30\u00ba"}]},{"@type":"WebSite","@id":"https:\/\/www.piris.com\/#website","url":"https:\/\/www.piris.com\/","name":"Piris","description":"Components el\u00e8ctrics, mec\u00e0nics i electr\u00f2nics","publisher":{"@id":"https:\/\/www.piris.com\/#organization"},"potentialAction":[{"@type":"SearchAction","target":{"@type":"EntryPoint","urlTemplate":"https:\/\/www.piris.com\/?s={search_term_string}"},"query-input":"required name=search_term_string"}],"inLanguage":"ca"},{"@type":"Organization","@id":"https:\/\/www.piris.com\/#organization","name":"PIRIS","url":"https:\/\/www.piris.com\/","logo":{"@type":"ImageObject","inLanguage":"ca","@id":"https:\/\/www.piris.com\/#\/schema\/logo\/image\/","url":"https:\/\/www.piris.com\/wp-content\/uploads\/29-PIRIS.png","contentUrl":"https:\/\/www.piris.com\/wp-content\/uploads\/29-PIRIS.png","width":1280,"height":720,"caption":"PIRIS"},"image":{"@id":"https:\/\/www.piris.com\/#\/schema\/logo\/image\/"},"sameAs":["https:\/\/www.linkedin.com\/company\/piris\/"]}]}},"_links":{"self":[{"href":"https:\/\/www.piris.com\/ca\/wp-json\/wp\/v2\/product\/13997"}],"collection":[{"href":"https:\/\/www.piris.com\/ca\/wp-json\/wp\/v2\/product"}],"about":[{"href":"https:\/\/www.piris.com\/ca\/wp-json\/wp\/v2\/types\/product"}],"replies":[{"embeddable":true,"href":"https:\/\/www.piris.com\/ca\/wp-json\/wp\/v2\/comments?post=13997"}],"wp:featuredmedia":[{"embeddable":true,"href":"https:\/\/www.piris.com\/ca\/wp-json\/wp\/v2\/media\/14009"}],"wp:attachment":[{"href":"https:\/\/www.piris.com\/ca\/wp-json\/wp\/v2\/media?parent=13997"}],"wp:term":[{"taxonomy":"product_cat","embeddable":true,"href":"https:\/\/www.piris.com\/ca\/wp-json\/wp\/v2\/product_cat?post=13997"},{"taxonomy":"product_tag","embeddable":true,"href":"https:\/\/www.piris.com\/ca\/wp-json\/wp\/v2\/product_tag?post=13997"}],"curies":[{"name":"wp","href":"https:\/\/api.w.org\/{rel}","templated":true}]}}