{"id":15593,"date":"2022-09-09T10:00:55","date_gmt":"2022-09-09T08:00:55","guid":{"rendered":"https:\/\/www.piris.com\/catalogo-de-productos\/uncategorized\/motor-radial-m58-h12"},"modified":"2022-09-09T10:07:25","modified_gmt":"2022-09-09T08:07:25","slug":"motor-radial-m58-h12","status":"publish","type":"product","link":"https:\/\/www.piris.com\/ca\/cataleg-de-productes\/motors\/motors-forn\/motor-radial-m58-h12","title":{"rendered":"IMS Radial Fan M58 H12"},"content":{"rendered":"","protected":false},"excerpt":{"rendered":"<p>Motor radial de ventilaci\u00f3n\/refrigeraci\u00f3n de hornos<\/p>\n","protected":false},"featured_media":15588,"comment_status":"closed","ping_status":"closed","template":"","meta":[],"product_cat":[406],"product_tag":[],"yoast_head":"<!-- This site is optimized with the Yoast SEO plugin v23.0 - https:\/\/yoast.com\/wordpress\/plugins\/seo\/ -->\n<title>IMS Radial Fan M58 H12 | Piris<\/title>\n<meta name=\"robots\" content=\"index, follow, max-snippet:-1, max-image-preview:large, max-video-preview:-1\" \/>\n<link rel=\"canonical\" href=\"https:\/\/www.piris.com\/cataleg-de-productes\/motores\/motores-horno\/motor-radial-m58-h12\" \/>\n<meta property=\"og:locale\" content=\"ca_ES\" \/>\n<meta property=\"og:type\" content=\"article\" \/>\n<meta property=\"og:title\" content=\"IMS Radial Fan M58 H12 | Piris\" \/>\n<meta property=\"og:description\" content=\"Motor radial de ventilaci\u00f3n\/refrigeraci\u00f3n de hornos\" \/>\n<meta property=\"og:url\" content=\"https:\/\/www.piris.com\/cataleg-de-productes\/motores\/motores-horno\/motor-radial-m58-h12\" \/>\n<meta property=\"og:site_name\" content=\"Piris\" \/>\n<meta property=\"article:modified_time\" content=\"2022-09-09T08:07:25+00:00\" \/>\n<meta property=\"og:image\" content=\"https:\/\/www.piris.com\/wp-content\/uploads\/PRODUCTOS-MOTOR-IMS-M58.png\" \/>\n\t<meta property=\"og:image:width\" content=\"945\" \/>\n\t<meta property=\"og:image:height\" content=\"945\" \/>\n\t<meta property=\"og:image:type\" content=\"image\/png\" \/>\n<meta name=\"twitter:card\" content=\"summary_large_image\" \/>\n<script type=\"application\/ld+json\" class=\"yoast-schema-graph\">{\"@context\":\"https:\/\/schema.org\",\"@graph\":[{\"@type\":\"WebPage\",\"@id\":\"https:\/\/www.piris.com\/cataleg-de-productes\/motores\/motores-horno\/motor-radial-m58-h12\",\"url\":\"https:\/\/www.piris.com\/cataleg-de-productes\/motores\/motores-horno\/motor-radial-m58-h12\",\"name\":\"IMS Radial Fan M58 H12 | Piris\",\"isPartOf\":{\"@id\":\"https:\/\/www.piris.com\/#website\"},\"primaryImageOfPage\":{\"@id\":\"https:\/\/www.piris.com\/cataleg-de-productes\/motores\/motores-horno\/motor-radial-m58-h12#primaryimage\"},\"image\":{\"@id\":\"https:\/\/www.piris.com\/cataleg-de-productes\/motores\/motores-horno\/motor-radial-m58-h12#primaryimage\"},\"thumbnailUrl\":\"https:\/\/www.piris.com\/wp-content\/uploads\/PRODUCTOS-MOTOR-IMS-M58.png\",\"datePublished\":\"2022-09-09T08:00:55+00:00\",\"dateModified\":\"2022-09-09T08:07:25+00:00\",\"breadcrumb\":{\"@id\":\"https:\/\/www.piris.com\/cataleg-de-productes\/motores\/motores-horno\/motor-radial-m58-h12#breadcrumb\"},\"inLanguage\":\"ca\",\"potentialAction\":[{\"@type\":\"ReadAction\",\"target\":[\"https:\/\/www.piris.com\/cataleg-de-productes\/motores\/motores-horno\/motor-radial-m58-h12\"]}]},{\"@type\":\"ImageObject\",\"inLanguage\":\"ca\",\"@id\":\"https:\/\/www.piris.com\/cataleg-de-productes\/motores\/motores-horno\/motor-radial-m58-h12#primaryimage\",\"url\":\"https:\/\/www.piris.com\/wp-content\/uploads\/PRODUCTOS-MOTOR-IMS-M58.png\",\"contentUrl\":\"https:\/\/www.piris.com\/wp-content\/uploads\/PRODUCTOS-MOTOR-IMS-M58.png\",\"width\":945,\"height\":945},{\"@type\":\"BreadcrumbList\",\"@id\":\"https:\/\/www.piris.com\/cataleg-de-productes\/motores\/motores-horno\/motor-radial-m58-h12#breadcrumb\",\"itemListElement\":[{\"@type\":\"ListItem\",\"position\":1,\"name\":\"Portada\",\"item\":\"https:\/\/www.piris.com\/ca\"},{\"@type\":\"ListItem\",\"position\":2,\"name\":\"Cat\u00e0leg de productes\",\"item\":\"https:\/\/www.piris.com\/ca\/cataleg-de-productes\"},{\"@type\":\"ListItem\",\"position\":3,\"name\":\"IMS Radial Fan M58 H12\"}]},{\"@type\":\"WebSite\",\"@id\":\"https:\/\/www.piris.com\/#website\",\"url\":\"https:\/\/www.piris.com\/\",\"name\":\"Piris\",\"description\":\"Components el\u00e8ctrics, mec\u00e0nics i electr\u00f2nics\",\"publisher\":{\"@id\":\"https:\/\/www.piris.com\/#organization\"},\"potentialAction\":[{\"@type\":\"SearchAction\",\"target\":{\"@type\":\"EntryPoint\",\"urlTemplate\":\"https:\/\/www.piris.com\/?s={search_term_string}\"},\"query-input\":\"required name=search_term_string\"}],\"inLanguage\":\"ca\"},{\"@type\":\"Organization\",\"@id\":\"https:\/\/www.piris.com\/#organization\",\"name\":\"PIRIS\",\"url\":\"https:\/\/www.piris.com\/\",\"logo\":{\"@type\":\"ImageObject\",\"inLanguage\":\"ca\",\"@id\":\"https:\/\/www.piris.com\/#\/schema\/logo\/image\/\",\"url\":\"https:\/\/www.piris.com\/wp-content\/uploads\/29-PIRIS.png\",\"contentUrl\":\"https:\/\/www.piris.com\/wp-content\/uploads\/29-PIRIS.png\",\"width\":1280,\"height\":720,\"caption\":\"PIRIS\"},\"image\":{\"@id\":\"https:\/\/www.piris.com\/#\/schema\/logo\/image\/\"},\"sameAs\":[\"https:\/\/www.linkedin.com\/company\/piris\/\"]}]}<\/script>\n<!-- \/ Yoast SEO plugin. -->","yoast_head_json":{"title":"IMS Radial Fan M58 H12 | Piris","robots":{"index":"index","follow":"follow","max-snippet":"max-snippet:-1","max-image-preview":"max-image-preview:large","max-video-preview":"max-video-preview:-1"},"canonical":"https:\/\/www.piris.com\/cataleg-de-productes\/motores\/motores-horno\/motor-radial-m58-h12","og_locale":"ca_ES","og_type":"article","og_title":"IMS Radial Fan M58 H12 | Piris","og_description":"Motor radial de ventilaci\u00f3n\/refrigeraci\u00f3n de hornos","og_url":"https:\/\/www.piris.com\/cataleg-de-productes\/motores\/motores-horno\/motor-radial-m58-h12","og_site_name":"Piris","article_modified_time":"2022-09-09T08:07:25+00:00","og_image":[{"width":945,"height":945,"url":"https:\/\/www.piris.com\/wp-content\/uploads\/PRODUCTOS-MOTOR-IMS-M58.png","type":"image\/png"}],"twitter_card":"summary_large_image","schema":{"@context":"https:\/\/schema.org","@graph":[{"@type":"WebPage","@id":"https:\/\/www.piris.com\/cataleg-de-productes\/motores\/motores-horno\/motor-radial-m58-h12","url":"https:\/\/www.piris.com\/cataleg-de-productes\/motores\/motores-horno\/motor-radial-m58-h12","name":"IMS Radial Fan M58 H12 | Piris","isPartOf":{"@id":"https:\/\/www.piris.com\/#website"},"primaryImageOfPage":{"@id":"https:\/\/www.piris.com\/cataleg-de-productes\/motores\/motores-horno\/motor-radial-m58-h12#primaryimage"},"image":{"@id":"https:\/\/www.piris.com\/cataleg-de-productes\/motores\/motores-horno\/motor-radial-m58-h12#primaryimage"},"thumbnailUrl":"https:\/\/www.piris.com\/wp-content\/uploads\/PRODUCTOS-MOTOR-IMS-M58.png","datePublished":"2022-09-09T08:00:55+00:00","dateModified":"2022-09-09T08:07:25+00:00","breadcrumb":{"@id":"https:\/\/www.piris.com\/cataleg-de-productes\/motores\/motores-horno\/motor-radial-m58-h12#breadcrumb"},"inLanguage":"ca","potentialAction":[{"@type":"ReadAction","target":["https:\/\/www.piris.com\/cataleg-de-productes\/motores\/motores-horno\/motor-radial-m58-h12"]}]},{"@type":"ImageObject","inLanguage":"ca","@id":"https:\/\/www.piris.com\/cataleg-de-productes\/motores\/motores-horno\/motor-radial-m58-h12#primaryimage","url":"https:\/\/www.piris.com\/wp-content\/uploads\/PRODUCTOS-MOTOR-IMS-M58.png","contentUrl":"https:\/\/www.piris.com\/wp-content\/uploads\/PRODUCTOS-MOTOR-IMS-M58.png","width":945,"height":945},{"@type":"BreadcrumbList","@id":"https:\/\/www.piris.com\/cataleg-de-productes\/motores\/motores-horno\/motor-radial-m58-h12#breadcrumb","itemListElement":[{"@type":"ListItem","position":1,"name":"Portada","item":"https:\/\/www.piris.com\/ca"},{"@type":"ListItem","position":2,"name":"Cat\u00e0leg de productes","item":"https:\/\/www.piris.com\/ca\/cataleg-de-productes"},{"@type":"ListItem","position":3,"name":"IMS Radial Fan M58 H12"}]},{"@type":"WebSite","@id":"https:\/\/www.piris.com\/#website","url":"https:\/\/www.piris.com\/","name":"Piris","description":"Components el\u00e8ctrics, mec\u00e0nics i electr\u00f2nics","publisher":{"@id":"https:\/\/www.piris.com\/#organization"},"potentialAction":[{"@type":"SearchAction","target":{"@type":"EntryPoint","urlTemplate":"https:\/\/www.piris.com\/?s={search_term_string}"},"query-input":"required name=search_term_string"}],"inLanguage":"ca"},{"@type":"Organization","@id":"https:\/\/www.piris.com\/#organization","name":"PIRIS","url":"https:\/\/www.piris.com\/","logo":{"@type":"ImageObject","inLanguage":"ca","@id":"https:\/\/www.piris.com\/#\/schema\/logo\/image\/","url":"https:\/\/www.piris.com\/wp-content\/uploads\/29-PIRIS.png","contentUrl":"https:\/\/www.piris.com\/wp-content\/uploads\/29-PIRIS.png","width":1280,"height":720,"caption":"PIRIS"},"image":{"@id":"https:\/\/www.piris.com\/#\/schema\/logo\/image\/"},"sameAs":["https:\/\/www.linkedin.com\/company\/piris\/"]}]}},"_links":{"self":[{"href":"https:\/\/www.piris.com\/ca\/wp-json\/wp\/v2\/product\/15593"}],"collection":[{"href":"https:\/\/www.piris.com\/ca\/wp-json\/wp\/v2\/product"}],"about":[{"href":"https:\/\/www.piris.com\/ca\/wp-json\/wp\/v2\/types\/product"}],"replies":[{"embeddable":true,"href":"https:\/\/www.piris.com\/ca\/wp-json\/wp\/v2\/comments?post=15593"}],"wp:featuredmedia":[{"embeddable":true,"href":"https:\/\/www.piris.com\/ca\/wp-json\/wp\/v2\/media\/15588"}],"wp:attachment":[{"href":"https:\/\/www.piris.com\/ca\/wp-json\/wp\/v2\/media?parent=15593"}],"wp:term":[{"taxonomy":"product_cat","embeddable":true,"href":"https:\/\/www.piris.com\/ca\/wp-json\/wp\/v2\/product_cat?post=15593"},{"taxonomy":"product_tag","embeddable":true,"href":"https:\/\/www.piris.com\/ca\/wp-json\/wp\/v2\/product_tag?post=15593"}],"curies":[{"name":"wp","href":"https:\/\/api.w.org\/{rel}","templated":true}]}}