{"id":15626,"date":"2022-09-27T12:14:53","date_gmt":"2022-09-27T10:14:53","guid":{"rendered":"https:\/\/www.piris.com\/catalogo-de-productos\/uncategorized\/manguera-entrada-agua"},"modified":"2022-09-27T12:58:36","modified_gmt":"2022-09-27T10:58:36","slug":"manguera-entrada-agua","status":"publish","type":"product","link":"https:\/\/www.piris.com\/ca\/cataleg-de-productes\/electrovalvules\/mangueres-entrada-aigua\/manguera-entrada-agua","title":{"rendered":"MANGUERES ENTRADA AIGUA"},"content":{"rendered":"<p id=\"tw-target-text\" class=\"tw-data-text tw-text-large tw-ta\" dir=\"ltr\" data-placeholder=\"Traducci\u00f3n\"><strong><span class=\"Y2IQFc\" lang=\"ca\">CARACTER\u00cdSTIQUES I DADES T\u00c8CNIQUES:<\/span><\/strong><\/p>\n<p dir=\"ltr\" data-placeholder=\"Traducci\u00f3n\">\n<p class=\"tw-data-text tw-text-large tw-ta\" dir=\"ltr\" data-placeholder=\"Traducci\u00f3n\"><span class=\"Y2IQFc\" lang=\"ca\"><strong>Longitud<\/strong>: est\u00e0ndard 1,5 m (longituds personalitzades disponibles) <\/span><\/p>\n<p class=\"tw-data-text tw-text-large tw-ta\" dir=\"ltr\" data-placeholder=\"Traducci\u00f3n\"><span class=\"Y2IQFc\" lang=\"ca\"><strong>Capacitat:<\/strong> determinada per l&#8217;electrodom\u00e8stic connectat <\/span><\/p>\n<p class=\"tw-data-text tw-text-large tw-ta\" dir=\"ltr\" data-placeholder=\"Traducci\u00f3n\"><span class=\"Y2IQFc\" lang=\"ca\"><strong>Pressi\u00f3 de trencament:<\/strong> segons la versi\u00f3, de 40 a 150 bar <\/span><\/p>\n<p class=\"tw-data-text tw-text-large tw-ta\" dir=\"ltr\" data-placeholder=\"Traducci\u00f3n\"><span class=\"Y2IQFc\" lang=\"ca\"><strong>Temperatura m\u00e0xima de l&#8217;aigua<\/strong>: versi\u00f3 d&#8217;aigua freda 2\u00b0-50\u00b0C; versi\u00f3 d&#8217;aigua calenta 2\u00b0- 90\u00b0C <\/span><\/p>\n<p class=\"tw-data-text tw-text-large tw-ta\" dir=\"ltr\" data-placeholder=\"Traducci\u00f3n\"><span class=\"Y2IQFc\" lang=\"ca\"><strong>Temperatura ambient de funcionament:<\/strong> 5 \u00b0 C &#8211; 60 \u00b0 C <\/span><\/p>\n<p class=\"tw-data-text tw-text-large tw-ta\" dir=\"ltr\" data-placeholder=\"Traducci\u00f3n\"><span class=\"Y2IQFc\" lang=\"ca\"><strong>Grand\u00e0ria de la manguera:<\/strong> segons la versi\u00f3 (est\u00e0ndard 8,5X12,5 mm; 10&#215;14,5 mm; 10&#215;16 mm ; 13&#215;20 mm) <\/span><\/p>\n<p class=\"tw-data-text tw-text-large tw-ta\" dir=\"ltr\" data-placeholder=\"Traducci\u00f3n\"><span class=\"Y2IQFc\" lang=\"ca\"><strong>Material de la manguera:<\/strong> PCV amb refor\u00e7 t\u00e8xtil; PEX; TPU amb refor\u00e7 t\u00e8xtil; TPU amb refor\u00e7 met\u00e0l\u00b7lic (aplicacions pesades) <\/span><\/p>\n<p class=\"tw-data-text tw-text-large tw-ta\" dir=\"ltr\" data-placeholder=\"Traducci\u00f3n\"><span class=\"Y2IQFc\" lang=\"ca\"><strong>Connexi\u00f3 d&#8217;entrada (des del sistema d&#8217;aigua) \/ connexi\u00f3 de sortida (a l&#8217;electrodom\u00e8stic)<\/strong>: femella roscada UNI ISO 228 GAS o UNI ISO 228 \u00bd GAS (femella de pl\u00e0stic opcional; femella de llaut\u00f3) o ASME \u00be 11.5 NH (per a electrodom\u00e8stics del mercat nord-americ\u00e0) Femelles rectes (180\u00b0) o corbes (90\u00b0) disponibles <\/span><\/p>\n<p class=\"tw-data-text tw-text-large tw-ta\" dir=\"ltr\" data-placeholder=\"Traducci\u00f3n\"><span class=\"Y2IQFc\" lang=\"ca\"><strong>Certificacions<\/strong>: EN 61770 (joc de m\u00e0negues); aprovaci\u00f3 WRAS (compliment de la normativa sobre aigua potable).<\/span><\/p>\n","protected":false},"excerpt":{"rendered":"<p>CARACTER\u00cdSTIQUES I DADES T\u00c8CNIQUES: Longitud: est\u00e0ndard 1,5 m (longituds personalitzades disponibles) Capacitat: determinada per l&#8217;electrodom\u00e8stic connectat Pressi\u00f3 de trencament: segons la versi\u00f3, de 40 a 150 bar Temperatura m\u00e0xima de l&#8217;aigua: versi\u00f3 d&#8217;aigua freda 2\u00b0-50\u00b0C; versi\u00f3 d&#8217;aigua calenta 2\u00b0- 90\u00b0C Temperatura ambient de funcionament: 5 \u00b0 C &#8211; 60 \u00b0 C Grand\u00e0ria de la manguera:&hellip;<\/p>\n","protected":false},"featured_media":15615,"comment_status":"closed","ping_status":"closed","template":"","meta":[],"product_cat":[776],"product_tag":[],"yoast_head":"<!-- This site is optimized with the Yoast SEO plugin v23.0 - https:\/\/yoast.com\/wordpress\/plugins\/seo\/ -->\n<title>MANGUERES ENTRADA AIGUA | Piris<\/title>\n<meta name=\"robots\" content=\"index, follow, max-snippet:-1, max-image-preview:large, max-video-preview:-1\" \/>\n<link rel=\"canonical\" href=\"https:\/\/www.piris.com\/cataleg-de-productes\/electrovalvulas\/mangueras-entrada-agua\/manguera-entrada-agua\" \/>\n<meta property=\"og:locale\" content=\"ca_ES\" \/>\n<meta property=\"og:type\" content=\"article\" \/>\n<meta property=\"og:title\" content=\"MANGUERES ENTRADA AIGUA | Piris\" \/>\n<meta property=\"og:description\" content=\"CARACTER\u00cdSTIQUES I DADES T\u00c8CNIQUES: Longitud: est\u00e0ndard 1,5 m (longituds personalitzades disponibles) Capacitat: determinada per l&#8217;electrodom\u00e8stic connectat Pressi\u00f3 de trencament: segons la versi\u00f3, de 40 a 150 bar Temperatura m\u00e0xima de l&#8217;aigua: versi\u00f3 d&#8217;aigua freda 2\u00b0-50\u00b0C; versi\u00f3 d&#8217;aigua calenta 2\u00b0- 90\u00b0C Temperatura ambient de funcionament: 5 \u00b0 C &#8211; 60 \u00b0 C Grand\u00e0ria de la manguera:&hellip;\" \/>\n<meta property=\"og:url\" content=\"https:\/\/www.piris.com\/cataleg-de-productes\/electrovalvulas\/mangueras-entrada-agua\/manguera-entrada-agua\" \/>\n<meta property=\"og:site_name\" content=\"Piris\" \/>\n<meta property=\"article:modified_time\" content=\"2022-09-27T10:58:36+00:00\" \/>\n<meta property=\"og:image\" content=\"https:\/\/www.piris.com\/wp-content\/uploads\/PRODUCTO-MANGUERA-ENTRADA-AGUA_1.png\" \/>\n\t<meta property=\"og:image:width\" content=\"945\" \/>\n\t<meta property=\"og:image:height\" content=\"945\" \/>\n\t<meta property=\"og:image:type\" content=\"image\/png\" \/>\n<meta name=\"twitter:card\" content=\"summary_large_image\" \/>\n<meta name=\"twitter:label1\" content=\"Temps estimat de lectura\" \/>\n\t<meta name=\"twitter:data1\" content=\"1 minut\" \/>\n<script type=\"application\/ld+json\" class=\"yoast-schema-graph\">{\"@context\":\"https:\/\/schema.org\",\"@graph\":[{\"@type\":\"WebPage\",\"@id\":\"https:\/\/www.piris.com\/cataleg-de-productes\/electrovalvulas\/mangueras-entrada-agua\/manguera-entrada-agua\",\"url\":\"https:\/\/www.piris.com\/cataleg-de-productes\/electrovalvulas\/mangueras-entrada-agua\/manguera-entrada-agua\",\"name\":\"MANGUERES ENTRADA AIGUA | Piris\",\"isPartOf\":{\"@id\":\"https:\/\/www.piris.com\/#website\"},\"primaryImageOfPage\":{\"@id\":\"https:\/\/www.piris.com\/cataleg-de-productes\/electrovalvulas\/mangueras-entrada-agua\/manguera-entrada-agua#primaryimage\"},\"image\":{\"@id\":\"https:\/\/www.piris.com\/cataleg-de-productes\/electrovalvulas\/mangueras-entrada-agua\/manguera-entrada-agua#primaryimage\"},\"thumbnailUrl\":\"https:\/\/www.piris.com\/wp-content\/uploads\/PRODUCTO-MANGUERA-ENTRADA-AGUA_1.png\",\"datePublished\":\"2022-09-27T10:14:53+00:00\",\"dateModified\":\"2022-09-27T10:58:36+00:00\",\"breadcrumb\":{\"@id\":\"https:\/\/www.piris.com\/cataleg-de-productes\/electrovalvulas\/mangueras-entrada-agua\/manguera-entrada-agua#breadcrumb\"},\"inLanguage\":\"ca\",\"potentialAction\":[{\"@type\":\"ReadAction\",\"target\":[\"https:\/\/www.piris.com\/cataleg-de-productes\/electrovalvulas\/mangueras-entrada-agua\/manguera-entrada-agua\"]}]},{\"@type\":\"ImageObject\",\"inLanguage\":\"ca\",\"@id\":\"https:\/\/www.piris.com\/cataleg-de-productes\/electrovalvulas\/mangueras-entrada-agua\/manguera-entrada-agua#primaryimage\",\"url\":\"https:\/\/www.piris.com\/wp-content\/uploads\/PRODUCTO-MANGUERA-ENTRADA-AGUA_1.png\",\"contentUrl\":\"https:\/\/www.piris.com\/wp-content\/uploads\/PRODUCTO-MANGUERA-ENTRADA-AGUA_1.png\",\"width\":945,\"height\":945},{\"@type\":\"BreadcrumbList\",\"@id\":\"https:\/\/www.piris.com\/cataleg-de-productes\/electrovalvulas\/mangueras-entrada-agua\/manguera-entrada-agua#breadcrumb\",\"itemListElement\":[{\"@type\":\"ListItem\",\"position\":1,\"name\":\"Portada\",\"item\":\"https:\/\/www.piris.com\/ca\"},{\"@type\":\"ListItem\",\"position\":2,\"name\":\"Cat\u00e0leg de productes\",\"item\":\"https:\/\/www.piris.com\/ca\/cataleg-de-productes\"},{\"@type\":\"ListItem\",\"position\":3,\"name\":\"MANGUERES ENTRADA AIGUA\"}]},{\"@type\":\"WebSite\",\"@id\":\"https:\/\/www.piris.com\/#website\",\"url\":\"https:\/\/www.piris.com\/\",\"name\":\"Piris\",\"description\":\"Components el\u00e8ctrics, mec\u00e0nics i electr\u00f2nics\",\"publisher\":{\"@id\":\"https:\/\/www.piris.com\/#organization\"},\"potentialAction\":[{\"@type\":\"SearchAction\",\"target\":{\"@type\":\"EntryPoint\",\"urlTemplate\":\"https:\/\/www.piris.com\/?s={search_term_string}\"},\"query-input\":\"required name=search_term_string\"}],\"inLanguage\":\"ca\"},{\"@type\":\"Organization\",\"@id\":\"https:\/\/www.piris.com\/#organization\",\"name\":\"PIRIS\",\"url\":\"https:\/\/www.piris.com\/\",\"logo\":{\"@type\":\"ImageObject\",\"inLanguage\":\"ca\",\"@id\":\"https:\/\/www.piris.com\/#\/schema\/logo\/image\/\",\"url\":\"https:\/\/www.piris.com\/wp-content\/uploads\/29-PIRIS.png\",\"contentUrl\":\"https:\/\/www.piris.com\/wp-content\/uploads\/29-PIRIS.png\",\"width\":1280,\"height\":720,\"caption\":\"PIRIS\"},\"image\":{\"@id\":\"https:\/\/www.piris.com\/#\/schema\/logo\/image\/\"},\"sameAs\":[\"https:\/\/www.linkedin.com\/company\/piris\/\"]}]}<\/script>\n<!-- \/ Yoast SEO plugin. -->","yoast_head_json":{"title":"MANGUERES ENTRADA AIGUA | Piris","robots":{"index":"index","follow":"follow","max-snippet":"max-snippet:-1","max-image-preview":"max-image-preview:large","max-video-preview":"max-video-preview:-1"},"canonical":"https:\/\/www.piris.com\/cataleg-de-productes\/electrovalvulas\/mangueras-entrada-agua\/manguera-entrada-agua","og_locale":"ca_ES","og_type":"article","og_title":"MANGUERES ENTRADA AIGUA | Piris","og_description":"CARACTER\u00cdSTIQUES I DADES T\u00c8CNIQUES: Longitud: est\u00e0ndard 1,5 m (longituds personalitzades disponibles) Capacitat: determinada per l&#8217;electrodom\u00e8stic connectat Pressi\u00f3 de trencament: segons la versi\u00f3, de 40 a 150 bar Temperatura m\u00e0xima de l&#8217;aigua: versi\u00f3 d&#8217;aigua freda 2\u00b0-50\u00b0C; versi\u00f3 d&#8217;aigua calenta 2\u00b0- 90\u00b0C Temperatura ambient de funcionament: 5 \u00b0 C &#8211; 60 \u00b0 C Grand\u00e0ria de la manguera:&hellip;","og_url":"https:\/\/www.piris.com\/cataleg-de-productes\/electrovalvulas\/mangueras-entrada-agua\/manguera-entrada-agua","og_site_name":"Piris","article_modified_time":"2022-09-27T10:58:36+00:00","og_image":[{"width":945,"height":945,"url":"https:\/\/www.piris.com\/wp-content\/uploads\/PRODUCTO-MANGUERA-ENTRADA-AGUA_1.png","type":"image\/png"}],"twitter_card":"summary_large_image","twitter_misc":{"Temps estimat de lectura":"1 minut"},"schema":{"@context":"https:\/\/schema.org","@graph":[{"@type":"WebPage","@id":"https:\/\/www.piris.com\/cataleg-de-productes\/electrovalvulas\/mangueras-entrada-agua\/manguera-entrada-agua","url":"https:\/\/www.piris.com\/cataleg-de-productes\/electrovalvulas\/mangueras-entrada-agua\/manguera-entrada-agua","name":"MANGUERES ENTRADA AIGUA | Piris","isPartOf":{"@id":"https:\/\/www.piris.com\/#website"},"primaryImageOfPage":{"@id":"https:\/\/www.piris.com\/cataleg-de-productes\/electrovalvulas\/mangueras-entrada-agua\/manguera-entrada-agua#primaryimage"},"image":{"@id":"https:\/\/www.piris.com\/cataleg-de-productes\/electrovalvulas\/mangueras-entrada-agua\/manguera-entrada-agua#primaryimage"},"thumbnailUrl":"https:\/\/www.piris.com\/wp-content\/uploads\/PRODUCTO-MANGUERA-ENTRADA-AGUA_1.png","datePublished":"2022-09-27T10:14:53+00:00","dateModified":"2022-09-27T10:58:36+00:00","breadcrumb":{"@id":"https:\/\/www.piris.com\/cataleg-de-productes\/electrovalvulas\/mangueras-entrada-agua\/manguera-entrada-agua#breadcrumb"},"inLanguage":"ca","potentialAction":[{"@type":"ReadAction","target":["https:\/\/www.piris.com\/cataleg-de-productes\/electrovalvulas\/mangueras-entrada-agua\/manguera-entrada-agua"]}]},{"@type":"ImageObject","inLanguage":"ca","@id":"https:\/\/www.piris.com\/cataleg-de-productes\/electrovalvulas\/mangueras-entrada-agua\/manguera-entrada-agua#primaryimage","url":"https:\/\/www.piris.com\/wp-content\/uploads\/PRODUCTO-MANGUERA-ENTRADA-AGUA_1.png","contentUrl":"https:\/\/www.piris.com\/wp-content\/uploads\/PRODUCTO-MANGUERA-ENTRADA-AGUA_1.png","width":945,"height":945},{"@type":"BreadcrumbList","@id":"https:\/\/www.piris.com\/cataleg-de-productes\/electrovalvulas\/mangueras-entrada-agua\/manguera-entrada-agua#breadcrumb","itemListElement":[{"@type":"ListItem","position":1,"name":"Portada","item":"https:\/\/www.piris.com\/ca"},{"@type":"ListItem","position":2,"name":"Cat\u00e0leg de productes","item":"https:\/\/www.piris.com\/ca\/cataleg-de-productes"},{"@type":"ListItem","position":3,"name":"MANGUERES ENTRADA AIGUA"}]},{"@type":"WebSite","@id":"https:\/\/www.piris.com\/#website","url":"https:\/\/www.piris.com\/","name":"Piris","description":"Components el\u00e8ctrics, mec\u00e0nics i electr\u00f2nics","publisher":{"@id":"https:\/\/www.piris.com\/#organization"},"potentialAction":[{"@type":"SearchAction","target":{"@type":"EntryPoint","urlTemplate":"https:\/\/www.piris.com\/?s={search_term_string}"},"query-input":"required name=search_term_string"}],"inLanguage":"ca"},{"@type":"Organization","@id":"https:\/\/www.piris.com\/#organization","name":"PIRIS","url":"https:\/\/www.piris.com\/","logo":{"@type":"ImageObject","inLanguage":"ca","@id":"https:\/\/www.piris.com\/#\/schema\/logo\/image\/","url":"https:\/\/www.piris.com\/wp-content\/uploads\/29-PIRIS.png","contentUrl":"https:\/\/www.piris.com\/wp-content\/uploads\/29-PIRIS.png","width":1280,"height":720,"caption":"PIRIS"},"image":{"@id":"https:\/\/www.piris.com\/#\/schema\/logo\/image\/"},"sameAs":["https:\/\/www.linkedin.com\/company\/piris\/"]}]}},"_links":{"self":[{"href":"https:\/\/www.piris.com\/ca\/wp-json\/wp\/v2\/product\/15626"}],"collection":[{"href":"https:\/\/www.piris.com\/ca\/wp-json\/wp\/v2\/product"}],"about":[{"href":"https:\/\/www.piris.com\/ca\/wp-json\/wp\/v2\/types\/product"}],"replies":[{"embeddable":true,"href":"https:\/\/www.piris.com\/ca\/wp-json\/wp\/v2\/comments?post=15626"}],"wp:featuredmedia":[{"embeddable":true,"href":"https:\/\/www.piris.com\/ca\/wp-json\/wp\/v2\/media\/15615"}],"wp:attachment":[{"href":"https:\/\/www.piris.com\/ca\/wp-json\/wp\/v2\/media?parent=15626"}],"wp:term":[{"taxonomy":"product_cat","embeddable":true,"href":"https:\/\/www.piris.com\/ca\/wp-json\/wp\/v2\/product_cat?post=15626"},{"taxonomy":"product_tag","embeddable":true,"href":"https:\/\/www.piris.com\/ca\/wp-json\/wp\/v2\/product_tag?post=15626"}],"curies":[{"name":"wp","href":"https:\/\/api.w.org\/{rel}","templated":true}]}}