{"id":19728,"date":"2023-07-13T10:00:34","date_gmt":"2023-07-13T08:00:34","guid":{"rendered":"https:\/\/www.piris.com\/catalogo-de-productos\/Sense%20categoria\/generadores-de-chispa"},"modified":"2023-07-14T11:25:07","modified_gmt":"2023-07-14T09:25:07","slug":"generadores-de-xispa","status":"publish","type":"product","link":"https:\/\/www.piris.com\/ca\/cataleg-de-productes\/elements-encesa-per-a-gas\/generadors-de-xispa\/generadores-de-xispa","title":{"rendered":"Generadores de xispa"},"content":{"rendered":"","protected":false},"excerpt":{"rendered":"<p>Els generadors de xispa s\u00f3n d&#8217;alta fiabilitat gr\u00e0cies a un sistema complet d&#8217;encapsulat amb resina que garanteix la impermeabilitat i la resist\u00e8ncia a l&#8217;estr\u00e8s mec\u00e0nic.<\/p>\n<p>Caracter\u00edstiques principals:<\/p>\n<ul>\n<li>De 2 a 8 sortides<\/li>\n<li>Voltatge (AC): 110V, 120V, 220V, 240V \u2013 50\/60Hz<\/li>\n<li>Voltatge (DC): 1,5V, 12V (3V, 6V, 9V i 24V sota demanda)<\/li>\n<li>Subjecci\u00f3 mitjan\u00e7ant cargols i snap-in<\/li>\n<li>Vida \u00fatil: 5.000.000 d&#8217;enceses<\/li>\n<li>Temperatura de treball: 0\u00baC \u2013 120\u00baC<\/li>\n<li>Certificats VDE, UL<\/li>\n<\/ul>\n<p>Aplicacions: encimeres, forns, estufes de gas i calderes<\/p>\n","protected":false},"featured_media":19682,"comment_status":"closed","ping_status":"closed","template":"","meta":[],"product_cat":[373],"product_tag":[],"yoast_head":"<!-- This site is optimized with the Yoast SEO plugin v23.0 - https:\/\/yoast.com\/wordpress\/plugins\/seo\/ -->\n<title>Generadores de xispa | Piris<\/title>\n<meta name=\"robots\" content=\"index, follow, max-snippet:-1, max-image-preview:large, max-video-preview:-1\" \/>\n<link rel=\"canonical\" href=\"https:\/\/www.piris.com\/cataleg-de-productes\/elementos-de-encendido-para-gas\/generadores-de-chispa\/generadores-de-chispa\" \/>\n<meta property=\"og:locale\" content=\"ca_ES\" \/>\n<meta property=\"og:type\" content=\"article\" \/>\n<meta property=\"og:title\" content=\"Generadores de xispa | Piris\" \/>\n<meta property=\"og:description\" content=\"Els generadors de xispa s\u00f3n d&#039;alta fiabilitat gr\u00e0cies a un sistema complet d&#039;encapsulat amb resina que garanteix la impermeabilitat i la resist\u00e8ncia a l&#039;estr\u00e8s mec\u00e0nic.  Caracter\u00edstiques principals:   De 2 a 8 sortides  Voltatge (AC): 110V, 120V, 220V, 240V \u2013 50\/60Hz  Voltatge (DC): 1,5V, 12V (3V, 6V, 9V i 24V sota demanda)  Subjecci\u00f3 mitjan\u00e7ant cargols i snap-in  Vida \u00fatil: 5.000.000 d&#039;enceses  Temperatura de treball: 0\u00baC \u2013 120\u00baC  Certificats VDE, UL  Aplicacions: encimeres, forns, estufes de gas i calderes\" \/>\n<meta property=\"og:url\" content=\"https:\/\/www.piris.com\/cataleg-de-productes\/elementos-de-encendido-para-gas\/generadores-de-chispa\/generadores-de-chispa\" \/>\n<meta property=\"og:site_name\" content=\"Piris\" \/>\n<meta property=\"article:modified_time\" content=\"2023-07-14T09:25:07+00:00\" \/>\n<meta property=\"og:image\" content=\"https:\/\/www.piris.com\/wp-content\/uploads\/generadores-chispa.jpg\" \/>\n\t<meta property=\"og:image:width\" content=\"300\" \/>\n\t<meta property=\"og:image:height\" content=\"300\" \/>\n\t<meta property=\"og:image:type\" content=\"image\/jpeg\" \/>\n<meta name=\"twitter:card\" content=\"summary_large_image\" \/>\n<script type=\"application\/ld+json\" class=\"yoast-schema-graph\">{\"@context\":\"https:\/\/schema.org\",\"@graph\":[{\"@type\":\"WebPage\",\"@id\":\"https:\/\/www.piris.com\/cataleg-de-productes\/elementos-de-encendido-para-gas\/generadores-de-chispa\/generadores-de-chispa\",\"url\":\"https:\/\/www.piris.com\/cataleg-de-productes\/elementos-de-encendido-para-gas\/generadores-de-chispa\/generadores-de-chispa\",\"name\":\"Generadores de xispa | Piris\",\"isPartOf\":{\"@id\":\"https:\/\/www.piris.com\/#website\"},\"primaryImageOfPage\":{\"@id\":\"https:\/\/www.piris.com\/cataleg-de-productes\/elementos-de-encendido-para-gas\/generadores-de-chispa\/generadores-de-chispa#primaryimage\"},\"image\":{\"@id\":\"https:\/\/www.piris.com\/cataleg-de-productes\/elementos-de-encendido-para-gas\/generadores-de-chispa\/generadores-de-chispa#primaryimage\"},\"thumbnailUrl\":\"https:\/\/www.piris.com\/wp-content\/uploads\/generadores-chispa.jpg\",\"datePublished\":\"2023-07-13T08:00:34+00:00\",\"dateModified\":\"2023-07-14T09:25:07+00:00\",\"breadcrumb\":{\"@id\":\"https:\/\/www.piris.com\/cataleg-de-productes\/elementos-de-encendido-para-gas\/generadores-de-chispa\/generadores-de-chispa#breadcrumb\"},\"inLanguage\":\"ca\",\"potentialAction\":[{\"@type\":\"ReadAction\",\"target\":[\"https:\/\/www.piris.com\/cataleg-de-productes\/elementos-de-encendido-para-gas\/generadores-de-chispa\/generadores-de-chispa\"]}]},{\"@type\":\"ImageObject\",\"inLanguage\":\"ca\",\"@id\":\"https:\/\/www.piris.com\/cataleg-de-productes\/elementos-de-encendido-para-gas\/generadores-de-chispa\/generadores-de-chispa#primaryimage\",\"url\":\"https:\/\/www.piris.com\/wp-content\/uploads\/generadores-chispa.jpg\",\"contentUrl\":\"https:\/\/www.piris.com\/wp-content\/uploads\/generadores-chispa.jpg\",\"width\":300,\"height\":300},{\"@type\":\"BreadcrumbList\",\"@id\":\"https:\/\/www.piris.com\/cataleg-de-productes\/elementos-de-encendido-para-gas\/generadores-de-chispa\/generadores-de-chispa#breadcrumb\",\"itemListElement\":[{\"@type\":\"ListItem\",\"position\":1,\"name\":\"Portada\",\"item\":\"https:\/\/www.piris.com\/ca\"},{\"@type\":\"ListItem\",\"position\":2,\"name\":\"Cat\u00e0leg de productes\",\"item\":\"https:\/\/www.piris.com\/ca\/cataleg-de-productes\"},{\"@type\":\"ListItem\",\"position\":3,\"name\":\"Generadores de xispa\"}]},{\"@type\":\"WebSite\",\"@id\":\"https:\/\/www.piris.com\/#website\",\"url\":\"https:\/\/www.piris.com\/\",\"name\":\"Piris\",\"description\":\"Components el\u00e8ctrics, mec\u00e0nics i electr\u00f2nics\",\"publisher\":{\"@id\":\"https:\/\/www.piris.com\/#organization\"},\"potentialAction\":[{\"@type\":\"SearchAction\",\"target\":{\"@type\":\"EntryPoint\",\"urlTemplate\":\"https:\/\/www.piris.com\/?s={search_term_string}\"},\"query-input\":\"required name=search_term_string\"}],\"inLanguage\":\"ca\"},{\"@type\":\"Organization\",\"@id\":\"https:\/\/www.piris.com\/#organization\",\"name\":\"PIRIS\",\"url\":\"https:\/\/www.piris.com\/\",\"logo\":{\"@type\":\"ImageObject\",\"inLanguage\":\"ca\",\"@id\":\"https:\/\/www.piris.com\/#\/schema\/logo\/image\/\",\"url\":\"https:\/\/www.piris.com\/wp-content\/uploads\/29-PIRIS.png\",\"contentUrl\":\"https:\/\/www.piris.com\/wp-content\/uploads\/29-PIRIS.png\",\"width\":1280,\"height\":720,\"caption\":\"PIRIS\"},\"image\":{\"@id\":\"https:\/\/www.piris.com\/#\/schema\/logo\/image\/\"},\"sameAs\":[\"https:\/\/www.linkedin.com\/company\/piris\/\"]}]}<\/script>\n<!-- \/ Yoast SEO plugin. -->","yoast_head_json":{"title":"Generadores de xispa | Piris","robots":{"index":"index","follow":"follow","max-snippet":"max-snippet:-1","max-image-preview":"max-image-preview:large","max-video-preview":"max-video-preview:-1"},"canonical":"https:\/\/www.piris.com\/cataleg-de-productes\/elementos-de-encendido-para-gas\/generadores-de-chispa\/generadores-de-chispa","og_locale":"ca_ES","og_type":"article","og_title":"Generadores de xispa | Piris","og_description":"Els generadors de xispa s\u00f3n d'alta fiabilitat gr\u00e0cies a un sistema complet d'encapsulat amb resina que garanteix la impermeabilitat i la resist\u00e8ncia a l'estr\u00e8s mec\u00e0nic.  Caracter\u00edstiques principals:   De 2 a 8 sortides  Voltatge (AC): 110V, 120V, 220V, 240V \u2013 50\/60Hz  Voltatge (DC): 1,5V, 12V (3V, 6V, 9V i 24V sota demanda)  Subjecci\u00f3 mitjan\u00e7ant cargols i snap-in  Vida \u00fatil: 5.000.000 d'enceses  Temperatura de treball: 0\u00baC \u2013 120\u00baC  Certificats VDE, UL  Aplicacions: encimeres, forns, estufes de gas i calderes","og_url":"https:\/\/www.piris.com\/cataleg-de-productes\/elementos-de-encendido-para-gas\/generadores-de-chispa\/generadores-de-chispa","og_site_name":"Piris","article_modified_time":"2023-07-14T09:25:07+00:00","og_image":[{"width":300,"height":300,"url":"https:\/\/www.piris.com\/wp-content\/uploads\/generadores-chispa.jpg","type":"image\/jpeg"}],"twitter_card":"summary_large_image","schema":{"@context":"https:\/\/schema.org","@graph":[{"@type":"WebPage","@id":"https:\/\/www.piris.com\/cataleg-de-productes\/elementos-de-encendido-para-gas\/generadores-de-chispa\/generadores-de-chispa","url":"https:\/\/www.piris.com\/cataleg-de-productes\/elementos-de-encendido-para-gas\/generadores-de-chispa\/generadores-de-chispa","name":"Generadores de xispa | Piris","isPartOf":{"@id":"https:\/\/www.piris.com\/#website"},"primaryImageOfPage":{"@id":"https:\/\/www.piris.com\/cataleg-de-productes\/elementos-de-encendido-para-gas\/generadores-de-chispa\/generadores-de-chispa#primaryimage"},"image":{"@id":"https:\/\/www.piris.com\/cataleg-de-productes\/elementos-de-encendido-para-gas\/generadores-de-chispa\/generadores-de-chispa#primaryimage"},"thumbnailUrl":"https:\/\/www.piris.com\/wp-content\/uploads\/generadores-chispa.jpg","datePublished":"2023-07-13T08:00:34+00:00","dateModified":"2023-07-14T09:25:07+00:00","breadcrumb":{"@id":"https:\/\/www.piris.com\/cataleg-de-productes\/elementos-de-encendido-para-gas\/generadores-de-chispa\/generadores-de-chispa#breadcrumb"},"inLanguage":"ca","potentialAction":[{"@type":"ReadAction","target":["https:\/\/www.piris.com\/cataleg-de-productes\/elementos-de-encendido-para-gas\/generadores-de-chispa\/generadores-de-chispa"]}]},{"@type":"ImageObject","inLanguage":"ca","@id":"https:\/\/www.piris.com\/cataleg-de-productes\/elementos-de-encendido-para-gas\/generadores-de-chispa\/generadores-de-chispa#primaryimage","url":"https:\/\/www.piris.com\/wp-content\/uploads\/generadores-chispa.jpg","contentUrl":"https:\/\/www.piris.com\/wp-content\/uploads\/generadores-chispa.jpg","width":300,"height":300},{"@type":"BreadcrumbList","@id":"https:\/\/www.piris.com\/cataleg-de-productes\/elementos-de-encendido-para-gas\/generadores-de-chispa\/generadores-de-chispa#breadcrumb","itemListElement":[{"@type":"ListItem","position":1,"name":"Portada","item":"https:\/\/www.piris.com\/ca"},{"@type":"ListItem","position":2,"name":"Cat\u00e0leg de productes","item":"https:\/\/www.piris.com\/ca\/cataleg-de-productes"},{"@type":"ListItem","position":3,"name":"Generadores de xispa"}]},{"@type":"WebSite","@id":"https:\/\/www.piris.com\/#website","url":"https:\/\/www.piris.com\/","name":"Piris","description":"Components el\u00e8ctrics, mec\u00e0nics i electr\u00f2nics","publisher":{"@id":"https:\/\/www.piris.com\/#organization"},"potentialAction":[{"@type":"SearchAction","target":{"@type":"EntryPoint","urlTemplate":"https:\/\/www.piris.com\/?s={search_term_string}"},"query-input":"required name=search_term_string"}],"inLanguage":"ca"},{"@type":"Organization","@id":"https:\/\/www.piris.com\/#organization","name":"PIRIS","url":"https:\/\/www.piris.com\/","logo":{"@type":"ImageObject","inLanguage":"ca","@id":"https:\/\/www.piris.com\/#\/schema\/logo\/image\/","url":"https:\/\/www.piris.com\/wp-content\/uploads\/29-PIRIS.png","contentUrl":"https:\/\/www.piris.com\/wp-content\/uploads\/29-PIRIS.png","width":1280,"height":720,"caption":"PIRIS"},"image":{"@id":"https:\/\/www.piris.com\/#\/schema\/logo\/image\/"},"sameAs":["https:\/\/www.linkedin.com\/company\/piris\/"]}]}},"_links":{"self":[{"href":"https:\/\/www.piris.com\/ca\/wp-json\/wp\/v2\/product\/19728"}],"collection":[{"href":"https:\/\/www.piris.com\/ca\/wp-json\/wp\/v2\/product"}],"about":[{"href":"https:\/\/www.piris.com\/ca\/wp-json\/wp\/v2\/types\/product"}],"replies":[{"embeddable":true,"href":"https:\/\/www.piris.com\/ca\/wp-json\/wp\/v2\/comments?post=19728"}],"wp:featuredmedia":[{"embeddable":true,"href":"https:\/\/www.piris.com\/ca\/wp-json\/wp\/v2\/media\/19682"}],"wp:attachment":[{"href":"https:\/\/www.piris.com\/ca\/wp-json\/wp\/v2\/media?parent=19728"}],"wp:term":[{"taxonomy":"product_cat","embeddable":true,"href":"https:\/\/www.piris.com\/ca\/wp-json\/wp\/v2\/product_cat?post=19728"},{"taxonomy":"product_tag","embeddable":true,"href":"https:\/\/www.piris.com\/ca\/wp-json\/wp\/v2\/product_tag?post=19728"}],"curies":[{"name":"wp","href":"https:\/\/api.w.org\/{rel}","templated":true}]}}