{"id":19738,"date":"2023-07-13T10:29:17","date_gmt":"2023-07-13T08:29:17","guid":{"rendered":"https:\/\/www.piris.com\/catalogo-de-productos\/Sense%20categoria\/serie-sc"},"modified":"2023-07-14T11:58:47","modified_gmt":"2023-07-14T09:58:47","slug":"serie-sc","status":"publish","type":"product","link":"https:\/\/www.piris.com\/ca\/cataleg-de-productes\/elements-encesa-per-a-gas\/catenaries\/serie-sc","title":{"rendered":"S\u00e8rie SC"},"content":{"rendered":"","protected":false},"excerpt":{"rendered":"<p>Tipus Push<br \/>\nCompatible amb eix \u00d86 o \u00d88<br \/>\nUnitats connectades en paral\u00b7lel (m\u00e0xim 9 unitats)<br \/>\nEls cables poden sortir en les dues direccions<br \/>\nCertificat VDE<\/p>\n<p>Voltatge: 250V<br \/>\nCorrent: 0,2A (m\u00e0xim)<br \/>\nVida \u00fatil: 50.000 cicles<\/p>\n","protected":false},"featured_media":19706,"comment_status":"closed","ping_status":"closed","template":"","meta":[],"product_cat":[372],"product_tag":[],"yoast_head":"<!-- This site is optimized with the Yoast SEO plugin v23.0 - https:\/\/yoast.com\/wordpress\/plugins\/seo\/ -->\n<title>S\u00e8rie SC | Piris<\/title>\n<meta name=\"robots\" content=\"index, follow, max-snippet:-1, max-image-preview:large, max-video-preview:-1\" \/>\n<link rel=\"canonical\" href=\"https:\/\/www.piris.com\/cataleg-de-productes\/elementos-de-encendido-para-gas\/catenarias\/serie-sc\" \/>\n<meta property=\"og:locale\" content=\"ca_ES\" \/>\n<meta property=\"og:type\" content=\"article\" \/>\n<meta property=\"og:title\" content=\"S\u00e8rie SC | Piris\" \/>\n<meta property=\"og:description\" content=\"Tipus Push Compatible amb eix \u00d86 o \u00d88 Unitats connectades en paral\u00b7lel (m\u00e0xim 9 unitats) Els cables poden sortir en les dues direccions Certificat VDE  Voltatge: 250V Corrent: 0,2A (m\u00e0xim) Vida \u00fatil: 50.000 cicles\" \/>\n<meta property=\"og:url\" content=\"https:\/\/www.piris.com\/cataleg-de-productes\/elementos-de-encendido-para-gas\/catenarias\/serie-sc\" \/>\n<meta property=\"og:site_name\" content=\"Piris\" \/>\n<meta property=\"article:modified_time\" content=\"2023-07-14T09:58:47+00:00\" \/>\n<meta property=\"og:image\" content=\"https:\/\/www.piris.com\/wp-content\/uploads\/catenaria-serieSC.jpg\" \/>\n\t<meta property=\"og:image:width\" content=\"300\" \/>\n\t<meta property=\"og:image:height\" content=\"300\" \/>\n\t<meta property=\"og:image:type\" content=\"image\/jpeg\" \/>\n<meta name=\"twitter:card\" content=\"summary_large_image\" \/>\n<script type=\"application\/ld+json\" class=\"yoast-schema-graph\">{\"@context\":\"https:\/\/schema.org\",\"@graph\":[{\"@type\":\"WebPage\",\"@id\":\"https:\/\/www.piris.com\/cataleg-de-productes\/elementos-de-encendido-para-gas\/catenarias\/serie-sc\",\"url\":\"https:\/\/www.piris.com\/cataleg-de-productes\/elementos-de-encendido-para-gas\/catenarias\/serie-sc\",\"name\":\"S\u00e8rie SC | Piris\",\"isPartOf\":{\"@id\":\"https:\/\/www.piris.com\/#website\"},\"primaryImageOfPage\":{\"@id\":\"https:\/\/www.piris.com\/cataleg-de-productes\/elementos-de-encendido-para-gas\/catenarias\/serie-sc#primaryimage\"},\"image\":{\"@id\":\"https:\/\/www.piris.com\/cataleg-de-productes\/elementos-de-encendido-para-gas\/catenarias\/serie-sc#primaryimage\"},\"thumbnailUrl\":\"https:\/\/www.piris.com\/wp-content\/uploads\/catenaria-serieSC.jpg\",\"datePublished\":\"2023-07-13T08:29:17+00:00\",\"dateModified\":\"2023-07-14T09:58:47+00:00\",\"breadcrumb\":{\"@id\":\"https:\/\/www.piris.com\/cataleg-de-productes\/elementos-de-encendido-para-gas\/catenarias\/serie-sc#breadcrumb\"},\"inLanguage\":\"ca\",\"potentialAction\":[{\"@type\":\"ReadAction\",\"target\":[\"https:\/\/www.piris.com\/cataleg-de-productes\/elementos-de-encendido-para-gas\/catenarias\/serie-sc\"]}]},{\"@type\":\"ImageObject\",\"inLanguage\":\"ca\",\"@id\":\"https:\/\/www.piris.com\/cataleg-de-productes\/elementos-de-encendido-para-gas\/catenarias\/serie-sc#primaryimage\",\"url\":\"https:\/\/www.piris.com\/wp-content\/uploads\/catenaria-serieSC.jpg\",\"contentUrl\":\"https:\/\/www.piris.com\/wp-content\/uploads\/catenaria-serieSC.jpg\",\"width\":300,\"height\":300},{\"@type\":\"BreadcrumbList\",\"@id\":\"https:\/\/www.piris.com\/cataleg-de-productes\/elementos-de-encendido-para-gas\/catenarias\/serie-sc#breadcrumb\",\"itemListElement\":[{\"@type\":\"ListItem\",\"position\":1,\"name\":\"Portada\",\"item\":\"https:\/\/www.piris.com\/ca\"},{\"@type\":\"ListItem\",\"position\":2,\"name\":\"Cat\u00e0leg de productes\",\"item\":\"https:\/\/www.piris.com\/ca\/cataleg-de-productes\"},{\"@type\":\"ListItem\",\"position\":3,\"name\":\"S\u00e8rie SC\"}]},{\"@type\":\"WebSite\",\"@id\":\"https:\/\/www.piris.com\/#website\",\"url\":\"https:\/\/www.piris.com\/\",\"name\":\"Piris\",\"description\":\"Components el\u00e8ctrics, mec\u00e0nics i electr\u00f2nics\",\"publisher\":{\"@id\":\"https:\/\/www.piris.com\/#organization\"},\"potentialAction\":[{\"@type\":\"SearchAction\",\"target\":{\"@type\":\"EntryPoint\",\"urlTemplate\":\"https:\/\/www.piris.com\/?s={search_term_string}\"},\"query-input\":\"required name=search_term_string\"}],\"inLanguage\":\"ca\"},{\"@type\":\"Organization\",\"@id\":\"https:\/\/www.piris.com\/#organization\",\"name\":\"PIRIS\",\"url\":\"https:\/\/www.piris.com\/\",\"logo\":{\"@type\":\"ImageObject\",\"inLanguage\":\"ca\",\"@id\":\"https:\/\/www.piris.com\/#\/schema\/logo\/image\/\",\"url\":\"https:\/\/www.piris.com\/wp-content\/uploads\/29-PIRIS.png\",\"contentUrl\":\"https:\/\/www.piris.com\/wp-content\/uploads\/29-PIRIS.png\",\"width\":1280,\"height\":720,\"caption\":\"PIRIS\"},\"image\":{\"@id\":\"https:\/\/www.piris.com\/#\/schema\/logo\/image\/\"},\"sameAs\":[\"https:\/\/www.linkedin.com\/company\/piris\/\"]}]}<\/script>\n<!-- \/ Yoast SEO plugin. -->","yoast_head_json":{"title":"S\u00e8rie SC | Piris","robots":{"index":"index","follow":"follow","max-snippet":"max-snippet:-1","max-image-preview":"max-image-preview:large","max-video-preview":"max-video-preview:-1"},"canonical":"https:\/\/www.piris.com\/cataleg-de-productes\/elementos-de-encendido-para-gas\/catenarias\/serie-sc","og_locale":"ca_ES","og_type":"article","og_title":"S\u00e8rie SC | Piris","og_description":"Tipus Push Compatible amb eix \u00d86 o \u00d88 Unitats connectades en paral\u00b7lel (m\u00e0xim 9 unitats) Els cables poden sortir en les dues direccions Certificat VDE  Voltatge: 250V Corrent: 0,2A (m\u00e0xim) Vida \u00fatil: 50.000 cicles","og_url":"https:\/\/www.piris.com\/cataleg-de-productes\/elementos-de-encendido-para-gas\/catenarias\/serie-sc","og_site_name":"Piris","article_modified_time":"2023-07-14T09:58:47+00:00","og_image":[{"width":300,"height":300,"url":"https:\/\/www.piris.com\/wp-content\/uploads\/catenaria-serieSC.jpg","type":"image\/jpeg"}],"twitter_card":"summary_large_image","schema":{"@context":"https:\/\/schema.org","@graph":[{"@type":"WebPage","@id":"https:\/\/www.piris.com\/cataleg-de-productes\/elementos-de-encendido-para-gas\/catenarias\/serie-sc","url":"https:\/\/www.piris.com\/cataleg-de-productes\/elementos-de-encendido-para-gas\/catenarias\/serie-sc","name":"S\u00e8rie SC | Piris","isPartOf":{"@id":"https:\/\/www.piris.com\/#website"},"primaryImageOfPage":{"@id":"https:\/\/www.piris.com\/cataleg-de-productes\/elementos-de-encendido-para-gas\/catenarias\/serie-sc#primaryimage"},"image":{"@id":"https:\/\/www.piris.com\/cataleg-de-productes\/elementos-de-encendido-para-gas\/catenarias\/serie-sc#primaryimage"},"thumbnailUrl":"https:\/\/www.piris.com\/wp-content\/uploads\/catenaria-serieSC.jpg","datePublished":"2023-07-13T08:29:17+00:00","dateModified":"2023-07-14T09:58:47+00:00","breadcrumb":{"@id":"https:\/\/www.piris.com\/cataleg-de-productes\/elementos-de-encendido-para-gas\/catenarias\/serie-sc#breadcrumb"},"inLanguage":"ca","potentialAction":[{"@type":"ReadAction","target":["https:\/\/www.piris.com\/cataleg-de-productes\/elementos-de-encendido-para-gas\/catenarias\/serie-sc"]}]},{"@type":"ImageObject","inLanguage":"ca","@id":"https:\/\/www.piris.com\/cataleg-de-productes\/elementos-de-encendido-para-gas\/catenarias\/serie-sc#primaryimage","url":"https:\/\/www.piris.com\/wp-content\/uploads\/catenaria-serieSC.jpg","contentUrl":"https:\/\/www.piris.com\/wp-content\/uploads\/catenaria-serieSC.jpg","width":300,"height":300},{"@type":"BreadcrumbList","@id":"https:\/\/www.piris.com\/cataleg-de-productes\/elementos-de-encendido-para-gas\/catenarias\/serie-sc#breadcrumb","itemListElement":[{"@type":"ListItem","position":1,"name":"Portada","item":"https:\/\/www.piris.com\/ca"},{"@type":"ListItem","position":2,"name":"Cat\u00e0leg de productes","item":"https:\/\/www.piris.com\/ca\/cataleg-de-productes"},{"@type":"ListItem","position":3,"name":"S\u00e8rie SC"}]},{"@type":"WebSite","@id":"https:\/\/www.piris.com\/#website","url":"https:\/\/www.piris.com\/","name":"Piris","description":"Components el\u00e8ctrics, mec\u00e0nics i electr\u00f2nics","publisher":{"@id":"https:\/\/www.piris.com\/#organization"},"potentialAction":[{"@type":"SearchAction","target":{"@type":"EntryPoint","urlTemplate":"https:\/\/www.piris.com\/?s={search_term_string}"},"query-input":"required name=search_term_string"}],"inLanguage":"ca"},{"@type":"Organization","@id":"https:\/\/www.piris.com\/#organization","name":"PIRIS","url":"https:\/\/www.piris.com\/","logo":{"@type":"ImageObject","inLanguage":"ca","@id":"https:\/\/www.piris.com\/#\/schema\/logo\/image\/","url":"https:\/\/www.piris.com\/wp-content\/uploads\/29-PIRIS.png","contentUrl":"https:\/\/www.piris.com\/wp-content\/uploads\/29-PIRIS.png","width":1280,"height":720,"caption":"PIRIS"},"image":{"@id":"https:\/\/www.piris.com\/#\/schema\/logo\/image\/"},"sameAs":["https:\/\/www.linkedin.com\/company\/piris\/"]}]}},"_links":{"self":[{"href":"https:\/\/www.piris.com\/ca\/wp-json\/wp\/v2\/product\/19738"}],"collection":[{"href":"https:\/\/www.piris.com\/ca\/wp-json\/wp\/v2\/product"}],"about":[{"href":"https:\/\/www.piris.com\/ca\/wp-json\/wp\/v2\/types\/product"}],"replies":[{"embeddable":true,"href":"https:\/\/www.piris.com\/ca\/wp-json\/wp\/v2\/comments?post=19738"}],"wp:featuredmedia":[{"embeddable":true,"href":"https:\/\/www.piris.com\/ca\/wp-json\/wp\/v2\/media\/19706"}],"wp:attachment":[{"href":"https:\/\/www.piris.com\/ca\/wp-json\/wp\/v2\/media?parent=19738"}],"wp:term":[{"taxonomy":"product_cat","embeddable":true,"href":"https:\/\/www.piris.com\/ca\/wp-json\/wp\/v2\/product_cat?post=19738"},{"taxonomy":"product_tag","embeddable":true,"href":"https:\/\/www.piris.com\/ca\/wp-json\/wp\/v2\/product_tag?post=19738"}],"curies":[{"name":"wp","href":"https:\/\/api.w.org\/{rel}","templated":true}]}}