{"id":21565,"date":"2015-09-17T11:08:54","date_gmt":"2015-09-17T11:08:54","guid":{"rendered":"https:\/\/www.piris.com\/catalogo-de-productos\/sense%20categoria\/b4-mask"},"modified":"2024-07-08T11:11:42","modified_gmt":"2024-07-08T09:11:42","slug":"b4-mask","status":"publish","type":"product","link":"https:\/\/www.piris.com\/ca\/cataleg-de-productes\/interruptors\/interruptors-water-resistant\/b4-mask","title":{"rendered":"B4MASK"},"content":{"rendered":"","protected":false},"excerpt":{"rendered":"<p>CARACTER\u00cdSTIQUES PRINCIPALS<br \/>\n&#8211; Grau de protecci\u00f3 IP65<br \/>\n&#8211; Disponible commutador amb \u201c0\u201d central<br \/>\n&#8211; Llumin\u00f3s o no llumin\u00f3s<br \/>\n&#8211; Mesures de muntatge 30x22mm<\/p>\n<p>ESQUEMES EL\u00c8CTRICS DISPONIBLES<br \/>\n&#8211; Interruptor unipolar o bipolar<br \/>\n&#8211; Interruptor bipolar llumin\u00f3s<br \/>\n&#8211; Commutador bipolar<\/p>\n<p>CARACTER\u00cdSTIQUES EL\u00c8CTRIQUES<br \/>\n&#8211; Intensitat de corrent: 16(8)A \/ 250Vac<br \/>\n&#8211; Nombre de cicles electromec\u00e0nics: fins a 50.000<br \/>\n&#8211; Temperatura de treball: fins a 120\u00baC<br \/>\n&#8211; Grau d\u2019inflamabilitat: UL 94 V2<br \/>\n&#8211; Fastons de connexi\u00f3 6,3mm<\/p>\n<p>HOMOLOGACIONS<br \/>\n&#8211; ENEC, UL, CSA, RoHS<\/p>\n<div class=\"link_pdf\"><a href=\"https:\/\/www.piris.com\/wp-content\/uploads\/B4MASK.pdf\" rel=\"\">Fitxa T\u00e8cnica B4 MASK<\/a><\/div>\n","protected":false},"featured_media":21601,"comment_status":"closed","ping_status":"closed","template":"","meta":[],"product_cat":[392],"product_tag":[],"yoast_head":"<!-- This site is optimized with the Yoast SEO plugin v23.0 - https:\/\/yoast.com\/wordpress\/plugins\/seo\/ -->\n<title>Interruptor B4MASK IP65 | Piris<\/title>\n<meta name=\"description\" content=\"Interruptor IP65 con alta protecci\u00f3n al agua y el polvo, para aplicaciones en el exterior y\/o en zonas con riesgo de contacto con el agua.\" \/>\n<meta name=\"robots\" content=\"index, follow, max-snippet:-1, max-image-preview:large, max-video-preview:-1\" \/>\n<link rel=\"canonical\" href=\"https:\/\/www.piris.com\/ca\/cataleg-de-productes\/interruptors\/interruptors-water-resistant\/b4-mask\" \/>\n<meta property=\"og:locale\" content=\"ca_ES\" \/>\n<meta property=\"og:type\" content=\"article\" \/>\n<meta property=\"og:title\" content=\"Interruptor B4MASK IP65 | Piris\" \/>\n<meta property=\"og:description\" content=\"Interruptor IP65 con alta protecci\u00f3n al agua y el polvo, para aplicaciones en el exterior y\/o en zonas con riesgo de contacto con el agua.\" \/>\n<meta property=\"og:url\" content=\"https:\/\/www.piris.com\/ca\/cataleg-de-productes\/interruptors\/interruptors-water-resistant\/b4-mask\" \/>\n<meta property=\"og:site_name\" content=\"Piris\" \/>\n<meta property=\"article:modified_time\" content=\"2024-07-08T09:11:42+00:00\" \/>\n<meta property=\"og:image\" content=\"https:\/\/www.piris.com\/wp-content\/uploads\/PRODUCTO-INTERRUPTOR-B4MASK.png\" \/>\n\t<meta property=\"og:image:width\" content=\"945\" \/>\n\t<meta property=\"og:image:height\" content=\"945\" \/>\n\t<meta property=\"og:image:type\" content=\"image\/png\" \/>\n<meta name=\"twitter:card\" content=\"summary_large_image\" \/>\n<meta name=\"twitter:label1\" content=\"Temps estimat de lectura\" \/>\n\t<meta name=\"twitter:data1\" content=\"1 minut\" \/>\n<script type=\"application\/ld+json\" class=\"yoast-schema-graph\">{\"@context\":\"https:\/\/schema.org\",\"@graph\":[{\"@type\":\"WebPage\",\"@id\":\"https:\/\/www.piris.com\/ca\/cataleg-de-productes\/interruptors\/interruptors-water-resistant\/b4-mask\",\"url\":\"https:\/\/www.piris.com\/ca\/cataleg-de-productes\/interruptors\/interruptors-water-resistant\/b4-mask\",\"name\":\"Interruptor B4MASK IP65 | Piris\",\"isPartOf\":{\"@id\":\"https:\/\/www.piris.com\/#website\"},\"primaryImageOfPage\":{\"@id\":\"https:\/\/www.piris.com\/ca\/cataleg-de-productes\/interruptors\/interruptors-water-resistant\/b4-mask#primaryimage\"},\"image\":{\"@id\":\"https:\/\/www.piris.com\/ca\/cataleg-de-productes\/interruptors\/interruptors-water-resistant\/b4-mask#primaryimage\"},\"thumbnailUrl\":\"https:\/\/www.piris.com\/wp-content\/uploads\/INTERRUPTOR-B4MASK.jpg\",\"datePublished\":\"2015-09-17T11:08:54+00:00\",\"dateModified\":\"2024-07-08T09:11:42+00:00\",\"description\":\"Interruptor IP65 con alta protecci\u00f3n al agua y el polvo, para aplicaciones en el exterior y\/o en zonas con riesgo de contacto con el agua.\",\"breadcrumb\":{\"@id\":\"https:\/\/www.piris.com\/ca\/cataleg-de-productes\/interruptors\/interruptors-water-resistant\/b4-mask#breadcrumb\"},\"inLanguage\":\"ca\",\"potentialAction\":[{\"@type\":\"ReadAction\",\"target\":[\"https:\/\/www.piris.com\/ca\/cataleg-de-productes\/interruptors\/interruptors-water-resistant\/b4-mask\"]}]},{\"@type\":\"ImageObject\",\"inLanguage\":\"ca\",\"@id\":\"https:\/\/www.piris.com\/ca\/cataleg-de-productes\/interruptors\/interruptors-water-resistant\/b4-mask#primaryimage\",\"url\":\"https:\/\/www.piris.com\/wp-content\/uploads\/INTERRUPTOR-B4MASK.jpg\",\"contentUrl\":\"https:\/\/www.piris.com\/wp-content\/uploads\/INTERRUPTOR-B4MASK.jpg\",\"width\":945,\"height\":945},{\"@type\":\"BreadcrumbList\",\"@id\":\"https:\/\/www.piris.com\/ca\/cataleg-de-productes\/interruptors\/interruptors-water-resistant\/b4-mask#breadcrumb\",\"itemListElement\":[{\"@type\":\"ListItem\",\"position\":1,\"name\":\"Portada\",\"item\":\"https:\/\/www.piris.com\/ca\"},{\"@type\":\"ListItem\",\"position\":2,\"name\":\"Cat\u00e0leg de productes\",\"item\":\"https:\/\/www.piris.com\/ca\/cataleg-de-productes\"},{\"@type\":\"ListItem\",\"position\":3,\"name\":\"B4MASK\"}]},{\"@type\":\"WebSite\",\"@id\":\"https:\/\/www.piris.com\/#website\",\"url\":\"https:\/\/www.piris.com\/\",\"name\":\"Piris\",\"description\":\"Components el\u00e8ctrics, mec\u00e0nics i electr\u00f2nics\",\"publisher\":{\"@id\":\"https:\/\/www.piris.com\/#organization\"},\"potentialAction\":[{\"@type\":\"SearchAction\",\"target\":{\"@type\":\"EntryPoint\",\"urlTemplate\":\"https:\/\/www.piris.com\/?s={search_term_string}\"},\"query-input\":\"required name=search_term_string\"}],\"inLanguage\":\"ca\"},{\"@type\":\"Organization\",\"@id\":\"https:\/\/www.piris.com\/#organization\",\"name\":\"PIRIS\",\"url\":\"https:\/\/www.piris.com\/\",\"logo\":{\"@type\":\"ImageObject\",\"inLanguage\":\"ca\",\"@id\":\"https:\/\/www.piris.com\/#\/schema\/logo\/image\/\",\"url\":\"https:\/\/www.piris.com\/wp-content\/uploads\/29-PIRIS.png\",\"contentUrl\":\"https:\/\/www.piris.com\/wp-content\/uploads\/29-PIRIS.png\",\"width\":1280,\"height\":720,\"caption\":\"PIRIS\"},\"image\":{\"@id\":\"https:\/\/www.piris.com\/#\/schema\/logo\/image\/\"},\"sameAs\":[\"https:\/\/www.linkedin.com\/company\/piris\/\"]}]}<\/script>\n<!-- \/ Yoast SEO plugin. -->","yoast_head_json":{"title":"Interruptor B4MASK IP65 | Piris","description":"Interruptor IP65 con alta protecci\u00f3n al agua y el polvo, para aplicaciones en el exterior y\/o en zonas con riesgo de contacto con el agua.","robots":{"index":"index","follow":"follow","max-snippet":"max-snippet:-1","max-image-preview":"max-image-preview:large","max-video-preview":"max-video-preview:-1"},"canonical":"https:\/\/www.piris.com\/ca\/cataleg-de-productes\/interruptors\/interruptors-water-resistant\/b4-mask","og_locale":"ca_ES","og_type":"article","og_title":"Interruptor B4MASK IP65 | Piris","og_description":"Interruptor IP65 con alta protecci\u00f3n al agua y el polvo, para aplicaciones en el exterior y\/o en zonas con riesgo de contacto con el agua.","og_url":"https:\/\/www.piris.com\/ca\/cataleg-de-productes\/interruptors\/interruptors-water-resistant\/b4-mask","og_site_name":"Piris","article_modified_time":"2024-07-08T09:11:42+00:00","og_image":[{"width":945,"height":945,"url":"https:\/\/www.piris.com\/wp-content\/uploads\/PRODUCTO-INTERRUPTOR-B4MASK.png","type":"image\/png"}],"twitter_card":"summary_large_image","twitter_misc":{"Temps estimat de lectura":"1 minut"},"schema":{"@context":"https:\/\/schema.org","@graph":[{"@type":"WebPage","@id":"https:\/\/www.piris.com\/ca\/cataleg-de-productes\/interruptors\/interruptors-water-resistant\/b4-mask","url":"https:\/\/www.piris.com\/ca\/cataleg-de-productes\/interruptors\/interruptors-water-resistant\/b4-mask","name":"Interruptor B4MASK IP65 | Piris","isPartOf":{"@id":"https:\/\/www.piris.com\/#website"},"primaryImageOfPage":{"@id":"https:\/\/www.piris.com\/ca\/cataleg-de-productes\/interruptors\/interruptors-water-resistant\/b4-mask#primaryimage"},"image":{"@id":"https:\/\/www.piris.com\/ca\/cataleg-de-productes\/interruptors\/interruptors-water-resistant\/b4-mask#primaryimage"},"thumbnailUrl":"https:\/\/www.piris.com\/wp-content\/uploads\/INTERRUPTOR-B4MASK.jpg","datePublished":"2015-09-17T11:08:54+00:00","dateModified":"2024-07-08T09:11:42+00:00","description":"Interruptor IP65 con alta protecci\u00f3n al agua y el polvo, para aplicaciones en el exterior y\/o en zonas con riesgo de contacto con el agua.","breadcrumb":{"@id":"https:\/\/www.piris.com\/ca\/cataleg-de-productes\/interruptors\/interruptors-water-resistant\/b4-mask#breadcrumb"},"inLanguage":"ca","potentialAction":[{"@type":"ReadAction","target":["https:\/\/www.piris.com\/ca\/cataleg-de-productes\/interruptors\/interruptors-water-resistant\/b4-mask"]}]},{"@type":"ImageObject","inLanguage":"ca","@id":"https:\/\/www.piris.com\/ca\/cataleg-de-productes\/interruptors\/interruptors-water-resistant\/b4-mask#primaryimage","url":"https:\/\/www.piris.com\/wp-content\/uploads\/INTERRUPTOR-B4MASK.jpg","contentUrl":"https:\/\/www.piris.com\/wp-content\/uploads\/INTERRUPTOR-B4MASK.jpg","width":945,"height":945},{"@type":"BreadcrumbList","@id":"https:\/\/www.piris.com\/ca\/cataleg-de-productes\/interruptors\/interruptors-water-resistant\/b4-mask#breadcrumb","itemListElement":[{"@type":"ListItem","position":1,"name":"Portada","item":"https:\/\/www.piris.com\/ca"},{"@type":"ListItem","position":2,"name":"Cat\u00e0leg de productes","item":"https:\/\/www.piris.com\/ca\/cataleg-de-productes"},{"@type":"ListItem","position":3,"name":"B4MASK"}]},{"@type":"WebSite","@id":"https:\/\/www.piris.com\/#website","url":"https:\/\/www.piris.com\/","name":"Piris","description":"Components el\u00e8ctrics, mec\u00e0nics i electr\u00f2nics","publisher":{"@id":"https:\/\/www.piris.com\/#organization"},"potentialAction":[{"@type":"SearchAction","target":{"@type":"EntryPoint","urlTemplate":"https:\/\/www.piris.com\/?s={search_term_string}"},"query-input":"required name=search_term_string"}],"inLanguage":"ca"},{"@type":"Organization","@id":"https:\/\/www.piris.com\/#organization","name":"PIRIS","url":"https:\/\/www.piris.com\/","logo":{"@type":"ImageObject","inLanguage":"ca","@id":"https:\/\/www.piris.com\/#\/schema\/logo\/image\/","url":"https:\/\/www.piris.com\/wp-content\/uploads\/29-PIRIS.png","contentUrl":"https:\/\/www.piris.com\/wp-content\/uploads\/29-PIRIS.png","width":1280,"height":720,"caption":"PIRIS"},"image":{"@id":"https:\/\/www.piris.com\/#\/schema\/logo\/image\/"},"sameAs":["https:\/\/www.linkedin.com\/company\/piris\/"]}]}},"_links":{"self":[{"href":"https:\/\/www.piris.com\/ca\/wp-json\/wp\/v2\/product\/21565"}],"collection":[{"href":"https:\/\/www.piris.com\/ca\/wp-json\/wp\/v2\/product"}],"about":[{"href":"https:\/\/www.piris.com\/ca\/wp-json\/wp\/v2\/types\/product"}],"replies":[{"embeddable":true,"href":"https:\/\/www.piris.com\/ca\/wp-json\/wp\/v2\/comments?post=21565"}],"wp:featuredmedia":[{"embeddable":true,"href":"https:\/\/www.piris.com\/ca\/wp-json\/wp\/v2\/media\/21601"}],"wp:attachment":[{"href":"https:\/\/www.piris.com\/ca\/wp-json\/wp\/v2\/media?parent=21565"}],"wp:term":[{"taxonomy":"product_cat","embeddable":true,"href":"https:\/\/www.piris.com\/ca\/wp-json\/wp\/v2\/product_cat?post=21565"},{"taxonomy":"product_tag","embeddable":true,"href":"https:\/\/www.piris.com\/ca\/wp-json\/wp\/v2\/product_tag?post=21565"}],"curies":[{"name":"wp","href":"https:\/\/api.w.org\/{rel}","templated":true}]}}