{"id":21779,"date":"2024-07-18T17:36:11","date_gmt":"2024-07-18T15:36:11","guid":{"rendered":"https:\/\/www.piris.com\/catalogo-de-productos\/sense categoria\/llauto"},"modified":"2024-07-18T17:36:11","modified_gmt":"2024-07-18T15:36:11","slug":"llauto","status":"publish","type":"product","link":"https:\/\/www.piris.com\/ca\/cataleg-de-productes\/atex-ca\/premsaestopes-ca\/llauto","title":{"rendered":"Llaut\u00f3"},"content":{"rendered":"","protected":false},"excerpt":{"rendered":"<ul>\n<li>Material: Llaut\u00f3 niquelat<\/li>\n<li>Rosca m\u00e8trica<\/li>\n<li>Mida: M12x1,5 a M63x1,5<\/li>\n<li>Temperatura: -40\u00baC \/ +85\u00baC<\/li>\n<li>Grau de protecci\u00f3: IP66 \/ IP68 a 10bar (30 min.)<\/li>\n<\/ul>\n<p><a href=\"https:\/\/www.piris.com\/wp-content\/uploads\/fitxa-K100.pdf\">Fitxa t\u00e8cnica<\/a><\/p>\n","protected":false},"featured_media":21776,"comment_status":"closed","ping_status":"closed","template":"","meta":[],"product_cat":[825,833],"product_tag":[],"yoast_head":"<!-- This site is optimized with the Yoast SEO plugin v23.0 - https:\/\/yoast.com\/wordpress\/plugins\/seo\/ -->\n<title>Llaut\u00f3 | Piris<\/title>\n<meta name=\"robots\" content=\"index, follow, max-snippet:-1, max-image-preview:large, max-video-preview:-1\" \/>\n<link rel=\"canonical\" href=\"https:\/\/www.piris.com\/ca\/cataleg-de-productes\/atex-ca\/premsaestopes-ca\/llauto\" \/>\n<meta property=\"og:locale\" content=\"ca_ES\" \/>\n<meta property=\"og:type\" content=\"article\" \/>\n<meta property=\"og:title\" content=\"Llaut\u00f3 | Piris\" \/>\n<meta property=\"og:description\" content=\"Material: Llaut\u00f3 niquelat  Rosca m\u00e8trica  Mida: M12x1,5 a M63x1,5  Temperatura: -40\u00baC \/ +85\u00baC  Grau de protecci\u00f3: IP66 \/ IP68 a 10bar (30 min.)  Fitxa t\u00e8cnica\" \/>\n<meta property=\"og:url\" content=\"https:\/\/www.piris.com\/ca\/cataleg-de-productes\/atex-ca\/premsaestopes-ca\/llauto\" \/>\n<meta property=\"og:site_name\" content=\"Piris\" \/>\n<meta property=\"og:image\" content=\"https:\/\/www.piris.com\/wp-content\/uploads\/foto-K100.jpg\" \/>\n\t<meta property=\"og:image:width\" content=\"300\" \/>\n\t<meta property=\"og:image:height\" content=\"300\" \/>\n\t<meta property=\"og:image:type\" content=\"image\/jpeg\" \/>\n<meta name=\"twitter:card\" content=\"summary_large_image\" \/>\n<script type=\"application\/ld+json\" class=\"yoast-schema-graph\">{\"@context\":\"https:\/\/schema.org\",\"@graph\":[{\"@type\":\"WebPage\",\"@id\":\"https:\/\/www.piris.com\/ca\/cataleg-de-productes\/atex-ca\/premsaestopes-ca\/llauto\",\"url\":\"https:\/\/www.piris.com\/ca\/cataleg-de-productes\/atex-ca\/premsaestopes-ca\/llauto\",\"name\":\"Llaut\u00f3 | Piris\",\"isPartOf\":{\"@id\":\"https:\/\/www.piris.com\/#website\"},\"primaryImageOfPage\":{\"@id\":\"https:\/\/www.piris.com\/ca\/cataleg-de-productes\/atex-ca\/premsaestopes-ca\/llauto#primaryimage\"},\"image\":{\"@id\":\"https:\/\/www.piris.com\/ca\/cataleg-de-productes\/atex-ca\/premsaestopes-ca\/llauto#primaryimage\"},\"thumbnailUrl\":\"https:\/\/www.piris.com\/wp-content\/uploads\/foto-K100.jpg\",\"datePublished\":\"2024-07-18T15:36:11+00:00\",\"dateModified\":\"2024-07-18T15:36:11+00:00\",\"breadcrumb\":{\"@id\":\"https:\/\/www.piris.com\/ca\/cataleg-de-productes\/atex-ca\/premsaestopes-ca\/llauto#breadcrumb\"},\"inLanguage\":\"ca\",\"potentialAction\":[{\"@type\":\"ReadAction\",\"target\":[\"https:\/\/www.piris.com\/ca\/cataleg-de-productes\/atex-ca\/premsaestopes-ca\/llauto\"]}]},{\"@type\":\"ImageObject\",\"inLanguage\":\"ca\",\"@id\":\"https:\/\/www.piris.com\/ca\/cataleg-de-productes\/atex-ca\/premsaestopes-ca\/llauto#primaryimage\",\"url\":\"https:\/\/www.piris.com\/wp-content\/uploads\/foto-K100.jpg\",\"contentUrl\":\"https:\/\/www.piris.com\/wp-content\/uploads\/foto-K100.jpg\",\"width\":300,\"height\":300},{\"@type\":\"BreadcrumbList\",\"@id\":\"https:\/\/www.piris.com\/ca\/cataleg-de-productes\/atex-ca\/premsaestopes-ca\/llauto#breadcrumb\",\"itemListElement\":[{\"@type\":\"ListItem\",\"position\":1,\"name\":\"Portada\",\"item\":\"https:\/\/www.piris.com\/ca\"},{\"@type\":\"ListItem\",\"position\":2,\"name\":\"Cat\u00e0leg de productes\",\"item\":\"https:\/\/www.piris.com\/ca\/cataleg-de-productes\"},{\"@type\":\"ListItem\",\"position\":3,\"name\":\"Llaut\u00f3\"}]},{\"@type\":\"WebSite\",\"@id\":\"https:\/\/www.piris.com\/#website\",\"url\":\"https:\/\/www.piris.com\/\",\"name\":\"Piris\",\"description\":\"Components el\u00e8ctrics, mec\u00e0nics i electr\u00f2nics\",\"publisher\":{\"@id\":\"https:\/\/www.piris.com\/#organization\"},\"potentialAction\":[{\"@type\":\"SearchAction\",\"target\":{\"@type\":\"EntryPoint\",\"urlTemplate\":\"https:\/\/www.piris.com\/?s={search_term_string}\"},\"query-input\":\"required name=search_term_string\"}],\"inLanguage\":\"ca\"},{\"@type\":\"Organization\",\"@id\":\"https:\/\/www.piris.com\/#organization\",\"name\":\"PIRIS\",\"url\":\"https:\/\/www.piris.com\/\",\"logo\":{\"@type\":\"ImageObject\",\"inLanguage\":\"ca\",\"@id\":\"https:\/\/www.piris.com\/#\/schema\/logo\/image\/\",\"url\":\"https:\/\/www.piris.com\/wp-content\/uploads\/29-PIRIS.png\",\"contentUrl\":\"https:\/\/www.piris.com\/wp-content\/uploads\/29-PIRIS.png\",\"width\":1280,\"height\":720,\"caption\":\"PIRIS\"},\"image\":{\"@id\":\"https:\/\/www.piris.com\/#\/schema\/logo\/image\/\"},\"sameAs\":[\"https:\/\/www.linkedin.com\/company\/piris\/\"]}]}<\/script>\n<!-- \/ Yoast SEO plugin. -->","yoast_head_json":{"title":"Llaut\u00f3 | Piris","robots":{"index":"index","follow":"follow","max-snippet":"max-snippet:-1","max-image-preview":"max-image-preview:large","max-video-preview":"max-video-preview:-1"},"canonical":"https:\/\/www.piris.com\/ca\/cataleg-de-productes\/atex-ca\/premsaestopes-ca\/llauto","og_locale":"ca_ES","og_type":"article","og_title":"Llaut\u00f3 | Piris","og_description":"Material: Llaut\u00f3 niquelat  Rosca m\u00e8trica  Mida: M12x1,5 a M63x1,5  Temperatura: -40\u00baC \/ +85\u00baC  Grau de protecci\u00f3: IP66 \/ IP68 a 10bar (30 min.)  Fitxa t\u00e8cnica","og_url":"https:\/\/www.piris.com\/ca\/cataleg-de-productes\/atex-ca\/premsaestopes-ca\/llauto","og_site_name":"Piris","og_image":[{"width":300,"height":300,"url":"https:\/\/www.piris.com\/wp-content\/uploads\/foto-K100.jpg","type":"image\/jpeg"}],"twitter_card":"summary_large_image","schema":{"@context":"https:\/\/schema.org","@graph":[{"@type":"WebPage","@id":"https:\/\/www.piris.com\/ca\/cataleg-de-productes\/atex-ca\/premsaestopes-ca\/llauto","url":"https:\/\/www.piris.com\/ca\/cataleg-de-productes\/atex-ca\/premsaestopes-ca\/llauto","name":"Llaut\u00f3 | Piris","isPartOf":{"@id":"https:\/\/www.piris.com\/#website"},"primaryImageOfPage":{"@id":"https:\/\/www.piris.com\/ca\/cataleg-de-productes\/atex-ca\/premsaestopes-ca\/llauto#primaryimage"},"image":{"@id":"https:\/\/www.piris.com\/ca\/cataleg-de-productes\/atex-ca\/premsaestopes-ca\/llauto#primaryimage"},"thumbnailUrl":"https:\/\/www.piris.com\/wp-content\/uploads\/foto-K100.jpg","datePublished":"2024-07-18T15:36:11+00:00","dateModified":"2024-07-18T15:36:11+00:00","breadcrumb":{"@id":"https:\/\/www.piris.com\/ca\/cataleg-de-productes\/atex-ca\/premsaestopes-ca\/llauto#breadcrumb"},"inLanguage":"ca","potentialAction":[{"@type":"ReadAction","target":["https:\/\/www.piris.com\/ca\/cataleg-de-productes\/atex-ca\/premsaestopes-ca\/llauto"]}]},{"@type":"ImageObject","inLanguage":"ca","@id":"https:\/\/www.piris.com\/ca\/cataleg-de-productes\/atex-ca\/premsaestopes-ca\/llauto#primaryimage","url":"https:\/\/www.piris.com\/wp-content\/uploads\/foto-K100.jpg","contentUrl":"https:\/\/www.piris.com\/wp-content\/uploads\/foto-K100.jpg","width":300,"height":300},{"@type":"BreadcrumbList","@id":"https:\/\/www.piris.com\/ca\/cataleg-de-productes\/atex-ca\/premsaestopes-ca\/llauto#breadcrumb","itemListElement":[{"@type":"ListItem","position":1,"name":"Portada","item":"https:\/\/www.piris.com\/ca"},{"@type":"ListItem","position":2,"name":"Cat\u00e0leg de productes","item":"https:\/\/www.piris.com\/ca\/cataleg-de-productes"},{"@type":"ListItem","position":3,"name":"Llaut\u00f3"}]},{"@type":"WebSite","@id":"https:\/\/www.piris.com\/#website","url":"https:\/\/www.piris.com\/","name":"Piris","description":"Components el\u00e8ctrics, mec\u00e0nics i electr\u00f2nics","publisher":{"@id":"https:\/\/www.piris.com\/#organization"},"potentialAction":[{"@type":"SearchAction","target":{"@type":"EntryPoint","urlTemplate":"https:\/\/www.piris.com\/?s={search_term_string}"},"query-input":"required name=search_term_string"}],"inLanguage":"ca"},{"@type":"Organization","@id":"https:\/\/www.piris.com\/#organization","name":"PIRIS","url":"https:\/\/www.piris.com\/","logo":{"@type":"ImageObject","inLanguage":"ca","@id":"https:\/\/www.piris.com\/#\/schema\/logo\/image\/","url":"https:\/\/www.piris.com\/wp-content\/uploads\/29-PIRIS.png","contentUrl":"https:\/\/www.piris.com\/wp-content\/uploads\/29-PIRIS.png","width":1280,"height":720,"caption":"PIRIS"},"image":{"@id":"https:\/\/www.piris.com\/#\/schema\/logo\/image\/"},"sameAs":["https:\/\/www.linkedin.com\/company\/piris\/"]}]}},"_links":{"self":[{"href":"https:\/\/www.piris.com\/ca\/wp-json\/wp\/v2\/product\/21779"}],"collection":[{"href":"https:\/\/www.piris.com\/ca\/wp-json\/wp\/v2\/product"}],"about":[{"href":"https:\/\/www.piris.com\/ca\/wp-json\/wp\/v2\/types\/product"}],"replies":[{"embeddable":true,"href":"https:\/\/www.piris.com\/ca\/wp-json\/wp\/v2\/comments?post=21779"}],"wp:featuredmedia":[{"embeddable":true,"href":"https:\/\/www.piris.com\/ca\/wp-json\/wp\/v2\/media\/21776"}],"wp:attachment":[{"href":"https:\/\/www.piris.com\/ca\/wp-json\/wp\/v2\/media?parent=21779"}],"wp:term":[{"taxonomy":"product_cat","embeddable":true,"href":"https:\/\/www.piris.com\/ca\/wp-json\/wp\/v2\/product_cat?post=21779"},{"taxonomy":"product_tag","embeddable":true,"href":"https:\/\/www.piris.com\/ca\/wp-json\/wp\/v2\/product_tag?post=21779"}],"curies":[{"name":"wp","href":"https:\/\/api.w.org\/{rel}","templated":true}]}}