{"id":22014,"date":"2024-07-31T17:31:15","date_gmt":"2024-07-31T15:31:15","guid":{"rendered":"https:\/\/www.piris.com\/catalogo-de-productos\/sense%20categoria\/serie-sp"},"modified":"2024-07-31T17:33:12","modified_gmt":"2024-07-31T15:33:12","slug":"serie-sp","status":"publish","type":"product","link":"https:\/\/www.piris.com\/ca\/cataleg-de-productes\/pressostats\/serie-sp","title":{"rendered":"S\u00c8RIE SP"},"content":{"rendered":"","protected":false},"excerpt":{"rendered":"<p>Pres\u00f2stat amb membrana AISI, compatible amb diversos fluids (gasos o l\u00edquids) amb temperatura de treball fins 150\u00baC.<\/p>\n<ul>\n<li>Material: tecnopol\u00edmer refor\u00e7at, llaut\u00f3 o acer inoxidable<\/li>\n<li>Pressi\u00f3 de taratge regulable\n<ul>\n<li>1<sup>er<\/sup> Rang: 0,2 a 1,2 bar<\/li>\n<li>2<sup>on<\/sup> Rang: 1,0 a 2,5 bar<\/li>\n<li>3<sup>er<\/sup> Rang: 1,5 a 4,0 bar<\/li>\n<li>4<sup>t<\/sup> Rang: 3,0 a 6,0 bar<\/li>\n<\/ul>\n<\/li>\n<li>Microswitch NO, NC o DEV (desviador)<\/li>\n<\/ul>\n","protected":false},"featured_media":22003,"comment_status":"closed","ping_status":"closed","template":"","meta":[],"product_cat":[464],"product_tag":[],"yoast_head":"<!-- This site is optimized with the Yoast SEO plugin v23.0 - https:\/\/yoast.com\/wordpress\/plugins\/seo\/ -->\n<title>S\u00c8RIE SP | Piris<\/title>\n<meta name=\"robots\" content=\"index, follow, max-snippet:-1, max-image-preview:large, max-video-preview:-1\" \/>\n<link rel=\"canonical\" href=\"https:\/\/www.piris.com\/ca\/cataleg-de-productes\/pressostats\/serie-sp\" \/>\n<meta property=\"og:locale\" content=\"ca_ES\" \/>\n<meta property=\"og:type\" content=\"article\" \/>\n<meta property=\"og:title\" content=\"S\u00c8RIE SP | Piris\" \/>\n<meta property=\"og:description\" content=\"Pres\u00f2stat amb membrana AISI, compatible amb diversos fluids (gasos o l\u00edquids) amb temperatura de treball fins 150\u00baC.   Material: tecnopol\u00edmer refor\u00e7at, llaut\u00f3 o acer inoxidable  Pressi\u00f3 de taratge regulable   1er Rang: 0,2 a 1,2 bar  2on Rang: 1,0 a 2,5 bar  3er Rang: 1,5 a 4,0 bar  4t Rang: 3,0 a 6,0 bar    Microswitch NO, NC o DEV (desviador)\" \/>\n<meta property=\"og:url\" content=\"https:\/\/www.piris.com\/ca\/cataleg-de-productes\/pressostats\/serie-sp\" \/>\n<meta property=\"og:site_name\" content=\"Piris\" \/>\n<meta property=\"article:modified_time\" content=\"2024-07-31T15:33:12+00:00\" \/>\n<meta property=\"og:image\" content=\"https:\/\/www.piris.com\/wp-content\/uploads\/presostato-SP-01.jpg\" \/>\n\t<meta property=\"og:image:width\" content=\"500\" \/>\n\t<meta property=\"og:image:height\" content=\"500\" \/>\n\t<meta property=\"og:image:type\" content=\"image\/jpeg\" \/>\n<meta name=\"twitter:card\" content=\"summary_large_image\" \/>\n<meta name=\"twitter:label1\" content=\"Temps estimat de lectura\" \/>\n\t<meta name=\"twitter:data1\" content=\"1 minut\" \/>\n<script type=\"application\/ld+json\" class=\"yoast-schema-graph\">{\"@context\":\"https:\/\/schema.org\",\"@graph\":[{\"@type\":\"WebPage\",\"@id\":\"https:\/\/www.piris.com\/ca\/cataleg-de-productes\/pressostats\/serie-sp\",\"url\":\"https:\/\/www.piris.com\/ca\/cataleg-de-productes\/pressostats\/serie-sp\",\"name\":\"S\u00c8RIE SP | Piris\",\"isPartOf\":{\"@id\":\"https:\/\/www.piris.com\/#website\"},\"primaryImageOfPage\":{\"@id\":\"https:\/\/www.piris.com\/ca\/cataleg-de-productes\/pressostats\/serie-sp#primaryimage\"},\"image\":{\"@id\":\"https:\/\/www.piris.com\/ca\/cataleg-de-productes\/pressostats\/serie-sp#primaryimage\"},\"thumbnailUrl\":\"https:\/\/www.piris.com\/wp-content\/uploads\/presostato-SP-01.jpg\",\"datePublished\":\"2024-07-31T15:31:15+00:00\",\"dateModified\":\"2024-07-31T15:33:12+00:00\",\"breadcrumb\":{\"@id\":\"https:\/\/www.piris.com\/ca\/cataleg-de-productes\/pressostats\/serie-sp#breadcrumb\"},\"inLanguage\":\"ca\",\"potentialAction\":[{\"@type\":\"ReadAction\",\"target\":[\"https:\/\/www.piris.com\/ca\/cataleg-de-productes\/pressostats\/serie-sp\"]}]},{\"@type\":\"ImageObject\",\"inLanguage\":\"ca\",\"@id\":\"https:\/\/www.piris.com\/ca\/cataleg-de-productes\/pressostats\/serie-sp#primaryimage\",\"url\":\"https:\/\/www.piris.com\/wp-content\/uploads\/presostato-SP-01.jpg\",\"contentUrl\":\"https:\/\/www.piris.com\/wp-content\/uploads\/presostato-SP-01.jpg\",\"width\":500,\"height\":500},{\"@type\":\"BreadcrumbList\",\"@id\":\"https:\/\/www.piris.com\/ca\/cataleg-de-productes\/pressostats\/serie-sp#breadcrumb\",\"itemListElement\":[{\"@type\":\"ListItem\",\"position\":1,\"name\":\"Portada\",\"item\":\"https:\/\/www.piris.com\/ca\"},{\"@type\":\"ListItem\",\"position\":2,\"name\":\"Cat\u00e0leg de productes\",\"item\":\"https:\/\/www.piris.com\/ca\/cataleg-de-productes\"},{\"@type\":\"ListItem\",\"position\":3,\"name\":\"S\u00c8RIE SP\"}]},{\"@type\":\"WebSite\",\"@id\":\"https:\/\/www.piris.com\/#website\",\"url\":\"https:\/\/www.piris.com\/\",\"name\":\"Piris\",\"description\":\"Components el\u00e8ctrics, mec\u00e0nics i electr\u00f2nics\",\"publisher\":{\"@id\":\"https:\/\/www.piris.com\/#organization\"},\"potentialAction\":[{\"@type\":\"SearchAction\",\"target\":{\"@type\":\"EntryPoint\",\"urlTemplate\":\"https:\/\/www.piris.com\/?s={search_term_string}\"},\"query-input\":\"required name=search_term_string\"}],\"inLanguage\":\"ca\"},{\"@type\":\"Organization\",\"@id\":\"https:\/\/www.piris.com\/#organization\",\"name\":\"PIRIS\",\"url\":\"https:\/\/www.piris.com\/\",\"logo\":{\"@type\":\"ImageObject\",\"inLanguage\":\"ca\",\"@id\":\"https:\/\/www.piris.com\/#\/schema\/logo\/image\/\",\"url\":\"https:\/\/www.piris.com\/wp-content\/uploads\/29-PIRIS.png\",\"contentUrl\":\"https:\/\/www.piris.com\/wp-content\/uploads\/29-PIRIS.png\",\"width\":1280,\"height\":720,\"caption\":\"PIRIS\"},\"image\":{\"@id\":\"https:\/\/www.piris.com\/#\/schema\/logo\/image\/\"},\"sameAs\":[\"https:\/\/www.linkedin.com\/company\/piris\/\"]}]}<\/script>\n<!-- \/ Yoast SEO plugin. -->","yoast_head_json":{"title":"S\u00c8RIE SP | Piris","robots":{"index":"index","follow":"follow","max-snippet":"max-snippet:-1","max-image-preview":"max-image-preview:large","max-video-preview":"max-video-preview:-1"},"canonical":"https:\/\/www.piris.com\/ca\/cataleg-de-productes\/pressostats\/serie-sp","og_locale":"ca_ES","og_type":"article","og_title":"S\u00c8RIE SP | Piris","og_description":"Pres\u00f2stat amb membrana AISI, compatible amb diversos fluids (gasos o l\u00edquids) amb temperatura de treball fins 150\u00baC.   Material: tecnopol\u00edmer refor\u00e7at, llaut\u00f3 o acer inoxidable  Pressi\u00f3 de taratge regulable   1er Rang: 0,2 a 1,2 bar  2on Rang: 1,0 a 2,5 bar  3er Rang: 1,5 a 4,0 bar  4t Rang: 3,0 a 6,0 bar    Microswitch NO, NC o DEV (desviador)","og_url":"https:\/\/www.piris.com\/ca\/cataleg-de-productes\/pressostats\/serie-sp","og_site_name":"Piris","article_modified_time":"2024-07-31T15:33:12+00:00","og_image":[{"width":500,"height":500,"url":"https:\/\/www.piris.com\/wp-content\/uploads\/presostato-SP-01.jpg","type":"image\/jpeg"}],"twitter_card":"summary_large_image","twitter_misc":{"Temps estimat de lectura":"1 minut"},"schema":{"@context":"https:\/\/schema.org","@graph":[{"@type":"WebPage","@id":"https:\/\/www.piris.com\/ca\/cataleg-de-productes\/pressostats\/serie-sp","url":"https:\/\/www.piris.com\/ca\/cataleg-de-productes\/pressostats\/serie-sp","name":"S\u00c8RIE SP | Piris","isPartOf":{"@id":"https:\/\/www.piris.com\/#website"},"primaryImageOfPage":{"@id":"https:\/\/www.piris.com\/ca\/cataleg-de-productes\/pressostats\/serie-sp#primaryimage"},"image":{"@id":"https:\/\/www.piris.com\/ca\/cataleg-de-productes\/pressostats\/serie-sp#primaryimage"},"thumbnailUrl":"https:\/\/www.piris.com\/wp-content\/uploads\/presostato-SP-01.jpg","datePublished":"2024-07-31T15:31:15+00:00","dateModified":"2024-07-31T15:33:12+00:00","breadcrumb":{"@id":"https:\/\/www.piris.com\/ca\/cataleg-de-productes\/pressostats\/serie-sp#breadcrumb"},"inLanguage":"ca","potentialAction":[{"@type":"ReadAction","target":["https:\/\/www.piris.com\/ca\/cataleg-de-productes\/pressostats\/serie-sp"]}]},{"@type":"ImageObject","inLanguage":"ca","@id":"https:\/\/www.piris.com\/ca\/cataleg-de-productes\/pressostats\/serie-sp#primaryimage","url":"https:\/\/www.piris.com\/wp-content\/uploads\/presostato-SP-01.jpg","contentUrl":"https:\/\/www.piris.com\/wp-content\/uploads\/presostato-SP-01.jpg","width":500,"height":500},{"@type":"BreadcrumbList","@id":"https:\/\/www.piris.com\/ca\/cataleg-de-productes\/pressostats\/serie-sp#breadcrumb","itemListElement":[{"@type":"ListItem","position":1,"name":"Portada","item":"https:\/\/www.piris.com\/ca"},{"@type":"ListItem","position":2,"name":"Cat\u00e0leg de productes","item":"https:\/\/www.piris.com\/ca\/cataleg-de-productes"},{"@type":"ListItem","position":3,"name":"S\u00c8RIE SP"}]},{"@type":"WebSite","@id":"https:\/\/www.piris.com\/#website","url":"https:\/\/www.piris.com\/","name":"Piris","description":"Components el\u00e8ctrics, mec\u00e0nics i electr\u00f2nics","publisher":{"@id":"https:\/\/www.piris.com\/#organization"},"potentialAction":[{"@type":"SearchAction","target":{"@type":"EntryPoint","urlTemplate":"https:\/\/www.piris.com\/?s={search_term_string}"},"query-input":"required name=search_term_string"}],"inLanguage":"ca"},{"@type":"Organization","@id":"https:\/\/www.piris.com\/#organization","name":"PIRIS","url":"https:\/\/www.piris.com\/","logo":{"@type":"ImageObject","inLanguage":"ca","@id":"https:\/\/www.piris.com\/#\/schema\/logo\/image\/","url":"https:\/\/www.piris.com\/wp-content\/uploads\/29-PIRIS.png","contentUrl":"https:\/\/www.piris.com\/wp-content\/uploads\/29-PIRIS.png","width":1280,"height":720,"caption":"PIRIS"},"image":{"@id":"https:\/\/www.piris.com\/#\/schema\/logo\/image\/"},"sameAs":["https:\/\/www.linkedin.com\/company\/piris\/"]}]}},"_links":{"self":[{"href":"https:\/\/www.piris.com\/ca\/wp-json\/wp\/v2\/product\/22014"}],"collection":[{"href":"https:\/\/www.piris.com\/ca\/wp-json\/wp\/v2\/product"}],"about":[{"href":"https:\/\/www.piris.com\/ca\/wp-json\/wp\/v2\/types\/product"}],"replies":[{"embeddable":true,"href":"https:\/\/www.piris.com\/ca\/wp-json\/wp\/v2\/comments?post=22014"}],"wp:featuredmedia":[{"embeddable":true,"href":"https:\/\/www.piris.com\/ca\/wp-json\/wp\/v2\/media\/22003"}],"wp:attachment":[{"href":"https:\/\/www.piris.com\/ca\/wp-json\/wp\/v2\/media?parent=22014"}],"wp:term":[{"taxonomy":"product_cat","embeddable":true,"href":"https:\/\/www.piris.com\/ca\/wp-json\/wp\/v2\/product_cat?post=22014"},{"taxonomy":"product_tag","embeddable":true,"href":"https:\/\/www.piris.com\/ca\/wp-json\/wp\/v2\/product_tag?post=22014"}],"curies":[{"name":"wp","href":"https:\/\/api.w.org\/{rel}","templated":true}]}}