{"id":22141,"date":"2024-09-23T09:45:07","date_gmt":"2024-09-23T07:45:07","guid":{"rendered":"https:\/\/www.piris.com\/catalogo-de-productos\/sense categoria\/tm1"},"modified":"2024-09-23T09:45:07","modified_gmt":"2024-09-23T07:45:07","slug":"tm1","status":"publish","type":"product","link":"https:\/\/www.piris.com\/ca\/cataleg-de-productes\/botoneres-per-a-campanes\/tm1","title":{"rendered":"TM1"},"content":{"rendered":"","protected":false},"excerpt":{"rendered":"<p>Soluci\u00f3 per a campanes extractores composta per carcassa de pl\u00e0stic, marc est\u00e8tic, interruptor d&#8217;encesa i feix de cables. Alimentaci\u00f3 de motor i llum controlada per l\u02bbinterruptor. Personalitzaci\u00f3 disponible per a peces de pl\u00e0stic, s\u00edmbols i palanca d&#8217;activaci\u00f3 del microinterruptor. Diferents configuracions el\u00e8ctriques.<\/p>\n<p><a href=\"https:\/\/www.piris.com\/wp-content\/uploads\/TM1D.pdf\" target=\"_blank\" rel=\"noopener\">Fitxa t\u00e8cnica<\/a><\/p>\n","protected":false},"featured_media":22054,"comment_status":"closed","ping_status":"closed","template":"","meta":[],"product_cat":[841],"product_tag":[],"yoast_head":"<!-- This site is optimized with the Yoast SEO plugin v23.0 - https:\/\/yoast.com\/wordpress\/plugins\/seo\/ -->\n<title>TM1 | Piris<\/title>\n<meta name=\"robots\" content=\"index, follow, max-snippet:-1, max-image-preview:large, max-video-preview:-1\" \/>\n<link rel=\"canonical\" href=\"https:\/\/www.piris.com\/ca\/cataleg-de-productes\/sense%20categoria\/tm1\" \/>\n<meta property=\"og:locale\" content=\"ca_ES\" \/>\n<meta property=\"og:type\" content=\"article\" \/>\n<meta property=\"og:title\" content=\"TM1 | Piris\" \/>\n<meta property=\"og:description\" content=\"Soluci\u00f3 per a campanes extractores composta per carcassa de pl\u00e0stic, marc est\u00e8tic, interruptor d&#039;encesa i feix de cables. Alimentaci\u00f3 de motor i llum controlada per l\u02bbinterruptor. Personalitzaci\u00f3 disponible per a peces de pl\u00e0stic, s\u00edmbols i palanca d&#039;activaci\u00f3 del microinterruptor. Diferents configuracions el\u00e8ctriques.  Fitxa t\u00e8cnica\" \/>\n<meta property=\"og:url\" content=\"https:\/\/www.piris.com\/ca\/cataleg-de-productes\/sense categoria\/tm1\" \/>\n<meta property=\"og:site_name\" content=\"Piris\" \/>\n<meta property=\"og:image\" content=\"https:\/\/www.piris.com\/wp-content\/uploads\/botonera-campana-TM1.jpg\" \/>\n\t<meta property=\"og:image:width\" content=\"456\" \/>\n\t<meta property=\"og:image:height\" content=\"456\" \/>\n\t<meta property=\"og:image:type\" content=\"image\/jpeg\" \/>\n<meta name=\"twitter:card\" content=\"summary_large_image\" \/>\n<script type=\"application\/ld+json\" class=\"yoast-schema-graph\">{\"@context\":\"https:\/\/schema.org\",\"@graph\":[{\"@type\":\"WebPage\",\"@id\":\"https:\/\/www.piris.com\/ca\/cataleg-de-productes\/sense categoria\/tm1\",\"url\":\"https:\/\/www.piris.com\/ca\/cataleg-de-productes\/sense categoria\/tm1\",\"name\":\"TM1 | Piris\",\"isPartOf\":{\"@id\":\"https:\/\/www.piris.com\/#website\"},\"primaryImageOfPage\":{\"@id\":\"https:\/\/www.piris.com\/ca\/cataleg-de-productes\/sense categoria\/tm1#primaryimage\"},\"image\":{\"@id\":\"https:\/\/www.piris.com\/ca\/cataleg-de-productes\/sense categoria\/tm1#primaryimage\"},\"thumbnailUrl\":\"https:\/\/www.piris.com\/wp-content\/uploads\/botonera-campana-TM1.jpg\",\"datePublished\":\"2024-09-23T07:45:07+00:00\",\"dateModified\":\"2024-09-23T07:45:07+00:00\",\"breadcrumb\":{\"@id\":\"https:\/\/www.piris.com\/ca\/cataleg-de-productes\/sense categoria\/tm1#breadcrumb\"},\"inLanguage\":\"ca\",\"potentialAction\":[{\"@type\":\"ReadAction\",\"target\":[\"https:\/\/www.piris.com\/ca\/cataleg-de-productes\/sense categoria\/tm1\"]}]},{\"@type\":\"ImageObject\",\"inLanguage\":\"ca\",\"@id\":\"https:\/\/www.piris.com\/ca\/cataleg-de-productes\/sense categoria\/tm1#primaryimage\",\"url\":\"https:\/\/www.piris.com\/wp-content\/uploads\/botonera-campana-TM1.jpg\",\"contentUrl\":\"https:\/\/www.piris.com\/wp-content\/uploads\/botonera-campana-TM1.jpg\",\"width\":456,\"height\":456},{\"@type\":\"BreadcrumbList\",\"@id\":\"https:\/\/www.piris.com\/ca\/cataleg-de-productes\/sense categoria\/tm1#breadcrumb\",\"itemListElement\":[{\"@type\":\"ListItem\",\"position\":1,\"name\":\"Portada\",\"item\":\"https:\/\/www.piris.com\/ca\"},{\"@type\":\"ListItem\",\"position\":2,\"name\":\"Cat\u00e0leg de productes\",\"item\":\"https:\/\/www.piris.com\/ca\/cataleg-de-productes\"},{\"@type\":\"ListItem\",\"position\":3,\"name\":\"TM1\"}]},{\"@type\":\"WebSite\",\"@id\":\"https:\/\/www.piris.com\/#website\",\"url\":\"https:\/\/www.piris.com\/\",\"name\":\"Piris\",\"description\":\"Components el\u00e8ctrics, mec\u00e0nics i electr\u00f2nics\",\"publisher\":{\"@id\":\"https:\/\/www.piris.com\/#organization\"},\"potentialAction\":[{\"@type\":\"SearchAction\",\"target\":{\"@type\":\"EntryPoint\",\"urlTemplate\":\"https:\/\/www.piris.com\/?s={search_term_string}\"},\"query-input\":\"required name=search_term_string\"}],\"inLanguage\":\"ca\"},{\"@type\":\"Organization\",\"@id\":\"https:\/\/www.piris.com\/#organization\",\"name\":\"PIRIS\",\"url\":\"https:\/\/www.piris.com\/\",\"logo\":{\"@type\":\"ImageObject\",\"inLanguage\":\"ca\",\"@id\":\"https:\/\/www.piris.com\/#\/schema\/logo\/image\/\",\"url\":\"https:\/\/www.piris.com\/wp-content\/uploads\/29-PIRIS.png\",\"contentUrl\":\"https:\/\/www.piris.com\/wp-content\/uploads\/29-PIRIS.png\",\"width\":1280,\"height\":720,\"caption\":\"PIRIS\"},\"image\":{\"@id\":\"https:\/\/www.piris.com\/#\/schema\/logo\/image\/\"},\"sameAs\":[\"https:\/\/www.linkedin.com\/company\/piris\/\"]}]}<\/script>\n<!-- \/ Yoast SEO plugin. -->","yoast_head_json":{"title":"TM1 | Piris","robots":{"index":"index","follow":"follow","max-snippet":"max-snippet:-1","max-image-preview":"max-image-preview:large","max-video-preview":"max-video-preview:-1"},"canonical":"https:\/\/www.piris.com\/ca\/cataleg-de-productes\/sense categoria\/tm1","og_locale":"ca_ES","og_type":"article","og_title":"TM1 | Piris","og_description":"Soluci\u00f3 per a campanes extractores composta per carcassa de pl\u00e0stic, marc est\u00e8tic, interruptor d'encesa i feix de cables. Alimentaci\u00f3 de motor i llum controlada per l\u02bbinterruptor. Personalitzaci\u00f3 disponible per a peces de pl\u00e0stic, s\u00edmbols i palanca d'activaci\u00f3 del microinterruptor. Diferents configuracions el\u00e8ctriques.  Fitxa t\u00e8cnica","og_url":"https:\/\/www.piris.com\/ca\/cataleg-de-productes\/sense categoria\/tm1","og_site_name":"Piris","og_image":[{"width":456,"height":456,"url":"https:\/\/www.piris.com\/wp-content\/uploads\/botonera-campana-TM1.jpg","type":"image\/jpeg"}],"twitter_card":"summary_large_image","schema":{"@context":"https:\/\/schema.org","@graph":[{"@type":"WebPage","@id":"https:\/\/www.piris.com\/ca\/cataleg-de-productes\/sense categoria\/tm1","url":"https:\/\/www.piris.com\/ca\/cataleg-de-productes\/sense categoria\/tm1","name":"TM1 | Piris","isPartOf":{"@id":"https:\/\/www.piris.com\/#website"},"primaryImageOfPage":{"@id":"https:\/\/www.piris.com\/ca\/cataleg-de-productes\/sense categoria\/tm1#primaryimage"},"image":{"@id":"https:\/\/www.piris.com\/ca\/cataleg-de-productes\/sense categoria\/tm1#primaryimage"},"thumbnailUrl":"https:\/\/www.piris.com\/wp-content\/uploads\/botonera-campana-TM1.jpg","datePublished":"2024-09-23T07:45:07+00:00","dateModified":"2024-09-23T07:45:07+00:00","breadcrumb":{"@id":"https:\/\/www.piris.com\/ca\/cataleg-de-productes\/sense categoria\/tm1#breadcrumb"},"inLanguage":"ca","potentialAction":[{"@type":"ReadAction","target":["https:\/\/www.piris.com\/ca\/cataleg-de-productes\/sense categoria\/tm1"]}]},{"@type":"ImageObject","inLanguage":"ca","@id":"https:\/\/www.piris.com\/ca\/cataleg-de-productes\/sense categoria\/tm1#primaryimage","url":"https:\/\/www.piris.com\/wp-content\/uploads\/botonera-campana-TM1.jpg","contentUrl":"https:\/\/www.piris.com\/wp-content\/uploads\/botonera-campana-TM1.jpg","width":456,"height":456},{"@type":"BreadcrumbList","@id":"https:\/\/www.piris.com\/ca\/cataleg-de-productes\/sense categoria\/tm1#breadcrumb","itemListElement":[{"@type":"ListItem","position":1,"name":"Portada","item":"https:\/\/www.piris.com\/ca"},{"@type":"ListItem","position":2,"name":"Cat\u00e0leg de productes","item":"https:\/\/www.piris.com\/ca\/cataleg-de-productes"},{"@type":"ListItem","position":3,"name":"TM1"}]},{"@type":"WebSite","@id":"https:\/\/www.piris.com\/#website","url":"https:\/\/www.piris.com\/","name":"Piris","description":"Components el\u00e8ctrics, mec\u00e0nics i electr\u00f2nics","publisher":{"@id":"https:\/\/www.piris.com\/#organization"},"potentialAction":[{"@type":"SearchAction","target":{"@type":"EntryPoint","urlTemplate":"https:\/\/www.piris.com\/?s={search_term_string}"},"query-input":"required name=search_term_string"}],"inLanguage":"ca"},{"@type":"Organization","@id":"https:\/\/www.piris.com\/#organization","name":"PIRIS","url":"https:\/\/www.piris.com\/","logo":{"@type":"ImageObject","inLanguage":"ca","@id":"https:\/\/www.piris.com\/#\/schema\/logo\/image\/","url":"https:\/\/www.piris.com\/wp-content\/uploads\/29-PIRIS.png","contentUrl":"https:\/\/www.piris.com\/wp-content\/uploads\/29-PIRIS.png","width":1280,"height":720,"caption":"PIRIS"},"image":{"@id":"https:\/\/www.piris.com\/#\/schema\/logo\/image\/"},"sameAs":["https:\/\/www.linkedin.com\/company\/piris\/"]}]}},"_links":{"self":[{"href":"https:\/\/www.piris.com\/ca\/wp-json\/wp\/v2\/product\/22141"}],"collection":[{"href":"https:\/\/www.piris.com\/ca\/wp-json\/wp\/v2\/product"}],"about":[{"href":"https:\/\/www.piris.com\/ca\/wp-json\/wp\/v2\/types\/product"}],"replies":[{"embeddable":true,"href":"https:\/\/www.piris.com\/ca\/wp-json\/wp\/v2\/comments?post=22141"}],"wp:featuredmedia":[{"embeddable":true,"href":"https:\/\/www.piris.com\/ca\/wp-json\/wp\/v2\/media\/22054"}],"wp:attachment":[{"href":"https:\/\/www.piris.com\/ca\/wp-json\/wp\/v2\/media?parent=22141"}],"wp:term":[{"taxonomy":"product_cat","embeddable":true,"href":"https:\/\/www.piris.com\/ca\/wp-json\/wp\/v2\/product_cat?post=22141"},{"taxonomy":"product_tag","embeddable":true,"href":"https:\/\/www.piris.com\/ca\/wp-json\/wp\/v2\/product_tag?post=22141"}],"curies":[{"name":"wp","href":"https:\/\/api.w.org\/{rel}","templated":true}]}}