{"id":22284,"date":"2024-10-07T17:34:02","date_gmt":"2024-10-07T15:34:02","guid":{"rendered":"https:\/\/www.piris.com\/catalogo-de-productos\/sense%20categoria\/2ch-con-encoder"},"modified":"2024-10-07T18:03:24","modified_gmt":"2024-10-07T16:03:24","slug":"2ch-amb-encoder","status":"publish","type":"product","link":"https:\/\/www.piris.com\/ca\/cataleg-de-productes\/encoders-selectors\/selectors\/2ch-amb-encoder","title":{"rendered":"2CH amb Encoder"},"content":{"rendered":"","protected":false},"excerpt":{"rendered":"<p>Soluci\u00f3 que combina funcions de selector i encoder per permetre m\u00e9s flexibilitat i compacitat; de 2 a 14 posicions; eix de pl\u00e0stic o met\u00e0l\u00b7lic.<\/p>\n<p><a href=\"https:\/\/www.piris.com\/wp-content\/uploads\/2CH-with-encoder.pdf\">Fitxa t\u00e8cnica<\/a><\/p>\n","protected":false},"featured_media":22184,"comment_status":"closed","ping_status":"closed","template":"","meta":[],"product_cat":[847],"product_tag":[],"yoast_head":"<!-- This site is optimized with the Yoast SEO plugin v23.0 - https:\/\/yoast.com\/wordpress\/plugins\/seo\/ -->\n<title>2CH amb Encoder | Piris<\/title>\n<meta name=\"robots\" content=\"index, follow, max-snippet:-1, max-image-preview:large, max-video-preview:-1\" \/>\n<link rel=\"canonical\" href=\"https:\/\/www.piris.com\/catalogo-de-productos\/encoders-selectores\/selectores\/2ch-con-encoder\" \/>\n<meta property=\"og:locale\" content=\"ca_ES\" \/>\n<meta property=\"og:type\" content=\"article\" \/>\n<meta property=\"og:title\" content=\"2CH amb Encoder | Piris\" \/>\n<meta property=\"og:description\" content=\"Soluci\u00f3 que combina funcions de selector i encoder per permetre m\u00e9s flexibilitat i compacitat; de 2 a 14 posicions; eix de pl\u00e0stic o met\u00e0l\u00b7lic.  Fitxa t\u00e8cnica\" \/>\n<meta property=\"og:url\" content=\"https:\/\/www.piris.com\/catalogo-de-productos\/encoders-selectores\/selectores\/2ch-con-encoder\" \/>\n<meta property=\"og:site_name\" content=\"Piris\" \/>\n<meta property=\"article:modified_time\" content=\"2024-10-07T16:03:24+00:00\" \/>\n<meta property=\"og:image\" content=\"https:\/\/www.piris.com\/wp-content\/uploads\/2CH-with-encoder-01.jpg\" \/>\n\t<meta property=\"og:image:width\" content=\"275\" \/>\n\t<meta property=\"og:image:height\" content=\"275\" \/>\n\t<meta property=\"og:image:type\" content=\"image\/jpeg\" \/>\n<meta name=\"twitter:card\" content=\"summary_large_image\" \/>\n<meta name=\"twitter:label1\" content=\"Temps estimat de lectura\" \/>\n\t<meta name=\"twitter:data1\" content=\"1 minut\" \/>\n<script type=\"application\/ld+json\" class=\"yoast-schema-graph\">{\"@context\":\"https:\/\/schema.org\",\"@graph\":[{\"@type\":\"WebPage\",\"@id\":\"https:\/\/www.piris.com\/catalogo-de-productos\/encoders-selectores\/selectores\/2ch-con-encoder\",\"url\":\"https:\/\/www.piris.com\/catalogo-de-productos\/encoders-selectores\/selectores\/2ch-con-encoder\",\"name\":\"2CH amb Encoder | Piris\",\"isPartOf\":{\"@id\":\"https:\/\/www.piris.com\/#website\"},\"primaryImageOfPage\":{\"@id\":\"https:\/\/www.piris.com\/catalogo-de-productos\/encoders-selectores\/selectores\/2ch-con-encoder#primaryimage\"},\"image\":{\"@id\":\"https:\/\/www.piris.com\/catalogo-de-productos\/encoders-selectores\/selectores\/2ch-con-encoder#primaryimage\"},\"thumbnailUrl\":\"https:\/\/www.piris.com\/wp-content\/uploads\/2CH-with-encoder-01.jpg\",\"datePublished\":\"2024-10-07T15:34:02+00:00\",\"dateModified\":\"2024-10-07T16:03:24+00:00\",\"breadcrumb\":{\"@id\":\"https:\/\/www.piris.com\/catalogo-de-productos\/encoders-selectores\/selectores\/2ch-con-encoder#breadcrumb\"},\"inLanguage\":\"ca\",\"potentialAction\":[{\"@type\":\"ReadAction\",\"target\":[\"https:\/\/www.piris.com\/catalogo-de-productos\/encoders-selectores\/selectores\/2ch-con-encoder\"]}]},{\"@type\":\"ImageObject\",\"inLanguage\":\"ca\",\"@id\":\"https:\/\/www.piris.com\/catalogo-de-productos\/encoders-selectores\/selectores\/2ch-con-encoder#primaryimage\",\"url\":\"https:\/\/www.piris.com\/wp-content\/uploads\/2CH-with-encoder-01.jpg\",\"contentUrl\":\"https:\/\/www.piris.com\/wp-content\/uploads\/2CH-with-encoder-01.jpg\",\"width\":275,\"height\":275},{\"@type\":\"BreadcrumbList\",\"@id\":\"https:\/\/www.piris.com\/catalogo-de-productos\/encoders-selectores\/selectores\/2ch-con-encoder#breadcrumb\",\"itemListElement\":[{\"@type\":\"ListItem\",\"position\":1,\"name\":\"Portada\",\"item\":\"https:\/\/www.piris.com\/ca\"},{\"@type\":\"ListItem\",\"position\":2,\"name\":\"Cat\u00e0leg de productes\",\"item\":\"https:\/\/www.piris.com\/ca\/cataleg-de-productes\"},{\"@type\":\"ListItem\",\"position\":3,\"name\":\"2CH amb Encoder\"}]},{\"@type\":\"WebSite\",\"@id\":\"https:\/\/www.piris.com\/#website\",\"url\":\"https:\/\/www.piris.com\/\",\"name\":\"Piris\",\"description\":\"Components el\u00e8ctrics, mec\u00e0nics i electr\u00f2nics\",\"publisher\":{\"@id\":\"https:\/\/www.piris.com\/#organization\"},\"potentialAction\":[{\"@type\":\"SearchAction\",\"target\":{\"@type\":\"EntryPoint\",\"urlTemplate\":\"https:\/\/www.piris.com\/?s={search_term_string}\"},\"query-input\":\"required name=search_term_string\"}],\"inLanguage\":\"ca\"},{\"@type\":\"Organization\",\"@id\":\"https:\/\/www.piris.com\/#organization\",\"name\":\"PIRIS\",\"url\":\"https:\/\/www.piris.com\/\",\"logo\":{\"@type\":\"ImageObject\",\"inLanguage\":\"ca\",\"@id\":\"https:\/\/www.piris.com\/#\/schema\/logo\/image\/\",\"url\":\"https:\/\/www.piris.com\/wp-content\/uploads\/29-PIRIS.png\",\"contentUrl\":\"https:\/\/www.piris.com\/wp-content\/uploads\/29-PIRIS.png\",\"width\":1280,\"height\":720,\"caption\":\"PIRIS\"},\"image\":{\"@id\":\"https:\/\/www.piris.com\/#\/schema\/logo\/image\/\"},\"sameAs\":[\"https:\/\/www.linkedin.com\/company\/piris\/\"]}]}<\/script>\n<!-- \/ Yoast SEO plugin. -->","yoast_head_json":{"title":"2CH amb Encoder | Piris","robots":{"index":"index","follow":"follow","max-snippet":"max-snippet:-1","max-image-preview":"max-image-preview:large","max-video-preview":"max-video-preview:-1"},"canonical":"https:\/\/www.piris.com\/catalogo-de-productos\/encoders-selectores\/selectores\/2ch-con-encoder","og_locale":"ca_ES","og_type":"article","og_title":"2CH amb Encoder | Piris","og_description":"Soluci\u00f3 que combina funcions de selector i encoder per permetre m\u00e9s flexibilitat i compacitat; de 2 a 14 posicions; eix de pl\u00e0stic o met\u00e0l\u00b7lic.  Fitxa t\u00e8cnica","og_url":"https:\/\/www.piris.com\/catalogo-de-productos\/encoders-selectores\/selectores\/2ch-con-encoder","og_site_name":"Piris","article_modified_time":"2024-10-07T16:03:24+00:00","og_image":[{"width":275,"height":275,"url":"https:\/\/www.piris.com\/wp-content\/uploads\/2CH-with-encoder-01.jpg","type":"image\/jpeg"}],"twitter_card":"summary_large_image","twitter_misc":{"Temps estimat de lectura":"1 minut"},"schema":{"@context":"https:\/\/schema.org","@graph":[{"@type":"WebPage","@id":"https:\/\/www.piris.com\/catalogo-de-productos\/encoders-selectores\/selectores\/2ch-con-encoder","url":"https:\/\/www.piris.com\/catalogo-de-productos\/encoders-selectores\/selectores\/2ch-con-encoder","name":"2CH amb Encoder | Piris","isPartOf":{"@id":"https:\/\/www.piris.com\/#website"},"primaryImageOfPage":{"@id":"https:\/\/www.piris.com\/catalogo-de-productos\/encoders-selectores\/selectores\/2ch-con-encoder#primaryimage"},"image":{"@id":"https:\/\/www.piris.com\/catalogo-de-productos\/encoders-selectores\/selectores\/2ch-con-encoder#primaryimage"},"thumbnailUrl":"https:\/\/www.piris.com\/wp-content\/uploads\/2CH-with-encoder-01.jpg","datePublished":"2024-10-07T15:34:02+00:00","dateModified":"2024-10-07T16:03:24+00:00","breadcrumb":{"@id":"https:\/\/www.piris.com\/catalogo-de-productos\/encoders-selectores\/selectores\/2ch-con-encoder#breadcrumb"},"inLanguage":"ca","potentialAction":[{"@type":"ReadAction","target":["https:\/\/www.piris.com\/catalogo-de-productos\/encoders-selectores\/selectores\/2ch-con-encoder"]}]},{"@type":"ImageObject","inLanguage":"ca","@id":"https:\/\/www.piris.com\/catalogo-de-productos\/encoders-selectores\/selectores\/2ch-con-encoder#primaryimage","url":"https:\/\/www.piris.com\/wp-content\/uploads\/2CH-with-encoder-01.jpg","contentUrl":"https:\/\/www.piris.com\/wp-content\/uploads\/2CH-with-encoder-01.jpg","width":275,"height":275},{"@type":"BreadcrumbList","@id":"https:\/\/www.piris.com\/catalogo-de-productos\/encoders-selectores\/selectores\/2ch-con-encoder#breadcrumb","itemListElement":[{"@type":"ListItem","position":1,"name":"Portada","item":"https:\/\/www.piris.com\/ca"},{"@type":"ListItem","position":2,"name":"Cat\u00e0leg de productes","item":"https:\/\/www.piris.com\/ca\/cataleg-de-productes"},{"@type":"ListItem","position":3,"name":"2CH amb Encoder"}]},{"@type":"WebSite","@id":"https:\/\/www.piris.com\/#website","url":"https:\/\/www.piris.com\/","name":"Piris","description":"Components el\u00e8ctrics, mec\u00e0nics i electr\u00f2nics","publisher":{"@id":"https:\/\/www.piris.com\/#organization"},"potentialAction":[{"@type":"SearchAction","target":{"@type":"EntryPoint","urlTemplate":"https:\/\/www.piris.com\/?s={search_term_string}"},"query-input":"required name=search_term_string"}],"inLanguage":"ca"},{"@type":"Organization","@id":"https:\/\/www.piris.com\/#organization","name":"PIRIS","url":"https:\/\/www.piris.com\/","logo":{"@type":"ImageObject","inLanguage":"ca","@id":"https:\/\/www.piris.com\/#\/schema\/logo\/image\/","url":"https:\/\/www.piris.com\/wp-content\/uploads\/29-PIRIS.png","contentUrl":"https:\/\/www.piris.com\/wp-content\/uploads\/29-PIRIS.png","width":1280,"height":720,"caption":"PIRIS"},"image":{"@id":"https:\/\/www.piris.com\/#\/schema\/logo\/image\/"},"sameAs":["https:\/\/www.linkedin.com\/company\/piris\/"]}]}},"_links":{"self":[{"href":"https:\/\/www.piris.com\/ca\/wp-json\/wp\/v2\/product\/22284"}],"collection":[{"href":"https:\/\/www.piris.com\/ca\/wp-json\/wp\/v2\/product"}],"about":[{"href":"https:\/\/www.piris.com\/ca\/wp-json\/wp\/v2\/types\/product"}],"replies":[{"embeddable":true,"href":"https:\/\/www.piris.com\/ca\/wp-json\/wp\/v2\/comments?post=22284"}],"wp:featuredmedia":[{"embeddable":true,"href":"https:\/\/www.piris.com\/ca\/wp-json\/wp\/v2\/media\/22184"}],"wp:attachment":[{"href":"https:\/\/www.piris.com\/ca\/wp-json\/wp\/v2\/media?parent=22284"}],"wp:term":[{"taxonomy":"product_cat","embeddable":true,"href":"https:\/\/www.piris.com\/ca\/wp-json\/wp\/v2\/product_cat?post=22284"},{"taxonomy":"product_tag","embeddable":true,"href":"https:\/\/www.piris.com\/ca\/wp-json\/wp\/v2\/product_tag?post=22284"}],"curies":[{"name":"wp","href":"https:\/\/api.w.org\/{rel}","templated":true}]}}