{"id":22290,"date":"2024-10-07T17:48:51","date_gmt":"2024-10-07T15:48:51","guid":{"rendered":"https:\/\/www.piris.com\/catalogo-de-productos\/sense categoria\/5he-7-takt"},"modified":"2024-10-07T17:48:51","modified_gmt":"2024-10-07T15:48:51","slug":"5he-7-takt","status":"publish","type":"product","link":"https:\/\/www.piris.com\/ca\/cataleg-de-productes\/encoders-selectors\/selectors\/5he-7-takt","title":{"rendered":"5HE 7 TAKT"},"content":{"rendered":"","protected":false},"excerpt":{"rendered":"<p>Interruptors rotatius amb diverses solucions de fixaci\u00f3, 7 posicions, fins a 12A de capacitat, per controlar encimeres amb connector incorporat.<\/p>\n<p><a href=\"https:\/\/www.piris.com\/wp-content\/uploads\/5HE-7-TAKT.pdf\">Fitxa t\u00e8cnica<\/a><\/p>\n","protected":false},"featured_media":22227,"comment_status":"closed","ping_status":"closed","template":"","meta":[],"product_cat":[847],"product_tag":[],"yoast_head":"<!-- This site is optimized with the Yoast SEO plugin v23.0 - https:\/\/yoast.com\/wordpress\/plugins\/seo\/ -->\n<title>5HE 7 TAKT | Piris<\/title>\n<meta name=\"robots\" content=\"index, follow, max-snippet:-1, max-image-preview:large, max-video-preview:-1\" \/>\n<link rel=\"canonical\" href=\"https:\/\/www.piris.com\/ca\/cataleg-de-productes\/sense%20categoria\/5he-7-takt\" \/>\n<meta property=\"og:locale\" content=\"ca_ES\" \/>\n<meta property=\"og:type\" content=\"article\" \/>\n<meta property=\"og:title\" content=\"5HE 7 TAKT | Piris\" \/>\n<meta property=\"og:description\" content=\"Interruptors rotatius amb diverses solucions de fixaci\u00f3, 7 posicions, fins a 12A de capacitat, per controlar encimeres amb connector incorporat.  Fitxa t\u00e8cnica\" \/>\n<meta property=\"og:url\" content=\"https:\/\/www.piris.com\/ca\/cataleg-de-productes\/sense categoria\/5he-7-takt\" \/>\n<meta property=\"og:site_name\" content=\"Piris\" \/>\n<meta property=\"og:image\" content=\"https:\/\/www.piris.com\/wp-content\/uploads\/selector-5HE-7-TAKT-01.jpg\" \/>\n\t<meta property=\"og:image:width\" content=\"381\" \/>\n\t<meta property=\"og:image:height\" content=\"381\" \/>\n\t<meta property=\"og:image:type\" content=\"image\/jpeg\" \/>\n<meta name=\"twitter:card\" content=\"summary_large_image\" \/>\n<script type=\"application\/ld+json\" class=\"yoast-schema-graph\">{\"@context\":\"https:\/\/schema.org\",\"@graph\":[{\"@type\":\"WebPage\",\"@id\":\"https:\/\/www.piris.com\/ca\/cataleg-de-productes\/sense categoria\/5he-7-takt\",\"url\":\"https:\/\/www.piris.com\/ca\/cataleg-de-productes\/sense categoria\/5he-7-takt\",\"name\":\"5HE 7 TAKT | Piris\",\"isPartOf\":{\"@id\":\"https:\/\/www.piris.com\/#website\"},\"primaryImageOfPage\":{\"@id\":\"https:\/\/www.piris.com\/ca\/cataleg-de-productes\/sense categoria\/5he-7-takt#primaryimage\"},\"image\":{\"@id\":\"https:\/\/www.piris.com\/ca\/cataleg-de-productes\/sense categoria\/5he-7-takt#primaryimage\"},\"thumbnailUrl\":\"https:\/\/www.piris.com\/wp-content\/uploads\/selector-5HE-7-TAKT-01.jpg\",\"datePublished\":\"2024-10-07T15:48:51+00:00\",\"dateModified\":\"2024-10-07T15:48:51+00:00\",\"breadcrumb\":{\"@id\":\"https:\/\/www.piris.com\/ca\/cataleg-de-productes\/sense categoria\/5he-7-takt#breadcrumb\"},\"inLanguage\":\"ca\",\"potentialAction\":[{\"@type\":\"ReadAction\",\"target\":[\"https:\/\/www.piris.com\/ca\/cataleg-de-productes\/sense categoria\/5he-7-takt\"]}]},{\"@type\":\"ImageObject\",\"inLanguage\":\"ca\",\"@id\":\"https:\/\/www.piris.com\/ca\/cataleg-de-productes\/sense categoria\/5he-7-takt#primaryimage\",\"url\":\"https:\/\/www.piris.com\/wp-content\/uploads\/selector-5HE-7-TAKT-01.jpg\",\"contentUrl\":\"https:\/\/www.piris.com\/wp-content\/uploads\/selector-5HE-7-TAKT-01.jpg\",\"width\":381,\"height\":381},{\"@type\":\"BreadcrumbList\",\"@id\":\"https:\/\/www.piris.com\/ca\/cataleg-de-productes\/sense categoria\/5he-7-takt#breadcrumb\",\"itemListElement\":[{\"@type\":\"ListItem\",\"position\":1,\"name\":\"Portada\",\"item\":\"https:\/\/www.piris.com\/ca\"},{\"@type\":\"ListItem\",\"position\":2,\"name\":\"Cat\u00e0leg de productes\",\"item\":\"https:\/\/www.piris.com\/ca\/cataleg-de-productes\"},{\"@type\":\"ListItem\",\"position\":3,\"name\":\"5HE 7 TAKT\"}]},{\"@type\":\"WebSite\",\"@id\":\"https:\/\/www.piris.com\/#website\",\"url\":\"https:\/\/www.piris.com\/\",\"name\":\"Piris\",\"description\":\"Components el\u00e8ctrics, mec\u00e0nics i electr\u00f2nics\",\"publisher\":{\"@id\":\"https:\/\/www.piris.com\/#organization\"},\"potentialAction\":[{\"@type\":\"SearchAction\",\"target\":{\"@type\":\"EntryPoint\",\"urlTemplate\":\"https:\/\/www.piris.com\/?s={search_term_string}\"},\"query-input\":\"required name=search_term_string\"}],\"inLanguage\":\"ca\"},{\"@type\":\"Organization\",\"@id\":\"https:\/\/www.piris.com\/#organization\",\"name\":\"PIRIS\",\"url\":\"https:\/\/www.piris.com\/\",\"logo\":{\"@type\":\"ImageObject\",\"inLanguage\":\"ca\",\"@id\":\"https:\/\/www.piris.com\/#\/schema\/logo\/image\/\",\"url\":\"https:\/\/www.piris.com\/wp-content\/uploads\/29-PIRIS.png\",\"contentUrl\":\"https:\/\/www.piris.com\/wp-content\/uploads\/29-PIRIS.png\",\"width\":1280,\"height\":720,\"caption\":\"PIRIS\"},\"image\":{\"@id\":\"https:\/\/www.piris.com\/#\/schema\/logo\/image\/\"},\"sameAs\":[\"https:\/\/www.linkedin.com\/company\/piris\/\"]}]}<\/script>\n<!-- \/ Yoast SEO plugin. -->","yoast_head_json":{"title":"5HE 7 TAKT | Piris","robots":{"index":"index","follow":"follow","max-snippet":"max-snippet:-1","max-image-preview":"max-image-preview:large","max-video-preview":"max-video-preview:-1"},"canonical":"https:\/\/www.piris.com\/ca\/cataleg-de-productes\/sense categoria\/5he-7-takt","og_locale":"ca_ES","og_type":"article","og_title":"5HE 7 TAKT | Piris","og_description":"Interruptors rotatius amb diverses solucions de fixaci\u00f3, 7 posicions, fins a 12A de capacitat, per controlar encimeres amb connector incorporat.  Fitxa t\u00e8cnica","og_url":"https:\/\/www.piris.com\/ca\/cataleg-de-productes\/sense categoria\/5he-7-takt","og_site_name":"Piris","og_image":[{"width":381,"height":381,"url":"https:\/\/www.piris.com\/wp-content\/uploads\/selector-5HE-7-TAKT-01.jpg","type":"image\/jpeg"}],"twitter_card":"summary_large_image","schema":{"@context":"https:\/\/schema.org","@graph":[{"@type":"WebPage","@id":"https:\/\/www.piris.com\/ca\/cataleg-de-productes\/sense categoria\/5he-7-takt","url":"https:\/\/www.piris.com\/ca\/cataleg-de-productes\/sense categoria\/5he-7-takt","name":"5HE 7 TAKT | Piris","isPartOf":{"@id":"https:\/\/www.piris.com\/#website"},"primaryImageOfPage":{"@id":"https:\/\/www.piris.com\/ca\/cataleg-de-productes\/sense categoria\/5he-7-takt#primaryimage"},"image":{"@id":"https:\/\/www.piris.com\/ca\/cataleg-de-productes\/sense categoria\/5he-7-takt#primaryimage"},"thumbnailUrl":"https:\/\/www.piris.com\/wp-content\/uploads\/selector-5HE-7-TAKT-01.jpg","datePublished":"2024-10-07T15:48:51+00:00","dateModified":"2024-10-07T15:48:51+00:00","breadcrumb":{"@id":"https:\/\/www.piris.com\/ca\/cataleg-de-productes\/sense categoria\/5he-7-takt#breadcrumb"},"inLanguage":"ca","potentialAction":[{"@type":"ReadAction","target":["https:\/\/www.piris.com\/ca\/cataleg-de-productes\/sense categoria\/5he-7-takt"]}]},{"@type":"ImageObject","inLanguage":"ca","@id":"https:\/\/www.piris.com\/ca\/cataleg-de-productes\/sense categoria\/5he-7-takt#primaryimage","url":"https:\/\/www.piris.com\/wp-content\/uploads\/selector-5HE-7-TAKT-01.jpg","contentUrl":"https:\/\/www.piris.com\/wp-content\/uploads\/selector-5HE-7-TAKT-01.jpg","width":381,"height":381},{"@type":"BreadcrumbList","@id":"https:\/\/www.piris.com\/ca\/cataleg-de-productes\/sense categoria\/5he-7-takt#breadcrumb","itemListElement":[{"@type":"ListItem","position":1,"name":"Portada","item":"https:\/\/www.piris.com\/ca"},{"@type":"ListItem","position":2,"name":"Cat\u00e0leg de productes","item":"https:\/\/www.piris.com\/ca\/cataleg-de-productes"},{"@type":"ListItem","position":3,"name":"5HE 7 TAKT"}]},{"@type":"WebSite","@id":"https:\/\/www.piris.com\/#website","url":"https:\/\/www.piris.com\/","name":"Piris","description":"Components el\u00e8ctrics, mec\u00e0nics i electr\u00f2nics","publisher":{"@id":"https:\/\/www.piris.com\/#organization"},"potentialAction":[{"@type":"SearchAction","target":{"@type":"EntryPoint","urlTemplate":"https:\/\/www.piris.com\/?s={search_term_string}"},"query-input":"required name=search_term_string"}],"inLanguage":"ca"},{"@type":"Organization","@id":"https:\/\/www.piris.com\/#organization","name":"PIRIS","url":"https:\/\/www.piris.com\/","logo":{"@type":"ImageObject","inLanguage":"ca","@id":"https:\/\/www.piris.com\/#\/schema\/logo\/image\/","url":"https:\/\/www.piris.com\/wp-content\/uploads\/29-PIRIS.png","contentUrl":"https:\/\/www.piris.com\/wp-content\/uploads\/29-PIRIS.png","width":1280,"height":720,"caption":"PIRIS"},"image":{"@id":"https:\/\/www.piris.com\/#\/schema\/logo\/image\/"},"sameAs":["https:\/\/www.linkedin.com\/company\/piris\/"]}]}},"_links":{"self":[{"href":"https:\/\/www.piris.com\/ca\/wp-json\/wp\/v2\/product\/22290"}],"collection":[{"href":"https:\/\/www.piris.com\/ca\/wp-json\/wp\/v2\/product"}],"about":[{"href":"https:\/\/www.piris.com\/ca\/wp-json\/wp\/v2\/types\/product"}],"replies":[{"embeddable":true,"href":"https:\/\/www.piris.com\/ca\/wp-json\/wp\/v2\/comments?post=22290"}],"wp:featuredmedia":[{"embeddable":true,"href":"https:\/\/www.piris.com\/ca\/wp-json\/wp\/v2\/media\/22227"}],"wp:attachment":[{"href":"https:\/\/www.piris.com\/ca\/wp-json\/wp\/v2\/media?parent=22290"}],"wp:term":[{"taxonomy":"product_cat","embeddable":true,"href":"https:\/\/www.piris.com\/ca\/wp-json\/wp\/v2\/product_cat?post=22290"},{"taxonomy":"product_tag","embeddable":true,"href":"https:\/\/www.piris.com\/ca\/wp-json\/wp\/v2\/product_tag?post=22290"}],"curies":[{"name":"wp","href":"https:\/\/api.w.org\/{rel}","templated":true}]}}