{"id":22515,"date":"2025-06-10T13:05:43","date_gmt":"2025-06-10T11:05:43","guid":{"rendered":"https:\/\/www.piris.com\/catalogo-de-productos\/sense%20categoria\/conector-tipo-t-x-y"},"modified":"2025-06-13T10:29:05","modified_gmt":"2025-06-13T08:29:05","slug":"connector-tipus-t-x-y","status":"publish","type":"product","link":"https:\/\/www.piris.com\/ca\/cataleg-de-productes\/regletes-connexio-estancs\/connectors-ca-2\/connector-tipus-t-x-y","title":{"rendered":"Connector tipus \u201cT\u201d \/ \u201cX\u201d \/ \u201cY\u201d"},"content":{"rendered":"","protected":false},"excerpt":{"rendered":"<ul>\n<li>Poliamida PA6.6 negra auto extingible UL94V0<\/li>\n<li>GWIT 775\u00baC (EN 60695-2-13)<\/li>\n<li>Temperatura m\u00e0xima de treball: 105\u00baC<\/li>\n<li>Inserts de llaut\u00f3 OT58 niquelats<\/li>\n<li>Cargols d\u2019acer zincats<\/li>\n<li>Juntes de silicona<\/li>\n<li>Grau de protecci\u00f3 IP68<\/li>\n<\/ul>\n<p><a href=\"https:\/\/www.piris.com\/wp-content\/uploads\/conector-tipo-T-X-Y.pdf\" target=\"_blank\" rel=\"noopener\">Fitxa t\u00e8cnica<\/a><\/p>\n","protected":false},"featured_media":22477,"comment_status":"closed","ping_status":"closed","template":"","meta":[],"product_cat":[368],"product_tag":[],"yoast_head":"<!-- This site is optimized with the Yoast SEO plugin v23.0 - https:\/\/yoast.com\/wordpress\/plugins\/seo\/ -->\n<title>Connector tipus \u201cT\u201d \/ \u201cX\u201d \/ \u201cY\u201d | Piris<\/title>\n<meta name=\"robots\" content=\"index, follow, max-snippet:-1, max-image-preview:large, max-video-preview:-1\" \/>\n<link rel=\"canonical\" href=\"https:\/\/www.piris.com\/catalogo-de-productos\/elementos-conexion-estancos\/conectores\/conector-tipo-t-x-y\" \/>\n<meta property=\"og:locale\" content=\"ca_ES\" \/>\n<meta property=\"og:type\" content=\"article\" \/>\n<meta property=\"og:title\" content=\"Connector tipus \u201cT\u201d \/ \u201cX\u201d \/ \u201cY\u201d | Piris\" \/>\n<meta property=\"og:description\" content=\"Poliamida PA6.6 negra auto extingible UL94V0  GWIT 775\u00baC (EN 60695-2-13)  Temperatura m\u00e0xima de treball: 105\u00baC  Inserts de llaut\u00f3 OT58 niquelats  Cargols d\u2019acer zincats  Juntes de silicona  Grau de protecci\u00f3 IP68  Fitxa t\u00e8cnica\" \/>\n<meta property=\"og:url\" content=\"https:\/\/www.piris.com\/catalogo-de-productos\/elementos-conexion-estancos\/conectores\/conector-tipo-t-x-y\" \/>\n<meta property=\"og:site_name\" content=\"Piris\" \/>\n<meta property=\"article:modified_time\" content=\"2025-06-13T08:29:05+00:00\" \/>\n<meta property=\"og:image\" content=\"https:\/\/www.piris.com\/wp-content\/uploads\/conector-M20T-M25T.jpg\" \/>\n\t<meta property=\"og:image:width\" content=\"326\" \/>\n\t<meta property=\"og:image:height\" content=\"326\" \/>\n\t<meta property=\"og:image:type\" content=\"image\/jpeg\" \/>\n<meta name=\"twitter:card\" content=\"summary_large_image\" \/>\n<meta name=\"twitter:label1\" content=\"Temps estimat de lectura\" \/>\n\t<meta name=\"twitter:data1\" content=\"1 minut\" \/>\n<script type=\"application\/ld+json\" class=\"yoast-schema-graph\">{\"@context\":\"https:\/\/schema.org\",\"@graph\":[{\"@type\":\"WebPage\",\"@id\":\"https:\/\/www.piris.com\/catalogo-de-productos\/elementos-conexion-estancos\/conectores\/conector-tipo-t-x-y\",\"url\":\"https:\/\/www.piris.com\/catalogo-de-productos\/elementos-conexion-estancos\/conectores\/conector-tipo-t-x-y\",\"name\":\"Connector tipus \u201cT\u201d \/ \u201cX\u201d \/ \u201cY\u201d | Piris\",\"isPartOf\":{\"@id\":\"https:\/\/www.piris.com\/#website\"},\"primaryImageOfPage\":{\"@id\":\"https:\/\/www.piris.com\/catalogo-de-productos\/elementos-conexion-estancos\/conectores\/conector-tipo-t-x-y#primaryimage\"},\"image\":{\"@id\":\"https:\/\/www.piris.com\/catalogo-de-productos\/elementos-conexion-estancos\/conectores\/conector-tipo-t-x-y#primaryimage\"},\"thumbnailUrl\":\"https:\/\/www.piris.com\/wp-content\/uploads\/conector-M20T-M25T.jpg\",\"datePublished\":\"2025-06-10T11:05:43+00:00\",\"dateModified\":\"2025-06-13T08:29:05+00:00\",\"breadcrumb\":{\"@id\":\"https:\/\/www.piris.com\/catalogo-de-productos\/elementos-conexion-estancos\/conectores\/conector-tipo-t-x-y#breadcrumb\"},\"inLanguage\":\"ca\",\"potentialAction\":[{\"@type\":\"ReadAction\",\"target\":[\"https:\/\/www.piris.com\/catalogo-de-productos\/elementos-conexion-estancos\/conectores\/conector-tipo-t-x-y\"]}]},{\"@type\":\"ImageObject\",\"inLanguage\":\"ca\",\"@id\":\"https:\/\/www.piris.com\/catalogo-de-productos\/elementos-conexion-estancos\/conectores\/conector-tipo-t-x-y#primaryimage\",\"url\":\"https:\/\/www.piris.com\/wp-content\/uploads\/conector-M20T-M25T.jpg\",\"contentUrl\":\"https:\/\/www.piris.com\/wp-content\/uploads\/conector-M20T-M25T.jpg\",\"width\":326,\"height\":326},{\"@type\":\"BreadcrumbList\",\"@id\":\"https:\/\/www.piris.com\/catalogo-de-productos\/elementos-conexion-estancos\/conectores\/conector-tipo-t-x-y#breadcrumb\",\"itemListElement\":[{\"@type\":\"ListItem\",\"position\":1,\"name\":\"Portada\",\"item\":\"https:\/\/www.piris.com\/ca\"},{\"@type\":\"ListItem\",\"position\":2,\"name\":\"Cat\u00e0leg de productes\",\"item\":\"https:\/\/www.piris.com\/ca\/cataleg-de-productes\"},{\"@type\":\"ListItem\",\"position\":3,\"name\":\"Connector tipus \u201cT\u201d \/ \u201cX\u201d \/ \u201cY\u201d\"}]},{\"@type\":\"WebSite\",\"@id\":\"https:\/\/www.piris.com\/#website\",\"url\":\"https:\/\/www.piris.com\/\",\"name\":\"Piris\",\"description\":\"Components el\u00e8ctrics, mec\u00e0nics i electr\u00f2nics\",\"publisher\":{\"@id\":\"https:\/\/www.piris.com\/#organization\"},\"potentialAction\":[{\"@type\":\"SearchAction\",\"target\":{\"@type\":\"EntryPoint\",\"urlTemplate\":\"https:\/\/www.piris.com\/?s={search_term_string}\"},\"query-input\":\"required name=search_term_string\"}],\"inLanguage\":\"ca\"},{\"@type\":\"Organization\",\"@id\":\"https:\/\/www.piris.com\/#organization\",\"name\":\"PIRIS\",\"url\":\"https:\/\/www.piris.com\/\",\"logo\":{\"@type\":\"ImageObject\",\"inLanguage\":\"ca\",\"@id\":\"https:\/\/www.piris.com\/#\/schema\/logo\/image\/\",\"url\":\"https:\/\/www.piris.com\/wp-content\/uploads\/29-PIRIS.png\",\"contentUrl\":\"https:\/\/www.piris.com\/wp-content\/uploads\/29-PIRIS.png\",\"width\":1280,\"height\":720,\"caption\":\"PIRIS\"},\"image\":{\"@id\":\"https:\/\/www.piris.com\/#\/schema\/logo\/image\/\"},\"sameAs\":[\"https:\/\/www.linkedin.com\/company\/piris\/\"]}]}<\/script>\n<!-- \/ Yoast SEO plugin. -->","yoast_head_json":{"title":"Connector tipus \u201cT\u201d \/ \u201cX\u201d \/ \u201cY\u201d | Piris","robots":{"index":"index","follow":"follow","max-snippet":"max-snippet:-1","max-image-preview":"max-image-preview:large","max-video-preview":"max-video-preview:-1"},"canonical":"https:\/\/www.piris.com\/catalogo-de-productos\/elementos-conexion-estancos\/conectores\/conector-tipo-t-x-y","og_locale":"ca_ES","og_type":"article","og_title":"Connector tipus \u201cT\u201d \/ \u201cX\u201d \/ \u201cY\u201d | Piris","og_description":"Poliamida PA6.6 negra auto extingible UL94V0  GWIT 775\u00baC (EN 60695-2-13)  Temperatura m\u00e0xima de treball: 105\u00baC  Inserts de llaut\u00f3 OT58 niquelats  Cargols d\u2019acer zincats  Juntes de silicona  Grau de protecci\u00f3 IP68  Fitxa t\u00e8cnica","og_url":"https:\/\/www.piris.com\/catalogo-de-productos\/elementos-conexion-estancos\/conectores\/conector-tipo-t-x-y","og_site_name":"Piris","article_modified_time":"2025-06-13T08:29:05+00:00","og_image":[{"width":326,"height":326,"url":"https:\/\/www.piris.com\/wp-content\/uploads\/conector-M20T-M25T.jpg","type":"image\/jpeg"}],"twitter_card":"summary_large_image","twitter_misc":{"Temps estimat de lectura":"1 minut"},"schema":{"@context":"https:\/\/schema.org","@graph":[{"@type":"WebPage","@id":"https:\/\/www.piris.com\/catalogo-de-productos\/elementos-conexion-estancos\/conectores\/conector-tipo-t-x-y","url":"https:\/\/www.piris.com\/catalogo-de-productos\/elementos-conexion-estancos\/conectores\/conector-tipo-t-x-y","name":"Connector tipus \u201cT\u201d \/ \u201cX\u201d \/ \u201cY\u201d | Piris","isPartOf":{"@id":"https:\/\/www.piris.com\/#website"},"primaryImageOfPage":{"@id":"https:\/\/www.piris.com\/catalogo-de-productos\/elementos-conexion-estancos\/conectores\/conector-tipo-t-x-y#primaryimage"},"image":{"@id":"https:\/\/www.piris.com\/catalogo-de-productos\/elementos-conexion-estancos\/conectores\/conector-tipo-t-x-y#primaryimage"},"thumbnailUrl":"https:\/\/www.piris.com\/wp-content\/uploads\/conector-M20T-M25T.jpg","datePublished":"2025-06-10T11:05:43+00:00","dateModified":"2025-06-13T08:29:05+00:00","breadcrumb":{"@id":"https:\/\/www.piris.com\/catalogo-de-productos\/elementos-conexion-estancos\/conectores\/conector-tipo-t-x-y#breadcrumb"},"inLanguage":"ca","potentialAction":[{"@type":"ReadAction","target":["https:\/\/www.piris.com\/catalogo-de-productos\/elementos-conexion-estancos\/conectores\/conector-tipo-t-x-y"]}]},{"@type":"ImageObject","inLanguage":"ca","@id":"https:\/\/www.piris.com\/catalogo-de-productos\/elementos-conexion-estancos\/conectores\/conector-tipo-t-x-y#primaryimage","url":"https:\/\/www.piris.com\/wp-content\/uploads\/conector-M20T-M25T.jpg","contentUrl":"https:\/\/www.piris.com\/wp-content\/uploads\/conector-M20T-M25T.jpg","width":326,"height":326},{"@type":"BreadcrumbList","@id":"https:\/\/www.piris.com\/catalogo-de-productos\/elementos-conexion-estancos\/conectores\/conector-tipo-t-x-y#breadcrumb","itemListElement":[{"@type":"ListItem","position":1,"name":"Portada","item":"https:\/\/www.piris.com\/ca"},{"@type":"ListItem","position":2,"name":"Cat\u00e0leg de productes","item":"https:\/\/www.piris.com\/ca\/cataleg-de-productes"},{"@type":"ListItem","position":3,"name":"Connector tipus \u201cT\u201d \/ \u201cX\u201d \/ \u201cY\u201d"}]},{"@type":"WebSite","@id":"https:\/\/www.piris.com\/#website","url":"https:\/\/www.piris.com\/","name":"Piris","description":"Components el\u00e8ctrics, mec\u00e0nics i electr\u00f2nics","publisher":{"@id":"https:\/\/www.piris.com\/#organization"},"potentialAction":[{"@type":"SearchAction","target":{"@type":"EntryPoint","urlTemplate":"https:\/\/www.piris.com\/?s={search_term_string}"},"query-input":"required name=search_term_string"}],"inLanguage":"ca"},{"@type":"Organization","@id":"https:\/\/www.piris.com\/#organization","name":"PIRIS","url":"https:\/\/www.piris.com\/","logo":{"@type":"ImageObject","inLanguage":"ca","@id":"https:\/\/www.piris.com\/#\/schema\/logo\/image\/","url":"https:\/\/www.piris.com\/wp-content\/uploads\/29-PIRIS.png","contentUrl":"https:\/\/www.piris.com\/wp-content\/uploads\/29-PIRIS.png","width":1280,"height":720,"caption":"PIRIS"},"image":{"@id":"https:\/\/www.piris.com\/#\/schema\/logo\/image\/"},"sameAs":["https:\/\/www.linkedin.com\/company\/piris\/"]}]}},"_links":{"self":[{"href":"https:\/\/www.piris.com\/ca\/wp-json\/wp\/v2\/product\/22515"}],"collection":[{"href":"https:\/\/www.piris.com\/ca\/wp-json\/wp\/v2\/product"}],"about":[{"href":"https:\/\/www.piris.com\/ca\/wp-json\/wp\/v2\/types\/product"}],"replies":[{"embeddable":true,"href":"https:\/\/www.piris.com\/ca\/wp-json\/wp\/v2\/comments?post=22515"}],"wp:featuredmedia":[{"embeddable":true,"href":"https:\/\/www.piris.com\/ca\/wp-json\/wp\/v2\/media\/22477"}],"wp:attachment":[{"href":"https:\/\/www.piris.com\/ca\/wp-json\/wp\/v2\/media?parent=22515"}],"wp:term":[{"taxonomy":"product_cat","embeddable":true,"href":"https:\/\/www.piris.com\/ca\/wp-json\/wp\/v2\/product_cat?post=22515"},{"taxonomy":"product_tag","embeddable":true,"href":"https:\/\/www.piris.com\/ca\/wp-json\/wp\/v2\/product_tag?post=22515"}],"curies":[{"name":"wp","href":"https:\/\/api.w.org\/{rel}","templated":true}]}}