{"id":3650,"date":"2015-11-06T11:29:05","date_gmt":"2015-11-06T11:29:05","guid":{"rendered":"http:\/\/piris.com\/ca\/catalogo-de-productos\/sin-categorizar\/puerta-transparente\/"},"modified":"2016-05-03T14:19:39","modified_gmt":"2016-05-03T12:19:39","slug":"puerta-transparente","status":"publish","type":"product","link":"https:\/\/www.piris.com\/ca\/cataleg-de-productes\/armaris-murals-de-plastic\/puerta-transparente","title":{"rendered":"Porta transparent"},"content":{"rendered":"","protected":false},"excerpt":{"rendered":"<div id=\"descripcio_producte\">\n<p><strong>VERSI\u00d3 PORTA TRANSPARENT<\/strong><\/p>\n<p>Els panells s\u00f3n de material d&#8217;alta resist\u00e8ncia ABS HB IP65 amb una protecci\u00f3 posterior d&#8217;acer i inclouen els suports de muntatge en paret, pany i clau.<\/p>\n<p><strong><br \/>\nCARACTER\u00cdSTIQUES<br \/>\n<\/strong>&#8211; Dissenyats per satisfer les normatives de protecci\u00f3 (IP65) i resist\u00e8ncia a la combusti\u00f3 (IK08)<br \/>\n&#8211; Disponible en 8 tamanys<br \/>\n&#8211; Disponible en gris (RAL 7035) amb base i porta opaca o base opaca i porta de policarbonat transparent<br \/>\n&#8211; Planxa d&#8217;acer posterior<br \/>\n&#8211; Rang de gruix de paret de 3-3,5 mm<br \/>\n&#8211; Material ABS-HB (Retardant ign\u00edfug) segons normativa UL<br \/>\n&#8211; Funcionament en ambients extrems -20 \u00baC a +85 \u00baC<br \/>\n&#8211; Adequat per ambients salins aix\u00ed com ambients secs i polsosos<\/p>\n<p>&nbsp;<\/p>\n<p><strong>APLICACIONS<\/strong><br \/>\n&#8211; Automatitzacions<br \/>\n&#8211; Industria Marina<br \/>\n&#8211; Telecomunicacions<br \/>\n&#8211; Ind\u00fastria petroqu\u00edmica<br \/>\n&#8211; Ascensors i elevadors<br \/>\n&#8211; Calefacci\u00f3 i ventilaci\u00f3<br \/>\n&#8211; Cuadres el\u00e8ctrics<br \/>\n&#8211; Il\u00b7luminaci\u00f3<br \/>\n&#8211; Construcci\u00f3<br \/>\n&#8211; Maquin\u00e0ria Industrial<br \/>\n&#8211; Grues<\/p>\n<div class=\"link_pdf\"><a title=\"Ficha T\u00e9cnica\" href=\"http:\/\/piris.com\/wp-content\/uploads\/pdf\/652_producto1_DE_Eletrical_Door_Enclosures.pdf\" target=\"_blank\">Fitxa T\u00e8cnica<\/a><\/div>\n<p>&nbsp;<\/p>\n<p><strong>ACCESSORIS<\/strong><\/p>\n<p>Rails perforats d&#8217;acer galvanitzat de 35 mm. Longitud disponible a partir de 140 mm fins a 440 mm.<\/p>\n<div class=\"link_pdf\">\n<p><a href=\"http:\/\/piris.com\/wp-content\/uploads\/Ficha-T\u00e9cnica-RAILES.pdf\" rel=\"\">Fitxa T\u00e8cnica RAILS<\/a><\/p>\n<\/div>\n<\/div>\n","protected":false},"featured_media":6715,"comment_status":"closed","ping_status":"closed","template":"","meta":[],"product_cat":[244],"product_tag":[],"yoast_head":"<!-- This site is optimized with the Yoast SEO plugin v23.0 - https:\/\/yoast.com\/wordpress\/plugins\/seo\/ -->\n<title>Porta transparent | Piris<\/title>\n<meta name=\"robots\" content=\"index, follow, max-snippet:-1, max-image-preview:large, max-video-preview:-1\" \/>\n<link rel=\"canonical\" href=\"https:\/\/www.piris.com\/cataleg-de-productes\/armarios-murales-de-plastico\/puerta-transparente-2\" \/>\n<meta property=\"og:locale\" content=\"ca_ES\" \/>\n<meta property=\"og:type\" content=\"article\" \/>\n<meta property=\"og:title\" content=\"Porta transparent | Piris\" \/>\n<meta property=\"og:description\" content=\"VERSI\u00d3 PORTA TRANSPARENT  Els panells s\u00f3n de material d&#039;alta resist\u00e8ncia ABS HB IP65 amb una protecci\u00f3 posterior d&#039;acer i inclouen els suports de muntatge en paret, pany i clau.   CARACTER\u00cdSTIQUES - Dissenyats per satisfer les normatives de protecci\u00f3 (IP65) i resist\u00e8ncia a la combusti\u00f3 (IK08) - Disponible en 8 tamanys - Disponible en gris (RAL 7035) amb base i porta opaca o base opaca i porta de policarbonat transparent - Planxa d&#039;acer posterior - Rang de gruix de paret de 3-3,5 mm - Material ABS-HB (Retardant ign\u00edfug) segons normativa UL - Funcionament en ambients extrems -20 \u00baC a +85 \u00baC - Adequat per ambients salins aix\u00ed com ambients secs i polsosos  &nbsp;  APLICACIONS - Automatitzacions - Industria Marina - Telecomunicacions - Ind\u00fastria petroqu\u00edmica - Ascensors i elevadors - Calefacci\u00f3 i ventilaci\u00f3 - Cuadres el\u00e8ctrics - Il\u00b7luminaci\u00f3 - Construcci\u00f3 - Maquin\u00e0ria Industrial - Grues Fitxa T\u00e8cnica &nbsp;  ACCESSORIS  Rails perforats d&#039;acer galvanitzat de 35 mm. Longitud disponible a partir de 140 mm fins a 440 mm.   Fitxa T\u00e8cnica RAILS\" \/>\n<meta property=\"og:url\" content=\"https:\/\/www.piris.com\/cataleg-de-productes\/armarios-murales-de-plastico\/puerta-transparente-2\" \/>\n<meta property=\"og:site_name\" content=\"Piris\" \/>\n<meta property=\"article:modified_time\" content=\"2016-05-03T12:19:39+00:00\" \/>\n<meta property=\"og:image\" content=\"https:\/\/www.piris.com\/wp-content\/uploads\/Puerta-Transparente.jpg\" \/>\n\t<meta property=\"og:image:width\" content=\"195\" \/>\n\t<meta property=\"og:image:height\" content=\"159\" \/>\n\t<meta property=\"og:image:type\" content=\"image\/jpeg\" \/>\n<meta name=\"twitter:card\" content=\"summary_large_image\" \/>\n<script type=\"application\/ld+json\" class=\"yoast-schema-graph\">{\"@context\":\"https:\/\/schema.org\",\"@graph\":[{\"@type\":\"WebPage\",\"@id\":\"https:\/\/www.piris.com\/cataleg-de-productes\/armarios-murales-de-plastico\/puerta-transparente-2\",\"url\":\"https:\/\/www.piris.com\/cataleg-de-productes\/armarios-murales-de-plastico\/puerta-transparente-2\",\"name\":\"Porta transparent | Piris\",\"isPartOf\":{\"@id\":\"https:\/\/www.piris.com\/#website\"},\"primaryImageOfPage\":{\"@id\":\"https:\/\/www.piris.com\/cataleg-de-productes\/armarios-murales-de-plastico\/puerta-transparente-2#primaryimage\"},\"image\":{\"@id\":\"https:\/\/www.piris.com\/cataleg-de-productes\/armarios-murales-de-plastico\/puerta-transparente-2#primaryimage\"},\"thumbnailUrl\":\"https:\/\/www.piris.com\/wp-content\/uploads\/Puerta-Transparente.jpg\",\"datePublished\":\"2015-11-06T11:29:05+00:00\",\"dateModified\":\"2016-05-03T12:19:39+00:00\",\"breadcrumb\":{\"@id\":\"https:\/\/www.piris.com\/cataleg-de-productes\/armarios-murales-de-plastico\/puerta-transparente-2#breadcrumb\"},\"inLanguage\":\"ca\",\"potentialAction\":[{\"@type\":\"ReadAction\",\"target\":[\"https:\/\/www.piris.com\/cataleg-de-productes\/armarios-murales-de-plastico\/puerta-transparente-2\"]}]},{\"@type\":\"ImageObject\",\"inLanguage\":\"ca\",\"@id\":\"https:\/\/www.piris.com\/cataleg-de-productes\/armarios-murales-de-plastico\/puerta-transparente-2#primaryimage\",\"url\":\"https:\/\/www.piris.com\/wp-content\/uploads\/Puerta-Transparente.jpg\",\"contentUrl\":\"https:\/\/www.piris.com\/wp-content\/uploads\/Puerta-Transparente.jpg\",\"width\":195,\"height\":159},{\"@type\":\"BreadcrumbList\",\"@id\":\"https:\/\/www.piris.com\/cataleg-de-productes\/armarios-murales-de-plastico\/puerta-transparente-2#breadcrumb\",\"itemListElement\":[{\"@type\":\"ListItem\",\"position\":1,\"name\":\"Portada\",\"item\":\"https:\/\/www.piris.com\/ca\"},{\"@type\":\"ListItem\",\"position\":2,\"name\":\"Cat\u00e0leg de productes\",\"item\":\"https:\/\/www.piris.com\/ca\/cataleg-de-productes\"},{\"@type\":\"ListItem\",\"position\":3,\"name\":\"Porta transparent\"}]},{\"@type\":\"WebSite\",\"@id\":\"https:\/\/www.piris.com\/#website\",\"url\":\"https:\/\/www.piris.com\/\",\"name\":\"Piris\",\"description\":\"Components el\u00e8ctrics, mec\u00e0nics i electr\u00f2nics\",\"publisher\":{\"@id\":\"https:\/\/www.piris.com\/#organization\"},\"potentialAction\":[{\"@type\":\"SearchAction\",\"target\":{\"@type\":\"EntryPoint\",\"urlTemplate\":\"https:\/\/www.piris.com\/?s={search_term_string}\"},\"query-input\":\"required name=search_term_string\"}],\"inLanguage\":\"ca\"},{\"@type\":\"Organization\",\"@id\":\"https:\/\/www.piris.com\/#organization\",\"name\":\"PIRIS\",\"url\":\"https:\/\/www.piris.com\/\",\"logo\":{\"@type\":\"ImageObject\",\"inLanguage\":\"ca\",\"@id\":\"https:\/\/www.piris.com\/#\/schema\/logo\/image\/\",\"url\":\"https:\/\/www.piris.com\/wp-content\/uploads\/29-PIRIS.png\",\"contentUrl\":\"https:\/\/www.piris.com\/wp-content\/uploads\/29-PIRIS.png\",\"width\":1280,\"height\":720,\"caption\":\"PIRIS\"},\"image\":{\"@id\":\"https:\/\/www.piris.com\/#\/schema\/logo\/image\/\"},\"sameAs\":[\"https:\/\/www.linkedin.com\/company\/piris\/\"]}]}<\/script>\n<!-- \/ Yoast SEO plugin. -->","yoast_head_json":{"title":"Porta transparent | Piris","robots":{"index":"index","follow":"follow","max-snippet":"max-snippet:-1","max-image-preview":"max-image-preview:large","max-video-preview":"max-video-preview:-1"},"canonical":"https:\/\/www.piris.com\/cataleg-de-productes\/armarios-murales-de-plastico\/puerta-transparente-2","og_locale":"ca_ES","og_type":"article","og_title":"Porta transparent | Piris","og_description":"VERSI\u00d3 PORTA TRANSPARENT  Els panells s\u00f3n de material d'alta resist\u00e8ncia ABS HB IP65 amb una protecci\u00f3 posterior d'acer i inclouen els suports de muntatge en paret, pany i clau.   CARACTER\u00cdSTIQUES - Dissenyats per satisfer les normatives de protecci\u00f3 (IP65) i resist\u00e8ncia a la combusti\u00f3 (IK08) - Disponible en 8 tamanys - Disponible en gris (RAL 7035) amb base i porta opaca o base opaca i porta de policarbonat transparent - Planxa d'acer posterior - Rang de gruix de paret de 3-3,5 mm - Material ABS-HB (Retardant ign\u00edfug) segons normativa UL - Funcionament en ambients extrems -20 \u00baC a +85 \u00baC - Adequat per ambients salins aix\u00ed com ambients secs i polsosos  &nbsp;  APLICACIONS - Automatitzacions - Industria Marina - Telecomunicacions - Ind\u00fastria petroqu\u00edmica - Ascensors i elevadors - Calefacci\u00f3 i ventilaci\u00f3 - Cuadres el\u00e8ctrics - Il\u00b7luminaci\u00f3 - Construcci\u00f3 - Maquin\u00e0ria Industrial - Grues Fitxa T\u00e8cnica &nbsp;  ACCESSORIS  Rails perforats d'acer galvanitzat de 35 mm. Longitud disponible a partir de 140 mm fins a 440 mm.   Fitxa T\u00e8cnica RAILS","og_url":"https:\/\/www.piris.com\/cataleg-de-productes\/armarios-murales-de-plastico\/puerta-transparente-2","og_site_name":"Piris","article_modified_time":"2016-05-03T12:19:39+00:00","og_image":[{"width":195,"height":159,"url":"https:\/\/www.piris.com\/wp-content\/uploads\/Puerta-Transparente.jpg","type":"image\/jpeg"}],"twitter_card":"summary_large_image","schema":{"@context":"https:\/\/schema.org","@graph":[{"@type":"WebPage","@id":"https:\/\/www.piris.com\/cataleg-de-productes\/armarios-murales-de-plastico\/puerta-transparente-2","url":"https:\/\/www.piris.com\/cataleg-de-productes\/armarios-murales-de-plastico\/puerta-transparente-2","name":"Porta transparent | Piris","isPartOf":{"@id":"https:\/\/www.piris.com\/#website"},"primaryImageOfPage":{"@id":"https:\/\/www.piris.com\/cataleg-de-productes\/armarios-murales-de-plastico\/puerta-transparente-2#primaryimage"},"image":{"@id":"https:\/\/www.piris.com\/cataleg-de-productes\/armarios-murales-de-plastico\/puerta-transparente-2#primaryimage"},"thumbnailUrl":"https:\/\/www.piris.com\/wp-content\/uploads\/Puerta-Transparente.jpg","datePublished":"2015-11-06T11:29:05+00:00","dateModified":"2016-05-03T12:19:39+00:00","breadcrumb":{"@id":"https:\/\/www.piris.com\/cataleg-de-productes\/armarios-murales-de-plastico\/puerta-transparente-2#breadcrumb"},"inLanguage":"ca","potentialAction":[{"@type":"ReadAction","target":["https:\/\/www.piris.com\/cataleg-de-productes\/armarios-murales-de-plastico\/puerta-transparente-2"]}]},{"@type":"ImageObject","inLanguage":"ca","@id":"https:\/\/www.piris.com\/cataleg-de-productes\/armarios-murales-de-plastico\/puerta-transparente-2#primaryimage","url":"https:\/\/www.piris.com\/wp-content\/uploads\/Puerta-Transparente.jpg","contentUrl":"https:\/\/www.piris.com\/wp-content\/uploads\/Puerta-Transparente.jpg","width":195,"height":159},{"@type":"BreadcrumbList","@id":"https:\/\/www.piris.com\/cataleg-de-productes\/armarios-murales-de-plastico\/puerta-transparente-2#breadcrumb","itemListElement":[{"@type":"ListItem","position":1,"name":"Portada","item":"https:\/\/www.piris.com\/ca"},{"@type":"ListItem","position":2,"name":"Cat\u00e0leg de productes","item":"https:\/\/www.piris.com\/ca\/cataleg-de-productes"},{"@type":"ListItem","position":3,"name":"Porta transparent"}]},{"@type":"WebSite","@id":"https:\/\/www.piris.com\/#website","url":"https:\/\/www.piris.com\/","name":"Piris","description":"Components el\u00e8ctrics, mec\u00e0nics i electr\u00f2nics","publisher":{"@id":"https:\/\/www.piris.com\/#organization"},"potentialAction":[{"@type":"SearchAction","target":{"@type":"EntryPoint","urlTemplate":"https:\/\/www.piris.com\/?s={search_term_string}"},"query-input":"required name=search_term_string"}],"inLanguage":"ca"},{"@type":"Organization","@id":"https:\/\/www.piris.com\/#organization","name":"PIRIS","url":"https:\/\/www.piris.com\/","logo":{"@type":"ImageObject","inLanguage":"ca","@id":"https:\/\/www.piris.com\/#\/schema\/logo\/image\/","url":"https:\/\/www.piris.com\/wp-content\/uploads\/29-PIRIS.png","contentUrl":"https:\/\/www.piris.com\/wp-content\/uploads\/29-PIRIS.png","width":1280,"height":720,"caption":"PIRIS"},"image":{"@id":"https:\/\/www.piris.com\/#\/schema\/logo\/image\/"},"sameAs":["https:\/\/www.linkedin.com\/company\/piris\/"]}]}},"_links":{"self":[{"href":"https:\/\/www.piris.com\/ca\/wp-json\/wp\/v2\/product\/3650"}],"collection":[{"href":"https:\/\/www.piris.com\/ca\/wp-json\/wp\/v2\/product"}],"about":[{"href":"https:\/\/www.piris.com\/ca\/wp-json\/wp\/v2\/types\/product"}],"replies":[{"embeddable":true,"href":"https:\/\/www.piris.com\/ca\/wp-json\/wp\/v2\/comments?post=3650"}],"wp:featuredmedia":[{"embeddable":true,"href":"https:\/\/www.piris.com\/ca\/wp-json\/wp\/v2\/media\/6715"}],"wp:attachment":[{"href":"https:\/\/www.piris.com\/ca\/wp-json\/wp\/v2\/media?parent=3650"}],"wp:term":[{"taxonomy":"product_cat","embeddable":true,"href":"https:\/\/www.piris.com\/ca\/wp-json\/wp\/v2\/product_cat?post=3650"},{"taxonomy":"product_tag","embeddable":true,"href":"https:\/\/www.piris.com\/ca\/wp-json\/wp\/v2\/product_tag?post=3650"}],"curies":[{"name":"wp","href":"https:\/\/api.w.org\/{rel}","templated":true}]}}